{"id":5352,"date":"2024-04-11T19:40:41","date_gmt":"2024-04-11T18:40:41","guid":{"rendered":"https:\/\/www.rubicon3adventure.com\/segeltorn-packliste-arktis-eisland-und-norwegen-routen\/"},"modified":"2024-06-28T14:29:39","modified_gmt":"2024-06-28T13:29:39","slug":"segeltorn-packliste-arktis-eisland-und-norwegen-routen","status":"publish","type":"page","link":"https:\/\/www.rubicon3adventure.com\/de\/segeltorn-packliste-arktis-eisland-und-norwegen-routen\/","title":{"rendered":"Packliste f\u00fcr Segelt\u00f6rns: Arktis, Island und Norwegen-Routen"},"content":{"rendered":"<p><span data-preserver-spaces=\"true\">Wenn Sie mit Rubicon 3 segeln, ist es wichtig, dass Sie f\u00fcr Ihr Abenteuer gut ger\u00fcstet sind. Ganz gleich, ob Sie sich auf einen Intensivkurs wie einen <a href=\"https:\/\/www.rubicon3adventure.com\/de\/passage-masterclass-was-ist-es-wer-ist-es-fur\/\">Passage Making Masterclass<\/a>, eine gro\u00dfe <a href=\"https:\/\/www.rubicon3adventure.com\/product-category\/adventure-sailing-holidays\/offshore\/\">Offshore-Passage<\/a> oder <a href=\"https:\/\/www.rubicon3adventure.com\/product-category\/adventure-sailing-holidays\/coastal\/\">K\u00fcstensegeln<\/a> vorbereiten, die richtige Ausr\u00fcstung ist entscheidend f\u00fcr Ihre Sicherheit und Ihren Komfort.<\/span><\/p>\n<p><span data-preserver-spaces=\"true\">Unsere umfassende Packliste f\u00fcr Segelabenteuer in unserer <a href=\"https:\/\/www.rubicon3adventure.com\/product-category\/adventure-sailing-holidays\/norway-iceland-the-arctic\/\">Kategorie Norwegen, Island und die Arktis<\/a> ist so konzipiert, dass sie alle Ihre Bed\u00fcrfnisse von Deck aus abdeckt und sicherstellt, dass Sie f\u00fcr alle Bedingungen ger\u00fcstet sind, die auf Sie zukommen. Von unentbehrlicher Kleidung bis hin zu K\u00f6rperpflegeartikeln enth\u00e4lt diese Liste alles, was Sie f\u00fcr ein spektakul\u00e4res Abenteuer ben\u00f6tigen.  <\/span><\/p>\n<h4><strong><span data-preserver-spaces=\"true\">Das Wesentliche:<\/span><\/strong><\/h4>\n<ul>\n<li><strong><span data-preserver-spaces=\"true\">Tasche:<\/span><\/strong><span data-preserver-spaces=\"true\">  Etwa 90 Liter sind ideal. Er muss weich sein (kein Koffer), und wasserdicht ist von Vorteil, aber nicht unbedingt erforderlich. Eine Tasche, die vollst\u00e4ndig zusammengerollt werden kann, ist zwar ideal, aber es ist auch in Ordnung, wenn sie einen festen Boden und R\u00e4der hat. Etwas wie die <a href=\"https:\/\/www.sailingchandlery.com\/products\/gill-voyager-duffel-bag-90l-black?utm_campaign=PMAX-NoAssets&amp;utm_source=google&amp;utm_medium=PMAX&amp;gad_source=1&amp;gclid=Cj0KCQjwlN6wBhCcARIsAKZvD5halQsi76JasDxMEorpn8oHw_SJCfRfHP11OW_SU_JfLHeY7DuAxmMaAjOsEALw_wcB\">Gill Voyager Duffel Bag 90L<\/a> ist perfekt<\/span><\/li>\n<li><strong><span data-preserver-spaces=\"true\">Waschbeutel:<\/span><\/strong><span data-preserver-spaces=\"true\">  Idealerweise hat es einen Haken zum Aufh\u00e4ngen in Duschen. Eine gro\u00dfartige Option ist der <a href=\"https:\/\/www.osprey.com\/ultralight-zip-organizer-ulziporgs23-489#color=Waterfront%2520Blue\">Osprey Ultralight Organizer<\/a>. Legen Sie eine Zahnb\u00fcrste, Zahnpasta, Nagelknipser, Duschgel, Shampoo\/Conditioner, Talkumpuder und Deodorant bei.<\/span><\/li>\n<li><strong>Brillen\/Kontaktlinsen<\/strong><\/li>\n<li><strong><br \/>\n  <span data-preserver-spaces=\"true\">Handtuch:<\/span><br \/>\n<\/strong><span data-preserver-spaces=\"true\"> Ein normales Badetuch\/Duschtuch ist ausreichend<\/span><\/li>\n<li><strong><span data-preserver-spaces=\"true\">Schlafsack:<\/span><\/strong><span data-preserver-spaces=\"true\">  Ein Schlafsack f\u00fcr die Zwischensaison, egal welcher Art, ist in Ordnung. Die Boote sind innen warm, also geben Sie kein Geld aus<\/span><\/li>\n<li><strong><br \/>\n  <span data-preserver-spaces=\"true\">Kopfkissenbezug:<\/span><br \/>\n<\/strong><span data-preserver-spaces=\"true\"> Bringen Sie 2<\/span><\/li>\n<li><span data-preserver-spaces=\"true\"><strong>Einzelnes Bettlaken:<\/strong> Bringen Sie 2<\/span><\/li>\n<li><strong><br \/>\n  <span data-preserver-spaces=\"true\">M\u00fctzen:<\/span><br \/>\n<\/strong><span data-preserver-spaces=\"true\"> Wollm\u00fctze oder M\u00fctze im Polartec-Stil.<\/span><\/li>\n<li><strong><br \/>\n  <span data-preserver-spaces=\"true\">Sonnenschutz:<\/span><br \/>\n<\/strong><span data-preserver-spaces=\"true\"> Sonnencreme mit Faktor 50+ und Lippensalbe mit UV-Schutz.<\/span><\/li>\n<li><span data-preserver-spaces=\"true\"><strong>Sonnenbrille:<\/strong> Muss polarisiert und mit einem Nackenband versehen sein. <a href=\"https:\/\/www.rubicon3adventure.com\/the-best-polarized-sunglasses-for-sailing\/\">Siehe unseren Leitfaden hier<\/a>.<\/span><\/li>\n<li><strong><span data-preserver-spaces=\"true\">Kleidung:<\/span><\/strong>\n<ul>\n<li class=\"ql-indent-1\"><span data-preserver-spaces=\"true\">4 x Paar Unterw\u00e4sche<\/span><\/li>\n<li class=\"ql-indent-1\"><span data-preserver-spaces=\"true\">4 x Paar Socken (einige d\u00fcnn, einige dick)<\/span><\/li>\n<li class=\"ql-indent-1\"><span data-preserver-spaces=\"true\">6 x T-Shirts\/Basisschicht-Oberteile<\/span><\/li>\n<li class=\"ql-indent-1\"><span data-preserver-spaces=\"true\">1-2 x Paar Segelhosen<\/span><\/li>\n<li class=\"ql-indent-1\"><span data-preserver-spaces=\"true\">1 x Paar Shorts.<\/span><\/li>\n<li class=\"ql-indent-1\"><span data-preserver-spaces=\"true\">2 x Fleece-Oberteile\/Pullover (ein Leichtgewicht, ein Schwergewicht).<\/span><\/li>\n<li class=\"ql-indent-1\"><span data-preserver-spaces=\"true\">1 x Mid-Layer-Deckjacke.<\/span><\/li>\n<li class=\"ql-indent-1\"><span data-preserver-spaces=\"true\">1 x Freizeithemd und -hose f\u00fcr Tage an Land.<\/span><\/li>\n<\/ul>\n<\/li>\n<li><strong><span data-preserver-spaces=\"true\">Schuhwerk:<\/span><\/strong>\n<ul>\n<li class=\"ql-indent-1\"><span data-preserver-spaces=\"true\">1 x Paar <a href=\"https:\/\/www.rubicon3adventure.com\/best-boat-shoes\/\">wasserdichte Segelschuhe<\/a><\/span><\/li>\n<li class=\"ql-indent-1\"><span data-preserver-spaces=\"true\">1 x Paar <a href=\"https:\/\/www.rubicon3adventure.com\/best-boat-shoes\/\">Deckschuhe<\/a> oder Turnschuhe<\/span><\/li>\n<\/ul>\n<\/li>\n<li><strong><span data-preserver-spaces=\"true\">Handschuhe:<\/span><\/strong><span data-preserver-spaces=\"true\"> <a href=\"https:\/\/www.rubicon3adventure.com\/the-best-sailing-gloves\/\">Segelhandschuhe<\/a> zum Schutz, falls gew\u00fcnscht. Warme F\u00e4ustlinge f\u00fcr kalte Tage und N\u00e4chte sind unerl\u00e4sslich.<\/span><\/li>\n<li><strong><br \/>\n  <span data-preserver-spaces=\"true\">Schutz f\u00fcr den Hals:<\/span><br \/>\n<\/strong><span data-preserver-spaces=\"true\"> Snood\/Buff\/Scarf zur Isolierung und zum Schutz vor eindringendem Wasser.<\/span><\/li>\n<li><strong><span data-preserver-spaces=\"true\">Sonstiges:<\/span><\/strong>\n<ul>\n<li class=\"ql-indent-1\"><span data-preserver-spaces=\"true\">Medikamente gegen Seekrankheit<\/span><\/li>\n<li class=\"ql-indent-1\"><span data-preserver-spaces=\"true\">1 x <a href=\"https:\/\/www.rubicon3adventure.com\/best-headlamp-for-sailing-our-top-5-picks\/\">Kopftaschenlampe<\/a> mit roter Linse<\/span><\/li>\n<li class=\"ql-indent-1\"><span data-preserver-spaces=\"true\">Reisepass.<\/span><\/li>\n<li class=\"ql-indent-1\"><span data-preserver-spaces=\"true\">Details zur Versicherung<\/span><\/li>\n<li class=\"ql-indent-1\"><span data-preserver-spaces=\"true\">Alle pers\u00f6nlichen Medikamente<\/span><\/li>\n<\/ul>\n<\/li>\n<\/ul>\n<h4><strong><span data-preserver-spaces=\"true\">Zus\u00e4tzliche n\u00fctzliche Gegenst\u00e4nde, aber nicht unbedingt erforderlich:<\/span><\/strong><\/h4>\n<ul>\n<li><strong><br \/>\n  <span data-preserver-spaces=\"true\">Kniesch\u00fctzer:<\/span><br \/>\n<\/strong><span data-preserver-spaces=\"true\"> N\u00fctzlich f\u00fcr Arbeiten auf dem Vordeck bei rauem Wetter.<\/span><\/li>\n<li><strong><span data-preserver-spaces=\"true\">Sicherheitsausr\u00fcstung:<\/span><\/strong>\n<ul>\n<li class=\"ql-indent-1\"><span data-preserver-spaces=\"true\">1 x <a href=\"https:\/\/www.rubicon3adventure.com\/best-boat-knife\/\">Segelmesser<\/a>.<\/span><\/li>\n<li class=\"ql-indent-1\"><span data-preserver-spaces=\"true\">1 x Multi-Tool (Gerber oder Leatherman Wave empfohlen).<\/span><\/li>\n<\/ul>\n<\/li>\n<li><strong><br \/>\n  <span data-preserver-spaces=\"true\">Ohrst\u00f6psel:<\/span><br \/>\n<\/strong><span data-preserver-spaces=\"true\"> Zur L\u00e4rmreduzierung.<\/span><\/li>\n<li><strong><br \/>\n  <span data-preserver-spaces=\"true\">Notizen machen:<\/span><br \/>\n<\/strong><span data-preserver-spaces=\"true\"> 1 x Notizbuch und Stift, 1 x RYA Sailing Logbook &amp; Syllabus zum Aufzeichnen von Meilen und Qualifikationen.<\/span><\/li>\n<li><span data-preserver-spaces=\"true\"><strong>Ladeger\u00e4te f\u00fcr Telefon und Computer:<\/strong> Wir haben USB-Steckdosen und 3-polige britische Steckdosen<\/span><\/li>\n<li><strong><br \/>\n  <span data-preserver-spaces=\"true\">Wasserflasche:<\/span><br \/>\n<\/strong><span data-preserver-spaces=\"true\"> Fl\u00fcssigkeitszufuhr ist wichtig, und eine pers\u00f6nliche, nachf\u00fcllbare Wasserflasche ist eine gute Praxis.<\/span><\/li>\n<li><span data-preserver-spaces=\"true\"><strong>Plastik-Einkaufst\u00fcten:<\/strong> sehr n\u00fctzlich, um Ihre Kleidung aufzuteilen und sie trocken zu halten. Bringen Sie 5-6<\/span><\/li>\n<li><strong>Ein kleiner Tagesrucksack und Wanderschuhe:<\/strong> Es gibt wunderbare Wanderungen zu unternehmen!<\/li>\n<\/ul>\n","protected":false},"excerpt":{"rendered":"<p>Wenn Sie mit Rubicon 3 segeln, ist es wichtig, dass Sie f\u00fcr Ihr Abenteuer gut&hellip;<\/p>\n","protected":false},"author":5,"featured_media":3073,"parent":0,"menu_order":0,"comment_status":"closed","ping_status":"closed","template":"","meta":{"_acf_changed":false,"content-type":"","footnotes":""},"class_list":["post-5352","page","type-page","status-publish","has-post-thumbnail","hentry"],"acf":[],"yoast_head":"<!-- This site is optimized with the Yoast SEO Premium plugin v27.3 (Yoast SEO v27.4) - https:\/\/yoast.com\/product\/yoast-seo-premium-wordpress\/ -->\n<title>Packliste f\u00fcr Segelt\u00f6rns: Arktis, Island und Norwegen-Routen | Rubicon 3 Adventure<\/title>\n<meta name=\"description\" content=\"Lesen Sie unsere umfassende Liste, was Sie f\u00fcr ein Rubicon 3 Segelabenteuer in Norwegen, Island und den arktischen Regionen einpacken sollten\" \/>\n<meta name=\"robots\" content=\"index, follow, max-snippet:-1, max-image-preview:large, max-video-preview:-1\" \/>\n<link rel=\"canonical\" href=\"https:\/\/www.rubicon3adventure.com\/de\/segeltorn-packliste-arktis-eisland-und-norwegen-routen\/\" \/>\n<meta property=\"og:locale\" content=\"de_DE\" \/>\n<meta property=\"og:type\" content=\"article\" \/>\n<meta property=\"og:title\" content=\"Packliste f\u00fcr Segelt\u00f6rns: Arktis, Island und Norwegen-Routen | Rubicon 3 Adventure\" \/>\n<meta property=\"og:description\" content=\"Lesen Sie unsere umfassende Liste, was Sie f\u00fcr ein Rubicon 3 Segelabenteuer in Norwegen, Island und den arktischen Regionen einpacken sollten\" \/>\n<meta property=\"og:url\" content=\"https:\/\/www.rubicon3adventure.com\/de\/segeltorn-packliste-arktis-eisland-und-norwegen-routen\/\" \/>\n<meta property=\"og:site_name\" content=\"Rubicon 3 Adventure\" \/>\n<meta property=\"article:publisher\" content=\"https:\/\/www.facebook.com\/rubicon3sailing\" \/>\n<meta property=\"article:modified_time\" content=\"2024-06-28T13:29:39+00:00\" \/>\n<meta property=\"og:image\" content=\"https:\/\/www.rubicon3adventure.com\/wp-content\/uploads\/2024\/04\/gill-kit-bag-420.webp\" \/>\n\t<meta property=\"og:image:width\" content=\"420\" \/>\n\t<meta property=\"og:image:height\" content=\"220\" \/>\n\t<meta property=\"og:image:type\" content=\"image\/webp\" \/>\n<meta name=\"twitter:card\" content=\"summary_large_image\" \/>\n<meta name=\"twitter:site\" content=\"@rubicon3sailing\" \/>\n<meta name=\"twitter:label1\" content=\"Gesch\u00e4tzte Lesezeit\" \/>\n\t<meta name=\"twitter:data1\" content=\"2 Minuten\" \/>\n<script type=\"application\/ld+json\" class=\"yoast-schema-graph\">{\"@context\":\"https:\\\/\\\/schema.org\",\"@graph\":[{\"@type\":\"WebPage\",\"@id\":\"https:\\\/\\\/www.rubicon3adventure.com\\\/de\\\/segeltorn-packliste-arktis-eisland-und-norwegen-routen\\\/\",\"url\":\"https:\\\/\\\/www.rubicon3adventure.com\\\/de\\\/segeltorn-packliste-arktis-eisland-und-norwegen-routen\\\/\",\"name\":\"Packliste f\u00fcr Segelt\u00f6rns: Arktis, Island und Norwegen-Routen | Rubicon 3 Adventure\",\"isPartOf\":{\"@id\":\"https:\\\/\\\/www.rubicon3adventure.com\\\/de\\\/#website\"},\"primaryImageOfPage\":{\"@id\":\"https:\\\/\\\/www.rubicon3adventure.com\\\/de\\\/segeltorn-packliste-arktis-eisland-und-norwegen-routen\\\/#primaryimage\"},\"image\":{\"@id\":\"https:\\\/\\\/www.rubicon3adventure.com\\\/de\\\/segeltorn-packliste-arktis-eisland-und-norwegen-routen\\\/#primaryimage\"},\"thumbnailUrl\":\"https:\\\/\\\/www.rubicon3adventure.com\\\/wp-content\\\/uploads\\\/2024\\\/04\\\/gill-kit-bag-420.webp\",\"datePublished\":\"2024-04-11T18:40:41+00:00\",\"dateModified\":\"2024-06-28T13:29:39+00:00\",\"description\":\"Lesen Sie unsere umfassende Liste, was Sie f\u00fcr ein Rubicon 3 Segelabenteuer in Norwegen, Island und den arktischen Regionen einpacken sollten\",\"inLanguage\":\"de-DE\",\"potentialAction\":[{\"@type\":\"ReadAction\",\"target\":[\"https:\\\/\\\/www.rubicon3adventure.com\\\/de\\\/segeltorn-packliste-arktis-eisland-und-norwegen-routen\\\/\"]}]},{\"@type\":\"ImageObject\",\"inLanguage\":\"de-DE\",\"@id\":\"https:\\\/\\\/www.rubicon3adventure.com\\\/de\\\/segeltorn-packliste-arktis-eisland-und-norwegen-routen\\\/#primaryimage\",\"url\":\"https:\\\/\\\/www.rubicon3adventure.com\\\/wp-content\\\/uploads\\\/2024\\\/04\\\/gill-kit-bag-420.webp\",\"contentUrl\":\"https:\\\/\\\/www.rubicon3adventure.com\\\/wp-content\\\/uploads\\\/2024\\\/04\\\/gill-kit-bag-420.webp\",\"width\":420,\"height\":220,\"caption\":\"Gill Segelsack 90l\"},{\"@type\":\"WebSite\",\"@id\":\"https:\\\/\\\/www.rubicon3adventure.com\\\/de\\\/#website\",\"url\":\"https:\\\/\\\/www.rubicon3adventure.com\\\/de\\\/\",\"name\":\"Rubicon 3 Adventure\",\"description\":\"\",\"publisher\":{\"@id\":\"https:\\\/\\\/www.rubicon3adventure.com\\\/de\\\/#organization\"},\"potentialAction\":[{\"@type\":\"SearchAction\",\"target\":{\"@type\":\"EntryPoint\",\"urlTemplate\":\"https:\\\/\\\/www.rubicon3adventure.com\\\/de\\\/?s={search_term_string}\"},\"query-input\":{\"@type\":\"PropertyValueSpecification\",\"valueRequired\":true,\"valueName\":\"search_term_string\"}}],\"inLanguage\":\"de-DE\"},{\"@type\":\"Organization\",\"@id\":\"https:\\\/\\\/www.rubicon3adventure.com\\\/de\\\/#organization\",\"name\":\"Rubicon 3 Adventures\",\"alternateName\":\"Blueco Holdings Ltd\",\"url\":\"https:\\\/\\\/www.rubicon3adventure.com\\\/de\\\/\",\"logo\":{\"@type\":\"ImageObject\",\"inLanguage\":\"de-DE\",\"@id\":\"https:\\\/\\\/www.rubicon3adventure.com\\\/de\\\/#\\\/schema\\\/logo\\\/image\\\/\",\"url\":\"https:\\\/\\\/www.rubicon3adventure.com\\\/wp-content\\\/uploads\\\/2024\\\/03\\\/Rubicon_Schema-Image-scaled.jpg\",\"contentUrl\":\"https:\\\/\\\/www.rubicon3adventure.com\\\/wp-content\\\/uploads\\\/2024\\\/03\\\/Rubicon_Schema-Image-scaled.jpg\",\"width\":2560,\"height\":1554,\"caption\":\"Rubicon 3 Adventures\"},\"image\":{\"@id\":\"https:\\\/\\\/www.rubicon3adventure.com\\\/de\\\/#\\\/schema\\\/logo\\\/image\\\/\"},\"sameAs\":[\"https:\\\/\\\/www.facebook.com\\\/rubicon3sailing\",\"https:\\\/\\\/x.com\\\/rubicon3sailing\",\"https:\\\/\\\/www.instagram.com\\\/rubicon_3_sailing\\\/\",\"https:\\\/\\\/www.pinterest.co.uk\\\/rubicon3sailing\\\/\",\"https:\\\/\\\/www.youtube.com\\\/channel\\\/UCUVTAy1Qm4lz0uZI_83Um8A\",\"https:\\\/\\\/www.linkedin.com\\\/company\\\/rubicon-3\\\/\"]}]}<\/script>\n<!-- \/ Yoast SEO Premium plugin. -->","yoast_head_json":{"title":"Packliste f\u00fcr Segelt\u00f6rns: Arktis, Island und Norwegen-Routen | Rubicon 3 Adventure","description":"Lesen Sie unsere umfassende Liste, was Sie f\u00fcr ein Rubicon 3 Segelabenteuer in Norwegen, Island und den arktischen Regionen einpacken sollten","robots":{"index":"index","follow":"follow","max-snippet":"max-snippet:-1","max-image-preview":"max-image-preview:large","max-video-preview":"max-video-preview:-1"},"canonical":"https:\/\/www.rubicon3adventure.com\/de\/segeltorn-packliste-arktis-eisland-und-norwegen-routen\/","og_locale":"de_DE","og_type":"article","og_title":"Packliste f\u00fcr Segelt\u00f6rns: Arktis, Island und Norwegen-Routen | Rubicon 3 Adventure","og_description":"Lesen Sie unsere umfassende Liste, was Sie f\u00fcr ein Rubicon 3 Segelabenteuer in Norwegen, Island und den arktischen Regionen einpacken sollten","og_url":"https:\/\/www.rubicon3adventure.com\/de\/segeltorn-packliste-arktis-eisland-und-norwegen-routen\/","og_site_name":"Rubicon 3 Adventure","article_publisher":"https:\/\/www.facebook.com\/rubicon3sailing","article_modified_time":"2024-06-28T13:29:39+00:00","og_image":[{"width":420,"height":220,"url":"https:\/\/www.rubicon3adventure.com\/wp-content\/uploads\/2024\/04\/gill-kit-bag-420.webp","type":"image\/webp"}],"twitter_card":"summary_large_image","twitter_site":"@rubicon3sailing","twitter_misc":{"Gesch\u00e4tzte Lesezeit":"2 Minuten"},"schema":{"@context":"https:\/\/schema.org","@graph":[{"@type":"WebPage","@id":"https:\/\/www.rubicon3adventure.com\/de\/segeltorn-packliste-arktis-eisland-und-norwegen-routen\/","url":"https:\/\/www.rubicon3adventure.com\/de\/segeltorn-packliste-arktis-eisland-und-norwegen-routen\/","name":"Packliste f\u00fcr Segelt\u00f6rns: Arktis, Island und Norwegen-Routen | Rubicon 3 Adventure","isPartOf":{"@id":"https:\/\/www.rubicon3adventure.com\/de\/#website"},"primaryImageOfPage":{"@id":"https:\/\/www.rubicon3adventure.com\/de\/segeltorn-packliste-arktis-eisland-und-norwegen-routen\/#primaryimage"},"image":{"@id":"https:\/\/www.rubicon3adventure.com\/de\/segeltorn-packliste-arktis-eisland-und-norwegen-routen\/#primaryimage"},"thumbnailUrl":"https:\/\/www.rubicon3adventure.com\/wp-content\/uploads\/2024\/04\/gill-kit-bag-420.webp","datePublished":"2024-04-11T18:40:41+00:00","dateModified":"2024-06-28T13:29:39+00:00","description":"Lesen Sie unsere umfassende Liste, was Sie f\u00fcr ein Rubicon 3 Segelabenteuer in Norwegen, Island und den arktischen Regionen einpacken sollten","inLanguage":"de-DE","potentialAction":[{"@type":"ReadAction","target":["https:\/\/www.rubicon3adventure.com\/de\/segeltorn-packliste-arktis-eisland-und-norwegen-routen\/"]}]},{"@type":"ImageObject","inLanguage":"de-DE","@id":"https:\/\/www.rubicon3adventure.com\/de\/segeltorn-packliste-arktis-eisland-und-norwegen-routen\/#primaryimage","url":"https:\/\/www.rubicon3adventure.com\/wp-content\/uploads\/2024\/04\/gill-kit-bag-420.webp","contentUrl":"https:\/\/www.rubicon3adventure.com\/wp-content\/uploads\/2024\/04\/gill-kit-bag-420.webp","width":420,"height":220,"caption":"Gill Segelsack 90l"},{"@type":"WebSite","@id":"https:\/\/www.rubicon3adventure.com\/de\/#website","url":"https:\/\/www.rubicon3adventure.com\/de\/","name":"Rubicon 3 Adventure","description":"","publisher":{"@id":"https:\/\/www.rubicon3adventure.com\/de\/#organization"},"potentialAction":[{"@type":"SearchAction","target":{"@type":"EntryPoint","urlTemplate":"https:\/\/www.rubicon3adventure.com\/de\/?s={search_term_string}"},"query-input":{"@type":"PropertyValueSpecification","valueRequired":true,"valueName":"search_term_string"}}],"inLanguage":"de-DE"},{"@type":"Organization","@id":"https:\/\/www.rubicon3adventure.com\/de\/#organization","name":"Rubicon 3 Adventures","alternateName":"Blueco Holdings Ltd","url":"https:\/\/www.rubicon3adventure.com\/de\/","logo":{"@type":"ImageObject","inLanguage":"de-DE","@id":"https:\/\/www.rubicon3adventure.com\/de\/#\/schema\/logo\/image\/","url":"https:\/\/www.rubicon3adventure.com\/wp-content\/uploads\/2024\/03\/Rubicon_Schema-Image-scaled.jpg","contentUrl":"https:\/\/www.rubicon3adventure.com\/wp-content\/uploads\/2024\/03\/Rubicon_Schema-Image-scaled.jpg","width":2560,"height":1554,"caption":"Rubicon 3 Adventures"},"image":{"@id":"https:\/\/www.rubicon3adventure.com\/de\/#\/schema\/logo\/image\/"},"sameAs":["https:\/\/www.facebook.com\/rubicon3sailing","https:\/\/x.com\/rubicon3sailing","https:\/\/www.instagram.com\/rubicon_3_sailing\/","https:\/\/www.pinterest.co.uk\/rubicon3sailing\/","https:\/\/www.youtube.com\/channel\/UCUVTAy1Qm4lz0uZI_83Um8A","https:\/\/www.linkedin.com\/company\/rubicon-3\/"]}]}},"_links":{"self":[{"href":"https:\/\/www.rubicon3adventure.com\/de\/wp-json\/wp\/v2\/pages\/5352","targetHints":{"allow":["GET"]}}],"collection":[{"href":"https:\/\/www.rubicon3adventure.com\/de\/wp-json\/wp\/v2\/pages"}],"about":[{"href":"https:\/\/www.rubicon3adventure.com\/de\/wp-json\/wp\/v2\/types\/page"}],"author":[{"embeddable":true,"href":"https:\/\/www.rubicon3adventure.com\/de\/wp-json\/wp\/v2\/users\/5"}],"replies":[{"embeddable":true,"href":"https:\/\/www.rubicon3adventure.com\/de\/wp-json\/wp\/v2\/comments?post=5352"}],"version-history":[{"count":0,"href":"https:\/\/www.rubicon3adventure.com\/de\/wp-json\/wp\/v2\/pages\/5352\/revisions"}],"wp:featuredmedia":[{"embeddable":true,"href":"https:\/\/www.rubicon3adventure.com\/de\/wp-json\/wp\/v2\/media\/3073"}],"wp:attachment":[{"href":"https:\/\/www.rubicon3adventure.com\/de\/wp-json\/wp\/v2\/media?parent=5352"}],"curies":[{"name":"wp","href":"https:\/\/api.w.org\/{rel}","templated":true}]}}