{"id":5423,"date":"2023-07-24T09:53:26","date_gmt":"2023-07-24T08:53:26","guid":{"rendered":"https:\/\/www.rubicon3adventure.com\/bedingungen-bedingungen\/"},"modified":"2024-06-29T00:05:28","modified_gmt":"2024-06-28T23:05:28","slug":"bedingungen-bedingungen","status":"publish","type":"page","link":"https:\/\/www.rubicon3adventure.com\/de\/bedingungen-bedingungen\/","title":{"rendered":"Bedingungen &amp; Konditionen"},"content":{"rendered":"<p><strong>Rubicon 3 Website Nutzungsvereinbarung<\/strong><\/p>\n<p>Blueco Holdings Ltd, eingetragen in England unter der Nummer 12706630<\/p>\n<p>mit Sitz in 20-22 Wenlock Road, London, N1 7GU, Vereinigtes K\u00f6nigreich, ist Eigent\u00fcmer und Betreiber dieser Website. F\u00fcr die Zwecke dieser Allgemeinen Gesch\u00e4ftsbedingungen bezieht sich &#8220;Wir&#8221;, &#8220;Unser&#8221; und &#8220;Uns&#8221; auf Blueco Holdings Ltd, handelnd als Rubicon 3.<\/p>\n<p>Es ist wichtig, dass Sie diese Bedingungen und Konditionen lesen und verstehen, bevor Sie diese Website nutzen. Mit der Nutzung dieser Website erkl\u00e4ren Sie Ihr Einverst\u00e4ndnis mit diesen Bedingungen und Konditionen.<\/p>\n<p><strong>Datenschutz<\/strong><br \/>\nAlle pers\u00f6nlichen Daten, die Sie uns bei der Nutzung dieser Website zur Verf\u00fcgung stellen, werden ausschlie\u00dflich in \u00dcbereinstimmung mit unserer Datenschutzrichtlinie verwendet.<\/p>\n<p><strong>Eigentumsrechte<\/strong><br \/>\nAlle Urheberrechte, Warenzeichen, Informations- und Datenbankrechte sowie alle anderen geistigen Eigentumsrechte an den Seiten oder Metadaten oder dem zugrunde liegenden Code auf dieser Website (einschlie\u00dflich des Designs, der Organisation und des Layouts der Website) sowie des zugrunde liegenden Codes sind unser direktes Eigentum oder das unserer zugelassenen Partner. Solange Sie keine schriftliche Erlaubnis von uns haben, d\u00fcrfen Sie das Material auf dieser Website oder den zugrunde liegenden Softwarecode weder ganz noch teilweise zu kommerziellen oder nichtkommerziellen Zwecken kopieren, ver\u00e4ndern, ab\u00e4ndern oder anderweitig modifizieren, ver\u00f6ffentlichen, ausstrahlen, vertreiben, verkaufen oder \u00fcbertragen.<\/p>\n<p><strong>Akzeptable Nutzung<\/strong><br \/>\nSie d\u00fcrfen diese Website nur in \u00dcbereinstimmung mit diesen Allgemeinen Gesch\u00e4ftsbedingungen und f\u00fcr rechtm\u00e4\u00dfige und ordnungsgem\u00e4\u00dfe Zwecke nutzen. Es liegt in Ihrer Verantwortung, daf\u00fcr zu sorgen, dass die Nutzung oder das Betrachten dieser Website in \u00dcbereinstimmung mit allen geltenden Gesetzen, Vorschriften und Verhaltensregeln der Gerichtsbarkeit erfolgt, von der aus Sie auf diese Website zugreifen.<\/p>\n<p>Sie stimmen zu, dass Sie dies nicht tun werden:<\/p>\n<ul>\n<li>in irgendeiner Weise zu interagieren, d.h. Informationen auf oder \u00fcber diese Website zu posten, zu verbreiten oder zu \u00fcbermitteln, die als obsz\u00f6n, verleumderisch oder anderweitig illegal im Vereinigten K\u00f6nigreich oder in der Gerichtsbarkeit, in der Sie diese Website nutzen, verstanden werden k\u00f6nnten.<\/li>\n<li>eine andere unbefugte, falsche oder betr\u00fcgerische Buchung vorzunehmen.<\/li>\n<li>Versuchen, diese Website in irgendeiner Weise zu st\u00f6ren oder zu ver\u00e4ndern, sei es in Bezug auf ihr Aussehen, ihre Leistung, ihre Plugins, ihre Cookies oder den zugrunde liegenden Code.<\/li>\n<li>den Versuch, sich unbefugten Zugang zu einem unserer Netzwerke oder Partner zu verschaffen.<\/li>\n<\/ul>\n<ul>\n<li>diese Website in einer Weise zu nutzen, die eine Verletzung der Rechte einer anderen Person, Gruppe oder Organisation verursacht oder verursachen k\u00f6nnte.<\/li>\n<li>Handlungen vorzunehmen, die eine unangemessene oder unverh\u00e4ltnism\u00e4\u00dfig gro\u00dfe Belastung dieser Website, ihres Servers oder einer damit verbundenen Infrastruktur darstellen.<\/li>\n<\/ul>\n<p>Wenn wir der Meinung sind, dass Sie gegen diese Allgemeinen Gesch\u00e4ftsbedingungen versto\u00dfen, behalten wir uns das Recht vor, Ihre Buchungen ohne vorherige Benachrichtigung zu stornieren oder Ihnen den weiteren Zugang zu dieser Website zu verweigern. Dies geschieht ohne Beeintr\u00e4chtigung unserer anderen Rechte.<\/p>\n<p><strong>\u00c4nderungen an dieser Website<\/strong><br \/>\nWir k\u00f6nnen diese Allgemeinen Gesch\u00e4ftsbedingungen nach eigenem Ermessen \u00e4ndern oder modifizieren. Solche \u00c4nderungen treten in Kraft, sobald sie auf dieser Website ver\u00f6ffentlicht werden. Indem Sie diese Website weiterhin nutzen, erkl\u00e4ren Sie sich mit den ge\u00e4nderten oder erg\u00e4nzten Bedingungen einverstanden.<\/p>\n<p><strong>Links zu anderen Websites<\/strong><br \/>\nDiese Website kann Links zu anderen Websites oder Diensten enthalten. Wir \u00fcbernehmen keine Verantwortung f\u00fcr den Inhalt solcher Websites und sind nicht verantwortlich f\u00fcr Informationen, Anwendungen, Malware oder andere derartige Inhalte, die auf diesen Websites enthalten oder \u00fcber diese zug\u00e4nglich sind. Wenn Sie auf Websites Dritter zugreifen, tun Sie dies auf eigenes Risiko.<\/p>\n<p><strong>Einschr\u00e4nkung der Haftung<\/strong><br \/>\nWir haften unter keinen Umst\u00e4nden f\u00fcr direkte oder indirekte Verluste oder Sch\u00e4den jeglicher Art, die sich aus dem Zugang zu oder der Nutzung dieser Website oder der darin enthaltenen Informationen oder Materialien ergeben.<\/p>\n<p><strong>Ausschluss der Garantie<\/strong><br \/>\nSoweit gesetzlich zul\u00e4ssig, lehnen wir alle stillschweigenden Garantien in Bezug auf die auf dieser Website enthaltenen Informationen, Dienstleistungen und Materialien ab. Alle diese Informationen, Dienste und Materialien werden &#8220;wie besehen&#8221; und &#8220;wie verf\u00fcgbar&#8221; ohne jegliche Garantie bereitgestellt.<\/p>\n<p>Rubicon 3 \u00fcbernimmt keine Garantie, weder implizit noch explizit, dass irgendein Teil des Dienstes ununterbrochen, fehlerfrei, virenfrei, zeitgerecht, sicher, genau, zuverl\u00e4ssig oder von besonderer Qualit\u00e4t ist, noch dass der Inhalt in irgendeiner Weise sicher zum Herunterladen ist. Sie sind sich dar\u00fcber im Klaren und erkl\u00e4ren sich damit einverstanden, dass weder Rubicon 3 noch andere Teilnehmer der Website und ihrer Dienste professionelle Beratung jeglicher Art leisten und dass die Nutzung solcher Ratschl\u00e4ge oder anderer Informationen ausschlie\u00dflich auf Ihr eigenes Risiko und ohne jegliche Haftung unsererseits erfolgt.<\/p>\n<p><strong>Entsch\u00e4digung<\/strong><br \/>\nSie erkl\u00e4ren sich damit einverstanden, uns von jeglicher Haftung, Verlusten, Anspr\u00fcchen und Kosten (einschlie\u00dflich angemessener Anwaltskosten) im Zusammenhang mit Ihrem Versto\u00df gegen diese Allgemeinen Gesch\u00e4ftsbedingungen freizustellen und zu verteidigen.<\/p>\n<p><strong>Sonstiges<\/strong><br \/>\nDiese Allgemeinen Gesch\u00e4ftsbedingungen enthalten alle Bedingungen Ihrer Vereinbarung mit uns in Bezug auf Ihre Nutzung dieser Website. Andere schriftliche oder m\u00fcndliche Erkl\u00e4rungen (einschlie\u00dflich Erkl\u00e4rungen in von uns ver\u00f6ffentlichten Brosch\u00fcren oder Werbematerialien) werden nicht ber\u00fccksichtigt. Ihre Nutzung dieser Website, jegliches von ihr heruntergeladene Material und die Anwendung dieser Allgemeinen Gesch\u00e4ftsbedingungen unterliegen den Gesetzen Englands und Sie erkl\u00e4ren sich damit einverstanden, sich der nicht ausschlie\u00dflichen Gerichtsbarkeit der englischen Gerichte zu unterwerfen.<\/p>\n","protected":false},"excerpt":{"rendered":"<p>Rubicon 3 Website Nutzungsvereinbarung Blueco Holdings Ltd, eingetragen in England unter der Nummer 12706630 mit&hellip;<\/p>\n","protected":false},"author":2,"featured_media":0,"parent":0,"menu_order":0,"comment_status":"closed","ping_status":"closed","template":"","meta":{"_acf_changed":false,"content-type":"","footnotes":""},"class_list":["post-5423","page","type-page","status-publish","hentry"],"acf":[],"yoast_head":"<!-- This site is optimized with the Yoast SEO Premium plugin v27.3 (Yoast SEO v27.3) - https:\/\/yoast.com\/product\/yoast-seo-premium-wordpress\/ -->\n<title>Bedingungen &amp; Konditionen | Rubicon 3 Adventure<\/title>\n<meta name=\"robots\" content=\"index, follow, max-snippet:-1, max-image-preview:large, max-video-preview:-1\" \/>\n<link rel=\"canonical\" href=\"https:\/\/www.rubicon3adventure.com\/de\/bedingungen-bedingungen\/\" \/>\n<meta property=\"og:locale\" content=\"de_DE\" \/>\n<meta property=\"og:type\" content=\"article\" \/>\n<meta property=\"og:title\" content=\"Bedingungen &amp; Konditionen | Rubicon 3 Adventure\" \/>\n<meta property=\"og:description\" content=\"Rubicon 3 Website Nutzungsvereinbarung Blueco Holdings Ltd, eingetragen in England unter der Nummer 12706630 mit&hellip;\" \/>\n<meta property=\"og:url\" content=\"https:\/\/www.rubicon3adventure.com\/de\/bedingungen-bedingungen\/\" \/>\n<meta property=\"og:site_name\" content=\"Rubicon 3 Adventure\" \/>\n<meta property=\"article:publisher\" content=\"https:\/\/www.facebook.com\/rubicon3sailing\" \/>\n<meta property=\"article:modified_time\" content=\"2024-06-28T23:05:28+00:00\" \/>\n<meta property=\"og:image\" content=\"https:\/\/www.rubicon3adventure.com\/wp-content\/uploads\/2024\/03\/Rubicon_Schema-Image-scaled.jpg\" \/>\n\t<meta property=\"og:image:width\" content=\"2560\" \/>\n\t<meta property=\"og:image:height\" content=\"1554\" \/>\n\t<meta property=\"og:image:type\" content=\"image\/jpeg\" \/>\n<meta name=\"twitter:card\" content=\"summary_large_image\" \/>\n<meta name=\"twitter:site\" content=\"@rubicon3sailing\" \/>\n<meta name=\"twitter:label1\" content=\"Gesch\u00e4tzte Lesezeit\" \/>\n\t<meta name=\"twitter:data1\" content=\"4 Minuten\" \/>\n<script type=\"application\/ld+json\" class=\"yoast-schema-graph\">{\"@context\":\"https:\\\/\\\/schema.org\",\"@graph\":[{\"@type\":\"WebPage\",\"@id\":\"https:\\\/\\\/www.rubicon3adventure.com\\\/de\\\/bedingungen-bedingungen\\\/\",\"url\":\"https:\\\/\\\/www.rubicon3adventure.com\\\/de\\\/bedingungen-bedingungen\\\/\",\"name\":\"Bedingungen &amp; Konditionen | Rubicon 3 Adventure\",\"isPartOf\":{\"@id\":\"https:\\\/\\\/www.rubicon3adventure.com\\\/de\\\/#website\"},\"datePublished\":\"2023-07-24T08:53:26+00:00\",\"dateModified\":\"2024-06-28T23:05:28+00:00\",\"inLanguage\":\"de-DE\",\"potentialAction\":[{\"@type\":\"ReadAction\",\"target\":[\"https:\\\/\\\/www.rubicon3adventure.com\\\/de\\\/bedingungen-bedingungen\\\/\"]}]},{\"@type\":\"WebSite\",\"@id\":\"https:\\\/\\\/www.rubicon3adventure.com\\\/de\\\/#website\",\"url\":\"https:\\\/\\\/www.rubicon3adventure.com\\\/de\\\/\",\"name\":\"Rubicon 3 Adventure\",\"description\":\"\",\"publisher\":{\"@id\":\"https:\\\/\\\/www.rubicon3adventure.com\\\/de\\\/#organization\"},\"potentialAction\":[{\"@type\":\"SearchAction\",\"target\":{\"@type\":\"EntryPoint\",\"urlTemplate\":\"https:\\\/\\\/www.rubicon3adventure.com\\\/de\\\/?s={search_term_string}\"},\"query-input\":{\"@type\":\"PropertyValueSpecification\",\"valueRequired\":true,\"valueName\":\"search_term_string\"}}],\"inLanguage\":\"de-DE\"},{\"@type\":\"Organization\",\"@id\":\"https:\\\/\\\/www.rubicon3adventure.com\\\/de\\\/#organization\",\"name\":\"Rubicon 3 Adventures\",\"alternateName\":\"Blueco Holdings Ltd\",\"url\":\"https:\\\/\\\/www.rubicon3adventure.com\\\/de\\\/\",\"logo\":{\"@type\":\"ImageObject\",\"inLanguage\":\"de-DE\",\"@id\":\"https:\\\/\\\/www.rubicon3adventure.com\\\/de\\\/#\\\/schema\\\/logo\\\/image\\\/\",\"url\":\"https:\\\/\\\/www.rubicon3adventure.com\\\/wp-content\\\/uploads\\\/2024\\\/03\\\/Rubicon_Schema-Image-scaled.jpg\",\"contentUrl\":\"https:\\\/\\\/www.rubicon3adventure.com\\\/wp-content\\\/uploads\\\/2024\\\/03\\\/Rubicon_Schema-Image-scaled.jpg\",\"width\":2560,\"height\":1554,\"caption\":\"Rubicon 3 Adventures\"},\"image\":{\"@id\":\"https:\\\/\\\/www.rubicon3adventure.com\\\/de\\\/#\\\/schema\\\/logo\\\/image\\\/\"},\"sameAs\":[\"https:\\\/\\\/www.facebook.com\\\/rubicon3sailing\",\"https:\\\/\\\/x.com\\\/rubicon3sailing\",\"https:\\\/\\\/www.instagram.com\\\/rubicon_3_sailing\\\/\",\"https:\\\/\\\/www.pinterest.co.uk\\\/rubicon3sailing\\\/\",\"https:\\\/\\\/www.youtube.com\\\/channel\\\/UCUVTAy1Qm4lz0uZI_83Um8A\",\"https:\\\/\\\/www.linkedin.com\\\/company\\\/rubicon-3\\\/\"]}]}<\/script>\n<!-- \/ Yoast SEO Premium plugin. -->","yoast_head_json":{"title":"Bedingungen &amp; Konditionen | Rubicon 3 Adventure","robots":{"index":"index","follow":"follow","max-snippet":"max-snippet:-1","max-image-preview":"max-image-preview:large","max-video-preview":"max-video-preview:-1"},"canonical":"https:\/\/www.rubicon3adventure.com\/de\/bedingungen-bedingungen\/","og_locale":"de_DE","og_type":"article","og_title":"Bedingungen &amp; Konditionen | Rubicon 3 Adventure","og_description":"Rubicon 3 Website Nutzungsvereinbarung Blueco Holdings Ltd, eingetragen in England unter der Nummer 12706630 mit&hellip;","og_url":"https:\/\/www.rubicon3adventure.com\/de\/bedingungen-bedingungen\/","og_site_name":"Rubicon 3 Adventure","article_publisher":"https:\/\/www.facebook.com\/rubicon3sailing","article_modified_time":"2024-06-28T23:05:28+00:00","og_image":[{"width":2560,"height":1554,"url":"https:\/\/www.rubicon3adventure.com\/wp-content\/uploads\/2024\/03\/Rubicon_Schema-Image-scaled.jpg","type":"image\/jpeg"}],"twitter_card":"summary_large_image","twitter_site":"@rubicon3sailing","twitter_misc":{"Gesch\u00e4tzte Lesezeit":"4 Minuten"},"schema":{"@context":"https:\/\/schema.org","@graph":[{"@type":"WebPage","@id":"https:\/\/www.rubicon3adventure.com\/de\/bedingungen-bedingungen\/","url":"https:\/\/www.rubicon3adventure.com\/de\/bedingungen-bedingungen\/","name":"Bedingungen &amp; Konditionen | Rubicon 3 Adventure","isPartOf":{"@id":"https:\/\/www.rubicon3adventure.com\/de\/#website"},"datePublished":"2023-07-24T08:53:26+00:00","dateModified":"2024-06-28T23:05:28+00:00","inLanguage":"de-DE","potentialAction":[{"@type":"ReadAction","target":["https:\/\/www.rubicon3adventure.com\/de\/bedingungen-bedingungen\/"]}]},{"@type":"WebSite","@id":"https:\/\/www.rubicon3adventure.com\/de\/#website","url":"https:\/\/www.rubicon3adventure.com\/de\/","name":"Rubicon 3 Adventure","description":"","publisher":{"@id":"https:\/\/www.rubicon3adventure.com\/de\/#organization"},"potentialAction":[{"@type":"SearchAction","target":{"@type":"EntryPoint","urlTemplate":"https:\/\/www.rubicon3adventure.com\/de\/?s={search_term_string}"},"query-input":{"@type":"PropertyValueSpecification","valueRequired":true,"valueName":"search_term_string"}}],"inLanguage":"de-DE"},{"@type":"Organization","@id":"https:\/\/www.rubicon3adventure.com\/de\/#organization","name":"Rubicon 3 Adventures","alternateName":"Blueco Holdings Ltd","url":"https:\/\/www.rubicon3adventure.com\/de\/","logo":{"@type":"ImageObject","inLanguage":"de-DE","@id":"https:\/\/www.rubicon3adventure.com\/de\/#\/schema\/logo\/image\/","url":"https:\/\/www.rubicon3adventure.com\/wp-content\/uploads\/2024\/03\/Rubicon_Schema-Image-scaled.jpg","contentUrl":"https:\/\/www.rubicon3adventure.com\/wp-content\/uploads\/2024\/03\/Rubicon_Schema-Image-scaled.jpg","width":2560,"height":1554,"caption":"Rubicon 3 Adventures"},"image":{"@id":"https:\/\/www.rubicon3adventure.com\/de\/#\/schema\/logo\/image\/"},"sameAs":["https:\/\/www.facebook.com\/rubicon3sailing","https:\/\/x.com\/rubicon3sailing","https:\/\/www.instagram.com\/rubicon_3_sailing\/","https:\/\/www.pinterest.co.uk\/rubicon3sailing\/","https:\/\/www.youtube.com\/channel\/UCUVTAy1Qm4lz0uZI_83Um8A","https:\/\/www.linkedin.com\/company\/rubicon-3\/"]}]}},"_links":{"self":[{"href":"https:\/\/www.rubicon3adventure.com\/de\/wp-json\/wp\/v2\/pages\/5423","targetHints":{"allow":["GET"]}}],"collection":[{"href":"https:\/\/www.rubicon3adventure.com\/de\/wp-json\/wp\/v2\/pages"}],"about":[{"href":"https:\/\/www.rubicon3adventure.com\/de\/wp-json\/wp\/v2\/types\/page"}],"author":[{"embeddable":true,"href":"https:\/\/www.rubicon3adventure.com\/de\/wp-json\/wp\/v2\/users\/2"}],"replies":[{"embeddable":true,"href":"https:\/\/www.rubicon3adventure.com\/de\/wp-json\/wp\/v2\/comments?post=5423"}],"version-history":[{"count":0,"href":"https:\/\/www.rubicon3adventure.com\/de\/wp-json\/wp\/v2\/pages\/5423\/revisions"}],"wp:attachment":[{"href":"https:\/\/www.rubicon3adventure.com\/de\/wp-json\/wp\/v2\/media?parent=5423"}],"curies":[{"name":"wp","href":"https:\/\/api.w.org\/{rel}","templated":true}]}}