{"id":5430,"date":"2024-03-06T08:27:45","date_gmt":"2024-03-06T08:27:45","guid":{"rendered":"https:\/\/www.rubicon3adventure.com\/fitness-guide-fur-rubicon-3-crew\/"},"modified":"2024-06-28T12:47:17","modified_gmt":"2024-06-28T11:47:17","slug":"fitness-guide-fur-rubicon-3-crew","status":"publish","type":"page","link":"https:\/\/www.rubicon3adventure.com\/de\/fitness-guide-fur-rubicon-3-crew\/","title":{"rendered":"Fitness-Leitfaden f\u00fcr die Rubicon 3 Crew"},"content":{"rendered":"<div class=\"flex-1 overflow-hidden\">\n<div class=\"react-scroll-to-bottom--css-kmrap-79elbk h-full\">\n<div class=\"react-scroll-to-bottom--css-kmrap-1n7m0yu\">\n<div class=\"flex flex-col text-sm pb-9\">\n<div class=\"w-full text-token-text-primary\" data-testid=\"conversation-turn-11\">\n<div class=\"px-4 py-2 justify-center text-base md:gap-6 m-auto\">\n<div class=\"flex flex-1 text-base mx-auto gap-3 md:px-5 lg:px-1 xl:px-5 md:max-w-3xl lg:max-w-[40rem] xl:max-w-[48rem] group final-completion\">\n<div class=\"relative flex w-full flex-col agent-turn\">\n<div class=\"flex-col gap-1 md:gap-3\">\n<div class=\"flex flex-grow flex-col max-w-full\">\n<div class=\"min-h-[20px] text-message flex flex-col items-start gap-3 whitespace-pre-wrap break-words [.text-message+&amp;]:mt-5 overflow-x-auto\" data-message-author-role=\"assistant\" data-message-id=\"552624ca-6ca8-45b7-9647-bc1a7906071b\">\n<div class=\"markdown prose w-full break-words dark:prose-invert light\">\n<p>Willkommen bei Ihrem unverzichtbaren Leitfaden f\u00fcr das Verst\u00e4ndnis der Anforderungen an Fitness und Beweglichkeit, die f\u00fcr einen Rubicon 3 Segelt\u00f6rn erforderlich sind. Unsere Abenteuer sind f\u00fcr Personen konzipiert, die \u00fcber ein mittleres Ma\u00df an Fitness und Beweglichkeit verf\u00fcgen, da die dynamische Natur des Segelns und die damit verbundenen k\u00f6rperlichen Aufgaben ein gewisses Ma\u00df an k\u00f6rperlicher Bereitschaft erfordern. Das sollte f\u00fcr jeden m\u00f6glich sein, der t\u00e4glich m\u00e4\u00dfig aktiv ist.<\/p>\n<h4>Sie brauchen eine gute Kernkraft und Stabilit\u00e4t<\/h4>\n<p>Um das Gleichgewicht und die Stabilit\u00e4t auf einem sich st\u00e4ndig bewegenden Deck aufrechtzuerhalten, ben\u00f6tigen Sie einen robusten Kern. Die Besatzungsmitglieder sollten in der Lage sein, ihre K\u00f6rpermitte \u00fcber einen l\u00e4ngeren Zeitraum hinweg bequem zu belasten.<\/p>\n<h4>Sie ben\u00f6tigen eine durchschnittliche St\u00e4rke des Oberk\u00f6rpers<\/h4>\n<p>Die F\u00e4higkeit, mit Segeln, Seilen und Ausr\u00fcstung umzugehen, erfordert eine durchschnittliche Kraft des Oberk\u00f6rpers. Dazu geh\u00f6ren das Heben und Tragen von Ausr\u00fcstung, das Ziehen von Leinen mit erheblichem Widerstand und die Durchf\u00fchrung von Aufgaben, die das Schieben, Ziehen und Heben \u00fcber Schulterh\u00f6he beinhalten. Nicht jeder muss in der Lage sein, jede Aufgabe zu erledigen, und auch hier gilt: Wenn Sie einigerma\u00dfen aktiv sind, werden Sie gut zurechtkommen.<\/p>\n<h4>Sie brauchen Kraft und Beweglichkeit des unteren K\u00f6rpers<\/h4>\n<p>Normale Beinkraft und Beweglichkeit sind entscheidend, um sich sicher auf dem Boot zu bewegen, insbesondere bei rauen Bedingungen. Dazu geh\u00f6rt die F\u00e4higkeit, zu stehen, zu kauern und sich sicher und effizient auf dem Schiff zu bewegen, das Gleichgewicht zu halten und sich den Bewegungen des Schiffes anzupassen.<\/p>\n<h4>Akzeptieren Sie, dass Segeln etwas Ausdauer und Durchhalteverm\u00f6gen erfordert<\/h4>\n<p>Segeln kann mit langer k\u00f6rperlicher Aktivit\u00e4t verbunden sein. Die Besatzungsmitglieder sollten die Ausdauer haben, verschiedene Aufgaben und Pflichten \u00fcber einen l\u00e4ngeren Zeitraum und unabh\u00e4ngig von den Wetterbedingungen zu erf\u00fcllen. Dies gilt insbesondere, wenn Sie an einer Offshore-Reise oder einer Masterclass teilnehmen.<\/p>\n<h4>Flexibilit\u00e4t und Mobilit\u00e4t sind wichtig<\/h4>\n<p>Die F\u00e4higkeit, sich in engen R\u00e4umen frei und bequem zu bewegen und auf Etagenbetten zu klettern, ist unerl\u00e4sslich. Besatzungsmitglieder sollten \u00fcber eine angemessene Flexibilit\u00e4t und Mobilit\u00e4t verf\u00fcgen, um sich beugen, strecken und in verschiedene Richtungen greifen zu k\u00f6nnen, ohne sich dabei unwohl zu f\u00fchlen.<\/p>\n<h4>Mentale Widerstandsf\u00e4higkeit<\/h4>\n<p>Obwohl es sich nicht um eine k\u00f6rperliche Eigenschaft handelt, ist die mentale Belastbarkeit der Schl\u00fcssel zur Bew\u00e4ltigung der Anforderungen des Expeditionssegelns und wahrscheinlich wichtiger als jede k\u00f6rperliche Eigenschaft. Vor allem, wenn Sie auf hoher See segeln, werden Dinge passieren, die Sie auf die Probe stellen werden. Es kann kalte, nasse, lange Tage geben. Das Abendessen kann auf den Boden fallen. Das hei\u00dfe Wasser ist m\u00f6glicherweise vor\u00fcbergehend au\u00dfer Betrieb. Es kann windstill sein oder es kann zu viel Wind sein. Das geh\u00f6rt dazu, wenn man auf See ist und segelt. Wenn Sie sanftes, einfaches Segeln und volle Unterst\u00fctzung w\u00fcnschen, sind Sunsail und Moorings gro\u00dfartig. Wenn Sie abseits der ausgetretenen Pfade segeln und ein echtes Abenteuer erleben m\u00f6chten, k\u00f6nnen wir die Notwendigkeit mentaler Belastbarkeit nicht genug betonen.<\/p>\n<h3>K\u00f6nnen Sie unseren Fitness-Test bestehen?<\/h3>\n<p>Um sicherzugehen, dass Sie den k\u00f6rperlichen Anforderungen eines Rubicon 3 Segelt\u00f6rns gewachsen sind, empfehlen wir Ihnen, Ihre F\u00e4higkeit zur Durchf\u00fchrung der in unserer Fitness-Testgrafik gezeigten \u00dcbungen zu testen. Wenn Sie diese \u00dcbungen absolvieren k\u00f6nnen, sind Sie wahrscheinlich in guter Verfassung, um an unseren Segelabenteuern teilzunehmen. Diese Bewertung ist ein praktischer Weg, um Ihre k\u00f6rperliche Bereitschaft einzusch\u00e4tzen und sicherzustellen, dass Ihre Erfahrung sowohl angenehm als auch sicher ist.<\/p>\n<p><img loading=\"lazy\" decoding=\"async\" class=\"alignnone wp-image-1707 size-full\" src=\"https:\/\/www.rubicon3adventure.com\/wp-content\/uploads\/2024\/03\/Fitness-to-sail-graphic.webp\" alt=\"Fitness zum Segeln\" width=\"864\" height=\"660\" srcset=\"https:\/\/www.rubicon3adventure.com\/wp-content\/uploads\/2024\/03\/Fitness-to-sail-graphic.webp 864w, https:\/\/www.rubicon3adventure.com\/wp-content\/uploads\/2024\/03\/Fitness-to-sail-graphic-300x229.webp 300w, https:\/\/www.rubicon3adventure.com\/wp-content\/uploads\/2024\/03\/Fitness-to-sail-graphic-768x587.webp 768w, https:\/\/www.rubicon3adventure.com\/wp-content\/uploads\/2024\/03\/Fitness-to-sail-graphic-860x657.webp 860w, https:\/\/www.rubicon3adventure.com\/wp-content\/uploads\/2024\/03\/Fitness-to-sail-graphic-640x489.webp 640w, https:\/\/www.rubicon3adventure.com\/wp-content\/uploads\/2024\/03\/Fitness-to-sail-graphic-530x405.webp 530w, https:\/\/www.rubicon3adventure.com\/wp-content\/uploads\/2024\/03\/Fitness-to-sail-graphic-420x321.webp 420w, https:\/\/www.rubicon3adventure.com\/wp-content\/uploads\/2024\/03\/Fitness-to-sail-graphic-600x458.webp 600w\" sizes=\"auto, (max-width: 864px) 100vw, 864px\" \/><\/p>\n<\/div>\n<\/div>\n<\/div>\n<div class=\"mt-1 flex justify-start gap-3 empty:hidden\">\n<div class=\"text-gray-400 flex self-end lg:self-center items-center justify-center lg:justify-start mt-0 -ml-1 h-7 gap-[2px] visible\">\n<div class=\"flex items-center gap-1.5 text-xs\"><\/div>\n<\/div>\n<\/div>\n<h3 class=\"pr-2 lg:pr-0\">M\u00f6chten Sie vor Ihrem Segelt\u00f6rn fitter werden?<\/h3>\n<div class=\"flex-1 overflow-hidden\">\n<div class=\"react-scroll-to-bottom--css-kmrap-79elbk h-full\">\n<div class=\"react-scroll-to-bottom--css-kmrap-1n7m0yu\">\n<div class=\"flex flex-col text-sm pb-9\">\n<div class=\"w-full text-token-text-primary\" data-testid=\"conversation-turn-13\">\n<div class=\"px-4 py-2 justify-center text-base md:gap-6 m-auto\">\n<div class=\"flex flex-1 text-base mx-auto gap-3 md:px-5 lg:px-1 xl:px-5 md:max-w-3xl lg:max-w-[40rem] xl:max-w-[48rem] group final-completion\">\n<div class=\"relative flex w-full flex-col agent-turn\">\n<div class=\"flex-col gap-1 md:gap-3\">\n<div class=\"flex flex-grow flex-col max-w-full\">\n<div class=\"min-h-[20px] text-message flex flex-col items-start gap-3 whitespace-pre-wrap break-words [.text-message+&amp;]:mt-5 overflow-x-auto\" data-message-author-role=\"assistant\" data-message-id=\"f2a60125-a96c-473d-ba24-a90b0965c900\">\n<div class=\"markdown prose w-full break-words dark:prose-invert light\">\n<p>Dieses 4-w\u00f6chige Programm wurde entwickelt, um mit nur 15 Minuten pro Tag an vier Tagen in der Woche die Kernkraft, die Kraft des oberen und unteren K\u00f6rpers, die Flexibilit\u00e4t und die allgemeine Ausdauer zu verbessern. Es werden keine speziellen Ger\u00e4te ben\u00f6tigt, was es ideal f\u00fcr diejenigen macht, die nur begrenzten Zugang zu einem Fitnessstudio haben.<\/p>\n<h4>Woche 1: Aufbau des Fundaments<\/h4>\n<ul>\n<li><strong>Tag 1: Kernkraft<\/strong>\n<ul>\n<li>Bretter: 2 S\u00e4tze \u00e0 30 Sekunden<\/li>\n<li>Beinheben im Liegen: 2 S\u00e4tze \u00e0 10 Wiederholungen<\/li>\n<\/ul>\n<\/li>\n<li><strong>Tag 2: Kraft des Oberk\u00f6rpers<\/strong>\n<ul>\n<li>Liegest\u00fctze: 2 S\u00e4tze mit 8 Wiederholungen (Knie-Liegest\u00fctze f\u00fcr eine weniger intensive Option)<\/li>\n<li>Armkreisen: 2 S\u00e4tze \u00e0 30 Sekunden in jede Richtung<\/li>\n<\/ul>\n<\/li>\n<li><strong>Tag 3: Kraft des Unterk\u00f6rpers<\/strong>\n<ul>\n<li>Kniebeugen: 2 S\u00e4tze \u00e0 12 Wiederholungen<\/li>\n<li>Lunges: 2 S\u00e4tze mit 10 Wiederholungen auf jedem Bein<\/li>\n<\/ul>\n<\/li>\n<li><strong>Tag 4: Flexibilit\u00e4t und Beweglichkeit<\/strong>\n<ul>\n<li>Stretching-Routine mit Schwerpunkt auf Beinen, R\u00fccken und Armen. Halten Sie jede Dehnung f\u00fcr 20-30 Sekunden.<\/li>\n<\/ul>\n<\/li>\n<\/ul>\n<h4>Woche 2: Steigerung der Intensit\u00e4t<\/h4>\n<ul>\n<li><strong>Tag 1: Kernkraft<\/strong>\n<ul>\n<li>Side Planks: 2 S\u00e4tze \u00e0 20 Sekunden auf jeder Seite<\/li>\n<li>Fahrrad-Crunches: 2 S\u00e4tze \u00e0 15 Wiederholungen<\/li>\n<\/ul>\n<\/li>\n<li><strong>Tag 2: Kraft des Oberk\u00f6rpers<\/strong>\n<ul>\n<li>Chair Dips: 2 S\u00e4tze \u00e0 10 Wiederholungen<\/li>\n<li>Wand-Liegest\u00fctze: 2 S\u00e4tze \u00e0 12 Wiederholungen<\/li>\n<\/ul>\n<\/li>\n<li><strong>Tag 3: Unterk\u00f6rper und Gleichgewicht<\/strong>\n<ul>\n<li>Wadenheben im Stehen: 2 S\u00e4tze \u00e0 15 Wiederholungen<\/li>\n<li>Single-Leg Balance: 2 S\u00e4tze \u00e0 30 Sekunden auf jedem Bein<\/li>\n<\/ul>\n<\/li>\n<li><strong>Tag 4: Flexibilit\u00e4t und Beweglichkeit<\/strong>\n<ul>\n<li>Yoga- oder Pilates-Grund\u00fcbungen mit Schwerpunkt auf der K\u00f6rpermitte und Flexibilit\u00e4t. \u00dcben Sie 15 Minuten lang.<\/li>\n<\/ul>\n<\/li>\n<\/ul>\n<h4>Woche 3: Ausdauer aufbauen<\/h4>\n<ul>\n<li><strong>Tag 1: Kern und Ausdauer<\/strong>\n<ul>\n<li>Planks mit Beinheben: 2 S\u00e4tze \u00e0 30 Sekunden<\/li>\n<li>Mountain Climbers: 2 S\u00e4tze \u00e0 20 Sekunden<\/li>\n<\/ul>\n<\/li>\n<li><strong>Tag 2: Kraft des Oberk\u00f6rpers<\/strong>\n<ul>\n<li>Liegest\u00fctze mit Drehung: 2 S\u00e4tze \u00e0 8 Wiederholungen<\/li>\n<li>Umgekehrte Schneeengel: 2 S\u00e4tze \u00e0 12 Wiederholungen<\/li>\n<\/ul>\n<\/li>\n<li><strong>Tag 3: Kraft des Unterk\u00f6rpers<\/strong>\n<ul>\n<li>Squat to Toe Raises: 2 S\u00e4tze \u00e0 12 Wiederholungen<\/li>\n<li>Step-Ups (\u00fcber die Treppe): 2 S\u00e4tze \u00e0 12 Wiederholungen pro Bein<\/li>\n<\/ul>\n<\/li>\n<li><strong>Tag 4: Flexibilit\u00e4t und Beweglichkeit<\/strong>\n<ul>\n<li>Dynamisches Stretching mit Schwerpunkt auf dynamischen Bewegungen wie Beinschwingen und Armschwingen f\u00fcr 15 Minuten.<\/li>\n<\/ul>\n<\/li>\n<\/ul>\n<h4>Woche 4: Konsolidierung und Ausdauer<\/h4>\n<ul>\n<li><strong>Tag 1: Kernausdauer<\/strong>\n<ul>\n<li>Planke: So lange wie m\u00f6glich halten<\/li>\n<li>Russian Twists: 2 S\u00e4tze \u00e0 20 Wiederholungen<\/li>\n<\/ul>\n<\/li>\n<li><strong>Tag 2: Ausdauer f\u00fcr den Oberk\u00f6rper<\/strong>\n<ul>\n<li>Liegest\u00fctze: Machen Sie so viele wie m\u00f6glich auf einmal<\/li>\n<li>Supermans: 2 S\u00e4tze \u00e0 15 Wiederholungen<\/li>\n<\/ul>\n<\/li>\n<li><strong>Tag 3: Ausdauer f\u00fcr den Unterk\u00f6rper<\/strong>\n<ul>\n<li>Lunges: Machen Sie so viele wie m\u00f6glich in 2 Minuten<\/li>\n<li>Wandsitz: So lange wie m\u00f6glich halten<\/li>\n<\/ul>\n<\/li>\n<li><strong>Tag 4: Ganzk\u00f6rperdehnung und -entspannung<\/strong>\n<ul>\n<li>Eine Ganzk\u00f6rper-Dehnungsroutine, die auch die Dehnungen der vorangegangenen Wochen umfasst. Schlie\u00dfen Sie mit einer 5-min\u00fctigen Meditation ab, um Geist und K\u00f6rper zu entspannen.<\/li>\n<\/ul>\n<\/li>\n<\/ul>\n<p>Denken Sie daran, dass Best\u00e4ndigkeit der Schl\u00fcssel ist und dass es wichtig ist, auf Ihren K\u00f6rper zu h\u00f6ren. Passen Sie die Wiederholungen und S\u00e4tze nach Bedarf an und konzentrieren Sie sich auf die Form und nicht auf die Menge, um Verletzungen zu vermeiden. Bevor Sie mit einem neuen Trainingsprogramm beginnen, insbesondere wenn Sie bereits gesundheitliche Probleme haben, sollten Sie Ihren Arzt konsultieren.<\/p>\n<\/div>\n<\/div>\n<\/div>\n<div class=\"mt-1 flex justify-start gap-3 empty:hidden\">\n<div class=\"text-gray-400 flex self-end lg:self-center items-center justify-center lg:justify-start mt-0 -ml-1 h-7 gap-[2px] visible\">\n<div class=\"flex items-center gap-1.5 text-xs\"><\/div>\n<\/div>\n<\/div>\n<div class=\"pr-2 lg:pr-0\"><\/div>\n<\/div>\n<\/div>\n<\/div>\n<\/div>\n<\/div>\n<\/div>\n<\/div>\n<\/div>\n<\/div>\n<div class=\"w-full pt-2 md:pt-0 dark:border-white\/20 md:border-transparent md:dark:border-transparent md:w-[calc(100%-.5rem)]\">\n<form class=\"stretch mx-2 flex flex-row gap-3 last:mb-2 md:mx-4 md:last:mb-6 lg:mx-auto lg:max-w-2xl xl:max-w-3xl\">\n<div class=\"relative flex h-full flex-1 flex-col\">\n<div class=\"flex w-full items-center\">\n<div class=\"overflow-hidden [&amp;:has(textarea:focus)]:border-token-border-xheavy [&amp;:has(textarea:focus)]:shadow-[0_2px_6px_rgba(0,0,0,.05)] flex flex-col w-full flex-grow relative border dark:text-white rounded-2xl bg-token-main-surface-primary border-token-border-medium\">\n<div data-grammarly-part=\"button\">\n<div>\n<div>\n<div class=\"amkYk\">\n<div>\n<div class=\"ptGJG\"><\/div>\n<\/div>\n<\/div>\n<\/div>\n<\/div>\n<\/div>\n<\/div>\n<\/div>\n<\/div>\n<\/form>\n<\/div>\n<\/div>\n<\/div>\n<\/div>\n<\/div>\n<\/div>\n<\/div>\n<\/div>\n<\/div>\n<\/div>\n","protected":false},"excerpt":{"rendered":"<p>Willkommen bei Ihrem unverzichtbaren Leitfaden f\u00fcr das Verst\u00e4ndnis der Anforderungen an Fitness und Beweglichkeit, die&hellip;<\/p>\n","protected":false},"author":5,"featured_media":0,"parent":0,"menu_order":0,"comment_status":"closed","ping_status":"closed","template":"","meta":{"_acf_changed":false,"content-type":"","footnotes":""},"class_list":["post-5430","page","type-page","status-publish","hentry"],"acf":[],"yoast_head":"<!-- This site is optimized with the Yoast SEO Premium plugin v27.5 (Yoast SEO v27.6) - https:\/\/yoast.com\/product\/yoast-seo-premium-wordpress\/ -->\n<title>Anforderungen an die Segeltauglichkeit | Rubicon 3 Adventure<\/title>\n<meta name=\"description\" content=\"Entdecken Sie mit uns die wichtigsten Fitnesslevels f\u00fcr das Segeln. In unserem Leitfaden finden Sie eine \u00dcbersicht \u00fcber die erforderliche Beweglichkeit und Kraft sowie einen schnellen Fitnesstest.\" \/>\n<meta name=\"robots\" content=\"index, follow, max-snippet:-1, max-image-preview:large, max-video-preview:-1\" \/>\n<link rel=\"canonical\" href=\"https:\/\/www.rubicon3adventure.com\/de\/fitness-guide-fur-rubicon-3-crew\/\" \/>\n<meta property=\"og:locale\" content=\"de_DE\" \/>\n<meta property=\"og:type\" content=\"article\" \/>\n<meta property=\"og:title\" content=\"Anforderungen an die Segeltauglichkeit | Rubicon 3 Adventure\" \/>\n<meta property=\"og:description\" content=\"Entdecken Sie mit uns die wichtigsten Fitnesslevels f\u00fcr das Segeln. In unserem Leitfaden finden Sie eine \u00dcbersicht \u00fcber die erforderliche Beweglichkeit und Kraft sowie einen schnellen Fitnesstest.\" \/>\n<meta property=\"og:url\" content=\"https:\/\/www.rubicon3adventure.com\/de\/fitness-guide-fur-rubicon-3-crew\/\" \/>\n<meta property=\"og:site_name\" content=\"Rubicon 3 Adventure\" \/>\n<meta property=\"article:publisher\" content=\"https:\/\/www.facebook.com\/rubicon3sailing\" \/>\n<meta property=\"article:modified_time\" content=\"2024-06-28T11:47:17+00:00\" \/>\n<meta property=\"og:image\" content=\"https:\/\/www.rubicon3adventure.com\/wp-content\/uploads\/2024\/03\/Fitness-to-sail-graphic.webp\" \/>\n<meta name=\"twitter:card\" content=\"summary_large_image\" \/>\n<meta name=\"twitter:site\" content=\"@rubicon3sailing\" \/>\n<meta name=\"twitter:label1\" content=\"Gesch\u00e4tzte Lesezeit\" \/>\n\t<meta name=\"twitter:data1\" content=\"5 Minuten\" \/>\n<script type=\"application\/ld+json\" class=\"yoast-schema-graph\">{\"@context\":\"https:\\\/\\\/schema.org\",\"@graph\":[{\"@type\":\"WebPage\",\"@id\":\"https:\\\/\\\/www.rubicon3adventure.com\\\/de\\\/fitness-guide-fur-rubicon-3-crew\\\/\",\"url\":\"https:\\\/\\\/www.rubicon3adventure.com\\\/de\\\/fitness-guide-fur-rubicon-3-crew\\\/\",\"name\":\"Anforderungen an die Segeltauglichkeit | Rubicon 3 Adventure\",\"isPartOf\":{\"@id\":\"https:\\\/\\\/www.rubicon3adventure.com\\\/de\\\/#website\"},\"primaryImageOfPage\":{\"@id\":\"https:\\\/\\\/www.rubicon3adventure.com\\\/de\\\/fitness-guide-fur-rubicon-3-crew\\\/#primaryimage\"},\"image\":{\"@id\":\"https:\\\/\\\/www.rubicon3adventure.com\\\/de\\\/fitness-guide-fur-rubicon-3-crew\\\/#primaryimage\"},\"thumbnailUrl\":\"https:\\\/\\\/www.rubicon3adventure.com\\\/wp-content\\\/uploads\\\/2024\\\/03\\\/Fitness-to-sail-graphic.webp\",\"datePublished\":\"2024-03-06T08:27:45+00:00\",\"dateModified\":\"2024-06-28T11:47:17+00:00\",\"description\":\"Entdecken Sie mit uns die wichtigsten Fitnesslevels f\u00fcr das Segeln. In unserem Leitfaden finden Sie eine \u00dcbersicht \u00fcber die erforderliche Beweglichkeit und Kraft sowie einen schnellen Fitnesstest.\",\"inLanguage\":\"de-DE\",\"potentialAction\":[{\"@type\":\"ReadAction\",\"target\":[\"https:\\\/\\\/www.rubicon3adventure.com\\\/de\\\/fitness-guide-fur-rubicon-3-crew\\\/\"]}]},{\"@type\":\"ImageObject\",\"inLanguage\":\"de-DE\",\"@id\":\"https:\\\/\\\/www.rubicon3adventure.com\\\/de\\\/fitness-guide-fur-rubicon-3-crew\\\/#primaryimage\",\"url\":\"https:\\\/\\\/www.rubicon3adventure.com\\\/wp-content\\\/uploads\\\/2024\\\/03\\\/Fitness-to-sail-graphic.webp\",\"contentUrl\":\"https:\\\/\\\/www.rubicon3adventure.com\\\/wp-content\\\/uploads\\\/2024\\\/03\\\/Fitness-to-sail-graphic.webp\"},{\"@type\":\"WebSite\",\"@id\":\"https:\\\/\\\/www.rubicon3adventure.com\\\/de\\\/#website\",\"url\":\"https:\\\/\\\/www.rubicon3adventure.com\\\/de\\\/\",\"name\":\"Rubicon 3 Adventure\",\"description\":\"\",\"publisher\":{\"@id\":\"https:\\\/\\\/www.rubicon3adventure.com\\\/de\\\/#organization\"},\"potentialAction\":[{\"@type\":\"SearchAction\",\"target\":{\"@type\":\"EntryPoint\",\"urlTemplate\":\"https:\\\/\\\/www.rubicon3adventure.com\\\/de\\\/?s={search_term_string}\"},\"query-input\":{\"@type\":\"PropertyValueSpecification\",\"valueRequired\":true,\"valueName\":\"search_term_string\"}}],\"inLanguage\":\"de-DE\"},{\"@type\":\"Organization\",\"@id\":\"https:\\\/\\\/www.rubicon3adventure.com\\\/de\\\/#organization\",\"name\":\"Rubicon 3 Adventures\",\"alternateName\":\"Blueco Holdings Ltd\",\"url\":\"https:\\\/\\\/www.rubicon3adventure.com\\\/de\\\/\",\"logo\":{\"@type\":\"ImageObject\",\"inLanguage\":\"de-DE\",\"@id\":\"https:\\\/\\\/www.rubicon3adventure.com\\\/de\\\/#\\\/schema\\\/logo\\\/image\\\/\",\"url\":\"https:\\\/\\\/www.rubicon3adventure.com\\\/wp-content\\\/uploads\\\/2024\\\/03\\\/Rubicon_Schema-Image-scaled.jpg\",\"contentUrl\":\"https:\\\/\\\/www.rubicon3adventure.com\\\/wp-content\\\/uploads\\\/2024\\\/03\\\/Rubicon_Schema-Image-scaled.jpg\",\"width\":2560,\"height\":1554,\"caption\":\"Rubicon 3 Adventures\"},\"image\":{\"@id\":\"https:\\\/\\\/www.rubicon3adventure.com\\\/de\\\/#\\\/schema\\\/logo\\\/image\\\/\"},\"sameAs\":[\"https:\\\/\\\/www.facebook.com\\\/rubicon3sailing\",\"https:\\\/\\\/x.com\\\/rubicon3sailing\",\"https:\\\/\\\/www.instagram.com\\\/rubicon_3_sailing\\\/\",\"https:\\\/\\\/www.pinterest.co.uk\\\/rubicon3sailing\\\/\",\"https:\\\/\\\/www.youtube.com\\\/channel\\\/UCUVTAy1Qm4lz0uZI_83Um8A\",\"https:\\\/\\\/www.linkedin.com\\\/company\\\/rubicon-3\\\/\"]}]}<\/script>\n<!-- \/ Yoast SEO Premium plugin. -->","yoast_head_json":{"title":"Anforderungen an die Segeltauglichkeit | Rubicon 3 Adventure","description":"Entdecken Sie mit uns die wichtigsten Fitnesslevels f\u00fcr das Segeln. In unserem Leitfaden finden Sie eine \u00dcbersicht \u00fcber die erforderliche Beweglichkeit und Kraft sowie einen schnellen Fitnesstest.","robots":{"index":"index","follow":"follow","max-snippet":"max-snippet:-1","max-image-preview":"max-image-preview:large","max-video-preview":"max-video-preview:-1"},"canonical":"https:\/\/www.rubicon3adventure.com\/de\/fitness-guide-fur-rubicon-3-crew\/","og_locale":"de_DE","og_type":"article","og_title":"Anforderungen an die Segeltauglichkeit | Rubicon 3 Adventure","og_description":"Entdecken Sie mit uns die wichtigsten Fitnesslevels f\u00fcr das Segeln. In unserem Leitfaden finden Sie eine \u00dcbersicht \u00fcber die erforderliche Beweglichkeit und Kraft sowie einen schnellen Fitnesstest.","og_url":"https:\/\/www.rubicon3adventure.com\/de\/fitness-guide-fur-rubicon-3-crew\/","og_site_name":"Rubicon 3 Adventure","article_publisher":"https:\/\/www.facebook.com\/rubicon3sailing","article_modified_time":"2024-06-28T11:47:17+00:00","og_image":[{"url":"https:\/\/www.rubicon3adventure.com\/wp-content\/uploads\/2024\/03\/Fitness-to-sail-graphic.webp","type":"","width":"","height":""}],"twitter_card":"summary_large_image","twitter_site":"@rubicon3sailing","twitter_misc":{"Gesch\u00e4tzte Lesezeit":"5 Minuten"},"schema":{"@context":"https:\/\/schema.org","@graph":[{"@type":"WebPage","@id":"https:\/\/www.rubicon3adventure.com\/de\/fitness-guide-fur-rubicon-3-crew\/","url":"https:\/\/www.rubicon3adventure.com\/de\/fitness-guide-fur-rubicon-3-crew\/","name":"Anforderungen an die Segeltauglichkeit | Rubicon 3 Adventure","isPartOf":{"@id":"https:\/\/www.rubicon3adventure.com\/de\/#website"},"primaryImageOfPage":{"@id":"https:\/\/www.rubicon3adventure.com\/de\/fitness-guide-fur-rubicon-3-crew\/#primaryimage"},"image":{"@id":"https:\/\/www.rubicon3adventure.com\/de\/fitness-guide-fur-rubicon-3-crew\/#primaryimage"},"thumbnailUrl":"https:\/\/www.rubicon3adventure.com\/wp-content\/uploads\/2024\/03\/Fitness-to-sail-graphic.webp","datePublished":"2024-03-06T08:27:45+00:00","dateModified":"2024-06-28T11:47:17+00:00","description":"Entdecken Sie mit uns die wichtigsten Fitnesslevels f\u00fcr das Segeln. In unserem Leitfaden finden Sie eine \u00dcbersicht \u00fcber die erforderliche Beweglichkeit und Kraft sowie einen schnellen Fitnesstest.","inLanguage":"de-DE","potentialAction":[{"@type":"ReadAction","target":["https:\/\/www.rubicon3adventure.com\/de\/fitness-guide-fur-rubicon-3-crew\/"]}]},{"@type":"ImageObject","inLanguage":"de-DE","@id":"https:\/\/www.rubicon3adventure.com\/de\/fitness-guide-fur-rubicon-3-crew\/#primaryimage","url":"https:\/\/www.rubicon3adventure.com\/wp-content\/uploads\/2024\/03\/Fitness-to-sail-graphic.webp","contentUrl":"https:\/\/www.rubicon3adventure.com\/wp-content\/uploads\/2024\/03\/Fitness-to-sail-graphic.webp"},{"@type":"WebSite","@id":"https:\/\/www.rubicon3adventure.com\/de\/#website","url":"https:\/\/www.rubicon3adventure.com\/de\/","name":"Rubicon 3 Adventure","description":"","publisher":{"@id":"https:\/\/www.rubicon3adventure.com\/de\/#organization"},"potentialAction":[{"@type":"SearchAction","target":{"@type":"EntryPoint","urlTemplate":"https:\/\/www.rubicon3adventure.com\/de\/?s={search_term_string}"},"query-input":{"@type":"PropertyValueSpecification","valueRequired":true,"valueName":"search_term_string"}}],"inLanguage":"de-DE"},{"@type":"Organization","@id":"https:\/\/www.rubicon3adventure.com\/de\/#organization","name":"Rubicon 3 Adventures","alternateName":"Blueco Holdings Ltd","url":"https:\/\/www.rubicon3adventure.com\/de\/","logo":{"@type":"ImageObject","inLanguage":"de-DE","@id":"https:\/\/www.rubicon3adventure.com\/de\/#\/schema\/logo\/image\/","url":"https:\/\/www.rubicon3adventure.com\/wp-content\/uploads\/2024\/03\/Rubicon_Schema-Image-scaled.jpg","contentUrl":"https:\/\/www.rubicon3adventure.com\/wp-content\/uploads\/2024\/03\/Rubicon_Schema-Image-scaled.jpg","width":2560,"height":1554,"caption":"Rubicon 3 Adventures"},"image":{"@id":"https:\/\/www.rubicon3adventure.com\/de\/#\/schema\/logo\/image\/"},"sameAs":["https:\/\/www.facebook.com\/rubicon3sailing","https:\/\/x.com\/rubicon3sailing","https:\/\/www.instagram.com\/rubicon_3_sailing\/","https:\/\/www.pinterest.co.uk\/rubicon3sailing\/","https:\/\/www.youtube.com\/channel\/UCUVTAy1Qm4lz0uZI_83Um8A","https:\/\/www.linkedin.com\/company\/rubicon-3\/"]}]}},"_links":{"self":[{"href":"https:\/\/www.rubicon3adventure.com\/de\/wp-json\/wp\/v2\/pages\/5430","targetHints":{"allow":["GET"]}}],"collection":[{"href":"https:\/\/www.rubicon3adventure.com\/de\/wp-json\/wp\/v2\/pages"}],"about":[{"href":"https:\/\/www.rubicon3adventure.com\/de\/wp-json\/wp\/v2\/types\/page"}],"author":[{"embeddable":true,"href":"https:\/\/www.rubicon3adventure.com\/de\/wp-json\/wp\/v2\/users\/5"}],"replies":[{"embeddable":true,"href":"https:\/\/www.rubicon3adventure.com\/de\/wp-json\/wp\/v2\/comments?post=5430"}],"version-history":[{"count":0,"href":"https:\/\/www.rubicon3adventure.com\/de\/wp-json\/wp\/v2\/pages\/5430\/revisions"}],"wp:attachment":[{"href":"https:\/\/www.rubicon3adventure.com\/de\/wp-json\/wp\/v2\/media?parent=5430"}],"curies":[{"name":"wp","href":"https:\/\/api.w.org\/{rel}","templated":true}]}}