{"id":5432,"date":"2024-03-06T07:48:34","date_gmt":"2024-03-06T07:48:34","guid":{"rendered":"https:\/\/www.rubicon3adventure.com\/reiseversicherung-fur-segler\/"},"modified":"2024-07-02T16:44:16","modified_gmt":"2024-07-02T15:44:16","slug":"reiseversicherung-fur-segler","status":"publish","type":"page","link":"https:\/\/www.rubicon3adventure.com\/de\/reiseversicherung-fur-segler\/","title":{"rendered":"Reiseversicherung: Segeln"},"content":{"rendered":"<p data-pm-slice=\"1 3 []\">Es ist sehr empfehlenswert, eine Segelreiseversicherung abzuschlie\u00dfen, bevor Sie zu Ihrem Segelt\u00f6rn auslaufen. Noch bevor Sie in See stechen, kann es sein, dass Sie Ihre Reise aus gesundheitlichen Gr\u00fcnden stornieren m\u00fcssen, dass Ihr Flug den Starttermin nicht einhalten kann, dass Ihr Gep\u00e4ck besch\u00e4digt wird oder verloren geht oder dass nicht alles glatt l\u00e4uft und Sie au\u00dferhalb Ihres Heimatlandes medizinische Hilfe ben\u00f6tigen. Die Segelversicherung ist so konzipiert, dass sie diese Szenarien abdeckt. Sie sorgt f\u00fcr Ruhe und finanzielle Sicherheit und stellt sicher, dass Sie gut vorbereitet und gesch\u00fctzt sind, wenn Sie eine weitere Behandlung ben\u00f6tigen oder medizinische Kosten oder Rechtskosten anfallen. Welchen Versicherungsschutz Sie genau ben\u00f6tigen, h\u00e4ngt davon ab, welche Art von Segeln Sie betreiben m\u00f6chten, ob Sie vorhaben, mehr als einmal im Jahr zu segeln und wo Sie Ihren Wohnsitz haben.<\/p>\n<h4><strong>STELLEN SIE SICHER, DASS SIE EINE VERSICHERUNG HABEN, DIE SPEZIELL DAS SEGELN ABDECKT<\/strong><\/h4>\n<p>Viele Standard-Versicherungspolicen, die pers\u00f6nliche Unf\u00e4lle abdecken, bieten keinen Schutz beim Segeln. Wenn Sie also planen, Ihren bestehenden Versicherungsschutz zu nutzen, sollten Sie diesen sorgf\u00e4ltig pr\u00fcfen. Es ist auch un\u00fcblich, dass allgemeine Reiseversicherungen das Segeln \u00fcber 12 Seemeilen vor der K\u00fcste abdecken, also pr\u00fcfen Sie auch dies sorgf\u00e4ltig. Wenn Sie sich nicht sicher sind, empfehlen wir Ihnen immer, eine spezielle Segelversicherung abzuschlie\u00dfen. Eine Standardpolice deckt wahrscheinlich die medizinische Evakuierung der versicherten Person in Notf\u00e4llen und die Nutzung teurer Hilfsmittel wie z.B. eines Ambulanzflugzeugs ab, aber es lohnt sich, nachzupr\u00fcfen.<\/p>\n<h4><strong>ERHALTEN SIE DIE RICHTIGE ABDECKUNG: K\u00dcSTENGEW\u00c4SSER ODER OFFENE GEW\u00c4SSER UND DAR\u00dcBER HINAUS<\/strong><\/h4>\n<p>Die meisten Segelpolicen unterscheiden zwischen Policen, die Sie bis zu 12 Meilen vor der K\u00fcste abdecken, und solchen, die das nicht tun. Sie k\u00f6nnen den Begriff Hoheitsgew\u00e4sser verwenden, was in der Regel als dasselbe angesehen wird, wie nicht mehr als 12 Meilen vor der K\u00fcste zu segeln. Die meisten Rubicon <a href=\"https:\/\/www.rubicon3adventure.com\/product-category\/adventure-sailing-holidays\/coastal\/\">3-K\u00fcstentouren<\/a> bleiben in den Hoheitsgew\u00e4ssern, aber \u00fcberpr\u00fcfen Sie die spezifischen Hinweise f\u00fcr Ihre Reise. Alle unsere Hochseesegel- und Hochseet\u00f6rns sowie unsere Passage Making Masterclass finden au\u00dferhalb der Hoheitsgew\u00e4sser statt. Wenn Sie sich nicht sicher sind, nehmen Sie Kontakt auf.<\/p>\n<h4><strong>REISEVERSICHERUNG F\u00dcR EINE EINZELNE REISE ODER EINE J\u00c4HRLICHE VERSICHERUNG F\u00dcR MEHRERE REISEN<\/strong><\/h4>\n<p>\u00dcberlegen Sie, ob Sie wahrscheinlich mehr als einmal innerhalb von 12 Monaten segeln werden. Vielleicht haben Sie neben Ihrem Rubicon 3-Abenteuer auch ein Flottillensegeln geplant? Wenn dies der Fall ist, ist es g\u00fcnstiger, eine Jahrespolice f\u00fcr mehrere Reisen oder eine Police f\u00fcr Weltreisen abzuschlie\u00dfen. Wenn es sich um eine einmalige Reise f\u00fcr das Jahr handelt, ist eine Einzelreise-Police wahrscheinlich das Beste.<\/p>\n<h4><strong>STELLEN SIE SICHER, DASS DIE VERSICHERUNG DIE STORNIERUNG DER REISE ABDECKT<\/strong><\/h4>\n<p>Wenn Rubicon 3 <a href=\"https:\/\/www.rubicon3adventure.com\/de\/kunden-bedingungen-bedingungen\/\">die Reise storniert<\/a>, erhalten Sie automatisch und schnell das Geld zur\u00fcck, das Sie uns f\u00fcr Ihren Segelurlaub gezahlt haben, so dass Sie f\u00fcr diese Art von Reiser\u00fccktritt keine Versicherung ben\u00f6tigen. Es kommt jedoch vor, dass Besatzungsmitglieder ihre Reise mit uns stornieren m\u00fcssen, z.B. wenn eine Krankheit auftritt. In diesem Fall m\u00fcssen Sie unbedingt eine Reiser\u00fccktrittsversicherung abschlie\u00dfen, da wir Ihnen das Geld, das Sie uns bezahlt haben, nicht zur\u00fcckerstatten k\u00f6nnen.<\/p>\n<h4><strong>BESTEHENDE MEDIZINISCHE BEDINGUNGEN ANGEBEN<\/strong><\/h4>\n<p>Vergewissern Sie sich, dass Sie beim Abschluss der Segelreiseversicherung eine Vorerkrankung angeben, da Ihre Segelreiseversicherung oder Ihr Rettungsschutz andernfalls ung\u00fcltig werden kann.<\/p>\n<h4><strong>PRIVATHAFTPFLICHTVERSICHERUNG<\/strong><\/h4>\n<p>Sie sind von Rubicon 3 nicht verpflichtet, eine Versicherung abzuschlie\u00dfen, die Ihre pers\u00f6nliche Haftung abdeckt. Standard-Segelreiseversicherungen sollten Ihnen den n\u00f6tigen Schutz bieten. Die Policen decken in der Regel auch eventuelle Rechtskosten ab.<\/p>\n<h4>STELLEN SIE SICHER, DASS SIE F\u00dcR ANDERE AKTIVIT\u00c4TEN ABGESICHERT SIND<\/h4>\n<p>Vor allem, wenn Sie einen <a href=\"https:\/\/www.rubicon3adventure.com\/product-category\/adventure-sailing-holidays\/caribbean-the-americas\/\">Segelurlaub in der Karibik<\/a> machen, m\u00f6chten Sie vielleicht auch andere Wassersportarten wie Tauchen oder Wasserski betreiben, w\u00e4hrend Sie dort sind. Wenn ja, stellen Sie sicher, dass Ihre Police dies abdeckt, besonders wenn Sie ein Fan von gef\u00e4hrlichen Sportarten sind.<\/p>\n<h4><strong>WANN SIE EINE VERSICHERUNG ABSCHLIESSEN SOLLTEN: ANFANGS- UND ENDDATUM<\/strong><\/h4>\n<p>Einige Policen verlangen, dass Sie sie innerhalb eines bestimmten Zeitraums nach der Buchung Ihres Segelurlaubs kaufen. Wir empfehlen Ihnen, die Versicherung bereits bei der Buchung Ihres Urlaubs zu erwerben, da Sie sicherstellen m\u00f6chten, dass St\u00f6rungen oder medizinische Probleme, die vor der Abreise auftreten, so weit wie m\u00f6glich abgedeckt sind.<\/p>\n<h4><strong>REISEVERSICHERUNG F\u00dcR SEGLER MIT WOHNSITZ IM VEREINIGTEN K\u00d6NIGREICH<\/strong><\/h4>\n<p>F\u00fcr Segler aus dem Vereinigten K\u00f6nigreich gibt es eine Reihe von M\u00f6glichkeiten, von denen die meisten Ihnen ein sofortiges Angebot machen k\u00f6nnen. Dazu geh\u00f6ren:<\/p>\n<ul>\n<li><a href=\"https:\/\/topsailinsurance.com\/travel-insurance\/yachtsmans-travel-insurance\/\" target=\"_blank\" rel=\"noopener noreferrer\"><u>Topsail<\/u><\/a><\/li>\n<li><a href=\"https:\/\/quoteandbuy.bishopskinner.com\/awe\/Container.aspx?CurrentWorkflow=StandardB2C&amp;CurrentStep=QuickQuote&amp;ProductTarget=Travel\" target=\"_blank\" rel=\"noopener noreferrer\"><u>Bishops Skinner<\/u><\/a><\/li>\n<li><a href=\"https:\/\/www.bigcattravelinsurance.com\/travel-insurance\/sailing-travel-insurance\/\" rel=\"noopener noreferrer\"><u>Gro\u00dfkatze<\/u><\/a><\/li>\n<li><a href=\"https:\/\/www.navigatortravelinsurance.co.uk\/sailing-travel-insurance\/\" rel=\"noopener noreferrer\"><u>Navigator<\/u><\/a><\/li>\n<\/ul>\n<h4><strong>REISEVERSICHERUNG F\u00dcR SEGLER MIT WOHNSITZ IN DER EU<\/strong><\/h4>\n<p>F\u00fcr Segler mit Wohnsitz in der EU gibt es folgende Optionen:<\/p>\n<ul>\n<li><a href=\"https:\/\/www.yacht-pool.com\/crew_insurances.0.html\" rel=\"noopener noreferrer\"><u>Yacht-Pool <\/u><\/a><\/li>\n<\/ul>\n<h4><strong>REISEVERSICHERUNG F\u00dcR SEGLER MIT WOHNSITZ IN DEN USA<\/strong><\/h4>\n<p>F\u00fcr Segler, die in den USA leben, gibt es folgende Optionen:<\/p>\n<ul>\n<li><a href=\"mailto:rickb@gowrie.com\" rel=\"noopener noreferrer\"><br \/>\n  <u>Rick Bagnall in Gowrie<\/u><br \/>\n<\/a>. Er hat sich in der Vergangenheit hervorragend f\u00fcr unsere US-Kunden bew\u00e4hrt. Sie m\u00fcssen auch das folgende Formular ausf\u00fcllen <a href=\"https:\/\/www.rubicon3adventure.com\/wp-content\/uploads\/2024\/04\/Gowrie-2021-Travel-Questionnaire.pdf\" rel=\"noopener noreferrer\"><br \/>\n  <u>Gowrie-Formular hier<\/u><br \/>\n<\/a> ausf\u00fcllen, um es an ihn zu senden, also nicht sofort ein Angebot.<\/li>\n<li><a href=\"https:\/\/danboater.org\/membership.html\" rel=\"noopener noreferrer\"><br \/>\n  <u>Danboater<\/u><br \/>\n<\/a>.<\/li>\n<\/ul>\n<h4><strong>REISEVERSICHERUNG F\u00dcR SEGLER MIT WOHNSITZ IN KANADA<\/strong><\/h4>\n<p>F\u00fcr Segler, die in Kanada leben, gibt es folgende Optionen:<\/p>\n<ul>\n<li><a href=\"https:\/\/danboater.org\/membership.html\" rel=\"noopener noreferrer\"><u>Danboater<\/u><\/a><\/li>\n<\/ul>\n","protected":false},"excerpt":{"rendered":"<p>Es ist sehr empfehlenswert, eine Segelreiseversicherung abzuschlie\u00dfen, bevor Sie zu Ihrem Segelt\u00f6rn auslaufen. Noch bevor&hellip;<\/p>\n","protected":false},"author":5,"featured_media":2820,"parent":0,"menu_order":0,"comment_status":"closed","ping_status":"closed","template":"","meta":{"_acf_changed":false,"content-type":"","footnotes":""},"class_list":["post-5432","page","type-page","status-publish","has-post-thumbnail","hentry"],"acf":[],"yoast_head":"<!-- This site is optimized with the Yoast SEO Premium plugin v27.5 (Yoast SEO v27.5) - https:\/\/yoast.com\/product\/yoast-seo-premium-wordpress\/ -->\n<title>| Rubicon 3 Abenteuer Segeln<\/title>\n<meta name=\"description\" content=\"Wichtige Tipps zur Reiseversicherung f\u00fcr Segler, damit Sie auf See sicher und beruhigt sind. Lassen Sie sich nicht \u00fcberraschen!\" \/>\n<meta name=\"robots\" content=\"index, follow, max-snippet:-1, max-image-preview:large, max-video-preview:-1\" \/>\n<link rel=\"canonical\" href=\"https:\/\/www.rubicon3adventure.com\/de\/reiseversicherung-fur-segler\/\" \/>\n<meta property=\"og:locale\" content=\"de_DE\" \/>\n<meta property=\"og:type\" content=\"article\" \/>\n<meta property=\"og:title\" content=\"| Rubicon 3 Abenteuer Segeln\" \/>\n<meta property=\"og:description\" content=\"Wichtige Tipps zur Reiseversicherung f\u00fcr Segler, damit Sie auf See sicher und beruhigt sind. Lassen Sie sich nicht \u00fcberraschen!\" \/>\n<meta property=\"og:url\" content=\"https:\/\/www.rubicon3adventure.com\/de\/reiseversicherung-fur-segler\/\" \/>\n<meta property=\"og:site_name\" content=\"Rubicon 3 Adventure\" \/>\n<meta property=\"article:publisher\" content=\"https:\/\/www.facebook.com\/rubicon3sailing\" \/>\n<meta property=\"article:modified_time\" content=\"2024-07-02T15:44:16+00:00\" \/>\n<meta property=\"og:image\" content=\"https:\/\/www.rubicon3adventure.com\/wp-content\/uploads\/2024\/03\/travel-insurance-for-sailors.webp\" \/>\n\t<meta property=\"og:image:width\" content=\"2560\" \/>\n\t<meta property=\"og:image:height\" content=\"1708\" \/>\n\t<meta property=\"og:image:type\" content=\"image\/webp\" \/>\n<meta name=\"twitter:card\" content=\"summary_large_image\" \/>\n<meta name=\"twitter:site\" content=\"@rubicon3sailing\" \/>\n<meta name=\"twitter:label1\" content=\"Gesch\u00e4tzte Lesezeit\" \/>\n\t<meta name=\"twitter:data1\" content=\"4 Minuten\" \/>\n<script type=\"application\/ld+json\" class=\"yoast-schema-graph\">{\"@context\":\"https:\\\/\\\/schema.org\",\"@graph\":[{\"@type\":\"WebPage\",\"@id\":\"https:\\\/\\\/www.rubicon3adventure.com\\\/de\\\/reiseversicherung-fur-segler\\\/\",\"url\":\"https:\\\/\\\/www.rubicon3adventure.com\\\/de\\\/reiseversicherung-fur-segler\\\/\",\"name\":\"| Rubicon 3 Abenteuer Segeln\",\"isPartOf\":{\"@id\":\"https:\\\/\\\/www.rubicon3adventure.com\\\/de\\\/#website\"},\"primaryImageOfPage\":{\"@id\":\"https:\\\/\\\/www.rubicon3adventure.com\\\/de\\\/reiseversicherung-fur-segler\\\/#primaryimage\"},\"image\":{\"@id\":\"https:\\\/\\\/www.rubicon3adventure.com\\\/de\\\/reiseversicherung-fur-segler\\\/#primaryimage\"},\"thumbnailUrl\":\"https:\\\/\\\/www.rubicon3adventure.com\\\/wp-content\\\/uploads\\\/2024\\\/03\\\/travel-insurance-for-sailors.webp\",\"datePublished\":\"2024-03-06T07:48:34+00:00\",\"dateModified\":\"2024-07-02T15:44:16+00:00\",\"description\":\"Wichtige Tipps zur Reiseversicherung f\u00fcr Segler, damit Sie auf See sicher und beruhigt sind. Lassen Sie sich nicht \u00fcberraschen!\",\"inLanguage\":\"de-DE\",\"potentialAction\":[{\"@type\":\"ReadAction\",\"target\":[\"https:\\\/\\\/www.rubicon3adventure.com\\\/de\\\/reiseversicherung-fur-segler\\\/\"]}]},{\"@type\":\"ImageObject\",\"inLanguage\":\"de-DE\",\"@id\":\"https:\\\/\\\/www.rubicon3adventure.com\\\/de\\\/reiseversicherung-fur-segler\\\/#primaryimage\",\"url\":\"https:\\\/\\\/www.rubicon3adventure.com\\\/wp-content\\\/uploads\\\/2024\\\/03\\\/travel-insurance-for-sailors.webp\",\"contentUrl\":\"https:\\\/\\\/www.rubicon3adventure.com\\\/wp-content\\\/uploads\\\/2024\\\/03\\\/travel-insurance-for-sailors.webp\",\"width\":2560,\"height\":1708,\"caption\":\"travel insurance for sailors\"},{\"@type\":\"WebSite\",\"@id\":\"https:\\\/\\\/www.rubicon3adventure.com\\\/de\\\/#website\",\"url\":\"https:\\\/\\\/www.rubicon3adventure.com\\\/de\\\/\",\"name\":\"Rubicon 3 Adventure\",\"description\":\"\",\"publisher\":{\"@id\":\"https:\\\/\\\/www.rubicon3adventure.com\\\/de\\\/#organization\"},\"potentialAction\":[{\"@type\":\"SearchAction\",\"target\":{\"@type\":\"EntryPoint\",\"urlTemplate\":\"https:\\\/\\\/www.rubicon3adventure.com\\\/de\\\/?s={search_term_string}\"},\"query-input\":{\"@type\":\"PropertyValueSpecification\",\"valueRequired\":true,\"valueName\":\"search_term_string\"}}],\"inLanguage\":\"de-DE\"},{\"@type\":\"Organization\",\"@id\":\"https:\\\/\\\/www.rubicon3adventure.com\\\/de\\\/#organization\",\"name\":\"Rubicon 3 Adventures\",\"alternateName\":\"Blueco Holdings Ltd\",\"url\":\"https:\\\/\\\/www.rubicon3adventure.com\\\/de\\\/\",\"logo\":{\"@type\":\"ImageObject\",\"inLanguage\":\"de-DE\",\"@id\":\"https:\\\/\\\/www.rubicon3adventure.com\\\/de\\\/#\\\/schema\\\/logo\\\/image\\\/\",\"url\":\"https:\\\/\\\/www.rubicon3adventure.com\\\/wp-content\\\/uploads\\\/2024\\\/03\\\/Rubicon_Schema-Image-scaled.jpg\",\"contentUrl\":\"https:\\\/\\\/www.rubicon3adventure.com\\\/wp-content\\\/uploads\\\/2024\\\/03\\\/Rubicon_Schema-Image-scaled.jpg\",\"width\":2560,\"height\":1554,\"caption\":\"Rubicon 3 Adventures\"},\"image\":{\"@id\":\"https:\\\/\\\/www.rubicon3adventure.com\\\/de\\\/#\\\/schema\\\/logo\\\/image\\\/\"},\"sameAs\":[\"https:\\\/\\\/www.facebook.com\\\/rubicon3sailing\",\"https:\\\/\\\/x.com\\\/rubicon3sailing\",\"https:\\\/\\\/www.instagram.com\\\/rubicon_3_sailing\\\/\",\"https:\\\/\\\/www.pinterest.co.uk\\\/rubicon3sailing\\\/\",\"https:\\\/\\\/www.youtube.com\\\/channel\\\/UCUVTAy1Qm4lz0uZI_83Um8A\",\"https:\\\/\\\/www.linkedin.com\\\/company\\\/rubicon-3\\\/\"]}]}<\/script>\n<!-- \/ Yoast SEO Premium plugin. -->","yoast_head_json":{"title":"| Rubicon 3 Abenteuer Segeln","description":"Wichtige Tipps zur Reiseversicherung f\u00fcr Segler, damit Sie auf See sicher und beruhigt sind. Lassen Sie sich nicht \u00fcberraschen!","robots":{"index":"index","follow":"follow","max-snippet":"max-snippet:-1","max-image-preview":"max-image-preview:large","max-video-preview":"max-video-preview:-1"},"canonical":"https:\/\/www.rubicon3adventure.com\/de\/reiseversicherung-fur-segler\/","og_locale":"de_DE","og_type":"article","og_title":"| Rubicon 3 Abenteuer Segeln","og_description":"Wichtige Tipps zur Reiseversicherung f\u00fcr Segler, damit Sie auf See sicher und beruhigt sind. Lassen Sie sich nicht \u00fcberraschen!","og_url":"https:\/\/www.rubicon3adventure.com\/de\/reiseversicherung-fur-segler\/","og_site_name":"Rubicon 3 Adventure","article_publisher":"https:\/\/www.facebook.com\/rubicon3sailing","article_modified_time":"2024-07-02T15:44:16+00:00","og_image":[{"width":2560,"height":1708,"url":"https:\/\/www.rubicon3adventure.com\/wp-content\/uploads\/2024\/03\/travel-insurance-for-sailors.webp","type":"image\/webp"}],"twitter_card":"summary_large_image","twitter_site":"@rubicon3sailing","twitter_misc":{"Gesch\u00e4tzte Lesezeit":"4 Minuten"},"schema":{"@context":"https:\/\/schema.org","@graph":[{"@type":"WebPage","@id":"https:\/\/www.rubicon3adventure.com\/de\/reiseversicherung-fur-segler\/","url":"https:\/\/www.rubicon3adventure.com\/de\/reiseversicherung-fur-segler\/","name":"| Rubicon 3 Abenteuer Segeln","isPartOf":{"@id":"https:\/\/www.rubicon3adventure.com\/de\/#website"},"primaryImageOfPage":{"@id":"https:\/\/www.rubicon3adventure.com\/de\/reiseversicherung-fur-segler\/#primaryimage"},"image":{"@id":"https:\/\/www.rubicon3adventure.com\/de\/reiseversicherung-fur-segler\/#primaryimage"},"thumbnailUrl":"https:\/\/www.rubicon3adventure.com\/wp-content\/uploads\/2024\/03\/travel-insurance-for-sailors.webp","datePublished":"2024-03-06T07:48:34+00:00","dateModified":"2024-07-02T15:44:16+00:00","description":"Wichtige Tipps zur Reiseversicherung f\u00fcr Segler, damit Sie auf See sicher und beruhigt sind. Lassen Sie sich nicht \u00fcberraschen!","inLanguage":"de-DE","potentialAction":[{"@type":"ReadAction","target":["https:\/\/www.rubicon3adventure.com\/de\/reiseversicherung-fur-segler\/"]}]},{"@type":"ImageObject","inLanguage":"de-DE","@id":"https:\/\/www.rubicon3adventure.com\/de\/reiseversicherung-fur-segler\/#primaryimage","url":"https:\/\/www.rubicon3adventure.com\/wp-content\/uploads\/2024\/03\/travel-insurance-for-sailors.webp","contentUrl":"https:\/\/www.rubicon3adventure.com\/wp-content\/uploads\/2024\/03\/travel-insurance-for-sailors.webp","width":2560,"height":1708,"caption":"travel insurance for sailors"},{"@type":"WebSite","@id":"https:\/\/www.rubicon3adventure.com\/de\/#website","url":"https:\/\/www.rubicon3adventure.com\/de\/","name":"Rubicon 3 Adventure","description":"","publisher":{"@id":"https:\/\/www.rubicon3adventure.com\/de\/#organization"},"potentialAction":[{"@type":"SearchAction","target":{"@type":"EntryPoint","urlTemplate":"https:\/\/www.rubicon3adventure.com\/de\/?s={search_term_string}"},"query-input":{"@type":"PropertyValueSpecification","valueRequired":true,"valueName":"search_term_string"}}],"inLanguage":"de-DE"},{"@type":"Organization","@id":"https:\/\/www.rubicon3adventure.com\/de\/#organization","name":"Rubicon 3 Adventures","alternateName":"Blueco Holdings Ltd","url":"https:\/\/www.rubicon3adventure.com\/de\/","logo":{"@type":"ImageObject","inLanguage":"de-DE","@id":"https:\/\/www.rubicon3adventure.com\/de\/#\/schema\/logo\/image\/","url":"https:\/\/www.rubicon3adventure.com\/wp-content\/uploads\/2024\/03\/Rubicon_Schema-Image-scaled.jpg","contentUrl":"https:\/\/www.rubicon3adventure.com\/wp-content\/uploads\/2024\/03\/Rubicon_Schema-Image-scaled.jpg","width":2560,"height":1554,"caption":"Rubicon 3 Adventures"},"image":{"@id":"https:\/\/www.rubicon3adventure.com\/de\/#\/schema\/logo\/image\/"},"sameAs":["https:\/\/www.facebook.com\/rubicon3sailing","https:\/\/x.com\/rubicon3sailing","https:\/\/www.instagram.com\/rubicon_3_sailing\/","https:\/\/www.pinterest.co.uk\/rubicon3sailing\/","https:\/\/www.youtube.com\/channel\/UCUVTAy1Qm4lz0uZI_83Um8A","https:\/\/www.linkedin.com\/company\/rubicon-3\/"]}]}},"_links":{"self":[{"href":"https:\/\/www.rubicon3adventure.com\/de\/wp-json\/wp\/v2\/pages\/5432","targetHints":{"allow":["GET"]}}],"collection":[{"href":"https:\/\/www.rubicon3adventure.com\/de\/wp-json\/wp\/v2\/pages"}],"about":[{"href":"https:\/\/www.rubicon3adventure.com\/de\/wp-json\/wp\/v2\/types\/page"}],"author":[{"embeddable":true,"href":"https:\/\/www.rubicon3adventure.com\/de\/wp-json\/wp\/v2\/users\/5"}],"replies":[{"embeddable":true,"href":"https:\/\/www.rubicon3adventure.com\/de\/wp-json\/wp\/v2\/comments?post=5432"}],"version-history":[{"count":0,"href":"https:\/\/www.rubicon3adventure.com\/de\/wp-json\/wp\/v2\/pages\/5432\/revisions"}],"wp:featuredmedia":[{"embeddable":true,"href":"https:\/\/www.rubicon3adventure.com\/de\/wp-json\/wp\/v2\/media\/2820"}],"wp:attachment":[{"href":"https:\/\/www.rubicon3adventure.com\/de\/wp-json\/wp\/v2\/media?parent=5432"}],"curies":[{"name":"wp","href":"https:\/\/api.w.org\/{rel}","templated":true}]}}