{"id":6741,"date":"2024-11-11T11:06:51","date_gmt":"2024-11-11T11:06:51","guid":{"rendered":"https:\/\/www.rubicon3adventure.com\/was-sie-auf-einer-rubicon-3-reise-einpacken-sollten-teil-1\/"},"modified":"2024-11-11T11:27:51","modified_gmt":"2024-11-11T11:27:51","slug":"was-geht-auf-einem-rubikon-3-trip-teil-2","status":"publish","type":"page","link":"https:\/\/www.rubicon3adventure.com\/de\/was-geht-auf-einem-rubikon-3-trip-teil-2\/","title":{"rendered":"Was Sie f\u00fcr eine Rubicon 3 Reise einpacken sollten: Teil 2"},"content":{"rendered":"<h3><strong>Rubicon 3 Packliste f\u00fcr die folgenden Reisen:<\/strong><\/h3>\n<ul>\n<li>Inseln unter dem Winde<\/li>\n<li>Inseln unter dem Winde<\/li>\n<li>Jamaika nach Kuba<\/li>\n<li>Kuba<\/li>\n<li>Bahamas<\/li>\n<li>Alle Rennreisen in der Karibik<\/li>\n<\/ul>\n<p>  Beim Segeln in der Karibik dreht sich alles um Sonne, warme Brisen und kristallklares Wasser. Mit der richtigen Ausr\u00fcstung f\u00fchlen Sie sich wohl und sind bestens vorbereitet, egal ob Sie an Deck entspannen, hart segeln oder tropische Inseln erkunden. Diese Liste wurde sorgf\u00e4ltig an das warme, tropische Klima in der Karibik angepasst.    <\/p>\n<hr>\n<h4><strong>Gep\u00e4ck und Lagerung<\/strong><\/h4>\n<p>  Ihre Ausr\u00fcstung sollte kompakt und leicht zu verstauen sein. Platz ist reichlich vorhanden, aber es ist immer besser, effizient zu packen.   <\/p>\n<ul>\n<li><strong>Tasche (ca. 60 &#8211; 90 Liter):<\/strong> Ein weicher, faltbarer Seesack, wie der Gill Voyager 60L, ist ideal. Wenn Sie R\u00e4der bevorzugen, ist die Gill Rolling Cargo Bag 60L eine gute Alternative. <\/li>\n<li><strong>Plastikt\u00fcten f\u00fcr die Organisation:<\/strong> Verwenden Sie Einkaufst\u00fcten aus Plastik, um Ihre Kleidung zu ordnen und trocken zu halten. Sie sind auch praktisch, um die W\u00e4sche zu trennen. <\/li>\n<\/ul>\n<hr>\n<h3>Schlafen und Komfort<\/h3>\n<p>  Die N\u00e4chte in der Karibik sind warm, so dass schwere Bettw\u00e4sche nicht notwendig ist.  <\/p>\n<ul>\n<li><strong>Schlafsackeinlage oder leichtes Laken:<\/strong> Eine leichte Schlafsackunterlage oder ein einfaches Laken reicht f\u00fcr die warmen N\u00e4chte aus. Nehmen Sie zwei mit, damit Sie nach der H\u00e4lfte der Zeit frische Laken haben. <\/li>\n<li><strong>Kopfkissenbezug (bringen Sie 2):<\/strong> Wir stellen das Kissen zur Verf\u00fcgung &#8211; bringen Sie einfach Ihre Lieblings-Kissenbez\u00fcge mit.<\/li>\n<li><strong>Einzelbettlaken (bringen Sie 2 mit):<\/strong> Dies wird die Matratze f\u00fcr zus\u00e4tzlichen Komfort bedecken.<\/li>\n<\/ul>\n<h3>Kleidung<\/h3>\n<p>  Das Klima in der Karibik ist warm und sonnig, also halten Sie es leicht und bequem.  <\/p>\n<ul>\n<li><strong>4 Paar Unterw\u00e4sche<\/strong><\/li>\n<li><strong>4 Paar d\u00fcnne Socken:<\/strong> Dicke Socken sind nicht n\u00f6tig, nehmen Sie also lieber leichtere Varianten.<\/li>\n<li><strong>6 T-Shirts\/Hemden:<\/strong> Packen Sie mehr kurz\u00e4rmelige und leichte Materialien ein, um k\u00fchl zu bleiben.<\/li>\n<li><strong>1-2 Paar leichte Hosen:<\/strong> W\u00e4hlen Sie eine atmungsaktive, leichte, lange Hose als Sonnenschutz.<\/li>\n<li><strong>2 Paar Shorts:<\/strong> Perfekt f\u00fcr warme Tage auf und au\u00dferhalb des Bootes.<\/li>\n<li><strong>2 Badeanz\u00fcge:<\/strong> Bei den vielen Gelegenheiten zum Schwimmen werden Sie froh sein, einen zus\u00e4tzlichen Badeanzug dabei zu haben.<\/li>\n<li><strong>1 leichtes Fleece-Oberteil:<\/strong> Ein leichtes Fleece oder ein Pullover ist gut f\u00fcr k\u00fchlere Abende geeignet.<\/li>\n<li><strong>Leichte Regenjacke:<\/strong> Eine leichte, atmungsaktive Jacke ist bei tropischen Regenschauern hilfreich.<\/li>\n<\/ul>\n<h3>Schuhe<\/h3>\n<p>  Sicherheit und Komfort sind an Deck wichtig, und leichte Schuhe sind f\u00fcr die Karibik ausreichend.  <\/p>\n<ul>\n<li><strong>Deckschuhe oder Turnschuhe:<\/strong> W\u00e4hlen Sie Schuhe mit gutem Halt f\u00fcr den Einsatz an Deck. Sie m\u00fcssen sich keine Sorgen um nicht markierende Sohlen machen. <\/li>\n<li><strong>Flip Flops:<\/strong> Ideal f\u00fcr den Landgang oder f\u00fcr die Duschen im Jachthafen (nur an Deck nicht erlaubt!).<\/li>\n<\/ul>\n<h3>Zubeh\u00f6r f\u00fcr Sonnenschutz und Komfort<\/h3>\n<p>  Die Sonne in der Karibik ist stark, also bereiten Sie sich vor, um k\u00fchl und gesch\u00fctzt zu bleiben.  <\/p>\n<ul>\n<li><strong>Sonnenhut oder M\u00fctze:<\/strong> Ein breitkrempiger Hut oder eine M\u00fctze ist der perfekte Sonnenschutz.<\/li>\n<li><strong>Sonnenschutz (Sonnenschutzmittel mit Faktor 50+ und UV-Lippenbalsam):<\/strong> Die tropische Sonne kann intensiv sein, daher ist ein hoher Lichtschutzfaktor unerl\u00e4sslich.<\/li>\n<li><strong>Polarisierte Sonnenbrille mit Umh\u00e4ngeband:<\/strong> Polarisierende Gl\u00e4ser reduzieren die Blendung und ein Band sorgt daf\u00fcr, dass sie nicht verrutscht.<\/li>\n<li><strong>Segelhandschuhe (optional):<\/strong> Handschuhe k\u00f6nnen bei der Handhabung von Seilen n\u00fctzlich sein, sind hier aber nicht unbedingt erforderlich.<\/li>\n<\/ul>\n<h3>Verschiedene Essentials<\/h3>\n<p>  Mit diesen Artikeln sind Sie w\u00e4hrend Ihres Abenteuers bequem und gut vorbereitet.  <\/p>\n<ul>\n<li><strong>Waschbeutel:<\/strong> Ein Waschbeutel mit einem Haken ist praktisch f\u00fcr kleine Duschen im Hafen. Nehmen Sie das N\u00f6tigste mit: Zahnb\u00fcrste, Zahnpasta, Shampoo und Deodorant. <\/li>\n<li><strong>Handtuch:<\/strong> Bringen Sie ein normales Badetuch oder ein Sporthandtuch mit.<\/li>\n<li><strong>Medikamente gegen Seekrankheit:<\/strong> Selbst in ruhigeren Gew\u00e4ssern ist es hilfreich, sie zur Hand zu haben.<\/li>\n<li><strong>Wasserflasche:<\/strong> Eine ausreichende Fl\u00fcssigkeitszufuhr ist wichtig, besonders in der Hitze.<\/li>\n<li><strong>Kopftaschenlampe (mit roter Linse):<\/strong> Hervorragend geeignet f\u00fcr eine freih\u00e4ndige Beleuchtung, wenn Sie auf einer Reise mit Nachtpassagen sind, aber auch oft n\u00fctzlich in Yachth\u00e4fen usw. nach Einbruch der Dunkelheit.<\/li>\n<li><strong>Reisepass, Versicherungsdaten und pers\u00f6nliche Medikamente:<\/strong> Bringen Sie immer Ihren Ausweis und alle erforderlichen Medikamente mit.<\/li>\n<li><strong>Logbuch Segeln:<\/strong> Zeichnen Sie Ihre Meilen auf und lassen Sie sich Passagen abzeichnen.<\/li>\n<\/ul>\n<h3>Nicht-wesentliche Extras<\/h3>\n<p>  Diese Extras sind nicht zwingend erforderlich, aber sie k\u00f6nnen Ihre Reise komfortabler machen.  <\/p>\n<ul>\n<li><strong>Ohrst\u00f6psel:<\/strong> Praktisch f\u00fcr eine gute Nachtruhe. Diese werden empfohlen <\/li>\n<li><strong>Augentropfen:<\/strong> Salz und Wind k\u00f6nnen Ihre Augen austrocknen, daher sind Augentropfen eine hilfreiche Erg\u00e4nzung.<\/li>\n<li><strong>Britischer 3-Pin-Adapter:<\/strong> Wir verwenden britische Steckdosen, daher sollten internationale Reisende einen Adapter mitbringen.<\/li>\n<li><strong>Bevorzugte Gew\u00fcrze:<\/strong> Sie lieben eine bestimmte scharfe So\u00dfe oder einen Tee? Bringen Sie sie gerne mit. <\/li>\n<li><strong>Kopfh\u00f6rer, Buch\/Kindle\/Notebook:<\/strong> Ideal, um sich von der Uhr zu erholen.<\/li>\n<li><strong>USB-Ventilator zum Anstecken: <\/strong>Es macht einen gro\u00dfen Unterschied, ob Sie nachts einen k\u00fchlen Kopf bewahren. Nehmen Sie ihn mit einem Clip. <\/li>\n<li><strong>USB-zu-USB-C-Adapter:<\/strong> Wir haben USB-Anschl\u00fcsse an Bord, daher m\u00fcssen Sie m\u00f6glicherweise einen Adapter mitbringen.<\/li>\n<li><strong>Schnorchel und Flossen:<\/strong> Wir stellen einige an Bord zur Verf\u00fcgung, aber wenn Sie die perfekte Ausr\u00fcstung w\u00fcnschen, bringen Sie Ihre eigene mit.<\/li>\n<\/ul>\n<hr>\n<h3>Was Sie nicht mitbringen sollten<\/h3>\n<p>  Wir stellen Ihnen kommerziell codierte Schwimmwesten und pers\u00f6nliche Peilsender zur Verf\u00fcgung. Bringen Sie also bitte keine eigenen mit, da Sie diese nicht benutzen d\u00fcrfen.  <\/p>\n<hr>\n<h3>Bereit zum Segeln?<\/h3>\n<p>  Ihr karibisches Abenteuer wartet auf Sie! Mit der richtigen Ausr\u00fcstung sind Sie bereit f\u00fcr eine Reise voller Sonne, Meer und Entdeckungen. Wir freuen uns darauf, Sie an Bord zu haben. Lassen Sie das tropische Abenteuer beginnen!  <\/p>\n","protected":false},"excerpt":{"rendered":"<p>Rubicon 3 Packliste f\u00fcr die folgenden Reisen: Inseln unter dem Winde Inseln unter dem Winde&hellip;<\/p>\n","protected":false},"author":5,"featured_media":0,"parent":0,"menu_order":0,"comment_status":"closed","ping_status":"closed","template":"","meta":{"_acf_changed":false,"content-type":"","footnotes":""},"class_list":["post-6741","page","type-page","status-publish","hentry"],"acf":[],"yoast_head":"<!-- This site is optimized with the Yoast SEO Premium plugin v27.3 (Yoast SEO v27.3) - https:\/\/yoast.com\/product\/yoast-seo-premium-wordpress\/ -->\n<title>Was Sie f\u00fcr eine Rubicon 3 Reise einpacken sollten: Teil 2 | Rubicon 3 Adventure<\/title>\n<meta name=\"description\" content=\"Umfassender Packf\u00fchrer f\u00fcr Rubicon 3 Segelabenteuer in der Karibik. Was Sie mitnehmen sollten und was nicht.\" \/>\n<meta name=\"robots\" content=\"index, follow, max-snippet:-1, max-image-preview:large, max-video-preview:-1\" \/>\n<link rel=\"canonical\" href=\"https:\/\/www.rubicon3adventure.com\/de\/was-geht-auf-einem-rubikon-3-trip-teil-2\/\" \/>\n<meta property=\"og:locale\" content=\"de_DE\" \/>\n<meta property=\"og:type\" content=\"article\" \/>\n<meta property=\"og:title\" content=\"Was Sie f\u00fcr eine Rubicon 3 Reise einpacken sollten: Teil 2 | Rubicon 3 Adventure\" \/>\n<meta property=\"og:description\" content=\"Umfassender Packf\u00fchrer f\u00fcr Rubicon 3 Segelabenteuer in der Karibik. Was Sie mitnehmen sollten und was nicht.\" \/>\n<meta property=\"og:url\" content=\"https:\/\/www.rubicon3adventure.com\/de\/was-geht-auf-einem-rubikon-3-trip-teil-2\/\" \/>\n<meta property=\"og:site_name\" content=\"Rubicon 3 Adventure\" \/>\n<meta property=\"article:publisher\" content=\"https:\/\/www.facebook.com\/rubicon3sailing\" \/>\n<meta property=\"article:modified_time\" content=\"2024-11-11T11:27:51+00:00\" \/>\n<meta property=\"og:image\" content=\"https:\/\/www.rubicon3adventure.com\/wp-content\/uploads\/2024\/03\/Rubicon_Schema-Image-scaled.jpg\" \/>\n\t<meta property=\"og:image:width\" content=\"2560\" \/>\n\t<meta property=\"og:image:height\" content=\"1554\" \/>\n\t<meta property=\"og:image:type\" content=\"image\/jpeg\" \/>\n<meta name=\"twitter:card\" content=\"summary_large_image\" \/>\n<meta name=\"twitter:site\" content=\"@rubicon3sailing\" \/>\n<meta name=\"twitter:label1\" content=\"Gesch\u00e4tzte Lesezeit\" \/>\n\t<meta name=\"twitter:data1\" content=\"5 Minuten\" \/>\n<script type=\"application\/ld+json\" class=\"yoast-schema-graph\">{\"@context\":\"https:\\\/\\\/schema.org\",\"@graph\":[{\"@type\":\"WebPage\",\"@id\":\"https:\\\/\\\/www.rubicon3adventure.com\\\/de\\\/was-geht-auf-einem-rubikon-3-trip-teil-2\\\/\",\"url\":\"https:\\\/\\\/www.rubicon3adventure.com\\\/de\\\/was-geht-auf-einem-rubikon-3-trip-teil-2\\\/\",\"name\":\"Was Sie f\u00fcr eine Rubicon 3 Reise einpacken sollten: Teil 2 | Rubicon 3 Adventure\",\"isPartOf\":{\"@id\":\"https:\\\/\\\/www.rubicon3adventure.com\\\/de\\\/#website\"},\"datePublished\":\"2024-11-11T11:06:51+00:00\",\"dateModified\":\"2024-11-11T11:27:51+00:00\",\"description\":\"Umfassender Packf\u00fchrer f\u00fcr Rubicon 3 Segelabenteuer in der Karibik. Was Sie mitnehmen sollten und was nicht.\",\"inLanguage\":\"de-DE\",\"potentialAction\":[{\"@type\":\"ReadAction\",\"target\":[\"https:\\\/\\\/www.rubicon3adventure.com\\\/de\\\/was-geht-auf-einem-rubikon-3-trip-teil-2\\\/\"]}]},{\"@type\":\"WebSite\",\"@id\":\"https:\\\/\\\/www.rubicon3adventure.com\\\/de\\\/#website\",\"url\":\"https:\\\/\\\/www.rubicon3adventure.com\\\/de\\\/\",\"name\":\"Rubicon 3 Adventure\",\"description\":\"\",\"publisher\":{\"@id\":\"https:\\\/\\\/www.rubicon3adventure.com\\\/de\\\/#organization\"},\"potentialAction\":[{\"@type\":\"SearchAction\",\"target\":{\"@type\":\"EntryPoint\",\"urlTemplate\":\"https:\\\/\\\/www.rubicon3adventure.com\\\/de\\\/?s={search_term_string}\"},\"query-input\":{\"@type\":\"PropertyValueSpecification\",\"valueRequired\":true,\"valueName\":\"search_term_string\"}}],\"inLanguage\":\"de-DE\"},{\"@type\":\"Organization\",\"@id\":\"https:\\\/\\\/www.rubicon3adventure.com\\\/de\\\/#organization\",\"name\":\"Rubicon 3 Adventures\",\"alternateName\":\"Blueco Holdings Ltd\",\"url\":\"https:\\\/\\\/www.rubicon3adventure.com\\\/de\\\/\",\"logo\":{\"@type\":\"ImageObject\",\"inLanguage\":\"de-DE\",\"@id\":\"https:\\\/\\\/www.rubicon3adventure.com\\\/de\\\/#\\\/schema\\\/logo\\\/image\\\/\",\"url\":\"https:\\\/\\\/www.rubicon3adventure.com\\\/wp-content\\\/uploads\\\/2024\\\/03\\\/Rubicon_Schema-Image-scaled.jpg\",\"contentUrl\":\"https:\\\/\\\/www.rubicon3adventure.com\\\/wp-content\\\/uploads\\\/2024\\\/03\\\/Rubicon_Schema-Image-scaled.jpg\",\"width\":2560,\"height\":1554,\"caption\":\"Rubicon 3 Adventures\"},\"image\":{\"@id\":\"https:\\\/\\\/www.rubicon3adventure.com\\\/de\\\/#\\\/schema\\\/logo\\\/image\\\/\"},\"sameAs\":[\"https:\\\/\\\/www.facebook.com\\\/rubicon3sailing\",\"https:\\\/\\\/x.com\\\/rubicon3sailing\",\"https:\\\/\\\/www.instagram.com\\\/rubicon_3_sailing\\\/\",\"https:\\\/\\\/www.pinterest.co.uk\\\/rubicon3sailing\\\/\",\"https:\\\/\\\/www.youtube.com\\\/channel\\\/UCUVTAy1Qm4lz0uZI_83Um8A\",\"https:\\\/\\\/www.linkedin.com\\\/company\\\/rubicon-3\\\/\"]}]}<\/script>\n<!-- \/ Yoast SEO Premium plugin. -->","yoast_head_json":{"title":"Was Sie f\u00fcr eine Rubicon 3 Reise einpacken sollten: Teil 2 | Rubicon 3 Adventure","description":"Umfassender Packf\u00fchrer f\u00fcr Rubicon 3 Segelabenteuer in der Karibik. Was Sie mitnehmen sollten und was nicht.","robots":{"index":"index","follow":"follow","max-snippet":"max-snippet:-1","max-image-preview":"max-image-preview:large","max-video-preview":"max-video-preview:-1"},"canonical":"https:\/\/www.rubicon3adventure.com\/de\/was-geht-auf-einem-rubikon-3-trip-teil-2\/","og_locale":"de_DE","og_type":"article","og_title":"Was Sie f\u00fcr eine Rubicon 3 Reise einpacken sollten: Teil 2 | Rubicon 3 Adventure","og_description":"Umfassender Packf\u00fchrer f\u00fcr Rubicon 3 Segelabenteuer in der Karibik. Was Sie mitnehmen sollten und was nicht.","og_url":"https:\/\/www.rubicon3adventure.com\/de\/was-geht-auf-einem-rubikon-3-trip-teil-2\/","og_site_name":"Rubicon 3 Adventure","article_publisher":"https:\/\/www.facebook.com\/rubicon3sailing","article_modified_time":"2024-11-11T11:27:51+00:00","og_image":[{"width":2560,"height":1554,"url":"https:\/\/www.rubicon3adventure.com\/wp-content\/uploads\/2024\/03\/Rubicon_Schema-Image-scaled.jpg","type":"image\/jpeg"}],"twitter_card":"summary_large_image","twitter_site":"@rubicon3sailing","twitter_misc":{"Gesch\u00e4tzte Lesezeit":"5 Minuten"},"schema":{"@context":"https:\/\/schema.org","@graph":[{"@type":"WebPage","@id":"https:\/\/www.rubicon3adventure.com\/de\/was-geht-auf-einem-rubikon-3-trip-teil-2\/","url":"https:\/\/www.rubicon3adventure.com\/de\/was-geht-auf-einem-rubikon-3-trip-teil-2\/","name":"Was Sie f\u00fcr eine Rubicon 3 Reise einpacken sollten: Teil 2 | Rubicon 3 Adventure","isPartOf":{"@id":"https:\/\/www.rubicon3adventure.com\/de\/#website"},"datePublished":"2024-11-11T11:06:51+00:00","dateModified":"2024-11-11T11:27:51+00:00","description":"Umfassender Packf\u00fchrer f\u00fcr Rubicon 3 Segelabenteuer in der Karibik. Was Sie mitnehmen sollten und was nicht.","inLanguage":"de-DE","potentialAction":[{"@type":"ReadAction","target":["https:\/\/www.rubicon3adventure.com\/de\/was-geht-auf-einem-rubikon-3-trip-teil-2\/"]}]},{"@type":"WebSite","@id":"https:\/\/www.rubicon3adventure.com\/de\/#website","url":"https:\/\/www.rubicon3adventure.com\/de\/","name":"Rubicon 3 Adventure","description":"","publisher":{"@id":"https:\/\/www.rubicon3adventure.com\/de\/#organization"},"potentialAction":[{"@type":"SearchAction","target":{"@type":"EntryPoint","urlTemplate":"https:\/\/www.rubicon3adventure.com\/de\/?s={search_term_string}"},"query-input":{"@type":"PropertyValueSpecification","valueRequired":true,"valueName":"search_term_string"}}],"inLanguage":"de-DE"},{"@type":"Organization","@id":"https:\/\/www.rubicon3adventure.com\/de\/#organization","name":"Rubicon 3 Adventures","alternateName":"Blueco Holdings Ltd","url":"https:\/\/www.rubicon3adventure.com\/de\/","logo":{"@type":"ImageObject","inLanguage":"de-DE","@id":"https:\/\/www.rubicon3adventure.com\/de\/#\/schema\/logo\/image\/","url":"https:\/\/www.rubicon3adventure.com\/wp-content\/uploads\/2024\/03\/Rubicon_Schema-Image-scaled.jpg","contentUrl":"https:\/\/www.rubicon3adventure.com\/wp-content\/uploads\/2024\/03\/Rubicon_Schema-Image-scaled.jpg","width":2560,"height":1554,"caption":"Rubicon 3 Adventures"},"image":{"@id":"https:\/\/www.rubicon3adventure.com\/de\/#\/schema\/logo\/image\/"},"sameAs":["https:\/\/www.facebook.com\/rubicon3sailing","https:\/\/x.com\/rubicon3sailing","https:\/\/www.instagram.com\/rubicon_3_sailing\/","https:\/\/www.pinterest.co.uk\/rubicon3sailing\/","https:\/\/www.youtube.com\/channel\/UCUVTAy1Qm4lz0uZI_83Um8A","https:\/\/www.linkedin.com\/company\/rubicon-3\/"]}]}},"_links":{"self":[{"href":"https:\/\/www.rubicon3adventure.com\/de\/wp-json\/wp\/v2\/pages\/6741","targetHints":{"allow":["GET"]}}],"collection":[{"href":"https:\/\/www.rubicon3adventure.com\/de\/wp-json\/wp\/v2\/pages"}],"about":[{"href":"https:\/\/www.rubicon3adventure.com\/de\/wp-json\/wp\/v2\/types\/page"}],"author":[{"embeddable":true,"href":"https:\/\/www.rubicon3adventure.com\/de\/wp-json\/wp\/v2\/users\/5"}],"replies":[{"embeddable":true,"href":"https:\/\/www.rubicon3adventure.com\/de\/wp-json\/wp\/v2\/comments?post=6741"}],"version-history":[{"count":0,"href":"https:\/\/www.rubicon3adventure.com\/de\/wp-json\/wp\/v2\/pages\/6741\/revisions"}],"wp:attachment":[{"href":"https:\/\/www.rubicon3adventure.com\/de\/wp-json\/wp\/v2\/media?parent=6741"}],"curies":[{"name":"wp","href":"https:\/\/api.w.org\/{rel}","templated":true}]}}