{"id":4957,"date":"2024-04-01T15:50:01","date_gmt":"2024-04-01T14:50:01","guid":{"rendered":"https:\/\/www.rubicon3adventure.com\/product\/kuba-entdecker\/"},"modified":"2024-06-20T17:36:55","modified_gmt":"2024-06-20T16:36:55","slug":"kuba-entdecker","status":"publish","type":"product","link":"https:\/\/www.rubicon3adventure.com\/de\/produkt\/kuba-entdecker\/","title":{"rendered":"Kuba Entdecker"},"content":{"rendered":"<p data-pm-slice=\"1 1 []\">Willkommen auf Kuba, einem Inselstaat, der reich an Geschichte, Kultur und nat\u00fcrlicher Sch\u00f6nheit ist. Machen Sie sich bereit f\u00fcr einige der sch\u00f6nsten Str\u00e4nde der Welt wie Playa Sirena, Oldtimer und spektakul\u00e4re Kolonialarchitektur. Kuba ist eine berauschende Mischung aus Geschichte, lateinamerikanischer und <a href=\"https:\/\/www.rubicon3adventure.com\/sailing-caribbean-waters-the-rubicon-3-guide-for-sailors\/\">karibischer<\/a> Kultur, weiten Bergen und Mangroven. Abgesehen von seinen physischen Attraktionen liegt die wahre Seele Kubas in seinen Menschen &#8211; so warmherzig, einladend und stolz auf ihr Erbe und mit einem gemeinsamen Sinn f\u00fcr Gemeinschaft und Widerstandsf\u00e4higkeit, der wirklich inspirierend ist. Diese Expedition beginnt an der S\u00fcdwestk\u00fcste Kubas und endet in der kultigen Hauptstadt Havanna.<\/p>\n<h4>Segeln Sie mit den Experten f\u00fcr Segelerlebnisse abseits der ausgetretenen Pfade<\/h4>\n<p>Rubicon 3 sind die f\u00fchrenden Experten f\u00fcr Segelabenteuer abseits der ausgetretenen Pfade. Sie sind bekannt f\u00fcr einige der abgelegensten und spektakul\u00e4rsten Segelabenteuer \u00fcberhaupt. Unser Ruf beruht auf umfassender Erfahrung, rigoroser Ausbildung und einem echten Engagement f\u00fcr die Erkundung unbekannter Gebiete. Die fachkundige Crew der Rubicon 3 mit ihrer hart erk\u00e4mpften Erfahrung in der Navigation durch abgelegene Gebiete bietet praktischen Unterricht im Segeln und hei\u00dft sowohl Neulinge als auch erfahrene Segler willkommen, die nach neuen Herausforderungen suchen.<\/p>\n<p>Es handelt sich um einzigartige Abenteuer, die abseits der \u00fcblichen Routen verlaufen und die Chance auf aufregende Segelerlebnisse voller Entdeckungen bieten. Das Herzst\u00fcck unseres Ethos ist ein starkes Engagement f\u00fcr Sicherheit und Umweltschutz, das sicherstellt, dass jede Reise sowohl die Teilnehmer als auch die unber\u00fchrte Natur, die wir erkunden, respektiert. Dieser umfassende Ansatz hat Rubicon 3 den Status als Anlaufstelle f\u00fcr diejenigen gesichert, die das ultimative Segelabenteuer abseits der ausgetretenen Pfade suchen.<\/p>\n<div class=\"w-full text-token-text-primary\" data-testid=\"conversation-turn-11\">\n<div class=\"px-4 py-2 justify-center text-base md:gap-6 m-auto\">\n<div class=\"flex flex-1 text-base mx-auto gap-3 md:px-5 lg:px-1 xl:px-5 md:max-w-3xl lg:max-w-[40rem] xl:max-w-[48rem] group\">\n<div class=\"relative flex w-full flex-col agent-turn\">\n<div class=\"flex-col gap-1 md:gap-3\">\n<div class=\"flex flex-grow flex-col max-w-full\">\n<div class=\"min-h-[20px] text-message flex flex-col items-start gap-3 whitespace-pre-wrap break-words [.text-message+&amp;]:mt-5 overflow-x-auto\" data-message-author-role=\"assistant\" data-message-id=\"812bf16a-fd43-4ce9-8507-742b4d5581de\">\n<div class=\"markdown prose w-full break-words dark:prose-invert light\">\n<h4>Wollen Sie mitmachen?<\/h4>\n<p>Gehen Sie auf die Schaltfl\u00e4che Termine &amp; Preise, um die Termine f\u00fcr diese Segelreise nach Kuba zu sehen. Dort finden Sie auch Informationen zu Anschlussreisen, z.B. wohin Sie fliegen und wann und wo Sie an Bord gehen k\u00f6nnen. Bitte beachten Sie, dass Sie wahrscheinlich eine Cuba Tourist Card ben\u00f6tigen. <a href=\"https:\/\/visacuba.com\/\">Siehe hier f\u00fcr Details<\/a>. Warum kombinieren Sie diese Reise nicht mit der <a href=\"https:\/\/www.rubicon3adventure.com\/de\/produkt\/segeln-jamaika-nach-kuba\/\">Expedition von Jamaika nach Kuba<\/a>, die kurz davor stattfindet, um das ultimative Segelabenteuer auf Kuba zu erleben?<\/p>\n<\/div>\n<\/div>\n<\/div>\n<div class=\"mt-1 flex justify-start gap-3 empty:hidden\">\n<div class=\"text-gray-400 flex self-end lg:self-center justify-center lg:justify-start mt-0 -ml-1 visible\">\n<p>&nbsp;<\/p>\n<div class=\"flex\"><\/div>\n<\/div>\n<\/div>\n<\/div>\n<\/div>\n<\/div>\n<\/div>\n<\/div>\n<div class=\"w-full text-token-text-primary\" data-testid=\"conversation-turn-12\">\n<div class=\"px-4 py-2 justify-center text-base md:gap-6 m-auto\">\n<div class=\"flex flex-1 text-base mx-auto gap-3 md:px-5 lg:px-1 xl:px-5 md:max-w-3xl lg:max-w-[40rem] xl:max-w-[48rem] group\">\n<div class=\"flex-shrink-0 flex flex-col relative items-end\">\n<div>\n<div class=\"pt-0.5\">\n<div class=\"gizmo-shadow-stroke flex h-6 w-6 items-center justify-center overflow-hidden rounded-full\"><\/div>\n<\/div>\n<\/div>\n<\/div>\n<\/div>\n<\/div>\n<\/div>\n","protected":false},"excerpt":{"rendered":"<p>Abenteuer Segeln in Kuba, mit einer berauschenden Passage von Cienfuegos nach Havanna. Inseln, Kultur, Tierwelt und Geschichte in Kombination mit warmem Passatwindsegeln.<\/p>\n","protected":false},"featured_media":2912,"comment_status":"closed","ping_status":"closed","template":"","meta":{"_acf_changed":false,"content-type":""},"product_brand":[],"product_cat":[235,238,241],"product_tag":[],"class_list":{"0":"post-4957","1":"product","2":"type-product","3":"status-publish","4":"has-post-thumbnail","6":"product_cat-abenteuer-segelurlaub","7":"product_cat-karibik-und-amerika","8":"product_cat-kueste","9":"trip_region-karibik-und-amerika","10":"trip_type-hochsee","11":"trip_type-kuesten","12":"trip_duration-11-16-tage","14":"first","15":"outofstock","16":"shipping-taxable","17":"product-type-variable"},"acf":[],"yoast_head":"<!-- This site is optimized with the Yoast SEO Premium plugin v27.3 (Yoast SEO v27.3) - https:\/\/yoast.com\/product\/yoast-seo-premium-wordpress\/ -->\n<title>Segelabenteuer auf Entdeckungstour | Cuba Explorer nach Havanna<\/title>\n<meta name=\"description\" content=\"Schlie\u00dfen Sie sich der Crew der Nr. 1 der Abenteuersegler an und erleben Sie ein unglaubliches Segelabenteuer von Cienfuegos nach Havanna. Solo-Crew willkommen\" \/>\n<meta name=\"robots\" content=\"index, follow, max-snippet:-1, max-image-preview:large, max-video-preview:-1\" \/>\n<link rel=\"canonical\" href=\"https:\/\/www.rubicon3adventure.com\/de\/produkt\/kuba-entdecker\/\" \/>\n<meta property=\"og:locale\" content=\"de_DE\" \/>\n<meta property=\"og:type\" content=\"article\" \/>\n<meta property=\"og:title\" content=\"Segelabenteuer auf Entdeckungstour | Cuba Explorer nach Havanna\" \/>\n<meta property=\"og:description\" content=\"Schlie\u00dfen Sie sich der Crew der Nr. 1 der Abenteuersegler an und erleben Sie ein unglaubliches Segelabenteuer von Cienfuegos nach Havanna. Solo-Crew willkommen\" \/>\n<meta property=\"og:url\" content=\"https:\/\/www.rubicon3adventure.com\/de\/produkt\/kuba-entdecker\/\" \/>\n<meta property=\"og:site_name\" content=\"Rubicon 3 Adventure\" \/>\n<meta property=\"article:publisher\" content=\"https:\/\/www.facebook.com\/rubicon3sailing\" \/>\n<meta property=\"article:modified_time\" content=\"2024-06-20T16:36:55+00:00\" \/>\n<meta property=\"og:image\" content=\"https:\/\/www.rubicon3adventure.com\/wp-content\/uploads\/2024\/03\/cuba-car-on-beach-2560.webp\" \/>\n\t<meta property=\"og:image:width\" content=\"2560\" \/>\n\t<meta property=\"og:image:height\" content=\"1440\" \/>\n\t<meta property=\"og:image:type\" content=\"image\/webp\" \/>\n<meta name=\"twitter:card\" content=\"summary_large_image\" \/>\n<meta name=\"twitter:site\" content=\"@rubicon3sailing\" \/>\n<meta name=\"twitter:label1\" content=\"Gesch\u00e4tzte Lesezeit\" \/>\n\t<meta name=\"twitter:data1\" content=\"11 Minuten\" \/>\n<script type=\"application\/ld+json\" class=\"yoast-schema-graph\">{\"@context\":\"https:\\\/\\\/schema.org\",\"@graph\":[{\"@type\":\"WebPage\",\"@id\":\"https:\\\/\\\/www.rubicon3adventure.com\\\/de\\\/produkt\\\/kuba-entdecker\\\/\",\"url\":\"https:\\\/\\\/www.rubicon3adventure.com\\\/de\\\/produkt\\\/kuba-entdecker\\\/\",\"name\":\"Segelabenteuer auf Entdeckungstour | Cuba Explorer nach Havanna\",\"isPartOf\":{\"@id\":\"https:\\\/\\\/www.rubicon3adventure.com\\\/de\\\/#website\"},\"primaryImageOfPage\":{\"@id\":\"https:\\\/\\\/www.rubicon3adventure.com\\\/de\\\/produkt\\\/kuba-entdecker\\\/#primaryimage\"},\"image\":{\"@id\":\"https:\\\/\\\/www.rubicon3adventure.com\\\/de\\\/produkt\\\/kuba-entdecker\\\/#primaryimage\"},\"thumbnailUrl\":\"https:\\\/\\\/www.rubicon3adventure.com\\\/wp-content\\\/uploads\\\/2024\\\/03\\\/cuba-car-on-beach-2560.webp\",\"datePublished\":\"2024-04-01T14:50:01+00:00\",\"dateModified\":\"2024-06-20T16:36:55+00:00\",\"description\":\"Schlie\u00dfen Sie sich der Crew der Nr. 1 der Abenteuersegler an und erleben Sie ein unglaubliches Segelabenteuer von Cienfuegos nach Havanna. Solo-Crew willkommen\",\"breadcrumb\":{\"@id\":\"https:\\\/\\\/www.rubicon3adventure.com\\\/de\\\/produkt\\\/kuba-entdecker\\\/#breadcrumb\"},\"inLanguage\":\"de-DE\",\"potentialAction\":[{\"@type\":\"ReadAction\",\"target\":[\"https:\\\/\\\/www.rubicon3adventure.com\\\/de\\\/produkt\\\/kuba-entdecker\\\/\"]}]},{\"@type\":\"ImageObject\",\"inLanguage\":\"de-DE\",\"@id\":\"https:\\\/\\\/www.rubicon3adventure.com\\\/de\\\/produkt\\\/kuba-entdecker\\\/#primaryimage\",\"url\":\"https:\\\/\\\/www.rubicon3adventure.com\\\/wp-content\\\/uploads\\\/2024\\\/03\\\/cuba-car-on-beach-2560.webp\",\"contentUrl\":\"https:\\\/\\\/www.rubicon3adventure.com\\\/wp-content\\\/uploads\\\/2024\\\/03\\\/cuba-car-on-beach-2560.webp\",\"width\":2560,\"height\":1440,\"caption\":\"Auto am Strand von Kuba\"},{\"@type\":\"BreadcrumbList\",\"@id\":\"https:\\\/\\\/www.rubicon3adventure.com\\\/de\\\/produkt\\\/kuba-entdecker\\\/#breadcrumb\",\"itemListElement\":[{\"@type\":\"ListItem\",\"position\":1,\"name\":\"Shop\",\"item\":\"https:\\\/\\\/www.rubicon3adventure.com\\\/de\\\/shop\\\/\"},{\"@type\":\"ListItem\",\"position\":2,\"name\":\"Kuba Entdecker\"}]},{\"@type\":\"WebSite\",\"@id\":\"https:\\\/\\\/www.rubicon3adventure.com\\\/de\\\/#website\",\"url\":\"https:\\\/\\\/www.rubicon3adventure.com\\\/de\\\/\",\"name\":\"Rubicon 3 Adventure\",\"description\":\"\",\"publisher\":{\"@id\":\"https:\\\/\\\/www.rubicon3adventure.com\\\/de\\\/#organization\"},\"potentialAction\":[{\"@type\":\"SearchAction\",\"target\":{\"@type\":\"EntryPoint\",\"urlTemplate\":\"https:\\\/\\\/www.rubicon3adventure.com\\\/de\\\/?s={search_term_string}\"},\"query-input\":{\"@type\":\"PropertyValueSpecification\",\"valueRequired\":true,\"valueName\":\"search_term_string\"}}],\"inLanguage\":\"de-DE\"},{\"@type\":\"Organization\",\"@id\":\"https:\\\/\\\/www.rubicon3adventure.com\\\/de\\\/#organization\",\"name\":\"Rubicon 3 Adventures\",\"alternateName\":\"Blueco Holdings Ltd\",\"url\":\"https:\\\/\\\/www.rubicon3adventure.com\\\/de\\\/\",\"logo\":{\"@type\":\"ImageObject\",\"inLanguage\":\"de-DE\",\"@id\":\"https:\\\/\\\/www.rubicon3adventure.com\\\/de\\\/#\\\/schema\\\/logo\\\/image\\\/\",\"url\":\"https:\\\/\\\/www.rubicon3adventure.com\\\/wp-content\\\/uploads\\\/2024\\\/03\\\/Rubicon_Schema-Image-scaled.jpg\",\"contentUrl\":\"https:\\\/\\\/www.rubicon3adventure.com\\\/wp-content\\\/uploads\\\/2024\\\/03\\\/Rubicon_Schema-Image-scaled.jpg\",\"width\":2560,\"height\":1554,\"caption\":\"Rubicon 3 Adventures\"},\"image\":{\"@id\":\"https:\\\/\\\/www.rubicon3adventure.com\\\/de\\\/#\\\/schema\\\/logo\\\/image\\\/\"},\"sameAs\":[\"https:\\\/\\\/www.facebook.com\\\/rubicon3sailing\",\"https:\\\/\\\/x.com\\\/rubicon3sailing\",\"https:\\\/\\\/www.instagram.com\\\/rubicon_3_sailing\\\/\",\"https:\\\/\\\/www.pinterest.co.uk\\\/rubicon3sailing\\\/\",\"https:\\\/\\\/www.youtube.com\\\/channel\\\/UCUVTAy1Qm4lz0uZI_83Um8A\",\"https:\\\/\\\/www.linkedin.com\\\/company\\\/rubicon-3\\\/\"]}]}<\/script>\n<!-- \/ Yoast SEO Premium plugin. -->","yoast_head_json":{"title":"Segelabenteuer auf Entdeckungstour | Cuba Explorer nach Havanna","description":"Schlie\u00dfen Sie sich der Crew der Nr. 1 der Abenteuersegler an und erleben Sie ein unglaubliches Segelabenteuer von Cienfuegos nach Havanna. Solo-Crew willkommen","robots":{"index":"index","follow":"follow","max-snippet":"max-snippet:-1","max-image-preview":"max-image-preview:large","max-video-preview":"max-video-preview:-1"},"canonical":"https:\/\/www.rubicon3adventure.com\/de\/produkt\/kuba-entdecker\/","og_locale":"de_DE","og_type":"article","og_title":"Segelabenteuer auf Entdeckungstour | Cuba Explorer nach Havanna","og_description":"Schlie\u00dfen Sie sich der Crew der Nr. 1 der Abenteuersegler an und erleben Sie ein unglaubliches Segelabenteuer von Cienfuegos nach Havanna. Solo-Crew willkommen","og_url":"https:\/\/www.rubicon3adventure.com\/de\/produkt\/kuba-entdecker\/","og_site_name":"Rubicon 3 Adventure","article_publisher":"https:\/\/www.facebook.com\/rubicon3sailing","article_modified_time":"2024-06-20T16:36:55+00:00","og_image":[{"width":2560,"height":1440,"url":"https:\/\/www.rubicon3adventure.com\/wp-content\/uploads\/2024\/03\/cuba-car-on-beach-2560.webp","type":"image\/webp"}],"twitter_card":"summary_large_image","twitter_site":"@rubicon3sailing","twitter_misc":{"Gesch\u00e4tzte Lesezeit":"11 Minuten"},"schema":{"@context":"https:\/\/schema.org","@graph":[{"@type":"WebPage","@id":"https:\/\/www.rubicon3adventure.com\/de\/produkt\/kuba-entdecker\/","url":"https:\/\/www.rubicon3adventure.com\/de\/produkt\/kuba-entdecker\/","name":"Segelabenteuer auf Entdeckungstour | Cuba Explorer nach Havanna","isPartOf":{"@id":"https:\/\/www.rubicon3adventure.com\/de\/#website"},"primaryImageOfPage":{"@id":"https:\/\/www.rubicon3adventure.com\/de\/produkt\/kuba-entdecker\/#primaryimage"},"image":{"@id":"https:\/\/www.rubicon3adventure.com\/de\/produkt\/kuba-entdecker\/#primaryimage"},"thumbnailUrl":"https:\/\/www.rubicon3adventure.com\/wp-content\/uploads\/2024\/03\/cuba-car-on-beach-2560.webp","datePublished":"2024-04-01T14:50:01+00:00","dateModified":"2024-06-20T16:36:55+00:00","description":"Schlie\u00dfen Sie sich der Crew der Nr. 1 der Abenteuersegler an und erleben Sie ein unglaubliches Segelabenteuer von Cienfuegos nach Havanna. Solo-Crew willkommen","breadcrumb":{"@id":"https:\/\/www.rubicon3adventure.com\/de\/produkt\/kuba-entdecker\/#breadcrumb"},"inLanguage":"de-DE","potentialAction":[{"@type":"ReadAction","target":["https:\/\/www.rubicon3adventure.com\/de\/produkt\/kuba-entdecker\/"]}]},{"@type":"ImageObject","inLanguage":"de-DE","@id":"https:\/\/www.rubicon3adventure.com\/de\/produkt\/kuba-entdecker\/#primaryimage","url":"https:\/\/www.rubicon3adventure.com\/wp-content\/uploads\/2024\/03\/cuba-car-on-beach-2560.webp","contentUrl":"https:\/\/www.rubicon3adventure.com\/wp-content\/uploads\/2024\/03\/cuba-car-on-beach-2560.webp","width":2560,"height":1440,"caption":"Auto am Strand von Kuba"},{"@type":"BreadcrumbList","@id":"https:\/\/www.rubicon3adventure.com\/de\/produkt\/kuba-entdecker\/#breadcrumb","itemListElement":[{"@type":"ListItem","position":1,"name":"Shop","item":"https:\/\/www.rubicon3adventure.com\/de\/shop\/"},{"@type":"ListItem","position":2,"name":"Kuba Entdecker"}]},{"@type":"WebSite","@id":"https:\/\/www.rubicon3adventure.com\/de\/#website","url":"https:\/\/www.rubicon3adventure.com\/de\/","name":"Rubicon 3 Adventure","description":"","publisher":{"@id":"https:\/\/www.rubicon3adventure.com\/de\/#organization"},"potentialAction":[{"@type":"SearchAction","target":{"@type":"EntryPoint","urlTemplate":"https:\/\/www.rubicon3adventure.com\/de\/?s={search_term_string}"},"query-input":{"@type":"PropertyValueSpecification","valueRequired":true,"valueName":"search_term_string"}}],"inLanguage":"de-DE"},{"@type":"Organization","@id":"https:\/\/www.rubicon3adventure.com\/de\/#organization","name":"Rubicon 3 Adventures","alternateName":"Blueco Holdings Ltd","url":"https:\/\/www.rubicon3adventure.com\/de\/","logo":{"@type":"ImageObject","inLanguage":"de-DE","@id":"https:\/\/www.rubicon3adventure.com\/de\/#\/schema\/logo\/image\/","url":"https:\/\/www.rubicon3adventure.com\/wp-content\/uploads\/2024\/03\/Rubicon_Schema-Image-scaled.jpg","contentUrl":"https:\/\/www.rubicon3adventure.com\/wp-content\/uploads\/2024\/03\/Rubicon_Schema-Image-scaled.jpg","width":2560,"height":1554,"caption":"Rubicon 3 Adventures"},"image":{"@id":"https:\/\/www.rubicon3adventure.com\/de\/#\/schema\/logo\/image\/"},"sameAs":["https:\/\/www.facebook.com\/rubicon3sailing","https:\/\/x.com\/rubicon3sailing","https:\/\/www.instagram.com\/rubicon_3_sailing\/","https:\/\/www.pinterest.co.uk\/rubicon3sailing\/","https:\/\/www.youtube.com\/channel\/UCUVTAy1Qm4lz0uZI_83Um8A","https:\/\/www.linkedin.com\/company\/rubicon-3\/"]}]}},"_links":{"self":[{"href":"https:\/\/www.rubicon3adventure.com\/de\/wp-json\/wp\/v2\/product\/4957","targetHints":{"allow":["GET"]}}],"collection":[{"href":"https:\/\/www.rubicon3adventure.com\/de\/wp-json\/wp\/v2\/product"}],"about":[{"href":"https:\/\/www.rubicon3adventure.com\/de\/wp-json\/wp\/v2\/types\/product"}],"replies":[{"embeddable":true,"href":"https:\/\/www.rubicon3adventure.com\/de\/wp-json\/wp\/v2\/comments?post=4957"}],"wp:featuredmedia":[{"embeddable":true,"href":"https:\/\/www.rubicon3adventure.com\/de\/wp-json\/wp\/v2\/media\/2912"}],"wp:attachment":[{"href":"https:\/\/www.rubicon3adventure.com\/de\/wp-json\/wp\/v2\/media?parent=4957"}],"wp:term":[{"taxonomy":"product_brand","embeddable":true,"href":"https:\/\/www.rubicon3adventure.com\/de\/wp-json\/wp\/v2\/product_brand?post=4957"},{"taxonomy":"product_cat","embeddable":true,"href":"https:\/\/www.rubicon3adventure.com\/de\/wp-json\/wp\/v2\/product_cat?post=4957"},{"taxonomy":"product_tag","embeddable":true,"href":"https:\/\/www.rubicon3adventure.com\/de\/wp-json\/wp\/v2\/product_tag?post=4957"}],"curies":[{"name":"wp","href":"https:\/\/api.w.org\/{rel}","templated":true}]}}