{"id":5020,"date":"2024-03-14T16:41:14","date_gmt":"2024-03-14T16:41:14","guid":{"rendered":"https:\/\/www.rubicon3adventure.com\/product\/rya-kusten-skipper-yachtmaster-theorie\/"},"modified":"2024-03-14T16:41:14","modified_gmt":"2024-03-14T16:41:14","slug":"rya-kusten-skipper-yachtmaster-theorie","status":"publish","type":"product","link":"https:\/\/www.rubicon3adventure.com\/de\/produkt\/rya-kusten-skipper-yachtmaster-theorie\/","title":{"rendered":"RYA Coastal Skipper\/Yachtmaster Theorie (Online-Kurs)"},"content":{"rendered":"<p>Der RYA-Yachtmaster-Theorie-Online-Kurs ist f\u00fcr erfahrene Segler gedacht, die das K\u00fcsten-Yachtmaster- oder das Yachtmaster-Offshore-Zertifikat erwerben m\u00f6chten. Dieser umfassende Kurs behandelt fortgeschrittene Konzepte der Offshore-Navigation, Sicherheit, Wettervorhersage und Kollisionsvorschriften. Sie k\u00f6nnen bequem von zu Hause aus lernen und haben Zugang zu erfahrenen Segelprofis, die Ihnen w\u00e4hrend Ihrer Lernreise pers\u00f6nliches Feedback und Anleitung geben. Egal, ob Sie sich auf anspruchsvolle Hochseepassagen vorbereiten oder den Status eines professionellen Seglers anstreben, unser Kurs bietet die Flexibilit\u00e4t des Online-Lernens in Kombination mit der Strenge und Tiefe, die f\u00fcr die Yachtmaster-Zertifizierung erforderlich sind.<\/p>\n","protected":false},"excerpt":{"rendered":"<p>Lernen Sie die Theorie f\u00fcr den RYA Coastal Yachtmaster oder den Yachtmaster Offshore bequem von zu Hause aus, mit fachkundigen Ausbildern nur einen Klick entfernt<\/p>\n","protected":false},"featured_media":2852,"comment_status":"closed","ping_status":"closed","template":"","meta":{"_acf_changed":false,"content-type":""},"product_brand":[],"product_cat":[271,274],"product_tag":[],"class_list":{"0":"post-5020","1":"product","2":"type-product","3":"status-publish","4":"has-post-thumbnail","6":"product_cat-segeln-lernen","7":"product_cat-rya-segelkurse","9":"first","10":"outofstock","11":"shipping-taxable","12":"purchasable","13":"product-type-variable"},"acf":[],"yoast_head":"<!-- This site is optimized with the Yoast SEO Premium plugin v27.3 (Yoast SEO v27.5) - https:\/\/yoast.com\/product\/yoast-seo-premium-wordpress\/ -->\n<title>RYA Coastal \/ Yachtmaster Offshore Theorie (Online-Kurs)<\/title>\n<meta name=\"description\" content=\"Lernen Sie die Theorie f\u00fcr den RYA Coastal Yachtmaster oder Yachtmaster Offshore bequem von zu Hause aus, mit fachkundigen Ausbildern nur einen Klick entfernt\" \/>\n<meta name=\"robots\" content=\"index, follow, max-snippet:-1, max-image-preview:large, max-video-preview:-1\" \/>\n<link rel=\"canonical\" href=\"https:\/\/www.rubicon3adventure.com\/de\/produkt\/rya-kusten-skipper-yachtmaster-theorie\/\" \/>\n<meta property=\"og:locale\" content=\"de_DE\" \/>\n<meta property=\"og:type\" content=\"article\" \/>\n<meta property=\"og:title\" content=\"RYA Coastal \/ Yachtmaster Offshore Theorie (Online-Kurs)\" \/>\n<meta property=\"og:description\" content=\"Lernen Sie die Theorie f\u00fcr den RYA Coastal Yachtmaster oder Yachtmaster Offshore bequem von zu Hause aus, mit fachkundigen Ausbildern nur einen Klick entfernt\" \/>\n<meta property=\"og:url\" content=\"https:\/\/www.rubicon3adventure.com\/de\/produkt\/rya-kusten-skipper-yachtmaster-theorie\/\" \/>\n<meta property=\"og:site_name\" content=\"Rubicon 3 Adventure\" \/>\n<meta property=\"article:publisher\" content=\"https:\/\/www.facebook.com\/rubicon3sailing\" \/>\n<meta property=\"og:image\" content=\"https:\/\/www.rubicon3adventure.com\/wp-content\/uploads\/2024\/03\/black-man-studying-640.webp\" \/>\n\t<meta property=\"og:image:width\" content=\"640\" \/>\n\t<meta property=\"og:image:height\" content=\"344\" \/>\n\t<meta property=\"og:image:type\" content=\"image\/webp\" \/>\n<meta name=\"twitter:card\" content=\"summary_large_image\" \/>\n<meta name=\"twitter:site\" content=\"@rubicon3sailing\" \/>\n<script type=\"application\/ld+json\" class=\"yoast-schema-graph\">{\"@context\":\"https:\\\/\\\/schema.org\",\"@graph\":[{\"@type\":\"WebPage\",\"@id\":\"https:\\\/\\\/www.rubicon3adventure.com\\\/de\\\/produkt\\\/rya-kusten-skipper-yachtmaster-theorie\\\/\",\"url\":\"https:\\\/\\\/www.rubicon3adventure.com\\\/de\\\/produkt\\\/rya-kusten-skipper-yachtmaster-theorie\\\/\",\"name\":\"RYA Coastal \\\/ Yachtmaster Offshore Theorie (Online-Kurs)\",\"isPartOf\":{\"@id\":\"https:\\\/\\\/www.rubicon3adventure.com\\\/de\\\/#website\"},\"primaryImageOfPage\":{\"@id\":\"https:\\\/\\\/www.rubicon3adventure.com\\\/de\\\/produkt\\\/rya-kusten-skipper-yachtmaster-theorie\\\/#primaryimage\"},\"image\":{\"@id\":\"https:\\\/\\\/www.rubicon3adventure.com\\\/de\\\/produkt\\\/rya-kusten-skipper-yachtmaster-theorie\\\/#primaryimage\"},\"thumbnailUrl\":\"https:\\\/\\\/www.rubicon3adventure.com\\\/wp-content\\\/uploads\\\/2024\\\/03\\\/black-man-studying-640.webp\",\"datePublished\":\"2024-03-14T16:41:14+00:00\",\"description\":\"Lernen Sie die Theorie f\u00fcr den RYA Coastal Yachtmaster oder Yachtmaster Offshore bequem von zu Hause aus, mit fachkundigen Ausbildern nur einen Klick entfernt\",\"breadcrumb\":{\"@id\":\"https:\\\/\\\/www.rubicon3adventure.com\\\/de\\\/produkt\\\/rya-kusten-skipper-yachtmaster-theorie\\\/#breadcrumb\"},\"inLanguage\":\"de-DE\",\"potentialAction\":[{\"@type\":\"ReadAction\",\"target\":[\"https:\\\/\\\/www.rubicon3adventure.com\\\/de\\\/produkt\\\/rya-kusten-skipper-yachtmaster-theorie\\\/\"]}]},{\"@type\":\"ImageObject\",\"inLanguage\":\"de-DE\",\"@id\":\"https:\\\/\\\/www.rubicon3adventure.com\\\/de\\\/produkt\\\/rya-kusten-skipper-yachtmaster-theorie\\\/#primaryimage\",\"url\":\"https:\\\/\\\/www.rubicon3adventure.com\\\/wp-content\\\/uploads\\\/2024\\\/03\\\/black-man-studying-640.webp\",\"contentUrl\":\"https:\\\/\\\/www.rubicon3adventure.com\\\/wp-content\\\/uploads\\\/2024\\\/03\\\/black-man-studying-640.webp\",\"width\":640,\"height\":344,\"caption\":\"RYA Yachtmaster Theorie Online-Kurs\"},{\"@type\":\"BreadcrumbList\",\"@id\":\"https:\\\/\\\/www.rubicon3adventure.com\\\/de\\\/produkt\\\/rya-kusten-skipper-yachtmaster-theorie\\\/#breadcrumb\",\"itemListElement\":[{\"@type\":\"ListItem\",\"position\":1,\"name\":\"Shop\",\"item\":\"https:\\\/\\\/www.rubicon3adventure.com\\\/de\\\/shop\\\/\"},{\"@type\":\"ListItem\",\"position\":2,\"name\":\"RYA Coastal Skipper\\\/Yachtmaster Theorie (Online-Kurs)\"}]},{\"@type\":\"WebSite\",\"@id\":\"https:\\\/\\\/www.rubicon3adventure.com\\\/de\\\/#website\",\"url\":\"https:\\\/\\\/www.rubicon3adventure.com\\\/de\\\/\",\"name\":\"Rubicon 3 Adventure\",\"description\":\"\",\"publisher\":{\"@id\":\"https:\\\/\\\/www.rubicon3adventure.com\\\/de\\\/#organization\"},\"potentialAction\":[{\"@type\":\"SearchAction\",\"target\":{\"@type\":\"EntryPoint\",\"urlTemplate\":\"https:\\\/\\\/www.rubicon3adventure.com\\\/de\\\/?s={search_term_string}\"},\"query-input\":{\"@type\":\"PropertyValueSpecification\",\"valueRequired\":true,\"valueName\":\"search_term_string\"}}],\"inLanguage\":\"de-DE\"},{\"@type\":\"Organization\",\"@id\":\"https:\\\/\\\/www.rubicon3adventure.com\\\/de\\\/#organization\",\"name\":\"Rubicon 3 Adventures\",\"alternateName\":\"Blueco Holdings Ltd\",\"url\":\"https:\\\/\\\/www.rubicon3adventure.com\\\/de\\\/\",\"logo\":{\"@type\":\"ImageObject\",\"inLanguage\":\"de-DE\",\"@id\":\"https:\\\/\\\/www.rubicon3adventure.com\\\/de\\\/#\\\/schema\\\/logo\\\/image\\\/\",\"url\":\"https:\\\/\\\/www.rubicon3adventure.com\\\/wp-content\\\/uploads\\\/2024\\\/03\\\/Rubicon_Schema-Image-scaled.jpg\",\"contentUrl\":\"https:\\\/\\\/www.rubicon3adventure.com\\\/wp-content\\\/uploads\\\/2024\\\/03\\\/Rubicon_Schema-Image-scaled.jpg\",\"width\":2560,\"height\":1554,\"caption\":\"Rubicon 3 Adventures\"},\"image\":{\"@id\":\"https:\\\/\\\/www.rubicon3adventure.com\\\/de\\\/#\\\/schema\\\/logo\\\/image\\\/\"},\"sameAs\":[\"https:\\\/\\\/www.facebook.com\\\/rubicon3sailing\",\"https:\\\/\\\/x.com\\\/rubicon3sailing\",\"https:\\\/\\\/www.instagram.com\\\/rubicon_3_sailing\\\/\",\"https:\\\/\\\/www.pinterest.co.uk\\\/rubicon3sailing\\\/\",\"https:\\\/\\\/www.youtube.com\\\/channel\\\/UCUVTAy1Qm4lz0uZI_83Um8A\",\"https:\\\/\\\/www.linkedin.com\\\/company\\\/rubicon-3\\\/\"]}]}<\/script>\n<!-- \/ Yoast SEO Premium plugin. -->","yoast_head_json":{"title":"RYA Coastal \/ Yachtmaster Offshore Theorie (Online-Kurs)","description":"Lernen Sie die Theorie f\u00fcr den RYA Coastal Yachtmaster oder Yachtmaster Offshore bequem von zu Hause aus, mit fachkundigen Ausbildern nur einen Klick entfernt","robots":{"index":"index","follow":"follow","max-snippet":"max-snippet:-1","max-image-preview":"max-image-preview:large","max-video-preview":"max-video-preview:-1"},"canonical":"https:\/\/www.rubicon3adventure.com\/de\/produkt\/rya-kusten-skipper-yachtmaster-theorie\/","og_locale":"de_DE","og_type":"article","og_title":"RYA Coastal \/ Yachtmaster Offshore Theorie (Online-Kurs)","og_description":"Lernen Sie die Theorie f\u00fcr den RYA Coastal Yachtmaster oder Yachtmaster Offshore bequem von zu Hause aus, mit fachkundigen Ausbildern nur einen Klick entfernt","og_url":"https:\/\/www.rubicon3adventure.com\/de\/produkt\/rya-kusten-skipper-yachtmaster-theorie\/","og_site_name":"Rubicon 3 Adventure","article_publisher":"https:\/\/www.facebook.com\/rubicon3sailing","og_image":[{"width":640,"height":344,"url":"https:\/\/www.rubicon3adventure.com\/wp-content\/uploads\/2024\/03\/black-man-studying-640.webp","type":"image\/webp"}],"twitter_card":"summary_large_image","twitter_site":"@rubicon3sailing","schema":{"@context":"https:\/\/schema.org","@graph":[{"@type":"WebPage","@id":"https:\/\/www.rubicon3adventure.com\/de\/produkt\/rya-kusten-skipper-yachtmaster-theorie\/","url":"https:\/\/www.rubicon3adventure.com\/de\/produkt\/rya-kusten-skipper-yachtmaster-theorie\/","name":"RYA Coastal \/ Yachtmaster Offshore Theorie (Online-Kurs)","isPartOf":{"@id":"https:\/\/www.rubicon3adventure.com\/de\/#website"},"primaryImageOfPage":{"@id":"https:\/\/www.rubicon3adventure.com\/de\/produkt\/rya-kusten-skipper-yachtmaster-theorie\/#primaryimage"},"image":{"@id":"https:\/\/www.rubicon3adventure.com\/de\/produkt\/rya-kusten-skipper-yachtmaster-theorie\/#primaryimage"},"thumbnailUrl":"https:\/\/www.rubicon3adventure.com\/wp-content\/uploads\/2024\/03\/black-man-studying-640.webp","datePublished":"2024-03-14T16:41:14+00:00","description":"Lernen Sie die Theorie f\u00fcr den RYA Coastal Yachtmaster oder Yachtmaster Offshore bequem von zu Hause aus, mit fachkundigen Ausbildern nur einen Klick entfernt","breadcrumb":{"@id":"https:\/\/www.rubicon3adventure.com\/de\/produkt\/rya-kusten-skipper-yachtmaster-theorie\/#breadcrumb"},"inLanguage":"de-DE","potentialAction":[{"@type":"ReadAction","target":["https:\/\/www.rubicon3adventure.com\/de\/produkt\/rya-kusten-skipper-yachtmaster-theorie\/"]}]},{"@type":"ImageObject","inLanguage":"de-DE","@id":"https:\/\/www.rubicon3adventure.com\/de\/produkt\/rya-kusten-skipper-yachtmaster-theorie\/#primaryimage","url":"https:\/\/www.rubicon3adventure.com\/wp-content\/uploads\/2024\/03\/black-man-studying-640.webp","contentUrl":"https:\/\/www.rubicon3adventure.com\/wp-content\/uploads\/2024\/03\/black-man-studying-640.webp","width":640,"height":344,"caption":"RYA Yachtmaster Theorie Online-Kurs"},{"@type":"BreadcrumbList","@id":"https:\/\/www.rubicon3adventure.com\/de\/produkt\/rya-kusten-skipper-yachtmaster-theorie\/#breadcrumb","itemListElement":[{"@type":"ListItem","position":1,"name":"Shop","item":"https:\/\/www.rubicon3adventure.com\/de\/shop\/"},{"@type":"ListItem","position":2,"name":"RYA Coastal Skipper\/Yachtmaster Theorie (Online-Kurs)"}]},{"@type":"WebSite","@id":"https:\/\/www.rubicon3adventure.com\/de\/#website","url":"https:\/\/www.rubicon3adventure.com\/de\/","name":"Rubicon 3 Adventure","description":"","publisher":{"@id":"https:\/\/www.rubicon3adventure.com\/de\/#organization"},"potentialAction":[{"@type":"SearchAction","target":{"@type":"EntryPoint","urlTemplate":"https:\/\/www.rubicon3adventure.com\/de\/?s={search_term_string}"},"query-input":{"@type":"PropertyValueSpecification","valueRequired":true,"valueName":"search_term_string"}}],"inLanguage":"de-DE"},{"@type":"Organization","@id":"https:\/\/www.rubicon3adventure.com\/de\/#organization","name":"Rubicon 3 Adventures","alternateName":"Blueco Holdings Ltd","url":"https:\/\/www.rubicon3adventure.com\/de\/","logo":{"@type":"ImageObject","inLanguage":"de-DE","@id":"https:\/\/www.rubicon3adventure.com\/de\/#\/schema\/logo\/image\/","url":"https:\/\/www.rubicon3adventure.com\/wp-content\/uploads\/2024\/03\/Rubicon_Schema-Image-scaled.jpg","contentUrl":"https:\/\/www.rubicon3adventure.com\/wp-content\/uploads\/2024\/03\/Rubicon_Schema-Image-scaled.jpg","width":2560,"height":1554,"caption":"Rubicon 3 Adventures"},"image":{"@id":"https:\/\/www.rubicon3adventure.com\/de\/#\/schema\/logo\/image\/"},"sameAs":["https:\/\/www.facebook.com\/rubicon3sailing","https:\/\/x.com\/rubicon3sailing","https:\/\/www.instagram.com\/rubicon_3_sailing\/","https:\/\/www.pinterest.co.uk\/rubicon3sailing\/","https:\/\/www.youtube.com\/channel\/UCUVTAy1Qm4lz0uZI_83Um8A","https:\/\/www.linkedin.com\/company\/rubicon-3\/"]}]}},"_links":{"self":[{"href":"https:\/\/www.rubicon3adventure.com\/de\/wp-json\/wp\/v2\/product\/5020","targetHints":{"allow":["GET"]}}],"collection":[{"href":"https:\/\/www.rubicon3adventure.com\/de\/wp-json\/wp\/v2\/product"}],"about":[{"href":"https:\/\/www.rubicon3adventure.com\/de\/wp-json\/wp\/v2\/types\/product"}],"replies":[{"embeddable":true,"href":"https:\/\/www.rubicon3adventure.com\/de\/wp-json\/wp\/v2\/comments?post=5020"}],"wp:featuredmedia":[{"embeddable":true,"href":"https:\/\/www.rubicon3adventure.com\/de\/wp-json\/wp\/v2\/media\/2852"}],"wp:attachment":[{"href":"https:\/\/www.rubicon3adventure.com\/de\/wp-json\/wp\/v2\/media?parent=5020"}],"wp:term":[{"taxonomy":"product_brand","embeddable":true,"href":"https:\/\/www.rubicon3adventure.com\/de\/wp-json\/wp\/v2\/product_brand?post=5020"},{"taxonomy":"product_cat","embeddable":true,"href":"https:\/\/www.rubicon3adventure.com\/de\/wp-json\/wp\/v2\/product_cat?post=5020"},{"taxonomy":"product_tag","embeddable":true,"href":"https:\/\/www.rubicon3adventure.com\/de\/wp-json\/wp\/v2\/product_tag?post=5020"}],"curies":[{"name":"wp","href":"https:\/\/api.w.org\/{rel}","templated":true}]}}