{"id":5033,"date":"2024-03-15T11:42:55","date_gmt":"2024-03-15T11:42:55","guid":{"rendered":"https:\/\/www.rubicon3adventure.com\/product\/segeln-im-atlantik-im-bogen\/"},"modified":"2024-03-15T11:42:55","modified_gmt":"2024-03-15T11:42:55","slug":"segeln-im-atlantik-im-bogen","status":"publish","type":"product","link":"https:\/\/www.rubicon3adventure.com\/de\/produkt\/segeln-im-atlantik-im-bogen\/","title":{"rendered":"Segeln Sie mit der ARC \u00fcber den Atlantik"},"content":{"rendered":"<p>Segeln Sie mit Rubicon 3 \u00fcber den Atlantischen Ozean und nehmen Sie an der Atlantic Rally for Cruisers (ARC) teil. Die Veranstaltung zieht rund 100 Yachten an, die sich alle auf den Kanarischen Inseln versammeln und dann in Massen in die 2000 Meilen westlich gelegene Karibik aufbrechen. F\u00fcr die meisten Besatzungsmitglieder ist es die erste Ozean\u00fcberquerung und eine einmalige Gelegenheit, dieses Abenteuer auf ihrer Bucket List zu vollenden. Ein erstes Training auf den Kanaren bereitet Sie auf die Reise vor. Sobald Sie dann in See stechen, werden Sie sich mit Navigation, Wetterbeobachtung, Ruderf\u00fchrung und dem Trimmen der Segel besch\u00e4ftigen, unterbrochen von Momenten purer Sch\u00f6nheit, wie z.B. Delfinen, die in der Bugwelle spielen oder einem Sonnenuntergang, der den Himmel erf\u00fcllt. Sie erreichen St. Lucia etwa 17-18 Tage nach dem Aufbruch, als Hochseenavigator und mit dem Abenteuer Ihres Lebens im Gep\u00e4ck.<\/p>\n<p><span data-preserver-spaces=\"true\">Dies ist eine <\/span><a class=\"editor-rtfLink\" href=\"https:\/\/www.rubicon3adventure.com\/articles\/seamanship-sailing-skills\/yachtmaster-ocean-qualifying-passage\/\" target=\"_blank\" rel=\"noopener\"><br \/>\n  <span data-preserver-spaces=\"true\">RYA Yachtmaster Ozean Qualifikationspassage<\/span><br \/>\n<\/a><span data-preserver-spaces=\"true\"> f\u00fcr diejenigen, die sich als Wachf\u00fchrer anmelden.<\/span><\/p>\n<h5><span data-preserver-spaces=\"true\">Sind Sie bereit f\u00fcr das Abenteuer Ihres Lebens mit den Experten f\u00fcr Hochseesegeln?<\/span><\/h5>\n<p><span data-preserver-spaces=\"true\">Rubicon 3 ist als Experte f\u00fcr Hochseesegeln bekannt. Wir sind in der Segelwelt f\u00fcr unsere umfangreiche Erfahrung, unsere umfassende Ausbildung, unser Engagement f\u00fcr Entdeckungen und unsere fantastischen Segelabenteuer bekannt. Unser Expertenteam, sehr erfahrene Segler in Hochseepassagen, der Arktis, der Nordsee und der Norwegischen See, bietet praktischen Unterricht in allen Aspekten des Hochseesegelns an, der sich sowohl an Einsteiger als auch an erfahrene Segler richtet.<\/span><\/p>\n<p><span data-preserver-spaces=\"true\">Mit unserer Auswahl an einzigartigen Bucket Lists und weniger befahrenen Routen heben wir uns von der Masse ab und sorgen f\u00fcr ein aufregendes und entdeckungsreiches Offshore-Segeln. Unser Ethos ist ein unersch\u00fctterliches Engagement f\u00fcr Sicherheit und \u00f6kologische Nachhaltigkeit, um sicherzustellen, dass jede Reise die Seeleute und das Meer respektiert. Au\u00dferdem konzentrieren wir uns wie eine Segelschule auf den Aufbau individueller F\u00e4higkeiten, so dass jeder in jeden Aspekt der Passage voll eingebunden ist. Dieser ganzheitliche Ansatz hat Rubicon 3 den Ruf eingebracht, die Experten f\u00fcr alle zu sein, die Hochseesegeln auf h\u00f6chstem Niveau suchen.<\/span><\/p>\n<h5><span data-preserver-spaces=\"true\">Wollen Sie mitmachen?<\/span><\/h5>\n<p><span data-preserver-spaces=\"true\">Gehen Sie auf die Schaltfl\u00e4che Termine &amp; Preise, um die Daten dieser Reise zu sehen. Dort finden Sie auch Informationen zu Anschlussreisen, z.B. wohin Sie fliegen und wann und wo Sie an Bord gehen k\u00f6nnen.<\/span><\/p>\n<p>&nbsp;<\/p>\n","protected":false},"excerpt":{"rendered":"<p>Segeln Sie mit der Rubicon 3 im Rahmen der Atlantic Rally for Cruisers (ARC) \u00fcber den Atlantik, eine 2200 Meilen lange Reise von den Kanarischen Inseln in die Karibik. Vier Wochen voller Abenteuer, Training, aufregendem Segeln und unvergesslichen Erinnerungen.<\/p>\n","protected":false},"featured_media":2868,"comment_status":"closed","ping_status":"closed","template":"","meta":{"_acf_changed":false,"content-type":""},"product_brand":[],"product_cat":[235,244,238,256],"product_tag":[],"class_list":{"0":"post-5033","1":"product","2":"type-product","3":"status-publish","4":"has-post-thumbnail","6":"product_cat-abenteuer-segelurlaub","7":"product_cat-europa-und-die-ostsee","8":"product_cat-karibik-und-amerika","9":"product_cat-hochsee","10":"trip_region-europa-und-ostsee","11":"trip_region-karibik-und-amerika","12":"trip_type-hochsee","13":"trip_duration-17-tage","15":"first","16":"instock","17":"shipping-taxable","18":"purchasable","19":"product-type-variable"},"acf":[],"yoast_head":"<!-- This site is optimized with the Yoast SEO Premium plugin v27.3 (Yoast SEO v27.5) - https:\/\/yoast.com\/product\/yoast-seo-premium-wordpress\/ -->\n<title>Schlie\u00dfen Sie sich der ARC an: Buchen Sie Ihr Atlantik-Segelabenteuer<\/title>\n<meta name=\"description\" content=\"Sichern Sie sich Ihren Platz auf der ARC Atlantik\u00fcberquerung. Segeln Sie auf dem Atlantik mit den Experten f\u00fcr Hochseesegeln und einer 60&#039; Hochseeyacht.\" \/>\n<meta name=\"robots\" content=\"index, follow, max-snippet:-1, max-image-preview:large, max-video-preview:-1\" \/>\n<link rel=\"canonical\" href=\"https:\/\/www.rubicon3adventure.com\/de\/produkt\/segeln-im-atlantik-im-bogen\/\" \/>\n<meta property=\"og:locale\" content=\"de_DE\" \/>\n<meta property=\"og:type\" content=\"article\" \/>\n<meta property=\"og:title\" content=\"Schlie\u00dfen Sie sich der ARC an: Buchen Sie Ihr Atlantik-Segelabenteuer\" \/>\n<meta property=\"og:description\" content=\"Sichern Sie sich Ihren Platz auf der ARC Atlantik\u00fcberquerung. Segeln Sie auf dem Atlantik mit den Experten f\u00fcr Hochseesegeln und einer 60&#039; Hochseeyacht.\" \/>\n<meta property=\"og:url\" content=\"https:\/\/www.rubicon3adventure.com\/de\/produkt\/segeln-im-atlantik-im-bogen\/\" \/>\n<meta property=\"og:site_name\" content=\"Rubicon 3 Adventure\" \/>\n<meta property=\"article:publisher\" content=\"https:\/\/www.facebook.com\/rubicon3sailing\" \/>\n<meta property=\"og:image\" content=\"https:\/\/www.rubicon3adventure.com\/wp-content\/uploads\/2024\/03\/yacht_starling_profile-2560.webp\" \/>\n\t<meta property=\"og:image:width\" content=\"2560\" \/>\n\t<meta property=\"og:image:height\" content=\"1440\" \/>\n\t<meta property=\"og:image:type\" content=\"image\/webp\" \/>\n<meta name=\"twitter:card\" content=\"summary_large_image\" \/>\n<meta name=\"twitter:site\" content=\"@rubicon3sailing\" \/>\n<meta name=\"twitter:label1\" content=\"Gesch\u00e4tzte Lesezeit\" \/>\n\t<meta name=\"twitter:data1\" content=\"2 Minuten\" \/>\n<script type=\"application\/ld+json\" class=\"yoast-schema-graph\">{\"@context\":\"https:\\\/\\\/schema.org\",\"@graph\":[{\"@type\":\"WebPage\",\"@id\":\"https:\\\/\\\/www.rubicon3adventure.com\\\/de\\\/produkt\\\/segeln-im-atlantik-im-bogen\\\/\",\"url\":\"https:\\\/\\\/www.rubicon3adventure.com\\\/de\\\/produkt\\\/segeln-im-atlantik-im-bogen\\\/\",\"name\":\"Schlie\u00dfen Sie sich der ARC an: Buchen Sie Ihr Atlantik-Segelabenteuer\",\"isPartOf\":{\"@id\":\"https:\\\/\\\/www.rubicon3adventure.com\\\/de\\\/#website\"},\"primaryImageOfPage\":{\"@id\":\"https:\\\/\\\/www.rubicon3adventure.com\\\/de\\\/produkt\\\/segeln-im-atlantik-im-bogen\\\/#primaryimage\"},\"image\":{\"@id\":\"https:\\\/\\\/www.rubicon3adventure.com\\\/de\\\/produkt\\\/segeln-im-atlantik-im-bogen\\\/#primaryimage\"},\"thumbnailUrl\":\"https:\\\/\\\/www.rubicon3adventure.com\\\/wp-content\\\/uploads\\\/2024\\\/03\\\/yacht_starling_profile-2560.webp\",\"datePublished\":\"2024-03-15T11:42:55+00:00\",\"description\":\"Sichern Sie sich Ihren Platz auf der ARC Atlantik\u00fcberquerung. Segeln Sie auf dem Atlantik mit den Experten f\u00fcr Hochseesegeln und einer 60' Hochseeyacht.\",\"breadcrumb\":{\"@id\":\"https:\\\/\\\/www.rubicon3adventure.com\\\/de\\\/produkt\\\/segeln-im-atlantik-im-bogen\\\/#breadcrumb\"},\"inLanguage\":\"de-DE\",\"potentialAction\":[{\"@type\":\"ReadAction\",\"target\":[\"https:\\\/\\\/www.rubicon3adventure.com\\\/de\\\/produkt\\\/segeln-im-atlantik-im-bogen\\\/\"]}]},{\"@type\":\"ImageObject\",\"inLanguage\":\"de-DE\",\"@id\":\"https:\\\/\\\/www.rubicon3adventure.com\\\/de\\\/produkt\\\/segeln-im-atlantik-im-bogen\\\/#primaryimage\",\"url\":\"https:\\\/\\\/www.rubicon3adventure.com\\\/wp-content\\\/uploads\\\/2024\\\/03\\\/yacht_starling_profile-2560.webp\",\"contentUrl\":\"https:\\\/\\\/www.rubicon3adventure.com\\\/wp-content\\\/uploads\\\/2024\\\/03\\\/yacht_starling_profile-2560.webp\",\"width\":2560,\"height\":1440,\"caption\":\"Segeln auf dem Atlantik\"},{\"@type\":\"BreadcrumbList\",\"@id\":\"https:\\\/\\\/www.rubicon3adventure.com\\\/de\\\/produkt\\\/segeln-im-atlantik-im-bogen\\\/#breadcrumb\",\"itemListElement\":[{\"@type\":\"ListItem\",\"position\":1,\"name\":\"Shop\",\"item\":\"https:\\\/\\\/www.rubicon3adventure.com\\\/de\\\/shop\\\/\"},{\"@type\":\"ListItem\",\"position\":2,\"name\":\"Segeln Sie mit der ARC \u00fcber den Atlantik\"}]},{\"@type\":\"WebSite\",\"@id\":\"https:\\\/\\\/www.rubicon3adventure.com\\\/de\\\/#website\",\"url\":\"https:\\\/\\\/www.rubicon3adventure.com\\\/de\\\/\",\"name\":\"Rubicon 3 Adventure\",\"description\":\"\",\"publisher\":{\"@id\":\"https:\\\/\\\/www.rubicon3adventure.com\\\/de\\\/#organization\"},\"potentialAction\":[{\"@type\":\"SearchAction\",\"target\":{\"@type\":\"EntryPoint\",\"urlTemplate\":\"https:\\\/\\\/www.rubicon3adventure.com\\\/de\\\/?s={search_term_string}\"},\"query-input\":{\"@type\":\"PropertyValueSpecification\",\"valueRequired\":true,\"valueName\":\"search_term_string\"}}],\"inLanguage\":\"de-DE\"},{\"@type\":\"Organization\",\"@id\":\"https:\\\/\\\/www.rubicon3adventure.com\\\/de\\\/#organization\",\"name\":\"Rubicon 3 Adventures\",\"alternateName\":\"Blueco Holdings Ltd\",\"url\":\"https:\\\/\\\/www.rubicon3adventure.com\\\/de\\\/\",\"logo\":{\"@type\":\"ImageObject\",\"inLanguage\":\"de-DE\",\"@id\":\"https:\\\/\\\/www.rubicon3adventure.com\\\/de\\\/#\\\/schema\\\/logo\\\/image\\\/\",\"url\":\"https:\\\/\\\/www.rubicon3adventure.com\\\/wp-content\\\/uploads\\\/2024\\\/03\\\/Rubicon_Schema-Image-scaled.jpg\",\"contentUrl\":\"https:\\\/\\\/www.rubicon3adventure.com\\\/wp-content\\\/uploads\\\/2024\\\/03\\\/Rubicon_Schema-Image-scaled.jpg\",\"width\":2560,\"height\":1554,\"caption\":\"Rubicon 3 Adventures\"},\"image\":{\"@id\":\"https:\\\/\\\/www.rubicon3adventure.com\\\/de\\\/#\\\/schema\\\/logo\\\/image\\\/\"},\"sameAs\":[\"https:\\\/\\\/www.facebook.com\\\/rubicon3sailing\",\"https:\\\/\\\/x.com\\\/rubicon3sailing\",\"https:\\\/\\\/www.instagram.com\\\/rubicon_3_sailing\\\/\",\"https:\\\/\\\/www.pinterest.co.uk\\\/rubicon3sailing\\\/\",\"https:\\\/\\\/www.youtube.com\\\/channel\\\/UCUVTAy1Qm4lz0uZI_83Um8A\",\"https:\\\/\\\/www.linkedin.com\\\/company\\\/rubicon-3\\\/\"]}]}<\/script>\n<!-- \/ Yoast SEO Premium plugin. -->","yoast_head_json":{"title":"Schlie\u00dfen Sie sich der ARC an: Buchen Sie Ihr Atlantik-Segelabenteuer","description":"Sichern Sie sich Ihren Platz auf der ARC Atlantik\u00fcberquerung. Segeln Sie auf dem Atlantik mit den Experten f\u00fcr Hochseesegeln und einer 60' Hochseeyacht.","robots":{"index":"index","follow":"follow","max-snippet":"max-snippet:-1","max-image-preview":"max-image-preview:large","max-video-preview":"max-video-preview:-1"},"canonical":"https:\/\/www.rubicon3adventure.com\/de\/produkt\/segeln-im-atlantik-im-bogen\/","og_locale":"de_DE","og_type":"article","og_title":"Schlie\u00dfen Sie sich der ARC an: Buchen Sie Ihr Atlantik-Segelabenteuer","og_description":"Sichern Sie sich Ihren Platz auf der ARC Atlantik\u00fcberquerung. Segeln Sie auf dem Atlantik mit den Experten f\u00fcr Hochseesegeln und einer 60' Hochseeyacht.","og_url":"https:\/\/www.rubicon3adventure.com\/de\/produkt\/segeln-im-atlantik-im-bogen\/","og_site_name":"Rubicon 3 Adventure","article_publisher":"https:\/\/www.facebook.com\/rubicon3sailing","og_image":[{"width":2560,"height":1440,"url":"https:\/\/www.rubicon3adventure.com\/wp-content\/uploads\/2024\/03\/yacht_starling_profile-2560.webp","type":"image\/webp"}],"twitter_card":"summary_large_image","twitter_site":"@rubicon3sailing","twitter_misc":{"Gesch\u00e4tzte Lesezeit":"2 Minuten"},"schema":{"@context":"https:\/\/schema.org","@graph":[{"@type":"WebPage","@id":"https:\/\/www.rubicon3adventure.com\/de\/produkt\/segeln-im-atlantik-im-bogen\/","url":"https:\/\/www.rubicon3adventure.com\/de\/produkt\/segeln-im-atlantik-im-bogen\/","name":"Schlie\u00dfen Sie sich der ARC an: Buchen Sie Ihr Atlantik-Segelabenteuer","isPartOf":{"@id":"https:\/\/www.rubicon3adventure.com\/de\/#website"},"primaryImageOfPage":{"@id":"https:\/\/www.rubicon3adventure.com\/de\/produkt\/segeln-im-atlantik-im-bogen\/#primaryimage"},"image":{"@id":"https:\/\/www.rubicon3adventure.com\/de\/produkt\/segeln-im-atlantik-im-bogen\/#primaryimage"},"thumbnailUrl":"https:\/\/www.rubicon3adventure.com\/wp-content\/uploads\/2024\/03\/yacht_starling_profile-2560.webp","datePublished":"2024-03-15T11:42:55+00:00","description":"Sichern Sie sich Ihren Platz auf der ARC Atlantik\u00fcberquerung. Segeln Sie auf dem Atlantik mit den Experten f\u00fcr Hochseesegeln und einer 60' Hochseeyacht.","breadcrumb":{"@id":"https:\/\/www.rubicon3adventure.com\/de\/produkt\/segeln-im-atlantik-im-bogen\/#breadcrumb"},"inLanguage":"de-DE","potentialAction":[{"@type":"ReadAction","target":["https:\/\/www.rubicon3adventure.com\/de\/produkt\/segeln-im-atlantik-im-bogen\/"]}]},{"@type":"ImageObject","inLanguage":"de-DE","@id":"https:\/\/www.rubicon3adventure.com\/de\/produkt\/segeln-im-atlantik-im-bogen\/#primaryimage","url":"https:\/\/www.rubicon3adventure.com\/wp-content\/uploads\/2024\/03\/yacht_starling_profile-2560.webp","contentUrl":"https:\/\/www.rubicon3adventure.com\/wp-content\/uploads\/2024\/03\/yacht_starling_profile-2560.webp","width":2560,"height":1440,"caption":"Segeln auf dem Atlantik"},{"@type":"BreadcrumbList","@id":"https:\/\/www.rubicon3adventure.com\/de\/produkt\/segeln-im-atlantik-im-bogen\/#breadcrumb","itemListElement":[{"@type":"ListItem","position":1,"name":"Shop","item":"https:\/\/www.rubicon3adventure.com\/de\/shop\/"},{"@type":"ListItem","position":2,"name":"Segeln Sie mit der ARC \u00fcber den Atlantik"}]},{"@type":"WebSite","@id":"https:\/\/www.rubicon3adventure.com\/de\/#website","url":"https:\/\/www.rubicon3adventure.com\/de\/","name":"Rubicon 3 Adventure","description":"","publisher":{"@id":"https:\/\/www.rubicon3adventure.com\/de\/#organization"},"potentialAction":[{"@type":"SearchAction","target":{"@type":"EntryPoint","urlTemplate":"https:\/\/www.rubicon3adventure.com\/de\/?s={search_term_string}"},"query-input":{"@type":"PropertyValueSpecification","valueRequired":true,"valueName":"search_term_string"}}],"inLanguage":"de-DE"},{"@type":"Organization","@id":"https:\/\/www.rubicon3adventure.com\/de\/#organization","name":"Rubicon 3 Adventures","alternateName":"Blueco Holdings Ltd","url":"https:\/\/www.rubicon3adventure.com\/de\/","logo":{"@type":"ImageObject","inLanguage":"de-DE","@id":"https:\/\/www.rubicon3adventure.com\/de\/#\/schema\/logo\/image\/","url":"https:\/\/www.rubicon3adventure.com\/wp-content\/uploads\/2024\/03\/Rubicon_Schema-Image-scaled.jpg","contentUrl":"https:\/\/www.rubicon3adventure.com\/wp-content\/uploads\/2024\/03\/Rubicon_Schema-Image-scaled.jpg","width":2560,"height":1554,"caption":"Rubicon 3 Adventures"},"image":{"@id":"https:\/\/www.rubicon3adventure.com\/de\/#\/schema\/logo\/image\/"},"sameAs":["https:\/\/www.facebook.com\/rubicon3sailing","https:\/\/x.com\/rubicon3sailing","https:\/\/www.instagram.com\/rubicon_3_sailing\/","https:\/\/www.pinterest.co.uk\/rubicon3sailing\/","https:\/\/www.youtube.com\/channel\/UCUVTAy1Qm4lz0uZI_83Um8A","https:\/\/www.linkedin.com\/company\/rubicon-3\/"]}]}},"_links":{"self":[{"href":"https:\/\/www.rubicon3adventure.com\/de\/wp-json\/wp\/v2\/product\/5033","targetHints":{"allow":["GET"]}}],"collection":[{"href":"https:\/\/www.rubicon3adventure.com\/de\/wp-json\/wp\/v2\/product"}],"about":[{"href":"https:\/\/www.rubicon3adventure.com\/de\/wp-json\/wp\/v2\/types\/product"}],"replies":[{"embeddable":true,"href":"https:\/\/www.rubicon3adventure.com\/de\/wp-json\/wp\/v2\/comments?post=5033"}],"wp:featuredmedia":[{"embeddable":true,"href":"https:\/\/www.rubicon3adventure.com\/de\/wp-json\/wp\/v2\/media\/2868"}],"wp:attachment":[{"href":"https:\/\/www.rubicon3adventure.com\/de\/wp-json\/wp\/v2\/media?parent=5033"}],"wp:term":[{"taxonomy":"product_brand","embeddable":true,"href":"https:\/\/www.rubicon3adventure.com\/de\/wp-json\/wp\/v2\/product_brand?post=5033"},{"taxonomy":"product_cat","embeddable":true,"href":"https:\/\/www.rubicon3adventure.com\/de\/wp-json\/wp\/v2\/product_cat?post=5033"},{"taxonomy":"product_tag","embeddable":true,"href":"https:\/\/www.rubicon3adventure.com\/de\/wp-json\/wp\/v2\/product_tag?post=5033"}],"curies":[{"name":"wp","href":"https:\/\/api.w.org\/{rel}","templated":true}]}}