{"id":5065,"date":"2024-03-14T15:18:01","date_gmt":"2024-03-14T15:18:01","guid":{"rendered":"https:\/\/www.rubicon3adventure.com\/product\/rya-kusten-skipper-praktischer-kurs\/"},"modified":"2024-03-14T15:18:01","modified_gmt":"2024-03-14T15:18:01","slug":"rya-kusten-skipper-praktischer-kurs","status":"publish","type":"product","link":"https:\/\/www.rubicon3adventure.com\/de\/produkt\/rya-kusten-skipper-praktischer-kurs\/","title":{"rendered":"RYA Coastal Skipper Praktischer Kurs"},"content":{"rendered":"<p><img loading=\"lazy\" decoding=\"async\" class=\"alignnone size-full wp-image-2316\" src=\"https:\/\/www.rubicon3adventure.com\/wp-content\/uploads\/2024\/03\/lady-sailing-800-1.webp\" alt=\"Dame segelt auf Yacht\" width=\"800\" height=\"400\" srcset=\"https:\/\/www.rubicon3adventure.com\/wp-content\/uploads\/2024\/03\/lady-sailing-800-1.webp 800w, https:\/\/www.rubicon3adventure.com\/wp-content\/uploads\/2024\/03\/lady-sailing-800-1-300x150.webp 300w, https:\/\/www.rubicon3adventure.com\/wp-content\/uploads\/2024\/03\/lady-sailing-800-1-768x384.webp 768w, https:\/\/www.rubicon3adventure.com\/wp-content\/uploads\/2024\/03\/lady-sailing-800-1-640x320.webp 640w, https:\/\/www.rubicon3adventure.com\/wp-content\/uploads\/2024\/03\/lady-sailing-800-1-530x265.webp 530w, https:\/\/www.rubicon3adventure.com\/wp-content\/uploads\/2024\/03\/lady-sailing-800-1-420x210.webp 420w, https:\/\/www.rubicon3adventure.com\/wp-content\/uploads\/2024\/03\/lady-sailing-800-1-82x42.webp 82w, https:\/\/www.rubicon3adventure.com\/wp-content\/uploads\/2024\/03\/lady-sailing-800-1-600x300.webp 600w\" sizes=\"auto, (max-width: 800px) 100vw, 800px\" \/><\/p>\n","protected":false},"excerpt":{"rendered":"<p>Steigern Sie sich mit dem RYA Coastal Skipper Kurs: Beherrschen Sie K\u00fcstennavigation, Wetterkenntnisse und das Handling der Yacht f\u00fcr anspruchsvolle Passagen. Vorherige Erfahrung erforderlich.<\/p>\n","protected":false},"featured_media":2849,"comment_status":"closed","ping_status":"closed","template":"","meta":{"_acf_changed":false,"content-type":""},"product_brand":[],"product_cat":[271,274],"product_tag":[],"class_list":{"0":"post-5065","1":"product","2":"type-product","3":"status-publish","4":"has-post-thumbnail","6":"product_cat-segeln-lernen","7":"product_cat-rya-segelkurse","9":"first","10":"instock","11":"shipping-taxable","12":"purchasable","13":"product-type-variable","14":"has-default-attributes"},"acf":[],"yoast_head":"<!-- This site is optimized with the Yoast SEO Premium plugin v27.5 (Yoast SEO v27.5) - https:\/\/yoast.com\/product\/yoast-seo-premium-wordpress\/ -->\n<title>RYA Coastal Skipper Kurs | Aufbau von fortgeschrittenen Segelkenntnissen<\/title>\n<meta name=\"description\" content=\"Machen Sie den RYA Coastal Skipper Kurs: Lernen Sie fortgeschrittene Navigation, Meteorologie und den Umgang mit Yachten. Ein Kurs f\u00fcr erfahrene Segler, die bereit f\u00fcr l\u00e4ngere Passagen sind\" \/>\n<meta name=\"robots\" content=\"index, follow, max-snippet:-1, max-image-preview:large, max-video-preview:-1\" \/>\n<link rel=\"canonical\" href=\"https:\/\/www.rubicon3adventure.com\/de\/produkt\/rya-kusten-skipper-praktischer-kurs\/\" \/>\n<meta property=\"og:locale\" content=\"de_DE\" \/>\n<meta property=\"og:type\" content=\"article\" \/>\n<meta property=\"og:title\" content=\"RYA Coastal Skipper Kurs | Aufbau von fortgeschrittenen Segelkenntnissen\" \/>\n<meta property=\"og:description\" content=\"Machen Sie den RYA Coastal Skipper Kurs: Lernen Sie fortgeschrittene Navigation, Meteorologie und den Umgang mit Yachten. Ein Kurs f\u00fcr erfahrene Segler, die bereit f\u00fcr l\u00e4ngere Passagen sind\" \/>\n<meta property=\"og:url\" content=\"https:\/\/www.rubicon3adventure.com\/de\/produkt\/rya-kusten-skipper-praktischer-kurs\/\" \/>\n<meta property=\"og:site_name\" content=\"Rubicon 3 Adventure\" \/>\n<meta property=\"article:publisher\" content=\"https:\/\/www.facebook.com\/rubicon3sailing\" \/>\n<meta property=\"og:image\" content=\"https:\/\/www.rubicon3adventure.com\/wp-content\/uploads\/2024\/03\/solo-man-on-cruising-yacht-640.webp\" \/>\n\t<meta property=\"og:image:width\" content=\"640\" \/>\n\t<meta property=\"og:image:height\" content=\"344\" \/>\n\t<meta property=\"og:image:type\" content=\"image\/webp\" \/>\n<meta name=\"twitter:card\" content=\"summary_large_image\" \/>\n<meta name=\"twitter:site\" content=\"@rubicon3sailing\" \/>\n<script type=\"application\/ld+json\" class=\"yoast-schema-graph\">{\"@context\":\"https:\\\/\\\/schema.org\",\"@graph\":[{\"@type\":\"WebPage\",\"@id\":\"https:\\\/\\\/www.rubicon3adventure.com\\\/de\\\/produkt\\\/rya-kusten-skipper-praktischer-kurs\\\/\",\"url\":\"https:\\\/\\\/www.rubicon3adventure.com\\\/de\\\/produkt\\\/rya-kusten-skipper-praktischer-kurs\\\/\",\"name\":\"RYA Coastal Skipper Kurs | Aufbau von fortgeschrittenen Segelkenntnissen\",\"isPartOf\":{\"@id\":\"https:\\\/\\\/www.rubicon3adventure.com\\\/de\\\/#website\"},\"primaryImageOfPage\":{\"@id\":\"https:\\\/\\\/www.rubicon3adventure.com\\\/de\\\/produkt\\\/rya-kusten-skipper-praktischer-kurs\\\/#primaryimage\"},\"image\":{\"@id\":\"https:\\\/\\\/www.rubicon3adventure.com\\\/de\\\/produkt\\\/rya-kusten-skipper-praktischer-kurs\\\/#primaryimage\"},\"thumbnailUrl\":\"https:\\\/\\\/www.rubicon3adventure.com\\\/wp-content\\\/uploads\\\/2024\\\/03\\\/solo-man-on-cruising-yacht-640.webp\",\"datePublished\":\"2024-03-14T15:18:01+00:00\",\"description\":\"Machen Sie den RYA Coastal Skipper Kurs: Lernen Sie fortgeschrittene Navigation, Meteorologie und den Umgang mit Yachten. Ein Kurs f\u00fcr erfahrene Segler, die bereit f\u00fcr l\u00e4ngere Passagen sind\",\"breadcrumb\":{\"@id\":\"https:\\\/\\\/www.rubicon3adventure.com\\\/de\\\/produkt\\\/rya-kusten-skipper-praktischer-kurs\\\/#breadcrumb\"},\"inLanguage\":\"de-DE\",\"potentialAction\":[{\"@type\":\"ReadAction\",\"target\":[\"https:\\\/\\\/www.rubicon3adventure.com\\\/de\\\/produkt\\\/rya-kusten-skipper-praktischer-kurs\\\/\"]}]},{\"@type\":\"ImageObject\",\"inLanguage\":\"de-DE\",\"@id\":\"https:\\\/\\\/www.rubicon3adventure.com\\\/de\\\/produkt\\\/rya-kusten-skipper-praktischer-kurs\\\/#primaryimage\",\"url\":\"https:\\\/\\\/www.rubicon3adventure.com\\\/wp-content\\\/uploads\\\/2024\\\/03\\\/solo-man-on-cruising-yacht-640.webp\",\"contentUrl\":\"https:\\\/\\\/www.rubicon3adventure.com\\\/wp-content\\\/uploads\\\/2024\\\/03\\\/solo-man-on-cruising-yacht-640.webp\",\"width\":640,\"height\":344,\"caption\":\"RYA K\u00fcsten-Skipper\"},{\"@type\":\"BreadcrumbList\",\"@id\":\"https:\\\/\\\/www.rubicon3adventure.com\\\/de\\\/produkt\\\/rya-kusten-skipper-praktischer-kurs\\\/#breadcrumb\",\"itemListElement\":[{\"@type\":\"ListItem\",\"position\":1,\"name\":\"Shop\",\"item\":\"https:\\\/\\\/www.rubicon3adventure.com\\\/de\\\/shop\\\/\"},{\"@type\":\"ListItem\",\"position\":2,\"name\":\"RYA Coastal Skipper Praktischer Kurs\"}]},{\"@type\":\"WebSite\",\"@id\":\"https:\\\/\\\/www.rubicon3adventure.com\\\/de\\\/#website\",\"url\":\"https:\\\/\\\/www.rubicon3adventure.com\\\/de\\\/\",\"name\":\"Rubicon 3 Adventure\",\"description\":\"\",\"publisher\":{\"@id\":\"https:\\\/\\\/www.rubicon3adventure.com\\\/de\\\/#organization\"},\"potentialAction\":[{\"@type\":\"SearchAction\",\"target\":{\"@type\":\"EntryPoint\",\"urlTemplate\":\"https:\\\/\\\/www.rubicon3adventure.com\\\/de\\\/?s={search_term_string}\"},\"query-input\":{\"@type\":\"PropertyValueSpecification\",\"valueRequired\":true,\"valueName\":\"search_term_string\"}}],\"inLanguage\":\"de-DE\"},{\"@type\":\"Organization\",\"@id\":\"https:\\\/\\\/www.rubicon3adventure.com\\\/de\\\/#organization\",\"name\":\"Rubicon 3 Adventures\",\"alternateName\":\"Blueco Holdings Ltd\",\"url\":\"https:\\\/\\\/www.rubicon3adventure.com\\\/de\\\/\",\"logo\":{\"@type\":\"ImageObject\",\"inLanguage\":\"de-DE\",\"@id\":\"https:\\\/\\\/www.rubicon3adventure.com\\\/de\\\/#\\\/schema\\\/logo\\\/image\\\/\",\"url\":\"https:\\\/\\\/www.rubicon3adventure.com\\\/wp-content\\\/uploads\\\/2024\\\/03\\\/Rubicon_Schema-Image-scaled.jpg\",\"contentUrl\":\"https:\\\/\\\/www.rubicon3adventure.com\\\/wp-content\\\/uploads\\\/2024\\\/03\\\/Rubicon_Schema-Image-scaled.jpg\",\"width\":2560,\"height\":1554,\"caption\":\"Rubicon 3 Adventures\"},\"image\":{\"@id\":\"https:\\\/\\\/www.rubicon3adventure.com\\\/de\\\/#\\\/schema\\\/logo\\\/image\\\/\"},\"sameAs\":[\"https:\\\/\\\/www.facebook.com\\\/rubicon3sailing\",\"https:\\\/\\\/x.com\\\/rubicon3sailing\",\"https:\\\/\\\/www.instagram.com\\\/rubicon_3_sailing\\\/\",\"https:\\\/\\\/www.pinterest.co.uk\\\/rubicon3sailing\\\/\",\"https:\\\/\\\/www.youtube.com\\\/channel\\\/UCUVTAy1Qm4lz0uZI_83Um8A\",\"https:\\\/\\\/www.linkedin.com\\\/company\\\/rubicon-3\\\/\"]}]}<\/script>\n<!-- \/ Yoast SEO Premium plugin. -->","yoast_head_json":{"title":"RYA Coastal Skipper Kurs | Aufbau von fortgeschrittenen Segelkenntnissen","description":"Machen Sie den RYA Coastal Skipper Kurs: Lernen Sie fortgeschrittene Navigation, Meteorologie und den Umgang mit Yachten. Ein Kurs f\u00fcr erfahrene Segler, die bereit f\u00fcr l\u00e4ngere Passagen sind","robots":{"index":"index","follow":"follow","max-snippet":"max-snippet:-1","max-image-preview":"max-image-preview:large","max-video-preview":"max-video-preview:-1"},"canonical":"https:\/\/www.rubicon3adventure.com\/de\/produkt\/rya-kusten-skipper-praktischer-kurs\/","og_locale":"de_DE","og_type":"article","og_title":"RYA Coastal Skipper Kurs | Aufbau von fortgeschrittenen Segelkenntnissen","og_description":"Machen Sie den RYA Coastal Skipper Kurs: Lernen Sie fortgeschrittene Navigation, Meteorologie und den Umgang mit Yachten. Ein Kurs f\u00fcr erfahrene Segler, die bereit f\u00fcr l\u00e4ngere Passagen sind","og_url":"https:\/\/www.rubicon3adventure.com\/de\/produkt\/rya-kusten-skipper-praktischer-kurs\/","og_site_name":"Rubicon 3 Adventure","article_publisher":"https:\/\/www.facebook.com\/rubicon3sailing","og_image":[{"width":640,"height":344,"url":"https:\/\/www.rubicon3adventure.com\/wp-content\/uploads\/2024\/03\/solo-man-on-cruising-yacht-640.webp","type":"image\/webp"}],"twitter_card":"summary_large_image","twitter_site":"@rubicon3sailing","schema":{"@context":"https:\/\/schema.org","@graph":[{"@type":"WebPage","@id":"https:\/\/www.rubicon3adventure.com\/de\/produkt\/rya-kusten-skipper-praktischer-kurs\/","url":"https:\/\/www.rubicon3adventure.com\/de\/produkt\/rya-kusten-skipper-praktischer-kurs\/","name":"RYA Coastal Skipper Kurs | Aufbau von fortgeschrittenen Segelkenntnissen","isPartOf":{"@id":"https:\/\/www.rubicon3adventure.com\/de\/#website"},"primaryImageOfPage":{"@id":"https:\/\/www.rubicon3adventure.com\/de\/produkt\/rya-kusten-skipper-praktischer-kurs\/#primaryimage"},"image":{"@id":"https:\/\/www.rubicon3adventure.com\/de\/produkt\/rya-kusten-skipper-praktischer-kurs\/#primaryimage"},"thumbnailUrl":"https:\/\/www.rubicon3adventure.com\/wp-content\/uploads\/2024\/03\/solo-man-on-cruising-yacht-640.webp","datePublished":"2024-03-14T15:18:01+00:00","description":"Machen Sie den RYA Coastal Skipper Kurs: Lernen Sie fortgeschrittene Navigation, Meteorologie und den Umgang mit Yachten. Ein Kurs f\u00fcr erfahrene Segler, die bereit f\u00fcr l\u00e4ngere Passagen sind","breadcrumb":{"@id":"https:\/\/www.rubicon3adventure.com\/de\/produkt\/rya-kusten-skipper-praktischer-kurs\/#breadcrumb"},"inLanguage":"de-DE","potentialAction":[{"@type":"ReadAction","target":["https:\/\/www.rubicon3adventure.com\/de\/produkt\/rya-kusten-skipper-praktischer-kurs\/"]}]},{"@type":"ImageObject","inLanguage":"de-DE","@id":"https:\/\/www.rubicon3adventure.com\/de\/produkt\/rya-kusten-skipper-praktischer-kurs\/#primaryimage","url":"https:\/\/www.rubicon3adventure.com\/wp-content\/uploads\/2024\/03\/solo-man-on-cruising-yacht-640.webp","contentUrl":"https:\/\/www.rubicon3adventure.com\/wp-content\/uploads\/2024\/03\/solo-man-on-cruising-yacht-640.webp","width":640,"height":344,"caption":"RYA K\u00fcsten-Skipper"},{"@type":"BreadcrumbList","@id":"https:\/\/www.rubicon3adventure.com\/de\/produkt\/rya-kusten-skipper-praktischer-kurs\/#breadcrumb","itemListElement":[{"@type":"ListItem","position":1,"name":"Shop","item":"https:\/\/www.rubicon3adventure.com\/de\/shop\/"},{"@type":"ListItem","position":2,"name":"RYA Coastal Skipper Praktischer Kurs"}]},{"@type":"WebSite","@id":"https:\/\/www.rubicon3adventure.com\/de\/#website","url":"https:\/\/www.rubicon3adventure.com\/de\/","name":"Rubicon 3 Adventure","description":"","publisher":{"@id":"https:\/\/www.rubicon3adventure.com\/de\/#organization"},"potentialAction":[{"@type":"SearchAction","target":{"@type":"EntryPoint","urlTemplate":"https:\/\/www.rubicon3adventure.com\/de\/?s={search_term_string}"},"query-input":{"@type":"PropertyValueSpecification","valueRequired":true,"valueName":"search_term_string"}}],"inLanguage":"de-DE"},{"@type":"Organization","@id":"https:\/\/www.rubicon3adventure.com\/de\/#organization","name":"Rubicon 3 Adventures","alternateName":"Blueco Holdings Ltd","url":"https:\/\/www.rubicon3adventure.com\/de\/","logo":{"@type":"ImageObject","inLanguage":"de-DE","@id":"https:\/\/www.rubicon3adventure.com\/de\/#\/schema\/logo\/image\/","url":"https:\/\/www.rubicon3adventure.com\/wp-content\/uploads\/2024\/03\/Rubicon_Schema-Image-scaled.jpg","contentUrl":"https:\/\/www.rubicon3adventure.com\/wp-content\/uploads\/2024\/03\/Rubicon_Schema-Image-scaled.jpg","width":2560,"height":1554,"caption":"Rubicon 3 Adventures"},"image":{"@id":"https:\/\/www.rubicon3adventure.com\/de\/#\/schema\/logo\/image\/"},"sameAs":["https:\/\/www.facebook.com\/rubicon3sailing","https:\/\/x.com\/rubicon3sailing","https:\/\/www.instagram.com\/rubicon_3_sailing\/","https:\/\/www.pinterest.co.uk\/rubicon3sailing\/","https:\/\/www.youtube.com\/channel\/UCUVTAy1Qm4lz0uZI_83Um8A","https:\/\/www.linkedin.com\/company\/rubicon-3\/"]}]}},"_links":{"self":[{"href":"https:\/\/www.rubicon3adventure.com\/de\/wp-json\/wp\/v2\/product\/5065","targetHints":{"allow":["GET"]}}],"collection":[{"href":"https:\/\/www.rubicon3adventure.com\/de\/wp-json\/wp\/v2\/product"}],"about":[{"href":"https:\/\/www.rubicon3adventure.com\/de\/wp-json\/wp\/v2\/types\/product"}],"replies":[{"embeddable":true,"href":"https:\/\/www.rubicon3adventure.com\/de\/wp-json\/wp\/v2\/comments?post=5065"}],"wp:featuredmedia":[{"embeddable":true,"href":"https:\/\/www.rubicon3adventure.com\/de\/wp-json\/wp\/v2\/media\/2849"}],"wp:attachment":[{"href":"https:\/\/www.rubicon3adventure.com\/de\/wp-json\/wp\/v2\/media?parent=5065"}],"wp:term":[{"taxonomy":"product_brand","embeddable":true,"href":"https:\/\/www.rubicon3adventure.com\/de\/wp-json\/wp\/v2\/product_brand?post=5065"},{"taxonomy":"product_cat","embeddable":true,"href":"https:\/\/www.rubicon3adventure.com\/de\/wp-json\/wp\/v2\/product_cat?post=5065"},{"taxonomy":"product_tag","embeddable":true,"href":"https:\/\/www.rubicon3adventure.com\/de\/wp-json\/wp\/v2\/product_tag?post=5065"}],"curies":[{"name":"wp","href":"https:\/\/api.w.org\/{rel}","templated":true}]}}