{"id":5131,"date":"2024-03-14T16:12:43","date_gmt":"2024-03-14T16:12:43","guid":{"rendered":"https:\/\/www.rubicon3adventure.com\/product\/rya-yachtmaster-offshore-kurs-und-pruefung\/"},"modified":"2024-03-14T16:12:43","modified_gmt":"2024-03-14T16:12:43","slug":"rya-yachtmaster-offshore-kurs-und-pruefung","status":"publish","type":"product","link":"https:\/\/www.rubicon3adventure.com\/de\/produkt\/rya-yachtmaster-offshore-kurs-und-pruefung\/","title":{"rendered":"RYA Yachtmaster Offshore Vorbereitung + MCA\/RYA Pr\u00fcfung"},"content":{"rendered":"<p>Um ein RYA\/MCA Yachtmaster Offshore zu werden, m\u00fcssen die Kandidaten eine praktische Pr\u00fcfung bestehen, in der ihre F\u00e4higkeiten zum Skippern getestet werden. Von einem Yachtmaster wird erwartet, dass er in der Lage ist, eine Yacht auf langen Hochseepassagen zu f\u00fchren, sowohl bei Tag als auch bei Nacht. Sie sollten viel erfahrener sein als ein <a href=\"https:\/\/www.rubicon3adventure.com\/de\/produkt\/rya-kusten-skipper-praktischer-kurs\/\">K\u00fcstenskipper<\/a> und in der Lage sein, die gleichen Aufgaben effizienter, l\u00e4nger und unter schwierigeren Bedingungen zu erledigen.<\/p>\n<p>Zu Beginn der Woche wird der Ausbilder die St\u00e4rken und Schw\u00e4chen jedes Kandidaten beurteilen und in den Bereichen, die zum Bestehen der Pr\u00fcfung verbessert werden m\u00fcssen, Nachhilfe geben. Auf der Grundlage von Erfahrungswerten wird in der Regel an folgenden Bereichen gearbeitet: Passageplanung, Bergung von Mann \u00fcber Bord, Handhabung im Nahbereich, Skippering-Techniken, Navigation bei eingeschr\u00e4nkter Sicht, Lotsendienst und Kenntnisse der internationalen Kollisionsregeln. Der Kursleiter wird im Laufe der Woche regelm\u00e4\u00dfig Nachbesprechungen durchf\u00fchren und daf\u00fcr sorgen, dass die Teilnehmer gen\u00fcgend Zeit haben, um an ihren schw\u00e4cheren Bereichen zu arbeiten.<\/p>\n<p>Bevor Sie an dem Kurs teilnehmen k\u00f6nnen, m\u00fcssen Sie die auf dieser Seite beschriebenen Voraussetzungen erf\u00fcllen und \u00fcber eine gr\u00fcndliche Kenntnis der <a href=\"https:\/\/www.rubicon3adventure.com\/de\/internationale-vorschriften-zur-verhinderung-von-kollisionen-auf-seen-irpcs\/\">Kollisionsregeln<\/a> sowie der Navigationstheorie auf dem Niveau der RYA Coastal Skipper\/Yachtmaster Theorie verf\u00fcgen. W\u00e4hrend des Wochenendes wird der Pr\u00fcfer jeden Kandidaten auffordern, die Yacht auf mehreren kurzen Passagen zu steuern und verschiedene Demonstrationen seiner F\u00e4higkeiten als Skipper und Segler zu absolvieren.<\/p>\n","protected":false},"excerpt":{"rendered":"<p>Yachtmaster Offshore Vorbereitungskurs \u00fcber 5 Tage, gefolgt von zwei Tagen f\u00fcr die praktische Pr\u00fcfung.<\/p>\n","protected":false},"featured_media":2850,"comment_status":"closed","ping_status":"closed","template":"","meta":{"_acf_changed":false,"content-type":""},"product_brand":[],"product_cat":[271,274],"product_tag":[],"class_list":{"0":"post-5131","1":"product","2":"type-product","3":"status-publish","4":"has-post-thumbnail","6":"product_cat-segeln-lernen","7":"product_cat-rya-segelkurse","9":"first","10":"instock","11":"shipping-taxable","12":"purchasable","13":"product-type-variable","14":"has-default-attributes"},"acf":[],"yoast_head":"<!-- This site is optimized with the Yoast SEO Premium plugin v27.5 (Yoast SEO v27.5) - https:\/\/yoast.com\/product\/yoast-seo-premium-wordpress\/ -->\n<title>RYA Yachtmaster Offshore Kurs &amp; MCA\/RYA Pr\u00fcfung<\/title>\n<meta name=\"description\" content=\"Bereiten Sie sich auf Ihre RYA Yachtmaster Offshore-Pr\u00fcfung mit 5 Tagen Training vor, gefolgt von der Pr\u00fcfung an zwei Tagen. Trainieren Sie hart f\u00fcr gro\u00dfartige Ergebnisse.\" \/>\n<meta name=\"robots\" content=\"index, follow, max-snippet:-1, max-image-preview:large, max-video-preview:-1\" \/>\n<link rel=\"canonical\" href=\"https:\/\/www.rubicon3adventure.com\/de\/produkt\/rya-yachtmaster-offshore-kurs-und-pruefung\/\" \/>\n<meta property=\"og:locale\" content=\"de_DE\" \/>\n<meta property=\"og:type\" content=\"article\" \/>\n<meta property=\"og:title\" content=\"RYA Yachtmaster Offshore Kurs &amp; MCA\/RYA Pr\u00fcfung\" \/>\n<meta property=\"og:description\" content=\"Bereiten Sie sich auf Ihre RYA Yachtmaster Offshore-Pr\u00fcfung mit 5 Tagen Training vor, gefolgt von der Pr\u00fcfung an zwei Tagen. Trainieren Sie hart f\u00fcr gro\u00dfartige Ergebnisse.\" \/>\n<meta property=\"og:url\" content=\"https:\/\/www.rubicon3adventure.com\/de\/produkt\/rya-yachtmaster-offshore-kurs-und-pruefung\/\" \/>\n<meta property=\"og:site_name\" content=\"Rubicon 3 Adventure\" \/>\n<meta property=\"article:publisher\" content=\"https:\/\/www.facebook.com\/rubicon3sailing\" \/>\n<meta property=\"og:image\" content=\"https:\/\/www.rubicon3adventure.com\/wp-content\/uploads\/2024\/03\/lady-winching-640.webp\" \/>\n\t<meta property=\"og:image:width\" content=\"640\" \/>\n\t<meta property=\"og:image:height\" content=\"344\" \/>\n\t<meta property=\"og:image:type\" content=\"image\/webp\" \/>\n<meta name=\"twitter:card\" content=\"summary_large_image\" \/>\n<meta name=\"twitter:site\" content=\"@rubicon3sailing\" \/>\n<meta name=\"twitter:label1\" content=\"Gesch\u00e4tzte Lesezeit\" \/>\n\t<meta name=\"twitter:data1\" content=\"1 Minute\" \/>\n<script type=\"application\/ld+json\" class=\"yoast-schema-graph\">{\"@context\":\"https:\\\/\\\/schema.org\",\"@graph\":[{\"@type\":\"WebPage\",\"@id\":\"https:\\\/\\\/www.rubicon3adventure.com\\\/de\\\/produkt\\\/rya-yachtmaster-offshore-kurs-und-pruefung\\\/\",\"url\":\"https:\\\/\\\/www.rubicon3adventure.com\\\/de\\\/produkt\\\/rya-yachtmaster-offshore-kurs-und-pruefung\\\/\",\"name\":\"RYA Yachtmaster Offshore Kurs & MCA\\\/RYA Pr\u00fcfung\",\"isPartOf\":{\"@id\":\"https:\\\/\\\/www.rubicon3adventure.com\\\/de\\\/#website\"},\"primaryImageOfPage\":{\"@id\":\"https:\\\/\\\/www.rubicon3adventure.com\\\/de\\\/produkt\\\/rya-yachtmaster-offshore-kurs-und-pruefung\\\/#primaryimage\"},\"image\":{\"@id\":\"https:\\\/\\\/www.rubicon3adventure.com\\\/de\\\/produkt\\\/rya-yachtmaster-offshore-kurs-und-pruefung\\\/#primaryimage\"},\"thumbnailUrl\":\"https:\\\/\\\/www.rubicon3adventure.com\\\/wp-content\\\/uploads\\\/2024\\\/03\\\/lady-winching-640.webp\",\"datePublished\":\"2024-03-14T16:12:43+00:00\",\"description\":\"Bereiten Sie sich auf Ihre RYA Yachtmaster Offshore-Pr\u00fcfung mit 5 Tagen Training vor, gefolgt von der Pr\u00fcfung an zwei Tagen. Trainieren Sie hart f\u00fcr gro\u00dfartige Ergebnisse.\",\"breadcrumb\":{\"@id\":\"https:\\\/\\\/www.rubicon3adventure.com\\\/de\\\/produkt\\\/rya-yachtmaster-offshore-kurs-und-pruefung\\\/#breadcrumb\"},\"inLanguage\":\"de-DE\",\"potentialAction\":[{\"@type\":\"ReadAction\",\"target\":[\"https:\\\/\\\/www.rubicon3adventure.com\\\/de\\\/produkt\\\/rya-yachtmaster-offshore-kurs-und-pruefung\\\/\"]}]},{\"@type\":\"ImageObject\",\"inLanguage\":\"de-DE\",\"@id\":\"https:\\\/\\\/www.rubicon3adventure.com\\\/de\\\/produkt\\\/rya-yachtmaster-offshore-kurs-und-pruefung\\\/#primaryimage\",\"url\":\"https:\\\/\\\/www.rubicon3adventure.com\\\/wp-content\\\/uploads\\\/2024\\\/03\\\/lady-winching-640.webp\",\"contentUrl\":\"https:\\\/\\\/www.rubicon3adventure.com\\\/wp-content\\\/uploads\\\/2024\\\/03\\\/lady-winching-640.webp\",\"width\":640,\"height\":344,\"caption\":\"RYA YAchtmaster\"},{\"@type\":\"BreadcrumbList\",\"@id\":\"https:\\\/\\\/www.rubicon3adventure.com\\\/de\\\/produkt\\\/rya-yachtmaster-offshore-kurs-und-pruefung\\\/#breadcrumb\",\"itemListElement\":[{\"@type\":\"ListItem\",\"position\":1,\"name\":\"Shop\",\"item\":\"https:\\\/\\\/www.rubicon3adventure.com\\\/de\\\/shop\\\/\"},{\"@type\":\"ListItem\",\"position\":2,\"name\":\"RYA Yachtmaster Offshore Vorbereitung + MCA\\\/RYA Pr\u00fcfung\"}]},{\"@type\":\"WebSite\",\"@id\":\"https:\\\/\\\/www.rubicon3adventure.com\\\/de\\\/#website\",\"url\":\"https:\\\/\\\/www.rubicon3adventure.com\\\/de\\\/\",\"name\":\"Rubicon 3 Adventure\",\"description\":\"\",\"publisher\":{\"@id\":\"https:\\\/\\\/www.rubicon3adventure.com\\\/de\\\/#organization\"},\"potentialAction\":[{\"@type\":\"SearchAction\",\"target\":{\"@type\":\"EntryPoint\",\"urlTemplate\":\"https:\\\/\\\/www.rubicon3adventure.com\\\/de\\\/?s={search_term_string}\"},\"query-input\":{\"@type\":\"PropertyValueSpecification\",\"valueRequired\":true,\"valueName\":\"search_term_string\"}}],\"inLanguage\":\"de-DE\"},{\"@type\":\"Organization\",\"@id\":\"https:\\\/\\\/www.rubicon3adventure.com\\\/de\\\/#organization\",\"name\":\"Rubicon 3 Adventures\",\"alternateName\":\"Blueco Holdings Ltd\",\"url\":\"https:\\\/\\\/www.rubicon3adventure.com\\\/de\\\/\",\"logo\":{\"@type\":\"ImageObject\",\"inLanguage\":\"de-DE\",\"@id\":\"https:\\\/\\\/www.rubicon3adventure.com\\\/de\\\/#\\\/schema\\\/logo\\\/image\\\/\",\"url\":\"https:\\\/\\\/www.rubicon3adventure.com\\\/wp-content\\\/uploads\\\/2024\\\/03\\\/Rubicon_Schema-Image-scaled.jpg\",\"contentUrl\":\"https:\\\/\\\/www.rubicon3adventure.com\\\/wp-content\\\/uploads\\\/2024\\\/03\\\/Rubicon_Schema-Image-scaled.jpg\",\"width\":2560,\"height\":1554,\"caption\":\"Rubicon 3 Adventures\"},\"image\":{\"@id\":\"https:\\\/\\\/www.rubicon3adventure.com\\\/de\\\/#\\\/schema\\\/logo\\\/image\\\/\"},\"sameAs\":[\"https:\\\/\\\/www.facebook.com\\\/rubicon3sailing\",\"https:\\\/\\\/x.com\\\/rubicon3sailing\",\"https:\\\/\\\/www.instagram.com\\\/rubicon_3_sailing\\\/\",\"https:\\\/\\\/www.pinterest.co.uk\\\/rubicon3sailing\\\/\",\"https:\\\/\\\/www.youtube.com\\\/channel\\\/UCUVTAy1Qm4lz0uZI_83Um8A\",\"https:\\\/\\\/www.linkedin.com\\\/company\\\/rubicon-3\\\/\"]}]}<\/script>\n<!-- \/ Yoast SEO Premium plugin. -->","yoast_head_json":{"title":"RYA Yachtmaster Offshore Kurs & MCA\/RYA Pr\u00fcfung","description":"Bereiten Sie sich auf Ihre RYA Yachtmaster Offshore-Pr\u00fcfung mit 5 Tagen Training vor, gefolgt von der Pr\u00fcfung an zwei Tagen. Trainieren Sie hart f\u00fcr gro\u00dfartige Ergebnisse.","robots":{"index":"index","follow":"follow","max-snippet":"max-snippet:-1","max-image-preview":"max-image-preview:large","max-video-preview":"max-video-preview:-1"},"canonical":"https:\/\/www.rubicon3adventure.com\/de\/produkt\/rya-yachtmaster-offshore-kurs-und-pruefung\/","og_locale":"de_DE","og_type":"article","og_title":"RYA Yachtmaster Offshore Kurs & MCA\/RYA Pr\u00fcfung","og_description":"Bereiten Sie sich auf Ihre RYA Yachtmaster Offshore-Pr\u00fcfung mit 5 Tagen Training vor, gefolgt von der Pr\u00fcfung an zwei Tagen. Trainieren Sie hart f\u00fcr gro\u00dfartige Ergebnisse.","og_url":"https:\/\/www.rubicon3adventure.com\/de\/produkt\/rya-yachtmaster-offshore-kurs-und-pruefung\/","og_site_name":"Rubicon 3 Adventure","article_publisher":"https:\/\/www.facebook.com\/rubicon3sailing","og_image":[{"width":640,"height":344,"url":"https:\/\/www.rubicon3adventure.com\/wp-content\/uploads\/2024\/03\/lady-winching-640.webp","type":"image\/webp"}],"twitter_card":"summary_large_image","twitter_site":"@rubicon3sailing","twitter_misc":{"Gesch\u00e4tzte Lesezeit":"1 Minute"},"schema":{"@context":"https:\/\/schema.org","@graph":[{"@type":"WebPage","@id":"https:\/\/www.rubicon3adventure.com\/de\/produkt\/rya-yachtmaster-offshore-kurs-und-pruefung\/","url":"https:\/\/www.rubicon3adventure.com\/de\/produkt\/rya-yachtmaster-offshore-kurs-und-pruefung\/","name":"RYA Yachtmaster Offshore Kurs & MCA\/RYA Pr\u00fcfung","isPartOf":{"@id":"https:\/\/www.rubicon3adventure.com\/de\/#website"},"primaryImageOfPage":{"@id":"https:\/\/www.rubicon3adventure.com\/de\/produkt\/rya-yachtmaster-offshore-kurs-und-pruefung\/#primaryimage"},"image":{"@id":"https:\/\/www.rubicon3adventure.com\/de\/produkt\/rya-yachtmaster-offshore-kurs-und-pruefung\/#primaryimage"},"thumbnailUrl":"https:\/\/www.rubicon3adventure.com\/wp-content\/uploads\/2024\/03\/lady-winching-640.webp","datePublished":"2024-03-14T16:12:43+00:00","description":"Bereiten Sie sich auf Ihre RYA Yachtmaster Offshore-Pr\u00fcfung mit 5 Tagen Training vor, gefolgt von der Pr\u00fcfung an zwei Tagen. Trainieren Sie hart f\u00fcr gro\u00dfartige Ergebnisse.","breadcrumb":{"@id":"https:\/\/www.rubicon3adventure.com\/de\/produkt\/rya-yachtmaster-offshore-kurs-und-pruefung\/#breadcrumb"},"inLanguage":"de-DE","potentialAction":[{"@type":"ReadAction","target":["https:\/\/www.rubicon3adventure.com\/de\/produkt\/rya-yachtmaster-offshore-kurs-und-pruefung\/"]}]},{"@type":"ImageObject","inLanguage":"de-DE","@id":"https:\/\/www.rubicon3adventure.com\/de\/produkt\/rya-yachtmaster-offshore-kurs-und-pruefung\/#primaryimage","url":"https:\/\/www.rubicon3adventure.com\/wp-content\/uploads\/2024\/03\/lady-winching-640.webp","contentUrl":"https:\/\/www.rubicon3adventure.com\/wp-content\/uploads\/2024\/03\/lady-winching-640.webp","width":640,"height":344,"caption":"RYA YAchtmaster"},{"@type":"BreadcrumbList","@id":"https:\/\/www.rubicon3adventure.com\/de\/produkt\/rya-yachtmaster-offshore-kurs-und-pruefung\/#breadcrumb","itemListElement":[{"@type":"ListItem","position":1,"name":"Shop","item":"https:\/\/www.rubicon3adventure.com\/de\/shop\/"},{"@type":"ListItem","position":2,"name":"RYA Yachtmaster Offshore Vorbereitung + MCA\/RYA Pr\u00fcfung"}]},{"@type":"WebSite","@id":"https:\/\/www.rubicon3adventure.com\/de\/#website","url":"https:\/\/www.rubicon3adventure.com\/de\/","name":"Rubicon 3 Adventure","description":"","publisher":{"@id":"https:\/\/www.rubicon3adventure.com\/de\/#organization"},"potentialAction":[{"@type":"SearchAction","target":{"@type":"EntryPoint","urlTemplate":"https:\/\/www.rubicon3adventure.com\/de\/?s={search_term_string}"},"query-input":{"@type":"PropertyValueSpecification","valueRequired":true,"valueName":"search_term_string"}}],"inLanguage":"de-DE"},{"@type":"Organization","@id":"https:\/\/www.rubicon3adventure.com\/de\/#organization","name":"Rubicon 3 Adventures","alternateName":"Blueco Holdings Ltd","url":"https:\/\/www.rubicon3adventure.com\/de\/","logo":{"@type":"ImageObject","inLanguage":"de-DE","@id":"https:\/\/www.rubicon3adventure.com\/de\/#\/schema\/logo\/image\/","url":"https:\/\/www.rubicon3adventure.com\/wp-content\/uploads\/2024\/03\/Rubicon_Schema-Image-scaled.jpg","contentUrl":"https:\/\/www.rubicon3adventure.com\/wp-content\/uploads\/2024\/03\/Rubicon_Schema-Image-scaled.jpg","width":2560,"height":1554,"caption":"Rubicon 3 Adventures"},"image":{"@id":"https:\/\/www.rubicon3adventure.com\/de\/#\/schema\/logo\/image\/"},"sameAs":["https:\/\/www.facebook.com\/rubicon3sailing","https:\/\/x.com\/rubicon3sailing","https:\/\/www.instagram.com\/rubicon_3_sailing\/","https:\/\/www.pinterest.co.uk\/rubicon3sailing\/","https:\/\/www.youtube.com\/channel\/UCUVTAy1Qm4lz0uZI_83Um8A","https:\/\/www.linkedin.com\/company\/rubicon-3\/"]}]}},"_links":{"self":[{"href":"https:\/\/www.rubicon3adventure.com\/de\/wp-json\/wp\/v2\/product\/5131","targetHints":{"allow":["GET"]}}],"collection":[{"href":"https:\/\/www.rubicon3adventure.com\/de\/wp-json\/wp\/v2\/product"}],"about":[{"href":"https:\/\/www.rubicon3adventure.com\/de\/wp-json\/wp\/v2\/types\/product"}],"replies":[{"embeddable":true,"href":"https:\/\/www.rubicon3adventure.com\/de\/wp-json\/wp\/v2\/comments?post=5131"}],"wp:featuredmedia":[{"embeddable":true,"href":"https:\/\/www.rubicon3adventure.com\/de\/wp-json\/wp\/v2\/media\/2850"}],"wp:attachment":[{"href":"https:\/\/www.rubicon3adventure.com\/de\/wp-json\/wp\/v2\/media?parent=5131"}],"wp:term":[{"taxonomy":"product_brand","embeddable":true,"href":"https:\/\/www.rubicon3adventure.com\/de\/wp-json\/wp\/v2\/product_brand?post=5131"},{"taxonomy":"product_cat","embeddable":true,"href":"https:\/\/www.rubicon3adventure.com\/de\/wp-json\/wp\/v2\/product_cat?post=5131"},{"taxonomy":"product_tag","embeddable":true,"href":"https:\/\/www.rubicon3adventure.com\/de\/wp-json\/wp\/v2\/product_tag?post=5131"}],"curies":[{"name":"wp","href":"https:\/\/api.w.org\/{rel}","templated":true}]}}