{"id":5175,"date":"2024-02-05T11:46:46","date_gmt":"2024-02-05T11:46:46","guid":{"rendered":"https:\/\/www.rubicon3adventure.com\/product\/island-faroes-schottland\/"},"modified":"2024-02-05T11:46:46","modified_gmt":"2024-02-05T11:46:46","slug":"island-faroes-schottland","status":"publish","type":"product","link":"https:\/\/www.rubicon3adventure.com\/de\/produkt\/island-faroes-schottland\/","title":{"rendered":"Die Reise der Wikinger: Island, F\u00e4r\u00f6er Inseln und Schottland"},"content":{"rendered":"<p><span data-preserver-spaces=\"true\">Begeben Sie sich auf eine aufregende, abenteuerliche Segelreise \u00fcber den Nordatlantik zwischen den zerkl\u00fcfteten Vulkanlandschaften Islands und den nebelverhangenen, sanften H\u00fcgeln Schottlands, mit einem magischen Zwischenstopp auf den F\u00e4r\u00f6er Inseln. Diese Reise, eine Mischung aus K\u00fcsten- und Hochseesegeln und Erkundungstouren an Land, verbindet alte Wikingerrouten mit modernen Erkundungen. Erleben Sie Islands beeindruckende Berge und Fjorde und entdecken Sie die F\u00e4r\u00f6er Inseln, wo nordische und keltische Traditionen zwischen dramatischen Klippen und traditionellen H\u00e4usern mit Torfd\u00e4chern zu finden sind. Und dann ist da noch Schottland, das Land der Tartans und Dudels\u00e4cke. Es erwarten Sie eine reiche Geschichte, majest\u00e4tische Seen und historische Schl\u00f6sser. Drei ganz besondere Orte. Erstklassiges Segeln. Ein gro\u00dfes Abenteuer!<\/span><\/p>\n<h5><span data-preserver-spaces=\"true\">Sind Sie bereit f\u00fcr das Abenteuer Ihres Lebens mit den Experten f\u00fcr Hochseesegeln?<\/span><\/h5>\n<p><span data-preserver-spaces=\"true\">Rubicon 3 ist als Experte f\u00fcr Hochseesegeln bekannt. Wir sind in der Segelwelt f\u00fcr unsere umfangreiche Erfahrung, unser umfassendes Training und unsere Hingabe f\u00fcr Abenteuer und Entdeckungen bekannt. Unser Expertenteam, sehr erfahrene Segler in Hochseepassagen, der Nordsee und der Arktis, bietet praktischen Unterricht in allen Aspekten des Hochseesegelns an, der sich sowohl an Einsteiger als auch an erfahrene Segler richtet.<\/span><\/p>\n<p><span data-preserver-spaces=\"true\">Mit unserer Auswahl an einzigartigen Bucket Lists und weniger befahrenen Routen heben wir uns von der Masse ab und sorgen f\u00fcr ein aufregendes und entdeckungsreiches Offshore-Segeln. Unser Ethos ist ein unersch\u00fctterliches Engagement f\u00fcr Sicherheit und \u00f6kologische Nachhaltigkeit, um sicherzustellen, dass jede Reise die Seeleute und das Meer respektiert. Au\u00dferdem konzentrieren wir uns wie eine Segelschule auf den Aufbau individueller F\u00e4higkeiten, so dass jeder in jeden Aspekt der Passage voll eingebunden ist. Dieser ganzheitliche Ansatz hat Rubicon 3 den Ruf eingebracht, die Experten f\u00fcr alle zu sein, die Hochseesegeln auf h\u00f6chstem Niveau suchen.<\/span><\/p>\n<h5><span data-preserver-spaces=\"true\">Wollen Sie mitmachen?<\/span><\/h5>\n<p><span data-preserver-spaces=\"true\">Gehen Sie auf die Schaltfl\u00e4che Termine &amp; Preise, um die Daten dieser Reise zu sehen. Dort finden Sie auch Informationen zu Anschlussreisen, z.B. wohin Sie fliegen und wann und wo Sie an Bord gehen k\u00f6nnen. Bitte beachten Sie, dass dies keine Qualifikationsfahrt f\u00fcr den RYA Yachtmaster Ocean ist.  <\/span><a class=\"editor-rtfLink\" href=\"https:\/\/www.rubicon3adventure.com\/articles\/seamanship-sailing-skills\/yachtmaster-ocean-qualifying-passage\/\" target=\"_blank\" rel=\"noopener\"><br \/>\n  <span data-preserver-spaces=\"true\">Sie k\u00f6nnen unsere qualifizierenden Passagen hier finden<\/span><br \/>\n<\/a><span data-preserver-spaces=\"true\">.<\/span><\/p>\n","protected":false},"excerpt":{"rendered":"<p>Folgen Sie den Spuren der Wikinger auf diesem gro\u00dfen Abenteuer zwischen der wilden Ostk\u00fcste Islands, den spektakul\u00e4ren F\u00e4r\u00f6er Inseln und der wundersch\u00f6nen Westk\u00fcste Schottlands.<\/p>\n","protected":false},"featured_media":8566,"comment_status":"closed","ping_status":"closed","template":"","meta":{"_acf_changed":false,"content-type":""},"product_brand":[],"product_cat":[235,262,253,256],"product_tag":[],"class_list":{"0":"post-5175","1":"product","2":"type-product","3":"status-publish","4":"has-post-thumbnail","6":"product_cat-abenteuer-segelurlaub","7":"product_cat-grossbritannien-irland","8":"product_cat-norwegen-island-die-arktis","9":"product_cat-hochsee","10":"trip_region-norwegen-island-und-arktis","11":"trip_type-hochsee","12":"trip_type-kuesten","13":"trip_duration-11-16-tage","15":"first","16":"instock","17":"shipping-taxable","18":"purchasable","19":"product-type-variable"},"acf":[],"yoast_head":"<!-- This site is optimized with the Yoast SEO Premium plugin v27.3 (Yoast SEO v27.5) - https:\/\/yoast.com\/product\/yoast-seo-premium-wordpress\/ -->\n<title>Maximum Sailing Adventure: Island - F\u00e4r\u00f6er Inseln - Schottland.<\/title>\n<meta name=\"description\" content=\"Segeln Sie mit uns 12 Tage lang abenteuerlich zwischen Island, den F\u00e4r\u00f6er Inseln und Schottland. Sch\u00f6ne Landschaften, wilde Tiere und das beste Segeln.\" \/>\n<meta name=\"robots\" content=\"index, follow, max-snippet:-1, max-image-preview:large, max-video-preview:-1\" \/>\n<link rel=\"canonical\" href=\"https:\/\/www.rubicon3adventure.com\/de\/produkt\/island-faroes-schottland\/\" \/>\n<meta property=\"og:locale\" content=\"de_DE\" \/>\n<meta property=\"og:type\" content=\"article\" \/>\n<meta property=\"og:title\" content=\"Maximum Sailing Adventure: Island - F\u00e4r\u00f6er Inseln - Schottland.\" \/>\n<meta property=\"og:description\" content=\"Segeln Sie mit uns 12 Tage lang abenteuerlich zwischen Island, den F\u00e4r\u00f6er Inseln und Schottland. Sch\u00f6ne Landschaften, wilde Tiere und das beste Segeln.\" \/>\n<meta property=\"og:url\" content=\"https:\/\/www.rubicon3adventure.com\/de\/produkt\/island-faroes-schottland\/\" \/>\n<meta property=\"og:site_name\" content=\"Rubicon 3 Adventure\" \/>\n<meta property=\"article:publisher\" content=\"https:\/\/www.facebook.com\/rubicon3sailing\" \/>\n<meta property=\"og:image\" content=\"https:\/\/www.rubicon3adventure.com\/wp-content\/uploads\/2024\/02\/icelandn-to-faroes.webp\" \/>\n\t<meta property=\"og:image:width\" content=\"2560\" \/>\n\t<meta property=\"og:image:height\" content=\"1439\" \/>\n\t<meta property=\"og:image:type\" content=\"image\/webp\" \/>\n<meta name=\"twitter:card\" content=\"summary_large_image\" \/>\n<meta name=\"twitter:site\" content=\"@rubicon3sailing\" \/>\n<meta name=\"twitter:label1\" content=\"Gesch\u00e4tzte Lesezeit\" \/>\n\t<meta name=\"twitter:data1\" content=\"2 Minuten\" \/>\n<script type=\"application\/ld+json\" class=\"yoast-schema-graph\">{\"@context\":\"https:\\\/\\\/schema.org\",\"@graph\":[{\"@type\":\"WebPage\",\"@id\":\"https:\\\/\\\/www.rubicon3adventure.com\\\/de\\\/produkt\\\/island-faroes-schottland\\\/\",\"url\":\"https:\\\/\\\/www.rubicon3adventure.com\\\/de\\\/produkt\\\/island-faroes-schottland\\\/\",\"name\":\"Maximum Sailing Adventure: Island - F\u00e4r\u00f6er Inseln - Schottland.\",\"isPartOf\":{\"@id\":\"https:\\\/\\\/www.rubicon3adventure.com\\\/de\\\/#website\"},\"primaryImageOfPage\":{\"@id\":\"https:\\\/\\\/www.rubicon3adventure.com\\\/de\\\/produkt\\\/island-faroes-schottland\\\/#primaryimage\"},\"image\":{\"@id\":\"https:\\\/\\\/www.rubicon3adventure.com\\\/de\\\/produkt\\\/island-faroes-schottland\\\/#primaryimage\"},\"thumbnailUrl\":\"https:\\\/\\\/www.rubicon3adventure.com\\\/wp-content\\\/uploads\\\/2024\\\/02\\\/northern-lights-norway-2560.webp\",\"datePublished\":\"2024-02-05T11:46:46+00:00\",\"description\":\"Segeln Sie mit uns 12 Tage lang abenteuerlich zwischen Island, den F\u00e4r\u00f6er Inseln und Schottland. Sch\u00f6ne Landschaften, wilde Tiere und das beste Segeln.\",\"breadcrumb\":{\"@id\":\"https:\\\/\\\/www.rubicon3adventure.com\\\/de\\\/produkt\\\/island-faroes-schottland\\\/#breadcrumb\"},\"inLanguage\":\"de-DE\",\"potentialAction\":[{\"@type\":\"ReadAction\",\"target\":[\"https:\\\/\\\/www.rubicon3adventure.com\\\/de\\\/produkt\\\/island-faroes-schottland\\\/\"]}]},{\"@type\":\"ImageObject\",\"inLanguage\":\"de-DE\",\"@id\":\"https:\\\/\\\/www.rubicon3adventure.com\\\/de\\\/produkt\\\/island-faroes-schottland\\\/#primaryimage\",\"url\":\"https:\\\/\\\/www.rubicon3adventure.com\\\/wp-content\\\/uploads\\\/2024\\\/02\\\/northern-lights-norway-2560.webp\",\"contentUrl\":\"https:\\\/\\\/www.rubicon3adventure.com\\\/wp-content\\\/uploads\\\/2024\\\/02\\\/northern-lights-norway-2560.webp\",\"width\":2560,\"height\":1500,\"caption\":\"northern lights iceland\"},{\"@type\":\"BreadcrumbList\",\"@id\":\"https:\\\/\\\/www.rubicon3adventure.com\\\/de\\\/produkt\\\/island-faroes-schottland\\\/#breadcrumb\",\"itemListElement\":[{\"@type\":\"ListItem\",\"position\":1,\"name\":\"Shop\",\"item\":\"https:\\\/\\\/www.rubicon3adventure.com\\\/de\\\/shop\\\/\"},{\"@type\":\"ListItem\",\"position\":2,\"name\":\"Die Reise der Wikinger: Island, F\u00e4r\u00f6er Inseln und Schottland\"}]},{\"@type\":\"WebSite\",\"@id\":\"https:\\\/\\\/www.rubicon3adventure.com\\\/de\\\/#website\",\"url\":\"https:\\\/\\\/www.rubicon3adventure.com\\\/de\\\/\",\"name\":\"Rubicon 3 Adventure\",\"description\":\"\",\"publisher\":{\"@id\":\"https:\\\/\\\/www.rubicon3adventure.com\\\/de\\\/#organization\"},\"potentialAction\":[{\"@type\":\"SearchAction\",\"target\":{\"@type\":\"EntryPoint\",\"urlTemplate\":\"https:\\\/\\\/www.rubicon3adventure.com\\\/de\\\/?s={search_term_string}\"},\"query-input\":{\"@type\":\"PropertyValueSpecification\",\"valueRequired\":true,\"valueName\":\"search_term_string\"}}],\"inLanguage\":\"de-DE\"},{\"@type\":\"Organization\",\"@id\":\"https:\\\/\\\/www.rubicon3adventure.com\\\/de\\\/#organization\",\"name\":\"Rubicon 3 Adventures\",\"alternateName\":\"Blueco Holdings Ltd\",\"url\":\"https:\\\/\\\/www.rubicon3adventure.com\\\/de\\\/\",\"logo\":{\"@type\":\"ImageObject\",\"inLanguage\":\"de-DE\",\"@id\":\"https:\\\/\\\/www.rubicon3adventure.com\\\/de\\\/#\\\/schema\\\/logo\\\/image\\\/\",\"url\":\"https:\\\/\\\/www.rubicon3adventure.com\\\/wp-content\\\/uploads\\\/2024\\\/03\\\/Rubicon_Schema-Image-scaled.jpg\",\"contentUrl\":\"https:\\\/\\\/www.rubicon3adventure.com\\\/wp-content\\\/uploads\\\/2024\\\/03\\\/Rubicon_Schema-Image-scaled.jpg\",\"width\":2560,\"height\":1554,\"caption\":\"Rubicon 3 Adventures\"},\"image\":{\"@id\":\"https:\\\/\\\/www.rubicon3adventure.com\\\/de\\\/#\\\/schema\\\/logo\\\/image\\\/\"},\"sameAs\":[\"https:\\\/\\\/www.facebook.com\\\/rubicon3sailing\",\"https:\\\/\\\/x.com\\\/rubicon3sailing\",\"https:\\\/\\\/www.instagram.com\\\/rubicon_3_sailing\\\/\",\"https:\\\/\\\/www.pinterest.co.uk\\\/rubicon3sailing\\\/\",\"https:\\\/\\\/www.youtube.com\\\/channel\\\/UCUVTAy1Qm4lz0uZI_83Um8A\",\"https:\\\/\\\/www.linkedin.com\\\/company\\\/rubicon-3\\\/\"]}]}<\/script>\n<!-- \/ Yoast SEO Premium plugin. -->","yoast_head_json":{"title":"Maximum Sailing Adventure: Island - F\u00e4r\u00f6er Inseln - Schottland.","description":"Segeln Sie mit uns 12 Tage lang abenteuerlich zwischen Island, den F\u00e4r\u00f6er Inseln und Schottland. Sch\u00f6ne Landschaften, wilde Tiere und das beste Segeln.","robots":{"index":"index","follow":"follow","max-snippet":"max-snippet:-1","max-image-preview":"max-image-preview:large","max-video-preview":"max-video-preview:-1"},"canonical":"https:\/\/www.rubicon3adventure.com\/de\/produkt\/island-faroes-schottland\/","og_locale":"de_DE","og_type":"article","og_title":"Maximum Sailing Adventure: Island - F\u00e4r\u00f6er Inseln - Schottland.","og_description":"Segeln Sie mit uns 12 Tage lang abenteuerlich zwischen Island, den F\u00e4r\u00f6er Inseln und Schottland. Sch\u00f6ne Landschaften, wilde Tiere und das beste Segeln.","og_url":"https:\/\/www.rubicon3adventure.com\/de\/produkt\/island-faroes-schottland\/","og_site_name":"Rubicon 3 Adventure","article_publisher":"https:\/\/www.facebook.com\/rubicon3sailing","og_image":[{"width":2560,"height":1439,"url":"https:\/\/www.rubicon3adventure.com\/wp-content\/uploads\/2024\/02\/icelandn-to-faroes.webp","type":"image\/webp"}],"twitter_card":"summary_large_image","twitter_site":"@rubicon3sailing","twitter_misc":{"Gesch\u00e4tzte Lesezeit":"2 Minuten"},"schema":{"@context":"https:\/\/schema.org","@graph":[{"@type":"WebPage","@id":"https:\/\/www.rubicon3adventure.com\/de\/produkt\/island-faroes-schottland\/","url":"https:\/\/www.rubicon3adventure.com\/de\/produkt\/island-faroes-schottland\/","name":"Maximum Sailing Adventure: Island - F\u00e4r\u00f6er Inseln - Schottland.","isPartOf":{"@id":"https:\/\/www.rubicon3adventure.com\/de\/#website"},"primaryImageOfPage":{"@id":"https:\/\/www.rubicon3adventure.com\/de\/produkt\/island-faroes-schottland\/#primaryimage"},"image":{"@id":"https:\/\/www.rubicon3adventure.com\/de\/produkt\/island-faroes-schottland\/#primaryimage"},"thumbnailUrl":"https:\/\/www.rubicon3adventure.com\/wp-content\/uploads\/2024\/02\/northern-lights-norway-2560.webp","datePublished":"2024-02-05T11:46:46+00:00","description":"Segeln Sie mit uns 12 Tage lang abenteuerlich zwischen Island, den F\u00e4r\u00f6er Inseln und Schottland. Sch\u00f6ne Landschaften, wilde Tiere und das beste Segeln.","breadcrumb":{"@id":"https:\/\/www.rubicon3adventure.com\/de\/produkt\/island-faroes-schottland\/#breadcrumb"},"inLanguage":"de-DE","potentialAction":[{"@type":"ReadAction","target":["https:\/\/www.rubicon3adventure.com\/de\/produkt\/island-faroes-schottland\/"]}]},{"@type":"ImageObject","inLanguage":"de-DE","@id":"https:\/\/www.rubicon3adventure.com\/de\/produkt\/island-faroes-schottland\/#primaryimage","url":"https:\/\/www.rubicon3adventure.com\/wp-content\/uploads\/2024\/02\/northern-lights-norway-2560.webp","contentUrl":"https:\/\/www.rubicon3adventure.com\/wp-content\/uploads\/2024\/02\/northern-lights-norway-2560.webp","width":2560,"height":1500,"caption":"northern lights iceland"},{"@type":"BreadcrumbList","@id":"https:\/\/www.rubicon3adventure.com\/de\/produkt\/island-faroes-schottland\/#breadcrumb","itemListElement":[{"@type":"ListItem","position":1,"name":"Shop","item":"https:\/\/www.rubicon3adventure.com\/de\/shop\/"},{"@type":"ListItem","position":2,"name":"Die Reise der Wikinger: Island, F\u00e4r\u00f6er Inseln und Schottland"}]},{"@type":"WebSite","@id":"https:\/\/www.rubicon3adventure.com\/de\/#website","url":"https:\/\/www.rubicon3adventure.com\/de\/","name":"Rubicon 3 Adventure","description":"","publisher":{"@id":"https:\/\/www.rubicon3adventure.com\/de\/#organization"},"potentialAction":[{"@type":"SearchAction","target":{"@type":"EntryPoint","urlTemplate":"https:\/\/www.rubicon3adventure.com\/de\/?s={search_term_string}"},"query-input":{"@type":"PropertyValueSpecification","valueRequired":true,"valueName":"search_term_string"}}],"inLanguage":"de-DE"},{"@type":"Organization","@id":"https:\/\/www.rubicon3adventure.com\/de\/#organization","name":"Rubicon 3 Adventures","alternateName":"Blueco Holdings Ltd","url":"https:\/\/www.rubicon3adventure.com\/de\/","logo":{"@type":"ImageObject","inLanguage":"de-DE","@id":"https:\/\/www.rubicon3adventure.com\/de\/#\/schema\/logo\/image\/","url":"https:\/\/www.rubicon3adventure.com\/wp-content\/uploads\/2024\/03\/Rubicon_Schema-Image-scaled.jpg","contentUrl":"https:\/\/www.rubicon3adventure.com\/wp-content\/uploads\/2024\/03\/Rubicon_Schema-Image-scaled.jpg","width":2560,"height":1554,"caption":"Rubicon 3 Adventures"},"image":{"@id":"https:\/\/www.rubicon3adventure.com\/de\/#\/schema\/logo\/image\/"},"sameAs":["https:\/\/www.facebook.com\/rubicon3sailing","https:\/\/x.com\/rubicon3sailing","https:\/\/www.instagram.com\/rubicon_3_sailing\/","https:\/\/www.pinterest.co.uk\/rubicon3sailing\/","https:\/\/www.youtube.com\/channel\/UCUVTAy1Qm4lz0uZI_83Um8A","https:\/\/www.linkedin.com\/company\/rubicon-3\/"]}]}},"_links":{"self":[{"href":"https:\/\/www.rubicon3adventure.com\/de\/wp-json\/wp\/v2\/product\/5175","targetHints":{"allow":["GET"]}}],"collection":[{"href":"https:\/\/www.rubicon3adventure.com\/de\/wp-json\/wp\/v2\/product"}],"about":[{"href":"https:\/\/www.rubicon3adventure.com\/de\/wp-json\/wp\/v2\/types\/product"}],"replies":[{"embeddable":true,"href":"https:\/\/www.rubicon3adventure.com\/de\/wp-json\/wp\/v2\/comments?post=5175"}],"wp:featuredmedia":[{"embeddable":true,"href":"https:\/\/www.rubicon3adventure.com\/de\/wp-json\/wp\/v2\/media\/8566"}],"wp:attachment":[{"href":"https:\/\/www.rubicon3adventure.com\/de\/wp-json\/wp\/v2\/media?parent=5175"}],"wp:term":[{"taxonomy":"product_brand","embeddable":true,"href":"https:\/\/www.rubicon3adventure.com\/de\/wp-json\/wp\/v2\/product_brand?post=5175"},{"taxonomy":"product_cat","embeddable":true,"href":"https:\/\/www.rubicon3adventure.com\/de\/wp-json\/wp\/v2\/product_cat?post=5175"},{"taxonomy":"product_tag","embeddable":true,"href":"https:\/\/www.rubicon3adventure.com\/de\/wp-json\/wp\/v2\/product_tag?post=5175"}],"curies":[{"name":"wp","href":"https:\/\/api.w.org\/{rel}","templated":true}]}}