{"id":5179,"date":"2024-02-06T14:21:40","date_gmt":"2024-02-06T14:21:40","guid":{"rendered":"https:\/\/www.rubicon3adventure.com\/product\/schottland-orkney-fair-isle-shetland\/"},"modified":"2024-07-03T06:21:56","modified_gmt":"2024-07-03T05:21:56","slug":"schottland-orkney-fair-isle-shetland","status":"publish","type":"product","link":"https:\/\/www.rubicon3adventure.com\/de\/produkt\/schottland-orkney-fair-isle-shetland\/","title":{"rendered":"Schottlands wilde Inseln: Orkney, Fair Isle &amp; Shetland"},"content":{"rendered":"<p><span data-preserver-spaces=\"true\">Das Wild Islands Segelabenteuer ist ein fesselnder Segelt\u00f6rn durch Schottlands abgelegenste und sch\u00f6nste Inselgruppen &#8211; die Hebriden, Orkney, Fair Isle und Shetland, wobei die letztgenannten Inseln auch als die N\u00f6rdlichen Inseln bekannt sind. Entdecken Sie den rauen Charme dieser wilden, windgepeitschten Inseln aus dem einzigartigen Blickwinkel des Meeres. Gehen Sie an Land und erkunden Sie die mystischen stehenden Steine von Orkney, die unvergleichliche nat\u00fcrliche Sch\u00f6nheit der Hebriden, die reiche Vogelwelt von Fair Isle und die kargen, dramatischen Landschaften von Shetland. Navigieren Sie durch bezaubernde, abgeschiedene Buchten, umgeben von Wildtieren und historischen St\u00e4tten. Die Wild Islands ist Ihre Chance, diese Inseln in ihrer ganzen magischen Pracht zu erkunden und zu segeln.<\/span><\/p>\n<h5><span data-preserver-spaces=\"true\">Sind Sie bereit f\u00fcr die Reise Ihres Lebens mit Europas Abenteuersegler Nummer 1?<\/span><\/h5>\n<p><span data-preserver-spaces=\"true\">Rubicon 3 Expeditionen sind echte Segelabenteuer. Je nach gew\u00e4hlter Route werden Sie abseits der ausgetretenen Pfade unterwegs sein, m\u00f6glicherweise auf dem offenen Meer, und abgelegene und wundersch\u00f6ne Orte ansteuern und erkunden. Die fachkundigen Rubicon 3 Ausbilder werden Sie schulen und sicherstellen, dass Sie in alle Aspekte des Erlebnisses eingebunden werden, einschlie\u00dflich Navigieren, Steuern, Trimmen von Segeln, Kochen und Pflege der Jacht. Als echtes Segelabenteuer ist es viel weniger vorhersehbar (und viel besser!) als ein Pauschalangebot, bei dem die Reiseroute Tag f\u00fcr Tag geplant und von den \u00f6rtlichen Gegebenheiten und dem Wetter bestimmt wird. Um an diesem Abenteuer teilzunehmen, brauchen Sie nur Lust auf Abenteuer, einen offenen Geist und den Wunsch, sich voll und ganz einzubringen.<\/span><\/p>\n<h5><span data-preserver-spaces=\"true\">Wollen Sie mitmachen?<\/span><\/h5>\n<p><span data-preserver-spaces=\"true\">Gehen Sie auf die Schaltfl\u00e4che Termine &amp; Preise, um die Daten dieser Reise zu sehen. Dort finden Sie auch Informationen zu Anschlussreisen, z.B. wohin Sie fliegen und wann und wo Sie an Bord gehen k\u00f6nnen.<\/span><\/p>\n<p>&nbsp;<\/p>\n","protected":false},"excerpt":{"rendered":"<p>Segeln und erkunden Sie die wilden Inseln Schottlands, einschlie\u00dflich der \u00c4u\u00dferen Hebriden, Orkney, Fair Isle und Shetland. Schroffe Sch\u00f6nheit und eine magische Tierwelt.<\/p>\n","protected":false},"featured_media":2708,"comment_status":"closed","ping_status":"closed","template":"","meta":{"_acf_changed":false,"content-type":""},"product_brand":[],"product_cat":[235,262,241],"product_tag":[],"class_list":{"0":"post-5179","1":"product","2":"type-product","3":"status-publish","4":"has-post-thumbnail","6":"product_cat-abenteuer-segelurlaub","7":"product_cat-grossbritannien-irland","8":"product_cat-kueste","9":"trip_region-vereinigtes-koenigreich-und-irland","10":"trip_type-kuesten","11":"trip_duration-11-16-tage","13":"first","14":"outofstock","15":"shipping-taxable","16":"product-type-variable"},"acf":[],"yoast_head":"<!-- This site is optimized with the Yoast SEO Premium plugin v27.3 (Yoast SEO v27.5) - https:\/\/yoast.com\/product\/yoast-seo-premium-wordpress\/ -->\n<title>Segelabenteuer auf den schottischen Hebriden, Orkney &amp; Shetland<\/title>\n<meta name=\"description\" content=\"Segeln Sie weit abseits der ausgetretenen Pfade und erkunden Sie einige der zerkl\u00fcftetsten, wildesten und eindrucksvollsten Inseln und Gemeinden Schottlands.\" \/>\n<meta name=\"robots\" content=\"index, follow, max-snippet:-1, max-image-preview:large, max-video-preview:-1\" \/>\n<link rel=\"canonical\" href=\"https:\/\/www.rubicon3adventure.com\/de\/produkt\/schottland-orkney-fair-isle-shetland\/\" \/>\n<meta property=\"og:locale\" content=\"de_DE\" \/>\n<meta property=\"og:type\" content=\"article\" \/>\n<meta property=\"og:title\" content=\"Segelabenteuer auf den schottischen Hebriden, Orkney &amp; Shetland\" \/>\n<meta property=\"og:description\" content=\"Segeln Sie weit abseits der ausgetretenen Pfade und erkunden Sie einige der zerkl\u00fcftetsten, wildesten und eindrucksvollsten Inseln und Gemeinden Schottlands.\" \/>\n<meta property=\"og:url\" content=\"https:\/\/www.rubicon3adventure.com\/de\/produkt\/schottland-orkney-fair-isle-shetland\/\" \/>\n<meta property=\"og:site_name\" content=\"Rubicon 3 Adventure\" \/>\n<meta property=\"article:publisher\" content=\"https:\/\/www.facebook.com\/rubicon3sailing\" \/>\n<meta property=\"article:modified_time\" content=\"2024-07-03T05:21:56+00:00\" \/>\n<meta property=\"og:image\" content=\"https:\/\/www.rubicon3adventure.com\/wp-content\/uploads\/2024\/02\/shetland-2560.webp\" \/>\n\t<meta property=\"og:image:width\" content=\"2560\" \/>\n\t<meta property=\"og:image:height\" content=\"1708\" \/>\n\t<meta property=\"og:image:type\" content=\"image\/webp\" \/>\n<meta name=\"twitter:card\" content=\"summary_large_image\" \/>\n<meta name=\"twitter:site\" content=\"@rubicon3sailing\" \/>\n<meta name=\"twitter:label1\" content=\"Gesch\u00e4tzte Lesezeit\" \/>\n\t<meta name=\"twitter:data1\" content=\"8 Minuten\" \/>\n<script type=\"application\/ld+json\" class=\"yoast-schema-graph\">{\"@context\":\"https:\\\/\\\/schema.org\",\"@graph\":[{\"@type\":\"WebPage\",\"@id\":\"https:\\\/\\\/www.rubicon3adventure.com\\\/de\\\/produkt\\\/schottland-orkney-fair-isle-shetland\\\/\",\"url\":\"https:\\\/\\\/www.rubicon3adventure.com\\\/de\\\/produkt\\\/schottland-orkney-fair-isle-shetland\\\/\",\"name\":\"Segelabenteuer auf den schottischen Hebriden, Orkney & Shetland\",\"isPartOf\":{\"@id\":\"https:\\\/\\\/www.rubicon3adventure.com\\\/de\\\/#website\"},\"primaryImageOfPage\":{\"@id\":\"https:\\\/\\\/www.rubicon3adventure.com\\\/de\\\/produkt\\\/schottland-orkney-fair-isle-shetland\\\/#primaryimage\"},\"image\":{\"@id\":\"https:\\\/\\\/www.rubicon3adventure.com\\\/de\\\/produkt\\\/schottland-orkney-fair-isle-shetland\\\/#primaryimage\"},\"thumbnailUrl\":\"https:\\\/\\\/www.rubicon3adventure.com\\\/wp-content\\\/uploads\\\/2024\\\/02\\\/shetland-2560.webp\",\"datePublished\":\"2024-02-06T14:21:40+00:00\",\"dateModified\":\"2024-07-03T05:21:56+00:00\",\"description\":\"Segeln Sie weit abseits der ausgetretenen Pfade und erkunden Sie einige der zerkl\u00fcftetsten, wildesten und eindrucksvollsten Inseln und Gemeinden Schottlands.\",\"breadcrumb\":{\"@id\":\"https:\\\/\\\/www.rubicon3adventure.com\\\/de\\\/produkt\\\/schottland-orkney-fair-isle-shetland\\\/#breadcrumb\"},\"inLanguage\":\"de-DE\",\"potentialAction\":[{\"@type\":\"ReadAction\",\"target\":[\"https:\\\/\\\/www.rubicon3adventure.com\\\/de\\\/produkt\\\/schottland-orkney-fair-isle-shetland\\\/\"]}]},{\"@type\":\"ImageObject\",\"inLanguage\":\"de-DE\",\"@id\":\"https:\\\/\\\/www.rubicon3adventure.com\\\/de\\\/produkt\\\/schottland-orkney-fair-isle-shetland\\\/#primaryimage\",\"url\":\"https:\\\/\\\/www.rubicon3adventure.com\\\/wp-content\\\/uploads\\\/2024\\\/02\\\/shetland-2560.webp\",\"contentUrl\":\"https:\\\/\\\/www.rubicon3adventure.com\\\/wp-content\\\/uploads\\\/2024\\\/02\\\/shetland-2560.webp\",\"width\":2560,\"height\":1708,\"caption\":\"Klippen der Shetlands\"},{\"@type\":\"BreadcrumbList\",\"@id\":\"https:\\\/\\\/www.rubicon3adventure.com\\\/de\\\/produkt\\\/schottland-orkney-fair-isle-shetland\\\/#breadcrumb\",\"itemListElement\":[{\"@type\":\"ListItem\",\"position\":1,\"name\":\"Shop\",\"item\":\"https:\\\/\\\/www.rubicon3adventure.com\\\/de\\\/shop\\\/\"},{\"@type\":\"ListItem\",\"position\":2,\"name\":\"Schottlands wilde Inseln: Orkney, Fair Isle &amp; Shetland\"}]},{\"@type\":\"WebSite\",\"@id\":\"https:\\\/\\\/www.rubicon3adventure.com\\\/de\\\/#website\",\"url\":\"https:\\\/\\\/www.rubicon3adventure.com\\\/de\\\/\",\"name\":\"Rubicon 3 Adventure\",\"description\":\"\",\"publisher\":{\"@id\":\"https:\\\/\\\/www.rubicon3adventure.com\\\/de\\\/#organization\"},\"potentialAction\":[{\"@type\":\"SearchAction\",\"target\":{\"@type\":\"EntryPoint\",\"urlTemplate\":\"https:\\\/\\\/www.rubicon3adventure.com\\\/de\\\/?s={search_term_string}\"},\"query-input\":{\"@type\":\"PropertyValueSpecification\",\"valueRequired\":true,\"valueName\":\"search_term_string\"}}],\"inLanguage\":\"de-DE\"},{\"@type\":\"Organization\",\"@id\":\"https:\\\/\\\/www.rubicon3adventure.com\\\/de\\\/#organization\",\"name\":\"Rubicon 3 Adventures\",\"alternateName\":\"Blueco Holdings Ltd\",\"url\":\"https:\\\/\\\/www.rubicon3adventure.com\\\/de\\\/\",\"logo\":{\"@type\":\"ImageObject\",\"inLanguage\":\"de-DE\",\"@id\":\"https:\\\/\\\/www.rubicon3adventure.com\\\/de\\\/#\\\/schema\\\/logo\\\/image\\\/\",\"url\":\"https:\\\/\\\/www.rubicon3adventure.com\\\/wp-content\\\/uploads\\\/2024\\\/03\\\/Rubicon_Schema-Image-scaled.jpg\",\"contentUrl\":\"https:\\\/\\\/www.rubicon3adventure.com\\\/wp-content\\\/uploads\\\/2024\\\/03\\\/Rubicon_Schema-Image-scaled.jpg\",\"width\":2560,\"height\":1554,\"caption\":\"Rubicon 3 Adventures\"},\"image\":{\"@id\":\"https:\\\/\\\/www.rubicon3adventure.com\\\/de\\\/#\\\/schema\\\/logo\\\/image\\\/\"},\"sameAs\":[\"https:\\\/\\\/www.facebook.com\\\/rubicon3sailing\",\"https:\\\/\\\/x.com\\\/rubicon3sailing\",\"https:\\\/\\\/www.instagram.com\\\/rubicon_3_sailing\\\/\",\"https:\\\/\\\/www.pinterest.co.uk\\\/rubicon3sailing\\\/\",\"https:\\\/\\\/www.youtube.com\\\/channel\\\/UCUVTAy1Qm4lz0uZI_83Um8A\",\"https:\\\/\\\/www.linkedin.com\\\/company\\\/rubicon-3\\\/\"]}]}<\/script>\n<!-- \/ Yoast SEO Premium plugin. -->","yoast_head_json":{"title":"Segelabenteuer auf den schottischen Hebriden, Orkney & Shetland","description":"Segeln Sie weit abseits der ausgetretenen Pfade und erkunden Sie einige der zerkl\u00fcftetsten, wildesten und eindrucksvollsten Inseln und Gemeinden Schottlands.","robots":{"index":"index","follow":"follow","max-snippet":"max-snippet:-1","max-image-preview":"max-image-preview:large","max-video-preview":"max-video-preview:-1"},"canonical":"https:\/\/www.rubicon3adventure.com\/de\/produkt\/schottland-orkney-fair-isle-shetland\/","og_locale":"de_DE","og_type":"article","og_title":"Segelabenteuer auf den schottischen Hebriden, Orkney & Shetland","og_description":"Segeln Sie weit abseits der ausgetretenen Pfade und erkunden Sie einige der zerkl\u00fcftetsten, wildesten und eindrucksvollsten Inseln und Gemeinden Schottlands.","og_url":"https:\/\/www.rubicon3adventure.com\/de\/produkt\/schottland-orkney-fair-isle-shetland\/","og_site_name":"Rubicon 3 Adventure","article_publisher":"https:\/\/www.facebook.com\/rubicon3sailing","article_modified_time":"2024-07-03T05:21:56+00:00","og_image":[{"width":2560,"height":1708,"url":"https:\/\/www.rubicon3adventure.com\/wp-content\/uploads\/2024\/02\/shetland-2560.webp","type":"image\/webp"}],"twitter_card":"summary_large_image","twitter_site":"@rubicon3sailing","twitter_misc":{"Gesch\u00e4tzte Lesezeit":"8 Minuten"},"schema":{"@context":"https:\/\/schema.org","@graph":[{"@type":"WebPage","@id":"https:\/\/www.rubicon3adventure.com\/de\/produkt\/schottland-orkney-fair-isle-shetland\/","url":"https:\/\/www.rubicon3adventure.com\/de\/produkt\/schottland-orkney-fair-isle-shetland\/","name":"Segelabenteuer auf den schottischen Hebriden, Orkney & Shetland","isPartOf":{"@id":"https:\/\/www.rubicon3adventure.com\/de\/#website"},"primaryImageOfPage":{"@id":"https:\/\/www.rubicon3adventure.com\/de\/produkt\/schottland-orkney-fair-isle-shetland\/#primaryimage"},"image":{"@id":"https:\/\/www.rubicon3adventure.com\/de\/produkt\/schottland-orkney-fair-isle-shetland\/#primaryimage"},"thumbnailUrl":"https:\/\/www.rubicon3adventure.com\/wp-content\/uploads\/2024\/02\/shetland-2560.webp","datePublished":"2024-02-06T14:21:40+00:00","dateModified":"2024-07-03T05:21:56+00:00","description":"Segeln Sie weit abseits der ausgetretenen Pfade und erkunden Sie einige der zerkl\u00fcftetsten, wildesten und eindrucksvollsten Inseln und Gemeinden Schottlands.","breadcrumb":{"@id":"https:\/\/www.rubicon3adventure.com\/de\/produkt\/schottland-orkney-fair-isle-shetland\/#breadcrumb"},"inLanguage":"de-DE","potentialAction":[{"@type":"ReadAction","target":["https:\/\/www.rubicon3adventure.com\/de\/produkt\/schottland-orkney-fair-isle-shetland\/"]}]},{"@type":"ImageObject","inLanguage":"de-DE","@id":"https:\/\/www.rubicon3adventure.com\/de\/produkt\/schottland-orkney-fair-isle-shetland\/#primaryimage","url":"https:\/\/www.rubicon3adventure.com\/wp-content\/uploads\/2024\/02\/shetland-2560.webp","contentUrl":"https:\/\/www.rubicon3adventure.com\/wp-content\/uploads\/2024\/02\/shetland-2560.webp","width":2560,"height":1708,"caption":"Klippen der Shetlands"},{"@type":"BreadcrumbList","@id":"https:\/\/www.rubicon3adventure.com\/de\/produkt\/schottland-orkney-fair-isle-shetland\/#breadcrumb","itemListElement":[{"@type":"ListItem","position":1,"name":"Shop","item":"https:\/\/www.rubicon3adventure.com\/de\/shop\/"},{"@type":"ListItem","position":2,"name":"Schottlands wilde Inseln: Orkney, Fair Isle &amp; Shetland"}]},{"@type":"WebSite","@id":"https:\/\/www.rubicon3adventure.com\/de\/#website","url":"https:\/\/www.rubicon3adventure.com\/de\/","name":"Rubicon 3 Adventure","description":"","publisher":{"@id":"https:\/\/www.rubicon3adventure.com\/de\/#organization"},"potentialAction":[{"@type":"SearchAction","target":{"@type":"EntryPoint","urlTemplate":"https:\/\/www.rubicon3adventure.com\/de\/?s={search_term_string}"},"query-input":{"@type":"PropertyValueSpecification","valueRequired":true,"valueName":"search_term_string"}}],"inLanguage":"de-DE"},{"@type":"Organization","@id":"https:\/\/www.rubicon3adventure.com\/de\/#organization","name":"Rubicon 3 Adventures","alternateName":"Blueco Holdings Ltd","url":"https:\/\/www.rubicon3adventure.com\/de\/","logo":{"@type":"ImageObject","inLanguage":"de-DE","@id":"https:\/\/www.rubicon3adventure.com\/de\/#\/schema\/logo\/image\/","url":"https:\/\/www.rubicon3adventure.com\/wp-content\/uploads\/2024\/03\/Rubicon_Schema-Image-scaled.jpg","contentUrl":"https:\/\/www.rubicon3adventure.com\/wp-content\/uploads\/2024\/03\/Rubicon_Schema-Image-scaled.jpg","width":2560,"height":1554,"caption":"Rubicon 3 Adventures"},"image":{"@id":"https:\/\/www.rubicon3adventure.com\/de\/#\/schema\/logo\/image\/"},"sameAs":["https:\/\/www.facebook.com\/rubicon3sailing","https:\/\/x.com\/rubicon3sailing","https:\/\/www.instagram.com\/rubicon_3_sailing\/","https:\/\/www.pinterest.co.uk\/rubicon3sailing\/","https:\/\/www.youtube.com\/channel\/UCUVTAy1Qm4lz0uZI_83Um8A","https:\/\/www.linkedin.com\/company\/rubicon-3\/"]}]}},"_links":{"self":[{"href":"https:\/\/www.rubicon3adventure.com\/de\/wp-json\/wp\/v2\/product\/5179","targetHints":{"allow":["GET"]}}],"collection":[{"href":"https:\/\/www.rubicon3adventure.com\/de\/wp-json\/wp\/v2\/product"}],"about":[{"href":"https:\/\/www.rubicon3adventure.com\/de\/wp-json\/wp\/v2\/types\/product"}],"replies":[{"embeddable":true,"href":"https:\/\/www.rubicon3adventure.com\/de\/wp-json\/wp\/v2\/comments?post=5179"}],"wp:featuredmedia":[{"embeddable":true,"href":"https:\/\/www.rubicon3adventure.com\/de\/wp-json\/wp\/v2\/media\/2708"}],"wp:attachment":[{"href":"https:\/\/www.rubicon3adventure.com\/de\/wp-json\/wp\/v2\/media?parent=5179"}],"wp:term":[{"taxonomy":"product_brand","embeddable":true,"href":"https:\/\/www.rubicon3adventure.com\/de\/wp-json\/wp\/v2\/product_brand?post=5179"},{"taxonomy":"product_cat","embeddable":true,"href":"https:\/\/www.rubicon3adventure.com\/de\/wp-json\/wp\/v2\/product_cat?post=5179"},{"taxonomy":"product_tag","embeddable":true,"href":"https:\/\/www.rubicon3adventure.com\/de\/wp-json\/wp\/v2\/product_tag?post=5179"}],"curies":[{"name":"wp","href":"https:\/\/api.w.org\/{rel}","templated":true}]}}