{"id":5185,"date":"2024-02-07T19:04:56","date_gmt":"2024-02-07T19:04:56","guid":{"rendered":"https:\/\/www.rubicon3adventure.com\/product\/die-polare-wildnis-svalbard-erkunden\/"},"modified":"2024-02-07T19:04:56","modified_gmt":"2024-02-07T19:04:56","slug":"die-polare-wildnis-svalbard-erkunden","status":"publish","type":"product","link":"https:\/\/www.rubicon3adventure.com\/de\/produkt\/die-polare-wildnis-svalbard-erkunden\/","title":{"rendered":"Die polare Wildnis: Svalbard erkunden"},"content":{"rendered":"<p>Begeben Sie sich auf ein unvergessliches Segelabenteuer in Svalbard. Navigieren Sie durch eisige Gew\u00e4sser und werden Sie Zeuge der atemberaubenden Sch\u00f6nheit gro\u00dfartiger Gletscher und schroffer Berge, die sich dramatisch aus dem Meer erheben. Die Mitternachtssonne in der Arktis sorgt f\u00fcr endloses Tageslicht, so dass Sie zu jeder Tageszeit weiter segeln und erkunden k\u00f6nnen. Svalbard ist ein Paradies f\u00fcr Wildtierliebhaber, die hier Eisb\u00e4ren, Walrosse und zahlreiche Seev\u00f6gel in ihrem nat\u00fcrlichen Lebensraum beobachten k\u00f6nnen.<\/p>\n<p>Die Abgeschiedenheit Spitzbergens macht das Abenteuer noch interessanter, denn sie erfordert ein Ma\u00df an Selbstversorgung, das man an traditionellen Reisezielen nicht findet. Die Belohnung sind jedoch unvergleichliche Erlebnisse, wie z.B. das Ankern in abgelegenen, eisbedeckten Fjorden, das Wandern in unber\u00fchrter arktischer Tundra und das Erleben der atemberaubenden Sch\u00f6nheit von Eisbergen aus n\u00e4chster N\u00e4he. Svalbard ist eine seltene Mischung aus Abenteuer, Natursch\u00f6nheit und Tierwelt, mit einigen der atemberaubendsten Landschaften der Welt.<\/p>\n<h4>Segeln Sie mit Experten f\u00fcr die Erforschung der Arktis<\/h4>\n<div class=\"w-full text-token-text-primary\" data-testid=\"conversation-turn-11\">\n<div class=\"px-4 py-2 justify-center text-base md:gap-6 m-auto\">\n<div class=\"flex flex-1 text-base mx-auto gap-3 md:px-5 lg:px-1 xl:px-5 md:max-w-3xl lg:max-w-[40rem] xl:max-w-[48rem] group\">\n<div class=\"relative flex w-full flex-col agent-turn\">\n<div class=\"flex-col gap-1 md:gap-3\">\n<div class=\"flex flex-grow flex-col max-w-full\">\n<div class=\"min-h-[20px] text-message flex flex-col items-start gap-3 whitespace-pre-wrap break-words [.text-message+&amp;]:mt-5 overflow-x-auto\" data-message-author-role=\"assistant\" data-message-id=\"812bf16a-fd43-4ce9-8507-742b4d5581de\">\n<div class=\"markdown prose w-full break-words dark:prose-invert light\">\n<p>Rubicon 3 ist als Experte f\u00fcr arktisches Segeln bekannt. Wir sind in der Segelwelt f\u00fcr unsere umfangreiche Erfahrung, unsere umfassende Ausbildung, unser Engagement f\u00fcr die Erforschung der Arktis und unsere unvergesslichen Segelabenteuer anerkannt. Unser Expertenteam, das sich aus sehr erfahrenen Seglern auf arktischen Expeditionen, der Nordsee und der Norwegischen See zusammensetzt, bietet praktischen Unterricht in allen Aspekten des arktischen Segelns und richtet sich sowohl an Neulinge als auch an erfahrene Segler, die die arktischen Herausforderungen suchen.<\/p>\n<p>Unsere Auswahl an einzigartigen Bucket Lists und weniger befahrenen Routen in der Arktis hebt uns von anderen Anbietern ab und sorgt f\u00fcr aufregende und entdeckungsreiche Segelabenteuer. Unser Ethos ist ein unersch\u00fctterliches Engagement f\u00fcr Sicherheit und \u00f6kologische Nachhaltigkeit, das sicherstellt, dass jede Reise sowohl die Segler als auch die unber\u00fchrte arktische Umwelt respektiert. Dar\u00fcber hinaus konzentrieren wir uns als Segelschule auf den Aufbau individueller F\u00e4higkeiten, so dass jeder in jeden Aspekt der Reise voll eingebunden ist. Dieser ganzheitliche Ansatz hat Rubicon 3 den Ruf eingebracht, die Experten f\u00fcr alle zu sein, die das h\u00f6chste Niveau der arktischen Segelerfahrung suchen.<\/p>\n<h4>Wollen Sie mitmachen?<\/h4>\n<p>Gehen Sie auf die Schaltfl\u00e4che Termine &amp; Preise, um die Termine f\u00fcr diesen Arktis-Segelurlaub zu sehen. Dort finden Sie auch Informationen zu Anschlussreisen, z.B. wohin Sie fliegen und wann und wo Sie an Bord gehen k\u00f6nnen.<\/p>\n<\/div>\n<\/div>\n<\/div>\n<div class=\"mt-1 flex justify-start gap-3 empty:hidden\">\n<div class=\"text-gray-400 flex self-end lg:self-center justify-center lg:justify-start mt-0 -ml-1 visible\">\n<p>&nbsp;<\/p>\n<div class=\"flex\"><\/div>\n<\/div>\n<\/div>\n<\/div>\n<\/div>\n<\/div>\n<\/div>\n<\/div>\n<div class=\"w-full text-token-text-primary\" data-testid=\"conversation-turn-12\">\n<div class=\"px-4 py-2 justify-center text-base md:gap-6 m-auto\">\n<div class=\"flex flex-1 text-base mx-auto gap-3 md:px-5 lg:px-1 xl:px-5 md:max-w-3xl lg:max-w-[40rem] xl:max-w-[48rem] group\">\n<div class=\"flex-shrink-0 flex flex-col relative items-end\">\n<div>\n<div class=\"pt-0.5\">\n<div class=\"gizmo-shadow-stroke flex h-6 w-6 items-center justify-center overflow-hidden rounded-full\"><\/div>\n<\/div>\n<\/div>\n<\/div>\n<\/div>\n<\/div>\n<\/div>\n","protected":false},"excerpt":{"rendered":"<p>Ein einmaliges Segelabenteuer auf Svalbard. Begegnen Sie Eisb\u00e4ren, majest\u00e4tischen Gletschern und unber\u00fchrten arktischen Landschaften, wo die Mitternachtssonne Sie durch die wilde, unber\u00fchrte Sch\u00f6nheit der Arktis f\u00fchrt.<\/p>\n","protected":false},"featured_media":2732,"comment_status":"closed","ping_status":"closed","template":"","meta":{"_acf_changed":false,"content-type":""},"product_brand":[],"product_cat":[235,241,253],"product_tag":[292],"class_list":{"0":"post-5185","1":"product","2":"type-product","3":"status-publish","4":"has-post-thumbnail","6":"product_cat-abenteuer-segelurlaub","7":"product_cat-kueste","8":"product_cat-norwegen-island-die-arktis","9":"product_tag-svalbard-de","10":"trip_region-norwegen-island-und-arktis","11":"trip_type-kuesten","12":"trip_duration-11-16-tage","14":"first","15":"instock","16":"shipping-taxable","17":"purchasable","18":"product-type-variable"},"acf":[],"yoast_head":"<!-- This site is optimized with the Yoast SEO Premium plugin v27.3 (Yoast SEO v27.3) - https:\/\/yoast.com\/product\/yoast-seo-premium-wordpress\/ -->\n<title>Svalbard Sailing Adventure | Schlie\u00dfen Sie sich den arktischen Segelexperten an<\/title>\n<meta name=\"description\" content=\"Arktischer Abenteuer-Segelurlaub in Svalbard, dem Land der Eisb\u00e4ren, Gletscher und der unber\u00fchrten arktischen Wildnis. Setzen Sie die Segel f\u00fcr das Abenteuer Ihres Lebens.\" \/>\n<meta name=\"robots\" content=\"index, follow, max-snippet:-1, max-image-preview:large, max-video-preview:-1\" \/>\n<link rel=\"canonical\" href=\"https:\/\/www.rubicon3adventure.com\/de\/produkt\/die-polare-wildnis-svalbard-erkunden\/\" \/>\n<meta property=\"og:locale\" content=\"de_DE\" \/>\n<meta property=\"og:type\" content=\"article\" \/>\n<meta property=\"og:title\" content=\"Svalbard Sailing Adventure | Schlie\u00dfen Sie sich den arktischen Segelexperten an\" \/>\n<meta property=\"og:description\" content=\"Arktischer Abenteuer-Segelurlaub in Svalbard, dem Land der Eisb\u00e4ren, Gletscher und der unber\u00fchrten arktischen Wildnis. Setzen Sie die Segel f\u00fcr das Abenteuer Ihres Lebens.\" \/>\n<meta property=\"og:url\" content=\"https:\/\/www.rubicon3adventure.com\/de\/produkt\/die-polare-wildnis-svalbard-erkunden\/\" \/>\n<meta property=\"og:site_name\" content=\"Rubicon 3 Adventure\" \/>\n<meta property=\"article:publisher\" content=\"https:\/\/www.facebook.com\/rubicon3sailing\" \/>\n<meta property=\"og:image\" content=\"https:\/\/www.rubicon3adventure.com\/wp-content\/uploads\/2024\/02\/svalbard-2560.webp\" \/>\n\t<meta property=\"og:image:width\" content=\"2560\" \/>\n\t<meta property=\"og:image:height\" content=\"1708\" \/>\n\t<meta property=\"og:image:type\" content=\"image\/webp\" \/>\n<meta name=\"twitter:card\" content=\"summary_large_image\" \/>\n<meta name=\"twitter:site\" content=\"@rubicon3sailing\" \/>\n<meta name=\"twitter:label1\" content=\"Gesch\u00e4tzte Lesezeit\" \/>\n\t<meta name=\"twitter:data1\" content=\"2 Minuten\" \/>\n<script type=\"application\/ld+json\" class=\"yoast-schema-graph\">{\"@context\":\"https:\\\/\\\/schema.org\",\"@graph\":[{\"@type\":\"WebPage\",\"@id\":\"https:\\\/\\\/www.rubicon3adventure.com\\\/de\\\/produkt\\\/die-polare-wildnis-svalbard-erkunden\\\/\",\"url\":\"https:\\\/\\\/www.rubicon3adventure.com\\\/de\\\/produkt\\\/die-polare-wildnis-svalbard-erkunden\\\/\",\"name\":\"Svalbard Sailing Adventure | Schlie\u00dfen Sie sich den arktischen Segelexperten an\",\"isPartOf\":{\"@id\":\"https:\\\/\\\/www.rubicon3adventure.com\\\/de\\\/#website\"},\"primaryImageOfPage\":{\"@id\":\"https:\\\/\\\/www.rubicon3adventure.com\\\/de\\\/produkt\\\/die-polare-wildnis-svalbard-erkunden\\\/#primaryimage\"},\"image\":{\"@id\":\"https:\\\/\\\/www.rubicon3adventure.com\\\/de\\\/produkt\\\/die-polare-wildnis-svalbard-erkunden\\\/#primaryimage\"},\"thumbnailUrl\":\"https:\\\/\\\/www.rubicon3adventure.com\\\/wp-content\\\/uploads\\\/2024\\\/02\\\/svalbard-2560.webp\",\"datePublished\":\"2024-02-07T19:04:56+00:00\",\"description\":\"Arktischer Abenteuer-Segelurlaub in Svalbard, dem Land der Eisb\u00e4ren, Gletscher und der unber\u00fchrten arktischen Wildnis. Setzen Sie die Segel f\u00fcr das Abenteuer Ihres Lebens.\",\"breadcrumb\":{\"@id\":\"https:\\\/\\\/www.rubicon3adventure.com\\\/de\\\/produkt\\\/die-polare-wildnis-svalbard-erkunden\\\/#breadcrumb\"},\"inLanguage\":\"de-DE\",\"potentialAction\":[{\"@type\":\"ReadAction\",\"target\":[\"https:\\\/\\\/www.rubicon3adventure.com\\\/de\\\/produkt\\\/die-polare-wildnis-svalbard-erkunden\\\/\"]}]},{\"@type\":\"ImageObject\",\"inLanguage\":\"de-DE\",\"@id\":\"https:\\\/\\\/www.rubicon3adventure.com\\\/de\\\/produkt\\\/die-polare-wildnis-svalbard-erkunden\\\/#primaryimage\",\"url\":\"https:\\\/\\\/www.rubicon3adventure.com\\\/wp-content\\\/uploads\\\/2024\\\/02\\\/svalbard-2560.webp\",\"contentUrl\":\"https:\\\/\\\/www.rubicon3adventure.com\\\/wp-content\\\/uploads\\\/2024\\\/02\\\/svalbard-2560.webp\",\"width\":2560,\"height\":1708,\"caption\":\"Spitzbergen-Eisb\u00e4r\"},{\"@type\":\"BreadcrumbList\",\"@id\":\"https:\\\/\\\/www.rubicon3adventure.com\\\/de\\\/produkt\\\/die-polare-wildnis-svalbard-erkunden\\\/#breadcrumb\",\"itemListElement\":[{\"@type\":\"ListItem\",\"position\":1,\"name\":\"Shop\",\"item\":\"https:\\\/\\\/www.rubicon3adventure.com\\\/de\\\/shop\\\/\"},{\"@type\":\"ListItem\",\"position\":2,\"name\":\"Die polare Wildnis: Svalbard erkunden\"}]},{\"@type\":\"WebSite\",\"@id\":\"https:\\\/\\\/www.rubicon3adventure.com\\\/de\\\/#website\",\"url\":\"https:\\\/\\\/www.rubicon3adventure.com\\\/de\\\/\",\"name\":\"Rubicon 3 Adventure\",\"description\":\"\",\"publisher\":{\"@id\":\"https:\\\/\\\/www.rubicon3adventure.com\\\/de\\\/#organization\"},\"potentialAction\":[{\"@type\":\"SearchAction\",\"target\":{\"@type\":\"EntryPoint\",\"urlTemplate\":\"https:\\\/\\\/www.rubicon3adventure.com\\\/de\\\/?s={search_term_string}\"},\"query-input\":{\"@type\":\"PropertyValueSpecification\",\"valueRequired\":true,\"valueName\":\"search_term_string\"}}],\"inLanguage\":\"de-DE\"},{\"@type\":\"Organization\",\"@id\":\"https:\\\/\\\/www.rubicon3adventure.com\\\/de\\\/#organization\",\"name\":\"Rubicon 3 Adventures\",\"alternateName\":\"Blueco Holdings Ltd\",\"url\":\"https:\\\/\\\/www.rubicon3adventure.com\\\/de\\\/\",\"logo\":{\"@type\":\"ImageObject\",\"inLanguage\":\"de-DE\",\"@id\":\"https:\\\/\\\/www.rubicon3adventure.com\\\/de\\\/#\\\/schema\\\/logo\\\/image\\\/\",\"url\":\"https:\\\/\\\/www.rubicon3adventure.com\\\/wp-content\\\/uploads\\\/2024\\\/03\\\/Rubicon_Schema-Image-scaled.jpg\",\"contentUrl\":\"https:\\\/\\\/www.rubicon3adventure.com\\\/wp-content\\\/uploads\\\/2024\\\/03\\\/Rubicon_Schema-Image-scaled.jpg\",\"width\":2560,\"height\":1554,\"caption\":\"Rubicon 3 Adventures\"},\"image\":{\"@id\":\"https:\\\/\\\/www.rubicon3adventure.com\\\/de\\\/#\\\/schema\\\/logo\\\/image\\\/\"},\"sameAs\":[\"https:\\\/\\\/www.facebook.com\\\/rubicon3sailing\",\"https:\\\/\\\/x.com\\\/rubicon3sailing\",\"https:\\\/\\\/www.instagram.com\\\/rubicon_3_sailing\\\/\",\"https:\\\/\\\/www.pinterest.co.uk\\\/rubicon3sailing\\\/\",\"https:\\\/\\\/www.youtube.com\\\/channel\\\/UCUVTAy1Qm4lz0uZI_83Um8A\",\"https:\\\/\\\/www.linkedin.com\\\/company\\\/rubicon-3\\\/\"]}]}<\/script>\n<!-- \/ Yoast SEO Premium plugin. -->","yoast_head_json":{"title":"Svalbard Sailing Adventure | Schlie\u00dfen Sie sich den arktischen Segelexperten an","description":"Arktischer Abenteuer-Segelurlaub in Svalbard, dem Land der Eisb\u00e4ren, Gletscher und der unber\u00fchrten arktischen Wildnis. Setzen Sie die Segel f\u00fcr das Abenteuer Ihres Lebens.","robots":{"index":"index","follow":"follow","max-snippet":"max-snippet:-1","max-image-preview":"max-image-preview:large","max-video-preview":"max-video-preview:-1"},"canonical":"https:\/\/www.rubicon3adventure.com\/de\/produkt\/die-polare-wildnis-svalbard-erkunden\/","og_locale":"de_DE","og_type":"article","og_title":"Svalbard Sailing Adventure | Schlie\u00dfen Sie sich den arktischen Segelexperten an","og_description":"Arktischer Abenteuer-Segelurlaub in Svalbard, dem Land der Eisb\u00e4ren, Gletscher und der unber\u00fchrten arktischen Wildnis. Setzen Sie die Segel f\u00fcr das Abenteuer Ihres Lebens.","og_url":"https:\/\/www.rubicon3adventure.com\/de\/produkt\/die-polare-wildnis-svalbard-erkunden\/","og_site_name":"Rubicon 3 Adventure","article_publisher":"https:\/\/www.facebook.com\/rubicon3sailing","og_image":[{"width":2560,"height":1708,"url":"https:\/\/www.rubicon3adventure.com\/wp-content\/uploads\/2024\/02\/svalbard-2560.webp","type":"image\/webp"}],"twitter_card":"summary_large_image","twitter_site":"@rubicon3sailing","twitter_misc":{"Gesch\u00e4tzte Lesezeit":"2 Minuten"},"schema":{"@context":"https:\/\/schema.org","@graph":[{"@type":"WebPage","@id":"https:\/\/www.rubicon3adventure.com\/de\/produkt\/die-polare-wildnis-svalbard-erkunden\/","url":"https:\/\/www.rubicon3adventure.com\/de\/produkt\/die-polare-wildnis-svalbard-erkunden\/","name":"Svalbard Sailing Adventure | Schlie\u00dfen Sie sich den arktischen Segelexperten an","isPartOf":{"@id":"https:\/\/www.rubicon3adventure.com\/de\/#website"},"primaryImageOfPage":{"@id":"https:\/\/www.rubicon3adventure.com\/de\/produkt\/die-polare-wildnis-svalbard-erkunden\/#primaryimage"},"image":{"@id":"https:\/\/www.rubicon3adventure.com\/de\/produkt\/die-polare-wildnis-svalbard-erkunden\/#primaryimage"},"thumbnailUrl":"https:\/\/www.rubicon3adventure.com\/wp-content\/uploads\/2024\/02\/svalbard-2560.webp","datePublished":"2024-02-07T19:04:56+00:00","description":"Arktischer Abenteuer-Segelurlaub in Svalbard, dem Land der Eisb\u00e4ren, Gletscher und der unber\u00fchrten arktischen Wildnis. Setzen Sie die Segel f\u00fcr das Abenteuer Ihres Lebens.","breadcrumb":{"@id":"https:\/\/www.rubicon3adventure.com\/de\/produkt\/die-polare-wildnis-svalbard-erkunden\/#breadcrumb"},"inLanguage":"de-DE","potentialAction":[{"@type":"ReadAction","target":["https:\/\/www.rubicon3adventure.com\/de\/produkt\/die-polare-wildnis-svalbard-erkunden\/"]}]},{"@type":"ImageObject","inLanguage":"de-DE","@id":"https:\/\/www.rubicon3adventure.com\/de\/produkt\/die-polare-wildnis-svalbard-erkunden\/#primaryimage","url":"https:\/\/www.rubicon3adventure.com\/wp-content\/uploads\/2024\/02\/svalbard-2560.webp","contentUrl":"https:\/\/www.rubicon3adventure.com\/wp-content\/uploads\/2024\/02\/svalbard-2560.webp","width":2560,"height":1708,"caption":"Spitzbergen-Eisb\u00e4r"},{"@type":"BreadcrumbList","@id":"https:\/\/www.rubicon3adventure.com\/de\/produkt\/die-polare-wildnis-svalbard-erkunden\/#breadcrumb","itemListElement":[{"@type":"ListItem","position":1,"name":"Shop","item":"https:\/\/www.rubicon3adventure.com\/de\/shop\/"},{"@type":"ListItem","position":2,"name":"Die polare Wildnis: Svalbard erkunden"}]},{"@type":"WebSite","@id":"https:\/\/www.rubicon3adventure.com\/de\/#website","url":"https:\/\/www.rubicon3adventure.com\/de\/","name":"Rubicon 3 Adventure","description":"","publisher":{"@id":"https:\/\/www.rubicon3adventure.com\/de\/#organization"},"potentialAction":[{"@type":"SearchAction","target":{"@type":"EntryPoint","urlTemplate":"https:\/\/www.rubicon3adventure.com\/de\/?s={search_term_string}"},"query-input":{"@type":"PropertyValueSpecification","valueRequired":true,"valueName":"search_term_string"}}],"inLanguage":"de-DE"},{"@type":"Organization","@id":"https:\/\/www.rubicon3adventure.com\/de\/#organization","name":"Rubicon 3 Adventures","alternateName":"Blueco Holdings Ltd","url":"https:\/\/www.rubicon3adventure.com\/de\/","logo":{"@type":"ImageObject","inLanguage":"de-DE","@id":"https:\/\/www.rubicon3adventure.com\/de\/#\/schema\/logo\/image\/","url":"https:\/\/www.rubicon3adventure.com\/wp-content\/uploads\/2024\/03\/Rubicon_Schema-Image-scaled.jpg","contentUrl":"https:\/\/www.rubicon3adventure.com\/wp-content\/uploads\/2024\/03\/Rubicon_Schema-Image-scaled.jpg","width":2560,"height":1554,"caption":"Rubicon 3 Adventures"},"image":{"@id":"https:\/\/www.rubicon3adventure.com\/de\/#\/schema\/logo\/image\/"},"sameAs":["https:\/\/www.facebook.com\/rubicon3sailing","https:\/\/x.com\/rubicon3sailing","https:\/\/www.instagram.com\/rubicon_3_sailing\/","https:\/\/www.pinterest.co.uk\/rubicon3sailing\/","https:\/\/www.youtube.com\/channel\/UCUVTAy1Qm4lz0uZI_83Um8A","https:\/\/www.linkedin.com\/company\/rubicon-3\/"]}]}},"_links":{"self":[{"href":"https:\/\/www.rubicon3adventure.com\/de\/wp-json\/wp\/v2\/product\/5185","targetHints":{"allow":["GET"]}}],"collection":[{"href":"https:\/\/www.rubicon3adventure.com\/de\/wp-json\/wp\/v2\/product"}],"about":[{"href":"https:\/\/www.rubicon3adventure.com\/de\/wp-json\/wp\/v2\/types\/product"}],"replies":[{"embeddable":true,"href":"https:\/\/www.rubicon3adventure.com\/de\/wp-json\/wp\/v2\/comments?post=5185"}],"wp:featuredmedia":[{"embeddable":true,"href":"https:\/\/www.rubicon3adventure.com\/de\/wp-json\/wp\/v2\/media\/2732"}],"wp:attachment":[{"href":"https:\/\/www.rubicon3adventure.com\/de\/wp-json\/wp\/v2\/media?parent=5185"}],"wp:term":[{"taxonomy":"product_brand","embeddable":true,"href":"https:\/\/www.rubicon3adventure.com\/de\/wp-json\/wp\/v2\/product_brand?post=5185"},{"taxonomy":"product_cat","embeddable":true,"href":"https:\/\/www.rubicon3adventure.com\/de\/wp-json\/wp\/v2\/product_cat?post=5185"},{"taxonomy":"product_tag","embeddable":true,"href":"https:\/\/www.rubicon3adventure.com\/de\/wp-json\/wp\/v2\/product_tag?post=5185"}],"curies":[{"name":"wp","href":"https:\/\/api.w.org\/{rel}","templated":true}]}}