{"id":5238,"date":"2024-01-17T15:51:07","date_gmt":"2024-01-17T15:51:07","guid":{"rendered":"https:\/\/www.rubicon3adventure.com\/product\/atlantische-uberquerung-himmlische-navigation\/"},"modified":"2024-01-17T15:51:07","modified_gmt":"2024-01-17T15:51:07","slug":"atlantische-uberquerung-himmlische-navigation","status":"publish","type":"product","link":"https:\/\/www.rubicon3adventure.com\/de\/produkt\/atlantische-uberquerung-himmlische-navigation\/","title":{"rendered":"Mit Himmelsnavigation \u00fcber den Atlantik segeln"},"content":{"rendered":"<p>Nehmen Sie an einem echten Hochseeabenteuer teil, w\u00e4hrend wir den Atlantik von der Karibik nach England \u00fcberqueren und dabei nur mit einem Sextanten navigieren!<\/p>\n<p>Schlie\u00dfen Sie sich der Crew in der Karibik an (der Startort \u00e4ndert sich jedes Jahr, also schauen Sie auf der Registerkarte &#8216;Termine und Preise&#8217; nach), wo ein erfahrener Ausbilder Ihnen einen zweit\u00e4gigen Crashkurs darin gibt, wie man nur mit Hilfe von Sonne, Mond, Sternen und Planeten navigiert. Sie brauchen keine himmlischen Vorkenntnisse, da wir Sie von Grund auf unterrichten werden,<\/p>\n<p>Nach Abschluss des Trainings beginnt unsere Fahrt \u00fcber den Atlantik mit einer Passage nach Norden, um \u00fcber das Azorenhochdrucksystem zu klettern, mit dem ungef\u00e4hren Ziel Bermuda. Das ist etwa 1000 Seemeilen (nm) n\u00f6rdlich. Wenn das Wetter es zul\u00e4sst, k\u00f6nnen wir dort einen Tag Pause machen. Von den Bermudas aus biegen wir nach Osten ab und segeln die 2000 Meilen zum vulkanischen Archipel der Azoren. Auch hier hoffen wir, bei guter Fahrt einen Zwischenstopp einlegen zu k\u00f6nnen, um uns zu erholen. Dann geht es auf die letzten 1300 Meilen bis zur S\u00fcdk\u00fcste Englands. Dies ist ein riesiges Abenteuer, das fast 4500 Meilen Hochseesegeln \u00fcber den Nordatlantik und die wunderbare Kunst der Himmelsnavigation miteinander verbindet.<\/p>\n<h5>Sind Sie bereit f\u00fcr das Abenteuer Ihres Lebens mit den Experten f\u00fcr Hochseesegeln?<\/h5>\n<p data-pm-slice=\"1 1 []\">Rubicon 3 ist als Experte f\u00fcr Hochseesegeln bekannt. Wir sind in der Segelwelt f\u00fcr unsere umfangreiche Erfahrung, unser umfassendes Training und unsere Hingabe f\u00fcr Abenteuer und Entdeckungen bekannt. Unser Expertenteam, sehr erfahrene Segler auf dem Gebiet des Hochseesegelns, bietet praktischen Unterricht in allen Aspekten des Hochseesegelns an, der sich sowohl an Neueinsteiger als auch an erfahrene Segler richtet.<\/p>\n<p>Was uns von anderen abhebt, ist unsere Auswahl an einzigartigen Routen, die auf der Bucket List stehen und weniger befahren werden. Wir garantieren Ihnen ein aufregendes und entdeckungsreiches Offshore- und Hochseesegeln auf dem richtigen Boot, das den h\u00f6chsten Sicherheitsstandards entspricht und mit der gesamten erforderlichen Sicherheitsausr\u00fcstung ausgestattet ist. Das Herzst\u00fcck unseres Ethos ist ein unersch\u00fctterliches Engagement f\u00fcr Sicherheit und \u00f6kologische Nachhaltigkeit, das sicherstellt, dass auf jeder Reise sowohl die Seeleute als auch das Meer respektiert werden. Dar\u00fcber hinaus konzentrieren wir uns genauso auf die Entwicklung individueller F\u00e4higkeiten wie eine Segelschule, so dass jeder in jeden Aspekt der Passage voll eingebunden ist. Dieser ganzheitliche Ansatz hat Rubicon 3 den Ruf eingebracht, die Experten f\u00fcr alle zu sein, die Hochseesegeln auf h\u00f6chstem Niveau suchen.<\/p>\n<h5>Wollen Sie mitmachen?<\/h5>\n<p>Gehen Sie auf die Schaltfl\u00e4che Termine &amp; Preise, um die Termine f\u00fcr diese Reise zu sehen. Dort finden Sie auch Informationen zu Anschlussreisen, z.B. wohin Sie fliegen und wann und wo Sie an Bord gehen k\u00f6nnen.<\/p>\n<p>&nbsp;<\/p>\n","protected":false},"excerpt":{"rendered":"<p>Ein einmaliges Segelabenteuer auf dem Atlantik von der Karibik bis nach Gro\u00dfbritannien, das nicht mit GPS, sondern mit Himmelsnavigation gesteuert wird. Lernen Sie uralte Techniken, segeln Sie \u00fcber den offenen Ozean und verbinden Sie sich bei diesem einzigartigen Abenteuer wieder mit der Natur.<\/p>\n","protected":false},"featured_media":9632,"comment_status":"closed","ping_status":"closed","template":"","meta":{"_acf_changed":false,"content-type":""},"product_brand":[],"product_cat":[235,238,256,280],"product_tag":[],"class_list":{"0":"post-5238","1":"product","2":"type-product","3":"status-publish","4":"has-post-thumbnail","6":"product_cat-abenteuer-segelurlaub","7":"product_cat-karibik-und-amerika","8":"product_cat-hochsee","9":"product_cat-segelurlaub-im-winter-in-der-sonne","10":"trip_region-europa-und-ostsee","11":"trip_region-karibik-und-amerika","12":"trip_region-vereinigtes-koenigreich-und-irland","13":"trip_type-hochsee","14":"trip_duration-17-tage","16":"first","17":"instock","18":"shipping-taxable","19":"purchasable","20":"product-type-variable"},"acf":[],"yoast_head":"<!-- This site is optimized with the Yoast SEO Premium plugin v27.3 (Yoast SEO v27.3) - https:\/\/yoast.com\/product\/yoast-seo-premium-wordpress\/ -->\n<title>Atlantik Himmelsfahrt Reise: Bahamas nach Vereinigtes K\u00f6nigreich<\/title>\n<meta name=\"description\" content=\"Segeln Sie den Atlantik von den Bahamas nach England mit Hilfe der Himmelsnavigation. Expertengef\u00fchrter Unterricht, f\u00fchrende Offshore-Expertise. Buchen Sie Ihr Abenteuer jetzt!\" \/>\n<meta name=\"robots\" content=\"index, follow, max-snippet:-1, max-image-preview:large, max-video-preview:-1\" \/>\n<link rel=\"canonical\" href=\"https:\/\/www.rubicon3adventure.com\/de\/produkt\/atlantische-uberquerung-himmlische-navigation\/\" \/>\n<meta property=\"og:locale\" content=\"de_DE\" \/>\n<meta property=\"og:type\" content=\"article\" \/>\n<meta property=\"og:title\" content=\"Atlantik Himmelsfahrt Reise: Bahamas nach Vereinigtes K\u00f6nigreich\" \/>\n<meta property=\"og:description\" content=\"Segeln Sie den Atlantik von den Bahamas nach England mit Hilfe der Himmelsnavigation. Expertengef\u00fchrter Unterricht, f\u00fchrende Offshore-Expertise. Buchen Sie Ihr Abenteuer jetzt!\" \/>\n<meta property=\"og:url\" content=\"https:\/\/www.rubicon3adventure.com\/de\/produkt\/atlantische-uberquerung-himmlische-navigation\/\" \/>\n<meta property=\"og:site_name\" content=\"Rubicon 3 Adventure\" \/>\n<meta property=\"article:publisher\" content=\"https:\/\/www.facebook.com\/rubicon3sailing\" \/>\n<meta property=\"og:image\" content=\"https:\/\/www.rubicon3adventure.com\/wp-content\/uploads\/2024\/01\/celestial-atlantic-.webp\" \/>\n\t<meta property=\"og:image:width\" content=\"2242\" \/>\n\t<meta property=\"og:image:height\" content=\"1496\" \/>\n\t<meta property=\"og:image:type\" content=\"image\/webp\" \/>\n<meta name=\"twitter:card\" content=\"summary_large_image\" \/>\n<meta name=\"twitter:site\" content=\"@rubicon3sailing\" \/>\n<meta name=\"twitter:label1\" content=\"Gesch\u00e4tzte Lesezeit\" \/>\n\t<meta name=\"twitter:data1\" content=\"2 Minuten\" \/>\n<script type=\"application\/ld+json\" class=\"yoast-schema-graph\">{\"@context\":\"https:\\\/\\\/schema.org\",\"@graph\":[{\"@type\":\"WebPage\",\"@id\":\"https:\\\/\\\/www.rubicon3adventure.com\\\/de\\\/produkt\\\/atlantische-uberquerung-himmlische-navigation\\\/\",\"url\":\"https:\\\/\\\/www.rubicon3adventure.com\\\/de\\\/produkt\\\/atlantische-uberquerung-himmlische-navigation\\\/\",\"name\":\"Atlantik Himmelsfahrt Reise: Bahamas nach Vereinigtes K\u00f6nigreich\",\"isPartOf\":{\"@id\":\"https:\\\/\\\/www.rubicon3adventure.com\\\/de\\\/#website\"},\"primaryImageOfPage\":{\"@id\":\"https:\\\/\\\/www.rubicon3adventure.com\\\/de\\\/produkt\\\/atlantische-uberquerung-himmlische-navigation\\\/#primaryimage\"},\"image\":{\"@id\":\"https:\\\/\\\/www.rubicon3adventure.com\\\/de\\\/produkt\\\/atlantische-uberquerung-himmlische-navigation\\\/#primaryimage\"},\"thumbnailUrl\":\"https:\\\/\\\/www.rubicon3adventure.com\\\/wp-content\\\/uploads\\\/2024\\\/01\\\/crew_onboard_sara_sextant-2560.webp\",\"datePublished\":\"2024-01-17T15:51:07+00:00\",\"description\":\"Segeln Sie den Atlantik von den Bahamas nach England mit Hilfe der Himmelsnavigation. Expertengef\u00fchrter Unterricht, f\u00fchrende Offshore-Expertise. Buchen Sie Ihr Abenteuer jetzt!\",\"breadcrumb\":{\"@id\":\"https:\\\/\\\/www.rubicon3adventure.com\\\/de\\\/produkt\\\/atlantische-uberquerung-himmlische-navigation\\\/#breadcrumb\"},\"inLanguage\":\"de-DE\",\"potentialAction\":[{\"@type\":\"ReadAction\",\"target\":[\"https:\\\/\\\/www.rubicon3adventure.com\\\/de\\\/produkt\\\/atlantische-uberquerung-himmlische-navigation\\\/\"]}]},{\"@type\":\"ImageObject\",\"inLanguage\":\"de-DE\",\"@id\":\"https:\\\/\\\/www.rubicon3adventure.com\\\/de\\\/produkt\\\/atlantische-uberquerung-himmlische-navigation\\\/#primaryimage\",\"url\":\"https:\\\/\\\/www.rubicon3adventure.com\\\/wp-content\\\/uploads\\\/2024\\\/01\\\/crew_onboard_sara_sextant-2560.webp\",\"contentUrl\":\"https:\\\/\\\/www.rubicon3adventure.com\\\/wp-content\\\/uploads\\\/2024\\\/01\\\/crew_onboard_sara_sextant-2560.webp\",\"width\":2560,\"height\":1440,\"caption\":\"Sextant mid atlantic ocean\"},{\"@type\":\"BreadcrumbList\",\"@id\":\"https:\\\/\\\/www.rubicon3adventure.com\\\/de\\\/produkt\\\/atlantische-uberquerung-himmlische-navigation\\\/#breadcrumb\",\"itemListElement\":[{\"@type\":\"ListItem\",\"position\":1,\"name\":\"Shop\",\"item\":\"https:\\\/\\\/www.rubicon3adventure.com\\\/de\\\/shop\\\/\"},{\"@type\":\"ListItem\",\"position\":2,\"name\":\"Mit Himmelsnavigation \u00fcber den Atlantik segeln\"}]},{\"@type\":\"WebSite\",\"@id\":\"https:\\\/\\\/www.rubicon3adventure.com\\\/de\\\/#website\",\"url\":\"https:\\\/\\\/www.rubicon3adventure.com\\\/de\\\/\",\"name\":\"Rubicon 3 Adventure\",\"description\":\"\",\"publisher\":{\"@id\":\"https:\\\/\\\/www.rubicon3adventure.com\\\/de\\\/#organization\"},\"potentialAction\":[{\"@type\":\"SearchAction\",\"target\":{\"@type\":\"EntryPoint\",\"urlTemplate\":\"https:\\\/\\\/www.rubicon3adventure.com\\\/de\\\/?s={search_term_string}\"},\"query-input\":{\"@type\":\"PropertyValueSpecification\",\"valueRequired\":true,\"valueName\":\"search_term_string\"}}],\"inLanguage\":\"de-DE\"},{\"@type\":\"Organization\",\"@id\":\"https:\\\/\\\/www.rubicon3adventure.com\\\/de\\\/#organization\",\"name\":\"Rubicon 3 Adventures\",\"alternateName\":\"Blueco Holdings Ltd\",\"url\":\"https:\\\/\\\/www.rubicon3adventure.com\\\/de\\\/\",\"logo\":{\"@type\":\"ImageObject\",\"inLanguage\":\"de-DE\",\"@id\":\"https:\\\/\\\/www.rubicon3adventure.com\\\/de\\\/#\\\/schema\\\/logo\\\/image\\\/\",\"url\":\"https:\\\/\\\/www.rubicon3adventure.com\\\/wp-content\\\/uploads\\\/2024\\\/03\\\/Rubicon_Schema-Image-scaled.jpg\",\"contentUrl\":\"https:\\\/\\\/www.rubicon3adventure.com\\\/wp-content\\\/uploads\\\/2024\\\/03\\\/Rubicon_Schema-Image-scaled.jpg\",\"width\":2560,\"height\":1554,\"caption\":\"Rubicon 3 Adventures\"},\"image\":{\"@id\":\"https:\\\/\\\/www.rubicon3adventure.com\\\/de\\\/#\\\/schema\\\/logo\\\/image\\\/\"},\"sameAs\":[\"https:\\\/\\\/www.facebook.com\\\/rubicon3sailing\",\"https:\\\/\\\/x.com\\\/rubicon3sailing\",\"https:\\\/\\\/www.instagram.com\\\/rubicon_3_sailing\\\/\",\"https:\\\/\\\/www.pinterest.co.uk\\\/rubicon3sailing\\\/\",\"https:\\\/\\\/www.youtube.com\\\/channel\\\/UCUVTAy1Qm4lz0uZI_83Um8A\",\"https:\\\/\\\/www.linkedin.com\\\/company\\\/rubicon-3\\\/\"]}]}<\/script>\n<!-- \/ Yoast SEO Premium plugin. -->","yoast_head_json":{"title":"Atlantik Himmelsfahrt Reise: Bahamas nach Vereinigtes K\u00f6nigreich","description":"Segeln Sie den Atlantik von den Bahamas nach England mit Hilfe der Himmelsnavigation. Expertengef\u00fchrter Unterricht, f\u00fchrende Offshore-Expertise. Buchen Sie Ihr Abenteuer jetzt!","robots":{"index":"index","follow":"follow","max-snippet":"max-snippet:-1","max-image-preview":"max-image-preview:large","max-video-preview":"max-video-preview:-1"},"canonical":"https:\/\/www.rubicon3adventure.com\/de\/produkt\/atlantische-uberquerung-himmlische-navigation\/","og_locale":"de_DE","og_type":"article","og_title":"Atlantik Himmelsfahrt Reise: Bahamas nach Vereinigtes K\u00f6nigreich","og_description":"Segeln Sie den Atlantik von den Bahamas nach England mit Hilfe der Himmelsnavigation. Expertengef\u00fchrter Unterricht, f\u00fchrende Offshore-Expertise. Buchen Sie Ihr Abenteuer jetzt!","og_url":"https:\/\/www.rubicon3adventure.com\/de\/produkt\/atlantische-uberquerung-himmlische-navigation\/","og_site_name":"Rubicon 3 Adventure","article_publisher":"https:\/\/www.facebook.com\/rubicon3sailing","og_image":[{"width":2242,"height":1496,"url":"https:\/\/www.rubicon3adventure.com\/wp-content\/uploads\/2024\/01\/celestial-atlantic-.webp","type":"image\/webp"}],"twitter_card":"summary_large_image","twitter_site":"@rubicon3sailing","twitter_misc":{"Gesch\u00e4tzte Lesezeit":"2 Minuten"},"schema":{"@context":"https:\/\/schema.org","@graph":[{"@type":"WebPage","@id":"https:\/\/www.rubicon3adventure.com\/de\/produkt\/atlantische-uberquerung-himmlische-navigation\/","url":"https:\/\/www.rubicon3adventure.com\/de\/produkt\/atlantische-uberquerung-himmlische-navigation\/","name":"Atlantik Himmelsfahrt Reise: Bahamas nach Vereinigtes K\u00f6nigreich","isPartOf":{"@id":"https:\/\/www.rubicon3adventure.com\/de\/#website"},"primaryImageOfPage":{"@id":"https:\/\/www.rubicon3adventure.com\/de\/produkt\/atlantische-uberquerung-himmlische-navigation\/#primaryimage"},"image":{"@id":"https:\/\/www.rubicon3adventure.com\/de\/produkt\/atlantische-uberquerung-himmlische-navigation\/#primaryimage"},"thumbnailUrl":"https:\/\/www.rubicon3adventure.com\/wp-content\/uploads\/2024\/01\/crew_onboard_sara_sextant-2560.webp","datePublished":"2024-01-17T15:51:07+00:00","description":"Segeln Sie den Atlantik von den Bahamas nach England mit Hilfe der Himmelsnavigation. Expertengef\u00fchrter Unterricht, f\u00fchrende Offshore-Expertise. Buchen Sie Ihr Abenteuer jetzt!","breadcrumb":{"@id":"https:\/\/www.rubicon3adventure.com\/de\/produkt\/atlantische-uberquerung-himmlische-navigation\/#breadcrumb"},"inLanguage":"de-DE","potentialAction":[{"@type":"ReadAction","target":["https:\/\/www.rubicon3adventure.com\/de\/produkt\/atlantische-uberquerung-himmlische-navigation\/"]}]},{"@type":"ImageObject","inLanguage":"de-DE","@id":"https:\/\/www.rubicon3adventure.com\/de\/produkt\/atlantische-uberquerung-himmlische-navigation\/#primaryimage","url":"https:\/\/www.rubicon3adventure.com\/wp-content\/uploads\/2024\/01\/crew_onboard_sara_sextant-2560.webp","contentUrl":"https:\/\/www.rubicon3adventure.com\/wp-content\/uploads\/2024\/01\/crew_onboard_sara_sextant-2560.webp","width":2560,"height":1440,"caption":"Sextant mid atlantic ocean"},{"@type":"BreadcrumbList","@id":"https:\/\/www.rubicon3adventure.com\/de\/produkt\/atlantische-uberquerung-himmlische-navigation\/#breadcrumb","itemListElement":[{"@type":"ListItem","position":1,"name":"Shop","item":"https:\/\/www.rubicon3adventure.com\/de\/shop\/"},{"@type":"ListItem","position":2,"name":"Mit Himmelsnavigation \u00fcber den Atlantik segeln"}]},{"@type":"WebSite","@id":"https:\/\/www.rubicon3adventure.com\/de\/#website","url":"https:\/\/www.rubicon3adventure.com\/de\/","name":"Rubicon 3 Adventure","description":"","publisher":{"@id":"https:\/\/www.rubicon3adventure.com\/de\/#organization"},"potentialAction":[{"@type":"SearchAction","target":{"@type":"EntryPoint","urlTemplate":"https:\/\/www.rubicon3adventure.com\/de\/?s={search_term_string}"},"query-input":{"@type":"PropertyValueSpecification","valueRequired":true,"valueName":"search_term_string"}}],"inLanguage":"de-DE"},{"@type":"Organization","@id":"https:\/\/www.rubicon3adventure.com\/de\/#organization","name":"Rubicon 3 Adventures","alternateName":"Blueco Holdings Ltd","url":"https:\/\/www.rubicon3adventure.com\/de\/","logo":{"@type":"ImageObject","inLanguage":"de-DE","@id":"https:\/\/www.rubicon3adventure.com\/de\/#\/schema\/logo\/image\/","url":"https:\/\/www.rubicon3adventure.com\/wp-content\/uploads\/2024\/03\/Rubicon_Schema-Image-scaled.jpg","contentUrl":"https:\/\/www.rubicon3adventure.com\/wp-content\/uploads\/2024\/03\/Rubicon_Schema-Image-scaled.jpg","width":2560,"height":1554,"caption":"Rubicon 3 Adventures"},"image":{"@id":"https:\/\/www.rubicon3adventure.com\/de\/#\/schema\/logo\/image\/"},"sameAs":["https:\/\/www.facebook.com\/rubicon3sailing","https:\/\/x.com\/rubicon3sailing","https:\/\/www.instagram.com\/rubicon_3_sailing\/","https:\/\/www.pinterest.co.uk\/rubicon3sailing\/","https:\/\/www.youtube.com\/channel\/UCUVTAy1Qm4lz0uZI_83Um8A","https:\/\/www.linkedin.com\/company\/rubicon-3\/"]}]}},"_links":{"self":[{"href":"https:\/\/www.rubicon3adventure.com\/de\/wp-json\/wp\/v2\/product\/5238","targetHints":{"allow":["GET"]}}],"collection":[{"href":"https:\/\/www.rubicon3adventure.com\/de\/wp-json\/wp\/v2\/product"}],"about":[{"href":"https:\/\/www.rubicon3adventure.com\/de\/wp-json\/wp\/v2\/types\/product"}],"replies":[{"embeddable":true,"href":"https:\/\/www.rubicon3adventure.com\/de\/wp-json\/wp\/v2\/comments?post=5238"}],"wp:featuredmedia":[{"embeddable":true,"href":"https:\/\/www.rubicon3adventure.com\/de\/wp-json\/wp\/v2\/media\/9632"}],"wp:attachment":[{"href":"https:\/\/www.rubicon3adventure.com\/de\/wp-json\/wp\/v2\/media?parent=5238"}],"wp:term":[{"taxonomy":"product_brand","embeddable":true,"href":"https:\/\/www.rubicon3adventure.com\/de\/wp-json\/wp\/v2\/product_brand?post=5238"},{"taxonomy":"product_cat","embeddable":true,"href":"https:\/\/www.rubicon3adventure.com\/de\/wp-json\/wp\/v2\/product_cat?post=5238"},{"taxonomy":"product_tag","embeddable":true,"href":"https:\/\/www.rubicon3adventure.com\/de\/wp-json\/wp\/v2\/product_tag?post=5238"}],"curies":[{"name":"wp","href":"https:\/\/api.w.org\/{rel}","templated":true}]}}