{"id":5281,"date":"2024-01-29T14:53:14","date_gmt":"2024-01-29T14:53:14","guid":{"rendered":"https:\/\/www.rubicon3adventure.com\/product\/faroer-inseln-arktisches-norwegen\/"},"modified":"2024-01-29T14:53:14","modified_gmt":"2024-01-29T14:53:14","slug":"faroer-inseln-arktisches-norwegen","status":"publish","type":"product","link":"https:\/\/www.rubicon3adventure.com\/de\/produkt\/faroer-inseln-arktisches-norwegen\/","title":{"rendered":"Jenseits des Polarkreises: F\u00e4r\u00f6er Inseln nach Norwegen"},"content":{"rendered":"<p><span data-preserver-spaces=\"true\">Dieses Hochseesegelabenteuer von den F\u00e4r\u00f6er Inseln zum arktischen Norwegen ist eine der kultigsten und begehrtesten Passagen f\u00fcr jeden Segler. Sie \u00fcberqueren den Polarkreis auf See und werden in den exklusiven Orden der Blauen Nase aufgenommen! Die Reise kombiniert K\u00fcstensegeln, die Erkundung rauer Natursch\u00f6nheiten und das Segeln 600 Seemeilen weit durch die Norwegische See. Sie starten auf den F\u00e4r\u00f6er Inseln und erkunden die dramatischen Landschaften dieses Archipels, die von au\u00dfergew\u00f6hnlichen, hoch aufragenden Klippen, tiefen Fjorden, au\u00dfergew\u00f6hnlich malerischen Meeresklippen, Wasserf\u00e4llen, Leuchtt\u00fcrmen, Papageientauchern und Seev\u00f6geln sowie grasbedeckten H\u00e4usern gepr\u00e4gt sind.  <\/span><span data-preserver-spaces=\"true\">Wir erwarten dann, dass wir auf der \u00dcberfahrt nach Norwegen etwa 4 bis 5 Tage weit vor der K\u00fcste segeln werden. Die verbleibende Zeit (in der Regel 2-3 Tage) verbringen Sie mit der Erkundung dieses UNESCO-Welterbegebiets, das als eines der sch\u00f6nsten Segelreviere der Welt gilt.<\/span><\/p>\n<p><span data-preserver-spaces=\"true\">Dies ist ein <a href=\"https:\/\/www.rubicon3adventure.com\/600-mile-qualifying-passage-criteria-for-rya-yachtmaster-ocean\/\">RYA Yachtmaster Ocean Qualifier<\/a> f\u00fcr diejenigen, die sich als Wachf\u00fchrer anmelden.<\/span><\/p>\n<h5><span data-preserver-spaces=\"true\">Sind Sie bereit f\u00fcr das Abenteuer Ihres Lebens mit den Experten f\u00fcr Hochseesegeln?<\/span><\/h5>\n<p><span data-preserver-spaces=\"true\">Rubicon 3 ist als Experte f\u00fcr Hochseesegeln bekannt. Wir sind in der Segelwelt f\u00fcr unsere umfangreiche Erfahrung, unser umfassendes Training und unsere Hingabe f\u00fcr Abenteuer und Entdeckungen bekannt. Unser Expertenteam, sehr erfahrene Segler auf dem Gebiet des Hochseesegelns, bietet praktischen Unterricht in allen Aspekten des Hochseesegelns an, der sich sowohl an Einsteiger als auch an erfahrene Segler richtet.<\/span><\/p>\n<p><span data-preserver-spaces=\"true\">Mit unserer Auswahl an einzigartigen Bucket Lists und weniger befahrenen Routen heben wir uns von der Masse ab und sorgen f\u00fcr ein aufregendes und entdeckungsreiches Offshore-Segeln. Unser Ethos ist ein unersch\u00fctterliches Engagement f\u00fcr Sicherheit und \u00f6kologische Nachhaltigkeit, um sicherzustellen, dass jede Reise die Seeleute und das Meer respektiert. Au\u00dferdem konzentrieren wir uns wie eine Segelschule auf den Aufbau individueller F\u00e4higkeiten, so dass jeder in jeden Aspekt der Passage voll eingebunden ist. Dieser ganzheitliche Ansatz hat Rubicon 3 den Ruf eingebracht, die Experten f\u00fcr alle zu sein, die Hochseesegeln auf h\u00f6chstem Niveau suchen.<\/span><\/p>\n<h5><span data-preserver-spaces=\"true\">Wollen Sie mitmachen?<\/span><\/h5>\n<p><span data-preserver-spaces=\"true\">Gehen Sie auf die Schaltfl\u00e4che Termine &amp; Preise, um die Daten dieser Reise zu sehen. Dort finden Sie auch Informationen zu Anschlussreisen, z.B. wohin Sie fliegen und wann und wo Sie an Bord gehen k\u00f6nnen.<\/span><\/p>\n<p>&nbsp;<\/p>\n","protected":false},"excerpt":{"rendered":"<p>Segeln Sie 600 Meilen \u00fcber die Norwegische See von den mystischen F\u00e4r\u00f6er Inseln zum arktischen Norwegen. Die Reise \u00fcberquert den Polarkreis und endet in den beeindruckenden Fjorden des arktischen Norwegens, einer Region, die zum UNESCO-Welterbe geh\u00f6rt.<\/p>\n","protected":false},"featured_media":7955,"comment_status":"closed","ping_status":"closed","template":"","meta":{"_acf_changed":false,"content-type":""},"product_brand":[],"product_cat":[235,253,256],"product_tag":[],"class_list":{"0":"post-5281","1":"product","2":"type-product","3":"status-publish","4":"has-post-thumbnail","6":"product_cat-abenteuer-segelurlaub","7":"product_cat-norwegen-island-die-arktis","8":"product_cat-hochsee","9":"trip_region-norwegen-island-und-arktis","10":"trip_type-hochsee","11":"trip_duration-11-16-tage","13":"first","14":"instock","15":"shipping-taxable","16":"purchasable","17":"product-type-variable"},"acf":[],"yoast_head":"<!-- This site is optimized with the Yoast SEO Premium plugin v27.3 (Yoast SEO v27.3) - https:\/\/yoast.com\/product\/yoast-seo-premium-wordpress\/ -->\n<title>Abenteuer Offshore-Segeln: F\u00e4r\u00f6er Inseln zum arktischen Norwegen<\/title>\n<meta name=\"description\" content=\"Ein aufregendes Offshore-Segelabenteuer von den F\u00e4r\u00f6er-Inseln zum arktischen Norwegen und \u00fcber den Polarkreis. Abenteuer erwartet Sie mit den #1 Adventure Sailors!\" \/>\n<meta name=\"robots\" content=\"index, follow, max-snippet:-1, max-image-preview:large, max-video-preview:-1\" \/>\n<link rel=\"canonical\" href=\"https:\/\/www.rubicon3adventure.com\/de\/produkt\/faroer-inseln-arktisches-norwegen\/\" \/>\n<meta property=\"og:locale\" content=\"de_DE\" \/>\n<meta property=\"og:type\" content=\"article\" \/>\n<meta property=\"og:title\" content=\"Abenteuer Offshore-Segeln: F\u00e4r\u00f6er Inseln zum arktischen Norwegen\" \/>\n<meta property=\"og:description\" content=\"Ein aufregendes Offshore-Segelabenteuer von den F\u00e4r\u00f6er-Inseln zum arktischen Norwegen und \u00fcber den Polarkreis. Abenteuer erwartet Sie mit den #1 Adventure Sailors!\" \/>\n<meta property=\"og:url\" content=\"https:\/\/www.rubicon3adventure.com\/de\/produkt\/faroer-inseln-arktisches-norwegen\/\" \/>\n<meta property=\"og:site_name\" content=\"Rubicon 3 Adventure\" \/>\n<meta property=\"article:publisher\" content=\"https:\/\/www.facebook.com\/rubicon3sailing\" \/>\n<meta property=\"og:image\" content=\"https:\/\/www.rubicon3adventure.com\/wp-content\/uploads\/2024\/01\/yacht_hummingbird_iceland_2560-1.webp\" \/>\n\t<meta property=\"og:image:width\" content=\"2560\" \/>\n\t<meta property=\"og:image:height\" content=\"1440\" \/>\n\t<meta property=\"og:image:type\" content=\"image\/webp\" \/>\n<meta name=\"twitter:card\" content=\"summary_large_image\" \/>\n<meta name=\"twitter:site\" content=\"@rubicon3sailing\" \/>\n<meta name=\"twitter:label1\" content=\"Gesch\u00e4tzte Lesezeit\" \/>\n\t<meta name=\"twitter:data1\" content=\"2 Minuten\" \/>\n<script type=\"application\/ld+json\" class=\"yoast-schema-graph\">{\"@context\":\"https:\\\/\\\/schema.org\",\"@graph\":[{\"@type\":\"WebPage\",\"@id\":\"https:\\\/\\\/www.rubicon3adventure.com\\\/de\\\/produkt\\\/faroer-inseln-arktisches-norwegen\\\/\",\"url\":\"https:\\\/\\\/www.rubicon3adventure.com\\\/de\\\/produkt\\\/faroer-inseln-arktisches-norwegen\\\/\",\"name\":\"Abenteuer Offshore-Segeln: F\u00e4r\u00f6er Inseln zum arktischen Norwegen\",\"isPartOf\":{\"@id\":\"https:\\\/\\\/www.rubicon3adventure.com\\\/de\\\/#website\"},\"primaryImageOfPage\":{\"@id\":\"https:\\\/\\\/www.rubicon3adventure.com\\\/de\\\/produkt\\\/faroer-inseln-arktisches-norwegen\\\/#primaryimage\"},\"image\":{\"@id\":\"https:\\\/\\\/www.rubicon3adventure.com\\\/de\\\/produkt\\\/faroer-inseln-arktisches-norwegen\\\/#primaryimage\"},\"thumbnailUrl\":\"https:\\\/\\\/www.rubicon3adventure.com\\\/wp-content\\\/uploads\\\/2024\\\/01\\\/hummingbird-by-beautiful-mountains-2560.webp\",\"datePublished\":\"2024-01-29T14:53:14+00:00\",\"description\":\"Ein aufregendes Offshore-Segelabenteuer von den F\u00e4r\u00f6er-Inseln zum arktischen Norwegen und \u00fcber den Polarkreis. Abenteuer erwartet Sie mit den #1 Adventure Sailors!\",\"breadcrumb\":{\"@id\":\"https:\\\/\\\/www.rubicon3adventure.com\\\/de\\\/produkt\\\/faroer-inseln-arktisches-norwegen\\\/#breadcrumb\"},\"inLanguage\":\"de-DE\",\"potentialAction\":[{\"@type\":\"ReadAction\",\"target\":[\"https:\\\/\\\/www.rubicon3adventure.com\\\/de\\\/produkt\\\/faroer-inseln-arktisches-norwegen\\\/\"]}]},{\"@type\":\"ImageObject\",\"inLanguage\":\"de-DE\",\"@id\":\"https:\\\/\\\/www.rubicon3adventure.com\\\/de\\\/produkt\\\/faroer-inseln-arktisches-norwegen\\\/#primaryimage\",\"url\":\"https:\\\/\\\/www.rubicon3adventure.com\\\/wp-content\\\/uploads\\\/2024\\\/01\\\/hummingbird-by-beautiful-mountains-2560.webp\",\"contentUrl\":\"https:\\\/\\\/www.rubicon3adventure.com\\\/wp-content\\\/uploads\\\/2024\\\/01\\\/hummingbird-by-beautiful-mountains-2560.webp\",\"width\":1501,\"height\":844,\"caption\":\"yacht by beautiful mountains\"},{\"@type\":\"BreadcrumbList\",\"@id\":\"https:\\\/\\\/www.rubicon3adventure.com\\\/de\\\/produkt\\\/faroer-inseln-arktisches-norwegen\\\/#breadcrumb\",\"itemListElement\":[{\"@type\":\"ListItem\",\"position\":1,\"name\":\"Shop\",\"item\":\"https:\\\/\\\/www.rubicon3adventure.com\\\/de\\\/shop\\\/\"},{\"@type\":\"ListItem\",\"position\":2,\"name\":\"Jenseits des Polarkreises: F\u00e4r\u00f6er Inseln nach Norwegen\"}]},{\"@type\":\"WebSite\",\"@id\":\"https:\\\/\\\/www.rubicon3adventure.com\\\/de\\\/#website\",\"url\":\"https:\\\/\\\/www.rubicon3adventure.com\\\/de\\\/\",\"name\":\"Rubicon 3 Adventure\",\"description\":\"\",\"publisher\":{\"@id\":\"https:\\\/\\\/www.rubicon3adventure.com\\\/de\\\/#organization\"},\"potentialAction\":[{\"@type\":\"SearchAction\",\"target\":{\"@type\":\"EntryPoint\",\"urlTemplate\":\"https:\\\/\\\/www.rubicon3adventure.com\\\/de\\\/?s={search_term_string}\"},\"query-input\":{\"@type\":\"PropertyValueSpecification\",\"valueRequired\":true,\"valueName\":\"search_term_string\"}}],\"inLanguage\":\"de-DE\"},{\"@type\":\"Organization\",\"@id\":\"https:\\\/\\\/www.rubicon3adventure.com\\\/de\\\/#organization\",\"name\":\"Rubicon 3 Adventures\",\"alternateName\":\"Blueco Holdings Ltd\",\"url\":\"https:\\\/\\\/www.rubicon3adventure.com\\\/de\\\/\",\"logo\":{\"@type\":\"ImageObject\",\"inLanguage\":\"de-DE\",\"@id\":\"https:\\\/\\\/www.rubicon3adventure.com\\\/de\\\/#\\\/schema\\\/logo\\\/image\\\/\",\"url\":\"https:\\\/\\\/www.rubicon3adventure.com\\\/wp-content\\\/uploads\\\/2024\\\/03\\\/Rubicon_Schema-Image-scaled.jpg\",\"contentUrl\":\"https:\\\/\\\/www.rubicon3adventure.com\\\/wp-content\\\/uploads\\\/2024\\\/03\\\/Rubicon_Schema-Image-scaled.jpg\",\"width\":2560,\"height\":1554,\"caption\":\"Rubicon 3 Adventures\"},\"image\":{\"@id\":\"https:\\\/\\\/www.rubicon3adventure.com\\\/de\\\/#\\\/schema\\\/logo\\\/image\\\/\"},\"sameAs\":[\"https:\\\/\\\/www.facebook.com\\\/rubicon3sailing\",\"https:\\\/\\\/x.com\\\/rubicon3sailing\",\"https:\\\/\\\/www.instagram.com\\\/rubicon_3_sailing\\\/\",\"https:\\\/\\\/www.pinterest.co.uk\\\/rubicon3sailing\\\/\",\"https:\\\/\\\/www.youtube.com\\\/channel\\\/UCUVTAy1Qm4lz0uZI_83Um8A\",\"https:\\\/\\\/www.linkedin.com\\\/company\\\/rubicon-3\\\/\"]}]}<\/script>\n<!-- \/ Yoast SEO Premium plugin. -->","yoast_head_json":{"title":"Abenteuer Offshore-Segeln: F\u00e4r\u00f6er Inseln zum arktischen Norwegen","description":"Ein aufregendes Offshore-Segelabenteuer von den F\u00e4r\u00f6er-Inseln zum arktischen Norwegen und \u00fcber den Polarkreis. Abenteuer erwartet Sie mit den #1 Adventure Sailors!","robots":{"index":"index","follow":"follow","max-snippet":"max-snippet:-1","max-image-preview":"max-image-preview:large","max-video-preview":"max-video-preview:-1"},"canonical":"https:\/\/www.rubicon3adventure.com\/de\/produkt\/faroer-inseln-arktisches-norwegen\/","og_locale":"de_DE","og_type":"article","og_title":"Abenteuer Offshore-Segeln: F\u00e4r\u00f6er Inseln zum arktischen Norwegen","og_description":"Ein aufregendes Offshore-Segelabenteuer von den F\u00e4r\u00f6er-Inseln zum arktischen Norwegen und \u00fcber den Polarkreis. Abenteuer erwartet Sie mit den #1 Adventure Sailors!","og_url":"https:\/\/www.rubicon3adventure.com\/de\/produkt\/faroer-inseln-arktisches-norwegen\/","og_site_name":"Rubicon 3 Adventure","article_publisher":"https:\/\/www.facebook.com\/rubicon3sailing","og_image":[{"width":2560,"height":1440,"url":"https:\/\/www.rubicon3adventure.com\/wp-content\/uploads\/2024\/01\/yacht_hummingbird_iceland_2560-1.webp","type":"image\/webp"}],"twitter_card":"summary_large_image","twitter_site":"@rubicon3sailing","twitter_misc":{"Gesch\u00e4tzte Lesezeit":"2 Minuten"},"schema":{"@context":"https:\/\/schema.org","@graph":[{"@type":"WebPage","@id":"https:\/\/www.rubicon3adventure.com\/de\/produkt\/faroer-inseln-arktisches-norwegen\/","url":"https:\/\/www.rubicon3adventure.com\/de\/produkt\/faroer-inseln-arktisches-norwegen\/","name":"Abenteuer Offshore-Segeln: F\u00e4r\u00f6er Inseln zum arktischen Norwegen","isPartOf":{"@id":"https:\/\/www.rubicon3adventure.com\/de\/#website"},"primaryImageOfPage":{"@id":"https:\/\/www.rubicon3adventure.com\/de\/produkt\/faroer-inseln-arktisches-norwegen\/#primaryimage"},"image":{"@id":"https:\/\/www.rubicon3adventure.com\/de\/produkt\/faroer-inseln-arktisches-norwegen\/#primaryimage"},"thumbnailUrl":"https:\/\/www.rubicon3adventure.com\/wp-content\/uploads\/2024\/01\/hummingbird-by-beautiful-mountains-2560.webp","datePublished":"2024-01-29T14:53:14+00:00","description":"Ein aufregendes Offshore-Segelabenteuer von den F\u00e4r\u00f6er-Inseln zum arktischen Norwegen und \u00fcber den Polarkreis. Abenteuer erwartet Sie mit den #1 Adventure Sailors!","breadcrumb":{"@id":"https:\/\/www.rubicon3adventure.com\/de\/produkt\/faroer-inseln-arktisches-norwegen\/#breadcrumb"},"inLanguage":"de-DE","potentialAction":[{"@type":"ReadAction","target":["https:\/\/www.rubicon3adventure.com\/de\/produkt\/faroer-inseln-arktisches-norwegen\/"]}]},{"@type":"ImageObject","inLanguage":"de-DE","@id":"https:\/\/www.rubicon3adventure.com\/de\/produkt\/faroer-inseln-arktisches-norwegen\/#primaryimage","url":"https:\/\/www.rubicon3adventure.com\/wp-content\/uploads\/2024\/01\/hummingbird-by-beautiful-mountains-2560.webp","contentUrl":"https:\/\/www.rubicon3adventure.com\/wp-content\/uploads\/2024\/01\/hummingbird-by-beautiful-mountains-2560.webp","width":1501,"height":844,"caption":"yacht by beautiful mountains"},{"@type":"BreadcrumbList","@id":"https:\/\/www.rubicon3adventure.com\/de\/produkt\/faroer-inseln-arktisches-norwegen\/#breadcrumb","itemListElement":[{"@type":"ListItem","position":1,"name":"Shop","item":"https:\/\/www.rubicon3adventure.com\/de\/shop\/"},{"@type":"ListItem","position":2,"name":"Jenseits des Polarkreises: F\u00e4r\u00f6er Inseln nach Norwegen"}]},{"@type":"WebSite","@id":"https:\/\/www.rubicon3adventure.com\/de\/#website","url":"https:\/\/www.rubicon3adventure.com\/de\/","name":"Rubicon 3 Adventure","description":"","publisher":{"@id":"https:\/\/www.rubicon3adventure.com\/de\/#organization"},"potentialAction":[{"@type":"SearchAction","target":{"@type":"EntryPoint","urlTemplate":"https:\/\/www.rubicon3adventure.com\/de\/?s={search_term_string}"},"query-input":{"@type":"PropertyValueSpecification","valueRequired":true,"valueName":"search_term_string"}}],"inLanguage":"de-DE"},{"@type":"Organization","@id":"https:\/\/www.rubicon3adventure.com\/de\/#organization","name":"Rubicon 3 Adventures","alternateName":"Blueco Holdings Ltd","url":"https:\/\/www.rubicon3adventure.com\/de\/","logo":{"@type":"ImageObject","inLanguage":"de-DE","@id":"https:\/\/www.rubicon3adventure.com\/de\/#\/schema\/logo\/image\/","url":"https:\/\/www.rubicon3adventure.com\/wp-content\/uploads\/2024\/03\/Rubicon_Schema-Image-scaled.jpg","contentUrl":"https:\/\/www.rubicon3adventure.com\/wp-content\/uploads\/2024\/03\/Rubicon_Schema-Image-scaled.jpg","width":2560,"height":1554,"caption":"Rubicon 3 Adventures"},"image":{"@id":"https:\/\/www.rubicon3adventure.com\/de\/#\/schema\/logo\/image\/"},"sameAs":["https:\/\/www.facebook.com\/rubicon3sailing","https:\/\/x.com\/rubicon3sailing","https:\/\/www.instagram.com\/rubicon_3_sailing\/","https:\/\/www.pinterest.co.uk\/rubicon3sailing\/","https:\/\/www.youtube.com\/channel\/UCUVTAy1Qm4lz0uZI_83Um8A","https:\/\/www.linkedin.com\/company\/rubicon-3\/"]}]}},"_links":{"self":[{"href":"https:\/\/www.rubicon3adventure.com\/de\/wp-json\/wp\/v2\/product\/5281","targetHints":{"allow":["GET"]}}],"collection":[{"href":"https:\/\/www.rubicon3adventure.com\/de\/wp-json\/wp\/v2\/product"}],"about":[{"href":"https:\/\/www.rubicon3adventure.com\/de\/wp-json\/wp\/v2\/types\/product"}],"replies":[{"embeddable":true,"href":"https:\/\/www.rubicon3adventure.com\/de\/wp-json\/wp\/v2\/comments?post=5281"}],"wp:featuredmedia":[{"embeddable":true,"href":"https:\/\/www.rubicon3adventure.com\/de\/wp-json\/wp\/v2\/media\/7955"}],"wp:attachment":[{"href":"https:\/\/www.rubicon3adventure.com\/de\/wp-json\/wp\/v2\/media?parent=5281"}],"wp:term":[{"taxonomy":"product_brand","embeddable":true,"href":"https:\/\/www.rubicon3adventure.com\/de\/wp-json\/wp\/v2\/product_brand?post=5281"},{"taxonomy":"product_cat","embeddable":true,"href":"https:\/\/www.rubicon3adventure.com\/de\/wp-json\/wp\/v2\/product_cat?post=5281"},{"taxonomy":"product_tag","embeddable":true,"href":"https:\/\/www.rubicon3adventure.com\/de\/wp-json\/wp\/v2\/product_tag?post=5281"}],"curies":[{"name":"wp","href":"https:\/\/api.w.org\/{rel}","templated":true}]}}