{"id":5295,"date":"2024-02-01T15:48:12","date_gmt":"2024-02-01T15:48:12","guid":{"rendered":"https:\/\/www.rubicon3adventure.com\/product\/trolls-riesen-elfen-schottland-die-faroe-inseln\/"},"modified":"2024-02-01T15:48:12","modified_gmt":"2024-02-01T15:48:12","slug":"trolls-riesen-elfen-schottland-die-faroe-inseln","status":"publish","type":"product","link":"https:\/\/www.rubicon3adventure.com\/de\/produkt\/trolls-riesen-elfen-schottland-die-faroe-inseln\/","title":{"rendered":"Trolle, Giganten &amp; Elfen: Schottland &amp; die F\u00e4r\u00f6er Inseln"},"content":{"rendered":"<p><span data-preserver-spaces=\"true\">Entdecken Sie einige der wildesten und sch\u00f6nsten Inseln der Welt, w\u00e4hrend wir zwischen der Westk\u00fcste Schottlands und dem vulkanischen Archipel der F\u00e4r\u00f6er Inseln segeln. Schottland ist eine Welt der gl\u00fccklichen Ankerpl\u00e4tze, der bezaubernden H\u00e4fen, der weltber\u00fchmten Whisky-Destillerien und der jahrtausendealten Geschichte. Die F\u00e4r\u00f6er-Inseln, die zwischen Schottland, Island und Norwegen liegen, sind eine visuell atemberaubende Inselgruppe mit hoch aufragenden Klippen, umgeben von Papageientauchern, Sturmv\u00f6geln, Walen und Delfinen. Grasbedeckte H\u00e4user stehen Seite an Seite mit ikonischen Leuchtt\u00fcrmen und faszinierenden Behausungen. Wir segeln 36 Stunden lang zwischen den F\u00e4r\u00f6ern und Schottland und erhalten so einen einzigartigen Einblick in Seepassagen.<\/span><\/p>\n<h5><span data-preserver-spaces=\"true\">Sind Sie bereit f\u00fcr die Reise Ihres Lebens mit Europas Abenteuersegler Nummer 1?<\/span><\/h5>\n<p><span data-preserver-spaces=\"true\">Rubicon 3 Expeditionen sind echte Segelabenteuer und keine Luxus-Segelreisen. Je nach gew\u00e4hlter Route werden Sie abseits der ausgetretenen Pfade unterwegs sein, m\u00f6glicherweise auf dem offenen Meer, und abgelegene und wundersch\u00f6ne Orte ansteuern und erkunden. Die fachkundigen Rubicon 3 Ausbilder werden Sie schulen und sicherstellen, dass Sie in alle Aspekte des Erlebnisses eingebunden werden, einschlie\u00dflich Navigieren, Steuern, Trimmen von Segeln, Kochen und Pflege der Jacht. Als echtes Segelabenteuer ist es viel weniger vorhersehbar (und viel besser!) als ein Pauschalangebot, bei dem die Reiseroute Tag f\u00fcr Tag geplant und von den \u00f6rtlichen Gegebenheiten und dem Wetter bestimmt wird. Um an dem Abenteuer teilzunehmen, muss die Crew die richtige Einstellung, einen offenen Geist und den Wunsch haben, sich voll einzubringen.<\/span><\/p>\n<h5><span data-preserver-spaces=\"true\">Wollen Sie mitmachen?<\/span><\/h5>\n<p><span data-preserver-spaces=\"true\">Gehen Sie auf die Schaltfl\u00e4che Termine &amp; Preise, um die Daten dieser Reise zu sehen. Dort finden Sie auch Informationen zu Anschlussreisen, z.B. wohin Sie fliegen und wann und wo Sie an Bord gehen k\u00f6nnen.<\/span><\/p>\n","protected":false},"excerpt":{"rendered":"<p>Ein wahres Segelabenteuer zwischen der Westk\u00fcste Schottlands und den F\u00e4r\u00f6er Inseln. Eine unvergessliche Reise durch atemberaubende Landschaften.<\/p>\n","protected":false},"featured_media":8250,"comment_status":"closed","ping_status":"closed","template":"","meta":{"_acf_changed":false,"content-type":""},"product_brand":[],"product_cat":[235,262,241,265,253],"product_tag":[],"class_list":{"0":"post-5295","1":"product","2":"type-product","3":"status-publish","4":"has-post-thumbnail","6":"product_cat-abenteuer-segelurlaub","7":"product_cat-grossbritannien-irland","8":"product_cat-kueste","9":"product_cat-last-minute-angebote","10":"product_cat-norwegen-island-die-arktis","11":"trip_region-europa-und-ostsee","12":"trip_region-vereinigtes-koenigreich-und-irland","13":"trip_type-hochsee","14":"trip_type-kuesten","15":"trip_duration-11-16-tage","17":"first","18":"instock","19":"shipping-taxable","20":"purchasable","21":"product-type-variable"},"acf":[],"yoast_head":"<!-- This site is optimized with the Yoast SEO Premium plugin v27.3 (Yoast SEO v27.3) - https:\/\/yoast.com\/product\/yoast-seo-premium-wordpress\/ -->\n<title>Spannendes Abenteuer Segeln zwischen Schottland und den F\u00e4r\u00f6er Inseln<\/title>\n<meta name=\"description\" content=\"Ein wahres Segelabenteuer zwischen der Westk\u00fcste Schottlands und den F\u00e4r\u00f6er Inseln. Eine unvergessliche Reise durch atemberaubende Landschaften. Solo-Crew willkommen.\" \/>\n<meta name=\"robots\" content=\"index, follow, max-snippet:-1, max-image-preview:large, max-video-preview:-1\" \/>\n<link rel=\"canonical\" href=\"https:\/\/www.rubicon3adventure.com\/de\/produkt\/trolls-riesen-elfen-schottland-die-faroe-inseln\/\" \/>\n<meta property=\"og:locale\" content=\"de_DE\" \/>\n<meta property=\"og:type\" content=\"article\" \/>\n<meta property=\"og:title\" content=\"Spannendes Abenteuer Segeln zwischen Schottland und den F\u00e4r\u00f6er Inseln\" \/>\n<meta property=\"og:description\" content=\"Ein wahres Segelabenteuer zwischen der Westk\u00fcste Schottlands und den F\u00e4r\u00f6er Inseln. Eine unvergessliche Reise durch atemberaubende Landschaften. Solo-Crew willkommen.\" \/>\n<meta property=\"og:url\" content=\"https:\/\/www.rubicon3adventure.com\/de\/produkt\/trolls-riesen-elfen-schottland-die-faroe-inseln\/\" \/>\n<meta property=\"og:site_name\" content=\"Rubicon 3 Adventure\" \/>\n<meta property=\"article:publisher\" content=\"https:\/\/www.facebook.com\/rubicon3sailing\" \/>\n<meta property=\"og:image\" content=\"https:\/\/www.rubicon3adventure.com\/wp-content\/uploads\/2024\/02\/faroes-2560-conde-scaled.webp\" \/>\n\t<meta property=\"og:image:width\" content=\"2560\" \/>\n\t<meta property=\"og:image:height\" content=\"1440\" \/>\n\t<meta property=\"og:image:type\" content=\"image\/webp\" \/>\n<meta name=\"twitter:card\" content=\"summary_large_image\" \/>\n<meta name=\"twitter:site\" content=\"@rubicon3sailing\" \/>\n<meta name=\"twitter:label1\" content=\"Gesch\u00e4tzte Lesezeit\" \/>\n\t<meta name=\"twitter:data1\" content=\"1 Minute\" \/>\n<script type=\"application\/ld+json\" class=\"yoast-schema-graph\">{\"@context\":\"https:\\\/\\\/schema.org\",\"@graph\":[{\"@type\":\"WebPage\",\"@id\":\"https:\\\/\\\/www.rubicon3adventure.com\\\/de\\\/produkt\\\/trolls-riesen-elfen-schottland-die-faroe-inseln\\\/\",\"url\":\"https:\\\/\\\/www.rubicon3adventure.com\\\/de\\\/produkt\\\/trolls-riesen-elfen-schottland-die-faroe-inseln\\\/\",\"name\":\"Spannendes Abenteuer Segeln zwischen Schottland und den F\u00e4r\u00f6er Inseln\",\"isPartOf\":{\"@id\":\"https:\\\/\\\/www.rubicon3adventure.com\\\/de\\\/#website\"},\"primaryImageOfPage\":{\"@id\":\"https:\\\/\\\/www.rubicon3adventure.com\\\/de\\\/produkt\\\/trolls-riesen-elfen-schottland-die-faroe-inseln\\\/#primaryimage\"},\"image\":{\"@id\":\"https:\\\/\\\/www.rubicon3adventure.com\\\/de\\\/produkt\\\/trolls-riesen-elfen-schottland-die-faroe-inseln\\\/#primaryimage\"},\"thumbnailUrl\":\"https:\\\/\\\/www.rubicon3adventure.com\\\/wp-content\\\/uploads\\\/2024\\\/02\\\/FIslands-2560.webp\",\"datePublished\":\"2024-02-01T15:48:12+00:00\",\"description\":\"Ein wahres Segelabenteuer zwischen der Westk\u00fcste Schottlands und den F\u00e4r\u00f6er Inseln. Eine unvergessliche Reise durch atemberaubende Landschaften. Solo-Crew willkommen.\",\"breadcrumb\":{\"@id\":\"https:\\\/\\\/www.rubicon3adventure.com\\\/de\\\/produkt\\\/trolls-riesen-elfen-schottland-die-faroe-inseln\\\/#breadcrumb\"},\"inLanguage\":\"de-DE\",\"potentialAction\":[{\"@type\":\"ReadAction\",\"target\":[\"https:\\\/\\\/www.rubicon3adventure.com\\\/de\\\/produkt\\\/trolls-riesen-elfen-schottland-die-faroe-inseln\\\/\"]}]},{\"@type\":\"ImageObject\",\"inLanguage\":\"de-DE\",\"@id\":\"https:\\\/\\\/www.rubicon3adventure.com\\\/de\\\/produkt\\\/trolls-riesen-elfen-schottland-die-faroe-inseln\\\/#primaryimage\",\"url\":\"https:\\\/\\\/www.rubicon3adventure.com\\\/wp-content\\\/uploads\\\/2024\\\/02\\\/FIslands-2560.webp\",\"contentUrl\":\"https:\\\/\\\/www.rubicon3adventure.com\\\/wp-content\\\/uploads\\\/2024\\\/02\\\/FIslands-2560.webp\",\"width\":2560,\"height\":1440,\"caption\":\"Sailing Faroe Islands\"},{\"@type\":\"BreadcrumbList\",\"@id\":\"https:\\\/\\\/www.rubicon3adventure.com\\\/de\\\/produkt\\\/trolls-riesen-elfen-schottland-die-faroe-inseln\\\/#breadcrumb\",\"itemListElement\":[{\"@type\":\"ListItem\",\"position\":1,\"name\":\"Shop\",\"item\":\"https:\\\/\\\/www.rubicon3adventure.com\\\/de\\\/shop\\\/\"},{\"@type\":\"ListItem\",\"position\":2,\"name\":\"Trolle, Giganten &amp; Elfen: Schottland &amp; die F\u00e4r\u00f6er Inseln\"}]},{\"@type\":\"WebSite\",\"@id\":\"https:\\\/\\\/www.rubicon3adventure.com\\\/de\\\/#website\",\"url\":\"https:\\\/\\\/www.rubicon3adventure.com\\\/de\\\/\",\"name\":\"Rubicon 3 Adventure\",\"description\":\"\",\"publisher\":{\"@id\":\"https:\\\/\\\/www.rubicon3adventure.com\\\/de\\\/#organization\"},\"potentialAction\":[{\"@type\":\"SearchAction\",\"target\":{\"@type\":\"EntryPoint\",\"urlTemplate\":\"https:\\\/\\\/www.rubicon3adventure.com\\\/de\\\/?s={search_term_string}\"},\"query-input\":{\"@type\":\"PropertyValueSpecification\",\"valueRequired\":true,\"valueName\":\"search_term_string\"}}],\"inLanguage\":\"de-DE\"},{\"@type\":\"Organization\",\"@id\":\"https:\\\/\\\/www.rubicon3adventure.com\\\/de\\\/#organization\",\"name\":\"Rubicon 3 Adventures\",\"alternateName\":\"Blueco Holdings Ltd\",\"url\":\"https:\\\/\\\/www.rubicon3adventure.com\\\/de\\\/\",\"logo\":{\"@type\":\"ImageObject\",\"inLanguage\":\"de-DE\",\"@id\":\"https:\\\/\\\/www.rubicon3adventure.com\\\/de\\\/#\\\/schema\\\/logo\\\/image\\\/\",\"url\":\"https:\\\/\\\/www.rubicon3adventure.com\\\/wp-content\\\/uploads\\\/2024\\\/03\\\/Rubicon_Schema-Image-scaled.jpg\",\"contentUrl\":\"https:\\\/\\\/www.rubicon3adventure.com\\\/wp-content\\\/uploads\\\/2024\\\/03\\\/Rubicon_Schema-Image-scaled.jpg\",\"width\":2560,\"height\":1554,\"caption\":\"Rubicon 3 Adventures\"},\"image\":{\"@id\":\"https:\\\/\\\/www.rubicon3adventure.com\\\/de\\\/#\\\/schema\\\/logo\\\/image\\\/\"},\"sameAs\":[\"https:\\\/\\\/www.facebook.com\\\/rubicon3sailing\",\"https:\\\/\\\/x.com\\\/rubicon3sailing\",\"https:\\\/\\\/www.instagram.com\\\/rubicon_3_sailing\\\/\",\"https:\\\/\\\/www.pinterest.co.uk\\\/rubicon3sailing\\\/\",\"https:\\\/\\\/www.youtube.com\\\/channel\\\/UCUVTAy1Qm4lz0uZI_83Um8A\",\"https:\\\/\\\/www.linkedin.com\\\/company\\\/rubicon-3\\\/\"]}]}<\/script>\n<!-- \/ Yoast SEO Premium plugin. -->","yoast_head_json":{"title":"Spannendes Abenteuer Segeln zwischen Schottland und den F\u00e4r\u00f6er Inseln","description":"Ein wahres Segelabenteuer zwischen der Westk\u00fcste Schottlands und den F\u00e4r\u00f6er Inseln. Eine unvergessliche Reise durch atemberaubende Landschaften. Solo-Crew willkommen.","robots":{"index":"index","follow":"follow","max-snippet":"max-snippet:-1","max-image-preview":"max-image-preview:large","max-video-preview":"max-video-preview:-1"},"canonical":"https:\/\/www.rubicon3adventure.com\/de\/produkt\/trolls-riesen-elfen-schottland-die-faroe-inseln\/","og_locale":"de_DE","og_type":"article","og_title":"Spannendes Abenteuer Segeln zwischen Schottland und den F\u00e4r\u00f6er Inseln","og_description":"Ein wahres Segelabenteuer zwischen der Westk\u00fcste Schottlands und den F\u00e4r\u00f6er Inseln. Eine unvergessliche Reise durch atemberaubende Landschaften. Solo-Crew willkommen.","og_url":"https:\/\/www.rubicon3adventure.com\/de\/produkt\/trolls-riesen-elfen-schottland-die-faroe-inseln\/","og_site_name":"Rubicon 3 Adventure","article_publisher":"https:\/\/www.facebook.com\/rubicon3sailing","og_image":[{"width":2560,"height":1440,"url":"https:\/\/www.rubicon3adventure.com\/wp-content\/uploads\/2024\/02\/faroes-2560-conde-scaled.webp","type":"image\/webp"}],"twitter_card":"summary_large_image","twitter_site":"@rubicon3sailing","twitter_misc":{"Gesch\u00e4tzte Lesezeit":"1 Minute"},"schema":{"@context":"https:\/\/schema.org","@graph":[{"@type":"WebPage","@id":"https:\/\/www.rubicon3adventure.com\/de\/produkt\/trolls-riesen-elfen-schottland-die-faroe-inseln\/","url":"https:\/\/www.rubicon3adventure.com\/de\/produkt\/trolls-riesen-elfen-schottland-die-faroe-inseln\/","name":"Spannendes Abenteuer Segeln zwischen Schottland und den F\u00e4r\u00f6er Inseln","isPartOf":{"@id":"https:\/\/www.rubicon3adventure.com\/de\/#website"},"primaryImageOfPage":{"@id":"https:\/\/www.rubicon3adventure.com\/de\/produkt\/trolls-riesen-elfen-schottland-die-faroe-inseln\/#primaryimage"},"image":{"@id":"https:\/\/www.rubicon3adventure.com\/de\/produkt\/trolls-riesen-elfen-schottland-die-faroe-inseln\/#primaryimage"},"thumbnailUrl":"https:\/\/www.rubicon3adventure.com\/wp-content\/uploads\/2024\/02\/FIslands-2560.webp","datePublished":"2024-02-01T15:48:12+00:00","description":"Ein wahres Segelabenteuer zwischen der Westk\u00fcste Schottlands und den F\u00e4r\u00f6er Inseln. Eine unvergessliche Reise durch atemberaubende Landschaften. Solo-Crew willkommen.","breadcrumb":{"@id":"https:\/\/www.rubicon3adventure.com\/de\/produkt\/trolls-riesen-elfen-schottland-die-faroe-inseln\/#breadcrumb"},"inLanguage":"de-DE","potentialAction":[{"@type":"ReadAction","target":["https:\/\/www.rubicon3adventure.com\/de\/produkt\/trolls-riesen-elfen-schottland-die-faroe-inseln\/"]}]},{"@type":"ImageObject","inLanguage":"de-DE","@id":"https:\/\/www.rubicon3adventure.com\/de\/produkt\/trolls-riesen-elfen-schottland-die-faroe-inseln\/#primaryimage","url":"https:\/\/www.rubicon3adventure.com\/wp-content\/uploads\/2024\/02\/FIslands-2560.webp","contentUrl":"https:\/\/www.rubicon3adventure.com\/wp-content\/uploads\/2024\/02\/FIslands-2560.webp","width":2560,"height":1440,"caption":"Sailing Faroe Islands"},{"@type":"BreadcrumbList","@id":"https:\/\/www.rubicon3adventure.com\/de\/produkt\/trolls-riesen-elfen-schottland-die-faroe-inseln\/#breadcrumb","itemListElement":[{"@type":"ListItem","position":1,"name":"Shop","item":"https:\/\/www.rubicon3adventure.com\/de\/shop\/"},{"@type":"ListItem","position":2,"name":"Trolle, Giganten &amp; Elfen: Schottland &amp; die F\u00e4r\u00f6er Inseln"}]},{"@type":"WebSite","@id":"https:\/\/www.rubicon3adventure.com\/de\/#website","url":"https:\/\/www.rubicon3adventure.com\/de\/","name":"Rubicon 3 Adventure","description":"","publisher":{"@id":"https:\/\/www.rubicon3adventure.com\/de\/#organization"},"potentialAction":[{"@type":"SearchAction","target":{"@type":"EntryPoint","urlTemplate":"https:\/\/www.rubicon3adventure.com\/de\/?s={search_term_string}"},"query-input":{"@type":"PropertyValueSpecification","valueRequired":true,"valueName":"search_term_string"}}],"inLanguage":"de-DE"},{"@type":"Organization","@id":"https:\/\/www.rubicon3adventure.com\/de\/#organization","name":"Rubicon 3 Adventures","alternateName":"Blueco Holdings Ltd","url":"https:\/\/www.rubicon3adventure.com\/de\/","logo":{"@type":"ImageObject","inLanguage":"de-DE","@id":"https:\/\/www.rubicon3adventure.com\/de\/#\/schema\/logo\/image\/","url":"https:\/\/www.rubicon3adventure.com\/wp-content\/uploads\/2024\/03\/Rubicon_Schema-Image-scaled.jpg","contentUrl":"https:\/\/www.rubicon3adventure.com\/wp-content\/uploads\/2024\/03\/Rubicon_Schema-Image-scaled.jpg","width":2560,"height":1554,"caption":"Rubicon 3 Adventures"},"image":{"@id":"https:\/\/www.rubicon3adventure.com\/de\/#\/schema\/logo\/image\/"},"sameAs":["https:\/\/www.facebook.com\/rubicon3sailing","https:\/\/x.com\/rubicon3sailing","https:\/\/www.instagram.com\/rubicon_3_sailing\/","https:\/\/www.pinterest.co.uk\/rubicon3sailing\/","https:\/\/www.youtube.com\/channel\/UCUVTAy1Qm4lz0uZI_83Um8A","https:\/\/www.linkedin.com\/company\/rubicon-3\/"]}]}},"_links":{"self":[{"href":"https:\/\/www.rubicon3adventure.com\/de\/wp-json\/wp\/v2\/product\/5295","targetHints":{"allow":["GET"]}}],"collection":[{"href":"https:\/\/www.rubicon3adventure.com\/de\/wp-json\/wp\/v2\/product"}],"about":[{"href":"https:\/\/www.rubicon3adventure.com\/de\/wp-json\/wp\/v2\/types\/product"}],"replies":[{"embeddable":true,"href":"https:\/\/www.rubicon3adventure.com\/de\/wp-json\/wp\/v2\/comments?post=5295"}],"wp:featuredmedia":[{"embeddable":true,"href":"https:\/\/www.rubicon3adventure.com\/de\/wp-json\/wp\/v2\/media\/8250"}],"wp:attachment":[{"href":"https:\/\/www.rubicon3adventure.com\/de\/wp-json\/wp\/v2\/media?parent=5295"}],"wp:term":[{"taxonomy":"product_brand","embeddable":true,"href":"https:\/\/www.rubicon3adventure.com\/de\/wp-json\/wp\/v2\/product_brand?post=5295"},{"taxonomy":"product_cat","embeddable":true,"href":"https:\/\/www.rubicon3adventure.com\/de\/wp-json\/wp\/v2\/product_cat?post=5295"},{"taxonomy":"product_tag","embeddable":true,"href":"https:\/\/www.rubicon3adventure.com\/de\/wp-json\/wp\/v2\/product_tag?post=5295"}],"curies":[{"name":"wp","href":"https:\/\/api.w.org\/{rel}","templated":true}]}}