{"id":5321,"date":"2023-08-01T09:39:13","date_gmt":"2023-08-01T08:39:13","guid":{"rendered":"https:\/\/www.rubicon3adventure.com\/product\/geschenkkarte\/"},"modified":"2023-08-01T09:39:13","modified_gmt":"2023-08-01T08:39:13","slug":"geschenkkarte","status":"publish","type":"product","link":"https:\/\/www.rubicon3adventure.com\/de\/produkt\/geschenkkarte\/","title":{"rendered":"Geschenkkarte"},"content":{"rendered":"<p>Er\u00f6ffnen Sie Ihren Liebsten den Nervenkitzel der Entdeckung mit den Geschenkkarten von Rubicon 3 Adventure, dem idealen Geschenk f\u00fcr Segler und Abenteurer. Diese Karten sind das perfekte Geschenk f\u00fcr aufregende Segelabenteuer, von der Navigation durch eisige arktische Fjorde bis zur Eroberung des Atlantiks. Mit flexiblen Werten k\u00f6nnen Geschenkkarten alles abdecken, von einer Anzahlung bis zu einem erheblichen Beitrag oder sogar die gesamten Kosten einer Reise. Rubicon 3 Adventure garantiert Ihnen eine unvergessliche Entdeckungsreise, die f\u00fcr alle K\u00f6nnerstufen geeignet ist, unter der fachkundigen F\u00fchrung unserer erfahrenen Crew.<\/p>\n","protected":false},"excerpt":{"rendered":"<p>Rubicon 3 Geschenkgutscheine k\u00f6nnen f\u00fcr Geburtstage, Weihnachten, Hochzeiten, Abschlussfeiern und vieles mehr verwendet werden! Sie k\u00f6nnen gegen die Kosten einer beliebigen Reise eingel\u00f6st werden.<\/p>\n","protected":false},"featured_media":2538,"comment_status":"open","ping_status":"closed","template":"","meta":{"_acf_changed":false,"content-type":""},"product_brand":[],"product_cat":[268],"product_tag":[],"class_list":{"0":"post-5321","1":"product","2":"type-product","3":"status-publish","4":"has-post-thumbnail","6":"product_cat-handelswaren","8":"first","9":"instock","10":"purchasable","11":"product-type-pw-gift-card"},"acf":[],"yoast_head":"<!-- This site is optimized with the Yoast SEO Premium plugin v27.5 (Yoast SEO v27.6) - https:\/\/yoast.com\/product\/yoast-seo-premium-wordpress\/ -->\n<title>Rubicon 3 Adventure Geschenkkarten - Das perfekte Geschenk!<\/title>\n<meta name=\"description\" content=\"Schenken Sie Ihren Liebsten ein unvergessliches Segelabenteuer mit einem Rubicon 3 Adventure Geschenkgutschein. Perfekt f\u00fcr jeden Entdecker, von Einlagen bis hin zu kompletten Reisen.\" \/>\n<meta name=\"robots\" content=\"index, follow, max-snippet:-1, max-image-preview:large, max-video-preview:-1\" \/>\n<link rel=\"canonical\" href=\"https:\/\/www.rubicon3adventure.com\/de\/produkt\/geschenkkarte\/\" \/>\n<meta property=\"og:locale\" content=\"de_DE\" \/>\n<meta property=\"og:type\" content=\"article\" \/>\n<meta property=\"og:title\" content=\"Rubicon 3 Adventure Geschenkkarten - Das perfekte Geschenk!\" \/>\n<meta property=\"og:description\" content=\"Schenken Sie Ihren Liebsten ein unvergessliches Segelabenteuer mit einem Rubicon 3 Adventure Geschenkgutschein. Perfekt f\u00fcr jeden Entdecker, von Einlagen bis hin zu kompletten Reisen.\" \/>\n<meta property=\"og:url\" content=\"https:\/\/www.rubicon3adventure.com\/de\/produkt\/geschenkkarte\/\" \/>\n<meta property=\"og:site_name\" content=\"Rubicon 3 Adventure\" \/>\n<meta property=\"article:publisher\" content=\"https:\/\/www.facebook.com\/rubicon3sailing\" \/>\n<meta property=\"og:image\" content=\"https:\/\/www.rubicon3adventure.com\/wp-content\/uploads\/2023\/08\/gift-voucher-100.jpg\" \/>\n\t<meta property=\"og:image:width\" content=\"600\" \/>\n\t<meta property=\"og:image:height\" content=\"344\" \/>\n\t<meta property=\"og:image:type\" content=\"image\/jpeg\" \/>\n<meta name=\"twitter:card\" content=\"summary_large_image\" \/>\n<meta name=\"twitter:site\" content=\"@rubicon3sailing\" \/>\n<script type=\"application\/ld+json\" class=\"yoast-schema-graph\">{\"@context\":\"https:\\\/\\\/schema.org\",\"@graph\":[{\"@type\":\"WebPage\",\"@id\":\"https:\\\/\\\/www.rubicon3adventure.com\\\/de\\\/produkt\\\/geschenkkarte\\\/\",\"url\":\"https:\\\/\\\/www.rubicon3adventure.com\\\/de\\\/produkt\\\/geschenkkarte\\\/\",\"name\":\"Rubicon 3 Adventure Geschenkkarten - Das perfekte Geschenk!\",\"isPartOf\":{\"@id\":\"https:\\\/\\\/www.rubicon3adventure.com\\\/de\\\/#website\"},\"primaryImageOfPage\":{\"@id\":\"https:\\\/\\\/www.rubicon3adventure.com\\\/de\\\/produkt\\\/geschenkkarte\\\/#primaryimage\"},\"image\":{\"@id\":\"https:\\\/\\\/www.rubicon3adventure.com\\\/de\\\/produkt\\\/geschenkkarte\\\/#primaryimage\"},\"thumbnailUrl\":\"https:\\\/\\\/www.rubicon3adventure.com\\\/wp-content\\\/uploads\\\/2023\\\/08\\\/gift-voucher-100.jpg\",\"datePublished\":\"2023-08-01T08:39:13+00:00\",\"description\":\"Schenken Sie Ihren Liebsten ein unvergessliches Segelabenteuer mit einem Rubicon 3 Adventure Geschenkgutschein. Perfekt f\u00fcr jeden Entdecker, von Einlagen bis hin zu kompletten Reisen.\",\"breadcrumb\":{\"@id\":\"https:\\\/\\\/www.rubicon3adventure.com\\\/de\\\/produkt\\\/geschenkkarte\\\/#breadcrumb\"},\"inLanguage\":\"de-DE\",\"potentialAction\":[{\"@type\":\"ReadAction\",\"target\":[\"https:\\\/\\\/www.rubicon3adventure.com\\\/de\\\/produkt\\\/geschenkkarte\\\/\"]}]},{\"@type\":\"ImageObject\",\"inLanguage\":\"de-DE\",\"@id\":\"https:\\\/\\\/www.rubicon3adventure.com\\\/de\\\/produkt\\\/geschenkkarte\\\/#primaryimage\",\"url\":\"https:\\\/\\\/www.rubicon3adventure.com\\\/wp-content\\\/uploads\\\/2023\\\/08\\\/gift-voucher-100.jpg\",\"contentUrl\":\"https:\\\/\\\/www.rubicon3adventure.com\\\/wp-content\\\/uploads\\\/2023\\\/08\\\/gift-voucher-100.jpg\",\"width\":600,\"height\":344},{\"@type\":\"BreadcrumbList\",\"@id\":\"https:\\\/\\\/www.rubicon3adventure.com\\\/de\\\/produkt\\\/geschenkkarte\\\/#breadcrumb\",\"itemListElement\":[{\"@type\":\"ListItem\",\"position\":1,\"name\":\"Shop\",\"item\":\"https:\\\/\\\/www.rubicon3adventure.com\\\/de\\\/shop\\\/\"},{\"@type\":\"ListItem\",\"position\":2,\"name\":\"Geschenkkarte\"}]},{\"@type\":\"WebSite\",\"@id\":\"https:\\\/\\\/www.rubicon3adventure.com\\\/de\\\/#website\",\"url\":\"https:\\\/\\\/www.rubicon3adventure.com\\\/de\\\/\",\"name\":\"Rubicon 3 Adventure\",\"description\":\"\",\"publisher\":{\"@id\":\"https:\\\/\\\/www.rubicon3adventure.com\\\/de\\\/#organization\"},\"potentialAction\":[{\"@type\":\"SearchAction\",\"target\":{\"@type\":\"EntryPoint\",\"urlTemplate\":\"https:\\\/\\\/www.rubicon3adventure.com\\\/de\\\/?s={search_term_string}\"},\"query-input\":{\"@type\":\"PropertyValueSpecification\",\"valueRequired\":true,\"valueName\":\"search_term_string\"}}],\"inLanguage\":\"de-DE\"},{\"@type\":\"Organization\",\"@id\":\"https:\\\/\\\/www.rubicon3adventure.com\\\/de\\\/#organization\",\"name\":\"Rubicon 3 Adventures\",\"alternateName\":\"Blueco Holdings Ltd\",\"url\":\"https:\\\/\\\/www.rubicon3adventure.com\\\/de\\\/\",\"logo\":{\"@type\":\"ImageObject\",\"inLanguage\":\"de-DE\",\"@id\":\"https:\\\/\\\/www.rubicon3adventure.com\\\/de\\\/#\\\/schema\\\/logo\\\/image\\\/\",\"url\":\"https:\\\/\\\/www.rubicon3adventure.com\\\/wp-content\\\/uploads\\\/2024\\\/03\\\/Rubicon_Schema-Image-scaled.jpg\",\"contentUrl\":\"https:\\\/\\\/www.rubicon3adventure.com\\\/wp-content\\\/uploads\\\/2024\\\/03\\\/Rubicon_Schema-Image-scaled.jpg\",\"width\":2560,\"height\":1554,\"caption\":\"Rubicon 3 Adventures\"},\"image\":{\"@id\":\"https:\\\/\\\/www.rubicon3adventure.com\\\/de\\\/#\\\/schema\\\/logo\\\/image\\\/\"},\"sameAs\":[\"https:\\\/\\\/www.facebook.com\\\/rubicon3sailing\",\"https:\\\/\\\/x.com\\\/rubicon3sailing\",\"https:\\\/\\\/www.instagram.com\\\/rubicon_3_sailing\\\/\",\"https:\\\/\\\/www.pinterest.co.uk\\\/rubicon3sailing\\\/\",\"https:\\\/\\\/www.youtube.com\\\/channel\\\/UCUVTAy1Qm4lz0uZI_83Um8A\",\"https:\\\/\\\/www.linkedin.com\\\/company\\\/rubicon-3\\\/\"]}]}<\/script>\n<!-- \/ Yoast SEO Premium plugin. -->","yoast_head_json":{"title":"Rubicon 3 Adventure Geschenkkarten - Das perfekte Geschenk!","description":"Schenken Sie Ihren Liebsten ein unvergessliches Segelabenteuer mit einem Rubicon 3 Adventure Geschenkgutschein. Perfekt f\u00fcr jeden Entdecker, von Einlagen bis hin zu kompletten Reisen.","robots":{"index":"index","follow":"follow","max-snippet":"max-snippet:-1","max-image-preview":"max-image-preview:large","max-video-preview":"max-video-preview:-1"},"canonical":"https:\/\/www.rubicon3adventure.com\/de\/produkt\/geschenkkarte\/","og_locale":"de_DE","og_type":"article","og_title":"Rubicon 3 Adventure Geschenkkarten - Das perfekte Geschenk!","og_description":"Schenken Sie Ihren Liebsten ein unvergessliches Segelabenteuer mit einem Rubicon 3 Adventure Geschenkgutschein. Perfekt f\u00fcr jeden Entdecker, von Einlagen bis hin zu kompletten Reisen.","og_url":"https:\/\/www.rubicon3adventure.com\/de\/produkt\/geschenkkarte\/","og_site_name":"Rubicon 3 Adventure","article_publisher":"https:\/\/www.facebook.com\/rubicon3sailing","og_image":[{"width":600,"height":344,"url":"https:\/\/www.rubicon3adventure.com\/wp-content\/uploads\/2023\/08\/gift-voucher-100.jpg","type":"image\/jpeg"}],"twitter_card":"summary_large_image","twitter_site":"@rubicon3sailing","schema":{"@context":"https:\/\/schema.org","@graph":[{"@type":"WebPage","@id":"https:\/\/www.rubicon3adventure.com\/de\/produkt\/geschenkkarte\/","url":"https:\/\/www.rubicon3adventure.com\/de\/produkt\/geschenkkarte\/","name":"Rubicon 3 Adventure Geschenkkarten - Das perfekte Geschenk!","isPartOf":{"@id":"https:\/\/www.rubicon3adventure.com\/de\/#website"},"primaryImageOfPage":{"@id":"https:\/\/www.rubicon3adventure.com\/de\/produkt\/geschenkkarte\/#primaryimage"},"image":{"@id":"https:\/\/www.rubicon3adventure.com\/de\/produkt\/geschenkkarte\/#primaryimage"},"thumbnailUrl":"https:\/\/www.rubicon3adventure.com\/wp-content\/uploads\/2023\/08\/gift-voucher-100.jpg","datePublished":"2023-08-01T08:39:13+00:00","description":"Schenken Sie Ihren Liebsten ein unvergessliches Segelabenteuer mit einem Rubicon 3 Adventure Geschenkgutschein. Perfekt f\u00fcr jeden Entdecker, von Einlagen bis hin zu kompletten Reisen.","breadcrumb":{"@id":"https:\/\/www.rubicon3adventure.com\/de\/produkt\/geschenkkarte\/#breadcrumb"},"inLanguage":"de-DE","potentialAction":[{"@type":"ReadAction","target":["https:\/\/www.rubicon3adventure.com\/de\/produkt\/geschenkkarte\/"]}]},{"@type":"ImageObject","inLanguage":"de-DE","@id":"https:\/\/www.rubicon3adventure.com\/de\/produkt\/geschenkkarte\/#primaryimage","url":"https:\/\/www.rubicon3adventure.com\/wp-content\/uploads\/2023\/08\/gift-voucher-100.jpg","contentUrl":"https:\/\/www.rubicon3adventure.com\/wp-content\/uploads\/2023\/08\/gift-voucher-100.jpg","width":600,"height":344},{"@type":"BreadcrumbList","@id":"https:\/\/www.rubicon3adventure.com\/de\/produkt\/geschenkkarte\/#breadcrumb","itemListElement":[{"@type":"ListItem","position":1,"name":"Shop","item":"https:\/\/www.rubicon3adventure.com\/de\/shop\/"},{"@type":"ListItem","position":2,"name":"Geschenkkarte"}]},{"@type":"WebSite","@id":"https:\/\/www.rubicon3adventure.com\/de\/#website","url":"https:\/\/www.rubicon3adventure.com\/de\/","name":"Rubicon 3 Adventure","description":"","publisher":{"@id":"https:\/\/www.rubicon3adventure.com\/de\/#organization"},"potentialAction":[{"@type":"SearchAction","target":{"@type":"EntryPoint","urlTemplate":"https:\/\/www.rubicon3adventure.com\/de\/?s={search_term_string}"},"query-input":{"@type":"PropertyValueSpecification","valueRequired":true,"valueName":"search_term_string"}}],"inLanguage":"de-DE"},{"@type":"Organization","@id":"https:\/\/www.rubicon3adventure.com\/de\/#organization","name":"Rubicon 3 Adventures","alternateName":"Blueco Holdings Ltd","url":"https:\/\/www.rubicon3adventure.com\/de\/","logo":{"@type":"ImageObject","inLanguage":"de-DE","@id":"https:\/\/www.rubicon3adventure.com\/de\/#\/schema\/logo\/image\/","url":"https:\/\/www.rubicon3adventure.com\/wp-content\/uploads\/2024\/03\/Rubicon_Schema-Image-scaled.jpg","contentUrl":"https:\/\/www.rubicon3adventure.com\/wp-content\/uploads\/2024\/03\/Rubicon_Schema-Image-scaled.jpg","width":2560,"height":1554,"caption":"Rubicon 3 Adventures"},"image":{"@id":"https:\/\/www.rubicon3adventure.com\/de\/#\/schema\/logo\/image\/"},"sameAs":["https:\/\/www.facebook.com\/rubicon3sailing","https:\/\/x.com\/rubicon3sailing","https:\/\/www.instagram.com\/rubicon_3_sailing\/","https:\/\/www.pinterest.co.uk\/rubicon3sailing\/","https:\/\/www.youtube.com\/channel\/UCUVTAy1Qm4lz0uZI_83Um8A","https:\/\/www.linkedin.com\/company\/rubicon-3\/"]}]}},"_links":{"self":[{"href":"https:\/\/www.rubicon3adventure.com\/de\/wp-json\/wp\/v2\/product\/5321","targetHints":{"allow":["GET"]}}],"collection":[{"href":"https:\/\/www.rubicon3adventure.com\/de\/wp-json\/wp\/v2\/product"}],"about":[{"href":"https:\/\/www.rubicon3adventure.com\/de\/wp-json\/wp\/v2\/types\/product"}],"replies":[{"embeddable":true,"href":"https:\/\/www.rubicon3adventure.com\/de\/wp-json\/wp\/v2\/comments?post=5321"}],"wp:featuredmedia":[{"embeddable":true,"href":"https:\/\/www.rubicon3adventure.com\/de\/wp-json\/wp\/v2\/media\/2538"}],"wp:attachment":[{"href":"https:\/\/www.rubicon3adventure.com\/de\/wp-json\/wp\/v2\/media?parent=5321"}],"wp:term":[{"taxonomy":"product_brand","embeddable":true,"href":"https:\/\/www.rubicon3adventure.com\/de\/wp-json\/wp\/v2\/product_brand?post=5321"},{"taxonomy":"product_cat","embeddable":true,"href":"https:\/\/www.rubicon3adventure.com\/de\/wp-json\/wp\/v2\/product_cat?post=5321"},{"taxonomy":"product_tag","embeddable":true,"href":"https:\/\/www.rubicon3adventure.com\/de\/wp-json\/wp\/v2\/product_tag?post=5321"}],"curies":[{"name":"wp","href":"https:\/\/api.w.org\/{rel}","templated":true}]}}