{"id":6582,"date":"2024-09-25T10:00:31","date_gmt":"2024-09-25T09:00:31","guid":{"rendered":"https:\/\/www.rubicon3adventure.com\/?post_type=product&#038;p=6582"},"modified":"2024-09-26T05:38:35","modified_gmt":"2024-09-26T04:38:35","slug":"sudlich-der-passatwinde-himmelsfahrt-zu-den-kanarischen-inseln-copy","status":"publish","type":"product","link":"https:\/\/www.rubicon3adventure.com\/de\/produkt\/sudlich-der-passatwinde-himmelsfahrt-zu-den-kanarischen-inseln-copy\/","title":{"rendered":"S\u00fcdlich der Passatwinde: Himmelsfahrt zu den Kanarischen Inseln (Copy)"},"content":{"rendered":"<p>Begeben Sie sich auf einen einzigartigen Segelt\u00f6rn von der spanischen Atlantikk\u00fcste bis zu den Kanarischen Inseln und nutzen Sie dabei ausschlie\u00dflich die Himmelsnavigation, um Ihren Weg zu finden. Nach einem zweit\u00e4gigen Kurs \u00fcber diese uralte Kunst (es sind also keine Vorkenntnisse erforderlich) fahren Sie auf den Atlantik hinaus und nutzen Sonne, Mond, Sterne und Planeten, um Ihren Weg 1.000 Meilen s\u00fcdwestlich nach Gran Canaria zu navigieren. Dies ist die perfekte Gelegenheit, nicht nur die Himmelsnavigation zu erlernen, sondern sie auch in der Praxis anzuwenden, w\u00e4hrend Sie auf einer leistungsstarken 60-Fu\u00df-Yacht auf hoher See segeln und das Wetter von Tag zu Tag w\u00e4rmer wird, w\u00e4hrend Sie nach S\u00fcden zu den Passatwinden segeln.<\/p>\n<p><span data-preserver-spaces=\"true\">Dies ist eine <\/span><a class=\"editor-rtfLink\" href=\"https:\/\/www.rubicon3adventure.com\/articles\/seamanship-sailing-skills\/yachtmaster-ocean-qualifying-passage\/\" target=\"_blank\" rel=\"noopener\"><br \/>\n  <span data-preserver-spaces=\"true\">RYA Yachtmaster Ozean Qualifikationspassage<\/span><br \/>\n<\/a><span data-preserver-spaces=\"true\"> f\u00fcr diejenigen, die sich als Wachf\u00fchrer anmelden.<\/span><\/p>\n<h5><span data-preserver-spaces=\"true\">Sind Sie bereit f\u00fcr das Abenteuer Ihres Lebens mit den Experten f\u00fcr Hochseesegeln?<\/span><\/h5>\n<p><span data-preserver-spaces=\"true\">Rubicon 3 ist als Experte f\u00fcr Hochseesegeln bekannt. Wir sind in der Segelwelt f\u00fcr unsere umfangreiche Erfahrung, unsere umfassende Ausbildung, unser Engagement f\u00fcr Entdeckungen und unsere fantastischen Segelabenteuer bekannt. Unser Expertenteam, sehr erfahrene Segler in Hochseepassagen, der Arktis, der Nordsee und der Norwegischen See, bietet praktischen Unterricht in allen Aspekten des Hochseesegelns an, der sich sowohl an Einsteiger als auch an erfahrene Segler richtet.<\/span><\/p>\n<p><span data-preserver-spaces=\"true\">Mit unserer Auswahl an einzigartigen Bucket Lists und weniger befahrenen Routen heben wir uns von der Masse ab und sorgen f\u00fcr ein aufregendes und entdeckungsreiches Offshore-Segeln. Unser Ethos ist ein unersch\u00fctterliches Engagement f\u00fcr Sicherheit und \u00f6kologische Nachhaltigkeit, um sicherzustellen, dass jede Reise die Seeleute und das Meer respektiert. Au\u00dferdem konzentrieren wir uns wie eine Segelschule auf den Aufbau individueller F\u00e4higkeiten, so dass jeder in jeden Aspekt der Passage voll eingebunden ist. Dieser ganzheitliche Ansatz hat Rubicon 3 den Ruf eingebracht, die Experten f\u00fcr alle zu sein, die Hochseesegeln auf h\u00f6chstem Niveau suchen.<\/span><\/p>\n<h5><span data-preserver-spaces=\"true\">Wollen Sie mitmachen?<\/span><\/h5>\n<p><span data-preserver-spaces=\"true\">Gehen Sie auf die Schaltfl\u00e4che Termine &amp; Preise, um die Daten dieser Reise zu sehen. Dort finden Sie auch Informationen zu Anschlussreisen, z.B. wohin Sie fliegen und wann und wo Sie an Bord gehen k\u00f6nnen.<\/span><\/p>\n<p>&nbsp;<\/p>\n","protected":false},"excerpt":{"rendered":"<p>Lernen Sie die Himmelsnavigation auf einer spektakul\u00e4ren Offshore-Passage von der spanischen Atlantikk\u00fcste zu den Kanarischen Inseln. Sie beginnen mit einem eint\u00e4gigen Theoriekurs und segeln 1000 Meilen nach S\u00fcden, ohne GPS zu benutzen!<\/p>\n","protected":false},"featured_media":6632,"comment_status":"closed","ping_status":"closed","template":"","meta":{"_acf_changed":false,"content-type":""},"product_brand":[],"product_cat":[235,244,256,280],"product_tag":[],"class_list":{"0":"post-6582","1":"product","2":"type-product","3":"status-publish","4":"has-post-thumbnail","6":"product_cat-abenteuer-segelurlaub","7":"product_cat-europa-und-die-ostsee","8":"product_cat-hochsee","9":"product_cat-segelurlaub-im-winter-in-der-sonne","10":"trip_region-europa-und-ostsee","11":"trip_type-hochsee","12":"trip_duration-11-16-tage","14":"first","15":"instock","16":"shipping-taxable","17":"purchasable","18":"product-type-variable"},"acf":[],"yoast_head":"<!-- This site is optimized with the Yoast SEO Premium plugin v27.3 (Yoast SEO v27.3) - https:\/\/yoast.com\/product\/yoast-seo-premium-wordpress\/ -->\n<title>Segeln Sie von Spanien zu den Kanarischen Inseln - mit Hilfe der Himmelsnavigation.<\/title>\n<meta name=\"description\" content=\"Lernen Sie, nur mit der Sonne und den Sternen zu navigieren und schlie\u00dfen Sie sich der Crew an, wenn wir von der spanischen Atlantikk\u00fcste zu den Kanarischen Inseln segeln, ohne GPS zu benutzen.\" \/>\n<meta name=\"robots\" content=\"index, follow, max-snippet:-1, max-image-preview:large, max-video-preview:-1\" \/>\n<link rel=\"canonical\" href=\"https:\/\/www.rubicon3adventure.com\/de\/produkt\/sudlich-der-passatwinde-himmelsfahrt-zu-den-kanarischen-inseln-copy\/\" \/>\n<meta property=\"og:locale\" content=\"de_DE\" \/>\n<meta property=\"og:type\" content=\"article\" \/>\n<meta property=\"og:title\" content=\"Segeln Sie von Spanien zu den Kanarischen Inseln - mit Hilfe der Himmelsnavigation.\" \/>\n<meta property=\"og:description\" content=\"Lernen Sie, nur mit der Sonne und den Sternen zu navigieren und schlie\u00dfen Sie sich der Crew an, wenn wir von der spanischen Atlantikk\u00fcste zu den Kanarischen Inseln segeln, ohne GPS zu benutzen.\" \/>\n<meta property=\"og:url\" content=\"https:\/\/www.rubicon3adventure.com\/de\/produkt\/sudlich-der-passatwinde-himmelsfahrt-zu-den-kanarischen-inseln-copy\/\" \/>\n<meta property=\"og:site_name\" content=\"Rubicon 3 Adventure\" \/>\n<meta property=\"article:publisher\" content=\"https:\/\/www.facebook.com\/rubicon3sailing\" \/>\n<meta property=\"article:modified_time\" content=\"2024-09-26T04:38:35+00:00\" \/>\n<meta property=\"og:image\" content=\"https:\/\/www.rubicon3adventure.com\/wp-content\/uploads\/2024\/03\/crew_onboard_using-sextant-2560.webp\" \/>\n\t<meta property=\"og:image:width\" content=\"2560\" \/>\n\t<meta property=\"og:image:height\" content=\"1441\" \/>\n\t<meta property=\"og:image:type\" content=\"image\/webp\" \/>\n<meta name=\"twitter:card\" content=\"summary_large_image\" \/>\n<meta name=\"twitter:site\" content=\"@rubicon3sailing\" \/>\n<meta name=\"twitter:label1\" content=\"Gesch\u00e4tzte Lesezeit\" \/>\n\t<meta name=\"twitter:data1\" content=\"8 Minuten\" \/>\n<script type=\"application\/ld+json\" class=\"yoast-schema-graph\">{\"@context\":\"https:\\\/\\\/schema.org\",\"@graph\":[{\"@type\":\"WebPage\",\"@id\":\"https:\\\/\\\/www.rubicon3adventure.com\\\/de\\\/produkt\\\/sudlich-der-passatwinde-himmelsfahrt-zu-den-kanarischen-inseln-copy\\\/\",\"url\":\"https:\\\/\\\/www.rubicon3adventure.com\\\/de\\\/produkt\\\/sudlich-der-passatwinde-himmelsfahrt-zu-den-kanarischen-inseln-copy\\\/\",\"name\":\"Segeln Sie von Spanien zu den Kanarischen Inseln - mit Hilfe der Himmelsnavigation.\",\"isPartOf\":{\"@id\":\"https:\\\/\\\/www.rubicon3adventure.com\\\/de\\\/#website\"},\"primaryImageOfPage\":{\"@id\":\"https:\\\/\\\/www.rubicon3adventure.com\\\/de\\\/produkt\\\/sudlich-der-passatwinde-himmelsfahrt-zu-den-kanarischen-inseln-copy\\\/#primaryimage\"},\"image\":{\"@id\":\"https:\\\/\\\/www.rubicon3adventure.com\\\/de\\\/produkt\\\/sudlich-der-passatwinde-himmelsfahrt-zu-den-kanarischen-inseln-copy\\\/#primaryimage\"},\"thumbnailUrl\":\"https:\\\/\\\/www.rubicon3adventure.com\\\/wp-content\\\/uploads\\\/2024\\\/09\\\/Starling-2560-ocean.webp\",\"datePublished\":\"2024-09-25T09:00:31+00:00\",\"dateModified\":\"2024-09-26T04:38:35+00:00\",\"description\":\"Lernen Sie, nur mit der Sonne und den Sternen zu navigieren und schlie\u00dfen Sie sich der Crew an, wenn wir von der spanischen Atlantikk\u00fcste zu den Kanarischen Inseln segeln, ohne GPS zu benutzen.\",\"breadcrumb\":{\"@id\":\"https:\\\/\\\/www.rubicon3adventure.com\\\/de\\\/produkt\\\/sudlich-der-passatwinde-himmelsfahrt-zu-den-kanarischen-inseln-copy\\\/#breadcrumb\"},\"inLanguage\":\"de-DE\",\"potentialAction\":[{\"@type\":\"ReadAction\",\"target\":[\"https:\\\/\\\/www.rubicon3adventure.com\\\/de\\\/produkt\\\/sudlich-der-passatwinde-himmelsfahrt-zu-den-kanarischen-inseln-copy\\\/\"]}]},{\"@type\":\"ImageObject\",\"inLanguage\":\"de-DE\",\"@id\":\"https:\\\/\\\/www.rubicon3adventure.com\\\/de\\\/produkt\\\/sudlich-der-passatwinde-himmelsfahrt-zu-den-kanarischen-inseln-copy\\\/#primaryimage\",\"url\":\"https:\\\/\\\/www.rubicon3adventure.com\\\/wp-content\\\/uploads\\\/2024\\\/09\\\/Starling-2560-ocean.webp\",\"contentUrl\":\"https:\\\/\\\/www.rubicon3adventure.com\\\/wp-content\\\/uploads\\\/2024\\\/09\\\/Starling-2560-ocean.webp\",\"width\":2560,\"height\":1439,\"caption\":\"Starling at sea mid ocean\"},{\"@type\":\"BreadcrumbList\",\"@id\":\"https:\\\/\\\/www.rubicon3adventure.com\\\/de\\\/produkt\\\/sudlich-der-passatwinde-himmelsfahrt-zu-den-kanarischen-inseln-copy\\\/#breadcrumb\",\"itemListElement\":[{\"@type\":\"ListItem\",\"position\":1,\"name\":\"Shop\",\"item\":\"https:\\\/\\\/www.rubicon3adventure.com\\\/de\\\/shop\\\/\"},{\"@type\":\"ListItem\",\"position\":2,\"name\":\"S\u00fcdlich der Passatwinde: Himmelsfahrt zu den Kanarischen Inseln (Copy)\"}]},{\"@type\":\"WebSite\",\"@id\":\"https:\\\/\\\/www.rubicon3adventure.com\\\/de\\\/#website\",\"url\":\"https:\\\/\\\/www.rubicon3adventure.com\\\/de\\\/\",\"name\":\"Rubicon 3 Adventure\",\"description\":\"\",\"publisher\":{\"@id\":\"https:\\\/\\\/www.rubicon3adventure.com\\\/de\\\/#organization\"},\"potentialAction\":[{\"@type\":\"SearchAction\",\"target\":{\"@type\":\"EntryPoint\",\"urlTemplate\":\"https:\\\/\\\/www.rubicon3adventure.com\\\/de\\\/?s={search_term_string}\"},\"query-input\":{\"@type\":\"PropertyValueSpecification\",\"valueRequired\":true,\"valueName\":\"search_term_string\"}}],\"inLanguage\":\"de-DE\"},{\"@type\":\"Organization\",\"@id\":\"https:\\\/\\\/www.rubicon3adventure.com\\\/de\\\/#organization\",\"name\":\"Rubicon 3 Adventures\",\"alternateName\":\"Blueco Holdings Ltd\",\"url\":\"https:\\\/\\\/www.rubicon3adventure.com\\\/de\\\/\",\"logo\":{\"@type\":\"ImageObject\",\"inLanguage\":\"de-DE\",\"@id\":\"https:\\\/\\\/www.rubicon3adventure.com\\\/de\\\/#\\\/schema\\\/logo\\\/image\\\/\",\"url\":\"https:\\\/\\\/www.rubicon3adventure.com\\\/wp-content\\\/uploads\\\/2024\\\/03\\\/Rubicon_Schema-Image-scaled.jpg\",\"contentUrl\":\"https:\\\/\\\/www.rubicon3adventure.com\\\/wp-content\\\/uploads\\\/2024\\\/03\\\/Rubicon_Schema-Image-scaled.jpg\",\"width\":2560,\"height\":1554,\"caption\":\"Rubicon 3 Adventures\"},\"image\":{\"@id\":\"https:\\\/\\\/www.rubicon3adventure.com\\\/de\\\/#\\\/schema\\\/logo\\\/image\\\/\"},\"sameAs\":[\"https:\\\/\\\/www.facebook.com\\\/rubicon3sailing\",\"https:\\\/\\\/x.com\\\/rubicon3sailing\",\"https:\\\/\\\/www.instagram.com\\\/rubicon_3_sailing\\\/\",\"https:\\\/\\\/www.pinterest.co.uk\\\/rubicon3sailing\\\/\",\"https:\\\/\\\/www.youtube.com\\\/channel\\\/UCUVTAy1Qm4lz0uZI_83Um8A\",\"https:\\\/\\\/www.linkedin.com\\\/company\\\/rubicon-3\\\/\"]}]}<\/script>\n<!-- \/ Yoast SEO Premium plugin. -->","yoast_head_json":{"title":"Segeln Sie von Spanien zu den Kanarischen Inseln - mit Hilfe der Himmelsnavigation.","description":"Lernen Sie, nur mit der Sonne und den Sternen zu navigieren und schlie\u00dfen Sie sich der Crew an, wenn wir von der spanischen Atlantikk\u00fcste zu den Kanarischen Inseln segeln, ohne GPS zu benutzen.","robots":{"index":"index","follow":"follow","max-snippet":"max-snippet:-1","max-image-preview":"max-image-preview:large","max-video-preview":"max-video-preview:-1"},"canonical":"https:\/\/www.rubicon3adventure.com\/de\/produkt\/sudlich-der-passatwinde-himmelsfahrt-zu-den-kanarischen-inseln-copy\/","og_locale":"de_DE","og_type":"article","og_title":"Segeln Sie von Spanien zu den Kanarischen Inseln - mit Hilfe der Himmelsnavigation.","og_description":"Lernen Sie, nur mit der Sonne und den Sternen zu navigieren und schlie\u00dfen Sie sich der Crew an, wenn wir von der spanischen Atlantikk\u00fcste zu den Kanarischen Inseln segeln, ohne GPS zu benutzen.","og_url":"https:\/\/www.rubicon3adventure.com\/de\/produkt\/sudlich-der-passatwinde-himmelsfahrt-zu-den-kanarischen-inseln-copy\/","og_site_name":"Rubicon 3 Adventure","article_publisher":"https:\/\/www.facebook.com\/rubicon3sailing","article_modified_time":"2024-09-26T04:38:35+00:00","og_image":[{"width":2560,"height":1441,"url":"https:\/\/www.rubicon3adventure.com\/wp-content\/uploads\/2024\/03\/crew_onboard_using-sextant-2560.webp","type":"image\/webp"}],"twitter_card":"summary_large_image","twitter_site":"@rubicon3sailing","twitter_misc":{"Gesch\u00e4tzte Lesezeit":"8 Minuten"},"schema":{"@context":"https:\/\/schema.org","@graph":[{"@type":"WebPage","@id":"https:\/\/www.rubicon3adventure.com\/de\/produkt\/sudlich-der-passatwinde-himmelsfahrt-zu-den-kanarischen-inseln-copy\/","url":"https:\/\/www.rubicon3adventure.com\/de\/produkt\/sudlich-der-passatwinde-himmelsfahrt-zu-den-kanarischen-inseln-copy\/","name":"Segeln Sie von Spanien zu den Kanarischen Inseln - mit Hilfe der Himmelsnavigation.","isPartOf":{"@id":"https:\/\/www.rubicon3adventure.com\/de\/#website"},"primaryImageOfPage":{"@id":"https:\/\/www.rubicon3adventure.com\/de\/produkt\/sudlich-der-passatwinde-himmelsfahrt-zu-den-kanarischen-inseln-copy\/#primaryimage"},"image":{"@id":"https:\/\/www.rubicon3adventure.com\/de\/produkt\/sudlich-der-passatwinde-himmelsfahrt-zu-den-kanarischen-inseln-copy\/#primaryimage"},"thumbnailUrl":"https:\/\/www.rubicon3adventure.com\/wp-content\/uploads\/2024\/09\/Starling-2560-ocean.webp","datePublished":"2024-09-25T09:00:31+00:00","dateModified":"2024-09-26T04:38:35+00:00","description":"Lernen Sie, nur mit der Sonne und den Sternen zu navigieren und schlie\u00dfen Sie sich der Crew an, wenn wir von der spanischen Atlantikk\u00fcste zu den Kanarischen Inseln segeln, ohne GPS zu benutzen.","breadcrumb":{"@id":"https:\/\/www.rubicon3adventure.com\/de\/produkt\/sudlich-der-passatwinde-himmelsfahrt-zu-den-kanarischen-inseln-copy\/#breadcrumb"},"inLanguage":"de-DE","potentialAction":[{"@type":"ReadAction","target":["https:\/\/www.rubicon3adventure.com\/de\/produkt\/sudlich-der-passatwinde-himmelsfahrt-zu-den-kanarischen-inseln-copy\/"]}]},{"@type":"ImageObject","inLanguage":"de-DE","@id":"https:\/\/www.rubicon3adventure.com\/de\/produkt\/sudlich-der-passatwinde-himmelsfahrt-zu-den-kanarischen-inseln-copy\/#primaryimage","url":"https:\/\/www.rubicon3adventure.com\/wp-content\/uploads\/2024\/09\/Starling-2560-ocean.webp","contentUrl":"https:\/\/www.rubicon3adventure.com\/wp-content\/uploads\/2024\/09\/Starling-2560-ocean.webp","width":2560,"height":1439,"caption":"Starling at sea mid ocean"},{"@type":"BreadcrumbList","@id":"https:\/\/www.rubicon3adventure.com\/de\/produkt\/sudlich-der-passatwinde-himmelsfahrt-zu-den-kanarischen-inseln-copy\/#breadcrumb","itemListElement":[{"@type":"ListItem","position":1,"name":"Shop","item":"https:\/\/www.rubicon3adventure.com\/de\/shop\/"},{"@type":"ListItem","position":2,"name":"S\u00fcdlich der Passatwinde: Himmelsfahrt zu den Kanarischen Inseln (Copy)"}]},{"@type":"WebSite","@id":"https:\/\/www.rubicon3adventure.com\/de\/#website","url":"https:\/\/www.rubicon3adventure.com\/de\/","name":"Rubicon 3 Adventure","description":"","publisher":{"@id":"https:\/\/www.rubicon3adventure.com\/de\/#organization"},"potentialAction":[{"@type":"SearchAction","target":{"@type":"EntryPoint","urlTemplate":"https:\/\/www.rubicon3adventure.com\/de\/?s={search_term_string}"},"query-input":{"@type":"PropertyValueSpecification","valueRequired":true,"valueName":"search_term_string"}}],"inLanguage":"de-DE"},{"@type":"Organization","@id":"https:\/\/www.rubicon3adventure.com\/de\/#organization","name":"Rubicon 3 Adventures","alternateName":"Blueco Holdings Ltd","url":"https:\/\/www.rubicon3adventure.com\/de\/","logo":{"@type":"ImageObject","inLanguage":"de-DE","@id":"https:\/\/www.rubicon3adventure.com\/de\/#\/schema\/logo\/image\/","url":"https:\/\/www.rubicon3adventure.com\/wp-content\/uploads\/2024\/03\/Rubicon_Schema-Image-scaled.jpg","contentUrl":"https:\/\/www.rubicon3adventure.com\/wp-content\/uploads\/2024\/03\/Rubicon_Schema-Image-scaled.jpg","width":2560,"height":1554,"caption":"Rubicon 3 Adventures"},"image":{"@id":"https:\/\/www.rubicon3adventure.com\/de\/#\/schema\/logo\/image\/"},"sameAs":["https:\/\/www.facebook.com\/rubicon3sailing","https:\/\/x.com\/rubicon3sailing","https:\/\/www.instagram.com\/rubicon_3_sailing\/","https:\/\/www.pinterest.co.uk\/rubicon3sailing\/","https:\/\/www.youtube.com\/channel\/UCUVTAy1Qm4lz0uZI_83Um8A","https:\/\/www.linkedin.com\/company\/rubicon-3\/"]}]}},"_links":{"self":[{"href":"https:\/\/www.rubicon3adventure.com\/de\/wp-json\/wp\/v2\/product\/6582","targetHints":{"allow":["GET"]}}],"collection":[{"href":"https:\/\/www.rubicon3adventure.com\/de\/wp-json\/wp\/v2\/product"}],"about":[{"href":"https:\/\/www.rubicon3adventure.com\/de\/wp-json\/wp\/v2\/types\/product"}],"replies":[{"embeddable":true,"href":"https:\/\/www.rubicon3adventure.com\/de\/wp-json\/wp\/v2\/comments?post=6582"}],"wp:featuredmedia":[{"embeddable":true,"href":"https:\/\/www.rubicon3adventure.com\/de\/wp-json\/wp\/v2\/media\/6632"}],"wp:attachment":[{"href":"https:\/\/www.rubicon3adventure.com\/de\/wp-json\/wp\/v2\/media?parent=6582"}],"wp:term":[{"taxonomy":"product_brand","embeddable":true,"href":"https:\/\/www.rubicon3adventure.com\/de\/wp-json\/wp\/v2\/product_brand?post=6582"},{"taxonomy":"product_cat","embeddable":true,"href":"https:\/\/www.rubicon3adventure.com\/de\/wp-json\/wp\/v2\/product_cat?post=6582"},{"taxonomy":"product_tag","embeddable":true,"href":"https:\/\/www.rubicon3adventure.com\/de\/wp-json\/wp\/v2\/product_tag?post=6582"}],"curies":[{"name":"wp","href":"https:\/\/api.w.org\/{rel}","templated":true}]}}