{"id":7058,"date":"2024-12-02T13:21:23","date_gmt":"2024-12-02T13:21:23","guid":{"rendered":"https:\/\/www.rubicon3adventure.com\/?post_type=product&#038;p=7058"},"modified":"2024-12-03T11:22:18","modified_gmt":"2024-12-03T11:22:18","slug":"segeln-sie-uber-den-atlantik-new-york-neufundland-grosbritannien-copy","status":"publish","type":"product","link":"https:\/\/www.rubicon3adventure.com\/de\/produkt\/segeln-sie-uber-den-atlantik-new-york-neufundland-grosbritannien-copy\/","title":{"rendered":"Segeln Sie \u00fcber den Atlantik: New York &#8211; Neufundland &#8211; Gro\u00dfbritannien (Copy)"},"content":{"rendered":"<p><span data-preserver-spaces=\"true\">Von der Freiheitsstatue in New York aus startend, ist dies die ultimative Route, um den Atlantik zu \u00fcberqueren, ein Weg voller Abenteuer und Entdeckungen. Die Reise beginnt mit einer Fahrt durch den malerischen Long Island Sound, eine Strecke, die reich an maritimer Geschichte ist und in deren Gew\u00e4ssern sich kleine Inseln und gesch\u00e4ftige K\u00fcstenst\u00e4dte befinden. Wenn wir weiter nach Norden fahren, verwandelt sich die Landschaft in die zerkl\u00fcfteten K\u00fcsten von Nova Scotia, einem Land mit malerischen Fischerd\u00f6rfern und alter Folklore. Die Reise geht weiter in den Norden nach Neufundland, einem abgelegenen und wilden Grenzgebiet und der Region der Eisberge, Wale und des ber\u00fchmten dichten Nebels. Von Neufundland aus wendet sich die Reise ostw\u00e4rts und f\u00fchrt \u00fcber den Atlantik, 2000 Meilen in Richtung der wundersch\u00f6nen Westk\u00fcste Schottlands. Es ist eine der unglaublichsten transatlantischen Routen und Segelabenteuer.<\/span><\/p>\n<h5><span data-preserver-spaces=\"true\">Sind Sie bereit f\u00fcr das Abenteuer Ihres Lebens mit den Experten f\u00fcr Hochseesegeln?<\/span><\/h5>\n<p><span data-preserver-spaces=\"true\">Rubicon 3 ist als Experte f\u00fcr Hochseesegeln bekannt. Wir sind in der Segelwelt f\u00fcr unsere umfangreiche Erfahrung, unser umfassendes Training und unsere Hingabe f\u00fcr Abenteuer und Entdeckungen bekannt. Unser Expertenteam, sehr erfahrene Segler auf dem Gebiet des Hochseesegelns, bietet praktischen Unterricht in allen Aspekten des Hochseesegelns an, der sich sowohl an Einsteiger als auch an erfahrene Segler richtet.<\/span><\/p>\n<p><span data-preserver-spaces=\"true\">Mit unserer Auswahl an einzigartigen Abenteuern und weniger befahrenen Routen heben wir uns von der Masse ab. Wir garantieren Ihnen aufregende und entdeckungsreiche Hochsee- und Hochseesegelt\u00f6rns auf dem richtigen Boot, das den h\u00f6chsten Sicherheitsstandards entspricht und mit der gesamten erforderlichen Sicherheitsausr\u00fcstung ausgestattet ist. Unser Ethos ist ein unersch\u00fctterliches Engagement f\u00fcr Sicherheit und \u00f6kologische Nachhaltigkeit, um sicherzustellen, dass jede Reise die Seeleute und das Meer respektiert. Au\u00dferdem konzentrieren wir uns wie eine Segelschule auf den Aufbau individueller F\u00e4higkeiten, so dass jeder in jeden Aspekt der Passage voll eingebunden ist. Dieser ganzheitliche Ansatz hat Rubicon 3 den Ruf eingebracht, die Experten f\u00fcr alle zu sein, die Hochseesegeln auf h\u00f6chstem Niveau suchen.<\/span><\/p>\n<h5><span data-preserver-spaces=\"true\">Wollen Sie mitmachen?<\/span><\/h5>\n<p><span data-preserver-spaces=\"true\">Gehen Sie auf die Schaltfl\u00e4che Termine &amp; Preise, um die Daten dieser Reise zu sehen. Dort finden Sie auch Informationen zu Anschlussreisen, z.B. wohin Sie fliegen und wann und wo Sie an Bord gehen k\u00f6nnen.<\/span><\/p>\n","protected":false},"excerpt":{"rendered":"<p>Das ultimative Segelabenteuer auf dem Atlantik. Sie starten in New York City und segeln in den Norden Nova Scotias und weiter nach Neufundland, bevor Sie den Atlantik \u00fcberqueren und an der wundersch\u00f6nen Westk\u00fcste Schottlands ankommen.<\/p>\n","protected":false},"featured_media":8951,"comment_status":"closed","ping_status":"closed","template":"","meta":{"_acf_changed":false,"content-type":""},"product_brand":[],"product_cat":[235,238,241,253],"product_tag":[],"class_list":{"0":"post-7058","1":"product","2":"type-product","3":"status-publish","4":"has-post-thumbnail","6":"product_cat-abenteuer-segelurlaub","7":"product_cat-karibik-und-amerika","8":"product_cat-kueste","9":"product_cat-norwegen-island-die-arktis","10":"trip_region-karibik-und-amerika","11":"trip_region-norwegen-island-und-arktis","12":"trip_type-hochsee","13":"trip_duration-11-16-tage","15":"first","16":"instock","17":"shipping-taxable","18":"purchasable","19":"product-type-variable"},"acf":[],"yoast_head":"<!-- This site is optimized with the Yoast SEO Premium plugin v27.3 (Yoast SEO v27.4) - https:\/\/yoast.com\/product\/yoast-seo-premium-wordpress\/ -->\n<title>Ultimatives Segelabenteuer \u00fcber den Atlantik: New York - Neufundland - Gro\u00dfbritannien<\/title>\n<meta name=\"description\" content=\"Segeln Sie \u00fcber den Atlantik von New York \u00fcber Nova Scotia und Neufundland nach Schottland. Die ultimative Route, durchgef\u00fchrt von den #1 Abenteuersegler. Solo-Crew willkommen.\" \/>\n<meta name=\"robots\" content=\"index, follow, max-snippet:-1, max-image-preview:large, max-video-preview:-1\" \/>\n<link rel=\"canonical\" href=\"https:\/\/www.rubicon3adventure.com\/de\/produkt\/segeln-sie-uber-den-atlantik-new-york-neufundland-grosbritannien-copy\/\" \/>\n<meta property=\"og:locale\" content=\"de_DE\" \/>\n<meta property=\"og:type\" content=\"article\" \/>\n<meta property=\"og:title\" content=\"Ultimatives Segelabenteuer \u00fcber den Atlantik: New York - Neufundland - Gro\u00dfbritannien\" \/>\n<meta property=\"og:description\" content=\"Segeln Sie \u00fcber den Atlantik von New York \u00fcber Nova Scotia und Neufundland nach Schottland. Die ultimative Route, durchgef\u00fchrt von den #1 Abenteuersegler. Solo-Crew willkommen.\" \/>\n<meta property=\"og:url\" content=\"https:\/\/www.rubicon3adventure.com\/de\/produkt\/segeln-sie-uber-den-atlantik-new-york-neufundland-grosbritannien-copy\/\" \/>\n<meta property=\"og:site_name\" content=\"Rubicon 3 Adventure\" \/>\n<meta property=\"article:publisher\" content=\"https:\/\/www.facebook.com\/rubicon3sailing\" \/>\n<meta property=\"article:modified_time\" content=\"2024-12-03T11:22:18+00:00\" \/>\n<meta property=\"og:image\" content=\"https:\/\/www.rubicon3adventure.com\/wp-content\/uploads\/2024\/12\/Newfoundland-2560.webp\" \/>\n\t<meta property=\"og:image:width\" content=\"2560\" \/>\n\t<meta property=\"og:image:height\" content=\"1440\" \/>\n\t<meta property=\"og:image:type\" content=\"image\/webp\" \/>\n<meta name=\"twitter:card\" content=\"summary_large_image\" \/>\n<meta name=\"twitter:site\" content=\"@rubicon3sailing\" \/>\n<meta name=\"twitter:label1\" content=\"Gesch\u00e4tzte Lesezeit\" \/>\n\t<meta name=\"twitter:data1\" content=\"2 Minuten\" \/>\n<script type=\"application\/ld+json\" class=\"yoast-schema-graph\">{\"@context\":\"https:\\\/\\\/schema.org\",\"@graph\":[{\"@type\":\"WebPage\",\"@id\":\"https:\\\/\\\/www.rubicon3adventure.com\\\/de\\\/produkt\\\/segeln-sie-uber-den-atlantik-new-york-neufundland-grosbritannien-copy\\\/\",\"url\":\"https:\\\/\\\/www.rubicon3adventure.com\\\/de\\\/produkt\\\/segeln-sie-uber-den-atlantik-new-york-neufundland-grosbritannien-copy\\\/\",\"name\":\"Ultimatives Segelabenteuer \u00fcber den Atlantik: New York - Neufundland - Gro\u00dfbritannien\",\"isPartOf\":{\"@id\":\"https:\\\/\\\/www.rubicon3adventure.com\\\/de\\\/#website\"},\"primaryImageOfPage\":{\"@id\":\"https:\\\/\\\/www.rubicon3adventure.com\\\/de\\\/produkt\\\/segeln-sie-uber-den-atlantik-new-york-neufundland-grosbritannien-copy\\\/#primaryimage\"},\"image\":{\"@id\":\"https:\\\/\\\/www.rubicon3adventure.com\\\/de\\\/produkt\\\/segeln-sie-uber-den-atlantik-new-york-neufundland-grosbritannien-copy\\\/#primaryimage\"},\"thumbnailUrl\":\"https:\\\/\\\/www.rubicon3adventure.com\\\/wp-content\\\/uploads\\\/2024\\\/12\\\/arctic-adventure-2560.webp\",\"datePublished\":\"2024-12-02T13:21:23+00:00\",\"dateModified\":\"2024-12-03T11:22:18+00:00\",\"description\":\"Segeln Sie \u00fcber den Atlantik von New York \u00fcber Nova Scotia und Neufundland nach Schottland. Die ultimative Route, durchgef\u00fchrt von den #1 Abenteuersegler. Solo-Crew willkommen.\",\"breadcrumb\":{\"@id\":\"https:\\\/\\\/www.rubicon3adventure.com\\\/de\\\/produkt\\\/segeln-sie-uber-den-atlantik-new-york-neufundland-grosbritannien-copy\\\/#breadcrumb\"},\"inLanguage\":\"de-DE\",\"potentialAction\":[{\"@type\":\"ReadAction\",\"target\":[\"https:\\\/\\\/www.rubicon3adventure.com\\\/de\\\/produkt\\\/segeln-sie-uber-den-atlantik-new-york-neufundland-grosbritannien-copy\\\/\"]}]},{\"@type\":\"ImageObject\",\"inLanguage\":\"de-DE\",\"@id\":\"https:\\\/\\\/www.rubicon3adventure.com\\\/de\\\/produkt\\\/segeln-sie-uber-den-atlantik-new-york-neufundland-grosbritannien-copy\\\/#primaryimage\",\"url\":\"https:\\\/\\\/www.rubicon3adventure.com\\\/wp-content\\\/uploads\\\/2024\\\/12\\\/arctic-adventure-2560.webp\",\"contentUrl\":\"https:\\\/\\\/www.rubicon3adventure.com\\\/wp-content\\\/uploads\\\/2024\\\/12\\\/arctic-adventure-2560.webp\",\"width\":2560,\"height\":1440,\"caption\":\"arctic sailing adventure\"},{\"@type\":\"BreadcrumbList\",\"@id\":\"https:\\\/\\\/www.rubicon3adventure.com\\\/de\\\/produkt\\\/segeln-sie-uber-den-atlantik-new-york-neufundland-grosbritannien-copy\\\/#breadcrumb\",\"itemListElement\":[{\"@type\":\"ListItem\",\"position\":1,\"name\":\"Shop\",\"item\":\"https:\\\/\\\/www.rubicon3adventure.com\\\/de\\\/shop\\\/\"},{\"@type\":\"ListItem\",\"position\":2,\"name\":\"Segeln Sie \u00fcber den Atlantik: New York &#8211; Neufundland &#8211; Gro\u00dfbritannien (Copy)\"}]},{\"@type\":\"WebSite\",\"@id\":\"https:\\\/\\\/www.rubicon3adventure.com\\\/de\\\/#website\",\"url\":\"https:\\\/\\\/www.rubicon3adventure.com\\\/de\\\/\",\"name\":\"Rubicon 3 Adventure\",\"description\":\"\",\"publisher\":{\"@id\":\"https:\\\/\\\/www.rubicon3adventure.com\\\/de\\\/#organization\"},\"potentialAction\":[{\"@type\":\"SearchAction\",\"target\":{\"@type\":\"EntryPoint\",\"urlTemplate\":\"https:\\\/\\\/www.rubicon3adventure.com\\\/de\\\/?s={search_term_string}\"},\"query-input\":{\"@type\":\"PropertyValueSpecification\",\"valueRequired\":true,\"valueName\":\"search_term_string\"}}],\"inLanguage\":\"de-DE\"},{\"@type\":\"Organization\",\"@id\":\"https:\\\/\\\/www.rubicon3adventure.com\\\/de\\\/#organization\",\"name\":\"Rubicon 3 Adventures\",\"alternateName\":\"Blueco Holdings Ltd\",\"url\":\"https:\\\/\\\/www.rubicon3adventure.com\\\/de\\\/\",\"logo\":{\"@type\":\"ImageObject\",\"inLanguage\":\"de-DE\",\"@id\":\"https:\\\/\\\/www.rubicon3adventure.com\\\/de\\\/#\\\/schema\\\/logo\\\/image\\\/\",\"url\":\"https:\\\/\\\/www.rubicon3adventure.com\\\/wp-content\\\/uploads\\\/2024\\\/03\\\/Rubicon_Schema-Image-scaled.jpg\",\"contentUrl\":\"https:\\\/\\\/www.rubicon3adventure.com\\\/wp-content\\\/uploads\\\/2024\\\/03\\\/Rubicon_Schema-Image-scaled.jpg\",\"width\":2560,\"height\":1554,\"caption\":\"Rubicon 3 Adventures\"},\"image\":{\"@id\":\"https:\\\/\\\/www.rubicon3adventure.com\\\/de\\\/#\\\/schema\\\/logo\\\/image\\\/\"},\"sameAs\":[\"https:\\\/\\\/www.facebook.com\\\/rubicon3sailing\",\"https:\\\/\\\/x.com\\\/rubicon3sailing\",\"https:\\\/\\\/www.instagram.com\\\/rubicon_3_sailing\\\/\",\"https:\\\/\\\/www.pinterest.co.uk\\\/rubicon3sailing\\\/\",\"https:\\\/\\\/www.youtube.com\\\/channel\\\/UCUVTAy1Qm4lz0uZI_83Um8A\",\"https:\\\/\\\/www.linkedin.com\\\/company\\\/rubicon-3\\\/\"]}]}<\/script>\n<!-- \/ Yoast SEO Premium plugin. -->","yoast_head_json":{"title":"Ultimatives Segelabenteuer \u00fcber den Atlantik: New York - Neufundland - Gro\u00dfbritannien","description":"Segeln Sie \u00fcber den Atlantik von New York \u00fcber Nova Scotia und Neufundland nach Schottland. Die ultimative Route, durchgef\u00fchrt von den #1 Abenteuersegler. Solo-Crew willkommen.","robots":{"index":"index","follow":"follow","max-snippet":"max-snippet:-1","max-image-preview":"max-image-preview:large","max-video-preview":"max-video-preview:-1"},"canonical":"https:\/\/www.rubicon3adventure.com\/de\/produkt\/segeln-sie-uber-den-atlantik-new-york-neufundland-grosbritannien-copy\/","og_locale":"de_DE","og_type":"article","og_title":"Ultimatives Segelabenteuer \u00fcber den Atlantik: New York - Neufundland - Gro\u00dfbritannien","og_description":"Segeln Sie \u00fcber den Atlantik von New York \u00fcber Nova Scotia und Neufundland nach Schottland. Die ultimative Route, durchgef\u00fchrt von den #1 Abenteuersegler. Solo-Crew willkommen.","og_url":"https:\/\/www.rubicon3adventure.com\/de\/produkt\/segeln-sie-uber-den-atlantik-new-york-neufundland-grosbritannien-copy\/","og_site_name":"Rubicon 3 Adventure","article_publisher":"https:\/\/www.facebook.com\/rubicon3sailing","article_modified_time":"2024-12-03T11:22:18+00:00","og_image":[{"width":2560,"height":1440,"url":"https:\/\/www.rubicon3adventure.com\/wp-content\/uploads\/2024\/12\/Newfoundland-2560.webp","type":"image\/webp"}],"twitter_card":"summary_large_image","twitter_site":"@rubicon3sailing","twitter_misc":{"Gesch\u00e4tzte Lesezeit":"2 Minuten"},"schema":{"@context":"https:\/\/schema.org","@graph":[{"@type":"WebPage","@id":"https:\/\/www.rubicon3adventure.com\/de\/produkt\/segeln-sie-uber-den-atlantik-new-york-neufundland-grosbritannien-copy\/","url":"https:\/\/www.rubicon3adventure.com\/de\/produkt\/segeln-sie-uber-den-atlantik-new-york-neufundland-grosbritannien-copy\/","name":"Ultimatives Segelabenteuer \u00fcber den Atlantik: New York - Neufundland - Gro\u00dfbritannien","isPartOf":{"@id":"https:\/\/www.rubicon3adventure.com\/de\/#website"},"primaryImageOfPage":{"@id":"https:\/\/www.rubicon3adventure.com\/de\/produkt\/segeln-sie-uber-den-atlantik-new-york-neufundland-grosbritannien-copy\/#primaryimage"},"image":{"@id":"https:\/\/www.rubicon3adventure.com\/de\/produkt\/segeln-sie-uber-den-atlantik-new-york-neufundland-grosbritannien-copy\/#primaryimage"},"thumbnailUrl":"https:\/\/www.rubicon3adventure.com\/wp-content\/uploads\/2024\/12\/arctic-adventure-2560.webp","datePublished":"2024-12-02T13:21:23+00:00","dateModified":"2024-12-03T11:22:18+00:00","description":"Segeln Sie \u00fcber den Atlantik von New York \u00fcber Nova Scotia und Neufundland nach Schottland. Die ultimative Route, durchgef\u00fchrt von den #1 Abenteuersegler. Solo-Crew willkommen.","breadcrumb":{"@id":"https:\/\/www.rubicon3adventure.com\/de\/produkt\/segeln-sie-uber-den-atlantik-new-york-neufundland-grosbritannien-copy\/#breadcrumb"},"inLanguage":"de-DE","potentialAction":[{"@type":"ReadAction","target":["https:\/\/www.rubicon3adventure.com\/de\/produkt\/segeln-sie-uber-den-atlantik-new-york-neufundland-grosbritannien-copy\/"]}]},{"@type":"ImageObject","inLanguage":"de-DE","@id":"https:\/\/www.rubicon3adventure.com\/de\/produkt\/segeln-sie-uber-den-atlantik-new-york-neufundland-grosbritannien-copy\/#primaryimage","url":"https:\/\/www.rubicon3adventure.com\/wp-content\/uploads\/2024\/12\/arctic-adventure-2560.webp","contentUrl":"https:\/\/www.rubicon3adventure.com\/wp-content\/uploads\/2024\/12\/arctic-adventure-2560.webp","width":2560,"height":1440,"caption":"arctic sailing adventure"},{"@type":"BreadcrumbList","@id":"https:\/\/www.rubicon3adventure.com\/de\/produkt\/segeln-sie-uber-den-atlantik-new-york-neufundland-grosbritannien-copy\/#breadcrumb","itemListElement":[{"@type":"ListItem","position":1,"name":"Shop","item":"https:\/\/www.rubicon3adventure.com\/de\/shop\/"},{"@type":"ListItem","position":2,"name":"Segeln Sie \u00fcber den Atlantik: New York &#8211; Neufundland &#8211; Gro\u00dfbritannien (Copy)"}]},{"@type":"WebSite","@id":"https:\/\/www.rubicon3adventure.com\/de\/#website","url":"https:\/\/www.rubicon3adventure.com\/de\/","name":"Rubicon 3 Adventure","description":"","publisher":{"@id":"https:\/\/www.rubicon3adventure.com\/de\/#organization"},"potentialAction":[{"@type":"SearchAction","target":{"@type":"EntryPoint","urlTemplate":"https:\/\/www.rubicon3adventure.com\/de\/?s={search_term_string}"},"query-input":{"@type":"PropertyValueSpecification","valueRequired":true,"valueName":"search_term_string"}}],"inLanguage":"de-DE"},{"@type":"Organization","@id":"https:\/\/www.rubicon3adventure.com\/de\/#organization","name":"Rubicon 3 Adventures","alternateName":"Blueco Holdings Ltd","url":"https:\/\/www.rubicon3adventure.com\/de\/","logo":{"@type":"ImageObject","inLanguage":"de-DE","@id":"https:\/\/www.rubicon3adventure.com\/de\/#\/schema\/logo\/image\/","url":"https:\/\/www.rubicon3adventure.com\/wp-content\/uploads\/2024\/03\/Rubicon_Schema-Image-scaled.jpg","contentUrl":"https:\/\/www.rubicon3adventure.com\/wp-content\/uploads\/2024\/03\/Rubicon_Schema-Image-scaled.jpg","width":2560,"height":1554,"caption":"Rubicon 3 Adventures"},"image":{"@id":"https:\/\/www.rubicon3adventure.com\/de\/#\/schema\/logo\/image\/"},"sameAs":["https:\/\/www.facebook.com\/rubicon3sailing","https:\/\/x.com\/rubicon3sailing","https:\/\/www.instagram.com\/rubicon_3_sailing\/","https:\/\/www.pinterest.co.uk\/rubicon3sailing\/","https:\/\/www.youtube.com\/channel\/UCUVTAy1Qm4lz0uZI_83Um8A","https:\/\/www.linkedin.com\/company\/rubicon-3\/"]}]}},"_links":{"self":[{"href":"https:\/\/www.rubicon3adventure.com\/de\/wp-json\/wp\/v2\/product\/7058","targetHints":{"allow":["GET"]}}],"collection":[{"href":"https:\/\/www.rubicon3adventure.com\/de\/wp-json\/wp\/v2\/product"}],"about":[{"href":"https:\/\/www.rubicon3adventure.com\/de\/wp-json\/wp\/v2\/types\/product"}],"replies":[{"embeddable":true,"href":"https:\/\/www.rubicon3adventure.com\/de\/wp-json\/wp\/v2\/comments?post=7058"}],"wp:featuredmedia":[{"embeddable":true,"href":"https:\/\/www.rubicon3adventure.com\/de\/wp-json\/wp\/v2\/media\/8951"}],"wp:attachment":[{"href":"https:\/\/www.rubicon3adventure.com\/de\/wp-json\/wp\/v2\/media?parent=7058"}],"wp:term":[{"taxonomy":"product_brand","embeddable":true,"href":"https:\/\/www.rubicon3adventure.com\/de\/wp-json\/wp\/v2\/product_brand?post=7058"},{"taxonomy":"product_cat","embeddable":true,"href":"https:\/\/www.rubicon3adventure.com\/de\/wp-json\/wp\/v2\/product_cat?post=7058"},{"taxonomy":"product_tag","embeddable":true,"href":"https:\/\/www.rubicon3adventure.com\/de\/wp-json\/wp\/v2\/product_tag?post=7058"}],"curies":[{"name":"wp","href":"https:\/\/api.w.org\/{rel}","templated":true}]}}