{"id":8465,"date":"2025-06-12T10:58:40","date_gmt":"2025-06-12T09:58:40","guid":{"rendered":"https:\/\/www.rubicon3adventure.com\/?post_type=product&#038;p=8465"},"modified":"2025-06-12T11:39:57","modified_gmt":"2025-06-12T10:39:57","slug":"die-inseln-der-winde-erkundung-der-grenadinen-copy-2","status":"publish","type":"product","link":"https:\/\/www.rubicon3adventure.com\/de\/produkt\/die-inseln-der-winde-erkundung-der-grenadinen-copy-2\/","title":{"rendered":"Die Inseln der Winde: Erkundung der Grenadinen (Copy)"},"content":{"rendered":"<p>Begeben Sie sich auf einen unvergesslichen Abenteuer-Segelurlaub durch die Windward Islands, wo jede Insel ihr eigenes Paradies bietet. Die Grenadinen sind eine Welt duftender Muskatnussplantagen, \u00fcppiger Regenw\u00e4lder und st\u00fcrzender Wasserf\u00e4lle. Sie bieten die perfekte Mischung aus nat\u00fcrlicher Sch\u00f6nheit, kulturellem Reichtum und gro\u00dfartigem Segeln. Segeln Sie zum bezaubernden St. Vincent, einem Land mit zerkl\u00fcfteten Vulkanlandschaften und dem Tor zu den idyllischen Grenadinen, ideal f\u00fcr Inselhopping und die Erkundung versteckter Buchten. Entdecken Sie Bequia, die gr\u00f6\u00dfte Insel der Grenadinen, die f\u00fcr ihre maritime Geschichte, ihr Erbe der Waljagd und ihre sch\u00f6nen H\u00e4fen bekannt ist. Schwimmen Sie in den weltber\u00fchmten Tobago Cays, wo Sie in kristallklarem Wasser inmitten von erstaunlichen Korallenriffen, in denen es von Meeresbewohnern und Schildkr\u00f6ten wimmelt, schnorcheln k\u00f6nnen. Weitere Inseln auf dieser Route sind Union Island mit seiner dramatischen vulkanischen Silhouette, St. Lucia und Mustique. Begleiten Sie uns auf diesen magischen Segelurlaub voller Abenteuer, Entdeckungen und Lernen.<\/p>\n<h5>Sind Sie bereit f\u00fcr die Reise Ihres Lebens mit Europas Abenteuersegler Nummer 1?<\/h5>\n<p>Rubicon 3 Expeditionen sind echte Segelabenteuer und keine Luxus-Segelurlaube. Sie werden abseits der ausgetretenen Pfade unterwegs sein, m\u00f6glicherweise auf dem offenen Meer, je nach der von Ihnen gew\u00e4hlten Route, und Sie segeln zu abgelegenen und wundersch\u00f6nen Orten und erkunden diese. Die fachkundigen Rubicon 3 Ausbilder werden Sie schulen und sicherstellen, dass Sie in alle Aspekte des Erlebnisses eingebunden werden, einschlie\u00dflich Navigieren, Steuern, Trimmen von Segeln, Kochen und Pflege der Jacht. Als echtes Segelabenteuer ist es viel weniger vorhersehbar (und viel besser!) als ein Pauschalangebot, bei dem die Reiseroute Tag f\u00fcr Tag geplant und von den \u00f6rtlichen Gegebenheiten und dem Wetter bestimmt wird. Um an dem Abenteuer teilzunehmen, muss die Crew die richtige Einstellung, einen offenen Geist und den Wunsch mitbringen, sich voll einzubringen.<\/p>\n<h5>Wollen Sie mitmachen?<\/h5>\n<p>Gehen Sie auf die Schaltfl\u00e4che Termine &amp; Preise, um die Termine f\u00fcr diese Reise zu sehen. Dort finden Sie auch Informationen zu Anschlussreisen, z.B. wohin Sie fliegen und wann und wo Sie an Bord gehen k\u00f6nnen.<\/p>\n<p>&nbsp;<\/p>\n","protected":false},"excerpt":{"rendered":"<p>Begeben Sie sich auf einen unvergesslichen Abenteuer-Segelurlaub durch die Windward Islands, wo jede Insel ihr eigenes Paradies bietet.<\/p>\n","protected":false},"featured_media":8541,"comment_status":"closed","ping_status":"closed","template":"","meta":{"_acf_changed":false,"content-type":""},"product_brand":[],"product_cat":[235,238,241,280],"product_tag":[],"class_list":{"0":"post-8465","1":"product","2":"type-product","3":"status-publish","4":"has-post-thumbnail","6":"product_cat-abenteuer-segelurlaub","7":"product_cat-karibik-und-amerika","8":"product_cat-kueste","9":"product_cat-segelurlaub-im-winter-in-der-sonne","11":"first","12":"instock","13":"shipping-taxable","14":"purchasable","15":"product-type-variable"},"acf":[],"yoast_head":"<!-- This site is optimized with the Yoast SEO Premium plugin v27.3 (Yoast SEO v27.3) - https:\/\/yoast.com\/product\/yoast-seo-premium-wordpress\/ -->\n<title>12-t\u00e4giger Segelurlaub auf den Grenadinen: Solo-Crew willkommen!<\/title>\n<meta name=\"description\" content=\"Nehmen Sie an diesem 12-t\u00e4gigen Abenteuer-Segelurlaub in der Karibik teil. Entdecken Sie St. Lucia, Mustique, Tobago Cays und mehr. Solo-Crew willkommen. Keine Erfahrung erforderlich.\" \/>\n<meta name=\"robots\" content=\"index, follow, max-snippet:-1, max-image-preview:large, max-video-preview:-1\" \/>\n<link rel=\"canonical\" href=\"https:\/\/www.rubicon3adventure.com\/de\/produkt\/die-inseln-der-winde-erkundung-der-grenadinen-copy-2\/\" \/>\n<meta property=\"og:locale\" content=\"de_DE\" \/>\n<meta property=\"og:type\" content=\"article\" \/>\n<meta property=\"og:title\" content=\"12-t\u00e4giger Segelurlaub auf den Grenadinen: Solo-Crew willkommen!\" \/>\n<meta property=\"og:description\" content=\"Nehmen Sie an diesem 12-t\u00e4gigen Abenteuer-Segelurlaub in der Karibik teil. Entdecken Sie St. Lucia, Mustique, Tobago Cays und mehr. Solo-Crew willkommen. Keine Erfahrung erforderlich.\" \/>\n<meta property=\"og:url\" content=\"https:\/\/www.rubicon3adventure.com\/de\/produkt\/die-inseln-der-winde-erkundung-der-grenadinen-copy-2\/\" \/>\n<meta property=\"og:site_name\" content=\"Rubicon 3 Adventure\" \/>\n<meta property=\"article:publisher\" content=\"https:\/\/www.facebook.com\/rubicon3sailing\" \/>\n<meta property=\"article:modified_time\" content=\"2025-06-12T10:39:57+00:00\" \/>\n<meta property=\"og:image\" content=\"https:\/\/www.rubicon3adventure.com\/wp-content\/uploads\/2025\/06\/xmas-2560.webp\" \/>\n\t<meta property=\"og:image:width\" content=\"1512\" \/>\n\t<meta property=\"og:image:height\" content=\"851\" \/>\n\t<meta property=\"og:image:type\" content=\"image\/webp\" \/>\n<meta name=\"twitter:card\" content=\"summary_large_image\" \/>\n<meta name=\"twitter:site\" content=\"@rubicon3sailing\" \/>\n<meta name=\"twitter:label1\" content=\"Gesch\u00e4tzte Lesezeit\" \/>\n\t<meta name=\"twitter:data1\" content=\"2 Minuten\" \/>\n<script type=\"application\/ld+json\" class=\"yoast-schema-graph\">{\"@context\":\"https:\\\/\\\/schema.org\",\"@graph\":[{\"@type\":\"WebPage\",\"@id\":\"https:\\\/\\\/www.rubicon3adventure.com\\\/de\\\/produkt\\\/die-inseln-der-winde-erkundung-der-grenadinen-copy-2\\\/\",\"url\":\"https:\\\/\\\/www.rubicon3adventure.com\\\/de\\\/produkt\\\/die-inseln-der-winde-erkundung-der-grenadinen-copy-2\\\/\",\"name\":\"12-t\u00e4giger Segelurlaub auf den Grenadinen: Solo-Crew willkommen!\",\"isPartOf\":{\"@id\":\"https:\\\/\\\/www.rubicon3adventure.com\\\/de\\\/#website\"},\"primaryImageOfPage\":{\"@id\":\"https:\\\/\\\/www.rubicon3adventure.com\\\/de\\\/produkt\\\/die-inseln-der-winde-erkundung-der-grenadinen-copy-2\\\/#primaryimage\"},\"image\":{\"@id\":\"https:\\\/\\\/www.rubicon3adventure.com\\\/de\\\/produkt\\\/die-inseln-der-winde-erkundung-der-grenadinen-copy-2\\\/#primaryimage\"},\"thumbnailUrl\":\"https:\\\/\\\/www.rubicon3adventure.com\\\/wp-content\\\/uploads\\\/2025\\\/06\\\/xmas-2560-1.webp\",\"datePublished\":\"2025-06-12T09:58:40+00:00\",\"dateModified\":\"2025-06-12T10:39:57+00:00\",\"description\":\"Nehmen Sie an diesem 12-t\u00e4gigen Abenteuer-Segelurlaub in der Karibik teil. Entdecken Sie St. Lucia, Mustique, Tobago Cays und mehr. Solo-Crew willkommen. Keine Erfahrung erforderlich.\",\"breadcrumb\":{\"@id\":\"https:\\\/\\\/www.rubicon3adventure.com\\\/de\\\/produkt\\\/die-inseln-der-winde-erkundung-der-grenadinen-copy-2\\\/#breadcrumb\"},\"inLanguage\":\"de-DE\",\"potentialAction\":[{\"@type\":\"ReadAction\",\"target\":[\"https:\\\/\\\/www.rubicon3adventure.com\\\/de\\\/produkt\\\/die-inseln-der-winde-erkundung-der-grenadinen-copy-2\\\/\"]}]},{\"@type\":\"ImageObject\",\"inLanguage\":\"de-DE\",\"@id\":\"https:\\\/\\\/www.rubicon3adventure.com\\\/de\\\/produkt\\\/die-inseln-der-winde-erkundung-der-grenadinen-copy-2\\\/#primaryimage\",\"url\":\"https:\\\/\\\/www.rubicon3adventure.com\\\/wp-content\\\/uploads\\\/2025\\\/06\\\/xmas-2560-1.webp\",\"contentUrl\":\"https:\\\/\\\/www.rubicon3adventure.com\\\/wp-content\\\/uploads\\\/2025\\\/06\\\/xmas-2560-1.webp\",\"width\":2560,\"height\":1707,\"caption\":\"christmas sailing in the caribbean\"},{\"@type\":\"BreadcrumbList\",\"@id\":\"https:\\\/\\\/www.rubicon3adventure.com\\\/de\\\/produkt\\\/die-inseln-der-winde-erkundung-der-grenadinen-copy-2\\\/#breadcrumb\",\"itemListElement\":[{\"@type\":\"ListItem\",\"position\":1,\"name\":\"Shop\",\"item\":\"https:\\\/\\\/www.rubicon3adventure.com\\\/de\\\/shop\\\/\"},{\"@type\":\"ListItem\",\"position\":2,\"name\":\"Die Inseln der Winde: Erkundung der Grenadinen (Copy)\"}]},{\"@type\":\"WebSite\",\"@id\":\"https:\\\/\\\/www.rubicon3adventure.com\\\/de\\\/#website\",\"url\":\"https:\\\/\\\/www.rubicon3adventure.com\\\/de\\\/\",\"name\":\"Rubicon 3 Adventure\",\"description\":\"\",\"publisher\":{\"@id\":\"https:\\\/\\\/www.rubicon3adventure.com\\\/de\\\/#organization\"},\"potentialAction\":[{\"@type\":\"SearchAction\",\"target\":{\"@type\":\"EntryPoint\",\"urlTemplate\":\"https:\\\/\\\/www.rubicon3adventure.com\\\/de\\\/?s={search_term_string}\"},\"query-input\":{\"@type\":\"PropertyValueSpecification\",\"valueRequired\":true,\"valueName\":\"search_term_string\"}}],\"inLanguage\":\"de-DE\"},{\"@type\":\"Organization\",\"@id\":\"https:\\\/\\\/www.rubicon3adventure.com\\\/de\\\/#organization\",\"name\":\"Rubicon 3 Adventures\",\"alternateName\":\"Blueco Holdings Ltd\",\"url\":\"https:\\\/\\\/www.rubicon3adventure.com\\\/de\\\/\",\"logo\":{\"@type\":\"ImageObject\",\"inLanguage\":\"de-DE\",\"@id\":\"https:\\\/\\\/www.rubicon3adventure.com\\\/de\\\/#\\\/schema\\\/logo\\\/image\\\/\",\"url\":\"https:\\\/\\\/www.rubicon3adventure.com\\\/wp-content\\\/uploads\\\/2024\\\/03\\\/Rubicon_Schema-Image-scaled.jpg\",\"contentUrl\":\"https:\\\/\\\/www.rubicon3adventure.com\\\/wp-content\\\/uploads\\\/2024\\\/03\\\/Rubicon_Schema-Image-scaled.jpg\",\"width\":2560,\"height\":1554,\"caption\":\"Rubicon 3 Adventures\"},\"image\":{\"@id\":\"https:\\\/\\\/www.rubicon3adventure.com\\\/de\\\/#\\\/schema\\\/logo\\\/image\\\/\"},\"sameAs\":[\"https:\\\/\\\/www.facebook.com\\\/rubicon3sailing\",\"https:\\\/\\\/x.com\\\/rubicon3sailing\",\"https:\\\/\\\/www.instagram.com\\\/rubicon_3_sailing\\\/\",\"https:\\\/\\\/www.pinterest.co.uk\\\/rubicon3sailing\\\/\",\"https:\\\/\\\/www.youtube.com\\\/channel\\\/UCUVTAy1Qm4lz0uZI_83Um8A\",\"https:\\\/\\\/www.linkedin.com\\\/company\\\/rubicon-3\\\/\"]}]}<\/script>\n<!-- \/ Yoast SEO Premium plugin. -->","yoast_head_json":{"title":"12-t\u00e4giger Segelurlaub auf den Grenadinen: Solo-Crew willkommen!","description":"Nehmen Sie an diesem 12-t\u00e4gigen Abenteuer-Segelurlaub in der Karibik teil. Entdecken Sie St. Lucia, Mustique, Tobago Cays und mehr. Solo-Crew willkommen. Keine Erfahrung erforderlich.","robots":{"index":"index","follow":"follow","max-snippet":"max-snippet:-1","max-image-preview":"max-image-preview:large","max-video-preview":"max-video-preview:-1"},"canonical":"https:\/\/www.rubicon3adventure.com\/de\/produkt\/die-inseln-der-winde-erkundung-der-grenadinen-copy-2\/","og_locale":"de_DE","og_type":"article","og_title":"12-t\u00e4giger Segelurlaub auf den Grenadinen: Solo-Crew willkommen!","og_description":"Nehmen Sie an diesem 12-t\u00e4gigen Abenteuer-Segelurlaub in der Karibik teil. Entdecken Sie St. Lucia, Mustique, Tobago Cays und mehr. Solo-Crew willkommen. Keine Erfahrung erforderlich.","og_url":"https:\/\/www.rubicon3adventure.com\/de\/produkt\/die-inseln-der-winde-erkundung-der-grenadinen-copy-2\/","og_site_name":"Rubicon 3 Adventure","article_publisher":"https:\/\/www.facebook.com\/rubicon3sailing","article_modified_time":"2025-06-12T10:39:57+00:00","og_image":[{"width":1512,"height":851,"url":"https:\/\/www.rubicon3adventure.com\/wp-content\/uploads\/2025\/06\/xmas-2560.webp","type":"image\/webp"}],"twitter_card":"summary_large_image","twitter_site":"@rubicon3sailing","twitter_misc":{"Gesch\u00e4tzte Lesezeit":"2 Minuten"},"schema":{"@context":"https:\/\/schema.org","@graph":[{"@type":"WebPage","@id":"https:\/\/www.rubicon3adventure.com\/de\/produkt\/die-inseln-der-winde-erkundung-der-grenadinen-copy-2\/","url":"https:\/\/www.rubicon3adventure.com\/de\/produkt\/die-inseln-der-winde-erkundung-der-grenadinen-copy-2\/","name":"12-t\u00e4giger Segelurlaub auf den Grenadinen: Solo-Crew willkommen!","isPartOf":{"@id":"https:\/\/www.rubicon3adventure.com\/de\/#website"},"primaryImageOfPage":{"@id":"https:\/\/www.rubicon3adventure.com\/de\/produkt\/die-inseln-der-winde-erkundung-der-grenadinen-copy-2\/#primaryimage"},"image":{"@id":"https:\/\/www.rubicon3adventure.com\/de\/produkt\/die-inseln-der-winde-erkundung-der-grenadinen-copy-2\/#primaryimage"},"thumbnailUrl":"https:\/\/www.rubicon3adventure.com\/wp-content\/uploads\/2025\/06\/xmas-2560-1.webp","datePublished":"2025-06-12T09:58:40+00:00","dateModified":"2025-06-12T10:39:57+00:00","description":"Nehmen Sie an diesem 12-t\u00e4gigen Abenteuer-Segelurlaub in der Karibik teil. Entdecken Sie St. Lucia, Mustique, Tobago Cays und mehr. Solo-Crew willkommen. Keine Erfahrung erforderlich.","breadcrumb":{"@id":"https:\/\/www.rubicon3adventure.com\/de\/produkt\/die-inseln-der-winde-erkundung-der-grenadinen-copy-2\/#breadcrumb"},"inLanguage":"de-DE","potentialAction":[{"@type":"ReadAction","target":["https:\/\/www.rubicon3adventure.com\/de\/produkt\/die-inseln-der-winde-erkundung-der-grenadinen-copy-2\/"]}]},{"@type":"ImageObject","inLanguage":"de-DE","@id":"https:\/\/www.rubicon3adventure.com\/de\/produkt\/die-inseln-der-winde-erkundung-der-grenadinen-copy-2\/#primaryimage","url":"https:\/\/www.rubicon3adventure.com\/wp-content\/uploads\/2025\/06\/xmas-2560-1.webp","contentUrl":"https:\/\/www.rubicon3adventure.com\/wp-content\/uploads\/2025\/06\/xmas-2560-1.webp","width":2560,"height":1707,"caption":"christmas sailing in the caribbean"},{"@type":"BreadcrumbList","@id":"https:\/\/www.rubicon3adventure.com\/de\/produkt\/die-inseln-der-winde-erkundung-der-grenadinen-copy-2\/#breadcrumb","itemListElement":[{"@type":"ListItem","position":1,"name":"Shop","item":"https:\/\/www.rubicon3adventure.com\/de\/shop\/"},{"@type":"ListItem","position":2,"name":"Die Inseln der Winde: Erkundung der Grenadinen (Copy)"}]},{"@type":"WebSite","@id":"https:\/\/www.rubicon3adventure.com\/de\/#website","url":"https:\/\/www.rubicon3adventure.com\/de\/","name":"Rubicon 3 Adventure","description":"","publisher":{"@id":"https:\/\/www.rubicon3adventure.com\/de\/#organization"},"potentialAction":[{"@type":"SearchAction","target":{"@type":"EntryPoint","urlTemplate":"https:\/\/www.rubicon3adventure.com\/de\/?s={search_term_string}"},"query-input":{"@type":"PropertyValueSpecification","valueRequired":true,"valueName":"search_term_string"}}],"inLanguage":"de-DE"},{"@type":"Organization","@id":"https:\/\/www.rubicon3adventure.com\/de\/#organization","name":"Rubicon 3 Adventures","alternateName":"Blueco Holdings Ltd","url":"https:\/\/www.rubicon3adventure.com\/de\/","logo":{"@type":"ImageObject","inLanguage":"de-DE","@id":"https:\/\/www.rubicon3adventure.com\/de\/#\/schema\/logo\/image\/","url":"https:\/\/www.rubicon3adventure.com\/wp-content\/uploads\/2024\/03\/Rubicon_Schema-Image-scaled.jpg","contentUrl":"https:\/\/www.rubicon3adventure.com\/wp-content\/uploads\/2024\/03\/Rubicon_Schema-Image-scaled.jpg","width":2560,"height":1554,"caption":"Rubicon 3 Adventures"},"image":{"@id":"https:\/\/www.rubicon3adventure.com\/de\/#\/schema\/logo\/image\/"},"sameAs":["https:\/\/www.facebook.com\/rubicon3sailing","https:\/\/x.com\/rubicon3sailing","https:\/\/www.instagram.com\/rubicon_3_sailing\/","https:\/\/www.pinterest.co.uk\/rubicon3sailing\/","https:\/\/www.youtube.com\/channel\/UCUVTAy1Qm4lz0uZI_83Um8A","https:\/\/www.linkedin.com\/company\/rubicon-3\/"]}]}},"_links":{"self":[{"href":"https:\/\/www.rubicon3adventure.com\/de\/wp-json\/wp\/v2\/product\/8465","targetHints":{"allow":["GET"]}}],"collection":[{"href":"https:\/\/www.rubicon3adventure.com\/de\/wp-json\/wp\/v2\/product"}],"about":[{"href":"https:\/\/www.rubicon3adventure.com\/de\/wp-json\/wp\/v2\/types\/product"}],"replies":[{"embeddable":true,"href":"https:\/\/www.rubicon3adventure.com\/de\/wp-json\/wp\/v2\/comments?post=8465"}],"wp:featuredmedia":[{"embeddable":true,"href":"https:\/\/www.rubicon3adventure.com\/de\/wp-json\/wp\/v2\/media\/8541"}],"wp:attachment":[{"href":"https:\/\/www.rubicon3adventure.com\/de\/wp-json\/wp\/v2\/media?parent=8465"}],"wp:term":[{"taxonomy":"product_brand","embeddable":true,"href":"https:\/\/www.rubicon3adventure.com\/de\/wp-json\/wp\/v2\/product_brand?post=8465"},{"taxonomy":"product_cat","embeddable":true,"href":"https:\/\/www.rubicon3adventure.com\/de\/wp-json\/wp\/v2\/product_cat?post=8465"},{"taxonomy":"product_tag","embeddable":true,"href":"https:\/\/www.rubicon3adventure.com\/de\/wp-json\/wp\/v2\/product_tag?post=8465"}],"curies":[{"name":"wp","href":"https:\/\/api.w.org\/{rel}","templated":true}]}}