{"id":8811,"date":"2025-08-28T15:53:59","date_gmt":"2025-08-28T14:53:59","guid":{"rendered":"https:\/\/www.rubicon3adventure.com\/?post_type=product&#038;p=8811"},"modified":"2025-08-29T13:07:42","modified_gmt":"2025-08-29T12:07:42","slug":"sailing-skills-mile-builder-schottland-england-copy","status":"publish","type":"product","link":"https:\/\/www.rubicon3adventure.com\/de\/produkt\/sailing-skills-mile-builder-schottland-england-copy\/","title":{"rendered":"Sailing Skills &amp; Mile Builder: Schottland &#8211; England (Copy)"},"content":{"rendered":"<p>Begeben Sie sich auf einen gro\u00dfartigen Segelmeilenbauer auf einer Passage von Schottlands sch\u00f6ner Westk\u00fcste zur historischen Marinestadt Portsmouth. Dieser Meilenbauer ist perfekt f\u00fcr Segler, die praktische Erfahrungen sammeln, neue Fertigkeiten erlernen und ihre F\u00e4higkeiten beim K\u00fcstensegeln verbessern m\u00f6chten. Unter der Leitung unserer erfahrenen Skipper haben Sie die Gelegenheit, sich im Nachtsegeln zu versuchen, die Techniken des Segeltrimmens zu beherrschen und sich an der Planung von Passagen zu versuchen. Gewinnen Sie Selbstvertrauen, verbessern Sie Ihre Seemannschaft und genie\u00dfen Sie die atemberaubende Landschaft auf Ihrem Weg nach S\u00fcden. Einer der besten Meilenkonstrukteure, bei dem Sie sich anmelden k\u00f6nnen.<\/p>\n<h5><span data-preserver-spaces=\"true\">Sind Sie bereit, mit Europas Abenteuerseglern der Nummer 1 zu lernen?<\/span><\/h5>\n<p>Ein Segelt\u00f6rn mit erfahrenen Expeditionsskippern ist eine au\u00dfergew\u00f6hnliche M\u00f6glichkeit, Segelkenntnisse zu erlernen, die \u00fcber die Grenzen der typischen Segelschulen hinausgehen. Unsere erfahrenen Skipper haben einige der anspruchsvollsten und entlegensten Gew\u00e4sser der Welt befahren und bringen daher eine F\u00fclle von Segelabenteuern aus der Praxis mit. Sie lehren nicht nur fortgeschrittene Segeltechniken, sondern teilen auch wertvolle Weisheiten \u00fcber Wettermuster, Notsituationen und einzigartige navigatorische Herausforderungen. Diese praktische Herangehensweise in Kombination mit ihren erfahrenen Kenntnissen sorgt f\u00fcr eine fesselnde und bereichernde Lernumgebung im Vergleich zu Standardkursen, die von weniger erfahrenen Dozenten geleitet werden.<\/p>\n<h5><span data-preserver-spaces=\"true\">Wollen Sie mitmachen?<\/span><\/h5>\n<p><span data-preserver-spaces=\"true\">Gehen Sie auf die Schaltfl\u00e4che Termine &amp; Preise, um die Daten dieser Reise zu sehen. Dort finden Sie auch Informationen zu Anschlussreisen, z.B. wohin Sie fliegen und wann und wo Sie an Bord gehen k\u00f6nnen.<\/span><\/p>\n<p>&nbsp;<\/p>\n","protected":false},"excerpt":{"rendered":"<p>Sailing Mile Builder zwischen Schottlands Westk\u00fcste und England. Wundersch\u00f6nes Segeln und die M\u00f6glichkeit, von den erfahrenen Rubicon 3 Skippern Segeltrimmung, Seemannschaft, Navigation und Seemannschaft zu lernen<\/p>\n","protected":false},"featured_media":9601,"comment_status":"closed","ping_status":"closed","template":"","meta":{"_acf_changed":false,"content-type":""},"product_brand":[],"product_cat":[235,262,241,250],"product_tag":[],"class_list":{"0":"post-8811","1":"product","2":"type-product","3":"status-publish","4":"has-post-thumbnail","6":"product_cat-abenteuer-segelurlaub","7":"product_cat-grossbritannien-irland","8":"product_cat-kueste","9":"product_cat-milebuilder-de","10":"trip_region-vereinigtes-koenigreich-und-irland","11":"trip_type-hochsee","12":"trip_type-kuesten","13":"trip_duration-1-10-tage","15":"first","16":"instock","17":"shipping-taxable","18":"purchasable","19":"product-type-variable"},"acf":[],"yoast_head":"<!-- This site is optimized with the Yoast SEO Premium plugin v27.3 (Yoast SEO v27.4) - https:\/\/yoast.com\/product\/yoast-seo-premium-wordpress\/ -->\n<title>Sailing Mile Builder: Von Schottland nach England<\/title>\n<meta name=\"description\" content=\"Verbessern Sie Ihre Segelkenntnisse auf unserem Meilenbauer von Schottland nach England. Lernen Sie von unseren Expeditionsskippern, sammeln Sie Seemeilen und verbessern Sie Ihre Seemannschaft\" \/>\n<meta name=\"robots\" content=\"index, follow, max-snippet:-1, max-image-preview:large, max-video-preview:-1\" \/>\n<link rel=\"canonical\" href=\"https:\/\/www.rubicon3adventure.com\/de\/produkt\/sailing-skills-mile-builder-schottland-england-copy\/\" \/>\n<meta property=\"og:locale\" content=\"de_DE\" \/>\n<meta property=\"og:type\" content=\"article\" \/>\n<meta property=\"og:title\" content=\"Sailing Mile Builder: Von Schottland nach England\" \/>\n<meta property=\"og:description\" content=\"Verbessern Sie Ihre Segelkenntnisse auf unserem Meilenbauer von Schottland nach England. Lernen Sie von unseren Expeditionsskippern, sammeln Sie Seemeilen und verbessern Sie Ihre Seemannschaft\" \/>\n<meta property=\"og:url\" content=\"https:\/\/www.rubicon3adventure.com\/de\/produkt\/sailing-skills-mile-builder-schottland-england-copy\/\" \/>\n<meta property=\"og:site_name\" content=\"Rubicon 3 Adventure\" \/>\n<meta property=\"article:publisher\" content=\"https:\/\/www.facebook.com\/rubicon3sailing\" \/>\n<meta property=\"article:modified_time\" content=\"2025-08-29T12:07:42+00:00\" \/>\n<meta property=\"og:image\" content=\"https:\/\/www.rubicon3adventure.com\/wp-content\/uploads\/2024\/02\/yacht_starling_2560x1440.webp\" \/>\n\t<meta property=\"og:image:width\" content=\"2560\" \/>\n\t<meta property=\"og:image:height\" content=\"1440\" \/>\n\t<meta property=\"og:image:type\" content=\"image\/webp\" \/>\n<meta name=\"twitter:card\" content=\"summary_large_image\" \/>\n<meta name=\"twitter:site\" content=\"@rubicon3sailing\" \/>\n<meta name=\"twitter:label1\" content=\"Gesch\u00e4tzte Lesezeit\" \/>\n\t<meta name=\"twitter:data1\" content=\"1 Minute\" \/>\n<script type=\"application\/ld+json\" class=\"yoast-schema-graph\">{\"@context\":\"https:\\\/\\\/schema.org\",\"@graph\":[{\"@type\":\"WebPage\",\"@id\":\"https:\\\/\\\/www.rubicon3adventure.com\\\/de\\\/produkt\\\/sailing-skills-mile-builder-schottland-england-copy\\\/\",\"url\":\"https:\\\/\\\/www.rubicon3adventure.com\\\/de\\\/produkt\\\/sailing-skills-mile-builder-schottland-england-copy\\\/\",\"name\":\"Sailing Mile Builder: Von Schottland nach England\",\"isPartOf\":{\"@id\":\"https:\\\/\\\/www.rubicon3adventure.com\\\/de\\\/#website\"},\"primaryImageOfPage\":{\"@id\":\"https:\\\/\\\/www.rubicon3adventure.com\\\/de\\\/produkt\\\/sailing-skills-mile-builder-schottland-england-copy\\\/#primaryimage\"},\"image\":{\"@id\":\"https:\\\/\\\/www.rubicon3adventure.com\\\/de\\\/produkt\\\/sailing-skills-mile-builder-schottland-england-copy\\\/#primaryimage\"},\"thumbnailUrl\":\"https:\\\/\\\/www.rubicon3adventure.com\\\/wp-content\\\/uploads\\\/2025\\\/08\\\/crew-helming-amazing-sunset-2560.webp\",\"datePublished\":\"2025-08-28T14:53:59+00:00\",\"dateModified\":\"2025-08-29T12:07:42+00:00\",\"description\":\"Verbessern Sie Ihre Segelkenntnisse auf unserem Meilenbauer von Schottland nach England. Lernen Sie von unseren Expeditionsskippern, sammeln Sie Seemeilen und verbessern Sie Ihre Seemannschaft\",\"breadcrumb\":{\"@id\":\"https:\\\/\\\/www.rubicon3adventure.com\\\/de\\\/produkt\\\/sailing-skills-mile-builder-schottland-england-copy\\\/#breadcrumb\"},\"inLanguage\":\"de-DE\",\"potentialAction\":[{\"@type\":\"ReadAction\",\"target\":[\"https:\\\/\\\/www.rubicon3adventure.com\\\/de\\\/produkt\\\/sailing-skills-mile-builder-schottland-england-copy\\\/\"]}]},{\"@type\":\"ImageObject\",\"inLanguage\":\"de-DE\",\"@id\":\"https:\\\/\\\/www.rubicon3adventure.com\\\/de\\\/produkt\\\/sailing-skills-mile-builder-schottland-england-copy\\\/#primaryimage\",\"url\":\"https:\\\/\\\/www.rubicon3adventure.com\\\/wp-content\\\/uploads\\\/2025\\\/08\\\/crew-helming-amazing-sunset-2560.webp\",\"contentUrl\":\"https:\\\/\\\/www.rubicon3adventure.com\\\/wp-content\\\/uploads\\\/2025\\\/08\\\/crew-helming-amazing-sunset-2560.webp\",\"width\":2560,\"height\":1440,\"caption\":\"Sailing offshore at dawn\"},{\"@type\":\"BreadcrumbList\",\"@id\":\"https:\\\/\\\/www.rubicon3adventure.com\\\/de\\\/produkt\\\/sailing-skills-mile-builder-schottland-england-copy\\\/#breadcrumb\",\"itemListElement\":[{\"@type\":\"ListItem\",\"position\":1,\"name\":\"Shop\",\"item\":\"https:\\\/\\\/www.rubicon3adventure.com\\\/de\\\/shop\\\/\"},{\"@type\":\"ListItem\",\"position\":2,\"name\":\"Sailing Skills &amp; Mile Builder: Schottland &#8211; England (Copy)\"}]},{\"@type\":\"WebSite\",\"@id\":\"https:\\\/\\\/www.rubicon3adventure.com\\\/de\\\/#website\",\"url\":\"https:\\\/\\\/www.rubicon3adventure.com\\\/de\\\/\",\"name\":\"Rubicon 3 Adventure\",\"description\":\"\",\"publisher\":{\"@id\":\"https:\\\/\\\/www.rubicon3adventure.com\\\/de\\\/#organization\"},\"potentialAction\":[{\"@type\":\"SearchAction\",\"target\":{\"@type\":\"EntryPoint\",\"urlTemplate\":\"https:\\\/\\\/www.rubicon3adventure.com\\\/de\\\/?s={search_term_string}\"},\"query-input\":{\"@type\":\"PropertyValueSpecification\",\"valueRequired\":true,\"valueName\":\"search_term_string\"}}],\"inLanguage\":\"de-DE\"},{\"@type\":\"Organization\",\"@id\":\"https:\\\/\\\/www.rubicon3adventure.com\\\/de\\\/#organization\",\"name\":\"Rubicon 3 Adventures\",\"alternateName\":\"Blueco Holdings Ltd\",\"url\":\"https:\\\/\\\/www.rubicon3adventure.com\\\/de\\\/\",\"logo\":{\"@type\":\"ImageObject\",\"inLanguage\":\"de-DE\",\"@id\":\"https:\\\/\\\/www.rubicon3adventure.com\\\/de\\\/#\\\/schema\\\/logo\\\/image\\\/\",\"url\":\"https:\\\/\\\/www.rubicon3adventure.com\\\/wp-content\\\/uploads\\\/2024\\\/03\\\/Rubicon_Schema-Image-scaled.jpg\",\"contentUrl\":\"https:\\\/\\\/www.rubicon3adventure.com\\\/wp-content\\\/uploads\\\/2024\\\/03\\\/Rubicon_Schema-Image-scaled.jpg\",\"width\":2560,\"height\":1554,\"caption\":\"Rubicon 3 Adventures\"},\"image\":{\"@id\":\"https:\\\/\\\/www.rubicon3adventure.com\\\/de\\\/#\\\/schema\\\/logo\\\/image\\\/\"},\"sameAs\":[\"https:\\\/\\\/www.facebook.com\\\/rubicon3sailing\",\"https:\\\/\\\/x.com\\\/rubicon3sailing\",\"https:\\\/\\\/www.instagram.com\\\/rubicon_3_sailing\\\/\",\"https:\\\/\\\/www.pinterest.co.uk\\\/rubicon3sailing\\\/\",\"https:\\\/\\\/www.youtube.com\\\/channel\\\/UCUVTAy1Qm4lz0uZI_83Um8A\",\"https:\\\/\\\/www.linkedin.com\\\/company\\\/rubicon-3\\\/\"]}]}<\/script>\n<!-- \/ Yoast SEO Premium plugin. -->","yoast_head_json":{"title":"Sailing Mile Builder: Von Schottland nach England","description":"Verbessern Sie Ihre Segelkenntnisse auf unserem Meilenbauer von Schottland nach England. Lernen Sie von unseren Expeditionsskippern, sammeln Sie Seemeilen und verbessern Sie Ihre Seemannschaft","robots":{"index":"index","follow":"follow","max-snippet":"max-snippet:-1","max-image-preview":"max-image-preview:large","max-video-preview":"max-video-preview:-1"},"canonical":"https:\/\/www.rubicon3adventure.com\/de\/produkt\/sailing-skills-mile-builder-schottland-england-copy\/","og_locale":"de_DE","og_type":"article","og_title":"Sailing Mile Builder: Von Schottland nach England","og_description":"Verbessern Sie Ihre Segelkenntnisse auf unserem Meilenbauer von Schottland nach England. Lernen Sie von unseren Expeditionsskippern, sammeln Sie Seemeilen und verbessern Sie Ihre Seemannschaft","og_url":"https:\/\/www.rubicon3adventure.com\/de\/produkt\/sailing-skills-mile-builder-schottland-england-copy\/","og_site_name":"Rubicon 3 Adventure","article_publisher":"https:\/\/www.facebook.com\/rubicon3sailing","article_modified_time":"2025-08-29T12:07:42+00:00","og_image":[{"width":2560,"height":1440,"url":"https:\/\/www.rubicon3adventure.com\/wp-content\/uploads\/2024\/02\/yacht_starling_2560x1440.webp","type":"image\/webp"}],"twitter_card":"summary_large_image","twitter_site":"@rubicon3sailing","twitter_misc":{"Gesch\u00e4tzte Lesezeit":"1 Minute"},"schema":{"@context":"https:\/\/schema.org","@graph":[{"@type":"WebPage","@id":"https:\/\/www.rubicon3adventure.com\/de\/produkt\/sailing-skills-mile-builder-schottland-england-copy\/","url":"https:\/\/www.rubicon3adventure.com\/de\/produkt\/sailing-skills-mile-builder-schottland-england-copy\/","name":"Sailing Mile Builder: Von Schottland nach England","isPartOf":{"@id":"https:\/\/www.rubicon3adventure.com\/de\/#website"},"primaryImageOfPage":{"@id":"https:\/\/www.rubicon3adventure.com\/de\/produkt\/sailing-skills-mile-builder-schottland-england-copy\/#primaryimage"},"image":{"@id":"https:\/\/www.rubicon3adventure.com\/de\/produkt\/sailing-skills-mile-builder-schottland-england-copy\/#primaryimage"},"thumbnailUrl":"https:\/\/www.rubicon3adventure.com\/wp-content\/uploads\/2025\/08\/crew-helming-amazing-sunset-2560.webp","datePublished":"2025-08-28T14:53:59+00:00","dateModified":"2025-08-29T12:07:42+00:00","description":"Verbessern Sie Ihre Segelkenntnisse auf unserem Meilenbauer von Schottland nach England. Lernen Sie von unseren Expeditionsskippern, sammeln Sie Seemeilen und verbessern Sie Ihre Seemannschaft","breadcrumb":{"@id":"https:\/\/www.rubicon3adventure.com\/de\/produkt\/sailing-skills-mile-builder-schottland-england-copy\/#breadcrumb"},"inLanguage":"de-DE","potentialAction":[{"@type":"ReadAction","target":["https:\/\/www.rubicon3adventure.com\/de\/produkt\/sailing-skills-mile-builder-schottland-england-copy\/"]}]},{"@type":"ImageObject","inLanguage":"de-DE","@id":"https:\/\/www.rubicon3adventure.com\/de\/produkt\/sailing-skills-mile-builder-schottland-england-copy\/#primaryimage","url":"https:\/\/www.rubicon3adventure.com\/wp-content\/uploads\/2025\/08\/crew-helming-amazing-sunset-2560.webp","contentUrl":"https:\/\/www.rubicon3adventure.com\/wp-content\/uploads\/2025\/08\/crew-helming-amazing-sunset-2560.webp","width":2560,"height":1440,"caption":"Sailing offshore at dawn"},{"@type":"BreadcrumbList","@id":"https:\/\/www.rubicon3adventure.com\/de\/produkt\/sailing-skills-mile-builder-schottland-england-copy\/#breadcrumb","itemListElement":[{"@type":"ListItem","position":1,"name":"Shop","item":"https:\/\/www.rubicon3adventure.com\/de\/shop\/"},{"@type":"ListItem","position":2,"name":"Sailing Skills &amp; Mile Builder: Schottland &#8211; England (Copy)"}]},{"@type":"WebSite","@id":"https:\/\/www.rubicon3adventure.com\/de\/#website","url":"https:\/\/www.rubicon3adventure.com\/de\/","name":"Rubicon 3 Adventure","description":"","publisher":{"@id":"https:\/\/www.rubicon3adventure.com\/de\/#organization"},"potentialAction":[{"@type":"SearchAction","target":{"@type":"EntryPoint","urlTemplate":"https:\/\/www.rubicon3adventure.com\/de\/?s={search_term_string}"},"query-input":{"@type":"PropertyValueSpecification","valueRequired":true,"valueName":"search_term_string"}}],"inLanguage":"de-DE"},{"@type":"Organization","@id":"https:\/\/www.rubicon3adventure.com\/de\/#organization","name":"Rubicon 3 Adventures","alternateName":"Blueco Holdings Ltd","url":"https:\/\/www.rubicon3adventure.com\/de\/","logo":{"@type":"ImageObject","inLanguage":"de-DE","@id":"https:\/\/www.rubicon3adventure.com\/de\/#\/schema\/logo\/image\/","url":"https:\/\/www.rubicon3adventure.com\/wp-content\/uploads\/2024\/03\/Rubicon_Schema-Image-scaled.jpg","contentUrl":"https:\/\/www.rubicon3adventure.com\/wp-content\/uploads\/2024\/03\/Rubicon_Schema-Image-scaled.jpg","width":2560,"height":1554,"caption":"Rubicon 3 Adventures"},"image":{"@id":"https:\/\/www.rubicon3adventure.com\/de\/#\/schema\/logo\/image\/"},"sameAs":["https:\/\/www.facebook.com\/rubicon3sailing","https:\/\/x.com\/rubicon3sailing","https:\/\/www.instagram.com\/rubicon_3_sailing\/","https:\/\/www.pinterest.co.uk\/rubicon3sailing\/","https:\/\/www.youtube.com\/channel\/UCUVTAy1Qm4lz0uZI_83Um8A","https:\/\/www.linkedin.com\/company\/rubicon-3\/"]}]}},"_links":{"self":[{"href":"https:\/\/www.rubicon3adventure.com\/de\/wp-json\/wp\/v2\/product\/8811","targetHints":{"allow":["GET"]}}],"collection":[{"href":"https:\/\/www.rubicon3adventure.com\/de\/wp-json\/wp\/v2\/product"}],"about":[{"href":"https:\/\/www.rubicon3adventure.com\/de\/wp-json\/wp\/v2\/types\/product"}],"replies":[{"embeddable":true,"href":"https:\/\/www.rubicon3adventure.com\/de\/wp-json\/wp\/v2\/comments?post=8811"}],"wp:featuredmedia":[{"embeddable":true,"href":"https:\/\/www.rubicon3adventure.com\/de\/wp-json\/wp\/v2\/media\/9601"}],"wp:attachment":[{"href":"https:\/\/www.rubicon3adventure.com\/de\/wp-json\/wp\/v2\/media?parent=8811"}],"wp:term":[{"taxonomy":"product_brand","embeddable":true,"href":"https:\/\/www.rubicon3adventure.com\/de\/wp-json\/wp\/v2\/product_brand?post=8811"},{"taxonomy":"product_cat","embeddable":true,"href":"https:\/\/www.rubicon3adventure.com\/de\/wp-json\/wp\/v2\/product_cat?post=8811"},{"taxonomy":"product_tag","embeddable":true,"href":"https:\/\/www.rubicon3adventure.com\/de\/wp-json\/wp\/v2\/product_tag?post=8811"}],"curies":[{"name":"wp","href":"https:\/\/api.w.org\/{rel}","templated":true}]}}