{"id":5351,"date":"2024-04-11T19:40:41","date_gmt":"2024-04-11T18:40:41","guid":{"rendered":"https:\/\/www.rubicon3adventure.com\/lista-de-equipaje-para-un-viaje-en-velero-rutas-por-el-artico-islandia-y-noruega\/"},"modified":"2024-06-28T14:29:38","modified_gmt":"2024-06-28T13:29:38","slug":"lista-de-equipaje-para-un-viaje-en-velero-rutas-por-el-artico-islandia-y-noruega","status":"publish","type":"page","link":"https:\/\/www.rubicon3adventure.com\/es\/lista-de-equipaje-para-un-viaje-en-velero-rutas-por-el-artico-islandia-y-noruega\/","title":{"rendered":"Lista de equipaje para un viaje en velero: Rutas por el \u00c1rtico, Islandia y Noruega"},"content":{"rendered":"<p><span data-preserver-spaces=\"true\">Cuando salgas a navegar con Rubic\u00f3n 3, es importante que est\u00e9s bien equipado para tu aventura. Tanto si te preparas para un curso intensivo, como una <a href=\"https:\/\/www.rubicon3adventure.com\/es\/pasapalabra-masterclass-que-es-quien-es-para\/\">Masterclass de Construcci\u00f3n de Pasajes<\/a>, como para una gran <a href=\"https:\/\/www.rubicon3adventure.com\/product-category\/adventure-sailing-holidays\/offshore\/\">traves\u00eda en alta mar<\/a> o una <a href=\"https:\/\/www.rubicon3adventure.com\/product-category\/adventure-sailing-holidays\/coastal\/\">navegaci\u00f3n costera<\/a>, disponer del equipo adecuado es crucial para garantizar tu seguridad y comodidad.<\/span><\/p>\n<p><span data-preserver-spaces=\"true\">Nuestra completa lista de equipaje para aventuras en velero en nuestra <a href=\"https:\/\/www.rubicon3adventure.com\/product-category\/adventure-sailing-holidays\/norway-iceland-the-arctic\/\">categor\u00eda de Noruega, Islandia y el \u00c1rtico<\/a> est\u00e1 dise\u00f1ada para cubrir todas tus necesidades desde la cubierta hacia arriba, garantizando que est\u00e9s preparado para afrontar cualquier condici\u00f3n que se te presente. Desde la ropa esencial hasta los art\u00edculos de cuidado personal, esta lista cubre todo lo que necesitar\u00e1s para vivir una aventura espectacular.  <\/span><\/p>\n<h4><strong><span data-preserver-spaces=\"true\">Lo esencial:<\/span><\/strong><\/h4>\n<ul>\n<li><strong><span data-preserver-spaces=\"true\">Bolsa:<\/span><\/strong><span data-preserver-spaces=\"true\">  Lo ideal son unos 90 litros. Debe ser suave (no una maleta), y la impermeabilidad es beneficiosa pero no esencial. Aunque lo ideal es una bolsa que se pueda enrollar completamente, no pasa nada si tiene un suelo s\u00f3lido y ruedas. Algo como la <a href=\"https:\/\/www.sailingchandlery.com\/products\/gill-voyager-duffel-bag-90l-black?utm_campaign=PMAX-NoAssets&amp;utm_source=google&amp;utm_medium=PMAX&amp;gad_source=1&amp;gclid=Cj0KCQjwlN6wBhCcARIsAKZvD5halQsi76JasDxMEorpn8oHw_SJCfRfHP11OW_SU_JfLHeY7DuAxmMaAjOsEALw_wcB\">bolsa Gill Voyager Duffel Bag 90L<\/a> es perfecto<\/span><\/li>\n<li><strong><span data-preserver-spaces=\"true\">Bolsa de aseo:<\/span><\/strong><span data-preserver-spaces=\"true\">  Lo ideal ser\u00eda que tuviera un gancho para colgarlo en las duchas. Una gran opci\u00f3n es el <a href=\"https:\/\/www.osprey.com\/ultralight-zip-organizer-ulziporgs23-489#color=Waterfront%2520Blue\">Organizador Ultraligero Osprey<\/a>. Incluye un cepillo de dientes, pasta dent\u00edfrica, corta\u00fa\u00f1as, gel de ducha, champ\u00fa\/acondicionador, polvos de talco y desodorante.<\/span><\/li>\n<li><strong>Gafas\/lentes de contacto<\/strong><\/li>\n<li><strong><br \/>\n  <span data-preserver-spaces=\"true\">Toalla:<\/span><br \/>\n<\/strong><span data-preserver-spaces=\"true\"> Una toalla de ba\u00f1o\/ducha normal est\u00e1 bien<\/span><\/li>\n<li><strong><span data-preserver-spaces=\"true\">Saco de dormir:<\/span><\/strong><span data-preserver-spaces=\"true\">  Un saco de dormir de entretiempo de cualquier tipo est\u00e1 bien. Los barcos son c\u00e1lidos por dentro, as\u00ed que no gastes dinero<\/span><\/li>\n<li><strong><br \/>\n  <span data-preserver-spaces=\"true\">Funda de almohada:<\/span><br \/>\n<\/strong><span data-preserver-spaces=\"true\"> Trae 2<\/span><\/li>\n<li><span data-preserver-spaces=\"true\"><strong>S\u00e1bana individual:<\/strong> Trae 2<\/span><\/li>\n<li><strong><br \/>\n  <span data-preserver-spaces=\"true\">Sombreros:<\/span><br \/>\n<\/strong><span data-preserver-spaces=\"true\"> Gorro de lana o gorro estilo Polartec.<\/span><\/li>\n<li><strong><br \/>\n  <span data-preserver-spaces=\"true\">Protecci\u00f3n solar:<\/span><br \/>\n<\/strong><span data-preserver-spaces=\"true\"> Crema solar factor 50+ y b\u00e1lsamo labial con protecci\u00f3n UV.<\/span><\/li>\n<li><span data-preserver-spaces=\"true\"><strong>Gafas de sol:<\/strong> Deben ser polarizadas y con correa para el cuello. <a href=\"https:\/\/www.rubicon3adventure.com\/the-best-polarized-sunglasses-for-sailing\/\">Consulta nuestra gu\u00eda aqu\u00ed<\/a>.<\/span><\/li>\n<li><strong><span data-preserver-spaces=\"true\">Ropa:<\/span><\/strong>\n<ul>\n<li class=\"ql-indent-1\"><span data-preserver-spaces=\"true\">4 pares de ropa interior<\/span><\/li>\n<li class=\"ql-indent-1\"><span data-preserver-spaces=\"true\">4 pares de calcetines (unos finos y otros gruesos)<\/span><\/li>\n<li class=\"ql-indent-1\"><span data-preserver-spaces=\"true\">6 camisetas\/camisetas de base<\/span><\/li>\n<li class=\"ql-indent-1\"><span data-preserver-spaces=\"true\">1-2 x pares de pantalones de vela<\/span><\/li>\n<li class=\"ql-indent-1\"><span data-preserver-spaces=\"true\">1 par de pantalones cortos.<\/span><\/li>\n<li class=\"ql-indent-1\"><span data-preserver-spaces=\"true\">2 x tops\/jumper de forro polar (uno ligero y otro grueso).<\/span><\/li>\n<li class=\"ql-indent-1\"><span data-preserver-spaces=\"true\">1 chaqueta de capa intermedia.<\/span><\/li>\n<li class=\"ql-indent-1\"><span data-preserver-spaces=\"true\">1 camisa y pantal\u00f3n informales para los d\u00edas en tierra.<\/span><\/li>\n<\/ul>\n<\/li>\n<li><strong><span data-preserver-spaces=\"true\">Calzado:<\/span><\/strong>\n<ul>\n<li class=\"ql-indent-1\"><span data-preserver-spaces=\"true\">1 par de <a href=\"https:\/\/www.rubicon3adventure.com\/best-boat-shoes\/\">botas de vela impermeables<\/a><\/span><\/li>\n<li class=\"ql-indent-1\"><span data-preserver-spaces=\"true\">1 par de <a href=\"https:\/\/www.rubicon3adventure.com\/best-boat-shoes\/\">zapatos<\/a> o zapatillas de deporte<\/span><\/li>\n<\/ul>\n<\/li>\n<li><strong><span data-preserver-spaces=\"true\">Guantes:<\/span><\/strong><span data-preserver-spaces=\"true\"> <a href=\"https:\/\/www.rubicon3adventure.com\/the-best-sailing-gloves\/\">Guantes de<\/a> vela para protegerte si quieres. Las manoplas calientes para los d\u00edas y noches fr\u00edos son esenciales.<\/span><\/li>\n<li><strong><br \/>\n  <span data-preserver-spaces=\"true\">Protecci\u00f3n para el cuello:<\/span><br \/>\n<\/strong><span data-preserver-spaces=\"true\"> Snood\/Buff\/Scarf para aislar y evitar la entrada de agua.<\/span><\/li>\n<li><strong><span data-preserver-spaces=\"true\">Varios:<\/span><\/strong>\n<ul>\n<li class=\"ql-indent-1\"><span data-preserver-spaces=\"true\">Medicamentos para el mareo<\/span><\/li>\n<li class=\"ql-indent-1\"><span data-preserver-spaces=\"true\">1 <a href=\"https:\/\/www.rubicon3adventure.com\/best-headlamp-for-sailing-our-top-5-picks\/\">linterna frontal<\/a> con lente roja<\/span><\/li>\n<li class=\"ql-indent-1\"><span data-preserver-spaces=\"true\">Pasaporte.<\/span><\/li>\n<li class=\"ql-indent-1\"><span data-preserver-spaces=\"true\">Datos del seguro<\/span><\/li>\n<li class=\"ql-indent-1\"><span data-preserver-spaces=\"true\">Cualquier medicaci\u00f3n personal<\/span><\/li>\n<\/ul>\n<\/li>\n<\/ul>\n<h4><strong><span data-preserver-spaces=\"true\">Elementos adicionales \u00fatiles pero no imprescindibles:<\/span><\/strong><\/h4>\n<ul>\n<li><strong><br \/>\n  <span data-preserver-spaces=\"true\">Rodilleras:<\/span><br \/>\n<\/strong><span data-preserver-spaces=\"true\"> \u00datiles para trabajar en la cubierta de proa con mal tiempo.<\/span><\/li>\n<li><strong><span data-preserver-spaces=\"true\">Equipo de seguridad:<\/span><\/strong>\n<ul>\n<li class=\"ql-indent-1\"><span data-preserver-spaces=\"true\">1 <a href=\"https:\/\/www.rubicon3adventure.com\/best-boat-knife\/\">cuchillo de vela<\/a>.<\/span><\/li>\n<li class=\"ql-indent-1\"><span data-preserver-spaces=\"true\">1 multiherramienta (se recomienda Gerber o Leatherman Wave).<\/span><\/li>\n<\/ul>\n<\/li>\n<li><strong><br \/>\n  <span data-preserver-spaces=\"true\">Tapones para los o\u00eddos:<\/span><br \/>\n<\/strong><span data-preserver-spaces=\"true\"> Para reducir el ruido.<\/span><\/li>\n<li><strong><br \/>\n  <span data-preserver-spaces=\"true\">Toma de notas:<\/span><br \/>\n<\/strong><span data-preserver-spaces=\"true\"> 1 cuaderno de notas y bol\u00edgrafo, 1 cuaderno de bit\u00e1cora y programa de navegaci\u00f3n RYA para anotar millas y titulaciones.<\/span><\/li>\n<li><span data-preserver-spaces=\"true\"><strong>Cargadores de tel\u00e9fono y ordenador:<\/strong> Tenemos enchufes USB y enchufes de 3 clavijas del Reino Unido<\/span><\/li>\n<li><strong><br \/>\n  <span data-preserver-spaces=\"true\">Botella de agua:<\/span><br \/>\n<\/strong><span data-preserver-spaces=\"true\"> La hidrataci\u00f3n es crucial, y tener una botella de agua personal y rellenable es una buena pr\u00e1ctica.<\/span><\/li>\n<li><span data-preserver-spaces=\"true\"><strong>Bolsas de pl\u00e1stico de la compra:<\/strong> muy \u00fatiles para dividir la ropa y mantenerla seca. Trae 5-6<\/span><\/li>\n<li><strong>Una mochila peque\u00f1a y calzado de monta\u00f1a:<\/strong> \u00a1hay excursiones maravillosas!<\/li>\n<\/ul>\n","protected":false},"excerpt":{"rendered":"<p>Cuando salgas a navegar con Rubic\u00f3n 3, es importante que est\u00e9s bien equipado para tu&hellip;<\/p>\n","protected":false},"author":5,"featured_media":4565,"parent":0,"menu_order":0,"comment_status":"closed","ping_status":"closed","template":"","meta":{"_acf_changed":false,"content-type":"","footnotes":""},"class_list":["post-5351","page","type-page","status-publish","has-post-thumbnail","hentry"],"acf":[],"yoast_head":"<!-- This site is optimized with the Yoast SEO Premium plugin v27.3 (Yoast SEO v27.4) - https:\/\/yoast.com\/product\/yoast-seo-premium-wordpress\/ -->\n<title>Lista de equipaje para un viaje en velero: Rutas por el \u00c1rtico, Islandia y Noruega | Rubicon 3 Adventure<\/title>\n<meta name=\"description\" content=\"Lee nuestra lista completa sobre qu\u00e9 llevar para una aventura de navegaci\u00f3n con el Rubic\u00f3n 3 en las regiones de Noruega, Islandia y el \u00c1rtico\" \/>\n<meta name=\"robots\" content=\"index, follow, max-snippet:-1, max-image-preview:large, max-video-preview:-1\" \/>\n<link rel=\"canonical\" href=\"https:\/\/www.rubicon3adventure.com\/es\/lista-de-equipaje-para-un-viaje-en-velero-rutas-por-el-artico-islandia-y-noruega\/\" \/>\n<meta property=\"og:locale\" content=\"es_ES\" \/>\n<meta property=\"og:type\" content=\"article\" \/>\n<meta property=\"og:title\" content=\"Lista de equipaje para un viaje en velero: Rutas por el \u00c1rtico, Islandia y Noruega | Rubicon 3 Adventure\" \/>\n<meta property=\"og:description\" content=\"Lee nuestra lista completa sobre qu\u00e9 llevar para una aventura de navegaci\u00f3n con el Rubic\u00f3n 3 en las regiones de Noruega, Islandia y el \u00c1rtico\" \/>\n<meta property=\"og:url\" content=\"https:\/\/www.rubicon3adventure.com\/es\/lista-de-equipaje-para-un-viaje-en-velero-rutas-por-el-artico-islandia-y-noruega\/\" \/>\n<meta property=\"og:site_name\" content=\"Rubicon 3 Adventure\" \/>\n<meta property=\"article:publisher\" content=\"https:\/\/www.facebook.com\/rubicon3sailing\" \/>\n<meta property=\"article:modified_time\" content=\"2024-06-28T13:29:38+00:00\" \/>\n<meta property=\"og:image\" content=\"https:\/\/www.rubicon3adventure.com\/wp-content\/uploads\/2024\/04\/gill-kit-bag-420.webp\" \/>\n\t<meta property=\"og:image:width\" content=\"420\" \/>\n\t<meta property=\"og:image:height\" content=\"220\" \/>\n\t<meta property=\"og:image:type\" content=\"image\/webp\" \/>\n<meta name=\"twitter:card\" content=\"summary_large_image\" \/>\n<meta name=\"twitter:site\" content=\"@rubicon3sailing\" \/>\n<meta name=\"twitter:label1\" content=\"Tiempo de lectura\" \/>\n\t<meta name=\"twitter:data1\" content=\"3 minutos\" \/>\n<script type=\"application\/ld+json\" class=\"yoast-schema-graph\">{\"@context\":\"https:\\\/\\\/schema.org\",\"@graph\":[{\"@type\":\"WebPage\",\"@id\":\"https:\\\/\\\/www.rubicon3adventure.com\\\/es\\\/lista-de-equipaje-para-un-viaje-en-velero-rutas-por-el-artico-islandia-y-noruega\\\/\",\"url\":\"https:\\\/\\\/www.rubicon3adventure.com\\\/es\\\/lista-de-equipaje-para-un-viaje-en-velero-rutas-por-el-artico-islandia-y-noruega\\\/\",\"name\":\"Lista de equipaje para un viaje en velero: Rutas por el \u00c1rtico, Islandia y Noruega | Rubicon 3 Adventure\",\"isPartOf\":{\"@id\":\"https:\\\/\\\/www.rubicon3adventure.com\\\/es\\\/#website\"},\"primaryImageOfPage\":{\"@id\":\"https:\\\/\\\/www.rubicon3adventure.com\\\/es\\\/lista-de-equipaje-para-un-viaje-en-velero-rutas-por-el-artico-islandia-y-noruega\\\/#primaryimage\"},\"image\":{\"@id\":\"https:\\\/\\\/www.rubicon3adventure.com\\\/es\\\/lista-de-equipaje-para-un-viaje-en-velero-rutas-por-el-artico-islandia-y-noruega\\\/#primaryimage\"},\"thumbnailUrl\":\"https:\\\/\\\/www.rubicon3adventure.com\\\/wp-content\\\/uploads\\\/2024\\\/04\\\/gill-kit-bag-420.webp\",\"datePublished\":\"2024-04-11T18:40:41+00:00\",\"dateModified\":\"2024-06-28T13:29:38+00:00\",\"description\":\"Lee nuestra lista completa sobre qu\u00e9 llevar para una aventura de navegaci\u00f3n con el Rubic\u00f3n 3 en las regiones de Noruega, Islandia y el \u00c1rtico\",\"inLanguage\":\"es\",\"potentialAction\":[{\"@type\":\"ReadAction\",\"target\":[\"https:\\\/\\\/www.rubicon3adventure.com\\\/es\\\/lista-de-equipaje-para-un-viaje-en-velero-rutas-por-el-artico-islandia-y-noruega\\\/\"]}]},{\"@type\":\"ImageObject\",\"inLanguage\":\"es\",\"@id\":\"https:\\\/\\\/www.rubicon3adventure.com\\\/es\\\/lista-de-equipaje-para-un-viaje-en-velero-rutas-por-el-artico-islandia-y-noruega\\\/#primaryimage\",\"url\":\"https:\\\/\\\/www.rubicon3adventure.com\\\/wp-content\\\/uploads\\\/2024\\\/04\\\/gill-kit-bag-420.webp\",\"contentUrl\":\"https:\\\/\\\/www.rubicon3adventure.com\\\/wp-content\\\/uploads\\\/2024\\\/04\\\/gill-kit-bag-420.webp\",\"width\":420,\"height\":220,\"caption\":\"Bolsa de vela Gill 90l\"},{\"@type\":\"WebSite\",\"@id\":\"https:\\\/\\\/www.rubicon3adventure.com\\\/es\\\/#website\",\"url\":\"https:\\\/\\\/www.rubicon3adventure.com\\\/es\\\/\",\"name\":\"Rubicon 3 Adventure\",\"description\":\"\",\"publisher\":{\"@id\":\"https:\\\/\\\/www.rubicon3adventure.com\\\/es\\\/#organization\"},\"potentialAction\":[{\"@type\":\"SearchAction\",\"target\":{\"@type\":\"EntryPoint\",\"urlTemplate\":\"https:\\\/\\\/www.rubicon3adventure.com\\\/es\\\/?s={search_term_string}\"},\"query-input\":{\"@type\":\"PropertyValueSpecification\",\"valueRequired\":true,\"valueName\":\"search_term_string\"}}],\"inLanguage\":\"es\"},{\"@type\":\"Organization\",\"@id\":\"https:\\\/\\\/www.rubicon3adventure.com\\\/es\\\/#organization\",\"name\":\"Rubicon 3 Adventures\",\"alternateName\":\"Blueco Holdings Ltd\",\"url\":\"https:\\\/\\\/www.rubicon3adventure.com\\\/es\\\/\",\"logo\":{\"@type\":\"ImageObject\",\"inLanguage\":\"es\",\"@id\":\"https:\\\/\\\/www.rubicon3adventure.com\\\/es\\\/#\\\/schema\\\/logo\\\/image\\\/\",\"url\":\"https:\\\/\\\/www.rubicon3adventure.com\\\/wp-content\\\/uploads\\\/2024\\\/03\\\/Rubicon_Schema-Image-scaled.jpg\",\"contentUrl\":\"https:\\\/\\\/www.rubicon3adventure.com\\\/wp-content\\\/uploads\\\/2024\\\/03\\\/Rubicon_Schema-Image-scaled.jpg\",\"width\":2560,\"height\":1554,\"caption\":\"Rubicon 3 Adventures\"},\"image\":{\"@id\":\"https:\\\/\\\/www.rubicon3adventure.com\\\/es\\\/#\\\/schema\\\/logo\\\/image\\\/\"},\"sameAs\":[\"https:\\\/\\\/www.facebook.com\\\/rubicon3sailing\",\"https:\\\/\\\/x.com\\\/rubicon3sailing\",\"https:\\\/\\\/www.instagram.com\\\/rubicon_3_sailing\\\/\",\"https:\\\/\\\/www.pinterest.co.uk\\\/rubicon3sailing\\\/\",\"https:\\\/\\\/www.youtube.com\\\/channel\\\/UCUVTAy1Qm4lz0uZI_83Um8A\",\"https:\\\/\\\/www.linkedin.com\\\/company\\\/rubicon-3\\\/\"]}]}<\/script>\n<!-- \/ Yoast SEO Premium plugin. -->","yoast_head_json":{"title":"Lista de equipaje para un viaje en velero: Rutas por el \u00c1rtico, Islandia y Noruega | Rubicon 3 Adventure","description":"Lee nuestra lista completa sobre qu\u00e9 llevar para una aventura de navegaci\u00f3n con el Rubic\u00f3n 3 en las regiones de Noruega, Islandia y el \u00c1rtico","robots":{"index":"index","follow":"follow","max-snippet":"max-snippet:-1","max-image-preview":"max-image-preview:large","max-video-preview":"max-video-preview:-1"},"canonical":"https:\/\/www.rubicon3adventure.com\/es\/lista-de-equipaje-para-un-viaje-en-velero-rutas-por-el-artico-islandia-y-noruega\/","og_locale":"es_ES","og_type":"article","og_title":"Lista de equipaje para un viaje en velero: Rutas por el \u00c1rtico, Islandia y Noruega | Rubicon 3 Adventure","og_description":"Lee nuestra lista completa sobre qu\u00e9 llevar para una aventura de navegaci\u00f3n con el Rubic\u00f3n 3 en las regiones de Noruega, Islandia y el \u00c1rtico","og_url":"https:\/\/www.rubicon3adventure.com\/es\/lista-de-equipaje-para-un-viaje-en-velero-rutas-por-el-artico-islandia-y-noruega\/","og_site_name":"Rubicon 3 Adventure","article_publisher":"https:\/\/www.facebook.com\/rubicon3sailing","article_modified_time":"2024-06-28T13:29:38+00:00","og_image":[{"width":420,"height":220,"url":"https:\/\/www.rubicon3adventure.com\/wp-content\/uploads\/2024\/04\/gill-kit-bag-420.webp","type":"image\/webp"}],"twitter_card":"summary_large_image","twitter_site":"@rubicon3sailing","twitter_misc":{"Tiempo de lectura":"3 minutos"},"schema":{"@context":"https:\/\/schema.org","@graph":[{"@type":"WebPage","@id":"https:\/\/www.rubicon3adventure.com\/es\/lista-de-equipaje-para-un-viaje-en-velero-rutas-por-el-artico-islandia-y-noruega\/","url":"https:\/\/www.rubicon3adventure.com\/es\/lista-de-equipaje-para-un-viaje-en-velero-rutas-por-el-artico-islandia-y-noruega\/","name":"Lista de equipaje para un viaje en velero: Rutas por el \u00c1rtico, Islandia y Noruega | Rubicon 3 Adventure","isPartOf":{"@id":"https:\/\/www.rubicon3adventure.com\/es\/#website"},"primaryImageOfPage":{"@id":"https:\/\/www.rubicon3adventure.com\/es\/lista-de-equipaje-para-un-viaje-en-velero-rutas-por-el-artico-islandia-y-noruega\/#primaryimage"},"image":{"@id":"https:\/\/www.rubicon3adventure.com\/es\/lista-de-equipaje-para-un-viaje-en-velero-rutas-por-el-artico-islandia-y-noruega\/#primaryimage"},"thumbnailUrl":"https:\/\/www.rubicon3adventure.com\/wp-content\/uploads\/2024\/04\/gill-kit-bag-420.webp","datePublished":"2024-04-11T18:40:41+00:00","dateModified":"2024-06-28T13:29:38+00:00","description":"Lee nuestra lista completa sobre qu\u00e9 llevar para una aventura de navegaci\u00f3n con el Rubic\u00f3n 3 en las regiones de Noruega, Islandia y el \u00c1rtico","inLanguage":"es","potentialAction":[{"@type":"ReadAction","target":["https:\/\/www.rubicon3adventure.com\/es\/lista-de-equipaje-para-un-viaje-en-velero-rutas-por-el-artico-islandia-y-noruega\/"]}]},{"@type":"ImageObject","inLanguage":"es","@id":"https:\/\/www.rubicon3adventure.com\/es\/lista-de-equipaje-para-un-viaje-en-velero-rutas-por-el-artico-islandia-y-noruega\/#primaryimage","url":"https:\/\/www.rubicon3adventure.com\/wp-content\/uploads\/2024\/04\/gill-kit-bag-420.webp","contentUrl":"https:\/\/www.rubicon3adventure.com\/wp-content\/uploads\/2024\/04\/gill-kit-bag-420.webp","width":420,"height":220,"caption":"Bolsa de vela Gill 90l"},{"@type":"WebSite","@id":"https:\/\/www.rubicon3adventure.com\/es\/#website","url":"https:\/\/www.rubicon3adventure.com\/es\/","name":"Rubicon 3 Adventure","description":"","publisher":{"@id":"https:\/\/www.rubicon3adventure.com\/es\/#organization"},"potentialAction":[{"@type":"SearchAction","target":{"@type":"EntryPoint","urlTemplate":"https:\/\/www.rubicon3adventure.com\/es\/?s={search_term_string}"},"query-input":{"@type":"PropertyValueSpecification","valueRequired":true,"valueName":"search_term_string"}}],"inLanguage":"es"},{"@type":"Organization","@id":"https:\/\/www.rubicon3adventure.com\/es\/#organization","name":"Rubicon 3 Adventures","alternateName":"Blueco Holdings Ltd","url":"https:\/\/www.rubicon3adventure.com\/es\/","logo":{"@type":"ImageObject","inLanguage":"es","@id":"https:\/\/www.rubicon3adventure.com\/es\/#\/schema\/logo\/image\/","url":"https:\/\/www.rubicon3adventure.com\/wp-content\/uploads\/2024\/03\/Rubicon_Schema-Image-scaled.jpg","contentUrl":"https:\/\/www.rubicon3adventure.com\/wp-content\/uploads\/2024\/03\/Rubicon_Schema-Image-scaled.jpg","width":2560,"height":1554,"caption":"Rubicon 3 Adventures"},"image":{"@id":"https:\/\/www.rubicon3adventure.com\/es\/#\/schema\/logo\/image\/"},"sameAs":["https:\/\/www.facebook.com\/rubicon3sailing","https:\/\/x.com\/rubicon3sailing","https:\/\/www.instagram.com\/rubicon_3_sailing\/","https:\/\/www.pinterest.co.uk\/rubicon3sailing\/","https:\/\/www.youtube.com\/channel\/UCUVTAy1Qm4lz0uZI_83Um8A","https:\/\/www.linkedin.com\/company\/rubicon-3\/"]}]}},"_links":{"self":[{"href":"https:\/\/www.rubicon3adventure.com\/es\/wp-json\/wp\/v2\/pages\/5351","targetHints":{"allow":["GET"]}}],"collection":[{"href":"https:\/\/www.rubicon3adventure.com\/es\/wp-json\/wp\/v2\/pages"}],"about":[{"href":"https:\/\/www.rubicon3adventure.com\/es\/wp-json\/wp\/v2\/types\/page"}],"author":[{"embeddable":true,"href":"https:\/\/www.rubicon3adventure.com\/es\/wp-json\/wp\/v2\/users\/5"}],"replies":[{"embeddable":true,"href":"https:\/\/www.rubicon3adventure.com\/es\/wp-json\/wp\/v2\/comments?post=5351"}],"version-history":[{"count":0,"href":"https:\/\/www.rubicon3adventure.com\/es\/wp-json\/wp\/v2\/pages\/5351\/revisions"}],"wp:featuredmedia":[{"embeddable":true,"href":"https:\/\/www.rubicon3adventure.com\/es\/wp-json\/wp\/v2\/media\/4565"}],"wp:attachment":[{"href":"https:\/\/www.rubicon3adventure.com\/es\/wp-json\/wp\/v2\/media?parent=5351"}],"curies":[{"name":"wp","href":"https:\/\/api.w.org\/{rel}","templated":true}]}}