{"id":5374,"date":"2024-03-15T08:32:33","date_gmt":"2024-03-15T08:32:33","guid":{"rendered":"https:\/\/www.rubicon3adventure.com\/pasapalabra-masterclass-que-es-quien-es-para\/"},"modified":"2024-06-29T00:01:31","modified_gmt":"2024-06-28T23:01:31","slug":"pasapalabra-masterclass-que-es-quien-es-para","status":"publish","type":"page","link":"https:\/\/www.rubicon3adventure.com\/es\/pasapalabra-masterclass-que-es-quien-es-para\/","title":{"rendered":"Masterclass de Elaboraci\u00f3n de Pasajes: \u00bfQu\u00e9 es y para qui\u00e9n es?"},"content":{"rendered":"<p><span data-preserver-spaces=\"true\">Despu\u00e9s de obtener el t\u00edtulo de <a href=\"https:\/\/www.rubicon3adventure.com\/es\/produto\/rya-skipper-practico\/\">Patr\u00f3n de D\u00eda de la RYA<\/a> o el ASA 104, los navegantes a menudo se encuentran con que no han navegado durante bastante tiempo y se quedan estancados en una rutina en la que sus habilidades y su confianza se han estancado o se han &#8220;oxidado&#8221;. Esto puede provocar una disminuci\u00f3n significativa de la confianza. A otros marineros les puede resultar dif\u00edcil participar en experiencias m\u00e1s desafiantes o encontrar oportunidades de formaci\u00f3n avanzada. Es f\u00e1cil encontrarse en un ciclo de condiciones de navegaci\u00f3n c\u00f3modas pero sin aventurarse nunca en situaciones que superen tus l\u00edmites. Esta zona de confort se convierte en una barrera para la progresi\u00f3n, y sin un camino claro hacia adelante, la emoci\u00f3n de navegar disminuye, haciendo que algunos abandonen la navegaci\u00f3n por completo.<\/span><\/p>\n<p><span data-preserver-spaces=\"true\">Ah\u00ed es donde entra en juego la Masterclass de Elaboraci\u00f3n de Pasajes. Este curso est\u00e1 dise\u00f1ado espec\u00edficamente para cubrir el vac\u00edo existente para los navegantes que tienen titulaciones como el Patr\u00f3n de D\u00eda de la RYA o el 104 de la ASA y est\u00e1n preparados para refrescar y desarrollar sus habilidades en rutas m\u00e1s interesantes y desafiantes. El curso est\u00e1 dise\u00f1ado para ir m\u00e1s all\u00e1 de los aspectos b\u00e1sicos de la formaci\u00f3n de la RYA y la ASA y para ayudarte a adquirir habilidades y experiencia en el mundo real, aprendiendo de marineros profesionales que se ganan la vida dirigiendo expediciones a vela. Mejorar\u00e1s la navegaci\u00f3n, la interpretaci\u00f3n de las condiciones meteorol\u00f3gicas, las estrategias de navegaci\u00f3n <a href=\"https:\/\/www.rubicon3adventure.com\/heavy-weather-sailing-what-is-it\/\">en condiciones meteorol\u00f3gicas adversas<\/a>, la gesti\u00f3n de la tripulaci\u00f3n, la planificaci\u00f3n de la traves\u00eda y los procedimientos de emergencia.<\/span><\/p>\n<p><span data-preserver-spaces=\"true\">Nunca se insistir\u00e1 lo suficiente en la importancia de las habilidades del mundo real frente a los cursos de formaci\u00f3n fabricados tradicionalmente. Los cursos b\u00e1sicos son esenciales para adquirir habilidades y conocimientos iniciales, pero a menudo carecen de la naturaleza impredecible y din\u00e1mica de la navegaci\u00f3n real. Los ejercicios manufacturados proporcionan un entorno seguro para los principiantes, pero no preparan totalmente a los marineros para las complejidades y los retos a los que se enfrentan en el mar. Son las condiciones impredecibles, la necesidad de tomar decisiones r\u00e1pidas y la gesti\u00f3n de circunstancias imprevistas lo que realmente perfecciona las habilidades de un marinero. Esto es lo que obtienes en la <a href=\"https:\/\/www.rubicon3adventure.com\/product-category\/adventure-sailing-holidays\/masterclass\/\">Masterclass de Elaboraci\u00f3n de Pasajes<\/a>.<\/span><\/p>\n<p>Realizamos dos rutas diferentes: <a href=\"https:\/\/www.rubicon3adventure.com\/es\/produto\/golfo-de-vizcaya\/\">El Golfo de Vizcaya<\/a> e <a href=\"https:\/\/www.rubicon3adventure.com\/es\/produto\/inglaterra-escocia-masterclass-de-elaboracion-de-pasajes\/\">Inglaterra &#8211; Escocia.<\/a><\/p>\n<p><span data-preserver-spaces=\"true\">Las rutas del Golfo de Vizcaya discurren en ambas direcciones entre Vigo (Espa\u00f1a), cruzando el Golfo de Vizcaya, parando (normalmente) en Brest (Francia), y cruzando el Canal de la Mancha y Portsmouth (Reino Unido). Los candidatos experimentar\u00e1n los notorios sistemas meteorol\u00f3gicos y las exigentes condiciones de la Bah\u00eda.<\/span><\/p>\n<p>La ruta Inglaterra-Escocia discurre en ambas direcciones entre Oban (Escocia) y el suroeste de Inglaterra. Aborda las feroces mareas y el intenso tr\u00e1fico comercial del Canal de la Mancha y el Mar de Irlanda, junto con los complicados puntos de pilotaje y fondeos que ofrece la costa oeste de Escocia.<\/p>\n<p><span data-preserver-spaces=\"true\">Al final de la clase magistral, los marineros saldr\u00e1n m\u00e1s seguros de s\u00ed mismos, competentes y preparados para las empresas de navegaci\u00f3n avanzadas. No s\u00f3lo mejorar\u00e1s tus habilidades pr\u00e1cticas de navegaci\u00f3n, sino que tambi\u00e9n desarrollar\u00e1s un conocimiento m\u00e1s profundo de los patrones meteorol\u00f3gicos, aprender\u00e1s simulacros de seguridad esenciales y dominar\u00e1s los protocolos de emergencia. Este curso, que tambi\u00e9n es una gran aventura, probablemente pondr\u00e1 a prueba tus l\u00edmites (\u00a1as\u00ed que prep\u00e1rate!) y ampliar\u00e1 tus horizontes, proporcion\u00e1ndote una valios\u00edsima experiencia de navegaci\u00f3n en el mundo real. Esta clase magistral te lleva desde la participaci\u00f3n en ejercicios de entrenamiento fabricados hasta el dominio de habilidades de navegaci\u00f3n en el mundo real.<\/span><\/p>\n<p>Los objetivos espec\u00edficos de aprendizaje de la Masterclass de Elaboraci\u00f3n de Pasajes incluyen<\/p>\n<p><strong>1. T\u00e9cnicas Avanzadas de Navegaci\u00f3n:<\/strong> Adquiere destreza en la navegaci\u00f3n costera y de alta mar, incluyendo el uso de modernas herramientas electr\u00f3nicas de navegaci\u00f3n, trazado de cartas y comprensi\u00f3n del impacto de las mareas y corrientes en la planificaci\u00f3n de la traves\u00eda.<\/p>\n<p><strong>2. Habilidades de Interpretaci\u00f3n Meteorol\u00f3gica:<\/strong> Desarrollar la capacidad de interpretar con precisi\u00f3n las previsiones meteorol\u00f3gicas y tomar decisiones informadas para ajustar los planes de navegaci\u00f3n en consecuencia. Esto incluye comprender la din\u00e1mica de los sistemas meteorol\u00f3gicos del Golfo de Vizcaya.<\/p>\n<p><strong>3. Navegaci\u00f3n con mal tiempo:<\/strong> Aprende y practica las t\u00e9cnicas para navegar en condiciones de mal tiempo, incluyendo el rizo, el calado y las medidas de seguridad de la tripulaci\u00f3n para garantizar el bienestar de la embarcaci\u00f3n y de la tripulaci\u00f3n.<\/p>\n<p><strong>4. Gesti\u00f3n de la Tripulaci\u00f3n y Seguridad:<\/strong> Mejora las habilidades para gestionar eficazmente una tripulaci\u00f3n, incluyendo el establecimiento de sistemas de vigilancia, asegurando el bienestar de la tripulaci\u00f3n y realizando ejercicios de seguridad como la recuperaci\u00f3n de hombres al agua.<\/p>\n<p><strong>5. Procedimientos de Emergencia:<\/strong> Domina los protocolos para hacer frente a emergencias en el mar, desde emergencias m\u00e9dicas a aver\u00edas de equipos, incluyendo el uso de la EPIRB, el despliegue de balsas salvavidas y la navegaci\u00f3n de emergencia.<\/p>\n<p><strong>6. Experiencia Pr\u00e1ctica de Navegaci\u00f3n:<\/strong> Al completar la ruta del curso, adquiere una valiosa experiencia real de navegaci\u00f3n en diversas condiciones, aumentando la confianza y la competencia en la realizaci\u00f3n de traves\u00edas.<\/p>\n<p><strong>7. Competencia en comunicaci\u00f3n:<\/strong> Mejorar las habilidades de comunicaci\u00f3n mar\u00edtima, especialmente en el uso del VHF para la se\u00f1alizaci\u00f3n de socorro, los procedimientos de entrada en puerto y la comunicaci\u00f3n eficaz dentro de la tripulaci\u00f3n.<\/p>\n<p><strong>8. Experiencia en Planificaci\u00f3n de Pasajes:<\/strong> Desarrollar la capacidad de planificar y ejecutar pasajes complejos, teniendo en cuenta el aprovisionamiento, la gesti\u00f3n del combustible, los requisitos legales y aduaneros, y la planificaci\u00f3n de contingencias.<\/p>\n<p><strong>9. Autosuficiencia y Resoluci\u00f3n de Problemas:<\/strong> Cultiva una mentalidad autosuficiente capaz de localizar y resolver problemas imprevistos, incluido el mantenimiento b\u00e1sico y las reparaciones de equipos y sistemas de navegaci\u00f3n.<\/p>\n","protected":false},"excerpt":{"rendered":"<p>Despu\u00e9s de obtener el t\u00edtulo de Patr\u00f3n de D\u00eda de la RYA o el ASA&hellip;<\/p>\n","protected":false},"author":5,"featured_media":0,"parent":0,"menu_order":0,"comment_status":"closed","ping_status":"closed","template":"","meta":{"_acf_changed":false,"content-type":"","footnotes":""},"class_list":["post-5374","page","type-page","status-publish","hentry"],"acf":[],"yoast_head":"<!-- This site is optimized with the Yoast SEO Premium plugin v27.3 (Yoast SEO v27.5) - https:\/\/yoast.com\/product\/yoast-seo-premium-wordpress\/ -->\n<title>Masterclass de Elaboraci\u00f3n de Pasajes: \u00bfQu\u00e9 es y para qui\u00e9n es? | Rubicon 3 Adventure<\/title>\n<meta name=\"robots\" content=\"index, follow, max-snippet:-1, max-image-preview:large, max-video-preview:-1\" \/>\n<link rel=\"canonical\" href=\"https:\/\/www.rubicon3adventure.com\/es\/pasapalabra-masterclass-que-es-quien-es-para\/\" \/>\n<meta property=\"og:locale\" content=\"es_ES\" \/>\n<meta property=\"og:type\" content=\"article\" \/>\n<meta property=\"og:title\" content=\"Masterclass de Elaboraci\u00f3n de Pasajes: \u00bfQu\u00e9 es y para qui\u00e9n es? | Rubicon 3 Adventure\" \/>\n<meta property=\"og:description\" content=\"Despu\u00e9s de obtener el t\u00edtulo de Patr\u00f3n de D\u00eda de la RYA o el ASA&hellip;\" \/>\n<meta property=\"og:url\" content=\"https:\/\/www.rubicon3adventure.com\/es\/pasapalabra-masterclass-que-es-quien-es-para\/\" \/>\n<meta property=\"og:site_name\" content=\"Rubicon 3 Adventure\" \/>\n<meta property=\"article:publisher\" content=\"https:\/\/www.facebook.com\/rubicon3sailing\" \/>\n<meta property=\"article:modified_time\" content=\"2024-06-28T23:01:31+00:00\" \/>\n<meta property=\"og:image\" content=\"https:\/\/www.rubicon3adventure.com\/wp-content\/uploads\/2024\/03\/Rubicon_Schema-Image-scaled.jpg\" \/>\n\t<meta property=\"og:image:width\" content=\"2560\" \/>\n\t<meta property=\"og:image:height\" content=\"1554\" \/>\n\t<meta property=\"og:image:type\" content=\"image\/jpeg\" \/>\n<meta name=\"twitter:card\" content=\"summary_large_image\" \/>\n<meta name=\"twitter:site\" content=\"@rubicon3sailing\" \/>\n<meta name=\"twitter:label1\" content=\"Tiempo de lectura\" \/>\n\t<meta name=\"twitter:data1\" content=\"5 minutos\" \/>\n<script type=\"application\/ld+json\" class=\"yoast-schema-graph\">{\"@context\":\"https:\\\/\\\/schema.org\",\"@graph\":[{\"@type\":\"WebPage\",\"@id\":\"https:\\\/\\\/www.rubicon3adventure.com\\\/es\\\/pasapalabra-masterclass-que-es-quien-es-para\\\/\",\"url\":\"https:\\\/\\\/www.rubicon3adventure.com\\\/es\\\/pasapalabra-masterclass-que-es-quien-es-para\\\/\",\"name\":\"Masterclass de Elaboraci\u00f3n de Pasajes: \u00bfQu\u00e9 es y para qui\u00e9n es? | Rubicon 3 Adventure\",\"isPartOf\":{\"@id\":\"https:\\\/\\\/www.rubicon3adventure.com\\\/es\\\/#website\"},\"datePublished\":\"2024-03-15T08:32:33+00:00\",\"dateModified\":\"2024-06-28T23:01:31+00:00\",\"inLanguage\":\"es\",\"potentialAction\":[{\"@type\":\"ReadAction\",\"target\":[\"https:\\\/\\\/www.rubicon3adventure.com\\\/es\\\/pasapalabra-masterclass-que-es-quien-es-para\\\/\"]}]},{\"@type\":\"WebSite\",\"@id\":\"https:\\\/\\\/www.rubicon3adventure.com\\\/es\\\/#website\",\"url\":\"https:\\\/\\\/www.rubicon3adventure.com\\\/es\\\/\",\"name\":\"Rubicon 3 Adventure\",\"description\":\"\",\"publisher\":{\"@id\":\"https:\\\/\\\/www.rubicon3adventure.com\\\/es\\\/#organization\"},\"potentialAction\":[{\"@type\":\"SearchAction\",\"target\":{\"@type\":\"EntryPoint\",\"urlTemplate\":\"https:\\\/\\\/www.rubicon3adventure.com\\\/es\\\/?s={search_term_string}\"},\"query-input\":{\"@type\":\"PropertyValueSpecification\",\"valueRequired\":true,\"valueName\":\"search_term_string\"}}],\"inLanguage\":\"es\"},{\"@type\":\"Organization\",\"@id\":\"https:\\\/\\\/www.rubicon3adventure.com\\\/es\\\/#organization\",\"name\":\"Rubicon 3 Adventures\",\"alternateName\":\"Blueco Holdings Ltd\",\"url\":\"https:\\\/\\\/www.rubicon3adventure.com\\\/es\\\/\",\"logo\":{\"@type\":\"ImageObject\",\"inLanguage\":\"es\",\"@id\":\"https:\\\/\\\/www.rubicon3adventure.com\\\/es\\\/#\\\/schema\\\/logo\\\/image\\\/\",\"url\":\"https:\\\/\\\/www.rubicon3adventure.com\\\/wp-content\\\/uploads\\\/2024\\\/03\\\/Rubicon_Schema-Image-scaled.jpg\",\"contentUrl\":\"https:\\\/\\\/www.rubicon3adventure.com\\\/wp-content\\\/uploads\\\/2024\\\/03\\\/Rubicon_Schema-Image-scaled.jpg\",\"width\":2560,\"height\":1554,\"caption\":\"Rubicon 3 Adventures\"},\"image\":{\"@id\":\"https:\\\/\\\/www.rubicon3adventure.com\\\/es\\\/#\\\/schema\\\/logo\\\/image\\\/\"},\"sameAs\":[\"https:\\\/\\\/www.facebook.com\\\/rubicon3sailing\",\"https:\\\/\\\/x.com\\\/rubicon3sailing\",\"https:\\\/\\\/www.instagram.com\\\/rubicon_3_sailing\\\/\",\"https:\\\/\\\/www.pinterest.co.uk\\\/rubicon3sailing\\\/\",\"https:\\\/\\\/www.youtube.com\\\/channel\\\/UCUVTAy1Qm4lz0uZI_83Um8A\",\"https:\\\/\\\/www.linkedin.com\\\/company\\\/rubicon-3\\\/\"]}]}<\/script>\n<!-- \/ Yoast SEO Premium plugin. -->","yoast_head_json":{"title":"Masterclass de Elaboraci\u00f3n de Pasajes: \u00bfQu\u00e9 es y para qui\u00e9n es? | Rubicon 3 Adventure","robots":{"index":"index","follow":"follow","max-snippet":"max-snippet:-1","max-image-preview":"max-image-preview:large","max-video-preview":"max-video-preview:-1"},"canonical":"https:\/\/www.rubicon3adventure.com\/es\/pasapalabra-masterclass-que-es-quien-es-para\/","og_locale":"es_ES","og_type":"article","og_title":"Masterclass de Elaboraci\u00f3n de Pasajes: \u00bfQu\u00e9 es y para qui\u00e9n es? | Rubicon 3 Adventure","og_description":"Despu\u00e9s de obtener el t\u00edtulo de Patr\u00f3n de D\u00eda de la RYA o el ASA&hellip;","og_url":"https:\/\/www.rubicon3adventure.com\/es\/pasapalabra-masterclass-que-es-quien-es-para\/","og_site_name":"Rubicon 3 Adventure","article_publisher":"https:\/\/www.facebook.com\/rubicon3sailing","article_modified_time":"2024-06-28T23:01:31+00:00","og_image":[{"width":2560,"height":1554,"url":"https:\/\/www.rubicon3adventure.com\/wp-content\/uploads\/2024\/03\/Rubicon_Schema-Image-scaled.jpg","type":"image\/jpeg"}],"twitter_card":"summary_large_image","twitter_site":"@rubicon3sailing","twitter_misc":{"Tiempo de lectura":"5 minutos"},"schema":{"@context":"https:\/\/schema.org","@graph":[{"@type":"WebPage","@id":"https:\/\/www.rubicon3adventure.com\/es\/pasapalabra-masterclass-que-es-quien-es-para\/","url":"https:\/\/www.rubicon3adventure.com\/es\/pasapalabra-masterclass-que-es-quien-es-para\/","name":"Masterclass de Elaboraci\u00f3n de Pasajes: \u00bfQu\u00e9 es y para qui\u00e9n es? | Rubicon 3 Adventure","isPartOf":{"@id":"https:\/\/www.rubicon3adventure.com\/es\/#website"},"datePublished":"2024-03-15T08:32:33+00:00","dateModified":"2024-06-28T23:01:31+00:00","inLanguage":"es","potentialAction":[{"@type":"ReadAction","target":["https:\/\/www.rubicon3adventure.com\/es\/pasapalabra-masterclass-que-es-quien-es-para\/"]}]},{"@type":"WebSite","@id":"https:\/\/www.rubicon3adventure.com\/es\/#website","url":"https:\/\/www.rubicon3adventure.com\/es\/","name":"Rubicon 3 Adventure","description":"","publisher":{"@id":"https:\/\/www.rubicon3adventure.com\/es\/#organization"},"potentialAction":[{"@type":"SearchAction","target":{"@type":"EntryPoint","urlTemplate":"https:\/\/www.rubicon3adventure.com\/es\/?s={search_term_string}"},"query-input":{"@type":"PropertyValueSpecification","valueRequired":true,"valueName":"search_term_string"}}],"inLanguage":"es"},{"@type":"Organization","@id":"https:\/\/www.rubicon3adventure.com\/es\/#organization","name":"Rubicon 3 Adventures","alternateName":"Blueco Holdings Ltd","url":"https:\/\/www.rubicon3adventure.com\/es\/","logo":{"@type":"ImageObject","inLanguage":"es","@id":"https:\/\/www.rubicon3adventure.com\/es\/#\/schema\/logo\/image\/","url":"https:\/\/www.rubicon3adventure.com\/wp-content\/uploads\/2024\/03\/Rubicon_Schema-Image-scaled.jpg","contentUrl":"https:\/\/www.rubicon3adventure.com\/wp-content\/uploads\/2024\/03\/Rubicon_Schema-Image-scaled.jpg","width":2560,"height":1554,"caption":"Rubicon 3 Adventures"},"image":{"@id":"https:\/\/www.rubicon3adventure.com\/es\/#\/schema\/logo\/image\/"},"sameAs":["https:\/\/www.facebook.com\/rubicon3sailing","https:\/\/x.com\/rubicon3sailing","https:\/\/www.instagram.com\/rubicon_3_sailing\/","https:\/\/www.pinterest.co.uk\/rubicon3sailing\/","https:\/\/www.youtube.com\/channel\/UCUVTAy1Qm4lz0uZI_83Um8A","https:\/\/www.linkedin.com\/company\/rubicon-3\/"]}]}},"_links":{"self":[{"href":"https:\/\/www.rubicon3adventure.com\/es\/wp-json\/wp\/v2\/pages\/5374","targetHints":{"allow":["GET"]}}],"collection":[{"href":"https:\/\/www.rubicon3adventure.com\/es\/wp-json\/wp\/v2\/pages"}],"about":[{"href":"https:\/\/www.rubicon3adventure.com\/es\/wp-json\/wp\/v2\/types\/page"}],"author":[{"embeddable":true,"href":"https:\/\/www.rubicon3adventure.com\/es\/wp-json\/wp\/v2\/users\/5"}],"replies":[{"embeddable":true,"href":"https:\/\/www.rubicon3adventure.com\/es\/wp-json\/wp\/v2\/comments?post=5374"}],"version-history":[{"count":0,"href":"https:\/\/www.rubicon3adventure.com\/es\/wp-json\/wp\/v2\/pages\/5374\/revisions"}],"wp:attachment":[{"href":"https:\/\/www.rubicon3adventure.com\/es\/wp-json\/wp\/v2\/media?parent=5374"}],"curies":[{"name":"wp","href":"https:\/\/api.w.org\/{rel}","templated":true}]}}