{"id":5421,"date":"2024-03-04T12:49:04","date_gmt":"2024-03-04T12:49:04","guid":{"rendered":"https:\/\/www.rubicon3adventure.com\/trabajo-para-rubicon-3\/"},"modified":"2024-06-28T12:41:29","modified_gmt":"2024-06-28T11:41:29","slug":"trabajo-para-rubicon-3","status":"publish","type":"page","link":"https:\/\/www.rubicon3adventure.com\/es\/descubre\/trabajo-para-rubicon-3\/","title":{"rendered":"Trabaja para Rubic\u00f3n 3"},"content":{"rendered":"","protected":false},"excerpt":{"rendered":"","protected":false},"author":2,"featured_media":0,"parent":5503,"menu_order":0,"comment_status":"closed","ping_status":"closed","template":"templates\/core.php","meta":{"_acf_changed":false,"content-type":"","footnotes":""},"class_list":["post-5421","page","type-page","status-publish","hentry"],"acf":[],"yoast_head":"<!-- This site is optimized with the Yoast SEO Premium plugin v27.3 (Yoast SEO v27.4) - https:\/\/yoast.com\/product\/yoast-seo-premium-wordpress\/ -->\n<title>Carreras en Rubicon 3: \u00a1\u00danete a nuestra aventura como Patr\u00f3n o Compa\u00f1ero!<\/title>\n<meta name=\"description\" content=\"\u00a1\u00danete a Rubic\u00f3n 3 como patr\u00f3n o ayudante! Emb\u00e1rcate en viajes que cambian la vida, lidera con pasi\u00f3n e inspira a trav\u00e9s de la navegaci\u00f3n. Inscr\u00edbete ahora.\" \/>\n<meta name=\"robots\" content=\"index, follow, max-snippet:-1, max-image-preview:large, max-video-preview:-1\" \/>\n<link rel=\"canonical\" href=\"https:\/\/www.rubicon3adventure.com\/es\/descubre\/trabajo-para-rubicon-3\/\" \/>\n<meta property=\"og:locale\" content=\"es_ES\" \/>\n<meta property=\"og:type\" content=\"article\" \/>\n<meta property=\"og:title\" content=\"Carreras en Rubicon 3: \u00a1\u00danete a nuestra aventura como Patr\u00f3n o Compa\u00f1ero!\" \/>\n<meta property=\"og:description\" content=\"\u00a1\u00danete a Rubic\u00f3n 3 como patr\u00f3n o ayudante! Emb\u00e1rcate en viajes que cambian la vida, lidera con pasi\u00f3n e inspira a trav\u00e9s de la navegaci\u00f3n. Inscr\u00edbete ahora.\" \/>\n<meta property=\"og:url\" content=\"https:\/\/www.rubicon3adventure.com\/es\/descubre\/trabajo-para-rubicon-3\/\" \/>\n<meta property=\"og:site_name\" content=\"Rubicon 3 Adventure\" \/>\n<meta property=\"article:publisher\" content=\"https:\/\/www.facebook.com\/rubicon3sailing\" \/>\n<meta property=\"article:modified_time\" content=\"2024-06-28T11:41:29+00:00\" \/>\n<meta property=\"og:image\" content=\"https:\/\/www.rubicon3adventure.com\/wp-content\/uploads\/2024\/03\/Rubicon_Schema-Image-scaled.jpg\" \/>\n\t<meta property=\"og:image:width\" content=\"2560\" \/>\n\t<meta property=\"og:image:height\" content=\"1554\" \/>\n\t<meta property=\"og:image:type\" content=\"image\/jpeg\" \/>\n<meta name=\"twitter:card\" content=\"summary_large_image\" \/>\n<meta name=\"twitter:site\" content=\"@rubicon3sailing\" \/>\n<script type=\"application\/ld+json\" class=\"yoast-schema-graph\">{\"@context\":\"https:\\\/\\\/schema.org\",\"@graph\":[{\"@type\":\"WebPage\",\"@id\":\"https:\\\/\\\/www.rubicon3adventure.com\\\/es\\\/descubre\\\/trabajo-para-rubicon-3\\\/\",\"url\":\"https:\\\/\\\/www.rubicon3adventure.com\\\/es\\\/descubre\\\/trabajo-para-rubicon-3\\\/\",\"name\":\"Carreras en Rubicon 3: \u00a1\u00danete a nuestra aventura como Patr\u00f3n o Compa\u00f1ero!\",\"isPartOf\":{\"@id\":\"https:\\\/\\\/www.rubicon3adventure.com\\\/es\\\/#website\"},\"datePublished\":\"2024-03-04T12:49:04+00:00\",\"dateModified\":\"2024-06-28T11:41:29+00:00\",\"description\":\"\u00a1\u00danete a Rubic\u00f3n 3 como patr\u00f3n o ayudante! Emb\u00e1rcate en viajes que cambian la vida, lidera con pasi\u00f3n e inspira a trav\u00e9s de la navegaci\u00f3n. Inscr\u00edbete ahora.\",\"breadcrumb\":{\"@id\":\"https:\\\/\\\/www.rubicon3adventure.com\\\/es\\\/descubre\\\/trabajo-para-rubicon-3\\\/#breadcrumb\"},\"inLanguage\":\"es\",\"potentialAction\":[{\"@type\":\"ReadAction\",\"target\":[\"https:\\\/\\\/www.rubicon3adventure.com\\\/es\\\/descubre\\\/trabajo-para-rubicon-3\\\/\"]}]},{\"@type\":\"BreadcrumbList\",\"@id\":\"https:\\\/\\\/www.rubicon3adventure.com\\\/es\\\/descubre\\\/trabajo-para-rubicon-3\\\/#breadcrumb\",\"itemListElement\":[{\"@type\":\"ListItem\",\"position\":1,\"name\":\"Descubre\",\"item\":\"https:\\\/\\\/www.rubicon3adventure.com\\\/es\\\/descubre\\\/\"},{\"@type\":\"ListItem\",\"position\":2,\"name\":\"Trabaja para Rubic\u00f3n 3\"}]},{\"@type\":\"WebSite\",\"@id\":\"https:\\\/\\\/www.rubicon3adventure.com\\\/es\\\/#website\",\"url\":\"https:\\\/\\\/www.rubicon3adventure.com\\\/es\\\/\",\"name\":\"Rubicon 3 Adventure\",\"description\":\"\",\"publisher\":{\"@id\":\"https:\\\/\\\/www.rubicon3adventure.com\\\/es\\\/#organization\"},\"potentialAction\":[{\"@type\":\"SearchAction\",\"target\":{\"@type\":\"EntryPoint\",\"urlTemplate\":\"https:\\\/\\\/www.rubicon3adventure.com\\\/es\\\/?s={search_term_string}\"},\"query-input\":{\"@type\":\"PropertyValueSpecification\",\"valueRequired\":true,\"valueName\":\"search_term_string\"}}],\"inLanguage\":\"es\"},{\"@type\":\"Organization\",\"@id\":\"https:\\\/\\\/www.rubicon3adventure.com\\\/es\\\/#organization\",\"name\":\"Rubicon 3 Adventures\",\"alternateName\":\"Blueco Holdings Ltd\",\"url\":\"https:\\\/\\\/www.rubicon3adventure.com\\\/es\\\/\",\"logo\":{\"@type\":\"ImageObject\",\"inLanguage\":\"es\",\"@id\":\"https:\\\/\\\/www.rubicon3adventure.com\\\/es\\\/#\\\/schema\\\/logo\\\/image\\\/\",\"url\":\"https:\\\/\\\/www.rubicon3adventure.com\\\/wp-content\\\/uploads\\\/2024\\\/03\\\/Rubicon_Schema-Image-scaled.jpg\",\"contentUrl\":\"https:\\\/\\\/www.rubicon3adventure.com\\\/wp-content\\\/uploads\\\/2024\\\/03\\\/Rubicon_Schema-Image-scaled.jpg\",\"width\":2560,\"height\":1554,\"caption\":\"Rubicon 3 Adventures\"},\"image\":{\"@id\":\"https:\\\/\\\/www.rubicon3adventure.com\\\/es\\\/#\\\/schema\\\/logo\\\/image\\\/\"},\"sameAs\":[\"https:\\\/\\\/www.facebook.com\\\/rubicon3sailing\",\"https:\\\/\\\/x.com\\\/rubicon3sailing\",\"https:\\\/\\\/www.instagram.com\\\/rubicon_3_sailing\\\/\",\"https:\\\/\\\/www.pinterest.co.uk\\\/rubicon3sailing\\\/\",\"https:\\\/\\\/www.youtube.com\\\/channel\\\/UCUVTAy1Qm4lz0uZI_83Um8A\",\"https:\\\/\\\/www.linkedin.com\\\/company\\\/rubicon-3\\\/\"]}]}<\/script>\n<!-- \/ Yoast SEO Premium plugin. -->","yoast_head_json":{"title":"Carreras en Rubicon 3: \u00a1\u00danete a nuestra aventura como Patr\u00f3n o Compa\u00f1ero!","description":"\u00a1\u00danete a Rubic\u00f3n 3 como patr\u00f3n o ayudante! Emb\u00e1rcate en viajes que cambian la vida, lidera con pasi\u00f3n e inspira a trav\u00e9s de la navegaci\u00f3n. Inscr\u00edbete ahora.","robots":{"index":"index","follow":"follow","max-snippet":"max-snippet:-1","max-image-preview":"max-image-preview:large","max-video-preview":"max-video-preview:-1"},"canonical":"https:\/\/www.rubicon3adventure.com\/es\/descubre\/trabajo-para-rubicon-3\/","og_locale":"es_ES","og_type":"article","og_title":"Carreras en Rubicon 3: \u00a1\u00danete a nuestra aventura como Patr\u00f3n o Compa\u00f1ero!","og_description":"\u00a1\u00danete a Rubic\u00f3n 3 como patr\u00f3n o ayudante! Emb\u00e1rcate en viajes que cambian la vida, lidera con pasi\u00f3n e inspira a trav\u00e9s de la navegaci\u00f3n. Inscr\u00edbete ahora.","og_url":"https:\/\/www.rubicon3adventure.com\/es\/descubre\/trabajo-para-rubicon-3\/","og_site_name":"Rubicon 3 Adventure","article_publisher":"https:\/\/www.facebook.com\/rubicon3sailing","article_modified_time":"2024-06-28T11:41:29+00:00","og_image":[{"width":2560,"height":1554,"url":"https:\/\/www.rubicon3adventure.com\/wp-content\/uploads\/2024\/03\/Rubicon_Schema-Image-scaled.jpg","type":"image\/jpeg"}],"twitter_card":"summary_large_image","twitter_site":"@rubicon3sailing","schema":{"@context":"https:\/\/schema.org","@graph":[{"@type":"WebPage","@id":"https:\/\/www.rubicon3adventure.com\/es\/descubre\/trabajo-para-rubicon-3\/","url":"https:\/\/www.rubicon3adventure.com\/es\/descubre\/trabajo-para-rubicon-3\/","name":"Carreras en Rubicon 3: \u00a1\u00danete a nuestra aventura como Patr\u00f3n o Compa\u00f1ero!","isPartOf":{"@id":"https:\/\/www.rubicon3adventure.com\/es\/#website"},"datePublished":"2024-03-04T12:49:04+00:00","dateModified":"2024-06-28T11:41:29+00:00","description":"\u00a1\u00danete a Rubic\u00f3n 3 como patr\u00f3n o ayudante! Emb\u00e1rcate en viajes que cambian la vida, lidera con pasi\u00f3n e inspira a trav\u00e9s de la navegaci\u00f3n. Inscr\u00edbete ahora.","breadcrumb":{"@id":"https:\/\/www.rubicon3adventure.com\/es\/descubre\/trabajo-para-rubicon-3\/#breadcrumb"},"inLanguage":"es","potentialAction":[{"@type":"ReadAction","target":["https:\/\/www.rubicon3adventure.com\/es\/descubre\/trabajo-para-rubicon-3\/"]}]},{"@type":"BreadcrumbList","@id":"https:\/\/www.rubicon3adventure.com\/es\/descubre\/trabajo-para-rubicon-3\/#breadcrumb","itemListElement":[{"@type":"ListItem","position":1,"name":"Descubre","item":"https:\/\/www.rubicon3adventure.com\/es\/descubre\/"},{"@type":"ListItem","position":2,"name":"Trabaja para Rubic\u00f3n 3"}]},{"@type":"WebSite","@id":"https:\/\/www.rubicon3adventure.com\/es\/#website","url":"https:\/\/www.rubicon3adventure.com\/es\/","name":"Rubicon 3 Adventure","description":"","publisher":{"@id":"https:\/\/www.rubicon3adventure.com\/es\/#organization"},"potentialAction":[{"@type":"SearchAction","target":{"@type":"EntryPoint","urlTemplate":"https:\/\/www.rubicon3adventure.com\/es\/?s={search_term_string}"},"query-input":{"@type":"PropertyValueSpecification","valueRequired":true,"valueName":"search_term_string"}}],"inLanguage":"es"},{"@type":"Organization","@id":"https:\/\/www.rubicon3adventure.com\/es\/#organization","name":"Rubicon 3 Adventures","alternateName":"Blueco Holdings Ltd","url":"https:\/\/www.rubicon3adventure.com\/es\/","logo":{"@type":"ImageObject","inLanguage":"es","@id":"https:\/\/www.rubicon3adventure.com\/es\/#\/schema\/logo\/image\/","url":"https:\/\/www.rubicon3adventure.com\/wp-content\/uploads\/2024\/03\/Rubicon_Schema-Image-scaled.jpg","contentUrl":"https:\/\/www.rubicon3adventure.com\/wp-content\/uploads\/2024\/03\/Rubicon_Schema-Image-scaled.jpg","width":2560,"height":1554,"caption":"Rubicon 3 Adventures"},"image":{"@id":"https:\/\/www.rubicon3adventure.com\/es\/#\/schema\/logo\/image\/"},"sameAs":["https:\/\/www.facebook.com\/rubicon3sailing","https:\/\/x.com\/rubicon3sailing","https:\/\/www.instagram.com\/rubicon_3_sailing\/","https:\/\/www.pinterest.co.uk\/rubicon3sailing\/","https:\/\/www.youtube.com\/channel\/UCUVTAy1Qm4lz0uZI_83Um8A","https:\/\/www.linkedin.com\/company\/rubicon-3\/"]}]}},"_links":{"self":[{"href":"https:\/\/www.rubicon3adventure.com\/es\/wp-json\/wp\/v2\/pages\/5421","targetHints":{"allow":["GET"]}}],"collection":[{"href":"https:\/\/www.rubicon3adventure.com\/es\/wp-json\/wp\/v2\/pages"}],"about":[{"href":"https:\/\/www.rubicon3adventure.com\/es\/wp-json\/wp\/v2\/types\/page"}],"author":[{"embeddable":true,"href":"https:\/\/www.rubicon3adventure.com\/es\/wp-json\/wp\/v2\/users\/2"}],"replies":[{"embeddable":true,"href":"https:\/\/www.rubicon3adventure.com\/es\/wp-json\/wp\/v2\/comments?post=5421"}],"version-history":[{"count":0,"href":"https:\/\/www.rubicon3adventure.com\/es\/wp-json\/wp\/v2\/pages\/5421\/revisions"}],"up":[{"embeddable":true,"href":"https:\/\/www.rubicon3adventure.com\/es\/wp-json\/wp\/v2\/pages\/5503"}],"wp:attachment":[{"href":"https:\/\/www.rubicon3adventure.com\/es\/wp-json\/wp\/v2\/media?parent=5421"}],"curies":[{"name":"wp","href":"https:\/\/api.w.org\/{rel}","templated":true}]}}