{"id":5429,"date":"2024-03-06T08:27:45","date_gmt":"2024-03-06T08:27:45","guid":{"rendered":"https:\/\/www.rubicon3adventure.com\/guia-de-condicionamiento-para-rubicon-3-crew\/"},"modified":"2024-06-28T12:47:16","modified_gmt":"2024-06-28T11:47:16","slug":"guia-de-condicionamiento-para-rubicon-3-crew","status":"publish","type":"page","link":"https:\/\/www.rubicon3adventure.com\/es\/guia-de-condicionamiento-para-rubicon-3-crew\/","title":{"rendered":"Gu\u00eda de fitness para la tripulaci\u00f3n del Rubic\u00f3n 3"},"content":{"rendered":"<div class=\"flex-1 overflow-hidden\">\n<div class=\"react-scroll-to-bottom--css-kmrap-79elbk h-full\">\n<div class=\"react-scroll-to-bottom--css-kmrap-1n7m0yu\">\n<div class=\"flex flex-col text-sm pb-9\">\n<div class=\"w-full text-token-text-primary\" data-testid=\"conversation-turn-11\">\n<div class=\"px-4 py-2 justify-center text-base md:gap-6 m-auto\">\n<div class=\"flex flex-1 text-base mx-auto gap-3 md:px-5 lg:px-1 xl:px-5 md:max-w-3xl lg:max-w-[40rem] xl:max-w-[48rem] group final-completion\">\n<div class=\"relative flex w-full flex-col agent-turn\">\n<div class=\"flex-col gap-1 md:gap-3\">\n<div class=\"flex flex-grow flex-col max-w-full\">\n<div class=\"min-h-[20px] text-message flex flex-col items-start gap-3 whitespace-pre-wrap break-words [.text-message+&amp;]:mt-5 overflow-x-auto\" data-message-author-role=\"assistant\" data-message-id=\"552624ca-6ca8-45b7-9647-bc1a7906071b\">\n<div class=\"markdown prose w-full break-words dark:prose-invert light\">\n<p>Bienvenido a tu gu\u00eda esencial para comprender los requisitos de forma f\u00edsica y agilidad necesarios para embarcarte en un viaje en velero Rubic\u00f3n 3. Nuestras aventuras est\u00e1n dise\u00f1adas para personas que posean un nivel moderado de forma f\u00edsica y agilidad, ya que la naturaleza din\u00e1mica de la navegaci\u00f3n y las tareas f\u00edsicas que conlleva exigen un cierto grado de preparaci\u00f3n f\u00edsica. Esto deber\u00eda estar al alcance de cualquiera que sea moderadamente activo a diario.<\/p>\n<h4>Necesitas una fuerza y estabilidad centrales decentes<\/h4>\n<p>Mantener el equilibrio y la estabilidad en una cubierta en constante movimiento requiere un n\u00facleo robusto. Los miembros de la tripulaci\u00f3n deben ser capaces de trabajar c\u00f3modamente el tronco durante periodos repetidos.<\/p>\n<h4>Necesitar\u00e1s una fuerza media en la parte superior del cuerpo<\/h4>\n<p>La capacidad para manejar velas, cuerdas y equipos exige una fuerza media de la parte superior del cuerpo. Esto incluye levantar y transportar equipos, tirar de cabos con una resistencia significativa y realizar tareas que impliquen empujar, tirar y levantar por encima de la altura de los hombros. No todo el mundo tiene que ser capaz de completar todas las tareas y, de nuevo, si eres razonablemente activo estar\u00e1s bien.<\/p>\n<h4>Necesitar\u00e1s fuerza y agilidad en la parte inferior del cuerpo<\/h4>\n<p>La fuerza y agilidad normales de las piernas son cruciales para moverse con seguridad por la embarcaci\u00f3n, especialmente en condiciones dif\u00edciles. Esto incluye la capacidad de estar de pie, agachado y moverse con seguridad y eficacia por la embarcaci\u00f3n, manteniendo el equilibrio y adapt\u00e1ndose a los movimientos de la embarcaci\u00f3n.<\/p>\n<h4>Aceptar que la navegaci\u00f3n requiere cierta resistencia y aguante<\/h4>\n<p>La navegaci\u00f3n puede implicar largos periodos de actividad f\u00edsica. Los miembros de la tripulaci\u00f3n deben tener la resistencia necesaria para realizar diversas tareas y deberes durante periodos prolongados, independientemente de las condiciones meteorol\u00f3gicas. Sobre todo si te apuntas a un viaje en alta mar o a una Masterclass.<\/p>\n<h4>La flexibilidad y la movilidad son importantes<\/h4>\n<p>Es esencial poder moverse libre y c\u00f3modamente en espacios reducidos y subirse a las literas. Los miembros de la tripulaci\u00f3n deben poseer una flexibilidad y movilidad decentes para doblarse, estirarse y estirarse en varias direcciones sin molestias.<\/p>\n<h4>Resiliencia mental<\/h4>\n<p>Aunque no es un atributo f\u00edsico, la resistencia mental es absolutamente clave para hacer frente a las exigencias de la navegaci\u00f3n de expedici\u00f3n y probablemente m\u00e1s que cualquier atributo f\u00edsico. Especialmente si navegas mar adentro, van a ocurrir cosas que te pondr\u00e1n a prueba. Puede que haya d\u00edas fr\u00edos, h\u00famedos y largos. La cena puede caerse al suelo. El agua caliente puede estar temporalmente fuera de servicio. Puede que no haya viento o que haya demasiado viento. Esto forma parte de estar en el mar y navegar. Si quieres una navegaci\u00f3n suave y f\u00e1cil y un apoyo total, Sunsail y Amarres son estupendos. Si quieres navegar fuera de los caminos trillados y vivir una aut\u00e9ntica aventura, nunca insistiremos lo suficiente en la necesidad de tener resiliencia mental.<\/p>\n<h3>\u00bfPuedes superar nuestra prueba de aptitud?<\/h3>\n<p>Para asegurarte de que est\u00e1s preparado para las exigencias f\u00edsicas de un viaje en velero Rubic\u00f3n 3, te recomendamos que eval\u00faes tu capacidad para completar los ejercicios que se muestran en nuestro gr\u00e1fico de prueba de aptitud f\u00edsica. Si puedes completar estos ejercicios, es probable que est\u00e9s en buena forma para unirte a nuestras aventuras de navegaci\u00f3n. Esta evaluaci\u00f3n es una forma pr\u00e1ctica de medir tu preparaci\u00f3n f\u00edsica y garantizar que tu experiencia sea agradable y segura.<\/p>\n<p><img loading=\"lazy\" decoding=\"async\" class=\"alignnone wp-image-1707 size-full\" src=\"https:\/\/www.rubicon3adventure.com\/wp-content\/uploads\/2024\/03\/Fitness-to-sail-graphic.webp\" alt=\"Aptitud para navegar\" width=\"864\" height=\"660\" srcset=\"https:\/\/www.rubicon3adventure.com\/wp-content\/uploads\/2024\/03\/Fitness-to-sail-graphic.webp 864w, https:\/\/www.rubicon3adventure.com\/wp-content\/uploads\/2024\/03\/Fitness-to-sail-graphic-300x229.webp 300w, https:\/\/www.rubicon3adventure.com\/wp-content\/uploads\/2024\/03\/Fitness-to-sail-graphic-768x587.webp 768w, https:\/\/www.rubicon3adventure.com\/wp-content\/uploads\/2024\/03\/Fitness-to-sail-graphic-860x657.webp 860w, https:\/\/www.rubicon3adventure.com\/wp-content\/uploads\/2024\/03\/Fitness-to-sail-graphic-640x489.webp 640w, https:\/\/www.rubicon3adventure.com\/wp-content\/uploads\/2024\/03\/Fitness-to-sail-graphic-530x405.webp 530w, https:\/\/www.rubicon3adventure.com\/wp-content\/uploads\/2024\/03\/Fitness-to-sail-graphic-420x321.webp 420w, https:\/\/www.rubicon3adventure.com\/wp-content\/uploads\/2024\/03\/Fitness-to-sail-graphic-600x458.webp 600w\" sizes=\"auto, (max-width: 864px) 100vw, 864px\" \/><\/p>\n<\/div>\n<\/div>\n<\/div>\n<div class=\"mt-1 flex justify-start gap-3 empty:hidden\">\n<div class=\"text-gray-400 flex self-end lg:self-center items-center justify-center lg:justify-start mt-0 -ml-1 h-7 gap-[2px] visible\">\n<div class=\"flex items-center gap-1.5 text-xs\"><\/div>\n<\/div>\n<\/div>\n<h3 class=\"pr-2 lg:pr-0\">\u00bfQuieres ponerte en forma antes de tu viaje en barco?<\/h3>\n<div class=\"flex-1 overflow-hidden\">\n<div class=\"react-scroll-to-bottom--css-kmrap-79elbk h-full\">\n<div class=\"react-scroll-to-bottom--css-kmrap-1n7m0yu\">\n<div class=\"flex flex-col text-sm pb-9\">\n<div class=\"w-full text-token-text-primary\" data-testid=\"conversation-turn-13\">\n<div class=\"px-4 py-2 justify-center text-base md:gap-6 m-auto\">\n<div class=\"flex flex-1 text-base mx-auto gap-3 md:px-5 lg:px-1 xl:px-5 md:max-w-3xl lg:max-w-[40rem] xl:max-w-[48rem] group final-completion\">\n<div class=\"relative flex w-full flex-col agent-turn\">\n<div class=\"flex-col gap-1 md:gap-3\">\n<div class=\"flex flex-grow flex-col max-w-full\">\n<div class=\"min-h-[20px] text-message flex flex-col items-start gap-3 whitespace-pre-wrap break-words [.text-message+&amp;]:mt-5 overflow-x-auto\" data-message-author-role=\"assistant\" data-message-id=\"f2a60125-a96c-473d-ba24-a90b0965c900\">\n<div class=\"markdown prose w-full break-words dark:prose-invert light\">\n<p>Este programa de 4 semanas est\u00e1 dise\u00f1ado para mejorar la fuerza central, la fuerza de la parte superior e inferior del cuerpo, la flexibilidad y la resistencia general con s\u00f3lo 15 minutos al d\u00eda, cuatro d\u00edas a la semana. No se necesita equipo especializado, por lo que es ideal para quienes tienen acceso limitado a las instalaciones de un gimnasio.<\/p>\n<h4>Semana 1: Cimentaci\u00f3n<\/h4>\n<ul>\n<li><strong>D\u00eda 1: Fortalecimiento del tronco<\/strong>\n<ul>\n<li>Planchas: 2 series de 30 segundos<\/li>\n<li>Elevaciones de piernas tumbado: 2 series de 10 repeticiones<\/li>\n<\/ul>\n<\/li>\n<li><strong>D\u00eda 2: Fuerza de la parte superior del cuerpo<\/strong>\n<ul>\n<li>Flexiones: 2 series de 8 repeticiones (flexiones de rodilla para una opci\u00f3n menos intensa)<\/li>\n<li>C\u00edrculos con los brazos: 2 series de 30 segundos en cada direcci\u00f3n<\/li>\n<\/ul>\n<\/li>\n<li><strong>D\u00eda 3: Fuerza de la parte inferior del cuerpo<\/strong>\n<ul>\n<li>Sentadillas: 2 series de 12 repeticiones<\/li>\n<li>Estocadas: 2 series de 10 repeticiones con cada pierna<\/li>\n<\/ul>\n<\/li>\n<li><strong>D\u00eda 4: Flexibilidad y movilidad<\/strong>\n<ul>\n<li>Rutina de estiramientos centrada en las piernas, la espalda y los brazos. Mant\u00e9n cada estiramiento durante 20-30 segundos.<\/li>\n<\/ul>\n<\/li>\n<\/ul>\n<h4>Semana 2: Aumento de la intensidad<\/h4>\n<ul>\n<li><strong>D\u00eda 1: Fortalecimiento del tronco<\/strong>\n<ul>\n<li>Planchas laterales: 2 series de 20 segundos a cada lado<\/li>\n<li>Abdominales en bicicleta: 2 series de 15 repeticiones<\/li>\n<\/ul>\n<\/li>\n<li><strong>D\u00eda 2: Fuerza de la parte superior del cuerpo<\/strong>\n<ul>\n<li>Flexiones en silla: 2 series de 10 repeticiones<\/li>\n<li>Flexiones de pared: 2 series de 12 repeticiones<\/li>\n<\/ul>\n<\/li>\n<li><strong>D\u00eda 3: Parte inferior del cuerpo y equilibrio<\/strong>\n<ul>\n<li>Elevaciones de pantorrilla de pie: 2 series de 15 repeticiones<\/li>\n<li>Equilibrio con una sola pierna: 2 series de 30 segundos con cada pierna<\/li>\n<\/ul>\n<\/li>\n<li><strong>D\u00eda 4: Flexibilidad y movilidad<\/strong>\n<ul>\n<li>Posturas b\u00e1sicas de Yoga o Pilates centradas en el n\u00facleo y la flexibilidad. Practica durante 15 minutos.<\/li>\n<\/ul>\n<\/li>\n<\/ul>\n<h4>Semana 3: Desarrollar la resistencia<\/h4>\n<ul>\n<li><strong>D\u00eda 1: N\u00facleo y resistencia<\/strong>\n<ul>\n<li>Planchas con elevaci\u00f3n de piernas: 2 series de 30 segundos<\/li>\n<li>Escalada de monta\u00f1a: 2 series de 20 segundos<\/li>\n<\/ul>\n<\/li>\n<li><strong>D\u00eda 2: Fuerza de la parte superior del cuerpo<\/strong>\n<ul>\n<li>Flexiones con rotaci\u00f3n: 2 series de 8 repeticiones<\/li>\n<li>\u00c1ngeles de nieve invertidos: 2 series de 12 repeticiones<\/li>\n<\/ul>\n<\/li>\n<li><strong>D\u00eda 3: Fuerza de la parte inferior del cuerpo<\/strong>\n<ul>\n<li>Sentadilla a puntillas: 2 series de 12 repeticiones<\/li>\n<li>Step-Ups (usando escaleras): 2 series de 12 repeticiones con cada pierna<\/li>\n<\/ul>\n<\/li>\n<li><strong>D\u00eda 4: Flexibilidad y movilidad<\/strong>\n<ul>\n<li>Estiramientos din\u00e1micos centrados en movimientos din\u00e1micos como balanceos de piernas y brazos durante 15 minutos.<\/li>\n<\/ul>\n<\/li>\n<\/ul>\n<h4>Semana 4: Consolidaci\u00f3n y Resistencia<\/h4>\n<ul>\n<li><strong>D\u00eda 1: Resistencia del n\u00facleo<\/strong>\n<ul>\n<li>Plancha: Aguanta el mayor tiempo posible<\/li>\n<li>Torsiones rusas: 2 series de 20 repeticiones<\/li>\n<\/ul>\n<\/li>\n<li><strong>D\u00eda 2: Resistencia de la parte superior del cuerpo<\/strong>\n<ul>\n<li>Flexiones: Haz tantas como puedas de una sola vez<\/li>\n<li>Supermans: 2 series de 15 repeticiones<\/li>\n<\/ul>\n<\/li>\n<li><strong>D\u00eda 3: Resistencia de la parte inferior del cuerpo<\/strong>\n<ul>\n<li>Estocadas: Haz tantas como puedas en 2 minutos<\/li>\n<li>Sentada en la pared: Aguanta el mayor tiempo posible<\/li>\n<\/ul>\n<\/li>\n<li><strong>D\u00eda 4: Estiramiento y relajaci\u00f3n de todo el cuerpo<\/strong>\n<ul>\n<li>Una rutina de estiramientos de todo el cuerpo, incluyendo los estiramientos de semanas anteriores. Termina con una meditaci\u00f3n de 5 minutos para relajar la mente y el cuerpo.<\/li>\n<\/ul>\n<\/li>\n<\/ul>\n<p>Recuerda, la constancia es la clave, y escuchar a tu cuerpo es crucial. Ajusta las repeticiones y las series seg\u00fan sea necesario, centr\u00e1ndote en la forma m\u00e1s que en la cantidad para evitar lesiones. Antes de empezar un nuevo r\u00e9gimen de ejercicio, sobre todo si tienes problemas de salud, es aconsejable consultar con un profesional sanitario.<\/p>\n<\/div>\n<\/div>\n<\/div>\n<div class=\"mt-1 flex justify-start gap-3 empty:hidden\">\n<div class=\"text-gray-400 flex self-end lg:self-center items-center justify-center lg:justify-start mt-0 -ml-1 h-7 gap-[2px] visible\">\n<div class=\"flex items-center gap-1.5 text-xs\"><\/div>\n<\/div>\n<\/div>\n<div class=\"pr-2 lg:pr-0\"><\/div>\n<\/div>\n<\/div>\n<\/div>\n<\/div>\n<\/div>\n<\/div>\n<\/div>\n<\/div>\n<\/div>\n<div class=\"w-full pt-2 md:pt-0 dark:border-white\/20 md:border-transparent md:dark:border-transparent md:w-[calc(100%-.5rem)]\">\n<form class=\"stretch mx-2 flex flex-row gap-3 last:mb-2 md:mx-4 md:last:mb-6 lg:mx-auto lg:max-w-2xl xl:max-w-3xl\">\n<div class=\"relative flex h-full flex-1 flex-col\">\n<div class=\"flex w-full items-center\">\n<div class=\"overflow-hidden [&amp;:has(textarea:focus)]:border-token-border-xheavy [&amp;:has(textarea:focus)]:shadow-[0_2px_6px_rgba(0,0,0,.05)] flex flex-col w-full flex-grow relative border dark:text-white rounded-2xl bg-token-main-surface-primary border-token-border-medium\">\n<div data-grammarly-part=\"button\">\n<div>\n<div>\n<div class=\"amkYk\">\n<div>\n<div class=\"ptGJG\"><\/div>\n<\/div>\n<\/div>\n<\/div>\n<\/div>\n<\/div>\n<\/div>\n<\/div>\n<\/div>\n<\/form>\n<\/div>\n<\/div>\n<\/div>\n<\/div>\n<\/div>\n<\/div>\n<\/div>\n<\/div>\n<\/div>\n<\/div>\n","protected":false},"excerpt":{"rendered":"<p>Bienvenido a tu gu\u00eda esencial para comprender los requisitos de forma f\u00edsica y agilidad necesarios&hellip;<\/p>\n","protected":false},"author":5,"featured_media":0,"parent":0,"menu_order":0,"comment_status":"closed","ping_status":"closed","template":"","meta":{"_acf_changed":false,"content-type":"","footnotes":""},"class_list":["post-5429","page","type-page","status-publish","hentry"],"acf":[],"yoast_head":"<!-- This site is optimized with the Yoast SEO Premium plugin v27.5 (Yoast SEO v27.6) - https:\/\/yoast.com\/product\/yoast-seo-premium-wordpress\/ -->\n<title>Requisitos de aptitud f\u00edsica para navegar | Aventura Rubic\u00f3n 3<\/title>\n<meta name=\"description\" content=\"Descubre con nosotros los niveles de forma f\u00edsica imprescindibles para navegar. Nuestra gu\u00eda describe la agilidad y la fuerza que necesitas, con una r\u00e1pida prueba de aptitud f\u00edsica.\" \/>\n<meta name=\"robots\" content=\"index, follow, max-snippet:-1, max-image-preview:large, max-video-preview:-1\" \/>\n<link rel=\"canonical\" href=\"https:\/\/www.rubicon3adventure.com\/es\/guia-de-condicionamiento-para-rubicon-3-crew\/\" \/>\n<meta property=\"og:locale\" content=\"es_ES\" \/>\n<meta property=\"og:type\" content=\"article\" \/>\n<meta property=\"og:title\" content=\"Requisitos de aptitud f\u00edsica para navegar | Aventura Rubic\u00f3n 3\" \/>\n<meta property=\"og:description\" content=\"Descubre con nosotros los niveles de forma f\u00edsica imprescindibles para navegar. Nuestra gu\u00eda describe la agilidad y la fuerza que necesitas, con una r\u00e1pida prueba de aptitud f\u00edsica.\" \/>\n<meta property=\"og:url\" content=\"https:\/\/www.rubicon3adventure.com\/es\/guia-de-condicionamiento-para-rubicon-3-crew\/\" \/>\n<meta property=\"og:site_name\" content=\"Rubicon 3 Adventure\" \/>\n<meta property=\"article:publisher\" content=\"https:\/\/www.facebook.com\/rubicon3sailing\" \/>\n<meta property=\"article:modified_time\" content=\"2024-06-28T11:47:16+00:00\" \/>\n<meta property=\"og:image\" content=\"https:\/\/www.rubicon3adventure.com\/wp-content\/uploads\/2024\/03\/Fitness-to-sail-graphic.webp\" \/>\n<meta name=\"twitter:card\" content=\"summary_large_image\" \/>\n<meta name=\"twitter:site\" content=\"@rubicon3sailing\" \/>\n<meta name=\"twitter:label1\" content=\"Tiempo de lectura\" \/>\n\t<meta name=\"twitter:data1\" content=\"6 minutos\" \/>\n<script type=\"application\/ld+json\" class=\"yoast-schema-graph\">{\"@context\":\"https:\\\/\\\/schema.org\",\"@graph\":[{\"@type\":\"WebPage\",\"@id\":\"https:\\\/\\\/www.rubicon3adventure.com\\\/es\\\/guia-de-condicionamiento-para-rubicon-3-crew\\\/\",\"url\":\"https:\\\/\\\/www.rubicon3adventure.com\\\/es\\\/guia-de-condicionamiento-para-rubicon-3-crew\\\/\",\"name\":\"Requisitos de aptitud f\u00edsica para navegar | Aventura Rubic\u00f3n 3\",\"isPartOf\":{\"@id\":\"https:\\\/\\\/www.rubicon3adventure.com\\\/es\\\/#website\"},\"primaryImageOfPage\":{\"@id\":\"https:\\\/\\\/www.rubicon3adventure.com\\\/es\\\/guia-de-condicionamiento-para-rubicon-3-crew\\\/#primaryimage\"},\"image\":{\"@id\":\"https:\\\/\\\/www.rubicon3adventure.com\\\/es\\\/guia-de-condicionamiento-para-rubicon-3-crew\\\/#primaryimage\"},\"thumbnailUrl\":\"https:\\\/\\\/www.rubicon3adventure.com\\\/wp-content\\\/uploads\\\/2024\\\/03\\\/Fitness-to-sail-graphic.webp\",\"datePublished\":\"2024-03-06T08:27:45+00:00\",\"dateModified\":\"2024-06-28T11:47:16+00:00\",\"description\":\"Descubre con nosotros los niveles de forma f\u00edsica imprescindibles para navegar. Nuestra gu\u00eda describe la agilidad y la fuerza que necesitas, con una r\u00e1pida prueba de aptitud f\u00edsica.\",\"inLanguage\":\"es\",\"potentialAction\":[{\"@type\":\"ReadAction\",\"target\":[\"https:\\\/\\\/www.rubicon3adventure.com\\\/es\\\/guia-de-condicionamiento-para-rubicon-3-crew\\\/\"]}]},{\"@type\":\"ImageObject\",\"inLanguage\":\"es\",\"@id\":\"https:\\\/\\\/www.rubicon3adventure.com\\\/es\\\/guia-de-condicionamiento-para-rubicon-3-crew\\\/#primaryimage\",\"url\":\"https:\\\/\\\/www.rubicon3adventure.com\\\/wp-content\\\/uploads\\\/2024\\\/03\\\/Fitness-to-sail-graphic.webp\",\"contentUrl\":\"https:\\\/\\\/www.rubicon3adventure.com\\\/wp-content\\\/uploads\\\/2024\\\/03\\\/Fitness-to-sail-graphic.webp\"},{\"@type\":\"WebSite\",\"@id\":\"https:\\\/\\\/www.rubicon3adventure.com\\\/es\\\/#website\",\"url\":\"https:\\\/\\\/www.rubicon3adventure.com\\\/es\\\/\",\"name\":\"Rubicon 3 Adventure\",\"description\":\"\",\"publisher\":{\"@id\":\"https:\\\/\\\/www.rubicon3adventure.com\\\/es\\\/#organization\"},\"potentialAction\":[{\"@type\":\"SearchAction\",\"target\":{\"@type\":\"EntryPoint\",\"urlTemplate\":\"https:\\\/\\\/www.rubicon3adventure.com\\\/es\\\/?s={search_term_string}\"},\"query-input\":{\"@type\":\"PropertyValueSpecification\",\"valueRequired\":true,\"valueName\":\"search_term_string\"}}],\"inLanguage\":\"es\"},{\"@type\":\"Organization\",\"@id\":\"https:\\\/\\\/www.rubicon3adventure.com\\\/es\\\/#organization\",\"name\":\"Rubicon 3 Adventures\",\"alternateName\":\"Blueco Holdings Ltd\",\"url\":\"https:\\\/\\\/www.rubicon3adventure.com\\\/es\\\/\",\"logo\":{\"@type\":\"ImageObject\",\"inLanguage\":\"es\",\"@id\":\"https:\\\/\\\/www.rubicon3adventure.com\\\/es\\\/#\\\/schema\\\/logo\\\/image\\\/\",\"url\":\"https:\\\/\\\/www.rubicon3adventure.com\\\/wp-content\\\/uploads\\\/2024\\\/03\\\/Rubicon_Schema-Image-scaled.jpg\",\"contentUrl\":\"https:\\\/\\\/www.rubicon3adventure.com\\\/wp-content\\\/uploads\\\/2024\\\/03\\\/Rubicon_Schema-Image-scaled.jpg\",\"width\":2560,\"height\":1554,\"caption\":\"Rubicon 3 Adventures\"},\"image\":{\"@id\":\"https:\\\/\\\/www.rubicon3adventure.com\\\/es\\\/#\\\/schema\\\/logo\\\/image\\\/\"},\"sameAs\":[\"https:\\\/\\\/www.facebook.com\\\/rubicon3sailing\",\"https:\\\/\\\/x.com\\\/rubicon3sailing\",\"https:\\\/\\\/www.instagram.com\\\/rubicon_3_sailing\\\/\",\"https:\\\/\\\/www.pinterest.co.uk\\\/rubicon3sailing\\\/\",\"https:\\\/\\\/www.youtube.com\\\/channel\\\/UCUVTAy1Qm4lz0uZI_83Um8A\",\"https:\\\/\\\/www.linkedin.com\\\/company\\\/rubicon-3\\\/\"]}]}<\/script>\n<!-- \/ Yoast SEO Premium plugin. -->","yoast_head_json":{"title":"Requisitos de aptitud f\u00edsica para navegar | Aventura Rubic\u00f3n 3","description":"Descubre con nosotros los niveles de forma f\u00edsica imprescindibles para navegar. Nuestra gu\u00eda describe la agilidad y la fuerza que necesitas, con una r\u00e1pida prueba de aptitud f\u00edsica.","robots":{"index":"index","follow":"follow","max-snippet":"max-snippet:-1","max-image-preview":"max-image-preview:large","max-video-preview":"max-video-preview:-1"},"canonical":"https:\/\/www.rubicon3adventure.com\/es\/guia-de-condicionamiento-para-rubicon-3-crew\/","og_locale":"es_ES","og_type":"article","og_title":"Requisitos de aptitud f\u00edsica para navegar | Aventura Rubic\u00f3n 3","og_description":"Descubre con nosotros los niveles de forma f\u00edsica imprescindibles para navegar. Nuestra gu\u00eda describe la agilidad y la fuerza que necesitas, con una r\u00e1pida prueba de aptitud f\u00edsica.","og_url":"https:\/\/www.rubicon3adventure.com\/es\/guia-de-condicionamiento-para-rubicon-3-crew\/","og_site_name":"Rubicon 3 Adventure","article_publisher":"https:\/\/www.facebook.com\/rubicon3sailing","article_modified_time":"2024-06-28T11:47:16+00:00","og_image":[{"url":"https:\/\/www.rubicon3adventure.com\/wp-content\/uploads\/2024\/03\/Fitness-to-sail-graphic.webp","type":"","width":"","height":""}],"twitter_card":"summary_large_image","twitter_site":"@rubicon3sailing","twitter_misc":{"Tiempo de lectura":"6 minutos"},"schema":{"@context":"https:\/\/schema.org","@graph":[{"@type":"WebPage","@id":"https:\/\/www.rubicon3adventure.com\/es\/guia-de-condicionamiento-para-rubicon-3-crew\/","url":"https:\/\/www.rubicon3adventure.com\/es\/guia-de-condicionamiento-para-rubicon-3-crew\/","name":"Requisitos de aptitud f\u00edsica para navegar | Aventura Rubic\u00f3n 3","isPartOf":{"@id":"https:\/\/www.rubicon3adventure.com\/es\/#website"},"primaryImageOfPage":{"@id":"https:\/\/www.rubicon3adventure.com\/es\/guia-de-condicionamiento-para-rubicon-3-crew\/#primaryimage"},"image":{"@id":"https:\/\/www.rubicon3adventure.com\/es\/guia-de-condicionamiento-para-rubicon-3-crew\/#primaryimage"},"thumbnailUrl":"https:\/\/www.rubicon3adventure.com\/wp-content\/uploads\/2024\/03\/Fitness-to-sail-graphic.webp","datePublished":"2024-03-06T08:27:45+00:00","dateModified":"2024-06-28T11:47:16+00:00","description":"Descubre con nosotros los niveles de forma f\u00edsica imprescindibles para navegar. Nuestra gu\u00eda describe la agilidad y la fuerza que necesitas, con una r\u00e1pida prueba de aptitud f\u00edsica.","inLanguage":"es","potentialAction":[{"@type":"ReadAction","target":["https:\/\/www.rubicon3adventure.com\/es\/guia-de-condicionamiento-para-rubicon-3-crew\/"]}]},{"@type":"ImageObject","inLanguage":"es","@id":"https:\/\/www.rubicon3adventure.com\/es\/guia-de-condicionamiento-para-rubicon-3-crew\/#primaryimage","url":"https:\/\/www.rubicon3adventure.com\/wp-content\/uploads\/2024\/03\/Fitness-to-sail-graphic.webp","contentUrl":"https:\/\/www.rubicon3adventure.com\/wp-content\/uploads\/2024\/03\/Fitness-to-sail-graphic.webp"},{"@type":"WebSite","@id":"https:\/\/www.rubicon3adventure.com\/es\/#website","url":"https:\/\/www.rubicon3adventure.com\/es\/","name":"Rubicon 3 Adventure","description":"","publisher":{"@id":"https:\/\/www.rubicon3adventure.com\/es\/#organization"},"potentialAction":[{"@type":"SearchAction","target":{"@type":"EntryPoint","urlTemplate":"https:\/\/www.rubicon3adventure.com\/es\/?s={search_term_string}"},"query-input":{"@type":"PropertyValueSpecification","valueRequired":true,"valueName":"search_term_string"}}],"inLanguage":"es"},{"@type":"Organization","@id":"https:\/\/www.rubicon3adventure.com\/es\/#organization","name":"Rubicon 3 Adventures","alternateName":"Blueco Holdings Ltd","url":"https:\/\/www.rubicon3adventure.com\/es\/","logo":{"@type":"ImageObject","inLanguage":"es","@id":"https:\/\/www.rubicon3adventure.com\/es\/#\/schema\/logo\/image\/","url":"https:\/\/www.rubicon3adventure.com\/wp-content\/uploads\/2024\/03\/Rubicon_Schema-Image-scaled.jpg","contentUrl":"https:\/\/www.rubicon3adventure.com\/wp-content\/uploads\/2024\/03\/Rubicon_Schema-Image-scaled.jpg","width":2560,"height":1554,"caption":"Rubicon 3 Adventures"},"image":{"@id":"https:\/\/www.rubicon3adventure.com\/es\/#\/schema\/logo\/image\/"},"sameAs":["https:\/\/www.facebook.com\/rubicon3sailing","https:\/\/x.com\/rubicon3sailing","https:\/\/www.instagram.com\/rubicon_3_sailing\/","https:\/\/www.pinterest.co.uk\/rubicon3sailing\/","https:\/\/www.youtube.com\/channel\/UCUVTAy1Qm4lz0uZI_83Um8A","https:\/\/www.linkedin.com\/company\/rubicon-3\/"]}]}},"_links":{"self":[{"href":"https:\/\/www.rubicon3adventure.com\/es\/wp-json\/wp\/v2\/pages\/5429","targetHints":{"allow":["GET"]}}],"collection":[{"href":"https:\/\/www.rubicon3adventure.com\/es\/wp-json\/wp\/v2\/pages"}],"about":[{"href":"https:\/\/www.rubicon3adventure.com\/es\/wp-json\/wp\/v2\/types\/page"}],"author":[{"embeddable":true,"href":"https:\/\/www.rubicon3adventure.com\/es\/wp-json\/wp\/v2\/users\/5"}],"replies":[{"embeddable":true,"href":"https:\/\/www.rubicon3adventure.com\/es\/wp-json\/wp\/v2\/comments?post=5429"}],"version-history":[{"count":0,"href":"https:\/\/www.rubicon3adventure.com\/es\/wp-json\/wp\/v2\/pages\/5429\/revisions"}],"wp:attachment":[{"href":"https:\/\/www.rubicon3adventure.com\/es\/wp-json\/wp\/v2\/media?parent=5429"}],"curies":[{"name":"wp","href":"https:\/\/api.w.org\/{rel}","templated":true}]}}