{"id":5431,"date":"2024-03-06T07:48:34","date_gmt":"2024-03-06T07:48:34","guid":{"rendered":"https:\/\/www.rubicon3adventure.com\/seguro-de-viaje-para-navegantes\/"},"modified":"2024-07-02T16:44:15","modified_gmt":"2024-07-02T15:44:15","slug":"seguro-de-viaje-para-navegantes","status":"publish","type":"page","link":"https:\/\/www.rubicon3adventure.com\/es\/seguro-de-viaje-para-navegantes\/","title":{"rendered":"Seguro de viaje: Navegaci\u00f3n"},"content":{"rendered":"<p data-pm-slice=\"1 3 []\">Es muy recomendable que contrates un seguro de viaje antes de salir a navegar. Incluso antes de zarpar, es posible que tengas que cancelar el viaje por motivos de salud, que tu vuelo no llegue a la fecha de salida, que tu equipaje se estropee o se pierda, o que no todo vaya sobre ruedas y necesites asistencia m\u00e9dica lejos de tu pa\u00eds de origen. El seguro de navegaci\u00f3n est\u00e1 dise\u00f1ado para ofrecer cobertura en estos supuestos, proporcionando tranquilidad y seguridad econ\u00f3mica y garantizando que est\u00e1s bien preparado y protegido si necesitas tratamiento adicional o tienes gastos m\u00e9dicos o judiciales. La cobertura exacta que necesitas depender\u00e1 del tipo de navegaci\u00f3n que quieras hacer, de si piensas navegar m\u00e1s de una vez al a\u00f1o y de d\u00f3nde residas.<\/p>\n<h4><strong>ASEG\u00daRATE DE TENER UN SEGURO QUE CUBRA ESPEC\u00cdFICAMENTE LA NAVEGACI\u00d3N<\/strong><\/h4>\n<p>Muchas p\u00f3lizas de seguro est\u00e1ndar que cubren accidentes personales no ofrecen cobertura de navegaci\u00f3n, as\u00ed que si piensas utilizar tu cobertura actual, compru\u00e9bala cuidadosamente. Tampoco es habitual que las p\u00f3lizas generales de seguro de viaje cubran la navegaci\u00f3n a m\u00e1s de 12 millas de la costa, as\u00ed que, de nuevo, compru\u00e9balo cuidadosamente. A menos que est\u00e9s seguro, siempre recomendamos contratar una p\u00f3liza espec\u00edfica para el seguro de navegaci\u00f3n. Es probable que una p\u00f3liza est\u00e1ndar cubra al asegurado en caso de evacuaci\u00f3n m\u00e9dica urgente y el uso de medios costosos, como una ambulancia a\u00e9rea, pero merece la pena volver a comprobarlo.<\/p>\n<h4><strong>CONSIGUE LA COBERTURA ADECUADA AGUAS COSTERAS O AGUAS ABIERTAS Y M\u00c1S ALL\u00c1<\/strong><\/h4>\n<p>La mayor\u00eda de las p\u00f3lizas de navegaci\u00f3n diferencian entre las que te cubren hasta 12 millas mar adentro y las que no. Pueden utilizar el t\u00e9rmino aguas territoriales, que suele considerarse lo mismo que no navegar a m\u00e1s de 12 millas de la costa. La mayor\u00eda de los <a href=\"https:\/\/www.rubicon3adventure.com\/product-category\/adventure-sailing-holidays\/coastal\/\">viajes costeros<\/a> del Rubic\u00f3n 3 permanecen en aguas territoriales, pero comprueba las notas espec\u00edficas de tu viaje. En todos nuestros viajes oce\u00e1nicos y de navegaci\u00f3n en alta mar, as\u00ed como en nuestra Clase Magistral de Creaci\u00f3n de Pasajes, navegaremos fuera de las aguas territoriales. Si no est\u00e1s seguro, ponte en contacto.<\/p>\n<h4><strong>SEGURO DE VIAJE PARA UN SOLO VIAJE O COBERTURA ANUAL PARA VARIOS VIAJES<\/strong><\/h4>\n<p>Piensa si es probable que navegues m\u00e1s de una vez en un periodo de 12 meses. \u00bfQuiz\u00e1 tengas planeada alguna navegaci\u00f3n en flotilla adem\u00e1s de tu aventura en el Rubic\u00f3n 3? Si es as\u00ed, te saldr\u00e1 m\u00e1s rentable contratar una p\u00f3liza anual multiviaje o una p\u00f3liza que cubra los viajes alrededor del mundo. Si se trata de una sola vez al a\u00f1o, probablemente lo mejor sea una p\u00f3liza para un solo viaje.<\/p>\n<h4><strong>ASEG\u00daRATE DE QUE LA P\u00d3LIZA CUBRE LA CANCELACI\u00d3N DEL VIAJE<\/strong><\/h4>\n<p>Si Rubic\u00f3n 3 <a href=\"https:\/\/www.rubicon3adventure.com\/es\/condiciones-generales-de-contratacion\/\">cancela el viaje<\/a>, te devolvemos autom\u00e1tica y r\u00e1pidamente el dinero que nos hayas pagado por tus vacaciones en velero, por lo que no necesitas un seguro para este tipo de cancelaci\u00f3n de viaje. Sin embargo, a veces los tripulantes tienen que cancelar su viaje con nosotros, por ejemplo, cuando surge un problema m\u00e9dico. En este caso, es esencial que tengas un seguro de cancelaci\u00f3n de viaje, ya que no podremos reembolsarte el dinero que nos hayas pagado.<\/p>\n<h4><strong>DECLARAR ENFERMEDADES PREEXISTENTES<\/strong><\/h4>\n<p>Aseg\u00farate de revelar una enfermedad preexistente cuando contrates el seguro de viaje a vela, ya que tu seguro de vacaciones a vela o la cobertura de rescate pueden quedar invalidados si no lo haces.<\/p>\n<h4><strong>SEGURO DE RESPONSABILIDAD CIVIL<\/strong><\/h4>\n<p>Rubic\u00f3n 3 no te exige que tengas un seguro que te cubra la responsabilidad personal. Las p\u00f3lizas est\u00e1ndar de seguro de viaje a vela deber\u00edan darte toda la cobertura que necesitas. Las p\u00f3lizas tambi\u00e9n suelen cubrir los gastos judiciales.<\/p>\n<h4>ASEG\u00daRATE DE QUE EST\u00c1S CUBIERTO PARA OTRAS ACTIVIDADES<\/h4>\n<p>Especialmente si est\u00e1s de <a href=\"https:\/\/www.rubicon3adventure.com\/product-category\/adventure-sailing-holidays\/caribbean-the-americas\/\">vacaciones navegando por el Caribe<\/a>, puede que quieras practicar otros deportes acu\u00e1ticos, como submarinismo o esqu\u00ed acu\u00e1tico, mientras est\u00e1s all\u00ed. Si es as\u00ed, aseg\u00farate de que tu p\u00f3liza lo cubre, sobre todo si eres aficionado a deportes m\u00e1s peligrosos.<\/p>\n<h4><strong>CU\u00c1NDO CONTRATAR EL SEGURO: FECHAS DE INICIO Y FIN<\/strong><\/h4>\n<p>Algunas p\u00f3lizas exigen que la adquieras en un plazo determinado despu\u00e9s de reservar tus vacaciones en barco, as\u00ed que merece la pena comprobarlo. Recomendamos adquirirlo al reservar las vacaciones, ya que quieres asegurarte de que, en la medida de lo posible, queden cubiertos los trastornos o problemas m\u00e9dicos que surjan antes de la salida.<\/p>\n<h4><strong>SEGURO DE VIAJE PARA NAVEGANTES RESIDENTES EN EL REINO UNIDO<\/strong><\/h4>\n<p>Para los navegantes con base en el Reino Unido, tienes varias opciones, la mayor\u00eda de las cuales pueden darte un presupuesto instant\u00e1neo. Entre ellas est\u00e1n:<\/p>\n<ul>\n<li><a href=\"https:\/\/topsailinsurance.com\/travel-insurance\/yachtsmans-travel-insurance\/\" target=\"_blank\" rel=\"noopener noreferrer\"><u>Topsail<\/u><\/a><\/li>\n<li><a href=\"https:\/\/quoteandbuy.bishopskinner.com\/awe\/Container.aspx?CurrentWorkflow=StandardB2C&amp;CurrentStep=QuickQuote&amp;ProductTarget=Travel\" target=\"_blank\" rel=\"noopener noreferrer\"><u>Obispos Skinner<\/u><\/a><\/li>\n<li><a href=\"https:\/\/www.bigcattravelinsurance.com\/travel-insurance\/sailing-travel-insurance\/\" rel=\"noopener noreferrer\"><u>Gato grande<\/u><\/a><\/li>\n<li><a href=\"https:\/\/www.navigatortravelinsurance.co.uk\/sailing-travel-insurance\/\" rel=\"noopener noreferrer\"><u>Navegador<\/u><\/a><\/li>\n<\/ul>\n<h4><strong>SEGURO DE VIAJE PARA NAVEGANTES RESIDENTES EN LA UE<\/strong><\/h4>\n<p>Para los navegantes establecidos en la UE, las opciones incluyen:<\/p>\n<ul>\n<li><a href=\"https:\/\/www.yacht-pool.com\/crew_insurances.0.html\" rel=\"noopener noreferrer\"><u>Yate-Piscina <\/u><\/a><\/li>\n<\/ul>\n<h4><strong>SEGURO DE VIAJE PARA MARINEROS RESIDENTES EN EE.UU.<\/strong><\/h4>\n<p>Para los navegantes con base en EE.UU., las opciones incluyen:<\/p>\n<ul>\n<li><a href=\"mailto:rickb@gowrie.com\" rel=\"noopener noreferrer\"><br \/>\n  <u>Rick Bagnall en Gowrie<\/u><br \/>\n<\/a>. Ha demostrado ser excelente para nuestros clientes estadounidenses en el pasado. Tambi\u00e9n tendr\u00e1s que rellenar el <a href=\"https:\/\/www.rubicon3adventure.com\/wp-content\/uploads\/2024\/04\/Gowrie-2021-Travel-Questionnaire.pdf\" rel=\"noopener noreferrer\"><br \/>\n  <u>Formulario Gowrie aqu\u00ed<\/u><br \/>\n<\/a> para envi\u00e1rselo, as\u00ed que no es un presupuesto instant\u00e1neo.<\/li>\n<li><a href=\"https:\/\/danboater.org\/membership.html\" rel=\"noopener noreferrer\"><br \/>\n  <u>Danboater<\/u><br \/>\n<\/a>.<\/li>\n<\/ul>\n<h4><strong>SEGURO DE VIAJE PARA MARINEROS RESIDENTES EN CANAD\u00c1<\/strong><\/h4>\n<p>Para los navegantes con base en Canad\u00e1, las opciones incluyen:<\/p>\n<ul>\n<li><a href=\"https:\/\/danboater.org\/membership.html\" rel=\"noopener noreferrer\"><u>Danboater<\/u><\/a><\/li>\n<\/ul>\n","protected":false},"excerpt":{"rendered":"<p>Es muy recomendable que contrates un seguro de viaje antes de salir a navegar. Incluso&hellip;<\/p>\n","protected":false},"author":5,"featured_media":4059,"parent":0,"menu_order":0,"comment_status":"closed","ping_status":"closed","template":"","meta":{"_acf_changed":false,"content-type":"","footnotes":""},"class_list":["post-5431","page","type-page","status-publish","has-post-thumbnail","hentry"],"acf":[],"yoast_head":"<!-- This site is optimized with the Yoast SEO Premium plugin v27.3 (Yoast SEO v27.3) - https:\/\/yoast.com\/product\/yoast-seo-premium-wordpress\/ -->\n<title>| Rubic\u00f3n 3 Aventura en Vela<\/title>\n<meta name=\"description\" content=\"Consejos esenciales sobre seguros de viaje para navegantes, que garantizan tu seguridad y tranquilidad en el mar. \u00a1Que no te pillen!\" \/>\n<meta name=\"robots\" content=\"index, follow, max-snippet:-1, max-image-preview:large, max-video-preview:-1\" \/>\n<link rel=\"canonical\" href=\"https:\/\/www.rubicon3adventure.com\/es\/seguro-de-viaje-para-navegantes\/\" \/>\n<meta property=\"og:locale\" content=\"es_ES\" \/>\n<meta property=\"og:type\" content=\"article\" \/>\n<meta property=\"og:title\" content=\"| Rubic\u00f3n 3 Aventura en Vela\" \/>\n<meta property=\"og:description\" content=\"Consejos esenciales sobre seguros de viaje para navegantes, que garantizan tu seguridad y tranquilidad en el mar. \u00a1Que no te pillen!\" \/>\n<meta property=\"og:url\" content=\"https:\/\/www.rubicon3adventure.com\/es\/seguro-de-viaje-para-navegantes\/\" \/>\n<meta property=\"og:site_name\" content=\"Rubicon 3 Adventure\" \/>\n<meta property=\"article:publisher\" content=\"https:\/\/www.facebook.com\/rubicon3sailing\" \/>\n<meta property=\"article:modified_time\" content=\"2024-07-02T15:44:15+00:00\" \/>\n<meta property=\"og:image\" content=\"https:\/\/www.rubicon3adventure.com\/wp-content\/uploads\/2024\/03\/travel-insurance-for-sailors.webp\" \/>\n\t<meta property=\"og:image:width\" content=\"2560\" \/>\n\t<meta property=\"og:image:height\" content=\"1708\" \/>\n\t<meta property=\"og:image:type\" content=\"image\/webp\" \/>\n<meta name=\"twitter:card\" content=\"summary_large_image\" \/>\n<meta name=\"twitter:site\" content=\"@rubicon3sailing\" \/>\n<meta name=\"twitter:label1\" content=\"Tiempo de lectura\" \/>\n\t<meta name=\"twitter:data1\" content=\"5 minutos\" \/>\n<script type=\"application\/ld+json\" class=\"yoast-schema-graph\">{\"@context\":\"https:\\\/\\\/schema.org\",\"@graph\":[{\"@type\":\"WebPage\",\"@id\":\"https:\\\/\\\/www.rubicon3adventure.com\\\/es\\\/seguro-de-viaje-para-navegantes\\\/\",\"url\":\"https:\\\/\\\/www.rubicon3adventure.com\\\/es\\\/seguro-de-viaje-para-navegantes\\\/\",\"name\":\"| Rubic\u00f3n 3 Aventura en Vela\",\"isPartOf\":{\"@id\":\"https:\\\/\\\/www.rubicon3adventure.com\\\/es\\\/#website\"},\"primaryImageOfPage\":{\"@id\":\"https:\\\/\\\/www.rubicon3adventure.com\\\/es\\\/seguro-de-viaje-para-navegantes\\\/#primaryimage\"},\"image\":{\"@id\":\"https:\\\/\\\/www.rubicon3adventure.com\\\/es\\\/seguro-de-viaje-para-navegantes\\\/#primaryimage\"},\"thumbnailUrl\":\"https:\\\/\\\/www.rubicon3adventure.com\\\/wp-content\\\/uploads\\\/2024\\\/03\\\/travel-insurance-for-sailors.webp\",\"datePublished\":\"2024-03-06T07:48:34+00:00\",\"dateModified\":\"2024-07-02T15:44:15+00:00\",\"description\":\"Consejos esenciales sobre seguros de viaje para navegantes, que garantizan tu seguridad y tranquilidad en el mar. \u00a1Que no te pillen!\",\"inLanguage\":\"es\",\"potentialAction\":[{\"@type\":\"ReadAction\",\"target\":[\"https:\\\/\\\/www.rubicon3adventure.com\\\/es\\\/seguro-de-viaje-para-navegantes\\\/\"]}]},{\"@type\":\"ImageObject\",\"inLanguage\":\"es\",\"@id\":\"https:\\\/\\\/www.rubicon3adventure.com\\\/es\\\/seguro-de-viaje-para-navegantes\\\/#primaryimage\",\"url\":\"https:\\\/\\\/www.rubicon3adventure.com\\\/wp-content\\\/uploads\\\/2024\\\/03\\\/travel-insurance-for-sailors.webp\",\"contentUrl\":\"https:\\\/\\\/www.rubicon3adventure.com\\\/wp-content\\\/uploads\\\/2024\\\/03\\\/travel-insurance-for-sailors.webp\",\"width\":2560,\"height\":1708,\"caption\":\"travel insurance for sailors\"},{\"@type\":\"WebSite\",\"@id\":\"https:\\\/\\\/www.rubicon3adventure.com\\\/es\\\/#website\",\"url\":\"https:\\\/\\\/www.rubicon3adventure.com\\\/es\\\/\",\"name\":\"Rubicon 3 Adventure\",\"description\":\"\",\"publisher\":{\"@id\":\"https:\\\/\\\/www.rubicon3adventure.com\\\/es\\\/#organization\"},\"potentialAction\":[{\"@type\":\"SearchAction\",\"target\":{\"@type\":\"EntryPoint\",\"urlTemplate\":\"https:\\\/\\\/www.rubicon3adventure.com\\\/es\\\/?s={search_term_string}\"},\"query-input\":{\"@type\":\"PropertyValueSpecification\",\"valueRequired\":true,\"valueName\":\"search_term_string\"}}],\"inLanguage\":\"es\"},{\"@type\":\"Organization\",\"@id\":\"https:\\\/\\\/www.rubicon3adventure.com\\\/es\\\/#organization\",\"name\":\"Rubicon 3 Adventures\",\"alternateName\":\"Blueco Holdings Ltd\",\"url\":\"https:\\\/\\\/www.rubicon3adventure.com\\\/es\\\/\",\"logo\":{\"@type\":\"ImageObject\",\"inLanguage\":\"es\",\"@id\":\"https:\\\/\\\/www.rubicon3adventure.com\\\/es\\\/#\\\/schema\\\/logo\\\/image\\\/\",\"url\":\"https:\\\/\\\/www.rubicon3adventure.com\\\/wp-content\\\/uploads\\\/2024\\\/03\\\/Rubicon_Schema-Image-scaled.jpg\",\"contentUrl\":\"https:\\\/\\\/www.rubicon3adventure.com\\\/wp-content\\\/uploads\\\/2024\\\/03\\\/Rubicon_Schema-Image-scaled.jpg\",\"width\":2560,\"height\":1554,\"caption\":\"Rubicon 3 Adventures\"},\"image\":{\"@id\":\"https:\\\/\\\/www.rubicon3adventure.com\\\/es\\\/#\\\/schema\\\/logo\\\/image\\\/\"},\"sameAs\":[\"https:\\\/\\\/www.facebook.com\\\/rubicon3sailing\",\"https:\\\/\\\/x.com\\\/rubicon3sailing\",\"https:\\\/\\\/www.instagram.com\\\/rubicon_3_sailing\\\/\",\"https:\\\/\\\/www.pinterest.co.uk\\\/rubicon3sailing\\\/\",\"https:\\\/\\\/www.youtube.com\\\/channel\\\/UCUVTAy1Qm4lz0uZI_83Um8A\",\"https:\\\/\\\/www.linkedin.com\\\/company\\\/rubicon-3\\\/\"]}]}<\/script>\n<!-- \/ Yoast SEO Premium plugin. -->","yoast_head_json":{"title":"| Rubic\u00f3n 3 Aventura en Vela","description":"Consejos esenciales sobre seguros de viaje para navegantes, que garantizan tu seguridad y tranquilidad en el mar. \u00a1Que no te pillen!","robots":{"index":"index","follow":"follow","max-snippet":"max-snippet:-1","max-image-preview":"max-image-preview:large","max-video-preview":"max-video-preview:-1"},"canonical":"https:\/\/www.rubicon3adventure.com\/es\/seguro-de-viaje-para-navegantes\/","og_locale":"es_ES","og_type":"article","og_title":"| Rubic\u00f3n 3 Aventura en Vela","og_description":"Consejos esenciales sobre seguros de viaje para navegantes, que garantizan tu seguridad y tranquilidad en el mar. \u00a1Que no te pillen!","og_url":"https:\/\/www.rubicon3adventure.com\/es\/seguro-de-viaje-para-navegantes\/","og_site_name":"Rubicon 3 Adventure","article_publisher":"https:\/\/www.facebook.com\/rubicon3sailing","article_modified_time":"2024-07-02T15:44:15+00:00","og_image":[{"width":2560,"height":1708,"url":"https:\/\/www.rubicon3adventure.com\/wp-content\/uploads\/2024\/03\/travel-insurance-for-sailors.webp","type":"image\/webp"}],"twitter_card":"summary_large_image","twitter_site":"@rubicon3sailing","twitter_misc":{"Tiempo de lectura":"5 minutos"},"schema":{"@context":"https:\/\/schema.org","@graph":[{"@type":"WebPage","@id":"https:\/\/www.rubicon3adventure.com\/es\/seguro-de-viaje-para-navegantes\/","url":"https:\/\/www.rubicon3adventure.com\/es\/seguro-de-viaje-para-navegantes\/","name":"| Rubic\u00f3n 3 Aventura en Vela","isPartOf":{"@id":"https:\/\/www.rubicon3adventure.com\/es\/#website"},"primaryImageOfPage":{"@id":"https:\/\/www.rubicon3adventure.com\/es\/seguro-de-viaje-para-navegantes\/#primaryimage"},"image":{"@id":"https:\/\/www.rubicon3adventure.com\/es\/seguro-de-viaje-para-navegantes\/#primaryimage"},"thumbnailUrl":"https:\/\/www.rubicon3adventure.com\/wp-content\/uploads\/2024\/03\/travel-insurance-for-sailors.webp","datePublished":"2024-03-06T07:48:34+00:00","dateModified":"2024-07-02T15:44:15+00:00","description":"Consejos esenciales sobre seguros de viaje para navegantes, que garantizan tu seguridad y tranquilidad en el mar. \u00a1Que no te pillen!","inLanguage":"es","potentialAction":[{"@type":"ReadAction","target":["https:\/\/www.rubicon3adventure.com\/es\/seguro-de-viaje-para-navegantes\/"]}]},{"@type":"ImageObject","inLanguage":"es","@id":"https:\/\/www.rubicon3adventure.com\/es\/seguro-de-viaje-para-navegantes\/#primaryimage","url":"https:\/\/www.rubicon3adventure.com\/wp-content\/uploads\/2024\/03\/travel-insurance-for-sailors.webp","contentUrl":"https:\/\/www.rubicon3adventure.com\/wp-content\/uploads\/2024\/03\/travel-insurance-for-sailors.webp","width":2560,"height":1708,"caption":"travel insurance for sailors"},{"@type":"WebSite","@id":"https:\/\/www.rubicon3adventure.com\/es\/#website","url":"https:\/\/www.rubicon3adventure.com\/es\/","name":"Rubicon 3 Adventure","description":"","publisher":{"@id":"https:\/\/www.rubicon3adventure.com\/es\/#organization"},"potentialAction":[{"@type":"SearchAction","target":{"@type":"EntryPoint","urlTemplate":"https:\/\/www.rubicon3adventure.com\/es\/?s={search_term_string}"},"query-input":{"@type":"PropertyValueSpecification","valueRequired":true,"valueName":"search_term_string"}}],"inLanguage":"es"},{"@type":"Organization","@id":"https:\/\/www.rubicon3adventure.com\/es\/#organization","name":"Rubicon 3 Adventures","alternateName":"Blueco Holdings Ltd","url":"https:\/\/www.rubicon3adventure.com\/es\/","logo":{"@type":"ImageObject","inLanguage":"es","@id":"https:\/\/www.rubicon3adventure.com\/es\/#\/schema\/logo\/image\/","url":"https:\/\/www.rubicon3adventure.com\/wp-content\/uploads\/2024\/03\/Rubicon_Schema-Image-scaled.jpg","contentUrl":"https:\/\/www.rubicon3adventure.com\/wp-content\/uploads\/2024\/03\/Rubicon_Schema-Image-scaled.jpg","width":2560,"height":1554,"caption":"Rubicon 3 Adventures"},"image":{"@id":"https:\/\/www.rubicon3adventure.com\/es\/#\/schema\/logo\/image\/"},"sameAs":["https:\/\/www.facebook.com\/rubicon3sailing","https:\/\/x.com\/rubicon3sailing","https:\/\/www.instagram.com\/rubicon_3_sailing\/","https:\/\/www.pinterest.co.uk\/rubicon3sailing\/","https:\/\/www.youtube.com\/channel\/UCUVTAy1Qm4lz0uZI_83Um8A","https:\/\/www.linkedin.com\/company\/rubicon-3\/"]}]}},"_links":{"self":[{"href":"https:\/\/www.rubicon3adventure.com\/es\/wp-json\/wp\/v2\/pages\/5431","targetHints":{"allow":["GET"]}}],"collection":[{"href":"https:\/\/www.rubicon3adventure.com\/es\/wp-json\/wp\/v2\/pages"}],"about":[{"href":"https:\/\/www.rubicon3adventure.com\/es\/wp-json\/wp\/v2\/types\/page"}],"author":[{"embeddable":true,"href":"https:\/\/www.rubicon3adventure.com\/es\/wp-json\/wp\/v2\/users\/5"}],"replies":[{"embeddable":true,"href":"https:\/\/www.rubicon3adventure.com\/es\/wp-json\/wp\/v2\/comments?post=5431"}],"version-history":[{"count":0,"href":"https:\/\/www.rubicon3adventure.com\/es\/wp-json\/wp\/v2\/pages\/5431\/revisions"}],"wp:featuredmedia":[{"embeddable":true,"href":"https:\/\/www.rubicon3adventure.com\/es\/wp-json\/wp\/v2\/media\/4059"}],"wp:attachment":[{"href":"https:\/\/www.rubicon3adventure.com\/es\/wp-json\/wp\/v2\/media?parent=5431"}],"curies":[{"name":"wp","href":"https:\/\/api.w.org\/{rel}","templated":true}]}}