{"id":5438,"date":"2024-03-08T15:16:58","date_gmt":"2024-03-08T15:16:58","guid":{"rendered":"https:\/\/www.rubicon3adventure.com\/programa-recomienda-a-un-amigo\/"},"modified":"2024-06-30T19:30:56","modified_gmt":"2024-06-30T18:30:56","slug":"programa-recomienda-a-un-amigo","status":"publish","type":"page","link":"https:\/\/www.rubicon3adventure.com\/es\/programa-recomienda-a-un-amigo\/","title":{"rendered":"Programa &#8220;Recomienda a un amigo"},"content":{"rendered":"<h4>Gana 75 \u00a3 para ti y tu amigo<\/h4>\n<p>Siempre agradecemos las opiniones que recibimos de nuestros clientes y, como ver\u00e1s, son las mejores del sector. Tus comentarios sobre la felicidad, el crecimiento personal y el aprendizaje que experimentaste navegando con Rubic\u00f3n 3 significan mucho para nosotros. Tambi\u00e9n agradecemos las enormes recomendaciones boca a boca que recibimos de vosotros. Para reconocerlo, si alguien reserva su primer viaje con Rubic\u00f3n 3 bas\u00e1ndose en tu recomendaci\u00f3n, tenemos una oferta especial de agradecimiento para ambos.<\/p>\n<p>Para quienes reservan por primera vez, ofrecemos un descuento de 75 \u00a3 en su primer viaje. Y para ti, que nos recomiendas, te ofrecemos un descuento de 75 \u00a3 en tu pr\u00f3xima reserva o curso. No tienes que preocuparte de guardar ning\u00fan vale ni papeleo, ya que almacenaremos autom\u00e1ticamente la oferta en nuestro sistema por ti. S\u00f3lo tienes que decirnos en el momento de la reserva qui\u00e9n te ha recomendado y nosotros nos ocuparemos del resto.<\/p>\n<h4>Condiciones generales<\/h4>\n<ol>\n<li><strong>Requisitos para los recomendantes<\/strong>: La persona que recomiende al nuevo cliente debe haber viajado con Rubicon 3 antes de que el nuevo cliente haga su reserva.<\/li>\n<li><strong>Requisitos para los clientes recomendados<\/strong>: La persona recomendada nunca debe haber reservado ni viajado previamente en un viaje de Rubicon 3.<\/li>\n<li><strong>Aplicaci\u00f3n<\/strong> del descuento: La persona recomendada recibir\u00e1 75 \u00a3 de descuento en su primer viaje con Rubicon 3 cuando facilite el nombre y la direcci\u00f3n de correo electr\u00f3nico (que coincidan con los que tiene Rubicon 3) de un amigo que haya viajado anteriormente con Rubicon 3 en el momento de la reserva. Los descuentos no pueden aplicarse retrospectivamente.<\/li>\n<li><strong>Requisitos de<\/strong> la reserva: Si hay m\u00e1s de una persona en una nueva reserva, el descuento s\u00f3lo se aplica a quienes no hayan viajado antes con Rubic\u00f3n 3.<\/li>\n<li>Cr\u00e9dito <strong>para recomendantes<\/strong>: La persona que recomiende al nuevo cliente recibir\u00e1 75 \u00a3 de cr\u00e9dito para su pr\u00f3ximo viaje o curso de Rubic\u00f3n 3, una vez que la persona recomendada haya pagado la totalidad del importe, lo cual deber\u00e1 indicarse en el momento de la reserva.<\/li>\n<li>M\u00faltiples <strong>recomendaciones<\/strong>: Una persona puede recomendar a varios clientes nuevos, recibiendo 75\u20ac de cr\u00e9dito por cada uno. Rubicon 3 se reserva el derecho a limitar las referencias.<\/li>\n<li><strong>Combinaciones de descuentos<\/strong>: Los descuentos &#8220;Recomienda a un amigo&#8221; s\u00f3lo pueden combinarse con descuentos por fidelidad.<\/li>\n<li><strong>S\u00f3lo<\/strong> reservas directas: Los descuentos &#8220;Recomienda a un amigo&#8221; s\u00f3lo son v\u00e1lidos en reservas realizadas directamente con Rubicon 3, definidas como reservas a trav\u00e9s del sitio web de Rubicon 3, por tel\u00e9fono o en persona.<\/li>\n<li><strong>Caducidad de<\/strong> los cr\u00e9ditos: Los cr\u00e9ditos deben aplicarse a una reserva (con el dep\u00f3sito pagado) en un plazo de 24 meses o caducar\u00e1n.<\/li>\n<li><strong>Duraci\u00f3n m\u00ednima del viaje<\/strong>: Los descuentos s\u00f3lo se aplican a las reservas de al menos 5 d\u00edas.<\/li>\n<li><strong>Cambios en el programa<\/strong>: Rubicon 3 puede modificar el programa Recomienda a un amigo, pero los cr\u00e9ditos recibidos se respetar\u00e1n hasta su caducidad.<\/li>\n<li><strong>Privacidad y consentimiento<\/strong>: La informaci\u00f3n personal utilizada para la remisi\u00f3n se tratar\u00e1 de acuerdo con la pol\u00edtica de privacidad de Rubicon 3.<\/li>\n<li><strong>Resoluci\u00f3n de disputas<\/strong>: Cualquier disputa relacionada con los cr\u00e9ditos de recomendaci\u00f3n o la elegibilidad ser\u00e1 resuelta por la direcci\u00f3n de Rubicon 3, cuya decisi\u00f3n es definitiva.<\/li>\n<li><strong>Impacto de la pol\u00edtica de cancelaci\u00f3n<\/strong>: Si se cancela una reserva remitida, se detallar\u00e1 el efecto sobre el cr\u00e9dito de remisi\u00f3n, garantizando la claridad sobre c\u00f3mo afectan las cancelaciones a los cr\u00e9ditos ganados.<\/li>\n<li><strong>Limitaci\u00f3n por hogar\/familia<\/strong>: Las remisiones dentro del mismo hogar o familia inmediata est\u00e1n sujetas a la discreci\u00f3n de Rubic\u00f3n 3 para evitar abusos del sistema.<\/li>\n<li>El programa &#8220;Recomienda a un amigo&#8221; es un gesto de buena voluntad y puede retirarse o modificarse en cualquier momento. Rubicon 3 no tiene ninguna obligaci\u00f3n contractual de ofrecer o mantener este plan.<\/li>\n<\/ol>\n","protected":false},"excerpt":{"rendered":"<p>Gana 75 \u00a3 para ti y tu amigo Siempre agradecemos las opiniones que recibimos de&hellip;<\/p>\n","protected":false},"author":5,"featured_media":0,"parent":0,"menu_order":0,"comment_status":"closed","ping_status":"closed","template":"","meta":{"_acf_changed":false,"content-type":"","footnotes":""},"class_list":["post-5438","page","type-page","status-publish","hentry"],"acf":[],"yoast_head":"<!-- This site is optimized with the Yoast SEO Premium plugin v27.3 (Yoast SEO v27.4) - https:\/\/yoast.com\/product\/yoast-seo-premium-wordpress\/ -->\n<title>Recomienda a un amigo C&amp;C | Aventura Rubic\u00f3n 3: Gana y Comparte<\/title>\n<meta name=\"description\" content=\"Detalles de nuestro programa Recomienda a un amigo: gana recompensas, disfruta de ventajas especiales y comparte la aventura. Condiciones completas aqu\u00ed.\" \/>\n<meta name=\"robots\" content=\"index, follow, max-snippet:-1, max-image-preview:large, max-video-preview:-1\" \/>\n<link rel=\"canonical\" href=\"https:\/\/www.rubicon3adventure.com\/es\/programa-recomienda-a-un-amigo\/\" \/>\n<meta property=\"og:locale\" content=\"es_ES\" \/>\n<meta property=\"og:type\" content=\"article\" \/>\n<meta property=\"og:title\" content=\"Recomienda a un amigo C&amp;C | Aventura Rubic\u00f3n 3: Gana y Comparte\" \/>\n<meta property=\"og:description\" content=\"Detalles de nuestro programa Recomienda a un amigo: gana recompensas, disfruta de ventajas especiales y comparte la aventura. Condiciones completas aqu\u00ed.\" \/>\n<meta property=\"og:url\" content=\"https:\/\/www.rubicon3adventure.com\/es\/programa-recomienda-a-un-amigo\/\" \/>\n<meta property=\"og:site_name\" content=\"Rubicon 3 Adventure\" \/>\n<meta property=\"article:publisher\" content=\"https:\/\/www.facebook.com\/rubicon3sailing\" \/>\n<meta property=\"article:modified_time\" content=\"2024-06-30T18:30:56+00:00\" \/>\n<meta property=\"og:image\" content=\"https:\/\/www.rubicon3adventure.com\/wp-content\/uploads\/2024\/03\/Rubicon_Schema-Image-scaled.jpg\" \/>\n\t<meta property=\"og:image:width\" content=\"2560\" \/>\n\t<meta property=\"og:image:height\" content=\"1554\" \/>\n\t<meta property=\"og:image:type\" content=\"image\/jpeg\" \/>\n<meta name=\"twitter:card\" content=\"summary_large_image\" \/>\n<meta name=\"twitter:site\" content=\"@rubicon3sailing\" \/>\n<meta name=\"twitter:label1\" content=\"Tiempo de lectura\" \/>\n\t<meta name=\"twitter:data1\" content=\"3 minutos\" \/>\n<script type=\"application\/ld+json\" class=\"yoast-schema-graph\">{\"@context\":\"https:\\\/\\\/schema.org\",\"@graph\":[{\"@type\":\"WebPage\",\"@id\":\"https:\\\/\\\/www.rubicon3adventure.com\\\/es\\\/programa-recomienda-a-un-amigo\\\/\",\"url\":\"https:\\\/\\\/www.rubicon3adventure.com\\\/es\\\/programa-recomienda-a-un-amigo\\\/\",\"name\":\"Recomienda a un amigo C&C | Aventura Rubic\u00f3n 3: Gana y Comparte\",\"isPartOf\":{\"@id\":\"https:\\\/\\\/www.rubicon3adventure.com\\\/es\\\/#website\"},\"datePublished\":\"2024-03-08T15:16:58+00:00\",\"dateModified\":\"2024-06-30T18:30:56+00:00\",\"description\":\"Detalles de nuestro programa Recomienda a un amigo: gana recompensas, disfruta de ventajas especiales y comparte la aventura. Condiciones completas aqu\u00ed.\",\"inLanguage\":\"es\",\"potentialAction\":[{\"@type\":\"ReadAction\",\"target\":[\"https:\\\/\\\/www.rubicon3adventure.com\\\/es\\\/programa-recomienda-a-un-amigo\\\/\"]}]},{\"@type\":\"WebSite\",\"@id\":\"https:\\\/\\\/www.rubicon3adventure.com\\\/es\\\/#website\",\"url\":\"https:\\\/\\\/www.rubicon3adventure.com\\\/es\\\/\",\"name\":\"Rubicon 3 Adventure\",\"description\":\"\",\"publisher\":{\"@id\":\"https:\\\/\\\/www.rubicon3adventure.com\\\/es\\\/#organization\"},\"potentialAction\":[{\"@type\":\"SearchAction\",\"target\":{\"@type\":\"EntryPoint\",\"urlTemplate\":\"https:\\\/\\\/www.rubicon3adventure.com\\\/es\\\/?s={search_term_string}\"},\"query-input\":{\"@type\":\"PropertyValueSpecification\",\"valueRequired\":true,\"valueName\":\"search_term_string\"}}],\"inLanguage\":\"es\"},{\"@type\":\"Organization\",\"@id\":\"https:\\\/\\\/www.rubicon3adventure.com\\\/es\\\/#organization\",\"name\":\"Rubicon 3 Adventures\",\"alternateName\":\"Blueco Holdings Ltd\",\"url\":\"https:\\\/\\\/www.rubicon3adventure.com\\\/es\\\/\",\"logo\":{\"@type\":\"ImageObject\",\"inLanguage\":\"es\",\"@id\":\"https:\\\/\\\/www.rubicon3adventure.com\\\/es\\\/#\\\/schema\\\/logo\\\/image\\\/\",\"url\":\"https:\\\/\\\/www.rubicon3adventure.com\\\/wp-content\\\/uploads\\\/2024\\\/03\\\/Rubicon_Schema-Image-scaled.jpg\",\"contentUrl\":\"https:\\\/\\\/www.rubicon3adventure.com\\\/wp-content\\\/uploads\\\/2024\\\/03\\\/Rubicon_Schema-Image-scaled.jpg\",\"width\":2560,\"height\":1554,\"caption\":\"Rubicon 3 Adventures\"},\"image\":{\"@id\":\"https:\\\/\\\/www.rubicon3adventure.com\\\/es\\\/#\\\/schema\\\/logo\\\/image\\\/\"},\"sameAs\":[\"https:\\\/\\\/www.facebook.com\\\/rubicon3sailing\",\"https:\\\/\\\/x.com\\\/rubicon3sailing\",\"https:\\\/\\\/www.instagram.com\\\/rubicon_3_sailing\\\/\",\"https:\\\/\\\/www.pinterest.co.uk\\\/rubicon3sailing\\\/\",\"https:\\\/\\\/www.youtube.com\\\/channel\\\/UCUVTAy1Qm4lz0uZI_83Um8A\",\"https:\\\/\\\/www.linkedin.com\\\/company\\\/rubicon-3\\\/\"]}]}<\/script>\n<!-- \/ Yoast SEO Premium plugin. -->","yoast_head_json":{"title":"Recomienda a un amigo C&C | Aventura Rubic\u00f3n 3: Gana y Comparte","description":"Detalles de nuestro programa Recomienda a un amigo: gana recompensas, disfruta de ventajas especiales y comparte la aventura. Condiciones completas aqu\u00ed.","robots":{"index":"index","follow":"follow","max-snippet":"max-snippet:-1","max-image-preview":"max-image-preview:large","max-video-preview":"max-video-preview:-1"},"canonical":"https:\/\/www.rubicon3adventure.com\/es\/programa-recomienda-a-un-amigo\/","og_locale":"es_ES","og_type":"article","og_title":"Recomienda a un amigo C&C | Aventura Rubic\u00f3n 3: Gana y Comparte","og_description":"Detalles de nuestro programa Recomienda a un amigo: gana recompensas, disfruta de ventajas especiales y comparte la aventura. Condiciones completas aqu\u00ed.","og_url":"https:\/\/www.rubicon3adventure.com\/es\/programa-recomienda-a-un-amigo\/","og_site_name":"Rubicon 3 Adventure","article_publisher":"https:\/\/www.facebook.com\/rubicon3sailing","article_modified_time":"2024-06-30T18:30:56+00:00","og_image":[{"width":2560,"height":1554,"url":"https:\/\/www.rubicon3adventure.com\/wp-content\/uploads\/2024\/03\/Rubicon_Schema-Image-scaled.jpg","type":"image\/jpeg"}],"twitter_card":"summary_large_image","twitter_site":"@rubicon3sailing","twitter_misc":{"Tiempo de lectura":"3 minutos"},"schema":{"@context":"https:\/\/schema.org","@graph":[{"@type":"WebPage","@id":"https:\/\/www.rubicon3adventure.com\/es\/programa-recomienda-a-un-amigo\/","url":"https:\/\/www.rubicon3adventure.com\/es\/programa-recomienda-a-un-amigo\/","name":"Recomienda a un amigo C&C | Aventura Rubic\u00f3n 3: Gana y Comparte","isPartOf":{"@id":"https:\/\/www.rubicon3adventure.com\/es\/#website"},"datePublished":"2024-03-08T15:16:58+00:00","dateModified":"2024-06-30T18:30:56+00:00","description":"Detalles de nuestro programa Recomienda a un amigo: gana recompensas, disfruta de ventajas especiales y comparte la aventura. Condiciones completas aqu\u00ed.","inLanguage":"es","potentialAction":[{"@type":"ReadAction","target":["https:\/\/www.rubicon3adventure.com\/es\/programa-recomienda-a-un-amigo\/"]}]},{"@type":"WebSite","@id":"https:\/\/www.rubicon3adventure.com\/es\/#website","url":"https:\/\/www.rubicon3adventure.com\/es\/","name":"Rubicon 3 Adventure","description":"","publisher":{"@id":"https:\/\/www.rubicon3adventure.com\/es\/#organization"},"potentialAction":[{"@type":"SearchAction","target":{"@type":"EntryPoint","urlTemplate":"https:\/\/www.rubicon3adventure.com\/es\/?s={search_term_string}"},"query-input":{"@type":"PropertyValueSpecification","valueRequired":true,"valueName":"search_term_string"}}],"inLanguage":"es"},{"@type":"Organization","@id":"https:\/\/www.rubicon3adventure.com\/es\/#organization","name":"Rubicon 3 Adventures","alternateName":"Blueco Holdings Ltd","url":"https:\/\/www.rubicon3adventure.com\/es\/","logo":{"@type":"ImageObject","inLanguage":"es","@id":"https:\/\/www.rubicon3adventure.com\/es\/#\/schema\/logo\/image\/","url":"https:\/\/www.rubicon3adventure.com\/wp-content\/uploads\/2024\/03\/Rubicon_Schema-Image-scaled.jpg","contentUrl":"https:\/\/www.rubicon3adventure.com\/wp-content\/uploads\/2024\/03\/Rubicon_Schema-Image-scaled.jpg","width":2560,"height":1554,"caption":"Rubicon 3 Adventures"},"image":{"@id":"https:\/\/www.rubicon3adventure.com\/es\/#\/schema\/logo\/image\/"},"sameAs":["https:\/\/www.facebook.com\/rubicon3sailing","https:\/\/x.com\/rubicon3sailing","https:\/\/www.instagram.com\/rubicon_3_sailing\/","https:\/\/www.pinterest.co.uk\/rubicon3sailing\/","https:\/\/www.youtube.com\/channel\/UCUVTAy1Qm4lz0uZI_83Um8A","https:\/\/www.linkedin.com\/company\/rubicon-3\/"]}]}},"_links":{"self":[{"href":"https:\/\/www.rubicon3adventure.com\/es\/wp-json\/wp\/v2\/pages\/5438","targetHints":{"allow":["GET"]}}],"collection":[{"href":"https:\/\/www.rubicon3adventure.com\/es\/wp-json\/wp\/v2\/pages"}],"about":[{"href":"https:\/\/www.rubicon3adventure.com\/es\/wp-json\/wp\/v2\/types\/page"}],"author":[{"embeddable":true,"href":"https:\/\/www.rubicon3adventure.com\/es\/wp-json\/wp\/v2\/users\/5"}],"replies":[{"embeddable":true,"href":"https:\/\/www.rubicon3adventure.com\/es\/wp-json\/wp\/v2\/comments?post=5438"}],"version-history":[{"count":0,"href":"https:\/\/www.rubicon3adventure.com\/es\/wp-json\/wp\/v2\/pages\/5438\/revisions"}],"wp:attachment":[{"href":"https:\/\/www.rubicon3adventure.com\/es\/wp-json\/wp\/v2\/media?parent=5438"}],"curies":[{"name":"wp","href":"https:\/\/api.w.org\/{rel}","templated":true}]}}