{"id":6349,"date":"2024-09-05T14:07:42","date_gmt":"2024-09-05T13:07:42","guid":{"rendered":"https:\/\/www.rubicon3adventure.com\/cancelacion\/"},"modified":"2024-09-05T14:19:35","modified_gmt":"2024-09-05T13:19:35","slug":"cancelacion","status":"publish","type":"page","link":"https:\/\/www.rubicon3adventure.com\/es\/cancelacion\/","title":{"rendered":"Anulaci\u00f3n"},"content":{"rendered":"<p>Entendemos que a veces los planes cambian.<br \/>\nLas condiciones de tu reserva establecen que los dep\u00f3sitos o el dinero pagado no son reembolsables. <a href=\"https:\/\/www.rubicon3adventure.com\/customer-terms-conditions\/\">Puedes consultar las condiciones aqu\u00ed<\/a>.<br \/>\nA veces, podemos ofrecer flexibilidad si cancelas <strong>con<\/strong> al menos <strong>6 meses de antelaci\u00f3n<\/strong> a la fecha de salida de tu viaje.<br \/>\nSi podemos hacerlo, y var\u00eda en funci\u00f3n de cada caso, transferiremos tu dep\u00f3sito para un viaje futuro.<br \/>\nPara evitar dudas, nuestra capacidad de transferir dep\u00f3sitos <strong>no<\/strong> est\u00e1 <strong>garantizada<\/strong> y no altera las condiciones originales de tu reserva.<br \/>\nTenlo en cuenta:       <\/p>\n<ul>\n<li>Tendr\u00e1s que elegir un nuevo viaje que salga dentro de los <strong>12 meses<\/strong> siguientes a la fecha de salida de tu reserva original.<\/li>\n<li>Transcurridos 12 meses, si no se ha destinado a un viaje futuro, el dep\u00f3sito se <strong>perder\u00e1 autom\u00e1ticamente<\/strong>.<\/li>\n<\/ul>\n<p>  Dado que todos los fondos se mantienen en un Fideicomiso Protegido, incurrimos en gastos para realizar estos cambios, y hay un importante trabajo de administraci\u00f3n por nuestra parte.<br \/>\nPor esta raz\u00f3n, si podemos transferir tu dep\u00f3sito, se cobrar\u00e1 una tasa administrativa de 50 \u00a3.<br \/>\nEste pago deber\u00e1 efectuarse en el momento de la cancelaci\u00f3n, si deseas proceder a la transferencia.  <\/p>\n","protected":false},"excerpt":{"rendered":"<p>Entendemos que a veces los planes cambian. Las condiciones de tu reserva establecen que los&hellip;<\/p>\n","protected":false},"author":5,"featured_media":0,"parent":0,"menu_order":0,"comment_status":"closed","ping_status":"closed","template":"templates\/core.php","meta":{"_acf_changed":false,"content-type":"","footnotes":""},"class_list":["post-6349","page","type-page","status-publish","hentry"],"acf":[],"yoast_head":"<!-- This site is optimized with the Yoast SEO Premium plugin v27.3 (Yoast SEO v27.3) - https:\/\/yoast.com\/product\/yoast-seo-premium-wordpress\/ -->\n<title>Anulaci\u00f3n | Rubicon 3 Adventure<\/title>\n<meta name=\"description\" content=\"Si necesitas cancelar tu reserva con Rubicon 3, esta p\u00e1gina describe tus opciones y c\u00f3mo proceder con la cancelaci\u00f3n\" \/>\n<meta name=\"robots\" content=\"index, follow, max-snippet:-1, max-image-preview:large, max-video-preview:-1\" \/>\n<link rel=\"canonical\" href=\"https:\/\/www.rubicon3adventure.com\/es\/cancelacion\/\" \/>\n<meta property=\"og:locale\" content=\"es_ES\" \/>\n<meta property=\"og:type\" content=\"article\" \/>\n<meta property=\"og:title\" content=\"Anulaci\u00f3n | Rubicon 3 Adventure\" \/>\n<meta property=\"og:description\" content=\"Si necesitas cancelar tu reserva con Rubicon 3, esta p\u00e1gina describe tus opciones y c\u00f3mo proceder con la cancelaci\u00f3n\" \/>\n<meta property=\"og:url\" content=\"https:\/\/www.rubicon3adventure.com\/es\/cancelacion\/\" \/>\n<meta property=\"og:site_name\" content=\"Rubicon 3 Adventure\" \/>\n<meta property=\"article:publisher\" content=\"https:\/\/www.facebook.com\/rubicon3sailing\" \/>\n<meta property=\"article:modified_time\" content=\"2024-09-05T13:19:35+00:00\" \/>\n<meta property=\"og:image\" content=\"https:\/\/www.rubicon3adventure.com\/wp-content\/uploads\/2024\/03\/Rubicon_Schema-Image-scaled.jpg\" \/>\n\t<meta property=\"og:image:width\" content=\"2560\" \/>\n\t<meta property=\"og:image:height\" content=\"1554\" \/>\n\t<meta property=\"og:image:type\" content=\"image\/jpeg\" \/>\n<meta name=\"twitter:card\" content=\"summary_large_image\" \/>\n<meta name=\"twitter:site\" content=\"@rubicon3sailing\" \/>\n<meta name=\"twitter:label1\" content=\"Tiempo de lectura\" \/>\n\t<meta name=\"twitter:data1\" content=\"1 minuto\" \/>\n<script type=\"application\/ld+json\" class=\"yoast-schema-graph\">{\"@context\":\"https:\\\/\\\/schema.org\",\"@graph\":[{\"@type\":\"WebPage\",\"@id\":\"https:\\\/\\\/www.rubicon3adventure.com\\\/es\\\/cancelacion\\\/\",\"url\":\"https:\\\/\\\/www.rubicon3adventure.com\\\/es\\\/cancelacion\\\/\",\"name\":\"Anulaci\u00f3n | Rubicon 3 Adventure\",\"isPartOf\":{\"@id\":\"https:\\\/\\\/www.rubicon3adventure.com\\\/es\\\/#website\"},\"datePublished\":\"2024-09-05T13:07:42+00:00\",\"dateModified\":\"2024-09-05T13:19:35+00:00\",\"description\":\"Si necesitas cancelar tu reserva con Rubicon 3, esta p\u00e1gina describe tus opciones y c\u00f3mo proceder con la cancelaci\u00f3n\",\"inLanguage\":\"es\",\"potentialAction\":[{\"@type\":\"ReadAction\",\"target\":[\"https:\\\/\\\/www.rubicon3adventure.com\\\/es\\\/cancelacion\\\/\"]}]},{\"@type\":\"WebSite\",\"@id\":\"https:\\\/\\\/www.rubicon3adventure.com\\\/es\\\/#website\",\"url\":\"https:\\\/\\\/www.rubicon3adventure.com\\\/es\\\/\",\"name\":\"Rubicon 3 Adventure\",\"description\":\"\",\"publisher\":{\"@id\":\"https:\\\/\\\/www.rubicon3adventure.com\\\/es\\\/#organization\"},\"potentialAction\":[{\"@type\":\"SearchAction\",\"target\":{\"@type\":\"EntryPoint\",\"urlTemplate\":\"https:\\\/\\\/www.rubicon3adventure.com\\\/es\\\/?s={search_term_string}\"},\"query-input\":{\"@type\":\"PropertyValueSpecification\",\"valueRequired\":true,\"valueName\":\"search_term_string\"}}],\"inLanguage\":\"es\"},{\"@type\":\"Organization\",\"@id\":\"https:\\\/\\\/www.rubicon3adventure.com\\\/es\\\/#organization\",\"name\":\"Rubicon 3 Adventures\",\"alternateName\":\"Blueco Holdings Ltd\",\"url\":\"https:\\\/\\\/www.rubicon3adventure.com\\\/es\\\/\",\"logo\":{\"@type\":\"ImageObject\",\"inLanguage\":\"es\",\"@id\":\"https:\\\/\\\/www.rubicon3adventure.com\\\/es\\\/#\\\/schema\\\/logo\\\/image\\\/\",\"url\":\"https:\\\/\\\/www.rubicon3adventure.com\\\/wp-content\\\/uploads\\\/2024\\\/03\\\/Rubicon_Schema-Image-scaled.jpg\",\"contentUrl\":\"https:\\\/\\\/www.rubicon3adventure.com\\\/wp-content\\\/uploads\\\/2024\\\/03\\\/Rubicon_Schema-Image-scaled.jpg\",\"width\":2560,\"height\":1554,\"caption\":\"Rubicon 3 Adventures\"},\"image\":{\"@id\":\"https:\\\/\\\/www.rubicon3adventure.com\\\/es\\\/#\\\/schema\\\/logo\\\/image\\\/\"},\"sameAs\":[\"https:\\\/\\\/www.facebook.com\\\/rubicon3sailing\",\"https:\\\/\\\/x.com\\\/rubicon3sailing\",\"https:\\\/\\\/www.instagram.com\\\/rubicon_3_sailing\\\/\",\"https:\\\/\\\/www.pinterest.co.uk\\\/rubicon3sailing\\\/\",\"https:\\\/\\\/www.youtube.com\\\/channel\\\/UCUVTAy1Qm4lz0uZI_83Um8A\",\"https:\\\/\\\/www.linkedin.com\\\/company\\\/rubicon-3\\\/\"]}]}<\/script>\n<!-- \/ Yoast SEO Premium plugin. -->","yoast_head_json":{"title":"Anulaci\u00f3n | Rubicon 3 Adventure","description":"Si necesitas cancelar tu reserva con Rubicon 3, esta p\u00e1gina describe tus opciones y c\u00f3mo proceder con la cancelaci\u00f3n","robots":{"index":"index","follow":"follow","max-snippet":"max-snippet:-1","max-image-preview":"max-image-preview:large","max-video-preview":"max-video-preview:-1"},"canonical":"https:\/\/www.rubicon3adventure.com\/es\/cancelacion\/","og_locale":"es_ES","og_type":"article","og_title":"Anulaci\u00f3n | Rubicon 3 Adventure","og_description":"Si necesitas cancelar tu reserva con Rubicon 3, esta p\u00e1gina describe tus opciones y c\u00f3mo proceder con la cancelaci\u00f3n","og_url":"https:\/\/www.rubicon3adventure.com\/es\/cancelacion\/","og_site_name":"Rubicon 3 Adventure","article_publisher":"https:\/\/www.facebook.com\/rubicon3sailing","article_modified_time":"2024-09-05T13:19:35+00:00","og_image":[{"width":2560,"height":1554,"url":"https:\/\/www.rubicon3adventure.com\/wp-content\/uploads\/2024\/03\/Rubicon_Schema-Image-scaled.jpg","type":"image\/jpeg"}],"twitter_card":"summary_large_image","twitter_site":"@rubicon3sailing","twitter_misc":{"Tiempo de lectura":"1 minuto"},"schema":{"@context":"https:\/\/schema.org","@graph":[{"@type":"WebPage","@id":"https:\/\/www.rubicon3adventure.com\/es\/cancelacion\/","url":"https:\/\/www.rubicon3adventure.com\/es\/cancelacion\/","name":"Anulaci\u00f3n | Rubicon 3 Adventure","isPartOf":{"@id":"https:\/\/www.rubicon3adventure.com\/es\/#website"},"datePublished":"2024-09-05T13:07:42+00:00","dateModified":"2024-09-05T13:19:35+00:00","description":"Si necesitas cancelar tu reserva con Rubicon 3, esta p\u00e1gina describe tus opciones y c\u00f3mo proceder con la cancelaci\u00f3n","inLanguage":"es","potentialAction":[{"@type":"ReadAction","target":["https:\/\/www.rubicon3adventure.com\/es\/cancelacion\/"]}]},{"@type":"WebSite","@id":"https:\/\/www.rubicon3adventure.com\/es\/#website","url":"https:\/\/www.rubicon3adventure.com\/es\/","name":"Rubicon 3 Adventure","description":"","publisher":{"@id":"https:\/\/www.rubicon3adventure.com\/es\/#organization"},"potentialAction":[{"@type":"SearchAction","target":{"@type":"EntryPoint","urlTemplate":"https:\/\/www.rubicon3adventure.com\/es\/?s={search_term_string}"},"query-input":{"@type":"PropertyValueSpecification","valueRequired":true,"valueName":"search_term_string"}}],"inLanguage":"es"},{"@type":"Organization","@id":"https:\/\/www.rubicon3adventure.com\/es\/#organization","name":"Rubicon 3 Adventures","alternateName":"Blueco Holdings Ltd","url":"https:\/\/www.rubicon3adventure.com\/es\/","logo":{"@type":"ImageObject","inLanguage":"es","@id":"https:\/\/www.rubicon3adventure.com\/es\/#\/schema\/logo\/image\/","url":"https:\/\/www.rubicon3adventure.com\/wp-content\/uploads\/2024\/03\/Rubicon_Schema-Image-scaled.jpg","contentUrl":"https:\/\/www.rubicon3adventure.com\/wp-content\/uploads\/2024\/03\/Rubicon_Schema-Image-scaled.jpg","width":2560,"height":1554,"caption":"Rubicon 3 Adventures"},"image":{"@id":"https:\/\/www.rubicon3adventure.com\/es\/#\/schema\/logo\/image\/"},"sameAs":["https:\/\/www.facebook.com\/rubicon3sailing","https:\/\/x.com\/rubicon3sailing","https:\/\/www.instagram.com\/rubicon_3_sailing\/","https:\/\/www.pinterest.co.uk\/rubicon3sailing\/","https:\/\/www.youtube.com\/channel\/UCUVTAy1Qm4lz0uZI_83Um8A","https:\/\/www.linkedin.com\/company\/rubicon-3\/"]}]}},"_links":{"self":[{"href":"https:\/\/www.rubicon3adventure.com\/es\/wp-json\/wp\/v2\/pages\/6349","targetHints":{"allow":["GET"]}}],"collection":[{"href":"https:\/\/www.rubicon3adventure.com\/es\/wp-json\/wp\/v2\/pages"}],"about":[{"href":"https:\/\/www.rubicon3adventure.com\/es\/wp-json\/wp\/v2\/types\/page"}],"author":[{"embeddable":true,"href":"https:\/\/www.rubicon3adventure.com\/es\/wp-json\/wp\/v2\/users\/5"}],"replies":[{"embeddable":true,"href":"https:\/\/www.rubicon3adventure.com\/es\/wp-json\/wp\/v2\/comments?post=6349"}],"version-history":[{"count":0,"href":"https:\/\/www.rubicon3adventure.com\/es\/wp-json\/wp\/v2\/pages\/6349\/revisions"}],"wp:attachment":[{"href":"https:\/\/www.rubicon3adventure.com\/es\/wp-json\/wp\/v2\/media?parent=6349"}],"curies":[{"name":"wp","href":"https:\/\/api.w.org\/{rel}","templated":true}]}}