{"id":6742,"date":"2024-11-11T11:06:51","date_gmt":"2024-11-11T11:06:51","guid":{"rendered":"https:\/\/www.rubicon3adventure.com\/que-llevar-en-un-viaje-rubicon-3-1a-parte\/"},"modified":"2024-11-11T11:27:50","modified_gmt":"2024-11-11T11:27:50","slug":"que-llevar-en-un-viaje-de-rubicon-3-parte-2","status":"publish","type":"page","link":"https:\/\/www.rubicon3adventure.com\/es\/que-llevar-en-un-viaje-de-rubicon-3-parte-2\/","title":{"rendered":"Qu\u00e9 llevar en un viaje Rubic\u00f3n 3: 2\u00aa parte"},"content":{"rendered":"<h3><strong>Lista de equipaje del Rubic\u00f3n 3 para los siguientes viajes:<\/strong><\/h3>\n<ul>\n<li>Islas de Barlovento<\/li>\n<li>Islas de Sotavento<\/li>\n<li>De Jamaica a Cuba<\/li>\n<li>Cuba<\/li>\n<li>Bahamas<\/li>\n<li>Todos los viajes de regatas en el Caribe<\/li>\n<\/ul>\n<p>Navegar por el Caribe es sin\u00f3nimo de sol, brisa c\u00e1lida y aguas cristalinas. Llevar el equipo adecuado te mantendr\u00e1 c\u00f3modo y preparado, tanto si est\u00e1s relaj\u00e1ndote en cubierta, compitiendo duramente o explorando islas tropicales. Esta lista se ha ajustado cuidadosamente al clima c\u00e1lido y tropical del Caribe.  <\/p>\n<hr>\n<h4><strong>Equipaje y almacenaje<\/strong><\/h4>\n<p>Tu equipo debe ser compacto y f\u00e1cil de guardar. El espacio es amplio, pero siempre es mejor empaquetar de forma eficiente. <\/p>\n<ul>\n<li><strong>Bolsa (de unos 60 a 90 litros):<\/strong> Una bolsa de lona blanda y plegable, como la Gill Voyager 60L, es ideal. Si prefieres las ruedas, la Bolsa de Carga Rodante Gill 60L es una gran alternativa. <\/li>\n<li><strong>Bolsas de pl\u00e1stico para la organizaci\u00f3n:<\/strong> Utiliza bolsas de pl\u00e1stico de la compra para mantener la ropa organizada y seca. Tambi\u00e9n son pr\u00e1cticas para separar la ropa sucia. <\/li>\n<\/ul>\n<hr>\n<h3>Sue\u00f1o y confort<\/h3>\n<p>Las noches caribe\u00f1as son c\u00e1lidas, por lo que no es necesaria ropa de cama pesada.<\/p>\n<ul>\n<li><strong>Saco de dormir o s\u00e1bana ligera:<\/strong> Un saco de dormir ligero o simplemente una s\u00e1bana ser\u00e1n suficientes para las noches c\u00e1lidas. Lleva dos para que puedas tener otros nuevos a mitad de camino. <\/li>\n<li><strong>Funda de almohada (trae 2):<\/strong> Te proporcionaremos la almohada; s\u00f3lo tienes que traer tus fundas de almohada favoritas.<\/li>\n<li><strong>S\u00e1bana individual (trae 2):<\/strong> Esto cubrir\u00e1 el colch\u00f3n para mayor comodidad.<\/li>\n<\/ul>\n<h3>Ropa<\/h3>\n<p>El clima caribe\u00f1o es c\u00e1lido y soleado, as\u00ed que mantente ligero y c\u00f3modo.<\/p>\n<ul>\n<li><strong>4 pares de ropa interior<\/strong><\/li>\n<li><strong>4 pares de calcetines finos:<\/strong> Los calcetines gruesos no son necesarios, as\u00ed que opta por opciones m\u00e1s ligeras.<\/li>\n<li><strong>6 camisetas\/camisas:<\/strong> Empaca m\u00e1s camisetas de manga corta y materiales ligeros para mantenerte fresco.<\/li>\n<li><strong>1-2 pares de pantalones ligeros:<\/strong> Elige pantalones largos transpirables y ligeros para protegerte del sol.<\/li>\n<li><strong>2 pares de pantalones cortos:<\/strong> Perfectos para los d\u00edas c\u00e1lidos dentro y fuera del barco.<\/li>\n<li><strong>2 ba\u00f1adores:<\/strong> Con muchas posibilidades de nadar, te alegrar\u00e1s de tener un extra.<\/li>\n<li><strong>1 top de forro polar ligero:<\/strong> Un \u00fanico forro polar o jersey ligero est\u00e1 bien para las noches m\u00e1s frescas, si es necesario.<\/li>\n<li><strong>Chubasquero ligero:<\/strong> Una chaqueta ligera y transpirable es \u00fatil para los chubascos tropicales.<\/li>\n<\/ul>\n<h3>Calzado<\/h3>\n<p>La seguridad y la comodidad son importantes en cubierta, y un calzado ligero es suficiente para el Caribe.<\/p>\n<ul>\n<li><strong>Calzado de cubierta o zapatillas deportivas:<\/strong> Elige zapatos con buen agarre para su uso en cubierta. No te preocupes por las suelas que no marcan. <\/li>\n<li><strong>Chanclas:<\/strong> Ideales para bajar a tierra o para usarlas en las duchas del puerto deportivo (\u00a1pero no est\u00e1n permitidas en cubierta!).<\/li>\n<\/ul>\n<h3>Accesorios para protecci\u00f3n solar y confort<\/h3>\n<p>El sol del Caribe es fuerte, as\u00ed que ven preparado para mantenerte fresco y protegido.<\/p>\n<ul>\n<li><strong>Sombrero o gorra para el sol:<\/strong> Un sombrero de ala ancha o una gorra son perfectos para protegerse del sol.<\/li>\n<li><strong>Protecci\u00f3n solar (protector solar Factor 50+ y b\u00e1lsamo labial UV):<\/strong> El sol tropical puede ser intenso, por lo que un FPS alto es esencial.<\/li>\n<li><strong>Gafas de sol polarizadas con correa para el cuello:<\/strong> Las lentes polarizadas reducen el deslumbramiento, y la correa garantiza que no se muevan.<\/li>\n<li><strong>Guantes de vela (opcionales):<\/strong> Los guantes pueden ser \u00fatiles para manejar la cuerda, pero no son imprescindibles aqu\u00ed.<\/li>\n<\/ul>\n<h3>Esenciales Varios<\/h3>\n<p>Estos art\u00edculos te mantendr\u00e1n c\u00f3modo y preparado durante tu aventura.<\/p>\n<ul>\n<li><strong>Bolsa de aseo:<\/strong> Un neceser con gancho es pr\u00e1ctico para las peque\u00f1as duchas de los puertos deportivos. Lleva lo esencial, como cepillo de dientes, pasta dent\u00edfrica, champ\u00fa y desodorante. <\/li>\n<li><strong>Toalla:<\/strong> Lleva una toalla de ba\u00f1o normal o una toalla deportiva.<\/li>\n<li><strong>Medicamentos para el mareo:<\/strong> Incluso en aguas m\u00e1s tranquilas, es \u00fatil tenerla a mano.<\/li>\n<li><strong>Botella de agua:<\/strong> Mantenerse hidratado es esencial, sobre todo con el calor.<\/li>\n<li><strong>Linterna frontal (con lente roja):<\/strong> Ideal para tener las manos libres si haces un viaje con traves\u00edas nocturnas, pero tambi\u00e9n suele ser \u00fatil en puertos deportivos, etc. cuando oscurece.<\/li>\n<li><strong>Pasaporte, datos del seguro y medicaci\u00f3n personal:<\/strong> Lleva siempre tu DNI y las recetas que necesites.<\/li>\n<li><strong>Cuaderno de navegaci\u00f3n:<\/strong> Registra tus millas y haz que te firmen las traves\u00edas.<\/li>\n<\/ul>\n<h3>Extras no esenciales<\/h3>\n<p>Estos extras no son obligatorios, pero pueden a\u00f1adir comodidad a tu viaje.<\/p>\n<ul>\n<li><strong>Tapones para los o\u00eddos:<\/strong> Pr\u00e1cticos para dormir bien. Se recomiendan <\/li>\n<li><strong>Gotas para los ojos:<\/strong> La sal y el viento pueden resecarte los ojos, por lo que las gotas oculares son un complemento \u00fatil.<\/li>\n<li><strong>Adaptador de 3 clavijas del Reino Unido:<\/strong> Utilizamos enchufes del Reino Unido, por lo que los viajeros internacionales deben traer un adaptador.<\/li>\n<li><strong>Condimentos favoritos:<\/strong> \u00bfTe gusta una salsa picante o un t\u00e9 en particular? No dudes en traerlo. <\/li>\n<li><strong>Auriculares, libro\/Kindle\/port\u00e1til:<\/strong> Ideal para desconectar del reloj.<\/li>\n<li><strong>Ventilador USB con clip: <\/strong>Supone una gran diferencia para mantenerse fresco por la noche. Que sea de clip. <\/li>\n<li><strong>Adaptador de USB a USB-C:<\/strong> Tenemos puertos USB a bordo, as\u00ed que puede que necesites traer un adaptador<\/li>\n<li><strong>Tubo respirador y aletas:<\/strong> Proporcionamos algunos a bordo, pero si quieres el equipo perfecto, trae los tuyos.<\/li>\n<\/ul>\n<hr>\n<h3>Qu\u00e9 no llevar<\/h3>\n<p>Proporcionamos chalecos salvavidas codificados comercialmente y balizas de localizaci\u00f3n personal, as\u00ed que no traigas los tuyos porque no se te permitir\u00e1 utilizarlos.<\/p>\n<hr>\n<h3>\u00bfPreparado para navegar?<\/h3>\n<p>\u00a1Tu aventura caribe\u00f1a te espera! Con el equipo adecuado, est\u00e1s listo para un viaje de sol, mar y exploraci\u00f3n. Estamos deseando tenerte a bordo, as\u00ed que \u00a1que empiece la aventura tropical!  <\/p>\n","protected":false},"excerpt":{"rendered":"<p>Lista de equipaje del Rubic\u00f3n 3 para los siguientes viajes: Islas de Barlovento Islas de&hellip;<\/p>\n","protected":false},"author":5,"featured_media":0,"parent":0,"menu_order":0,"comment_status":"closed","ping_status":"closed","template":"","meta":{"_acf_changed":false,"content-type":"","footnotes":""},"class_list":["post-6742","page","type-page","status-publish","hentry"],"acf":[],"yoast_head":"<!-- This site is optimized with the Yoast SEO Premium plugin v27.3 (Yoast SEO v27.3) - https:\/\/yoast.com\/product\/yoast-seo-premium-wordpress\/ -->\n<title>Qu\u00e9 llevar en un viaje Rubic\u00f3n 3: 2\u00aa parte | Rubicon 3 Adventure<\/title>\n<meta name=\"description\" content=\"Gu\u00eda completa de equipaje para las aventuras de navegaci\u00f3n del Rubic\u00f3n 3 en el Caribe. Qu\u00e9 llevar y qu\u00e9 no llevar.\" \/>\n<meta name=\"robots\" content=\"index, follow, max-snippet:-1, max-image-preview:large, max-video-preview:-1\" \/>\n<link rel=\"canonical\" href=\"https:\/\/www.rubicon3adventure.com\/es\/que-llevar-en-un-viaje-de-rubicon-3-parte-2\/\" \/>\n<meta property=\"og:locale\" content=\"es_ES\" \/>\n<meta property=\"og:type\" content=\"article\" \/>\n<meta property=\"og:title\" content=\"Qu\u00e9 llevar en un viaje Rubic\u00f3n 3: 2\u00aa parte | Rubicon 3 Adventure\" \/>\n<meta property=\"og:description\" content=\"Gu\u00eda completa de equipaje para las aventuras de navegaci\u00f3n del Rubic\u00f3n 3 en el Caribe. Qu\u00e9 llevar y qu\u00e9 no llevar.\" \/>\n<meta property=\"og:url\" content=\"https:\/\/www.rubicon3adventure.com\/es\/que-llevar-en-un-viaje-de-rubicon-3-parte-2\/\" \/>\n<meta property=\"og:site_name\" content=\"Rubicon 3 Adventure\" \/>\n<meta property=\"article:publisher\" content=\"https:\/\/www.facebook.com\/rubicon3sailing\" \/>\n<meta property=\"article:modified_time\" content=\"2024-11-11T11:27:50+00:00\" \/>\n<meta property=\"og:image\" content=\"https:\/\/www.rubicon3adventure.com\/wp-content\/uploads\/2024\/03\/Rubicon_Schema-Image-scaled.jpg\" \/>\n\t<meta property=\"og:image:width\" content=\"2560\" \/>\n\t<meta property=\"og:image:height\" content=\"1554\" \/>\n\t<meta property=\"og:image:type\" content=\"image\/jpeg\" \/>\n<meta name=\"twitter:card\" content=\"summary_large_image\" \/>\n<meta name=\"twitter:site\" content=\"@rubicon3sailing\" \/>\n<meta name=\"twitter:label1\" content=\"Tiempo de lectura\" \/>\n\t<meta name=\"twitter:data1\" content=\"5 minutos\" \/>\n<script type=\"application\/ld+json\" class=\"yoast-schema-graph\">{\"@context\":\"https:\\\/\\\/schema.org\",\"@graph\":[{\"@type\":\"WebPage\",\"@id\":\"https:\\\/\\\/www.rubicon3adventure.com\\\/es\\\/que-llevar-en-un-viaje-de-rubicon-3-parte-2\\\/\",\"url\":\"https:\\\/\\\/www.rubicon3adventure.com\\\/es\\\/que-llevar-en-un-viaje-de-rubicon-3-parte-2\\\/\",\"name\":\"Qu\u00e9 llevar en un viaje Rubic\u00f3n 3: 2\u00aa parte | Rubicon 3 Adventure\",\"isPartOf\":{\"@id\":\"https:\\\/\\\/www.rubicon3adventure.com\\\/es\\\/#website\"},\"datePublished\":\"2024-11-11T11:06:51+00:00\",\"dateModified\":\"2024-11-11T11:27:50+00:00\",\"description\":\"Gu\u00eda completa de equipaje para las aventuras de navegaci\u00f3n del Rubic\u00f3n 3 en el Caribe. Qu\u00e9 llevar y qu\u00e9 no llevar.\",\"inLanguage\":\"es\",\"potentialAction\":[{\"@type\":\"ReadAction\",\"target\":[\"https:\\\/\\\/www.rubicon3adventure.com\\\/es\\\/que-llevar-en-un-viaje-de-rubicon-3-parte-2\\\/\"]}]},{\"@type\":\"WebSite\",\"@id\":\"https:\\\/\\\/www.rubicon3adventure.com\\\/es\\\/#website\",\"url\":\"https:\\\/\\\/www.rubicon3adventure.com\\\/es\\\/\",\"name\":\"Rubicon 3 Adventure\",\"description\":\"\",\"publisher\":{\"@id\":\"https:\\\/\\\/www.rubicon3adventure.com\\\/es\\\/#organization\"},\"potentialAction\":[{\"@type\":\"SearchAction\",\"target\":{\"@type\":\"EntryPoint\",\"urlTemplate\":\"https:\\\/\\\/www.rubicon3adventure.com\\\/es\\\/?s={search_term_string}\"},\"query-input\":{\"@type\":\"PropertyValueSpecification\",\"valueRequired\":true,\"valueName\":\"search_term_string\"}}],\"inLanguage\":\"es\"},{\"@type\":\"Organization\",\"@id\":\"https:\\\/\\\/www.rubicon3adventure.com\\\/es\\\/#organization\",\"name\":\"Rubicon 3 Adventures\",\"alternateName\":\"Blueco Holdings Ltd\",\"url\":\"https:\\\/\\\/www.rubicon3adventure.com\\\/es\\\/\",\"logo\":{\"@type\":\"ImageObject\",\"inLanguage\":\"es\",\"@id\":\"https:\\\/\\\/www.rubicon3adventure.com\\\/es\\\/#\\\/schema\\\/logo\\\/image\\\/\",\"url\":\"https:\\\/\\\/www.rubicon3adventure.com\\\/wp-content\\\/uploads\\\/2024\\\/03\\\/Rubicon_Schema-Image-scaled.jpg\",\"contentUrl\":\"https:\\\/\\\/www.rubicon3adventure.com\\\/wp-content\\\/uploads\\\/2024\\\/03\\\/Rubicon_Schema-Image-scaled.jpg\",\"width\":2560,\"height\":1554,\"caption\":\"Rubicon 3 Adventures\"},\"image\":{\"@id\":\"https:\\\/\\\/www.rubicon3adventure.com\\\/es\\\/#\\\/schema\\\/logo\\\/image\\\/\"},\"sameAs\":[\"https:\\\/\\\/www.facebook.com\\\/rubicon3sailing\",\"https:\\\/\\\/x.com\\\/rubicon3sailing\",\"https:\\\/\\\/www.instagram.com\\\/rubicon_3_sailing\\\/\",\"https:\\\/\\\/www.pinterest.co.uk\\\/rubicon3sailing\\\/\",\"https:\\\/\\\/www.youtube.com\\\/channel\\\/UCUVTAy1Qm4lz0uZI_83Um8A\",\"https:\\\/\\\/www.linkedin.com\\\/company\\\/rubicon-3\\\/\"]}]}<\/script>\n<!-- \/ Yoast SEO Premium plugin. -->","yoast_head_json":{"title":"Qu\u00e9 llevar en un viaje Rubic\u00f3n 3: 2\u00aa parte | Rubicon 3 Adventure","description":"Gu\u00eda completa de equipaje para las aventuras de navegaci\u00f3n del Rubic\u00f3n 3 en el Caribe. Qu\u00e9 llevar y qu\u00e9 no llevar.","robots":{"index":"index","follow":"follow","max-snippet":"max-snippet:-1","max-image-preview":"max-image-preview:large","max-video-preview":"max-video-preview:-1"},"canonical":"https:\/\/www.rubicon3adventure.com\/es\/que-llevar-en-un-viaje-de-rubicon-3-parte-2\/","og_locale":"es_ES","og_type":"article","og_title":"Qu\u00e9 llevar en un viaje Rubic\u00f3n 3: 2\u00aa parte | Rubicon 3 Adventure","og_description":"Gu\u00eda completa de equipaje para las aventuras de navegaci\u00f3n del Rubic\u00f3n 3 en el Caribe. Qu\u00e9 llevar y qu\u00e9 no llevar.","og_url":"https:\/\/www.rubicon3adventure.com\/es\/que-llevar-en-un-viaje-de-rubicon-3-parte-2\/","og_site_name":"Rubicon 3 Adventure","article_publisher":"https:\/\/www.facebook.com\/rubicon3sailing","article_modified_time":"2024-11-11T11:27:50+00:00","og_image":[{"width":2560,"height":1554,"url":"https:\/\/www.rubicon3adventure.com\/wp-content\/uploads\/2024\/03\/Rubicon_Schema-Image-scaled.jpg","type":"image\/jpeg"}],"twitter_card":"summary_large_image","twitter_site":"@rubicon3sailing","twitter_misc":{"Tiempo de lectura":"5 minutos"},"schema":{"@context":"https:\/\/schema.org","@graph":[{"@type":"WebPage","@id":"https:\/\/www.rubicon3adventure.com\/es\/que-llevar-en-un-viaje-de-rubicon-3-parte-2\/","url":"https:\/\/www.rubicon3adventure.com\/es\/que-llevar-en-un-viaje-de-rubicon-3-parte-2\/","name":"Qu\u00e9 llevar en un viaje Rubic\u00f3n 3: 2\u00aa parte | Rubicon 3 Adventure","isPartOf":{"@id":"https:\/\/www.rubicon3adventure.com\/es\/#website"},"datePublished":"2024-11-11T11:06:51+00:00","dateModified":"2024-11-11T11:27:50+00:00","description":"Gu\u00eda completa de equipaje para las aventuras de navegaci\u00f3n del Rubic\u00f3n 3 en el Caribe. Qu\u00e9 llevar y qu\u00e9 no llevar.","inLanguage":"es","potentialAction":[{"@type":"ReadAction","target":["https:\/\/www.rubicon3adventure.com\/es\/que-llevar-en-un-viaje-de-rubicon-3-parte-2\/"]}]},{"@type":"WebSite","@id":"https:\/\/www.rubicon3adventure.com\/es\/#website","url":"https:\/\/www.rubicon3adventure.com\/es\/","name":"Rubicon 3 Adventure","description":"","publisher":{"@id":"https:\/\/www.rubicon3adventure.com\/es\/#organization"},"potentialAction":[{"@type":"SearchAction","target":{"@type":"EntryPoint","urlTemplate":"https:\/\/www.rubicon3adventure.com\/es\/?s={search_term_string}"},"query-input":{"@type":"PropertyValueSpecification","valueRequired":true,"valueName":"search_term_string"}}],"inLanguage":"es"},{"@type":"Organization","@id":"https:\/\/www.rubicon3adventure.com\/es\/#organization","name":"Rubicon 3 Adventures","alternateName":"Blueco Holdings Ltd","url":"https:\/\/www.rubicon3adventure.com\/es\/","logo":{"@type":"ImageObject","inLanguage":"es","@id":"https:\/\/www.rubicon3adventure.com\/es\/#\/schema\/logo\/image\/","url":"https:\/\/www.rubicon3adventure.com\/wp-content\/uploads\/2024\/03\/Rubicon_Schema-Image-scaled.jpg","contentUrl":"https:\/\/www.rubicon3adventure.com\/wp-content\/uploads\/2024\/03\/Rubicon_Schema-Image-scaled.jpg","width":2560,"height":1554,"caption":"Rubicon 3 Adventures"},"image":{"@id":"https:\/\/www.rubicon3adventure.com\/es\/#\/schema\/logo\/image\/"},"sameAs":["https:\/\/www.facebook.com\/rubicon3sailing","https:\/\/x.com\/rubicon3sailing","https:\/\/www.instagram.com\/rubicon_3_sailing\/","https:\/\/www.pinterest.co.uk\/rubicon3sailing\/","https:\/\/www.youtube.com\/channel\/UCUVTAy1Qm4lz0uZI_83Um8A","https:\/\/www.linkedin.com\/company\/rubicon-3\/"]}]}},"_links":{"self":[{"href":"https:\/\/www.rubicon3adventure.com\/es\/wp-json\/wp\/v2\/pages\/6742","targetHints":{"allow":["GET"]}}],"collection":[{"href":"https:\/\/www.rubicon3adventure.com\/es\/wp-json\/wp\/v2\/pages"}],"about":[{"href":"https:\/\/www.rubicon3adventure.com\/es\/wp-json\/wp\/v2\/types\/page"}],"author":[{"embeddable":true,"href":"https:\/\/www.rubicon3adventure.com\/es\/wp-json\/wp\/v2\/users\/5"}],"replies":[{"embeddable":true,"href":"https:\/\/www.rubicon3adventure.com\/es\/wp-json\/wp\/v2\/comments?post=6742"}],"version-history":[{"count":0,"href":"https:\/\/www.rubicon3adventure.com\/es\/wp-json\/wp\/v2\/pages\/6742\/revisions"}],"wp:attachment":[{"href":"https:\/\/www.rubicon3adventure.com\/es\/wp-json\/wp\/v2\/media?parent=6742"}],"curies":[{"name":"wp","href":"https:\/\/api.w.org\/{rel}","templated":true}]}}