{"id":4955,"date":"2024-04-01T15:50:01","date_gmt":"2024-04-01T14:50:01","guid":{"rendered":"https:\/\/www.rubicon3adventure.com\/product\/explorador-de-cuba\/"},"modified":"2024-06-20T17:35:29","modified_gmt":"2024-06-20T16:35:29","slug":"explorador-de-cuba","status":"publish","type":"product","link":"https:\/\/www.rubicon3adventure.com\/es\/produto\/explorador-de-cuba\/","title":{"rendered":"Explorador de Cuba"},"content":{"rendered":"<p data-pm-slice=\"1 1 []\">Bienvenido a Cuba, una naci\u00f3n insular rica en historia, cultura y belleza natural. Prep\u00e1rate para algunas de las playas m\u00e1s bellas del mundo, como Playa Sirena, coches de \u00e9poca y una arquitectura colonial espectacular. Cuba es una embriagadora mezcla de historia, cultura latinoamericana y <a href=\"https:\/\/www.rubicon3adventure.com\/sailing-caribbean-waters-the-rubicon-3-guide-for-sailors\/\">caribe\u00f1a<\/a>, vastas monta\u00f1as y manglares. M\u00e1s all\u00e1 de sus atractivos f\u00edsicos, la verdadera alma de Cuba reside en su gente, tan c\u00e1lida, acogedora y orgullosa de su herencia, y con un sentido compartido de comunidad y resistencia que resulta verdaderamente inspirador. Esta expedici\u00f3n comienza en la costa suroeste de Cuba y termina en su emblem\u00e1tica capital, La Habana.<\/p>\n<h4>Navega con los Expertos en Exploraci\u00f3n a Vela Fuera de los Caminos Trillados<\/h4>\n<p>Rubicon 3 son los principales expertos en aventuras de navegaci\u00f3n fuera de los caminos trillados, famosos por emprender algunas de las aventuras de navegaci\u00f3n m\u00e1s solitarias y espectaculares que existen. Nuestra reputaci\u00f3n se basa en una amplia experiencia, una formaci\u00f3n rigurosa y una aut\u00e9ntica dedicaci\u00f3n a explorar territorios inexplorados. La experta tripulaci\u00f3n del Rubic\u00f3n 3, con su experiencia duramente adquirida en la navegaci\u00f3n por zonas remotas, ofrece instrucci\u00f3n pr\u00e1ctica en navegaci\u00f3n, dando la bienvenida tanto a novatos como a navegantes experimentados en busca de nuevos retos.<\/p>\n<p>Se trata de aventuras \u00fanicas que se alejan de las rutas habituales, brindando la oportunidad de vivir estimulantes experiencias de navegaci\u00f3n rebosantes de descubrimientos. En el coraz\u00f3n de nuestra \u00e9tica se encuentra un profundo compromiso con la seguridad y la gesti\u00f3n medioambiental, garantizando que cada viaje respete tanto a los participantes como a los entornos naturales v\u00edrgenes que exploramos. Este enfoque integral ha garantizado el estatus de Rubic\u00f3n 3 como la persona a la que acuden quienes buscan la aventura n\u00e1utica definitiva fuera de los caminos trillados.<\/p>\n<div class=\"w-full text-token-text-primary\" data-testid=\"conversation-turn-11\">\n<div class=\"px-4 py-2 justify-center text-base md:gap-6 m-auto\">\n<div class=\"flex flex-1 text-base mx-auto gap-3 md:px-5 lg:px-1 xl:px-5 md:max-w-3xl lg:max-w-[40rem] xl:max-w-[48rem] group\">\n<div class=\"relative flex w-full flex-col agent-turn\">\n<div class=\"flex-col gap-1 md:gap-3\">\n<div class=\"flex flex-grow flex-col max-w-full\">\n<div class=\"min-h-[20px] text-message flex flex-col items-start gap-3 whitespace-pre-wrap break-words [.text-message+&amp;]:mt-5 overflow-x-auto\" data-message-author-role=\"assistant\" data-message-id=\"812bf16a-fd43-4ce9-8507-742b4d5581de\">\n<div class=\"markdown prose w-full break-words dark:prose-invert light\">\n<h4>\u00bfQuieres unirte?<\/h4>\n<p>Ve al bot\u00f3n Fechas y precios para ver las fechas de estas vacaciones en velero por Cuba. Tambi\u00e9n te dar\u00e1 informaci\u00f3n sobre el viaje de conexi\u00f3n, incluido d\u00f3nde volar y cu\u00e1ndo y d\u00f3nde unirte al barco. Ten en cuenta que es probable que necesites una Tarjeta Tur\u00edstica de Cuba. <a href=\"https:\/\/visacuba.com\/\">Consulta aqu\u00ed los detalles<\/a>. \u00bfPor qu\u00e9 no combinarla con la <a href=\"https:\/\/www.rubicon3adventure.com\/es\/produto\/navegar-de-jamaica-a-cuba\/\">expedici\u00f3n Jamaica-Cuba<\/a> que la precede para vivir la aventura definitiva de navegar por Cuba?<\/p>\n<\/div>\n<\/div>\n<\/div>\n<div class=\"mt-1 flex justify-start gap-3 empty:hidden\">\n<div class=\"text-gray-400 flex self-end lg:self-center justify-center lg:justify-start mt-0 -ml-1 visible\">\n<p>&nbsp;<\/p>\n<div class=\"flex\"><\/div>\n<\/div>\n<\/div>\n<\/div>\n<\/div>\n<\/div>\n<\/div>\n<\/div>\n<div class=\"w-full text-token-text-primary\" data-testid=\"conversation-turn-12\">\n<div class=\"px-4 py-2 justify-center text-base md:gap-6 m-auto\">\n<div class=\"flex flex-1 text-base mx-auto gap-3 md:px-5 lg:px-1 xl:px-5 md:max-w-3xl lg:max-w-[40rem] xl:max-w-[48rem] group\">\n<div class=\"flex-shrink-0 flex flex-col relative items-end\">\n<div>\n<div class=\"pt-0.5\">\n<div class=\"gizmo-shadow-stroke flex h-6 w-6 items-center justify-center overflow-hidden rounded-full\"><\/div>\n<\/div>\n<\/div>\n<\/div>\n<\/div>\n<\/div>\n<\/div>\n","protected":false},"excerpt":{"rendered":"<p>Aventura navegando en Cuba, con un embriagador pasaje de Cienfuegos a La Habana. Islas, cultura, fauna e historia combinadas con una navegaci\u00f3n c\u00e1lida y de vientos alisios.<\/p>\n","protected":false},"featured_media":4243,"comment_status":"closed","ping_status":"closed","template":"","meta":{"_acf_changed":false,"content-type":""},"product_brand":[],"product_cat":[239,242,236],"product_tag":[],"class_list":{"0":"post-4955","1":"product","2":"type-product","3":"status-publish","4":"has-post-thumbnail","6":"product_cat-caribe-y-las-americas","7":"product_cat-costero","8":"product_cat-vacaciones-de-aventura-en-velero","9":"trip_region-caribe-y-las-americas","10":"trip_type-alta-mar","11":"trip_type-costero","12":"trip_duration-11-16-dias","14":"first","15":"outofstock","16":"shipping-taxable","17":"product-type-variable"},"acf":[],"yoast_head":"<!-- This site is optimized with the Yoast SEO Premium plugin v27.3 (Yoast SEO v27.4) - https:\/\/yoast.com\/product\/yoast-seo-premium-wordpress\/ -->\n<title>Aventura en velero explorando | Cuba Explorer a La Habana<\/title>\n<meta name=\"description\" content=\"\u00danete a la tripulaci\u00f3n con los marineros de aventura n\u00ba 1 para una incre\u00edble aventura en velero desde Cienfuegos a La Habana. Tripulaci\u00f3n en solitario bienvenida\" \/>\n<meta name=\"robots\" content=\"index, follow, max-snippet:-1, max-image-preview:large, max-video-preview:-1\" \/>\n<link rel=\"canonical\" href=\"https:\/\/www.rubicon3adventure.com\/es\/produto\/explorador-de-cuba\/\" \/>\n<meta property=\"og:locale\" content=\"es_ES\" \/>\n<meta property=\"og:type\" content=\"article\" \/>\n<meta property=\"og:title\" content=\"Aventura en velero explorando | Cuba Explorer a La Habana\" \/>\n<meta property=\"og:description\" content=\"\u00danete a la tripulaci\u00f3n con los marineros de aventura n\u00ba 1 para una incre\u00edble aventura en velero desde Cienfuegos a La Habana. Tripulaci\u00f3n en solitario bienvenida\" \/>\n<meta property=\"og:url\" content=\"https:\/\/www.rubicon3adventure.com\/es\/produto\/explorador-de-cuba\/\" \/>\n<meta property=\"og:site_name\" content=\"Rubicon 3 Adventure\" \/>\n<meta property=\"article:publisher\" content=\"https:\/\/www.facebook.com\/rubicon3sailing\" \/>\n<meta property=\"article:modified_time\" content=\"2024-06-20T16:35:29+00:00\" \/>\n<meta property=\"og:image\" content=\"https:\/\/www.rubicon3adventure.com\/wp-content\/uploads\/2024\/04\/sirena-beach-cuba-2560.webp\" \/>\n\t<meta property=\"og:image:width\" content=\"2560\" \/>\n\t<meta property=\"og:image:height\" content=\"1440\" \/>\n\t<meta property=\"og:image:type\" content=\"image\/webp\" \/>\n<meta name=\"twitter:card\" content=\"summary_large_image\" \/>\n<meta name=\"twitter:site\" content=\"@rubicon3sailing\" \/>\n<meta name=\"twitter:label1\" content=\"Tiempo de lectura\" \/>\n\t<meta name=\"twitter:data1\" content=\"12 minutos\" \/>\n<script type=\"application\/ld+json\" class=\"yoast-schema-graph\">{\"@context\":\"https:\\\/\\\/schema.org\",\"@graph\":[{\"@type\":\"WebPage\",\"@id\":\"https:\\\/\\\/www.rubicon3adventure.com\\\/es\\\/produto\\\/explorador-de-cuba\\\/\",\"url\":\"https:\\\/\\\/www.rubicon3adventure.com\\\/es\\\/produto\\\/explorador-de-cuba\\\/\",\"name\":\"Aventura en velero explorando | Cuba Explorer a La Habana\",\"isPartOf\":{\"@id\":\"https:\\\/\\\/www.rubicon3adventure.com\\\/es\\\/#website\"},\"primaryImageOfPage\":{\"@id\":\"https:\\\/\\\/www.rubicon3adventure.com\\\/es\\\/produto\\\/explorador-de-cuba\\\/#primaryimage\"},\"image\":{\"@id\":\"https:\\\/\\\/www.rubicon3adventure.com\\\/es\\\/produto\\\/explorador-de-cuba\\\/#primaryimage\"},\"thumbnailUrl\":\"https:\\\/\\\/www.rubicon3adventure.com\\\/wp-content\\\/uploads\\\/2024\\\/03\\\/cuba-car-on-beach-2560.webp\",\"datePublished\":\"2024-04-01T14:50:01+00:00\",\"dateModified\":\"2024-06-20T16:35:29+00:00\",\"description\":\"\u00danete a la tripulaci\u00f3n con los marineros de aventura n\u00ba 1 para una incre\u00edble aventura en velero desde Cienfuegos a La Habana. Tripulaci\u00f3n en solitario bienvenida\",\"breadcrumb\":{\"@id\":\"https:\\\/\\\/www.rubicon3adventure.com\\\/es\\\/produto\\\/explorador-de-cuba\\\/#breadcrumb\"},\"inLanguage\":\"es\",\"potentialAction\":[{\"@type\":\"ReadAction\",\"target\":[\"https:\\\/\\\/www.rubicon3adventure.com\\\/es\\\/produto\\\/explorador-de-cuba\\\/\"]}]},{\"@type\":\"ImageObject\",\"inLanguage\":\"es\",\"@id\":\"https:\\\/\\\/www.rubicon3adventure.com\\\/es\\\/produto\\\/explorador-de-cuba\\\/#primaryimage\",\"url\":\"https:\\\/\\\/www.rubicon3adventure.com\\\/wp-content\\\/uploads\\\/2024\\\/03\\\/cuba-car-on-beach-2560.webp\",\"contentUrl\":\"https:\\\/\\\/www.rubicon3adventure.com\\\/wp-content\\\/uploads\\\/2024\\\/03\\\/cuba-car-on-beach-2560.webp\",\"width\":2560,\"height\":1440,\"caption\":\"coche en la playa de cuba\"},{\"@type\":\"BreadcrumbList\",\"@id\":\"https:\\\/\\\/www.rubicon3adventure.com\\\/es\\\/produto\\\/explorador-de-cuba\\\/#breadcrumb\",\"itemListElement\":[{\"@type\":\"ListItem\",\"position\":1,\"name\":\"Tienda\",\"item\":\"https:\\\/\\\/www.rubicon3adventure.com\\\/es\\\/tienda\\\/\"},{\"@type\":\"ListItem\",\"position\":2,\"name\":\"Explorador de Cuba\"}]},{\"@type\":\"WebSite\",\"@id\":\"https:\\\/\\\/www.rubicon3adventure.com\\\/es\\\/#website\",\"url\":\"https:\\\/\\\/www.rubicon3adventure.com\\\/es\\\/\",\"name\":\"Rubicon 3 Adventure\",\"description\":\"\",\"publisher\":{\"@id\":\"https:\\\/\\\/www.rubicon3adventure.com\\\/es\\\/#organization\"},\"potentialAction\":[{\"@type\":\"SearchAction\",\"target\":{\"@type\":\"EntryPoint\",\"urlTemplate\":\"https:\\\/\\\/www.rubicon3adventure.com\\\/es\\\/?s={search_term_string}\"},\"query-input\":{\"@type\":\"PropertyValueSpecification\",\"valueRequired\":true,\"valueName\":\"search_term_string\"}}],\"inLanguage\":\"es\"},{\"@type\":\"Organization\",\"@id\":\"https:\\\/\\\/www.rubicon3adventure.com\\\/es\\\/#organization\",\"name\":\"Rubicon 3 Adventures\",\"alternateName\":\"Blueco Holdings Ltd\",\"url\":\"https:\\\/\\\/www.rubicon3adventure.com\\\/es\\\/\",\"logo\":{\"@type\":\"ImageObject\",\"inLanguage\":\"es\",\"@id\":\"https:\\\/\\\/www.rubicon3adventure.com\\\/es\\\/#\\\/schema\\\/logo\\\/image\\\/\",\"url\":\"https:\\\/\\\/www.rubicon3adventure.com\\\/wp-content\\\/uploads\\\/2024\\\/03\\\/Rubicon_Schema-Image-scaled.jpg\",\"contentUrl\":\"https:\\\/\\\/www.rubicon3adventure.com\\\/wp-content\\\/uploads\\\/2024\\\/03\\\/Rubicon_Schema-Image-scaled.jpg\",\"width\":2560,\"height\":1554,\"caption\":\"Rubicon 3 Adventures\"},\"image\":{\"@id\":\"https:\\\/\\\/www.rubicon3adventure.com\\\/es\\\/#\\\/schema\\\/logo\\\/image\\\/\"},\"sameAs\":[\"https:\\\/\\\/www.facebook.com\\\/rubicon3sailing\",\"https:\\\/\\\/x.com\\\/rubicon3sailing\",\"https:\\\/\\\/www.instagram.com\\\/rubicon_3_sailing\\\/\",\"https:\\\/\\\/www.pinterest.co.uk\\\/rubicon3sailing\\\/\",\"https:\\\/\\\/www.youtube.com\\\/channel\\\/UCUVTAy1Qm4lz0uZI_83Um8A\",\"https:\\\/\\\/www.linkedin.com\\\/company\\\/rubicon-3\\\/\"]}]}<\/script>\n<!-- \/ Yoast SEO Premium plugin. -->","yoast_head_json":{"title":"Aventura en velero explorando | Cuba Explorer a La Habana","description":"\u00danete a la tripulaci\u00f3n con los marineros de aventura n\u00ba 1 para una incre\u00edble aventura en velero desde Cienfuegos a La Habana. Tripulaci\u00f3n en solitario bienvenida","robots":{"index":"index","follow":"follow","max-snippet":"max-snippet:-1","max-image-preview":"max-image-preview:large","max-video-preview":"max-video-preview:-1"},"canonical":"https:\/\/www.rubicon3adventure.com\/es\/produto\/explorador-de-cuba\/","og_locale":"es_ES","og_type":"article","og_title":"Aventura en velero explorando | Cuba Explorer a La Habana","og_description":"\u00danete a la tripulaci\u00f3n con los marineros de aventura n\u00ba 1 para una incre\u00edble aventura en velero desde Cienfuegos a La Habana. Tripulaci\u00f3n en solitario bienvenida","og_url":"https:\/\/www.rubicon3adventure.com\/es\/produto\/explorador-de-cuba\/","og_site_name":"Rubicon 3 Adventure","article_publisher":"https:\/\/www.facebook.com\/rubicon3sailing","article_modified_time":"2024-06-20T16:35:29+00:00","og_image":[{"width":2560,"height":1440,"url":"https:\/\/www.rubicon3adventure.com\/wp-content\/uploads\/2024\/04\/sirena-beach-cuba-2560.webp","type":"image\/webp"}],"twitter_card":"summary_large_image","twitter_site":"@rubicon3sailing","twitter_misc":{"Tiempo de lectura":"12 minutos"},"schema":{"@context":"https:\/\/schema.org","@graph":[{"@type":"WebPage","@id":"https:\/\/www.rubicon3adventure.com\/es\/produto\/explorador-de-cuba\/","url":"https:\/\/www.rubicon3adventure.com\/es\/produto\/explorador-de-cuba\/","name":"Aventura en velero explorando | Cuba Explorer a La Habana","isPartOf":{"@id":"https:\/\/www.rubicon3adventure.com\/es\/#website"},"primaryImageOfPage":{"@id":"https:\/\/www.rubicon3adventure.com\/es\/produto\/explorador-de-cuba\/#primaryimage"},"image":{"@id":"https:\/\/www.rubicon3adventure.com\/es\/produto\/explorador-de-cuba\/#primaryimage"},"thumbnailUrl":"https:\/\/www.rubicon3adventure.com\/wp-content\/uploads\/2024\/03\/cuba-car-on-beach-2560.webp","datePublished":"2024-04-01T14:50:01+00:00","dateModified":"2024-06-20T16:35:29+00:00","description":"\u00danete a la tripulaci\u00f3n con los marineros de aventura n\u00ba 1 para una incre\u00edble aventura en velero desde Cienfuegos a La Habana. Tripulaci\u00f3n en solitario bienvenida","breadcrumb":{"@id":"https:\/\/www.rubicon3adventure.com\/es\/produto\/explorador-de-cuba\/#breadcrumb"},"inLanguage":"es","potentialAction":[{"@type":"ReadAction","target":["https:\/\/www.rubicon3adventure.com\/es\/produto\/explorador-de-cuba\/"]}]},{"@type":"ImageObject","inLanguage":"es","@id":"https:\/\/www.rubicon3adventure.com\/es\/produto\/explorador-de-cuba\/#primaryimage","url":"https:\/\/www.rubicon3adventure.com\/wp-content\/uploads\/2024\/03\/cuba-car-on-beach-2560.webp","contentUrl":"https:\/\/www.rubicon3adventure.com\/wp-content\/uploads\/2024\/03\/cuba-car-on-beach-2560.webp","width":2560,"height":1440,"caption":"coche en la playa de cuba"},{"@type":"BreadcrumbList","@id":"https:\/\/www.rubicon3adventure.com\/es\/produto\/explorador-de-cuba\/#breadcrumb","itemListElement":[{"@type":"ListItem","position":1,"name":"Tienda","item":"https:\/\/www.rubicon3adventure.com\/es\/tienda\/"},{"@type":"ListItem","position":2,"name":"Explorador de Cuba"}]},{"@type":"WebSite","@id":"https:\/\/www.rubicon3adventure.com\/es\/#website","url":"https:\/\/www.rubicon3adventure.com\/es\/","name":"Rubicon 3 Adventure","description":"","publisher":{"@id":"https:\/\/www.rubicon3adventure.com\/es\/#organization"},"potentialAction":[{"@type":"SearchAction","target":{"@type":"EntryPoint","urlTemplate":"https:\/\/www.rubicon3adventure.com\/es\/?s={search_term_string}"},"query-input":{"@type":"PropertyValueSpecification","valueRequired":true,"valueName":"search_term_string"}}],"inLanguage":"es"},{"@type":"Organization","@id":"https:\/\/www.rubicon3adventure.com\/es\/#organization","name":"Rubicon 3 Adventures","alternateName":"Blueco Holdings Ltd","url":"https:\/\/www.rubicon3adventure.com\/es\/","logo":{"@type":"ImageObject","inLanguage":"es","@id":"https:\/\/www.rubicon3adventure.com\/es\/#\/schema\/logo\/image\/","url":"https:\/\/www.rubicon3adventure.com\/wp-content\/uploads\/2024\/03\/Rubicon_Schema-Image-scaled.jpg","contentUrl":"https:\/\/www.rubicon3adventure.com\/wp-content\/uploads\/2024\/03\/Rubicon_Schema-Image-scaled.jpg","width":2560,"height":1554,"caption":"Rubicon 3 Adventures"},"image":{"@id":"https:\/\/www.rubicon3adventure.com\/es\/#\/schema\/logo\/image\/"},"sameAs":["https:\/\/www.facebook.com\/rubicon3sailing","https:\/\/x.com\/rubicon3sailing","https:\/\/www.instagram.com\/rubicon_3_sailing\/","https:\/\/www.pinterest.co.uk\/rubicon3sailing\/","https:\/\/www.youtube.com\/channel\/UCUVTAy1Qm4lz0uZI_83Um8A","https:\/\/www.linkedin.com\/company\/rubicon-3\/"]}]}},"_links":{"self":[{"href":"https:\/\/www.rubicon3adventure.com\/es\/wp-json\/wp\/v2\/product\/4955","targetHints":{"allow":["GET"]}}],"collection":[{"href":"https:\/\/www.rubicon3adventure.com\/es\/wp-json\/wp\/v2\/product"}],"about":[{"href":"https:\/\/www.rubicon3adventure.com\/es\/wp-json\/wp\/v2\/types\/product"}],"replies":[{"embeddable":true,"href":"https:\/\/www.rubicon3adventure.com\/es\/wp-json\/wp\/v2\/comments?post=4955"}],"wp:featuredmedia":[{"embeddable":true,"href":"https:\/\/www.rubicon3adventure.com\/es\/wp-json\/wp\/v2\/media\/4243"}],"wp:attachment":[{"href":"https:\/\/www.rubicon3adventure.com\/es\/wp-json\/wp\/v2\/media?parent=4955"}],"wp:term":[{"taxonomy":"product_brand","embeddable":true,"href":"https:\/\/www.rubicon3adventure.com\/es\/wp-json\/wp\/v2\/product_brand?post=4955"},{"taxonomy":"product_cat","embeddable":true,"href":"https:\/\/www.rubicon3adventure.com\/es\/wp-json\/wp\/v2\/product_cat?post=4955"},{"taxonomy":"product_tag","embeddable":true,"href":"https:\/\/www.rubicon3adventure.com\/es\/wp-json\/wp\/v2\/product_tag?post=4955"}],"curies":[{"name":"wp","href":"https:\/\/api.w.org\/{rel}","templated":true}]}}