{"id":5027,"date":"2024-03-15T11:42:55","date_gmt":"2024-03-15T11:42:55","guid":{"rendered":"https:\/\/www.rubicon3adventure.com\/product\/navega-el-atlantico-en-el-arco\/"},"modified":"2024-03-15T11:42:55","modified_gmt":"2024-03-15T11:42:55","slug":"navega-el-atlantico-en-el-arco","status":"publish","type":"product","link":"https:\/\/www.rubicon3adventure.com\/es\/produto\/navega-el-atlantico-en-el-arco\/","title":{"rendered":"Navega por el Atl\u00e1ntico en la ARC"},"content":{"rendered":"<p>Navega por el Oc\u00e9ano Atl\u00e1ntico con Rubic\u00f3n 3 mientras participamos en el Rally Atl\u00e1ntico para Cruceros (ARC). El acontecimiento atrae a unos 100 yates que se re\u00fanen en las Islas Canarias y zarpan en masa hacia el Caribe, a unas 2.000 millas al oeste. Para la mayor\u00eda de la tripulaci\u00f3n, es su primera traves\u00eda oce\u00e1nica y una oportunidad \u00fanica de completar esta aventura de la lista de deseos. La formaci\u00f3n inicial en Canarias te prepara para la traves\u00eda, y una vez que zarpes te dedicar\u00e1s a navegar, vigilar la meteorolog\u00eda, timonear y trimar las velas, salpicado de momentos de pura belleza, como delfines jugando en la ola de proa o una puesta de sol llenando el cielo. Llegas a Santa Luc\u00eda unos 17-18 d\u00edas despu\u00e9s de partir, como navegante oce\u00e1nico y habiendo vivido la aventura de tu vida.<\/p>\n<p><span data-preserver-spaces=\"true\">Se trata de un <\/span><a class=\"editor-rtfLink\" href=\"https:\/\/www.rubicon3adventure.com\/articles\/seamanship-sailing-skills\/yachtmaster-ocean-qualifying-passage\/\" target=\"_blank\" rel=\"noopener\"><br \/>\n  <span data-preserver-spaces=\"true\">pasaje de calificaci\u00f3n RYA Yachtmaster Ocean<\/span><br \/>\n<\/a><span data-preserver-spaces=\"true\"> para quienes se inscriban como jefe de guardia.<\/span><\/p>\n<h5><span data-preserver-spaces=\"true\">\u00bfPreparado para la aventura de tu vida con los expertos en navegaci\u00f3n de altura?<\/span><\/h5>\n<p><span data-preserver-spaces=\"true\">En Rubicon 3 somos expertos en navegaci\u00f3n en alta mar, reconocidos en el mundo de la navegaci\u00f3n por nuestra amplia experiencia, formaci\u00f3n exhaustiva, dedicaci\u00f3n al descubrimiento y fant\u00e1sticas aventuras de navegaci\u00f3n. Nuestro equipo de expertos, navegantes con gran experiencia en traves\u00edas oce\u00e1nicas, el \u00c1rtico, el Mar del Norte y el Mar de Noruega, ofrece instrucci\u00f3n pr\u00e1ctica en todos los aspectos de la navegaci\u00f3n oce\u00e1nica, dirigida tanto a los que se inician en la navegaci\u00f3n oce\u00e1nica como a los navegantes m\u00e1s experimentados.<\/span><\/p>\n<p><span data-preserver-spaces=\"true\">Nuestra selecci\u00f3n de rutas \u00fanicas y menos transitadas nos distingue, garantizando una navegaci\u00f3n en alta mar estimulante y llena de descubrimientos. Nuestra \u00e9tica es un compromiso inquebrantable con la seguridad y la sostenibilidad medioambiental, garantizando que cada viaje respete a los marineros y al mar. Adem\u00e1s, nos centramos en el desarrollo de habilidades individuales tanto como una escuela de vela, de modo que todos participen plenamente en cada aspecto de la traves\u00eda. Este enfoque hol\u00edstico ha forjado la reputaci\u00f3n de Rubicon 3 como expertos a los que acudir para cualquiera que busque el m\u00e1s alto nivel de navegaci\u00f3n en alta mar.<\/span><\/p>\n<h5><span data-preserver-spaces=\"true\">\u00bfQuieres unirte?<\/span><\/h5>\n<p><span data-preserver-spaces=\"true\">Ve al bot\u00f3n Fechas y Precios para ver las fechas de este viaje. Tambi\u00e9n te dar\u00e1 informaci\u00f3n sobre el viaje de conexi\u00f3n, incluido d\u00f3nde volar y cu\u00e1ndo y d\u00f3nde unirte al barco.<\/span><\/p>\n<p>&nbsp;<\/p>\n","protected":false},"excerpt":{"rendered":"<p>Navega por el Oc\u00e9ano Atl\u00e1ntico con el Rubic\u00f3n 3 en el Rally Atl\u00e1ntico para Cruceros (ARC), un viaje de 2200 millas desde las Islas Canarias hasta el Caribe. Cuatro semanas llenas de aventura, entrenamiento, emocionante navegaci\u00f3n y recuerdos para toda la vida.<\/p>\n","protected":false},"featured_media":4155,"comment_status":"closed","ping_status":"closed","template":"","meta":{"_acf_changed":false,"content-type":""},"product_brand":[],"product_cat":[239,245,257,236],"product_tag":[],"class_list":{"0":"post-5027","1":"product","2":"type-product","3":"status-publish","4":"has-post-thumbnail","6":"product_cat-caribe-y-las-americas","7":"product_cat-europa-y-el-mar-baltico","8":"product_cat-en-alta-mar","9":"product_cat-vacaciones-de-aventura-en-velero","10":"trip_region-caribe-y-las-americas","11":"trip_region-europa-y-el-baltico","12":"trip_type-alta-mar","13":"trip_duration-17-dias","15":"first","16":"instock","17":"shipping-taxable","18":"purchasable","19":"product-type-variable"},"acf":[],"yoast_head":"<!-- This site is optimized with the Yoast SEO Premium plugin v27.3 (Yoast SEO v27.3) - https:\/\/yoast.com\/product\/yoast-seo-premium-wordpress\/ -->\n<title>\u00danete a la ARC: Reserva tu aventura en velero por el Atl\u00e1ntico<\/title>\n<meta name=\"description\" content=\"Asegura tu plaza en la traves\u00eda atl\u00e1ntica ARC. Navega por el oc\u00e9ano Atl\u00e1ntico con los expertos en navegaci\u00f3n de altura y un yate oce\u00e1nico de 60 pies.\" \/>\n<meta name=\"robots\" content=\"index, follow, max-snippet:-1, max-image-preview:large, max-video-preview:-1\" \/>\n<link rel=\"canonical\" href=\"https:\/\/www.rubicon3adventure.com\/es\/produto\/navega-el-atlantico-en-el-arco\/\" \/>\n<meta property=\"og:locale\" content=\"es_ES\" \/>\n<meta property=\"og:type\" content=\"article\" \/>\n<meta property=\"og:title\" content=\"\u00danete a la ARC: Reserva tu aventura en velero por el Atl\u00e1ntico\" \/>\n<meta property=\"og:description\" content=\"Asegura tu plaza en la traves\u00eda atl\u00e1ntica ARC. Navega por el oc\u00e9ano Atl\u00e1ntico con los expertos en navegaci\u00f3n de altura y un yate oce\u00e1nico de 60 pies.\" \/>\n<meta property=\"og:url\" content=\"https:\/\/www.rubicon3adventure.com\/es\/produto\/navega-el-atlantico-en-el-arco\/\" \/>\n<meta property=\"og:site_name\" content=\"Rubicon 3 Adventure\" \/>\n<meta property=\"article:publisher\" content=\"https:\/\/www.facebook.com\/rubicon3sailing\" \/>\n<meta property=\"og:image\" content=\"https:\/\/www.rubicon3adventure.com\/wp-content\/uploads\/2024\/03\/yacht_starling_profile-2560.webp\" \/>\n\t<meta property=\"og:image:width\" content=\"2560\" \/>\n\t<meta property=\"og:image:height\" content=\"1440\" \/>\n\t<meta property=\"og:image:type\" content=\"image\/webp\" \/>\n<meta name=\"twitter:card\" content=\"summary_large_image\" \/>\n<meta name=\"twitter:site\" content=\"@rubicon3sailing\" \/>\n<meta name=\"twitter:label1\" content=\"Tiempo de lectura\" \/>\n\t<meta name=\"twitter:data1\" content=\"2 minutos\" \/>\n<script type=\"application\/ld+json\" class=\"yoast-schema-graph\">{\"@context\":\"https:\\\/\\\/schema.org\",\"@graph\":[{\"@type\":\"WebPage\",\"@id\":\"https:\\\/\\\/www.rubicon3adventure.com\\\/es\\\/produto\\\/navega-el-atlantico-en-el-arco\\\/\",\"url\":\"https:\\\/\\\/www.rubicon3adventure.com\\\/es\\\/produto\\\/navega-el-atlantico-en-el-arco\\\/\",\"name\":\"\u00danete a la ARC: Reserva tu aventura en velero por el Atl\u00e1ntico\",\"isPartOf\":{\"@id\":\"https:\\\/\\\/www.rubicon3adventure.com\\\/es\\\/#website\"},\"primaryImageOfPage\":{\"@id\":\"https:\\\/\\\/www.rubicon3adventure.com\\\/es\\\/produto\\\/navega-el-atlantico-en-el-arco\\\/#primaryimage\"},\"image\":{\"@id\":\"https:\\\/\\\/www.rubicon3adventure.com\\\/es\\\/produto\\\/navega-el-atlantico-en-el-arco\\\/#primaryimage\"},\"thumbnailUrl\":\"https:\\\/\\\/www.rubicon3adventure.com\\\/wp-content\\\/uploads\\\/2024\\\/03\\\/yacht_starling_profile-2560.webp\",\"datePublished\":\"2024-03-15T11:42:55+00:00\",\"description\":\"Asegura tu plaza en la traves\u00eda atl\u00e1ntica ARC. Navega por el oc\u00e9ano Atl\u00e1ntico con los expertos en navegaci\u00f3n de altura y un yate oce\u00e1nico de 60 pies.\",\"breadcrumb\":{\"@id\":\"https:\\\/\\\/www.rubicon3adventure.com\\\/es\\\/produto\\\/navega-el-atlantico-en-el-arco\\\/#breadcrumb\"},\"inLanguage\":\"es\",\"potentialAction\":[{\"@type\":\"ReadAction\",\"target\":[\"https:\\\/\\\/www.rubicon3adventure.com\\\/es\\\/produto\\\/navega-el-atlantico-en-el-arco\\\/\"]}]},{\"@type\":\"ImageObject\",\"inLanguage\":\"es\",\"@id\":\"https:\\\/\\\/www.rubicon3adventure.com\\\/es\\\/produto\\\/navega-el-atlantico-en-el-arco\\\/#primaryimage\",\"url\":\"https:\\\/\\\/www.rubicon3adventure.com\\\/wp-content\\\/uploads\\\/2024\\\/03\\\/yacht_starling_profile-2560.webp\",\"contentUrl\":\"https:\\\/\\\/www.rubicon3adventure.com\\\/wp-content\\\/uploads\\\/2024\\\/03\\\/yacht_starling_profile-2560.webp\",\"width\":2560,\"height\":1440,\"caption\":\"navegando por el atl\u00e1ntico\"},{\"@type\":\"BreadcrumbList\",\"@id\":\"https:\\\/\\\/www.rubicon3adventure.com\\\/es\\\/produto\\\/navega-el-atlantico-en-el-arco\\\/#breadcrumb\",\"itemListElement\":[{\"@type\":\"ListItem\",\"position\":1,\"name\":\"Tienda\",\"item\":\"https:\\\/\\\/www.rubicon3adventure.com\\\/es\\\/tienda\\\/\"},{\"@type\":\"ListItem\",\"position\":2,\"name\":\"Navega por el Atl\u00e1ntico en la ARC\"}]},{\"@type\":\"WebSite\",\"@id\":\"https:\\\/\\\/www.rubicon3adventure.com\\\/es\\\/#website\",\"url\":\"https:\\\/\\\/www.rubicon3adventure.com\\\/es\\\/\",\"name\":\"Rubicon 3 Adventure\",\"description\":\"\",\"publisher\":{\"@id\":\"https:\\\/\\\/www.rubicon3adventure.com\\\/es\\\/#organization\"},\"potentialAction\":[{\"@type\":\"SearchAction\",\"target\":{\"@type\":\"EntryPoint\",\"urlTemplate\":\"https:\\\/\\\/www.rubicon3adventure.com\\\/es\\\/?s={search_term_string}\"},\"query-input\":{\"@type\":\"PropertyValueSpecification\",\"valueRequired\":true,\"valueName\":\"search_term_string\"}}],\"inLanguage\":\"es\"},{\"@type\":\"Organization\",\"@id\":\"https:\\\/\\\/www.rubicon3adventure.com\\\/es\\\/#organization\",\"name\":\"Rubicon 3 Adventures\",\"alternateName\":\"Blueco Holdings Ltd\",\"url\":\"https:\\\/\\\/www.rubicon3adventure.com\\\/es\\\/\",\"logo\":{\"@type\":\"ImageObject\",\"inLanguage\":\"es\",\"@id\":\"https:\\\/\\\/www.rubicon3adventure.com\\\/es\\\/#\\\/schema\\\/logo\\\/image\\\/\",\"url\":\"https:\\\/\\\/www.rubicon3adventure.com\\\/wp-content\\\/uploads\\\/2024\\\/03\\\/Rubicon_Schema-Image-scaled.jpg\",\"contentUrl\":\"https:\\\/\\\/www.rubicon3adventure.com\\\/wp-content\\\/uploads\\\/2024\\\/03\\\/Rubicon_Schema-Image-scaled.jpg\",\"width\":2560,\"height\":1554,\"caption\":\"Rubicon 3 Adventures\"},\"image\":{\"@id\":\"https:\\\/\\\/www.rubicon3adventure.com\\\/es\\\/#\\\/schema\\\/logo\\\/image\\\/\"},\"sameAs\":[\"https:\\\/\\\/www.facebook.com\\\/rubicon3sailing\",\"https:\\\/\\\/x.com\\\/rubicon3sailing\",\"https:\\\/\\\/www.instagram.com\\\/rubicon_3_sailing\\\/\",\"https:\\\/\\\/www.pinterest.co.uk\\\/rubicon3sailing\\\/\",\"https:\\\/\\\/www.youtube.com\\\/channel\\\/UCUVTAy1Qm4lz0uZI_83Um8A\",\"https:\\\/\\\/www.linkedin.com\\\/company\\\/rubicon-3\\\/\"]}]}<\/script>\n<!-- \/ Yoast SEO Premium plugin. -->","yoast_head_json":{"title":"\u00danete a la ARC: Reserva tu aventura en velero por el Atl\u00e1ntico","description":"Asegura tu plaza en la traves\u00eda atl\u00e1ntica ARC. Navega por el oc\u00e9ano Atl\u00e1ntico con los expertos en navegaci\u00f3n de altura y un yate oce\u00e1nico de 60 pies.","robots":{"index":"index","follow":"follow","max-snippet":"max-snippet:-1","max-image-preview":"max-image-preview:large","max-video-preview":"max-video-preview:-1"},"canonical":"https:\/\/www.rubicon3adventure.com\/es\/produto\/navega-el-atlantico-en-el-arco\/","og_locale":"es_ES","og_type":"article","og_title":"\u00danete a la ARC: Reserva tu aventura en velero por el Atl\u00e1ntico","og_description":"Asegura tu plaza en la traves\u00eda atl\u00e1ntica ARC. Navega por el oc\u00e9ano Atl\u00e1ntico con los expertos en navegaci\u00f3n de altura y un yate oce\u00e1nico de 60 pies.","og_url":"https:\/\/www.rubicon3adventure.com\/es\/produto\/navega-el-atlantico-en-el-arco\/","og_site_name":"Rubicon 3 Adventure","article_publisher":"https:\/\/www.facebook.com\/rubicon3sailing","og_image":[{"width":2560,"height":1440,"url":"https:\/\/www.rubicon3adventure.com\/wp-content\/uploads\/2024\/03\/yacht_starling_profile-2560.webp","type":"image\/webp"}],"twitter_card":"summary_large_image","twitter_site":"@rubicon3sailing","twitter_misc":{"Tiempo de lectura":"2 minutos"},"schema":{"@context":"https:\/\/schema.org","@graph":[{"@type":"WebPage","@id":"https:\/\/www.rubicon3adventure.com\/es\/produto\/navega-el-atlantico-en-el-arco\/","url":"https:\/\/www.rubicon3adventure.com\/es\/produto\/navega-el-atlantico-en-el-arco\/","name":"\u00danete a la ARC: Reserva tu aventura en velero por el Atl\u00e1ntico","isPartOf":{"@id":"https:\/\/www.rubicon3adventure.com\/es\/#website"},"primaryImageOfPage":{"@id":"https:\/\/www.rubicon3adventure.com\/es\/produto\/navega-el-atlantico-en-el-arco\/#primaryimage"},"image":{"@id":"https:\/\/www.rubicon3adventure.com\/es\/produto\/navega-el-atlantico-en-el-arco\/#primaryimage"},"thumbnailUrl":"https:\/\/www.rubicon3adventure.com\/wp-content\/uploads\/2024\/03\/yacht_starling_profile-2560.webp","datePublished":"2024-03-15T11:42:55+00:00","description":"Asegura tu plaza en la traves\u00eda atl\u00e1ntica ARC. Navega por el oc\u00e9ano Atl\u00e1ntico con los expertos en navegaci\u00f3n de altura y un yate oce\u00e1nico de 60 pies.","breadcrumb":{"@id":"https:\/\/www.rubicon3adventure.com\/es\/produto\/navega-el-atlantico-en-el-arco\/#breadcrumb"},"inLanguage":"es","potentialAction":[{"@type":"ReadAction","target":["https:\/\/www.rubicon3adventure.com\/es\/produto\/navega-el-atlantico-en-el-arco\/"]}]},{"@type":"ImageObject","inLanguage":"es","@id":"https:\/\/www.rubicon3adventure.com\/es\/produto\/navega-el-atlantico-en-el-arco\/#primaryimage","url":"https:\/\/www.rubicon3adventure.com\/wp-content\/uploads\/2024\/03\/yacht_starling_profile-2560.webp","contentUrl":"https:\/\/www.rubicon3adventure.com\/wp-content\/uploads\/2024\/03\/yacht_starling_profile-2560.webp","width":2560,"height":1440,"caption":"navegando por el atl\u00e1ntico"},{"@type":"BreadcrumbList","@id":"https:\/\/www.rubicon3adventure.com\/es\/produto\/navega-el-atlantico-en-el-arco\/#breadcrumb","itemListElement":[{"@type":"ListItem","position":1,"name":"Tienda","item":"https:\/\/www.rubicon3adventure.com\/es\/tienda\/"},{"@type":"ListItem","position":2,"name":"Navega por el Atl\u00e1ntico en la ARC"}]},{"@type":"WebSite","@id":"https:\/\/www.rubicon3adventure.com\/es\/#website","url":"https:\/\/www.rubicon3adventure.com\/es\/","name":"Rubicon 3 Adventure","description":"","publisher":{"@id":"https:\/\/www.rubicon3adventure.com\/es\/#organization"},"potentialAction":[{"@type":"SearchAction","target":{"@type":"EntryPoint","urlTemplate":"https:\/\/www.rubicon3adventure.com\/es\/?s={search_term_string}"},"query-input":{"@type":"PropertyValueSpecification","valueRequired":true,"valueName":"search_term_string"}}],"inLanguage":"es"},{"@type":"Organization","@id":"https:\/\/www.rubicon3adventure.com\/es\/#organization","name":"Rubicon 3 Adventures","alternateName":"Blueco Holdings Ltd","url":"https:\/\/www.rubicon3adventure.com\/es\/","logo":{"@type":"ImageObject","inLanguage":"es","@id":"https:\/\/www.rubicon3adventure.com\/es\/#\/schema\/logo\/image\/","url":"https:\/\/www.rubicon3adventure.com\/wp-content\/uploads\/2024\/03\/Rubicon_Schema-Image-scaled.jpg","contentUrl":"https:\/\/www.rubicon3adventure.com\/wp-content\/uploads\/2024\/03\/Rubicon_Schema-Image-scaled.jpg","width":2560,"height":1554,"caption":"Rubicon 3 Adventures"},"image":{"@id":"https:\/\/www.rubicon3adventure.com\/es\/#\/schema\/logo\/image\/"},"sameAs":["https:\/\/www.facebook.com\/rubicon3sailing","https:\/\/x.com\/rubicon3sailing","https:\/\/www.instagram.com\/rubicon_3_sailing\/","https:\/\/www.pinterest.co.uk\/rubicon3sailing\/","https:\/\/www.youtube.com\/channel\/UCUVTAy1Qm4lz0uZI_83Um8A","https:\/\/www.linkedin.com\/company\/rubicon-3\/"]}]}},"_links":{"self":[{"href":"https:\/\/www.rubicon3adventure.com\/es\/wp-json\/wp\/v2\/product\/5027","targetHints":{"allow":["GET"]}}],"collection":[{"href":"https:\/\/www.rubicon3adventure.com\/es\/wp-json\/wp\/v2\/product"}],"about":[{"href":"https:\/\/www.rubicon3adventure.com\/es\/wp-json\/wp\/v2\/types\/product"}],"replies":[{"embeddable":true,"href":"https:\/\/www.rubicon3adventure.com\/es\/wp-json\/wp\/v2\/comments?post=5027"}],"wp:featuredmedia":[{"embeddable":true,"href":"https:\/\/www.rubicon3adventure.com\/es\/wp-json\/wp\/v2\/media\/4155"}],"wp:attachment":[{"href":"https:\/\/www.rubicon3adventure.com\/es\/wp-json\/wp\/v2\/media?parent=5027"}],"wp:term":[{"taxonomy":"product_brand","embeddable":true,"href":"https:\/\/www.rubicon3adventure.com\/es\/wp-json\/wp\/v2\/product_brand?post=5027"},{"taxonomy":"product_cat","embeddable":true,"href":"https:\/\/www.rubicon3adventure.com\/es\/wp-json\/wp\/v2\/product_cat?post=5027"},{"taxonomy":"product_tag","embeddable":true,"href":"https:\/\/www.rubicon3adventure.com\/es\/wp-json\/wp\/v2\/product_tag?post=5027"}],"curies":[{"name":"wp","href":"https:\/\/api.w.org\/{rel}","templated":true}]}}