{"id":5144,"date":"2024-02-02T13:47:24","date_gmt":"2024-02-02T13:47:24","guid":{"rendered":"https:\/\/www.rubicon3adventure.com\/product\/noruega-lofoten-islas\/"},"modified":"2024-02-02T13:47:24","modified_gmt":"2024-02-02T13:47:24","slug":"noruega-lofoten-islas","status":"publish","type":"product","link":"https:\/\/www.rubicon3adventure.com\/es\/produto\/noruega-lofoten-islas\/","title":{"rendered":"Para\u00edso \u00c1rtico: Las Islas Lofoten de Noruega"},"content":{"rendered":"<p><strong><span data-preserver-spaces=\"true\">Enclavadas en el extremo norte de Noruega, las islas Lofoten son un archipi\u00e9lago impresionante que ofrece a los navegantes una experiencia verdaderamente \u00fanica e inolvidable. Desde imponentes monta\u00f1as a aguas pr\u00edstinas, esta regi\u00f3n es un para\u00edso para los amantes de la naturaleza y los aventureros.<\/span><\/strong><\/p>\n<p><span data-preserver-spaces=\"true\">Navegar por las islas es una aventura \u00fanica e inolvidable. Mientras navegamos por la escarpada costa con luz diurna las 24 horas del d\u00eda debido a la elevada latitud, te quedar\u00e1s hipnotizado por las preciosas islas, monta\u00f1as, fiordos y remotos pueblos pesqueros. Las islas albergan una cultura vibrante formada por siglos de tradiciones pesqueras, con peque\u00f1as casas rojas que han permanecido en pie durante generaciones. Cada d\u00eda fondeamos en un lugar nuevo, y hay paseos y exploraciones inigualables en cualquier otro lugar por el que naveguemos, con impresionantes vistas de la costa circundante. La zona tambi\u00e9n es rica en fauna, y es probable que veas focas, \u00e1guilas marinas, frailecillos y mucho m\u00e1s. \u00c9sta es nuestra aventura en velero de 12 d\u00edas m\u00e1s popular y \u00a1no te la puedes perder!<\/span><\/p>\n<h5><span data-preserver-spaces=\"true\">\u00bfPreparado para el viaje de tu vida con los mejores navegantes de aventura de Europa?<\/span><\/h5>\n<p><span data-preserver-spaces=\"true\">Las expediciones de Rubic\u00f3n 3 son aut\u00e9nticas aventuras n\u00e1uticas m\u00e1s que vacaciones n\u00e1uticas de lujo. Dependiendo de la ruta que elijas, estar\u00e1s fuera de los caminos trillados, posiblemente en mar abierto, y navegando hacia y explorando lugares remotos y hermosos. Los expertos instructores de Rubic\u00f3n 3 te formar\u00e1n y se asegurar\u00e1n de que participes plenamente en todos los aspectos de la experiencia, incluyendo la navegaci\u00f3n, el tim\u00f3n, el ajuste de las velas, la cocina y el cuidado del yate. Como aut\u00e9ntica aventura a vela, es mucho menos predecible (\u00a1y mucho mejor!) que una experiencia empaquetada, con itinerarios planificados d\u00eda a d\u00eda y moldeados por las circunstancias locales y el tiempo. Para participar en la aventura, la tripulaci\u00f3n debe tener la actitud adecuada, la mente abierta y el deseo de implicarse plenamente.<\/span><\/p>\n<h5><span data-preserver-spaces=\"true\">\u00bfQuieres unirte?<\/span><\/h5>\n<p><span data-preserver-spaces=\"true\">Ve al bot\u00f3n Fechas y Precios para ver las fechas de este viaje. Tambi\u00e9n te dar\u00e1 informaci\u00f3n sobre el viaje de conexi\u00f3n, incluido d\u00f3nde volar y cu\u00e1ndo y d\u00f3nde unirte al barco.<\/span><\/p>\n<p>&nbsp;<\/p>\n","protected":false},"excerpt":{"rendered":"<p>Navegaci\u00f3n y exploraci\u00f3n de espectacular belleza en la regi\u00f3n de las Islas Lofoten de Noruega, declarada Patrimonio de la Humanidad por la UNESCO. Monta\u00f1as elevadas, ensenadas protegidas, rica fauna salvaje: una aventura m\u00e1gica.<\/p>\n","protected":false},"featured_media":3797,"comment_status":"closed","ping_status":"closed","template":"","meta":{"_acf_changed":false,"content-type":""},"product_brand":[],"product_cat":[242,254,236],"product_tag":[],"class_list":{"0":"post-5144","1":"product","2":"type-product","3":"status-publish","4":"has-post-thumbnail","6":"product_cat-costero","7":"product_cat-noruega-islandia-y-el-artico","8":"product_cat-vacaciones-de-aventura-en-velero","9":"trip_region-noruega-islandia-y-el-artico","10":"trip_type-costero","11":"trip_duration-11-16-dias","13":"first","14":"instock","15":"shipping-taxable","16":"purchasable","17":"product-type-variable"},"acf":[],"yoast_head":"<!-- This site is optimized with the Yoast SEO Premium plugin v27.3 (Yoast SEO v27.3) - https:\/\/yoast.com\/product\/yoast-seo-premium-wordpress\/ -->\n<title>Navegaci\u00f3n de Aventura en las Islas Lofoten de Noruega | Solo Crew Welcome<\/title>\n<meta name=\"description\" content=\"\u00danete a nuestra aventura en velero por las Islas Lofoten de Noruega. Una mezcla embriagadora de gran navegaci\u00f3n, belleza salvaje, descubrimientos m\u00e1gicos en tierra y vida salvaje.\" \/>\n<meta name=\"robots\" content=\"index, follow, max-snippet:-1, max-image-preview:large, max-video-preview:-1\" \/>\n<link rel=\"canonical\" href=\"https:\/\/www.rubicon3adventure.com\/es\/produto\/noruega-lofoten-islas\/\" \/>\n<meta property=\"og:locale\" content=\"es_ES\" \/>\n<meta property=\"og:type\" content=\"article\" \/>\n<meta property=\"og:title\" content=\"Navegaci\u00f3n de Aventura en las Islas Lofoten de Noruega | Solo Crew Welcome\" \/>\n<meta property=\"og:description\" content=\"\u00danete a nuestra aventura en velero por las Islas Lofoten de Noruega. Una mezcla embriagadora de gran navegaci\u00f3n, belleza salvaje, descubrimientos m\u00e1gicos en tierra y vida salvaje.\" \/>\n<meta property=\"og:url\" content=\"https:\/\/www.rubicon3adventure.com\/es\/produto\/noruega-lofoten-islas\/\" \/>\n<meta property=\"og:site_name\" content=\"Rubicon 3 Adventure\" \/>\n<meta property=\"article:publisher\" content=\"https:\/\/www.facebook.com\/rubicon3sailing\" \/>\n<meta property=\"og:image\" content=\"https:\/\/www.rubicon3adventure.com\/wp-content\/uploads\/2024\/02\/Norway-lofotens-2560.webp\" \/>\n\t<meta property=\"og:image:width\" content=\"2560\" \/>\n\t<meta property=\"og:image:height\" content=\"1708\" \/>\n\t<meta property=\"og:image:type\" content=\"image\/webp\" \/>\n<meta name=\"twitter:card\" content=\"summary_large_image\" \/>\n<meta name=\"twitter:site\" content=\"@rubicon3sailing\" \/>\n<meta name=\"twitter:label1\" content=\"Tiempo de lectura\" \/>\n\t<meta name=\"twitter:data1\" content=\"2 minutos\" \/>\n<script type=\"application\/ld+json\" class=\"yoast-schema-graph\">{\"@context\":\"https:\\\/\\\/schema.org\",\"@graph\":[{\"@type\":\"WebPage\",\"@id\":\"https:\\\/\\\/www.rubicon3adventure.com\\\/es\\\/produto\\\/noruega-lofoten-islas\\\/\",\"url\":\"https:\\\/\\\/www.rubicon3adventure.com\\\/es\\\/produto\\\/noruega-lofoten-islas\\\/\",\"name\":\"Navegaci\u00f3n de Aventura en las Islas Lofoten de Noruega | Solo Crew Welcome\",\"isPartOf\":{\"@id\":\"https:\\\/\\\/www.rubicon3adventure.com\\\/es\\\/#website\"},\"primaryImageOfPage\":{\"@id\":\"https:\\\/\\\/www.rubicon3adventure.com\\\/es\\\/produto\\\/noruega-lofoten-islas\\\/#primaryimage\"},\"image\":{\"@id\":\"https:\\\/\\\/www.rubicon3adventure.com\\\/es\\\/produto\\\/noruega-lofoten-islas\\\/#primaryimage\"},\"thumbnailUrl\":\"https:\\\/\\\/www.rubicon3adventure.com\\\/wp-content\\\/uploads\\\/2024\\\/02\\\/Norway-lofotens-2560.webp\",\"datePublished\":\"2024-02-02T13:47:24+00:00\",\"description\":\"\u00danete a nuestra aventura en velero por las Islas Lofoten de Noruega. Una mezcla embriagadora de gran navegaci\u00f3n, belleza salvaje, descubrimientos m\u00e1gicos en tierra y vida salvaje.\",\"breadcrumb\":{\"@id\":\"https:\\\/\\\/www.rubicon3adventure.com\\\/es\\\/produto\\\/noruega-lofoten-islas\\\/#breadcrumb\"},\"inLanguage\":\"es\",\"potentialAction\":[{\"@type\":\"ReadAction\",\"target\":[\"https:\\\/\\\/www.rubicon3adventure.com\\\/es\\\/produto\\\/noruega-lofoten-islas\\\/\"]}]},{\"@type\":\"ImageObject\",\"inLanguage\":\"es\",\"@id\":\"https:\\\/\\\/www.rubicon3adventure.com\\\/es\\\/produto\\\/noruega-lofoten-islas\\\/#primaryimage\",\"url\":\"https:\\\/\\\/www.rubicon3adventure.com\\\/wp-content\\\/uploads\\\/2024\\\/02\\\/Norway-lofotens-2560.webp\",\"contentUrl\":\"https:\\\/\\\/www.rubicon3adventure.com\\\/wp-content\\\/uploads\\\/2024\\\/02\\\/Norway-lofotens-2560.webp\",\"width\":2560,\"height\":1708,\"caption\":\"lofotens 2560\"},{\"@type\":\"BreadcrumbList\",\"@id\":\"https:\\\/\\\/www.rubicon3adventure.com\\\/es\\\/produto\\\/noruega-lofoten-islas\\\/#breadcrumb\",\"itemListElement\":[{\"@type\":\"ListItem\",\"position\":1,\"name\":\"Tienda\",\"item\":\"https:\\\/\\\/www.rubicon3adventure.com\\\/es\\\/tienda\\\/\"},{\"@type\":\"ListItem\",\"position\":2,\"name\":\"Para\u00edso \u00c1rtico: Las Islas Lofoten de Noruega\"}]},{\"@type\":\"WebSite\",\"@id\":\"https:\\\/\\\/www.rubicon3adventure.com\\\/es\\\/#website\",\"url\":\"https:\\\/\\\/www.rubicon3adventure.com\\\/es\\\/\",\"name\":\"Rubicon 3 Adventure\",\"description\":\"\",\"publisher\":{\"@id\":\"https:\\\/\\\/www.rubicon3adventure.com\\\/es\\\/#organization\"},\"potentialAction\":[{\"@type\":\"SearchAction\",\"target\":{\"@type\":\"EntryPoint\",\"urlTemplate\":\"https:\\\/\\\/www.rubicon3adventure.com\\\/es\\\/?s={search_term_string}\"},\"query-input\":{\"@type\":\"PropertyValueSpecification\",\"valueRequired\":true,\"valueName\":\"search_term_string\"}}],\"inLanguage\":\"es\"},{\"@type\":\"Organization\",\"@id\":\"https:\\\/\\\/www.rubicon3adventure.com\\\/es\\\/#organization\",\"name\":\"Rubicon 3 Adventures\",\"alternateName\":\"Blueco Holdings Ltd\",\"url\":\"https:\\\/\\\/www.rubicon3adventure.com\\\/es\\\/\",\"logo\":{\"@type\":\"ImageObject\",\"inLanguage\":\"es\",\"@id\":\"https:\\\/\\\/www.rubicon3adventure.com\\\/es\\\/#\\\/schema\\\/logo\\\/image\\\/\",\"url\":\"https:\\\/\\\/www.rubicon3adventure.com\\\/wp-content\\\/uploads\\\/2024\\\/03\\\/Rubicon_Schema-Image-scaled.jpg\",\"contentUrl\":\"https:\\\/\\\/www.rubicon3adventure.com\\\/wp-content\\\/uploads\\\/2024\\\/03\\\/Rubicon_Schema-Image-scaled.jpg\",\"width\":2560,\"height\":1554,\"caption\":\"Rubicon 3 Adventures\"},\"image\":{\"@id\":\"https:\\\/\\\/www.rubicon3adventure.com\\\/es\\\/#\\\/schema\\\/logo\\\/image\\\/\"},\"sameAs\":[\"https:\\\/\\\/www.facebook.com\\\/rubicon3sailing\",\"https:\\\/\\\/x.com\\\/rubicon3sailing\",\"https:\\\/\\\/www.instagram.com\\\/rubicon_3_sailing\\\/\",\"https:\\\/\\\/www.pinterest.co.uk\\\/rubicon3sailing\\\/\",\"https:\\\/\\\/www.youtube.com\\\/channel\\\/UCUVTAy1Qm4lz0uZI_83Um8A\",\"https:\\\/\\\/www.linkedin.com\\\/company\\\/rubicon-3\\\/\"]}]}<\/script>\n<!-- \/ Yoast SEO Premium plugin. -->","yoast_head_json":{"title":"Navegaci\u00f3n de Aventura en las Islas Lofoten de Noruega | Solo Crew Welcome","description":"\u00danete a nuestra aventura en velero por las Islas Lofoten de Noruega. Una mezcla embriagadora de gran navegaci\u00f3n, belleza salvaje, descubrimientos m\u00e1gicos en tierra y vida salvaje.","robots":{"index":"index","follow":"follow","max-snippet":"max-snippet:-1","max-image-preview":"max-image-preview:large","max-video-preview":"max-video-preview:-1"},"canonical":"https:\/\/www.rubicon3adventure.com\/es\/produto\/noruega-lofoten-islas\/","og_locale":"es_ES","og_type":"article","og_title":"Navegaci\u00f3n de Aventura en las Islas Lofoten de Noruega | Solo Crew Welcome","og_description":"\u00danete a nuestra aventura en velero por las Islas Lofoten de Noruega. Una mezcla embriagadora de gran navegaci\u00f3n, belleza salvaje, descubrimientos m\u00e1gicos en tierra y vida salvaje.","og_url":"https:\/\/www.rubicon3adventure.com\/es\/produto\/noruega-lofoten-islas\/","og_site_name":"Rubicon 3 Adventure","article_publisher":"https:\/\/www.facebook.com\/rubicon3sailing","og_image":[{"width":2560,"height":1708,"url":"https:\/\/www.rubicon3adventure.com\/wp-content\/uploads\/2024\/02\/Norway-lofotens-2560.webp","type":"image\/webp"}],"twitter_card":"summary_large_image","twitter_site":"@rubicon3sailing","twitter_misc":{"Tiempo de lectura":"2 minutos"},"schema":{"@context":"https:\/\/schema.org","@graph":[{"@type":"WebPage","@id":"https:\/\/www.rubicon3adventure.com\/es\/produto\/noruega-lofoten-islas\/","url":"https:\/\/www.rubicon3adventure.com\/es\/produto\/noruega-lofoten-islas\/","name":"Navegaci\u00f3n de Aventura en las Islas Lofoten de Noruega | Solo Crew Welcome","isPartOf":{"@id":"https:\/\/www.rubicon3adventure.com\/es\/#website"},"primaryImageOfPage":{"@id":"https:\/\/www.rubicon3adventure.com\/es\/produto\/noruega-lofoten-islas\/#primaryimage"},"image":{"@id":"https:\/\/www.rubicon3adventure.com\/es\/produto\/noruega-lofoten-islas\/#primaryimage"},"thumbnailUrl":"https:\/\/www.rubicon3adventure.com\/wp-content\/uploads\/2024\/02\/Norway-lofotens-2560.webp","datePublished":"2024-02-02T13:47:24+00:00","description":"\u00danete a nuestra aventura en velero por las Islas Lofoten de Noruega. Una mezcla embriagadora de gran navegaci\u00f3n, belleza salvaje, descubrimientos m\u00e1gicos en tierra y vida salvaje.","breadcrumb":{"@id":"https:\/\/www.rubicon3adventure.com\/es\/produto\/noruega-lofoten-islas\/#breadcrumb"},"inLanguage":"es","potentialAction":[{"@type":"ReadAction","target":["https:\/\/www.rubicon3adventure.com\/es\/produto\/noruega-lofoten-islas\/"]}]},{"@type":"ImageObject","inLanguage":"es","@id":"https:\/\/www.rubicon3adventure.com\/es\/produto\/noruega-lofoten-islas\/#primaryimage","url":"https:\/\/www.rubicon3adventure.com\/wp-content\/uploads\/2024\/02\/Norway-lofotens-2560.webp","contentUrl":"https:\/\/www.rubicon3adventure.com\/wp-content\/uploads\/2024\/02\/Norway-lofotens-2560.webp","width":2560,"height":1708,"caption":"lofotens 2560"},{"@type":"BreadcrumbList","@id":"https:\/\/www.rubicon3adventure.com\/es\/produto\/noruega-lofoten-islas\/#breadcrumb","itemListElement":[{"@type":"ListItem","position":1,"name":"Tienda","item":"https:\/\/www.rubicon3adventure.com\/es\/tienda\/"},{"@type":"ListItem","position":2,"name":"Para\u00edso \u00c1rtico: Las Islas Lofoten de Noruega"}]},{"@type":"WebSite","@id":"https:\/\/www.rubicon3adventure.com\/es\/#website","url":"https:\/\/www.rubicon3adventure.com\/es\/","name":"Rubicon 3 Adventure","description":"","publisher":{"@id":"https:\/\/www.rubicon3adventure.com\/es\/#organization"},"potentialAction":[{"@type":"SearchAction","target":{"@type":"EntryPoint","urlTemplate":"https:\/\/www.rubicon3adventure.com\/es\/?s={search_term_string}"},"query-input":{"@type":"PropertyValueSpecification","valueRequired":true,"valueName":"search_term_string"}}],"inLanguage":"es"},{"@type":"Organization","@id":"https:\/\/www.rubicon3adventure.com\/es\/#organization","name":"Rubicon 3 Adventures","alternateName":"Blueco Holdings Ltd","url":"https:\/\/www.rubicon3adventure.com\/es\/","logo":{"@type":"ImageObject","inLanguage":"es","@id":"https:\/\/www.rubicon3adventure.com\/es\/#\/schema\/logo\/image\/","url":"https:\/\/www.rubicon3adventure.com\/wp-content\/uploads\/2024\/03\/Rubicon_Schema-Image-scaled.jpg","contentUrl":"https:\/\/www.rubicon3adventure.com\/wp-content\/uploads\/2024\/03\/Rubicon_Schema-Image-scaled.jpg","width":2560,"height":1554,"caption":"Rubicon 3 Adventures"},"image":{"@id":"https:\/\/www.rubicon3adventure.com\/es\/#\/schema\/logo\/image\/"},"sameAs":["https:\/\/www.facebook.com\/rubicon3sailing","https:\/\/x.com\/rubicon3sailing","https:\/\/www.instagram.com\/rubicon_3_sailing\/","https:\/\/www.pinterest.co.uk\/rubicon3sailing\/","https:\/\/www.youtube.com\/channel\/UCUVTAy1Qm4lz0uZI_83Um8A","https:\/\/www.linkedin.com\/company\/rubicon-3\/"]}]}},"_links":{"self":[{"href":"https:\/\/www.rubicon3adventure.com\/es\/wp-json\/wp\/v2\/product\/5144","targetHints":{"allow":["GET"]}}],"collection":[{"href":"https:\/\/www.rubicon3adventure.com\/es\/wp-json\/wp\/v2\/product"}],"about":[{"href":"https:\/\/www.rubicon3adventure.com\/es\/wp-json\/wp\/v2\/types\/product"}],"replies":[{"embeddable":true,"href":"https:\/\/www.rubicon3adventure.com\/es\/wp-json\/wp\/v2\/comments?post=5144"}],"wp:featuredmedia":[{"embeddable":true,"href":"https:\/\/www.rubicon3adventure.com\/es\/wp-json\/wp\/v2\/media\/3797"}],"wp:attachment":[{"href":"https:\/\/www.rubicon3adventure.com\/es\/wp-json\/wp\/v2\/media?parent=5144"}],"wp:term":[{"taxonomy":"product_brand","embeddable":true,"href":"https:\/\/www.rubicon3adventure.com\/es\/wp-json\/wp\/v2\/product_brand?post=5144"},{"taxonomy":"product_cat","embeddable":true,"href":"https:\/\/www.rubicon3adventure.com\/es\/wp-json\/wp\/v2\/product_cat?post=5144"},{"taxonomy":"product_tag","embeddable":true,"href":"https:\/\/www.rubicon3adventure.com\/es\/wp-json\/wp\/v2\/product_tag?post=5144"}],"curies":[{"name":"wp","href":"https:\/\/api.w.org\/{rel}","templated":true}]}}