{"id":5153,"date":"2024-02-06T05:56:33","date_gmt":"2024-02-06T05:56:33","guid":{"rendered":"https:\/\/www.rubicon3adventure.com\/product\/noruega-islandia\/"},"modified":"2024-02-06T05:56:33","modified_gmt":"2024-02-06T05:56:33","slug":"noruega-islandia","status":"publish","type":"product","link":"https:\/\/www.rubicon3adventure.com\/es\/produto\/noruega-islandia\/","title":{"rendered":"Navegador \u00c1rtico: Noruega &#8211; Islandia"},"content":{"rendered":"<p><span data-preserver-spaces=\"true\">Participa en uno de los viajes a vela m\u00e1s emblem\u00e1ticos del calendario de navegaci\u00f3n de aventura mientras navegamos entre la Noruega \u00e1rtica e Islandia, cruzando el C\u00edrculo Polar \u00c1rtico. La costa noruega es una zona declarada Patrimonio de la Humanidad por la UNESCO y uno de los lugares de crucero m\u00e1s bellos del mundo. Navegaremos, exploraremos y nos formaremos aqu\u00ed antes de cruzar el formidable Mar de Noruega para navegar 650 millas hacia el oeste. Con el sol de medianoche o cerca de \u00e9l, navegamos con luz diurna casi continua, con vastos horizontes y aves marinas y ballenas de largo alcance como compa\u00f1\u00eda. Tan al norte no hay barcos comerciales, salvo posiblemente alg\u00fan pescador m\u00e1s duro en las costas noruegas o islandesas. Cruzamos el C\u00edrculo Polar \u00c1rtico por mar, un momento especial para cualquier marinero. Las imponentes monta\u00f1as cubiertas de hielo de la costa oriental de Islandia son una vista fant\u00e1stica y bienvenida tras 4 \u00f3 5 d\u00edas en el mar, y habr\u00e1 que navegar y explorar durante el tiempo restante de nuestra aventura.<\/span><\/p>\n<p><span data-preserver-spaces=\"true\">Se trata de un <\/span><a class=\"editor-rtfLink\" href=\"https:\/\/www.rubicon3adventure.com\/articles\/seamanship-sailing-skills\/yachtmaster-ocean-qualifying-passage\/\" target=\"_blank\" rel=\"noopener\"><br \/>\n  <span data-preserver-spaces=\"true\">pasaje de calificaci\u00f3n RYA Yachtmaster Ocean<\/span><br \/>\n<\/a><span data-preserver-spaces=\"true\"> para quienes se inscriban como jefe de guardia.<\/span><\/p>\n<h5><span data-preserver-spaces=\"true\">\u00bfPreparado para la aventura de tu vida con los expertos en navegaci\u00f3n de altura?<\/span><\/h5>\n<p><span data-preserver-spaces=\"true\">En Rubicon 3 somos expertos en navegaci\u00f3n en alta mar, reconocidos en el mundo de la navegaci\u00f3n por nuestra amplia experiencia, formaci\u00f3n exhaustiva, dedicaci\u00f3n al descubrimiento y fant\u00e1sticas aventuras de navegaci\u00f3n. Nuestro equipo de expertos, navegantes con gran experiencia en traves\u00edas oce\u00e1nicas, el \u00c1rtico, el Mar del Norte y el Mar de Noruega, ofrece instrucci\u00f3n pr\u00e1ctica en todos los aspectos de la navegaci\u00f3n oce\u00e1nica, dirigida tanto a los que se inician en la navegaci\u00f3n oce\u00e1nica como a los navegantes m\u00e1s experimentados.<\/span><\/p>\n<p><span data-preserver-spaces=\"true\">Nuestra selecci\u00f3n de rutas \u00fanicas y menos transitadas nos distingue, garantizando una navegaci\u00f3n en alta mar estimulante y llena de descubrimientos. Nuestra \u00e9tica es un compromiso inquebrantable con la seguridad y la sostenibilidad medioambiental, garantizando que cada viaje respete a los marineros y al mar. Adem\u00e1s, nos centramos en el desarrollo de habilidades individuales tanto como una escuela de vela, de modo que todos participen plenamente en cada aspecto de la traves\u00eda. Este enfoque hol\u00edstico ha forjado la reputaci\u00f3n de Rubicon 3 como expertos a los que acudir para cualquiera que busque el m\u00e1s alto nivel de navegaci\u00f3n en alta mar.<\/span><\/p>\n<h5><span data-preserver-spaces=\"true\">\u00bfQuieres unirte?<\/span><\/h5>\n<p><span data-preserver-spaces=\"true\">Ve al bot\u00f3n Fechas y Precios para ver las fechas de este viaje. Tambi\u00e9n te dar\u00e1 informaci\u00f3n sobre el viaje de conexi\u00f3n, incluido d\u00f3nde volar y cu\u00e1ndo y d\u00f3nde unirte al barco.<\/span><\/p>\n","protected":false},"excerpt":{"rendered":"<p>Navega 600 millas por el Mar de Noruega desde la Noruega \u00c1rtica hasta Islandia. Cruzando el C\u00edrculo Polar \u00c1rtico en ruta, el viaje culmina en los dram\u00e1ticos fiordos del este de Islandia.<\/p>\n","protected":false},"featured_media":3815,"comment_status":"closed","ping_status":"closed","template":"","meta":{"_acf_changed":false,"content-type":""},"product_brand":[],"product_cat":[257,254,236],"product_tag":[],"class_list":{"0":"post-5153","1":"product","2":"type-product","3":"status-publish","4":"has-post-thumbnail","6":"product_cat-en-alta-mar","7":"product_cat-noruega-islandia-y-el-artico","8":"product_cat-vacaciones-de-aventura-en-velero","9":"trip_region-europa-y-el-baltico","10":"trip_region-noruega-islandia-y-el-artico","11":"trip_type-alta-mar","12":"trip_duration-11-16-dias","14":"first","15":"instock","16":"shipping-taxable","17":"purchasable","18":"product-type-variable"},"acf":[],"yoast_head":"<!-- This site is optimized with the Yoast SEO Premium plugin v27.5 (Yoast SEO v27.5) - https:\/\/yoast.com\/product\/yoast-seo-premium-wordpress\/ -->\n<title>Aventura de navegaci\u00f3n en alta mar: Noruega \u00c1rtica<\/title>\n<meta name=\"description\" content=\"Navega de Noruega a Islandia, cruzando el C\u00edrculo Polar \u00c1rtico por mar. Impresionantes paisajes, salvaje oc\u00e9ano abierto y enormes aventuras. \u00a1Navega con los expertos en navegaci\u00f3n de altura!\" \/>\n<meta name=\"robots\" content=\"index, follow, max-snippet:-1, max-image-preview:large, max-video-preview:-1\" \/>\n<link rel=\"canonical\" href=\"https:\/\/www.rubicon3adventure.com\/es\/produto\/noruega-islandia\/\" \/>\n<meta property=\"og:locale\" content=\"es_ES\" \/>\n<meta property=\"og:type\" content=\"article\" \/>\n<meta property=\"og:title\" content=\"Aventura de navegaci\u00f3n en alta mar: Noruega \u00c1rtica\" \/>\n<meta property=\"og:description\" content=\"Navega de Noruega a Islandia, cruzando el C\u00edrculo Polar \u00c1rtico por mar. Impresionantes paisajes, salvaje oc\u00e9ano abierto y enormes aventuras. \u00a1Navega con los expertos en navegaci\u00f3n de altura!\" \/>\n<meta property=\"og:url\" content=\"https:\/\/www.rubicon3adventure.com\/es\/produto\/noruega-islandia\/\" \/>\n<meta property=\"og:site_name\" content=\"Rubicon 3 Adventure\" \/>\n<meta property=\"article:publisher\" content=\"https:\/\/www.facebook.com\/rubicon3sailing\" \/>\n<meta property=\"og:image\" content=\"https:\/\/www.rubicon3adventure.com\/wp-content\/uploads\/2024\/02\/torghatten.webp\" \/>\n\t<meta property=\"og:image:width\" content=\"2560\" \/>\n\t<meta property=\"og:image:height\" content=\"1707\" \/>\n\t<meta property=\"og:image:type\" content=\"image\/webp\" \/>\n<meta name=\"twitter:card\" content=\"summary_large_image\" \/>\n<meta name=\"twitter:site\" content=\"@rubicon3sailing\" \/>\n<meta name=\"twitter:label1\" content=\"Tiempo de lectura\" \/>\n\t<meta name=\"twitter:data1\" content=\"2 minutos\" \/>\n<script type=\"application\/ld+json\" class=\"yoast-schema-graph\">{\"@context\":\"https:\\\/\\\/schema.org\",\"@graph\":[{\"@type\":\"WebPage\",\"@id\":\"https:\\\/\\\/www.rubicon3adventure.com\\\/es\\\/produto\\\/noruega-islandia\\\/\",\"url\":\"https:\\\/\\\/www.rubicon3adventure.com\\\/es\\\/produto\\\/noruega-islandia\\\/\",\"name\":\"Aventura de navegaci\u00f3n en alta mar: Noruega \u00c1rtica\",\"isPartOf\":{\"@id\":\"https:\\\/\\\/www.rubicon3adventure.com\\\/es\\\/#website\"},\"primaryImageOfPage\":{\"@id\":\"https:\\\/\\\/www.rubicon3adventure.com\\\/es\\\/produto\\\/noruega-islandia\\\/#primaryimage\"},\"image\":{\"@id\":\"https:\\\/\\\/www.rubicon3adventure.com\\\/es\\\/produto\\\/noruega-islandia\\\/#primaryimage\"},\"thumbnailUrl\":\"https:\\\/\\\/www.rubicon3adventure.com\\\/wp-content\\\/uploads\\\/2024\\\/02\\\/torghatten.webp\",\"datePublished\":\"2024-02-06T05:56:33+00:00\",\"description\":\"Navega de Noruega a Islandia, cruzando el C\u00edrculo Polar \u00c1rtico por mar. Impresionantes paisajes, salvaje oc\u00e9ano abierto y enormes aventuras. \u00a1Navega con los expertos en navegaci\u00f3n de altura!\",\"breadcrumb\":{\"@id\":\"https:\\\/\\\/www.rubicon3adventure.com\\\/es\\\/produto\\\/noruega-islandia\\\/#breadcrumb\"},\"inLanguage\":\"es\",\"potentialAction\":[{\"@type\":\"ReadAction\",\"target\":[\"https:\\\/\\\/www.rubicon3adventure.com\\\/es\\\/produto\\\/noruega-islandia\\\/\"]}]},{\"@type\":\"ImageObject\",\"inLanguage\":\"es\",\"@id\":\"https:\\\/\\\/www.rubicon3adventure.com\\\/es\\\/produto\\\/noruega-islandia\\\/#primaryimage\",\"url\":\"https:\\\/\\\/www.rubicon3adventure.com\\\/wp-content\\\/uploads\\\/2024\\\/02\\\/torghatten.webp\",\"contentUrl\":\"https:\\\/\\\/www.rubicon3adventure.com\\\/wp-content\\\/uploads\\\/2024\\\/02\\\/torghatten.webp\",\"width\":2560,\"height\":1707,\"caption\":\"Costa de Noruega\"},{\"@type\":\"BreadcrumbList\",\"@id\":\"https:\\\/\\\/www.rubicon3adventure.com\\\/es\\\/produto\\\/noruega-islandia\\\/#breadcrumb\",\"itemListElement\":[{\"@type\":\"ListItem\",\"position\":1,\"name\":\"Tienda\",\"item\":\"https:\\\/\\\/www.rubicon3adventure.com\\\/es\\\/tienda\\\/\"},{\"@type\":\"ListItem\",\"position\":2,\"name\":\"Navegador \u00c1rtico: Noruega &#8211; Islandia\"}]},{\"@type\":\"WebSite\",\"@id\":\"https:\\\/\\\/www.rubicon3adventure.com\\\/es\\\/#website\",\"url\":\"https:\\\/\\\/www.rubicon3adventure.com\\\/es\\\/\",\"name\":\"Rubicon 3 Adventure\",\"description\":\"\",\"publisher\":{\"@id\":\"https:\\\/\\\/www.rubicon3adventure.com\\\/es\\\/#organization\"},\"potentialAction\":[{\"@type\":\"SearchAction\",\"target\":{\"@type\":\"EntryPoint\",\"urlTemplate\":\"https:\\\/\\\/www.rubicon3adventure.com\\\/es\\\/?s={search_term_string}\"},\"query-input\":{\"@type\":\"PropertyValueSpecification\",\"valueRequired\":true,\"valueName\":\"search_term_string\"}}],\"inLanguage\":\"es\"},{\"@type\":\"Organization\",\"@id\":\"https:\\\/\\\/www.rubicon3adventure.com\\\/es\\\/#organization\",\"name\":\"Rubicon 3 Adventures\",\"alternateName\":\"Blueco Holdings Ltd\",\"url\":\"https:\\\/\\\/www.rubicon3adventure.com\\\/es\\\/\",\"logo\":{\"@type\":\"ImageObject\",\"inLanguage\":\"es\",\"@id\":\"https:\\\/\\\/www.rubicon3adventure.com\\\/es\\\/#\\\/schema\\\/logo\\\/image\\\/\",\"url\":\"https:\\\/\\\/www.rubicon3adventure.com\\\/wp-content\\\/uploads\\\/2024\\\/03\\\/Rubicon_Schema-Image-scaled.jpg\",\"contentUrl\":\"https:\\\/\\\/www.rubicon3adventure.com\\\/wp-content\\\/uploads\\\/2024\\\/03\\\/Rubicon_Schema-Image-scaled.jpg\",\"width\":2560,\"height\":1554,\"caption\":\"Rubicon 3 Adventures\"},\"image\":{\"@id\":\"https:\\\/\\\/www.rubicon3adventure.com\\\/es\\\/#\\\/schema\\\/logo\\\/image\\\/\"},\"sameAs\":[\"https:\\\/\\\/www.facebook.com\\\/rubicon3sailing\",\"https:\\\/\\\/x.com\\\/rubicon3sailing\",\"https:\\\/\\\/www.instagram.com\\\/rubicon_3_sailing\\\/\",\"https:\\\/\\\/www.pinterest.co.uk\\\/rubicon3sailing\\\/\",\"https:\\\/\\\/www.youtube.com\\\/channel\\\/UCUVTAy1Qm4lz0uZI_83Um8A\",\"https:\\\/\\\/www.linkedin.com\\\/company\\\/rubicon-3\\\/\"]}]}<\/script>\n<!-- \/ Yoast SEO Premium plugin. -->","yoast_head_json":{"title":"Aventura de navegaci\u00f3n en alta mar: Noruega \u00c1rtica","description":"Navega de Noruega a Islandia, cruzando el C\u00edrculo Polar \u00c1rtico por mar. Impresionantes paisajes, salvaje oc\u00e9ano abierto y enormes aventuras. \u00a1Navega con los expertos en navegaci\u00f3n de altura!","robots":{"index":"index","follow":"follow","max-snippet":"max-snippet:-1","max-image-preview":"max-image-preview:large","max-video-preview":"max-video-preview:-1"},"canonical":"https:\/\/www.rubicon3adventure.com\/es\/produto\/noruega-islandia\/","og_locale":"es_ES","og_type":"article","og_title":"Aventura de navegaci\u00f3n en alta mar: Noruega \u00c1rtica","og_description":"Navega de Noruega a Islandia, cruzando el C\u00edrculo Polar \u00c1rtico por mar. Impresionantes paisajes, salvaje oc\u00e9ano abierto y enormes aventuras. \u00a1Navega con los expertos en navegaci\u00f3n de altura!","og_url":"https:\/\/www.rubicon3adventure.com\/es\/produto\/noruega-islandia\/","og_site_name":"Rubicon 3 Adventure","article_publisher":"https:\/\/www.facebook.com\/rubicon3sailing","og_image":[{"width":2560,"height":1707,"url":"https:\/\/www.rubicon3adventure.com\/wp-content\/uploads\/2024\/02\/torghatten.webp","type":"image\/webp"}],"twitter_card":"summary_large_image","twitter_site":"@rubicon3sailing","twitter_misc":{"Tiempo de lectura":"2 minutos"},"schema":{"@context":"https:\/\/schema.org","@graph":[{"@type":"WebPage","@id":"https:\/\/www.rubicon3adventure.com\/es\/produto\/noruega-islandia\/","url":"https:\/\/www.rubicon3adventure.com\/es\/produto\/noruega-islandia\/","name":"Aventura de navegaci\u00f3n en alta mar: Noruega \u00c1rtica","isPartOf":{"@id":"https:\/\/www.rubicon3adventure.com\/es\/#website"},"primaryImageOfPage":{"@id":"https:\/\/www.rubicon3adventure.com\/es\/produto\/noruega-islandia\/#primaryimage"},"image":{"@id":"https:\/\/www.rubicon3adventure.com\/es\/produto\/noruega-islandia\/#primaryimage"},"thumbnailUrl":"https:\/\/www.rubicon3adventure.com\/wp-content\/uploads\/2024\/02\/torghatten.webp","datePublished":"2024-02-06T05:56:33+00:00","description":"Navega de Noruega a Islandia, cruzando el C\u00edrculo Polar \u00c1rtico por mar. Impresionantes paisajes, salvaje oc\u00e9ano abierto y enormes aventuras. \u00a1Navega con los expertos en navegaci\u00f3n de altura!","breadcrumb":{"@id":"https:\/\/www.rubicon3adventure.com\/es\/produto\/noruega-islandia\/#breadcrumb"},"inLanguage":"es","potentialAction":[{"@type":"ReadAction","target":["https:\/\/www.rubicon3adventure.com\/es\/produto\/noruega-islandia\/"]}]},{"@type":"ImageObject","inLanguage":"es","@id":"https:\/\/www.rubicon3adventure.com\/es\/produto\/noruega-islandia\/#primaryimage","url":"https:\/\/www.rubicon3adventure.com\/wp-content\/uploads\/2024\/02\/torghatten.webp","contentUrl":"https:\/\/www.rubicon3adventure.com\/wp-content\/uploads\/2024\/02\/torghatten.webp","width":2560,"height":1707,"caption":"Costa de Noruega"},{"@type":"BreadcrumbList","@id":"https:\/\/www.rubicon3adventure.com\/es\/produto\/noruega-islandia\/#breadcrumb","itemListElement":[{"@type":"ListItem","position":1,"name":"Tienda","item":"https:\/\/www.rubicon3adventure.com\/es\/tienda\/"},{"@type":"ListItem","position":2,"name":"Navegador \u00c1rtico: Noruega &#8211; Islandia"}]},{"@type":"WebSite","@id":"https:\/\/www.rubicon3adventure.com\/es\/#website","url":"https:\/\/www.rubicon3adventure.com\/es\/","name":"Rubicon 3 Adventure","description":"","publisher":{"@id":"https:\/\/www.rubicon3adventure.com\/es\/#organization"},"potentialAction":[{"@type":"SearchAction","target":{"@type":"EntryPoint","urlTemplate":"https:\/\/www.rubicon3adventure.com\/es\/?s={search_term_string}"},"query-input":{"@type":"PropertyValueSpecification","valueRequired":true,"valueName":"search_term_string"}}],"inLanguage":"es"},{"@type":"Organization","@id":"https:\/\/www.rubicon3adventure.com\/es\/#organization","name":"Rubicon 3 Adventures","alternateName":"Blueco Holdings Ltd","url":"https:\/\/www.rubicon3adventure.com\/es\/","logo":{"@type":"ImageObject","inLanguage":"es","@id":"https:\/\/www.rubicon3adventure.com\/es\/#\/schema\/logo\/image\/","url":"https:\/\/www.rubicon3adventure.com\/wp-content\/uploads\/2024\/03\/Rubicon_Schema-Image-scaled.jpg","contentUrl":"https:\/\/www.rubicon3adventure.com\/wp-content\/uploads\/2024\/03\/Rubicon_Schema-Image-scaled.jpg","width":2560,"height":1554,"caption":"Rubicon 3 Adventures"},"image":{"@id":"https:\/\/www.rubicon3adventure.com\/es\/#\/schema\/logo\/image\/"},"sameAs":["https:\/\/www.facebook.com\/rubicon3sailing","https:\/\/x.com\/rubicon3sailing","https:\/\/www.instagram.com\/rubicon_3_sailing\/","https:\/\/www.pinterest.co.uk\/rubicon3sailing\/","https:\/\/www.youtube.com\/channel\/UCUVTAy1Qm4lz0uZI_83Um8A","https:\/\/www.linkedin.com\/company\/rubicon-3\/"]}]}},"_links":{"self":[{"href":"https:\/\/www.rubicon3adventure.com\/es\/wp-json\/wp\/v2\/product\/5153","targetHints":{"allow":["GET"]}}],"collection":[{"href":"https:\/\/www.rubicon3adventure.com\/es\/wp-json\/wp\/v2\/product"}],"about":[{"href":"https:\/\/www.rubicon3adventure.com\/es\/wp-json\/wp\/v2\/types\/product"}],"replies":[{"embeddable":true,"href":"https:\/\/www.rubicon3adventure.com\/es\/wp-json\/wp\/v2\/comments?post=5153"}],"wp:featuredmedia":[{"embeddable":true,"href":"https:\/\/www.rubicon3adventure.com\/es\/wp-json\/wp\/v2\/media\/3815"}],"wp:attachment":[{"href":"https:\/\/www.rubicon3adventure.com\/es\/wp-json\/wp\/v2\/media?parent=5153"}],"wp:term":[{"taxonomy":"product_brand","embeddable":true,"href":"https:\/\/www.rubicon3adventure.com\/es\/wp-json\/wp\/v2\/product_brand?post=5153"},{"taxonomy":"product_cat","embeddable":true,"href":"https:\/\/www.rubicon3adventure.com\/es\/wp-json\/wp\/v2\/product_cat?post=5153"},{"taxonomy":"product_tag","embeddable":true,"href":"https:\/\/www.rubicon3adventure.com\/es\/wp-json\/wp\/v2\/product_tag?post=5153"}],"curies":[{"name":"wp","href":"https:\/\/api.w.org\/{rel}","templated":true}]}}