{"id":5167,"date":"2024-02-05T11:46:46","date_gmt":"2024-02-05T11:46:46","guid":{"rendered":"https:\/\/www.rubicon3adventure.com\/product\/islandia-faroes-escocia\/"},"modified":"2024-02-05T11:46:46","modified_gmt":"2024-02-05T11:46:46","slug":"islandia-faroes-escocia","status":"publish","type":"product","link":"https:\/\/www.rubicon3adventure.com\/es\/produto\/islandia-faroes-escocia\/","title":{"rendered":"Viaje de los Vikingos: Islandia, Islas Feroe y Escocia"},"content":{"rendered":"<p><span data-preserver-spaces=\"true\">Emb\u00e1rcate en unas emocionantes vacaciones de aventura a vela por el Atl\u00e1ntico Norte, entre los agrestes paisajes volc\u00e1nicos de Islandia y las brumosas y ondulantes colinas de Escocia, con una m\u00e1gica escala en las Islas Feroe. Este viaje, una mezcla de navegaci\u00f3n costera y en alta mar y de exploraci\u00f3n en tierra, combina las antiguas rutas vikingas y la exploraci\u00f3n moderna. Experimenta las sobrecogedoras monta\u00f1as y fiordos de Islandia, y descubre las Islas Feroe, donde las tradiciones n\u00f3rdicas y celtas se encuentran entre espectaculares acantilados y casas tradicionales con tejados de teja. Tambi\u00e9n est\u00e1 Escocia, la tierra de los tartanes y las gaitas. Te esperan su rica historia, sus majestuosos lagos y sus hist\u00f3ricos castillos. Tres lugares muy especiales. Navegaci\u00f3n de alta calidad. \u00a1Una gran aventura!<\/span><\/p>\n<h5><span data-preserver-spaces=\"true\">\u00bfPreparado para la aventura de tu vida con los expertos en navegaci\u00f3n de altura?<\/span><\/h5>\n<p><span data-preserver-spaces=\"true\">Rubicon 3 es conocida como la empresa experta en navegaci\u00f3n en alta mar, reconocida en el mundo de la navegaci\u00f3n por su amplia experiencia, su completa formaci\u00f3n y su dedicaci\u00f3n a la aventura y el descubrimiento. Nuestro equipo de expertos, navegantes con gran experiencia en traves\u00edas oce\u00e1nicas, el Mar del Norte y el \u00c1rtico, ofrece instrucci\u00f3n pr\u00e1ctica en todos los aspectos de la navegaci\u00f3n oce\u00e1nica, dirigida tanto a los que se inician en la navegaci\u00f3n oce\u00e1nica como a los navegantes m\u00e1s experimentados.<\/span><\/p>\n<p><span data-preserver-spaces=\"true\">Nuestra selecci\u00f3n de rutas \u00fanicas y menos transitadas nos distingue, garantizando una navegaci\u00f3n en alta mar estimulante y llena de descubrimientos. Nuestra \u00e9tica es un compromiso inquebrantable con la seguridad y la sostenibilidad medioambiental, garantizando que cada viaje respete a los marineros y al mar. Adem\u00e1s, nos centramos en el desarrollo de habilidades individuales tanto como una escuela de vela, de modo que todos participen plenamente en cada aspecto de la traves\u00eda. Este enfoque hol\u00edstico ha forjado la reputaci\u00f3n de Rubicon 3 como expertos a los que acudir para cualquiera que busque el m\u00e1s alto nivel de navegaci\u00f3n en alta mar.<\/span><\/p>\n<h5><span data-preserver-spaces=\"true\">\u00bfQuieres unirte?<\/span><\/h5>\n<p><span data-preserver-spaces=\"true\">Ve al bot\u00f3n Fechas y Precios para ver las fechas de este viaje. Tambi\u00e9n te dar\u00e1 informaci\u00f3n sobre el viaje de conexi\u00f3n, incluido d\u00f3nde volar y cu\u00e1ndo y d\u00f3nde unirte al barco. Ten en cuenta que no se trata de un pasaje puntuable para el RYA Yachtmaster Ocean.  <\/span><a class=\"editor-rtfLink\" href=\"https:\/\/www.rubicon3adventure.com\/articles\/seamanship-sailing-skills\/yachtmaster-ocean-qualifying-passage\/\" target=\"_blank\" rel=\"noopener\"><br \/>\n  <span data-preserver-spaces=\"true\">Puedes encontrar los pasajes que nos califican aqu\u00ed<\/span><br \/>\n<\/a><span data-preserver-spaces=\"true\">.<\/span><\/p>\n","protected":false},"excerpt":{"rendered":"<p>Sigue los pasos de los vikingos en esta gran aventura entre la salvaje costa este de Islandia, las espectaculares Islas Feroe y la hermosa costa oeste de Escocia.<\/p>\n","protected":false},"featured_media":8567,"comment_status":"closed","ping_status":"closed","template":"","meta":{"_acf_changed":false,"content-type":""},"product_brand":[],"product_cat":[257,254,263,236],"product_tag":[],"class_list":{"0":"post-5167","1":"product","2":"type-product","3":"status-publish","4":"has-post-thumbnail","6":"product_cat-en-alta-mar","7":"product_cat-noruega-islandia-y-el-artico","8":"product_cat-reino-unido-irlanda","9":"product_cat-vacaciones-de-aventura-en-velero","10":"trip_region-noruega-islandia-y-el-artico","11":"trip_type-alta-mar","12":"trip_type-costero","13":"trip_duration-11-16-dias","15":"first","16":"instock","17":"shipping-taxable","18":"purchasable","19":"product-type-variable"},"acf":[],"yoast_head":"<!-- This site is optimized with the Yoast SEO Premium plugin v27.3 (Yoast SEO v27.5) - https:\/\/yoast.com\/product\/yoast-seo-premium-wordpress\/ -->\n<title>M\u00e1xima Aventura en Vela: Islandia - Islas Feroe - Escocia.<\/title>\n<meta name=\"description\" content=\"\u00danete a nosotros en 12 d\u00edas de aventura navegando entre Islandia, las Islas Feroe y Escocia. Hermosos paisajes, vida salvaje y la mejor navegaci\u00f3n.\" \/>\n<meta name=\"robots\" content=\"index, follow, max-snippet:-1, max-image-preview:large, max-video-preview:-1\" \/>\n<link rel=\"canonical\" href=\"https:\/\/www.rubicon3adventure.com\/es\/produto\/islandia-faroes-escocia\/\" \/>\n<meta property=\"og:locale\" content=\"es_ES\" \/>\n<meta property=\"og:type\" content=\"article\" \/>\n<meta property=\"og:title\" content=\"M\u00e1xima Aventura en Vela: Islandia - Islas Feroe - Escocia.\" \/>\n<meta property=\"og:description\" content=\"\u00danete a nosotros en 12 d\u00edas de aventura navegando entre Islandia, las Islas Feroe y Escocia. Hermosos paisajes, vida salvaje y la mejor navegaci\u00f3n.\" \/>\n<meta property=\"og:url\" content=\"https:\/\/www.rubicon3adventure.com\/es\/produto\/islandia-faroes-escocia\/\" \/>\n<meta property=\"og:site_name\" content=\"Rubicon 3 Adventure\" \/>\n<meta property=\"article:publisher\" content=\"https:\/\/www.facebook.com\/rubicon3sailing\" \/>\n<meta property=\"og:image\" content=\"https:\/\/www.rubicon3adventure.com\/wp-content\/uploads\/2024\/02\/icelandn-to-faroes.webp\" \/>\n\t<meta property=\"og:image:width\" content=\"2560\" \/>\n\t<meta property=\"og:image:height\" content=\"1439\" \/>\n\t<meta property=\"og:image:type\" content=\"image\/webp\" \/>\n<meta name=\"twitter:card\" content=\"summary_large_image\" \/>\n<meta name=\"twitter:site\" content=\"@rubicon3sailing\" \/>\n<meta name=\"twitter:label1\" content=\"Tiempo de lectura\" \/>\n\t<meta name=\"twitter:data1\" content=\"2 minutos\" \/>\n<script type=\"application\/ld+json\" class=\"yoast-schema-graph\">{\"@context\":\"https:\\\/\\\/schema.org\",\"@graph\":[{\"@type\":\"WebPage\",\"@id\":\"https:\\\/\\\/www.rubicon3adventure.com\\\/es\\\/produto\\\/islandia-faroes-escocia\\\/\",\"url\":\"https:\\\/\\\/www.rubicon3adventure.com\\\/es\\\/produto\\\/islandia-faroes-escocia\\\/\",\"name\":\"M\u00e1xima Aventura en Vela: Islandia - Islas Feroe - Escocia.\",\"isPartOf\":{\"@id\":\"https:\\\/\\\/www.rubicon3adventure.com\\\/es\\\/#website\"},\"primaryImageOfPage\":{\"@id\":\"https:\\\/\\\/www.rubicon3adventure.com\\\/es\\\/produto\\\/islandia-faroes-escocia\\\/#primaryimage\"},\"image\":{\"@id\":\"https:\\\/\\\/www.rubicon3adventure.com\\\/es\\\/produto\\\/islandia-faroes-escocia\\\/#primaryimage\"},\"thumbnailUrl\":\"https:\\\/\\\/www.rubicon3adventure.com\\\/wp-content\\\/uploads\\\/2024\\\/02\\\/northern-lights-norway-2560.webp\",\"datePublished\":\"2024-02-05T11:46:46+00:00\",\"description\":\"\u00danete a nosotros en 12 d\u00edas de aventura navegando entre Islandia, las Islas Feroe y Escocia. Hermosos paisajes, vida salvaje y la mejor navegaci\u00f3n.\",\"breadcrumb\":{\"@id\":\"https:\\\/\\\/www.rubicon3adventure.com\\\/es\\\/produto\\\/islandia-faroes-escocia\\\/#breadcrumb\"},\"inLanguage\":\"es\",\"potentialAction\":[{\"@type\":\"ReadAction\",\"target\":[\"https:\\\/\\\/www.rubicon3adventure.com\\\/es\\\/produto\\\/islandia-faroes-escocia\\\/\"]}]},{\"@type\":\"ImageObject\",\"inLanguage\":\"es\",\"@id\":\"https:\\\/\\\/www.rubicon3adventure.com\\\/es\\\/produto\\\/islandia-faroes-escocia\\\/#primaryimage\",\"url\":\"https:\\\/\\\/www.rubicon3adventure.com\\\/wp-content\\\/uploads\\\/2024\\\/02\\\/northern-lights-norway-2560.webp\",\"contentUrl\":\"https:\\\/\\\/www.rubicon3adventure.com\\\/wp-content\\\/uploads\\\/2024\\\/02\\\/northern-lights-norway-2560.webp\",\"width\":2560,\"height\":1500,\"caption\":\"northern lights iceland\"},{\"@type\":\"BreadcrumbList\",\"@id\":\"https:\\\/\\\/www.rubicon3adventure.com\\\/es\\\/produto\\\/islandia-faroes-escocia\\\/#breadcrumb\",\"itemListElement\":[{\"@type\":\"ListItem\",\"position\":1,\"name\":\"Tienda\",\"item\":\"https:\\\/\\\/www.rubicon3adventure.com\\\/es\\\/tienda\\\/\"},{\"@type\":\"ListItem\",\"position\":2,\"name\":\"Viaje de los Vikingos: Islandia, Islas Feroe y Escocia\"}]},{\"@type\":\"WebSite\",\"@id\":\"https:\\\/\\\/www.rubicon3adventure.com\\\/es\\\/#website\",\"url\":\"https:\\\/\\\/www.rubicon3adventure.com\\\/es\\\/\",\"name\":\"Rubicon 3 Adventure\",\"description\":\"\",\"publisher\":{\"@id\":\"https:\\\/\\\/www.rubicon3adventure.com\\\/es\\\/#organization\"},\"potentialAction\":[{\"@type\":\"SearchAction\",\"target\":{\"@type\":\"EntryPoint\",\"urlTemplate\":\"https:\\\/\\\/www.rubicon3adventure.com\\\/es\\\/?s={search_term_string}\"},\"query-input\":{\"@type\":\"PropertyValueSpecification\",\"valueRequired\":true,\"valueName\":\"search_term_string\"}}],\"inLanguage\":\"es\"},{\"@type\":\"Organization\",\"@id\":\"https:\\\/\\\/www.rubicon3adventure.com\\\/es\\\/#organization\",\"name\":\"Rubicon 3 Adventures\",\"alternateName\":\"Blueco Holdings Ltd\",\"url\":\"https:\\\/\\\/www.rubicon3adventure.com\\\/es\\\/\",\"logo\":{\"@type\":\"ImageObject\",\"inLanguage\":\"es\",\"@id\":\"https:\\\/\\\/www.rubicon3adventure.com\\\/es\\\/#\\\/schema\\\/logo\\\/image\\\/\",\"url\":\"https:\\\/\\\/www.rubicon3adventure.com\\\/wp-content\\\/uploads\\\/2024\\\/03\\\/Rubicon_Schema-Image-scaled.jpg\",\"contentUrl\":\"https:\\\/\\\/www.rubicon3adventure.com\\\/wp-content\\\/uploads\\\/2024\\\/03\\\/Rubicon_Schema-Image-scaled.jpg\",\"width\":2560,\"height\":1554,\"caption\":\"Rubicon 3 Adventures\"},\"image\":{\"@id\":\"https:\\\/\\\/www.rubicon3adventure.com\\\/es\\\/#\\\/schema\\\/logo\\\/image\\\/\"},\"sameAs\":[\"https:\\\/\\\/www.facebook.com\\\/rubicon3sailing\",\"https:\\\/\\\/x.com\\\/rubicon3sailing\",\"https:\\\/\\\/www.instagram.com\\\/rubicon_3_sailing\\\/\",\"https:\\\/\\\/www.pinterest.co.uk\\\/rubicon3sailing\\\/\",\"https:\\\/\\\/www.youtube.com\\\/channel\\\/UCUVTAy1Qm4lz0uZI_83Um8A\",\"https:\\\/\\\/www.linkedin.com\\\/company\\\/rubicon-3\\\/\"]}]}<\/script>\n<!-- \/ Yoast SEO Premium plugin. -->","yoast_head_json":{"title":"M\u00e1xima Aventura en Vela: Islandia - Islas Feroe - Escocia.","description":"\u00danete a nosotros en 12 d\u00edas de aventura navegando entre Islandia, las Islas Feroe y Escocia. Hermosos paisajes, vida salvaje y la mejor navegaci\u00f3n.","robots":{"index":"index","follow":"follow","max-snippet":"max-snippet:-1","max-image-preview":"max-image-preview:large","max-video-preview":"max-video-preview:-1"},"canonical":"https:\/\/www.rubicon3adventure.com\/es\/produto\/islandia-faroes-escocia\/","og_locale":"es_ES","og_type":"article","og_title":"M\u00e1xima Aventura en Vela: Islandia - Islas Feroe - Escocia.","og_description":"\u00danete a nosotros en 12 d\u00edas de aventura navegando entre Islandia, las Islas Feroe y Escocia. Hermosos paisajes, vida salvaje y la mejor navegaci\u00f3n.","og_url":"https:\/\/www.rubicon3adventure.com\/es\/produto\/islandia-faroes-escocia\/","og_site_name":"Rubicon 3 Adventure","article_publisher":"https:\/\/www.facebook.com\/rubicon3sailing","og_image":[{"width":2560,"height":1439,"url":"https:\/\/www.rubicon3adventure.com\/wp-content\/uploads\/2024\/02\/icelandn-to-faroes.webp","type":"image\/webp"}],"twitter_card":"summary_large_image","twitter_site":"@rubicon3sailing","twitter_misc":{"Tiempo de lectura":"2 minutos"},"schema":{"@context":"https:\/\/schema.org","@graph":[{"@type":"WebPage","@id":"https:\/\/www.rubicon3adventure.com\/es\/produto\/islandia-faroes-escocia\/","url":"https:\/\/www.rubicon3adventure.com\/es\/produto\/islandia-faroes-escocia\/","name":"M\u00e1xima Aventura en Vela: Islandia - Islas Feroe - Escocia.","isPartOf":{"@id":"https:\/\/www.rubicon3adventure.com\/es\/#website"},"primaryImageOfPage":{"@id":"https:\/\/www.rubicon3adventure.com\/es\/produto\/islandia-faroes-escocia\/#primaryimage"},"image":{"@id":"https:\/\/www.rubicon3adventure.com\/es\/produto\/islandia-faroes-escocia\/#primaryimage"},"thumbnailUrl":"https:\/\/www.rubicon3adventure.com\/wp-content\/uploads\/2024\/02\/northern-lights-norway-2560.webp","datePublished":"2024-02-05T11:46:46+00:00","description":"\u00danete a nosotros en 12 d\u00edas de aventura navegando entre Islandia, las Islas Feroe y Escocia. Hermosos paisajes, vida salvaje y la mejor navegaci\u00f3n.","breadcrumb":{"@id":"https:\/\/www.rubicon3adventure.com\/es\/produto\/islandia-faroes-escocia\/#breadcrumb"},"inLanguage":"es","potentialAction":[{"@type":"ReadAction","target":["https:\/\/www.rubicon3adventure.com\/es\/produto\/islandia-faroes-escocia\/"]}]},{"@type":"ImageObject","inLanguage":"es","@id":"https:\/\/www.rubicon3adventure.com\/es\/produto\/islandia-faroes-escocia\/#primaryimage","url":"https:\/\/www.rubicon3adventure.com\/wp-content\/uploads\/2024\/02\/northern-lights-norway-2560.webp","contentUrl":"https:\/\/www.rubicon3adventure.com\/wp-content\/uploads\/2024\/02\/northern-lights-norway-2560.webp","width":2560,"height":1500,"caption":"northern lights iceland"},{"@type":"BreadcrumbList","@id":"https:\/\/www.rubicon3adventure.com\/es\/produto\/islandia-faroes-escocia\/#breadcrumb","itemListElement":[{"@type":"ListItem","position":1,"name":"Tienda","item":"https:\/\/www.rubicon3adventure.com\/es\/tienda\/"},{"@type":"ListItem","position":2,"name":"Viaje de los Vikingos: Islandia, Islas Feroe y Escocia"}]},{"@type":"WebSite","@id":"https:\/\/www.rubicon3adventure.com\/es\/#website","url":"https:\/\/www.rubicon3adventure.com\/es\/","name":"Rubicon 3 Adventure","description":"","publisher":{"@id":"https:\/\/www.rubicon3adventure.com\/es\/#organization"},"potentialAction":[{"@type":"SearchAction","target":{"@type":"EntryPoint","urlTemplate":"https:\/\/www.rubicon3adventure.com\/es\/?s={search_term_string}"},"query-input":{"@type":"PropertyValueSpecification","valueRequired":true,"valueName":"search_term_string"}}],"inLanguage":"es"},{"@type":"Organization","@id":"https:\/\/www.rubicon3adventure.com\/es\/#organization","name":"Rubicon 3 Adventures","alternateName":"Blueco Holdings Ltd","url":"https:\/\/www.rubicon3adventure.com\/es\/","logo":{"@type":"ImageObject","inLanguage":"es","@id":"https:\/\/www.rubicon3adventure.com\/es\/#\/schema\/logo\/image\/","url":"https:\/\/www.rubicon3adventure.com\/wp-content\/uploads\/2024\/03\/Rubicon_Schema-Image-scaled.jpg","contentUrl":"https:\/\/www.rubicon3adventure.com\/wp-content\/uploads\/2024\/03\/Rubicon_Schema-Image-scaled.jpg","width":2560,"height":1554,"caption":"Rubicon 3 Adventures"},"image":{"@id":"https:\/\/www.rubicon3adventure.com\/es\/#\/schema\/logo\/image\/"},"sameAs":["https:\/\/www.facebook.com\/rubicon3sailing","https:\/\/x.com\/rubicon3sailing","https:\/\/www.instagram.com\/rubicon_3_sailing\/","https:\/\/www.pinterest.co.uk\/rubicon3sailing\/","https:\/\/www.youtube.com\/channel\/UCUVTAy1Qm4lz0uZI_83Um8A","https:\/\/www.linkedin.com\/company\/rubicon-3\/"]}]}},"_links":{"self":[{"href":"https:\/\/www.rubicon3adventure.com\/es\/wp-json\/wp\/v2\/product\/5167","targetHints":{"allow":["GET"]}}],"collection":[{"href":"https:\/\/www.rubicon3adventure.com\/es\/wp-json\/wp\/v2\/product"}],"about":[{"href":"https:\/\/www.rubicon3adventure.com\/es\/wp-json\/wp\/v2\/types\/product"}],"replies":[{"embeddable":true,"href":"https:\/\/www.rubicon3adventure.com\/es\/wp-json\/wp\/v2\/comments?post=5167"}],"wp:featuredmedia":[{"embeddable":true,"href":"https:\/\/www.rubicon3adventure.com\/es\/wp-json\/wp\/v2\/media\/8567"}],"wp:attachment":[{"href":"https:\/\/www.rubicon3adventure.com\/es\/wp-json\/wp\/v2\/media?parent=5167"}],"wp:term":[{"taxonomy":"product_brand","embeddable":true,"href":"https:\/\/www.rubicon3adventure.com\/es\/wp-json\/wp\/v2\/product_brand?post=5167"},{"taxonomy":"product_cat","embeddable":true,"href":"https:\/\/www.rubicon3adventure.com\/es\/wp-json\/wp\/v2\/product_cat?post=5167"},{"taxonomy":"product_tag","embeddable":true,"href":"https:\/\/www.rubicon3adventure.com\/es\/wp-json\/wp\/v2\/product_tag?post=5167"}],"curies":[{"name":"wp","href":"https:\/\/api.w.org\/{rel}","templated":true}]}}