{"id":5180,"date":"2024-02-07T19:04:56","date_gmt":"2024-02-07T19:04:56","guid":{"rendered":"https:\/\/www.rubicon3adventure.com\/product\/el-salvaje-polar-explorando-svalbard\/"},"modified":"2024-02-07T19:04:56","modified_gmt":"2024-02-07T19:04:56","slug":"el-salvaje-polar-explorando-svalbard","status":"publish","type":"product","link":"https:\/\/www.rubicon3adventure.com\/es\/produto\/el-salvaje-polar-explorando-svalbard\/","title":{"rendered":"El Salvaje Polar: Explorando Svalbard"},"content":{"rendered":"<p>Emb\u00e1rcate en una inolvidable aventura a vela en Svalbard. Navega por aguas heladas y presencia la impresionante belleza de magn\u00edficos glaciares y escarpadas monta\u00f1as que se elevan dram\u00e1ticamente desde el mar. El sol de medianoche del \u00c1rtico proporciona una luz diurna interminable, lo que te permite seguir navegando y explorando a cualquier hora del d\u00eda. Svalbard es un para\u00edso para los entusiastas de la vida salvaje, con oportunidades de ver osos polares, morsas y numerosas aves marinas en su h\u00e1bitat natural.<\/p>\n<p>El aislamiento de Svalbard contribuye a la aventura, pues exige un nivel de autosuficiencia que no se encuentra en destinos m\u00e1s tradicionales. Sin embargo, la recompensa son experiencias incomparables, como fondear en aislados fiordos cargados de hielo, hacer senderismo por la intacta tundra \u00e1rtica y contemplar de cerca la sobrecogedora belleza de los icebergs. Svalbard es una rara mezcla de aventura, belleza natural y vida salvaje, con algunos de los paisajes m\u00e1s impresionantes del planeta.<\/p>\n<h4>Navega con expertos en exploraci\u00f3n \u00e1rtica<\/h4>\n<div class=\"w-full text-token-text-primary\" data-testid=\"conversation-turn-11\">\n<div class=\"px-4 py-2 justify-center text-base md:gap-6 m-auto\">\n<div class=\"flex flex-1 text-base mx-auto gap-3 md:px-5 lg:px-1 xl:px-5 md:max-w-3xl lg:max-w-[40rem] xl:max-w-[48rem] group\">\n<div class=\"relative flex w-full flex-col agent-turn\">\n<div class=\"flex-col gap-1 md:gap-3\">\n<div class=\"flex flex-grow flex-col max-w-full\">\n<div class=\"min-h-[20px] text-message flex flex-col items-start gap-3 whitespace-pre-wrap break-words [.text-message+&amp;]:mt-5 overflow-x-auto\" data-message-author-role=\"assistant\" data-message-id=\"812bf16a-fd43-4ce9-8507-742b4d5581de\">\n<div class=\"markdown prose w-full break-words dark:prose-invert light\">\n<p>En Rubicon 3 somos expertos en navegaci\u00f3n \u00e1rtica, reconocidos en el mundo de la navegaci\u00f3n por nuestra amplia experiencia, formaci\u00f3n exhaustiva, dedicaci\u00f3n a la exploraci\u00f3n del \u00c1rtico e inolvidables aventuras de navegaci\u00f3n. Nuestro equipo de expertos, formado por navegantes muy experimentados en expediciones \u00e1rticas, el Mar del Norte y el Mar de Noruega, ofrece instrucci\u00f3n pr\u00e1ctica en todos los aspectos de la navegaci\u00f3n \u00e1rtica, dirigida tanto a los reci\u00e9n llegados como a los navegantes m\u00e1s experimentados que buscan desaf\u00edos \u00e1rticos.<\/p>\n<p>Nuestra selecci\u00f3n de rutas \u00e1rticas menos transitadas nos distingue, garantizando aventuras de navegaci\u00f3n estimulantes y llenas de descubrimientos. Nuestra \u00e9tica es un compromiso inquebrantable con la seguridad y la sostenibilidad medioambiental, garantizando que cada viaje respete tanto a los marineros como al pr\u00edstino entorno \u00e1rtico. Adem\u00e1s, como escuela de vela, nos centramos en el desarrollo de habilidades individuales para que todos participen plenamente en cada aspecto del viaje. Este enfoque hol\u00edstico ha forjado la reputaci\u00f3n de Rubicon 3 como los expertos a los que acudir para cualquiera que busque el m\u00e1ximo nivel de experiencia en navegaci\u00f3n \u00e1rtica.<\/p>\n<h4>\u00bfQuieres unirte?<\/h4>\n<p>Ve al bot\u00f3n Fechas y precios para ver las fechas de estas vacaciones en velero por el \u00c1rtico. Tambi\u00e9n te dar\u00e1 informaci\u00f3n sobre el viaje de conexi\u00f3n, incluido d\u00f3nde volar y cu\u00e1ndo y d\u00f3nde unirte al barco.<\/p>\n<\/div>\n<\/div>\n<\/div>\n<div class=\"mt-1 flex justify-start gap-3 empty:hidden\">\n<div class=\"text-gray-400 flex self-end lg:self-center justify-center lg:justify-start mt-0 -ml-1 visible\">\n<p>&nbsp;<\/p>\n<div class=\"flex\"><\/div>\n<\/div>\n<\/div>\n<\/div>\n<\/div>\n<\/div>\n<\/div>\n<\/div>\n<div class=\"w-full text-token-text-primary\" data-testid=\"conversation-turn-12\">\n<div class=\"px-4 py-2 justify-center text-base md:gap-6 m-auto\">\n<div class=\"flex flex-1 text-base mx-auto gap-3 md:px-5 lg:px-1 xl:px-5 md:max-w-3xl lg:max-w-[40rem] xl:max-w-[48rem] group\">\n<div class=\"flex-shrink-0 flex flex-col relative items-end\">\n<div>\n<div class=\"pt-0.5\">\n<div class=\"gizmo-shadow-stroke flex h-6 w-6 items-center justify-center overflow-hidden rounded-full\"><\/div>\n<\/div>\n<\/div>\n<\/div>\n<\/div>\n<\/div>\n<\/div>\n","protected":false},"excerpt":{"rendered":"<p>Una aventura de navegaci\u00f3n \u00fanica en la vida explorando Svalbard. Encuentra osos polares, majestuosos glaciares y paisajes \u00e1rticos v\u00edrgenes, donde el sol de medianoche te gu\u00eda a trav\u00e9s de la belleza salvaje y pr\u00edstina del \u00c1rtico.<\/p>\n","protected":false},"featured_media":3883,"comment_status":"closed","ping_status":"closed","template":"","meta":{"_acf_changed":false,"content-type":""},"product_brand":[],"product_cat":[242,254,236],"product_tag":[293],"class_list":{"0":"post-5180","1":"product","2":"type-product","3":"status-publish","4":"has-post-thumbnail","6":"product_cat-costero","7":"product_cat-noruega-islandia-y-el-artico","8":"product_cat-vacaciones-de-aventura-en-velero","9":"product_tag-svalbard-es","10":"trip_region-noruega-islandia-y-el-artico","11":"trip_type-costero","12":"trip_duration-11-16-dias","14":"first","15":"outofstock","16":"shipping-taxable","17":"purchasable","18":"product-type-variable"},"acf":[],"yoast_head":"<!-- This site is optimized with the Yoast SEO Premium plugin v27.5 (Yoast SEO v27.5) - https:\/\/yoast.com\/product\/yoast-seo-premium-wordpress\/ -->\n<title>Aventura de navegaci\u00f3n en Svalbard | \u00danete a los expertos en navegaci\u00f3n \u00e1rtica<\/title>\n<meta name=\"description\" content=\"Vacaciones en velero de aventura \u00e1rtica en Svalbard, tierra de osos polares, glaciares y naturaleza virgen del \u00c1rtico. Zarpa hacia la aventura de tu vida.\" \/>\n<meta name=\"robots\" content=\"index, follow, max-snippet:-1, max-image-preview:large, max-video-preview:-1\" \/>\n<link rel=\"canonical\" href=\"https:\/\/www.rubicon3adventure.com\/es\/produto\/el-salvaje-polar-explorando-svalbard\/\" \/>\n<meta property=\"og:locale\" content=\"es_ES\" \/>\n<meta property=\"og:type\" content=\"article\" \/>\n<meta property=\"og:title\" content=\"Aventura de navegaci\u00f3n en Svalbard | \u00danete a los expertos en navegaci\u00f3n \u00e1rtica\" \/>\n<meta property=\"og:description\" content=\"Vacaciones en velero de aventura \u00e1rtica en Svalbard, tierra de osos polares, glaciares y naturaleza virgen del \u00c1rtico. Zarpa hacia la aventura de tu vida.\" \/>\n<meta property=\"og:url\" content=\"https:\/\/www.rubicon3adventure.com\/es\/produto\/el-salvaje-polar-explorando-svalbard\/\" \/>\n<meta property=\"og:site_name\" content=\"Rubicon 3 Adventure\" \/>\n<meta property=\"article:publisher\" content=\"https:\/\/www.facebook.com\/rubicon3sailing\" \/>\n<meta property=\"og:image\" content=\"https:\/\/www.rubicon3adventure.com\/wp-content\/uploads\/2024\/02\/svalbard-2560.webp\" \/>\n\t<meta property=\"og:image:width\" content=\"2560\" \/>\n\t<meta property=\"og:image:height\" content=\"1708\" \/>\n\t<meta property=\"og:image:type\" content=\"image\/webp\" \/>\n<meta name=\"twitter:card\" content=\"summary_large_image\" \/>\n<meta name=\"twitter:site\" content=\"@rubicon3sailing\" \/>\n<meta name=\"twitter:label1\" content=\"Tiempo de lectura\" \/>\n\t<meta name=\"twitter:data1\" content=\"2 minutos\" \/>\n<script type=\"application\/ld+json\" class=\"yoast-schema-graph\">{\"@context\":\"https:\\\/\\\/schema.org\",\"@graph\":[{\"@type\":\"WebPage\",\"@id\":\"https:\\\/\\\/www.rubicon3adventure.com\\\/es\\\/produto\\\/el-salvaje-polar-explorando-svalbard\\\/\",\"url\":\"https:\\\/\\\/www.rubicon3adventure.com\\\/es\\\/produto\\\/el-salvaje-polar-explorando-svalbard\\\/\",\"name\":\"Aventura de navegaci\u00f3n en Svalbard | \u00danete a los expertos en navegaci\u00f3n \u00e1rtica\",\"isPartOf\":{\"@id\":\"https:\\\/\\\/www.rubicon3adventure.com\\\/es\\\/#website\"},\"primaryImageOfPage\":{\"@id\":\"https:\\\/\\\/www.rubicon3adventure.com\\\/es\\\/produto\\\/el-salvaje-polar-explorando-svalbard\\\/#primaryimage\"},\"image\":{\"@id\":\"https:\\\/\\\/www.rubicon3adventure.com\\\/es\\\/produto\\\/el-salvaje-polar-explorando-svalbard\\\/#primaryimage\"},\"thumbnailUrl\":\"https:\\\/\\\/www.rubicon3adventure.com\\\/wp-content\\\/uploads\\\/2024\\\/02\\\/svalbard-2560.webp\",\"datePublished\":\"2024-02-07T19:04:56+00:00\",\"description\":\"Vacaciones en velero de aventura \u00e1rtica en Svalbard, tierra de osos polares, glaciares y naturaleza virgen del \u00c1rtico. Zarpa hacia la aventura de tu vida.\",\"breadcrumb\":{\"@id\":\"https:\\\/\\\/www.rubicon3adventure.com\\\/es\\\/produto\\\/el-salvaje-polar-explorando-svalbard\\\/#breadcrumb\"},\"inLanguage\":\"es\",\"potentialAction\":[{\"@type\":\"ReadAction\",\"target\":[\"https:\\\/\\\/www.rubicon3adventure.com\\\/es\\\/produto\\\/el-salvaje-polar-explorando-svalbard\\\/\"]}]},{\"@type\":\"ImageObject\",\"inLanguage\":\"es\",\"@id\":\"https:\\\/\\\/www.rubicon3adventure.com\\\/es\\\/produto\\\/el-salvaje-polar-explorando-svalbard\\\/#primaryimage\",\"url\":\"https:\\\/\\\/www.rubicon3adventure.com\\\/wp-content\\\/uploads\\\/2024\\\/02\\\/svalbard-2560.webp\",\"contentUrl\":\"https:\\\/\\\/www.rubicon3adventure.com\\\/wp-content\\\/uploads\\\/2024\\\/02\\\/svalbard-2560.webp\",\"width\":2560,\"height\":1708,\"caption\":\"oso polar de svalbard\"},{\"@type\":\"BreadcrumbList\",\"@id\":\"https:\\\/\\\/www.rubicon3adventure.com\\\/es\\\/produto\\\/el-salvaje-polar-explorando-svalbard\\\/#breadcrumb\",\"itemListElement\":[{\"@type\":\"ListItem\",\"position\":1,\"name\":\"Tienda\",\"item\":\"https:\\\/\\\/www.rubicon3adventure.com\\\/es\\\/tienda\\\/\"},{\"@type\":\"ListItem\",\"position\":2,\"name\":\"El Salvaje Polar: Explorando Svalbard\"}]},{\"@type\":\"WebSite\",\"@id\":\"https:\\\/\\\/www.rubicon3adventure.com\\\/es\\\/#website\",\"url\":\"https:\\\/\\\/www.rubicon3adventure.com\\\/es\\\/\",\"name\":\"Rubicon 3 Adventure\",\"description\":\"\",\"publisher\":{\"@id\":\"https:\\\/\\\/www.rubicon3adventure.com\\\/es\\\/#organization\"},\"potentialAction\":[{\"@type\":\"SearchAction\",\"target\":{\"@type\":\"EntryPoint\",\"urlTemplate\":\"https:\\\/\\\/www.rubicon3adventure.com\\\/es\\\/?s={search_term_string}\"},\"query-input\":{\"@type\":\"PropertyValueSpecification\",\"valueRequired\":true,\"valueName\":\"search_term_string\"}}],\"inLanguage\":\"es\"},{\"@type\":\"Organization\",\"@id\":\"https:\\\/\\\/www.rubicon3adventure.com\\\/es\\\/#organization\",\"name\":\"Rubicon 3 Adventures\",\"alternateName\":\"Blueco Holdings Ltd\",\"url\":\"https:\\\/\\\/www.rubicon3adventure.com\\\/es\\\/\",\"logo\":{\"@type\":\"ImageObject\",\"inLanguage\":\"es\",\"@id\":\"https:\\\/\\\/www.rubicon3adventure.com\\\/es\\\/#\\\/schema\\\/logo\\\/image\\\/\",\"url\":\"https:\\\/\\\/www.rubicon3adventure.com\\\/wp-content\\\/uploads\\\/2024\\\/03\\\/Rubicon_Schema-Image-scaled.jpg\",\"contentUrl\":\"https:\\\/\\\/www.rubicon3adventure.com\\\/wp-content\\\/uploads\\\/2024\\\/03\\\/Rubicon_Schema-Image-scaled.jpg\",\"width\":2560,\"height\":1554,\"caption\":\"Rubicon 3 Adventures\"},\"image\":{\"@id\":\"https:\\\/\\\/www.rubicon3adventure.com\\\/es\\\/#\\\/schema\\\/logo\\\/image\\\/\"},\"sameAs\":[\"https:\\\/\\\/www.facebook.com\\\/rubicon3sailing\",\"https:\\\/\\\/x.com\\\/rubicon3sailing\",\"https:\\\/\\\/www.instagram.com\\\/rubicon_3_sailing\\\/\",\"https:\\\/\\\/www.pinterest.co.uk\\\/rubicon3sailing\\\/\",\"https:\\\/\\\/www.youtube.com\\\/channel\\\/UCUVTAy1Qm4lz0uZI_83Um8A\",\"https:\\\/\\\/www.linkedin.com\\\/company\\\/rubicon-3\\\/\"]}]}<\/script>\n<!-- \/ Yoast SEO Premium plugin. -->","yoast_head_json":{"title":"Aventura de navegaci\u00f3n en Svalbard | \u00danete a los expertos en navegaci\u00f3n \u00e1rtica","description":"Vacaciones en velero de aventura \u00e1rtica en Svalbard, tierra de osos polares, glaciares y naturaleza virgen del \u00c1rtico. Zarpa hacia la aventura de tu vida.","robots":{"index":"index","follow":"follow","max-snippet":"max-snippet:-1","max-image-preview":"max-image-preview:large","max-video-preview":"max-video-preview:-1"},"canonical":"https:\/\/www.rubicon3adventure.com\/es\/produto\/el-salvaje-polar-explorando-svalbard\/","og_locale":"es_ES","og_type":"article","og_title":"Aventura de navegaci\u00f3n en Svalbard | \u00danete a los expertos en navegaci\u00f3n \u00e1rtica","og_description":"Vacaciones en velero de aventura \u00e1rtica en Svalbard, tierra de osos polares, glaciares y naturaleza virgen del \u00c1rtico. Zarpa hacia la aventura de tu vida.","og_url":"https:\/\/www.rubicon3adventure.com\/es\/produto\/el-salvaje-polar-explorando-svalbard\/","og_site_name":"Rubicon 3 Adventure","article_publisher":"https:\/\/www.facebook.com\/rubicon3sailing","og_image":[{"width":2560,"height":1708,"url":"https:\/\/www.rubicon3adventure.com\/wp-content\/uploads\/2024\/02\/svalbard-2560.webp","type":"image\/webp"}],"twitter_card":"summary_large_image","twitter_site":"@rubicon3sailing","twitter_misc":{"Tiempo de lectura":"2 minutos"},"schema":{"@context":"https:\/\/schema.org","@graph":[{"@type":"WebPage","@id":"https:\/\/www.rubicon3adventure.com\/es\/produto\/el-salvaje-polar-explorando-svalbard\/","url":"https:\/\/www.rubicon3adventure.com\/es\/produto\/el-salvaje-polar-explorando-svalbard\/","name":"Aventura de navegaci\u00f3n en Svalbard | \u00danete a los expertos en navegaci\u00f3n \u00e1rtica","isPartOf":{"@id":"https:\/\/www.rubicon3adventure.com\/es\/#website"},"primaryImageOfPage":{"@id":"https:\/\/www.rubicon3adventure.com\/es\/produto\/el-salvaje-polar-explorando-svalbard\/#primaryimage"},"image":{"@id":"https:\/\/www.rubicon3adventure.com\/es\/produto\/el-salvaje-polar-explorando-svalbard\/#primaryimage"},"thumbnailUrl":"https:\/\/www.rubicon3adventure.com\/wp-content\/uploads\/2024\/02\/svalbard-2560.webp","datePublished":"2024-02-07T19:04:56+00:00","description":"Vacaciones en velero de aventura \u00e1rtica en Svalbard, tierra de osos polares, glaciares y naturaleza virgen del \u00c1rtico. Zarpa hacia la aventura de tu vida.","breadcrumb":{"@id":"https:\/\/www.rubicon3adventure.com\/es\/produto\/el-salvaje-polar-explorando-svalbard\/#breadcrumb"},"inLanguage":"es","potentialAction":[{"@type":"ReadAction","target":["https:\/\/www.rubicon3adventure.com\/es\/produto\/el-salvaje-polar-explorando-svalbard\/"]}]},{"@type":"ImageObject","inLanguage":"es","@id":"https:\/\/www.rubicon3adventure.com\/es\/produto\/el-salvaje-polar-explorando-svalbard\/#primaryimage","url":"https:\/\/www.rubicon3adventure.com\/wp-content\/uploads\/2024\/02\/svalbard-2560.webp","contentUrl":"https:\/\/www.rubicon3adventure.com\/wp-content\/uploads\/2024\/02\/svalbard-2560.webp","width":2560,"height":1708,"caption":"oso polar de svalbard"},{"@type":"BreadcrumbList","@id":"https:\/\/www.rubicon3adventure.com\/es\/produto\/el-salvaje-polar-explorando-svalbard\/#breadcrumb","itemListElement":[{"@type":"ListItem","position":1,"name":"Tienda","item":"https:\/\/www.rubicon3adventure.com\/es\/tienda\/"},{"@type":"ListItem","position":2,"name":"El Salvaje Polar: Explorando Svalbard"}]},{"@type":"WebSite","@id":"https:\/\/www.rubicon3adventure.com\/es\/#website","url":"https:\/\/www.rubicon3adventure.com\/es\/","name":"Rubicon 3 Adventure","description":"","publisher":{"@id":"https:\/\/www.rubicon3adventure.com\/es\/#organization"},"potentialAction":[{"@type":"SearchAction","target":{"@type":"EntryPoint","urlTemplate":"https:\/\/www.rubicon3adventure.com\/es\/?s={search_term_string}"},"query-input":{"@type":"PropertyValueSpecification","valueRequired":true,"valueName":"search_term_string"}}],"inLanguage":"es"},{"@type":"Organization","@id":"https:\/\/www.rubicon3adventure.com\/es\/#organization","name":"Rubicon 3 Adventures","alternateName":"Blueco Holdings Ltd","url":"https:\/\/www.rubicon3adventure.com\/es\/","logo":{"@type":"ImageObject","inLanguage":"es","@id":"https:\/\/www.rubicon3adventure.com\/es\/#\/schema\/logo\/image\/","url":"https:\/\/www.rubicon3adventure.com\/wp-content\/uploads\/2024\/03\/Rubicon_Schema-Image-scaled.jpg","contentUrl":"https:\/\/www.rubicon3adventure.com\/wp-content\/uploads\/2024\/03\/Rubicon_Schema-Image-scaled.jpg","width":2560,"height":1554,"caption":"Rubicon 3 Adventures"},"image":{"@id":"https:\/\/www.rubicon3adventure.com\/es\/#\/schema\/logo\/image\/"},"sameAs":["https:\/\/www.facebook.com\/rubicon3sailing","https:\/\/x.com\/rubicon3sailing","https:\/\/www.instagram.com\/rubicon_3_sailing\/","https:\/\/www.pinterest.co.uk\/rubicon3sailing\/","https:\/\/www.youtube.com\/channel\/UCUVTAy1Qm4lz0uZI_83Um8A","https:\/\/www.linkedin.com\/company\/rubicon-3\/"]}]}},"_links":{"self":[{"href":"https:\/\/www.rubicon3adventure.com\/es\/wp-json\/wp\/v2\/product\/5180","targetHints":{"allow":["GET"]}}],"collection":[{"href":"https:\/\/www.rubicon3adventure.com\/es\/wp-json\/wp\/v2\/product"}],"about":[{"href":"https:\/\/www.rubicon3adventure.com\/es\/wp-json\/wp\/v2\/types\/product"}],"replies":[{"embeddable":true,"href":"https:\/\/www.rubicon3adventure.com\/es\/wp-json\/wp\/v2\/comments?post=5180"}],"wp:featuredmedia":[{"embeddable":true,"href":"https:\/\/www.rubicon3adventure.com\/es\/wp-json\/wp\/v2\/media\/3883"}],"wp:attachment":[{"href":"https:\/\/www.rubicon3adventure.com\/es\/wp-json\/wp\/v2\/media?parent=5180"}],"wp:term":[{"taxonomy":"product_brand","embeddable":true,"href":"https:\/\/www.rubicon3adventure.com\/es\/wp-json\/wp\/v2\/product_brand?post=5180"},{"taxonomy":"product_cat","embeddable":true,"href":"https:\/\/www.rubicon3adventure.com\/es\/wp-json\/wp\/v2\/product_cat?post=5180"},{"taxonomy":"product_tag","embeddable":true,"href":"https:\/\/www.rubicon3adventure.com\/es\/wp-json\/wp\/v2\/product_tag?post=5180"}],"curies":[{"name":"wp","href":"https:\/\/api.w.org\/{rel}","templated":true}]}}