{"id":5196,"date":"2024-02-15T14:21:33","date_gmt":"2024-02-15T14:21:33","guid":{"rendered":"https:\/\/www.rubicon3adventure.com\/product\/odisea-por-el-artico-svalbard-jan-mayan-e-islandia\/"},"modified":"2024-02-15T14:21:33","modified_gmt":"2024-02-15T14:21:33","slug":"odisea-por-el-artico-svalbard-jan-mayan-e-islandia","status":"publish","type":"product","link":"https:\/\/www.rubicon3adventure.com\/es\/produto\/odisea-por-el-artico-svalbard-jan-mayan-e-islandia\/","title":{"rendered":"Odisea por el \u00c1rtico: Svalbard, Jan Mayan e Islandia"},"content":{"rendered":"<p>El viaje en velero por alta mar desde Svalbard a Islandia pasando por Jan Mayen es una aventura \u00fanica en la vida para los amantes del \u00c1rtico, de la alta mar y de las actividades un poco m\u00e1s extremas. Partiendo de Longyearbjen, en la costa occidental de Svalbard, cerca de los 80\u00b0 Norte, nos encontramos con un mundo de vastos glaciares, osos polares y fiordos asfixiados por el hielo. Tras un poco de entrenamiento y exploraci\u00f3n, nos adentraremos en el Oc\u00e9ano \u00c1rtico para realizar la traves\u00eda de 550 millas hacia el suroeste, en direcci\u00f3n a la isla de Jan Mayen. Salvajemente remoto, dif\u00edcil de desembarcar y poco visitado, esperamos detenernos all\u00ed un d\u00eda para explorar antes de zarpar de nuevo hacia el Atl\u00e1ntico Norte para recorrer otras 450 millas hasta las monta\u00f1as nevadas y los vastos fiordos de la costa oriental de Islandia. Con unas 1000 millas de navegaci\u00f3n de aventura tru, visitando zonas realmente remotas y hermosas, esta navegaci\u00f3n y exploraci\u00f3n en alta mar del m\u00e1s alto nivel.<\/p>\n<h4>Navega con expertos en exploraci\u00f3n \u00e1rtica<\/h4>\n<p>En Rubicon 3 somos expertos en navegaci\u00f3n \u00e1rtica, reconocidos en el mundo de la navegaci\u00f3n por nuestra amplia experiencia, formaci\u00f3n exhaustiva, dedicaci\u00f3n a la exploraci\u00f3n del \u00c1rtico e inolvidables aventuras de navegaci\u00f3n. Nuestro equipo de expertos, formado por navegantes muy experimentados en expediciones \u00e1rticas, el Mar del Norte y el Mar de Noruega, ofrece instrucci\u00f3n pr\u00e1ctica en todos los aspectos de la navegaci\u00f3n \u00e1rtica, dirigida tanto a los reci\u00e9n llegados como a los navegantes m\u00e1s experimentados que buscan desaf\u00edos \u00e1rticos.<\/p>\n<p>Nuestra selecci\u00f3n de rutas \u00e1rticas menos transitadas nos distingue, garantizando aventuras de navegaci\u00f3n estimulantes y llenas de descubrimientos. Nuestra \u00e9tica es un compromiso inquebrantable con la seguridad y la sostenibilidad medioambiental, garantizando que cada viaje respete tanto a los marineros como al pr\u00edstino entorno \u00e1rtico. Adem\u00e1s, como escuela de vela, nos centramos en el desarrollo de habilidades individuales para que todos participen plenamente en cada aspecto del viaje. Este enfoque hol\u00edstico ha forjado la reputaci\u00f3n de Rubicon 3 como los expertos a los que acudir para cualquiera que busque el m\u00e1ximo nivel de experiencia en navegaci\u00f3n \u00e1rtica.<\/p>\n<h4>\u00bfQuieres unirte?<\/h4>\n<p>Ve al bot\u00f3n Fechas y precios para ver las fechas de estas vacaciones en velero por el \u00c1rtico. Tambi\u00e9n te dar\u00e1 informaci\u00f3n sobre el viaje de conexi\u00f3n, incluido d\u00f3nde volar y cu\u00e1ndo y d\u00f3nde unirte al barco.<\/p>\n","protected":false},"excerpt":{"rendered":"<p>Aventura de navegaci\u00f3n en alta mar al m\u00e1ximo mientras navegamos de Svalbard a Islandia v\u00eda Jan Mayen, cruzando el C\u00edrculo Polar \u00c1rtico en ruta. Aut\u00e9ntica navegaci\u00f3n de aventura.<\/p>\n","protected":false},"featured_media":4491,"comment_status":"closed","ping_status":"closed","template":"","meta":{"_acf_changed":false,"content-type":""},"product_brand":[],"product_cat":[257,254,236],"product_tag":[],"class_list":{"0":"post-5196","1":"product","2":"type-product","3":"status-publish","4":"has-post-thumbnail","6":"product_cat-en-alta-mar","7":"product_cat-noruega-islandia-y-el-artico","8":"product_cat-vacaciones-de-aventura-en-velero","9":"trip_region-noruega-islandia-y-el-artico","10":"trip_type-alta-mar","11":"trip_duration-11-16-dias","13":"first","14":"instock","15":"shipping-taxable","16":"purchasable","17":"product-type-variable"},"acf":[],"yoast_head":"<!-- This site is optimized with the Yoast SEO Premium plugin v27.3 (Yoast SEO v27.5) - https:\/\/yoast.com\/product\/yoast-seo-premium-wordpress\/ -->\n<title>Aventura de navegaci\u00f3n en Svalbard | \u00danete a los expertos en navegaci\u00f3n \u00e1rtica<\/title>\n<meta name=\"description\" content=\"Vacaciones en velero de aventura \u00e1rtica en Svalbard, tierra de osos polares, glaciares y naturaleza virgen del \u00c1rtico. Zarpa hacia la aventura de tu vida.\" \/>\n<meta name=\"robots\" content=\"index, follow, max-snippet:-1, max-image-preview:large, max-video-preview:-1\" \/>\n<link rel=\"canonical\" href=\"https:\/\/www.rubicon3adventure.com\/es\/produto\/odisea-por-el-artico-svalbard-jan-mayan-e-islandia\/\" \/>\n<meta property=\"og:locale\" content=\"es_ES\" \/>\n<meta property=\"og:type\" content=\"article\" \/>\n<meta property=\"og:title\" content=\"Aventura de navegaci\u00f3n en Svalbard | \u00danete a los expertos en navegaci\u00f3n \u00e1rtica\" \/>\n<meta property=\"og:description\" content=\"Vacaciones en velero de aventura \u00e1rtica en Svalbard, tierra de osos polares, glaciares y naturaleza virgen del \u00c1rtico. Zarpa hacia la aventura de tu vida.\" \/>\n<meta property=\"og:url\" content=\"https:\/\/www.rubicon3adventure.com\/es\/produto\/odisea-por-el-artico-svalbard-jan-mayan-e-islandia\/\" \/>\n<meta property=\"og:site_name\" content=\"Rubicon 3 Adventure\" \/>\n<meta property=\"article:publisher\" content=\"https:\/\/www.facebook.com\/rubicon3sailing\" \/>\n<meta property=\"og:image\" content=\"https:\/\/www.rubicon3adventure.com\/wp-content\/uploads\/2024\/02\/yacht_hummingbird_iceland_2560.webp\" \/>\n\t<meta property=\"og:image:width\" content=\"2560\" \/>\n\t<meta property=\"og:image:height\" content=\"1440\" \/>\n\t<meta property=\"og:image:type\" content=\"image\/webp\" \/>\n<meta name=\"twitter:card\" content=\"summary_large_image\" \/>\n<meta name=\"twitter:site\" content=\"@rubicon3sailing\" \/>\n<meta name=\"twitter:label1\" content=\"Tiempo de lectura\" \/>\n\t<meta name=\"twitter:data1\" content=\"2 minutos\" \/>\n<script type=\"application\/ld+json\" class=\"yoast-schema-graph\">{\"@context\":\"https:\\\/\\\/schema.org\",\"@graph\":[{\"@type\":\"WebPage\",\"@id\":\"https:\\\/\\\/www.rubicon3adventure.com\\\/es\\\/produto\\\/odisea-por-el-artico-svalbard-jan-mayan-e-islandia\\\/\",\"url\":\"https:\\\/\\\/www.rubicon3adventure.com\\\/es\\\/produto\\\/odisea-por-el-artico-svalbard-jan-mayan-e-islandia\\\/\",\"name\":\"Aventura de navegaci\u00f3n en Svalbard | \u00danete a los expertos en navegaci\u00f3n \u00e1rtica\",\"isPartOf\":{\"@id\":\"https:\\\/\\\/www.rubicon3adventure.com\\\/es\\\/#website\"},\"primaryImageOfPage\":{\"@id\":\"https:\\\/\\\/www.rubicon3adventure.com\\\/es\\\/produto\\\/odisea-por-el-artico-svalbard-jan-mayan-e-islandia\\\/#primaryimage\"},\"image\":{\"@id\":\"https:\\\/\\\/www.rubicon3adventure.com\\\/es\\\/produto\\\/odisea-por-el-artico-svalbard-jan-mayan-e-islandia\\\/#primaryimage\"},\"thumbnailUrl\":\"https:\\\/\\\/www.rubicon3adventure.com\\\/wp-content\\\/uploads\\\/2024\\\/02\\\/yacht_hummingbird_iceland_2560.webp\",\"datePublished\":\"2024-02-15T14:21:33+00:00\",\"description\":\"Vacaciones en velero de aventura \u00e1rtica en Svalbard, tierra de osos polares, glaciares y naturaleza virgen del \u00c1rtico. Zarpa hacia la aventura de tu vida.\",\"breadcrumb\":{\"@id\":\"https:\\\/\\\/www.rubicon3adventure.com\\\/es\\\/produto\\\/odisea-por-el-artico-svalbard-jan-mayan-e-islandia\\\/#breadcrumb\"},\"inLanguage\":\"es\",\"potentialAction\":[{\"@type\":\"ReadAction\",\"target\":[\"https:\\\/\\\/www.rubicon3adventure.com\\\/es\\\/produto\\\/odisea-por-el-artico-svalbard-jan-mayan-e-islandia\\\/\"]}]},{\"@type\":\"ImageObject\",\"inLanguage\":\"es\",\"@id\":\"https:\\\/\\\/www.rubicon3adventure.com\\\/es\\\/produto\\\/odisea-por-el-artico-svalbard-jan-mayan-e-islandia\\\/#primaryimage\",\"url\":\"https:\\\/\\\/www.rubicon3adventure.com\\\/wp-content\\\/uploads\\\/2024\\\/02\\\/yacht_hummingbird_iceland_2560.webp\",\"contentUrl\":\"https:\\\/\\\/www.rubicon3adventure.com\\\/wp-content\\\/uploads\\\/2024\\\/02\\\/yacht_hummingbird_iceland_2560.webp\",\"width\":2560,\"height\":1440,\"caption\":\"navegando mar adentro hacia islandia\"},{\"@type\":\"BreadcrumbList\",\"@id\":\"https:\\\/\\\/www.rubicon3adventure.com\\\/es\\\/produto\\\/odisea-por-el-artico-svalbard-jan-mayan-e-islandia\\\/#breadcrumb\",\"itemListElement\":[{\"@type\":\"ListItem\",\"position\":1,\"name\":\"Tienda\",\"item\":\"https:\\\/\\\/www.rubicon3adventure.com\\\/es\\\/tienda\\\/\"},{\"@type\":\"ListItem\",\"position\":2,\"name\":\"Odisea por el \u00c1rtico: Svalbard, Jan Mayan e Islandia\"}]},{\"@type\":\"WebSite\",\"@id\":\"https:\\\/\\\/www.rubicon3adventure.com\\\/es\\\/#website\",\"url\":\"https:\\\/\\\/www.rubicon3adventure.com\\\/es\\\/\",\"name\":\"Rubicon 3 Adventure\",\"description\":\"\",\"publisher\":{\"@id\":\"https:\\\/\\\/www.rubicon3adventure.com\\\/es\\\/#organization\"},\"potentialAction\":[{\"@type\":\"SearchAction\",\"target\":{\"@type\":\"EntryPoint\",\"urlTemplate\":\"https:\\\/\\\/www.rubicon3adventure.com\\\/es\\\/?s={search_term_string}\"},\"query-input\":{\"@type\":\"PropertyValueSpecification\",\"valueRequired\":true,\"valueName\":\"search_term_string\"}}],\"inLanguage\":\"es\"},{\"@type\":\"Organization\",\"@id\":\"https:\\\/\\\/www.rubicon3adventure.com\\\/es\\\/#organization\",\"name\":\"Rubicon 3 Adventures\",\"alternateName\":\"Blueco Holdings Ltd\",\"url\":\"https:\\\/\\\/www.rubicon3adventure.com\\\/es\\\/\",\"logo\":{\"@type\":\"ImageObject\",\"inLanguage\":\"es\",\"@id\":\"https:\\\/\\\/www.rubicon3adventure.com\\\/es\\\/#\\\/schema\\\/logo\\\/image\\\/\",\"url\":\"https:\\\/\\\/www.rubicon3adventure.com\\\/wp-content\\\/uploads\\\/2024\\\/03\\\/Rubicon_Schema-Image-scaled.jpg\",\"contentUrl\":\"https:\\\/\\\/www.rubicon3adventure.com\\\/wp-content\\\/uploads\\\/2024\\\/03\\\/Rubicon_Schema-Image-scaled.jpg\",\"width\":2560,\"height\":1554,\"caption\":\"Rubicon 3 Adventures\"},\"image\":{\"@id\":\"https:\\\/\\\/www.rubicon3adventure.com\\\/es\\\/#\\\/schema\\\/logo\\\/image\\\/\"},\"sameAs\":[\"https:\\\/\\\/www.facebook.com\\\/rubicon3sailing\",\"https:\\\/\\\/x.com\\\/rubicon3sailing\",\"https:\\\/\\\/www.instagram.com\\\/rubicon_3_sailing\\\/\",\"https:\\\/\\\/www.pinterest.co.uk\\\/rubicon3sailing\\\/\",\"https:\\\/\\\/www.youtube.com\\\/channel\\\/UCUVTAy1Qm4lz0uZI_83Um8A\",\"https:\\\/\\\/www.linkedin.com\\\/company\\\/rubicon-3\\\/\"]}]}<\/script>\n<!-- \/ Yoast SEO Premium plugin. -->","yoast_head_json":{"title":"Aventura de navegaci\u00f3n en Svalbard | \u00danete a los expertos en navegaci\u00f3n \u00e1rtica","description":"Vacaciones en velero de aventura \u00e1rtica en Svalbard, tierra de osos polares, glaciares y naturaleza virgen del \u00c1rtico. Zarpa hacia la aventura de tu vida.","robots":{"index":"index","follow":"follow","max-snippet":"max-snippet:-1","max-image-preview":"max-image-preview:large","max-video-preview":"max-video-preview:-1"},"canonical":"https:\/\/www.rubicon3adventure.com\/es\/produto\/odisea-por-el-artico-svalbard-jan-mayan-e-islandia\/","og_locale":"es_ES","og_type":"article","og_title":"Aventura de navegaci\u00f3n en Svalbard | \u00danete a los expertos en navegaci\u00f3n \u00e1rtica","og_description":"Vacaciones en velero de aventura \u00e1rtica en Svalbard, tierra de osos polares, glaciares y naturaleza virgen del \u00c1rtico. Zarpa hacia la aventura de tu vida.","og_url":"https:\/\/www.rubicon3adventure.com\/es\/produto\/odisea-por-el-artico-svalbard-jan-mayan-e-islandia\/","og_site_name":"Rubicon 3 Adventure","article_publisher":"https:\/\/www.facebook.com\/rubicon3sailing","og_image":[{"width":2560,"height":1440,"url":"https:\/\/www.rubicon3adventure.com\/wp-content\/uploads\/2024\/02\/yacht_hummingbird_iceland_2560.webp","type":"image\/webp"}],"twitter_card":"summary_large_image","twitter_site":"@rubicon3sailing","twitter_misc":{"Tiempo de lectura":"2 minutos"},"schema":{"@context":"https:\/\/schema.org","@graph":[{"@type":"WebPage","@id":"https:\/\/www.rubicon3adventure.com\/es\/produto\/odisea-por-el-artico-svalbard-jan-mayan-e-islandia\/","url":"https:\/\/www.rubicon3adventure.com\/es\/produto\/odisea-por-el-artico-svalbard-jan-mayan-e-islandia\/","name":"Aventura de navegaci\u00f3n en Svalbard | \u00danete a los expertos en navegaci\u00f3n \u00e1rtica","isPartOf":{"@id":"https:\/\/www.rubicon3adventure.com\/es\/#website"},"primaryImageOfPage":{"@id":"https:\/\/www.rubicon3adventure.com\/es\/produto\/odisea-por-el-artico-svalbard-jan-mayan-e-islandia\/#primaryimage"},"image":{"@id":"https:\/\/www.rubicon3adventure.com\/es\/produto\/odisea-por-el-artico-svalbard-jan-mayan-e-islandia\/#primaryimage"},"thumbnailUrl":"https:\/\/www.rubicon3adventure.com\/wp-content\/uploads\/2024\/02\/yacht_hummingbird_iceland_2560.webp","datePublished":"2024-02-15T14:21:33+00:00","description":"Vacaciones en velero de aventura \u00e1rtica en Svalbard, tierra de osos polares, glaciares y naturaleza virgen del \u00c1rtico. Zarpa hacia la aventura de tu vida.","breadcrumb":{"@id":"https:\/\/www.rubicon3adventure.com\/es\/produto\/odisea-por-el-artico-svalbard-jan-mayan-e-islandia\/#breadcrumb"},"inLanguage":"es","potentialAction":[{"@type":"ReadAction","target":["https:\/\/www.rubicon3adventure.com\/es\/produto\/odisea-por-el-artico-svalbard-jan-mayan-e-islandia\/"]}]},{"@type":"ImageObject","inLanguage":"es","@id":"https:\/\/www.rubicon3adventure.com\/es\/produto\/odisea-por-el-artico-svalbard-jan-mayan-e-islandia\/#primaryimage","url":"https:\/\/www.rubicon3adventure.com\/wp-content\/uploads\/2024\/02\/yacht_hummingbird_iceland_2560.webp","contentUrl":"https:\/\/www.rubicon3adventure.com\/wp-content\/uploads\/2024\/02\/yacht_hummingbird_iceland_2560.webp","width":2560,"height":1440,"caption":"navegando mar adentro hacia islandia"},{"@type":"BreadcrumbList","@id":"https:\/\/www.rubicon3adventure.com\/es\/produto\/odisea-por-el-artico-svalbard-jan-mayan-e-islandia\/#breadcrumb","itemListElement":[{"@type":"ListItem","position":1,"name":"Tienda","item":"https:\/\/www.rubicon3adventure.com\/es\/tienda\/"},{"@type":"ListItem","position":2,"name":"Odisea por el \u00c1rtico: Svalbard, Jan Mayan e Islandia"}]},{"@type":"WebSite","@id":"https:\/\/www.rubicon3adventure.com\/es\/#website","url":"https:\/\/www.rubicon3adventure.com\/es\/","name":"Rubicon 3 Adventure","description":"","publisher":{"@id":"https:\/\/www.rubicon3adventure.com\/es\/#organization"},"potentialAction":[{"@type":"SearchAction","target":{"@type":"EntryPoint","urlTemplate":"https:\/\/www.rubicon3adventure.com\/es\/?s={search_term_string}"},"query-input":{"@type":"PropertyValueSpecification","valueRequired":true,"valueName":"search_term_string"}}],"inLanguage":"es"},{"@type":"Organization","@id":"https:\/\/www.rubicon3adventure.com\/es\/#organization","name":"Rubicon 3 Adventures","alternateName":"Blueco Holdings Ltd","url":"https:\/\/www.rubicon3adventure.com\/es\/","logo":{"@type":"ImageObject","inLanguage":"es","@id":"https:\/\/www.rubicon3adventure.com\/es\/#\/schema\/logo\/image\/","url":"https:\/\/www.rubicon3adventure.com\/wp-content\/uploads\/2024\/03\/Rubicon_Schema-Image-scaled.jpg","contentUrl":"https:\/\/www.rubicon3adventure.com\/wp-content\/uploads\/2024\/03\/Rubicon_Schema-Image-scaled.jpg","width":2560,"height":1554,"caption":"Rubicon 3 Adventures"},"image":{"@id":"https:\/\/www.rubicon3adventure.com\/es\/#\/schema\/logo\/image\/"},"sameAs":["https:\/\/www.facebook.com\/rubicon3sailing","https:\/\/x.com\/rubicon3sailing","https:\/\/www.instagram.com\/rubicon_3_sailing\/","https:\/\/www.pinterest.co.uk\/rubicon3sailing\/","https:\/\/www.youtube.com\/channel\/UCUVTAy1Qm4lz0uZI_83Um8A","https:\/\/www.linkedin.com\/company\/rubicon-3\/"]}]}},"_links":{"self":[{"href":"https:\/\/www.rubicon3adventure.com\/es\/wp-json\/wp\/v2\/product\/5196","targetHints":{"allow":["GET"]}}],"collection":[{"href":"https:\/\/www.rubicon3adventure.com\/es\/wp-json\/wp\/v2\/product"}],"about":[{"href":"https:\/\/www.rubicon3adventure.com\/es\/wp-json\/wp\/v2\/types\/product"}],"replies":[{"embeddable":true,"href":"https:\/\/www.rubicon3adventure.com\/es\/wp-json\/wp\/v2\/comments?post=5196"}],"wp:featuredmedia":[{"embeddable":true,"href":"https:\/\/www.rubicon3adventure.com\/es\/wp-json\/wp\/v2\/media\/4491"}],"wp:attachment":[{"href":"https:\/\/www.rubicon3adventure.com\/es\/wp-json\/wp\/v2\/media?parent=5196"}],"wp:term":[{"taxonomy":"product_brand","embeddable":true,"href":"https:\/\/www.rubicon3adventure.com\/es\/wp-json\/wp\/v2\/product_brand?post=5196"},{"taxonomy":"product_cat","embeddable":true,"href":"https:\/\/www.rubicon3adventure.com\/es\/wp-json\/wp\/v2\/product_cat?post=5196"},{"taxonomy":"product_tag","embeddable":true,"href":"https:\/\/www.rubicon3adventure.com\/es\/wp-json\/wp\/v2\/product_tag?post=5196"}],"curies":[{"name":"wp","href":"https:\/\/api.w.org\/{rel}","templated":true}]}}