{"id":5211,"date":"2023-12-30T15:41:31","date_gmt":"2023-12-30T15:41:31","guid":{"rendered":"https:\/\/www.rubicon3adventure.com\/product\/granada-semana-de-la-vela\/"},"modified":"2024-08-09T10:26:26","modified_gmt":"2024-08-09T09:26:26","slug":"granada-semana-de-la-vela","status":"publish","type":"product","link":"https:\/\/www.rubicon3adventure.com\/es\/produto\/granada-semana-de-la-vela\/","title":{"rendered":"Semana N\u00e1utica de Granada"},"content":{"rendered":"<p><span data-preserver-spaces=\"true\">Descubre la magia de la Semana N\u00e1utica de Granada, una mezcla \u00fanica de divertidas regatas y vibrante cultura caribe\u00f1a. Enclavado en las impresionantes aguas de Granada, conocida como la &#8220;Isla de las Especias&#8221;, este evento destaca por sus perfectas condiciones de navegaci\u00f3n -vientos constantes, temperaturas c\u00e1lidas, aguas cristalinas- y un ambiente relajado y divertido. La Semana N\u00e1utica de Granada es mucho m\u00e1s que las regatas; es una aut\u00e9ntica celebraci\u00f3n de la zona y de la isla, con una animada mezcla de festividades en tierra cada d\u00eda. Despu\u00e9s de correr por la isla cargada de especias bajo el sol ardiente y las aguas turquesas, puedes descubrir el rico patrimonio de la isla, desde la picante cocina criolla hasta los contagiosos ritmos calipso. La Semana N\u00e1utica de Granada es una experiencia n\u00e1utica inolvidable en la que confluyen camarader\u00eda, competici\u00f3n y cultura en uno de los destinos m\u00e1s bellos del Caribe.<\/span><\/p>\n<h5><span data-preserver-spaces=\"true\">Corre con confianza: \u00danete al Equipo Rubic\u00f3n 3 para una aventura segura, solidaria y emocionante<\/span><\/h5>\n<p><span data-preserver-spaces=\"true\">Las carreras con Rubicon 3 son famosamente amistosas e inclusivas, y la comodidad y confianza de la tripulaci\u00f3n son nuestras principales prioridades. Perfecto tanto para principiantes como para navegantes experimentados, nuestro enfoque est\u00e1 dise\u00f1ado para aliviar todas tus preocupaciones sobre las regatas.<\/span><\/p>\n<ol>\n<li><strong><span data-preserver-spaces=\"true\">Formaci\u00f3n a medida<\/span><\/strong><span data-preserver-spaces=\"true\">: Nuestros experimentados patrones proporcionan una formaci\u00f3n completa, asegur\u00e1ndose de que adquieres las habilidades y la confianza necesarias, independientemente de tu nivel inicial. Nos centramos en un enfoque paso a paso, haciendo que las regatas sean accesibles y agradables para todos.<\/span><\/li>\n<li><strong><span data-preserver-spaces=\"true\">\u00c9nfasis en la seguridad<\/span><\/strong><span data-preserver-spaces=\"true\">: Tu seguridad es primordial. Adem\u00e1s de nuestros protocolos de seguridad de categor\u00eda mundial, realizamos sesiones informativas y simulacros de seguridad exhaustivos. Aprender\u00e1s a manejar diversos escenarios mientras corres, reduciendo significativamente los riesgos y la ansiedad.<\/span><\/li>\n<li><strong><span data-preserver-spaces=\"true\">La forma f\u00edsica no es un obst\u00e1culo<\/span><\/strong><span data-preserver-spaces=\"true\">: Nuestro equipo valora la estrategia y el trabajo en equipo por encima de la destreza f\u00edsica. Las funciones en el yate se asignan en funci\u00f3n de tu nivel de comodidad y capacidad, garantizando que todos puedan participar y contribuir eficazmente.<\/span><\/li>\n<li><strong><span data-preserver-spaces=\"true\">Ambiente de equipo solidario<\/span><\/strong><span data-preserver-spaces=\"true\">: Rubic\u00f3n 3 es una comunidad acogedora donde la camarader\u00eda es fundamental. Creemos en el trabajo en equipo, en el apoyo mutuo y en disfrutar juntos de la experiencia. Nunca te sentir\u00e1s fuera de lugar ni bajo presi\u00f3n para rendir.<\/span><\/li>\n<li><strong><span data-preserver-spaces=\"true\">Introducci\u00f3n guiada al deporte<\/span><\/strong><span data-preserver-spaces=\"true\">: Desmitificamos las regatas con explicaciones claras y experiencias pr\u00e1cticas. Aprende a tu propio ritmo en un entorno sin estr\u00e9s, convirtiendo lo desconocido en una emocionante aventura.<\/span><\/li>\n<\/ol>\n<p><span data-preserver-spaces=\"true\">\u00danete a nosotros para disfrutar de una oportunidad \u00fanica de participar en regatas en un entorno seguro, solidario y divertido.<\/span><\/p>\n<h5><span data-preserver-spaces=\"true\">\u00bfQuieres unirte?<\/span><\/h5>\n<p><span data-preserver-spaces=\"true\">Ve al bot\u00f3n Fechas y precios para ver las fechas en que se realiza este viaje. Tambi\u00e9n te dar\u00e1 informaci\u00f3n sobre el viaje de conexi\u00f3n, incluido d\u00f3nde volar y cu\u00e1ndo y d\u00f3nde unirte al barco.<\/span><\/p>\n","protected":false},"excerpt":{"rendered":"<p>\u00danete a esta estimulante regata de una semana de duraci\u00f3n, en la que se mezclan regatas no demasiado serias pero competitivas con la maravillosa cultura caribe\u00f1a y eventos en tierra.<\/p>\n","protected":false},"featured_media":3583,"comment_status":"closed","ping_status":"closed","template":"","meta":{"_acf_changed":false,"content-type":""},"product_brand":[],"product_cat":[239,260,236,281],"product_tag":[],"class_list":{"0":"post-5211","1":"product","2":"type-product","3":"status-publish","4":"has-post-thumbnail","6":"product_cat-caribe-y-las-americas","7":"product_cat-competicion","8":"product_cat-vacaciones-de-aventura-en-velero","9":"product_cat-vacaciones-de-navegacion-al-sol-de-invierno","10":"trip_region-caribe-y-las-americas","11":"trip_type-costero","12":"trip_duration-1-10-dias","14":"first","15":"instock","16":"shipping-taxable","17":"purchasable","18":"product-type-variable"},"acf":[],"yoast_head":"<!-- This site is optimized with the Yoast SEO Premium plugin v27.5 (Yoast SEO v27.5) - https:\/\/yoast.com\/product\/yoast-seo-premium-wordpress\/ -->\n<title>Semana N\u00e1utica de Granada | Reserva una plaza de tripulante | Bienvenida a principiantes<\/title>\n<meta name=\"description\" content=\"Semana N\u00e1utica de Granada: plazas disponibles para tripulantes individuales. No se necesita experiencia en carreras. Consigue una formaci\u00f3n completa. Famosamente sin presiones y amable. Ver m\u00e1s aqu\u00ed.\" \/>\n<meta name=\"robots\" content=\"index, follow, max-snippet:-1, max-image-preview:large, max-video-preview:-1\" \/>\n<link rel=\"canonical\" href=\"https:\/\/www.rubicon3adventure.com\/es\/produto\/granada-semana-de-la-vela\/\" \/>\n<meta property=\"og:locale\" content=\"es_ES\" \/>\n<meta property=\"og:type\" content=\"article\" \/>\n<meta property=\"og:title\" content=\"Semana N\u00e1utica de Granada | Reserva una plaza de tripulante | Bienvenida a principiantes\" \/>\n<meta property=\"og:description\" content=\"Semana N\u00e1utica de Granada: plazas disponibles para tripulantes individuales. No se necesita experiencia en carreras. Consigue una formaci\u00f3n completa. Famosamente sin presiones y amable. Ver m\u00e1s aqu\u00ed.\" \/>\n<meta property=\"og:url\" content=\"https:\/\/www.rubicon3adventure.com\/es\/produto\/granada-semana-de-la-vela\/\" \/>\n<meta property=\"og:site_name\" content=\"Rubicon 3 Adventure\" \/>\n<meta property=\"article:publisher\" content=\"https:\/\/www.facebook.com\/rubicon3sailing\" \/>\n<meta property=\"article:modified_time\" content=\"2024-08-09T09:26:26+00:00\" \/>\n<meta property=\"og:image\" content=\"https:\/\/www.rubicon3adventure.com\/wp-content\/uploads\/2023\/12\/grenada-sailing-week-header.webp\" \/>\n\t<meta property=\"og:image:width\" content=\"2560\" \/>\n\t<meta property=\"og:image:height\" content=\"1707\" \/>\n\t<meta property=\"og:image:type\" content=\"image\/webp\" \/>\n<meta name=\"twitter:card\" content=\"summary_large_image\" \/>\n<meta name=\"twitter:site\" content=\"@rubicon3sailing\" \/>\n<meta name=\"twitter:label1\" content=\"Tiempo de lectura\" \/>\n\t<meta name=\"twitter:data1\" content=\"7 minutos\" \/>\n<script type=\"application\/ld+json\" class=\"yoast-schema-graph\">{\"@context\":\"https:\\\/\\\/schema.org\",\"@graph\":[{\"@type\":\"WebPage\",\"@id\":\"https:\\\/\\\/www.rubicon3adventure.com\\\/es\\\/produto\\\/granada-semana-de-la-vela\\\/\",\"url\":\"https:\\\/\\\/www.rubicon3adventure.com\\\/es\\\/produto\\\/granada-semana-de-la-vela\\\/\",\"name\":\"Semana N\u00e1utica de Granada | Reserva una plaza de tripulante | Bienvenida a principiantes\",\"isPartOf\":{\"@id\":\"https:\\\/\\\/www.rubicon3adventure.com\\\/es\\\/#website\"},\"primaryImageOfPage\":{\"@id\":\"https:\\\/\\\/www.rubicon3adventure.com\\\/es\\\/produto\\\/granada-semana-de-la-vela\\\/#primaryimage\"},\"image\":{\"@id\":\"https:\\\/\\\/www.rubicon3adventure.com\\\/es\\\/produto\\\/granada-semana-de-la-vela\\\/#primaryimage\"},\"thumbnailUrl\":\"https:\\\/\\\/www.rubicon3adventure.com\\\/wp-content\\\/uploads\\\/2023\\\/12\\\/grenada-sailing-week-header.webp\",\"datePublished\":\"2023-12-30T15:41:31+00:00\",\"dateModified\":\"2024-08-09T09:26:26+00:00\",\"description\":\"Semana N\u00e1utica de Granada: plazas disponibles para tripulantes individuales. No se necesita experiencia en carreras. Consigue una formaci\u00f3n completa. Famosamente sin presiones y amable. Ver m\u00e1s aqu\u00ed.\",\"breadcrumb\":{\"@id\":\"https:\\\/\\\/www.rubicon3adventure.com\\\/es\\\/produto\\\/granada-semana-de-la-vela\\\/#breadcrumb\"},\"inLanguage\":\"es\",\"potentialAction\":[{\"@type\":\"ReadAction\",\"target\":[\"https:\\\/\\\/www.rubicon3adventure.com\\\/es\\\/produto\\\/granada-semana-de-la-vela\\\/\"]}]},{\"@type\":\"ImageObject\",\"inLanguage\":\"es\",\"@id\":\"https:\\\/\\\/www.rubicon3adventure.com\\\/es\\\/produto\\\/granada-semana-de-la-vela\\\/#primaryimage\",\"url\":\"https:\\\/\\\/www.rubicon3adventure.com\\\/wp-content\\\/uploads\\\/2023\\\/12\\\/grenada-sailing-week-header.webp\",\"contentUrl\":\"https:\\\/\\\/www.rubicon3adventure.com\\\/wp-content\\\/uploads\\\/2023\\\/12\\\/grenada-sailing-week-header.webp\",\"width\":2560,\"height\":1707,\"caption\":\"Semana N\u00e1utica de Granada\"},{\"@type\":\"BreadcrumbList\",\"@id\":\"https:\\\/\\\/www.rubicon3adventure.com\\\/es\\\/produto\\\/granada-semana-de-la-vela\\\/#breadcrumb\",\"itemListElement\":[{\"@type\":\"ListItem\",\"position\":1,\"name\":\"Tienda\",\"item\":\"https:\\\/\\\/www.rubicon3adventure.com\\\/es\\\/tienda\\\/\"},{\"@type\":\"ListItem\",\"position\":2,\"name\":\"Semana N\u00e1utica de Granada\"}]},{\"@type\":\"WebSite\",\"@id\":\"https:\\\/\\\/www.rubicon3adventure.com\\\/es\\\/#website\",\"url\":\"https:\\\/\\\/www.rubicon3adventure.com\\\/es\\\/\",\"name\":\"Rubicon 3 Adventure\",\"description\":\"\",\"publisher\":{\"@id\":\"https:\\\/\\\/www.rubicon3adventure.com\\\/es\\\/#organization\"},\"potentialAction\":[{\"@type\":\"SearchAction\",\"target\":{\"@type\":\"EntryPoint\",\"urlTemplate\":\"https:\\\/\\\/www.rubicon3adventure.com\\\/es\\\/?s={search_term_string}\"},\"query-input\":{\"@type\":\"PropertyValueSpecification\",\"valueRequired\":true,\"valueName\":\"search_term_string\"}}],\"inLanguage\":\"es\"},{\"@type\":\"Organization\",\"@id\":\"https:\\\/\\\/www.rubicon3adventure.com\\\/es\\\/#organization\",\"name\":\"Rubicon 3 Adventures\",\"alternateName\":\"Blueco Holdings Ltd\",\"url\":\"https:\\\/\\\/www.rubicon3adventure.com\\\/es\\\/\",\"logo\":{\"@type\":\"ImageObject\",\"inLanguage\":\"es\",\"@id\":\"https:\\\/\\\/www.rubicon3adventure.com\\\/es\\\/#\\\/schema\\\/logo\\\/image\\\/\",\"url\":\"https:\\\/\\\/www.rubicon3adventure.com\\\/wp-content\\\/uploads\\\/2024\\\/03\\\/Rubicon_Schema-Image-scaled.jpg\",\"contentUrl\":\"https:\\\/\\\/www.rubicon3adventure.com\\\/wp-content\\\/uploads\\\/2024\\\/03\\\/Rubicon_Schema-Image-scaled.jpg\",\"width\":2560,\"height\":1554,\"caption\":\"Rubicon 3 Adventures\"},\"image\":{\"@id\":\"https:\\\/\\\/www.rubicon3adventure.com\\\/es\\\/#\\\/schema\\\/logo\\\/image\\\/\"},\"sameAs\":[\"https:\\\/\\\/www.facebook.com\\\/rubicon3sailing\",\"https:\\\/\\\/x.com\\\/rubicon3sailing\",\"https:\\\/\\\/www.instagram.com\\\/rubicon_3_sailing\\\/\",\"https:\\\/\\\/www.pinterest.co.uk\\\/rubicon3sailing\\\/\",\"https:\\\/\\\/www.youtube.com\\\/channel\\\/UCUVTAy1Qm4lz0uZI_83Um8A\",\"https:\\\/\\\/www.linkedin.com\\\/company\\\/rubicon-3\\\/\"]}]}<\/script>\n<!-- \/ Yoast SEO Premium plugin. -->","yoast_head_json":{"title":"Semana N\u00e1utica de Granada | Reserva una plaza de tripulante | Bienvenida a principiantes","description":"Semana N\u00e1utica de Granada: plazas disponibles para tripulantes individuales. No se necesita experiencia en carreras. Consigue una formaci\u00f3n completa. Famosamente sin presiones y amable. Ver m\u00e1s aqu\u00ed.","robots":{"index":"index","follow":"follow","max-snippet":"max-snippet:-1","max-image-preview":"max-image-preview:large","max-video-preview":"max-video-preview:-1"},"canonical":"https:\/\/www.rubicon3adventure.com\/es\/produto\/granada-semana-de-la-vela\/","og_locale":"es_ES","og_type":"article","og_title":"Semana N\u00e1utica de Granada | Reserva una plaza de tripulante | Bienvenida a principiantes","og_description":"Semana N\u00e1utica de Granada: plazas disponibles para tripulantes individuales. No se necesita experiencia en carreras. Consigue una formaci\u00f3n completa. Famosamente sin presiones y amable. Ver m\u00e1s aqu\u00ed.","og_url":"https:\/\/www.rubicon3adventure.com\/es\/produto\/granada-semana-de-la-vela\/","og_site_name":"Rubicon 3 Adventure","article_publisher":"https:\/\/www.facebook.com\/rubicon3sailing","article_modified_time":"2024-08-09T09:26:26+00:00","og_image":[{"width":2560,"height":1707,"url":"https:\/\/www.rubicon3adventure.com\/wp-content\/uploads\/2023\/12\/grenada-sailing-week-header.webp","type":"image\/webp"}],"twitter_card":"summary_large_image","twitter_site":"@rubicon3sailing","twitter_misc":{"Tiempo de lectura":"7 minutos"},"schema":{"@context":"https:\/\/schema.org","@graph":[{"@type":"WebPage","@id":"https:\/\/www.rubicon3adventure.com\/es\/produto\/granada-semana-de-la-vela\/","url":"https:\/\/www.rubicon3adventure.com\/es\/produto\/granada-semana-de-la-vela\/","name":"Semana N\u00e1utica de Granada | Reserva una plaza de tripulante | Bienvenida a principiantes","isPartOf":{"@id":"https:\/\/www.rubicon3adventure.com\/es\/#website"},"primaryImageOfPage":{"@id":"https:\/\/www.rubicon3adventure.com\/es\/produto\/granada-semana-de-la-vela\/#primaryimage"},"image":{"@id":"https:\/\/www.rubicon3adventure.com\/es\/produto\/granada-semana-de-la-vela\/#primaryimage"},"thumbnailUrl":"https:\/\/www.rubicon3adventure.com\/wp-content\/uploads\/2023\/12\/grenada-sailing-week-header.webp","datePublished":"2023-12-30T15:41:31+00:00","dateModified":"2024-08-09T09:26:26+00:00","description":"Semana N\u00e1utica de Granada: plazas disponibles para tripulantes individuales. No se necesita experiencia en carreras. Consigue una formaci\u00f3n completa. Famosamente sin presiones y amable. Ver m\u00e1s aqu\u00ed.","breadcrumb":{"@id":"https:\/\/www.rubicon3adventure.com\/es\/produto\/granada-semana-de-la-vela\/#breadcrumb"},"inLanguage":"es","potentialAction":[{"@type":"ReadAction","target":["https:\/\/www.rubicon3adventure.com\/es\/produto\/granada-semana-de-la-vela\/"]}]},{"@type":"ImageObject","inLanguage":"es","@id":"https:\/\/www.rubicon3adventure.com\/es\/produto\/granada-semana-de-la-vela\/#primaryimage","url":"https:\/\/www.rubicon3adventure.com\/wp-content\/uploads\/2023\/12\/grenada-sailing-week-header.webp","contentUrl":"https:\/\/www.rubicon3adventure.com\/wp-content\/uploads\/2023\/12\/grenada-sailing-week-header.webp","width":2560,"height":1707,"caption":"Semana N\u00e1utica de Granada"},{"@type":"BreadcrumbList","@id":"https:\/\/www.rubicon3adventure.com\/es\/produto\/granada-semana-de-la-vela\/#breadcrumb","itemListElement":[{"@type":"ListItem","position":1,"name":"Tienda","item":"https:\/\/www.rubicon3adventure.com\/es\/tienda\/"},{"@type":"ListItem","position":2,"name":"Semana N\u00e1utica de Granada"}]},{"@type":"WebSite","@id":"https:\/\/www.rubicon3adventure.com\/es\/#website","url":"https:\/\/www.rubicon3adventure.com\/es\/","name":"Rubicon 3 Adventure","description":"","publisher":{"@id":"https:\/\/www.rubicon3adventure.com\/es\/#organization"},"potentialAction":[{"@type":"SearchAction","target":{"@type":"EntryPoint","urlTemplate":"https:\/\/www.rubicon3adventure.com\/es\/?s={search_term_string}"},"query-input":{"@type":"PropertyValueSpecification","valueRequired":true,"valueName":"search_term_string"}}],"inLanguage":"es"},{"@type":"Organization","@id":"https:\/\/www.rubicon3adventure.com\/es\/#organization","name":"Rubicon 3 Adventures","alternateName":"Blueco Holdings Ltd","url":"https:\/\/www.rubicon3adventure.com\/es\/","logo":{"@type":"ImageObject","inLanguage":"es","@id":"https:\/\/www.rubicon3adventure.com\/es\/#\/schema\/logo\/image\/","url":"https:\/\/www.rubicon3adventure.com\/wp-content\/uploads\/2024\/03\/Rubicon_Schema-Image-scaled.jpg","contentUrl":"https:\/\/www.rubicon3adventure.com\/wp-content\/uploads\/2024\/03\/Rubicon_Schema-Image-scaled.jpg","width":2560,"height":1554,"caption":"Rubicon 3 Adventures"},"image":{"@id":"https:\/\/www.rubicon3adventure.com\/es\/#\/schema\/logo\/image\/"},"sameAs":["https:\/\/www.facebook.com\/rubicon3sailing","https:\/\/x.com\/rubicon3sailing","https:\/\/www.instagram.com\/rubicon_3_sailing\/","https:\/\/www.pinterest.co.uk\/rubicon3sailing\/","https:\/\/www.youtube.com\/channel\/UCUVTAy1Qm4lz0uZI_83Um8A","https:\/\/www.linkedin.com\/company\/rubicon-3\/"]}]}},"_links":{"self":[{"href":"https:\/\/www.rubicon3adventure.com\/es\/wp-json\/wp\/v2\/product\/5211","targetHints":{"allow":["GET"]}}],"collection":[{"href":"https:\/\/www.rubicon3adventure.com\/es\/wp-json\/wp\/v2\/product"}],"about":[{"href":"https:\/\/www.rubicon3adventure.com\/es\/wp-json\/wp\/v2\/types\/product"}],"replies":[{"embeddable":true,"href":"https:\/\/www.rubicon3adventure.com\/es\/wp-json\/wp\/v2\/comments?post=5211"}],"wp:featuredmedia":[{"embeddable":true,"href":"https:\/\/www.rubicon3adventure.com\/es\/wp-json\/wp\/v2\/media\/3583"}],"wp:attachment":[{"href":"https:\/\/www.rubicon3adventure.com\/es\/wp-json\/wp\/v2\/media?parent=5211"}],"wp:term":[{"taxonomy":"product_brand","embeddable":true,"href":"https:\/\/www.rubicon3adventure.com\/es\/wp-json\/wp\/v2\/product_brand?post=5211"},{"taxonomy":"product_cat","embeddable":true,"href":"https:\/\/www.rubicon3adventure.com\/es\/wp-json\/wp\/v2\/product_cat?post=5211"},{"taxonomy":"product_tag","embeddable":true,"href":"https:\/\/www.rubicon3adventure.com\/es\/wp-json\/wp\/v2\/product_tag?post=5211"}],"curies":[{"name":"wp","href":"https:\/\/api.w.org\/{rel}","templated":true}]}}