{"id":5234,"date":"2024-01-17T15:51:07","date_gmt":"2024-01-17T15:51:07","guid":{"rendered":"https:\/\/www.rubicon3adventure.com\/product\/cruce-atlantico-navegacion-celeste\/"},"modified":"2024-01-17T15:51:07","modified_gmt":"2024-01-17T15:51:07","slug":"cruce-atlantico-navegacion-celeste","status":"publish","type":"product","link":"https:\/\/www.rubicon3adventure.com\/es\/produto\/cruce-atlantico-navegacion-celeste\/","title":{"rendered":"Atraviesa el Atl\u00e1ntico utilizando la navegaci\u00f3n celeste"},"content":{"rendered":"<p>Participa en una aut\u00e9ntica aventura oce\u00e1nica mientras navegamos por el oc\u00e9ano Atl\u00e1ntico, desde el Caribe hasta Inglaterra, \u00a1utilizando s\u00f3lo un sextante para navegar!<\/p>\n<p>\u00danete a la tripulaci\u00f3n en el Caribe (el lugar de salida cambia cada a\u00f1o, as\u00ed que consulta la pesta\u00f1a &#8220;Fechas y precios&#8221;), donde un instructor experto te dar\u00e1 un curso intensivo de dos d\u00edas sobre c\u00f3mo navegar utilizando s\u00f3lo el sol, la luna, las estrellas y el planeta. No necesitas conocimientos celestes previos, ya que te ense\u00f1aremos desde cero,<\/p>\n<p>Una vez completado el entrenamiento, nuestra navegaci\u00f3n a trav\u00e9s del Atl\u00e1ntico comienza con un pasaje hacia el norte para ascender por encima del sistema de alta presi\u00f3n de las Azores, con el objetivo aproximado de llegar a las Bermudas. Esto est\u00e1 a unas 1000 millas n\u00e1uticas (nm) al norte. Si el tiempo lo permite, es posible que nos detengamos all\u00ed para pasar un d\u00eda de relax. Desde las Bermudas, hacemos una curva hacia el este y navegamos las 2000 millas hasta el archipi\u00e9lago volc\u00e1nico de las Azores. Una vez m\u00e1s, esperamos parar para descansar y relajarnos si hemos avanzado a buena velocidad, y despu\u00e9s nos dirigiremos a las 1300 millas finales hasta la costa sur de Inglaterra. Se trata de una aventura ENORME, que combina casi 4500 millas de navegaci\u00f3n en mar abierto a trav\u00e9s del Atl\u00e1ntico Norte y el maravilloso arte de la navegaci\u00f3n celeste.<\/p>\n<h5>\u00bfPreparado para la aventura de tu vida con los expertos en navegaci\u00f3n de altura?<\/h5>\n<p data-pm-slice=\"1 1 []\">Rubicon 3 es conocida como la empresa experta en navegaci\u00f3n en alta mar, reconocida en el mundo de la navegaci\u00f3n por su amplia experiencia, su completa formaci\u00f3n y su dedicaci\u00f3n a la aventura y el descubrimiento. Nuestro equipo de expertos, con gran experiencia en traves\u00edas oce\u00e1nicas, ofrece instrucci\u00f3n pr\u00e1ctica en todos los aspectos de la navegaci\u00f3n oce\u00e1nica, dirigida tanto a los que se inician en la navegaci\u00f3n oce\u00e1nica como a los navegantes m\u00e1s experimentados.<\/p>\n<p>Lo que nos distingue es nuestra selecci\u00f3n de rutas \u00fanicas y menos transitadas, que garantizan una navegaci\u00f3n en alta mar y oce\u00e1nica estimulante y llena de descubrimientos, navegando en el barco adecuado con los m\u00e1s altos niveles de seguridad y equipado con todo el material de seguridad necesario. En el centro de nuestra \u00e9tica est\u00e1 un compromiso inquebrantable con la seguridad y la sostenibilidad medioambiental, garantizando que cada viaje respete tanto a los marineros como al mar. Adem\u00e1s, nos centramos tanto en el desarrollo de habilidades individuales como en una escuela de vela, para que todos participen plenamente en todos los aspectos de la traves\u00eda. Este enfoque hol\u00edstico ha forjado la reputaci\u00f3n de Rubicon 3 como expertos a los que acudir para cualquiera que busque el m\u00e1s alto nivel de navegaci\u00f3n en alta mar.<\/p>\n<h5>\u00bfQuieres unirte?<\/h5>\n<p>Ve al bot\u00f3n Fechas y precios para ver las fechas en que se realiza este viaje. Tambi\u00e9n te dar\u00e1 informaci\u00f3n sobre el viaje de conexi\u00f3n, incluido d\u00f3nde volar y cu\u00e1ndo y d\u00f3nde unirte al barco.<\/p>\n<p>&nbsp;<\/p>\n","protected":false},"excerpt":{"rendered":"<p>Una aventura \u00fanica en la vida navegando por el Atl\u00e1ntico, desde el Caribe hasta el Reino Unido, con navegaci\u00f3n celeste en lugar de GPS. Aprende t\u00e9cnicas ancestrales, navega por mar abierto y reconecta con la naturaleza en esta aventura \u00fanica.<\/p>\n","protected":false},"featured_media":9633,"comment_status":"closed","ping_status":"closed","template":"","meta":{"_acf_changed":false,"content-type":""},"product_brand":[],"product_cat":[239,257,236,281],"product_tag":[],"class_list":{"0":"post-5234","1":"product","2":"type-product","3":"status-publish","4":"has-post-thumbnail","6":"product_cat-caribe-y-las-americas","7":"product_cat-en-alta-mar","8":"product_cat-vacaciones-de-aventura-en-velero","9":"product_cat-vacaciones-de-navegacion-al-sol-de-invierno","10":"trip_region-caribe-y-las-americas","11":"trip_region-europa-y-el-baltico","12":"trip_region-reino-unido-e-irlanda","13":"trip_type-alta-mar","14":"trip_duration-17-dias","16":"first","17":"instock","18":"shipping-taxable","19":"purchasable","20":"product-type-variable"},"acf":[],"yoast_head":"<!-- This site is optimized with the Yoast SEO Premium plugin v27.3 (Yoast SEO v27.5) - https:\/\/yoast.com\/product\/yoast-seo-premium-wordpress\/ -->\n<title>Viaje de Navegaci\u00f3n Celeste por el Atl\u00e1ntico: Bahamas a Reino Unido<\/title>\n<meta name=\"description\" content=\"Navega por el Atl\u00e1ntico desde las Bahamas hasta Inglaterra utilizando la navegaci\u00f3n celeste. Ense\u00f1anza dirigida por expertos, experiencia l\u00edder en el extranjero. \u00a1Reserva ya tu aventura!\" \/>\n<meta name=\"robots\" content=\"index, follow, max-snippet:-1, max-image-preview:large, max-video-preview:-1\" \/>\n<link rel=\"canonical\" href=\"https:\/\/www.rubicon3adventure.com\/es\/produto\/cruce-atlantico-navegacion-celeste\/\" \/>\n<meta property=\"og:locale\" content=\"es_ES\" \/>\n<meta property=\"og:type\" content=\"article\" \/>\n<meta property=\"og:title\" content=\"Viaje de Navegaci\u00f3n Celeste por el Atl\u00e1ntico: Bahamas a Reino Unido\" \/>\n<meta property=\"og:description\" content=\"Navega por el Atl\u00e1ntico desde las Bahamas hasta Inglaterra utilizando la navegaci\u00f3n celeste. Ense\u00f1anza dirigida por expertos, experiencia l\u00edder en el extranjero. \u00a1Reserva ya tu aventura!\" \/>\n<meta property=\"og:url\" content=\"https:\/\/www.rubicon3adventure.com\/es\/produto\/cruce-atlantico-navegacion-celeste\/\" \/>\n<meta property=\"og:site_name\" content=\"Rubicon 3 Adventure\" \/>\n<meta property=\"article:publisher\" content=\"https:\/\/www.facebook.com\/rubicon3sailing\" \/>\n<meta property=\"og:image\" content=\"https:\/\/www.rubicon3adventure.com\/wp-content\/uploads\/2024\/01\/celestial-atlantic-.webp\" \/>\n\t<meta property=\"og:image:width\" content=\"2242\" \/>\n\t<meta property=\"og:image:height\" content=\"1496\" \/>\n\t<meta property=\"og:image:type\" content=\"image\/webp\" \/>\n<meta name=\"twitter:card\" content=\"summary_large_image\" \/>\n<meta name=\"twitter:site\" content=\"@rubicon3sailing\" \/>\n<meta name=\"twitter:label1\" content=\"Tiempo de lectura\" \/>\n\t<meta name=\"twitter:data1\" content=\"3 minutos\" \/>\n<script type=\"application\/ld+json\" class=\"yoast-schema-graph\">{\"@context\":\"https:\\\/\\\/schema.org\",\"@graph\":[{\"@type\":\"WebPage\",\"@id\":\"https:\\\/\\\/www.rubicon3adventure.com\\\/es\\\/produto\\\/cruce-atlantico-navegacion-celeste\\\/\",\"url\":\"https:\\\/\\\/www.rubicon3adventure.com\\\/es\\\/produto\\\/cruce-atlantico-navegacion-celeste\\\/\",\"name\":\"Viaje de Navegaci\u00f3n Celeste por el Atl\u00e1ntico: Bahamas a Reino Unido\",\"isPartOf\":{\"@id\":\"https:\\\/\\\/www.rubicon3adventure.com\\\/es\\\/#website\"},\"primaryImageOfPage\":{\"@id\":\"https:\\\/\\\/www.rubicon3adventure.com\\\/es\\\/produto\\\/cruce-atlantico-navegacion-celeste\\\/#primaryimage\"},\"image\":{\"@id\":\"https:\\\/\\\/www.rubicon3adventure.com\\\/es\\\/produto\\\/cruce-atlantico-navegacion-celeste\\\/#primaryimage\"},\"thumbnailUrl\":\"https:\\\/\\\/www.rubicon3adventure.com\\\/wp-content\\\/uploads\\\/2024\\\/01\\\/crew_onboard_sara_sextant-2560.webp\",\"datePublished\":\"2024-01-17T15:51:07+00:00\",\"description\":\"Navega por el Atl\u00e1ntico desde las Bahamas hasta Inglaterra utilizando la navegaci\u00f3n celeste. Ense\u00f1anza dirigida por expertos, experiencia l\u00edder en el extranjero. \u00a1Reserva ya tu aventura!\",\"breadcrumb\":{\"@id\":\"https:\\\/\\\/www.rubicon3adventure.com\\\/es\\\/produto\\\/cruce-atlantico-navegacion-celeste\\\/#breadcrumb\"},\"inLanguage\":\"es\",\"potentialAction\":[{\"@type\":\"ReadAction\",\"target\":[\"https:\\\/\\\/www.rubicon3adventure.com\\\/es\\\/produto\\\/cruce-atlantico-navegacion-celeste\\\/\"]}]},{\"@type\":\"ImageObject\",\"inLanguage\":\"es\",\"@id\":\"https:\\\/\\\/www.rubicon3adventure.com\\\/es\\\/produto\\\/cruce-atlantico-navegacion-celeste\\\/#primaryimage\",\"url\":\"https:\\\/\\\/www.rubicon3adventure.com\\\/wp-content\\\/uploads\\\/2024\\\/01\\\/crew_onboard_sara_sextant-2560.webp\",\"contentUrl\":\"https:\\\/\\\/www.rubicon3adventure.com\\\/wp-content\\\/uploads\\\/2024\\\/01\\\/crew_onboard_sara_sextant-2560.webp\",\"width\":2560,\"height\":1440,\"caption\":\"Sextant mid atlantic ocean\"},{\"@type\":\"BreadcrumbList\",\"@id\":\"https:\\\/\\\/www.rubicon3adventure.com\\\/es\\\/produto\\\/cruce-atlantico-navegacion-celeste\\\/#breadcrumb\",\"itemListElement\":[{\"@type\":\"ListItem\",\"position\":1,\"name\":\"Tienda\",\"item\":\"https:\\\/\\\/www.rubicon3adventure.com\\\/es\\\/tienda\\\/\"},{\"@type\":\"ListItem\",\"position\":2,\"name\":\"Atraviesa el Atl\u00e1ntico utilizando la navegaci\u00f3n celeste\"}]},{\"@type\":\"WebSite\",\"@id\":\"https:\\\/\\\/www.rubicon3adventure.com\\\/es\\\/#website\",\"url\":\"https:\\\/\\\/www.rubicon3adventure.com\\\/es\\\/\",\"name\":\"Rubicon 3 Adventure\",\"description\":\"\",\"publisher\":{\"@id\":\"https:\\\/\\\/www.rubicon3adventure.com\\\/es\\\/#organization\"},\"potentialAction\":[{\"@type\":\"SearchAction\",\"target\":{\"@type\":\"EntryPoint\",\"urlTemplate\":\"https:\\\/\\\/www.rubicon3adventure.com\\\/es\\\/?s={search_term_string}\"},\"query-input\":{\"@type\":\"PropertyValueSpecification\",\"valueRequired\":true,\"valueName\":\"search_term_string\"}}],\"inLanguage\":\"es\"},{\"@type\":\"Organization\",\"@id\":\"https:\\\/\\\/www.rubicon3adventure.com\\\/es\\\/#organization\",\"name\":\"Rubicon 3 Adventures\",\"alternateName\":\"Blueco Holdings Ltd\",\"url\":\"https:\\\/\\\/www.rubicon3adventure.com\\\/es\\\/\",\"logo\":{\"@type\":\"ImageObject\",\"inLanguage\":\"es\",\"@id\":\"https:\\\/\\\/www.rubicon3adventure.com\\\/es\\\/#\\\/schema\\\/logo\\\/image\\\/\",\"url\":\"https:\\\/\\\/www.rubicon3adventure.com\\\/wp-content\\\/uploads\\\/2024\\\/03\\\/Rubicon_Schema-Image-scaled.jpg\",\"contentUrl\":\"https:\\\/\\\/www.rubicon3adventure.com\\\/wp-content\\\/uploads\\\/2024\\\/03\\\/Rubicon_Schema-Image-scaled.jpg\",\"width\":2560,\"height\":1554,\"caption\":\"Rubicon 3 Adventures\"},\"image\":{\"@id\":\"https:\\\/\\\/www.rubicon3adventure.com\\\/es\\\/#\\\/schema\\\/logo\\\/image\\\/\"},\"sameAs\":[\"https:\\\/\\\/www.facebook.com\\\/rubicon3sailing\",\"https:\\\/\\\/x.com\\\/rubicon3sailing\",\"https:\\\/\\\/www.instagram.com\\\/rubicon_3_sailing\\\/\",\"https:\\\/\\\/www.pinterest.co.uk\\\/rubicon3sailing\\\/\",\"https:\\\/\\\/www.youtube.com\\\/channel\\\/UCUVTAy1Qm4lz0uZI_83Um8A\",\"https:\\\/\\\/www.linkedin.com\\\/company\\\/rubicon-3\\\/\"]}]}<\/script>\n<!-- \/ Yoast SEO Premium plugin. -->","yoast_head_json":{"title":"Viaje de Navegaci\u00f3n Celeste por el Atl\u00e1ntico: Bahamas a Reino Unido","description":"Navega por el Atl\u00e1ntico desde las Bahamas hasta Inglaterra utilizando la navegaci\u00f3n celeste. Ense\u00f1anza dirigida por expertos, experiencia l\u00edder en el extranjero. \u00a1Reserva ya tu aventura!","robots":{"index":"index","follow":"follow","max-snippet":"max-snippet:-1","max-image-preview":"max-image-preview:large","max-video-preview":"max-video-preview:-1"},"canonical":"https:\/\/www.rubicon3adventure.com\/es\/produto\/cruce-atlantico-navegacion-celeste\/","og_locale":"es_ES","og_type":"article","og_title":"Viaje de Navegaci\u00f3n Celeste por el Atl\u00e1ntico: Bahamas a Reino Unido","og_description":"Navega por el Atl\u00e1ntico desde las Bahamas hasta Inglaterra utilizando la navegaci\u00f3n celeste. Ense\u00f1anza dirigida por expertos, experiencia l\u00edder en el extranjero. \u00a1Reserva ya tu aventura!","og_url":"https:\/\/www.rubicon3adventure.com\/es\/produto\/cruce-atlantico-navegacion-celeste\/","og_site_name":"Rubicon 3 Adventure","article_publisher":"https:\/\/www.facebook.com\/rubicon3sailing","og_image":[{"width":2242,"height":1496,"url":"https:\/\/www.rubicon3adventure.com\/wp-content\/uploads\/2024\/01\/celestial-atlantic-.webp","type":"image\/webp"}],"twitter_card":"summary_large_image","twitter_site":"@rubicon3sailing","twitter_misc":{"Tiempo de lectura":"3 minutos"},"schema":{"@context":"https:\/\/schema.org","@graph":[{"@type":"WebPage","@id":"https:\/\/www.rubicon3adventure.com\/es\/produto\/cruce-atlantico-navegacion-celeste\/","url":"https:\/\/www.rubicon3adventure.com\/es\/produto\/cruce-atlantico-navegacion-celeste\/","name":"Viaje de Navegaci\u00f3n Celeste por el Atl\u00e1ntico: Bahamas a Reino Unido","isPartOf":{"@id":"https:\/\/www.rubicon3adventure.com\/es\/#website"},"primaryImageOfPage":{"@id":"https:\/\/www.rubicon3adventure.com\/es\/produto\/cruce-atlantico-navegacion-celeste\/#primaryimage"},"image":{"@id":"https:\/\/www.rubicon3adventure.com\/es\/produto\/cruce-atlantico-navegacion-celeste\/#primaryimage"},"thumbnailUrl":"https:\/\/www.rubicon3adventure.com\/wp-content\/uploads\/2024\/01\/crew_onboard_sara_sextant-2560.webp","datePublished":"2024-01-17T15:51:07+00:00","description":"Navega por el Atl\u00e1ntico desde las Bahamas hasta Inglaterra utilizando la navegaci\u00f3n celeste. Ense\u00f1anza dirigida por expertos, experiencia l\u00edder en el extranjero. \u00a1Reserva ya tu aventura!","breadcrumb":{"@id":"https:\/\/www.rubicon3adventure.com\/es\/produto\/cruce-atlantico-navegacion-celeste\/#breadcrumb"},"inLanguage":"es","potentialAction":[{"@type":"ReadAction","target":["https:\/\/www.rubicon3adventure.com\/es\/produto\/cruce-atlantico-navegacion-celeste\/"]}]},{"@type":"ImageObject","inLanguage":"es","@id":"https:\/\/www.rubicon3adventure.com\/es\/produto\/cruce-atlantico-navegacion-celeste\/#primaryimage","url":"https:\/\/www.rubicon3adventure.com\/wp-content\/uploads\/2024\/01\/crew_onboard_sara_sextant-2560.webp","contentUrl":"https:\/\/www.rubicon3adventure.com\/wp-content\/uploads\/2024\/01\/crew_onboard_sara_sextant-2560.webp","width":2560,"height":1440,"caption":"Sextant mid atlantic ocean"},{"@type":"BreadcrumbList","@id":"https:\/\/www.rubicon3adventure.com\/es\/produto\/cruce-atlantico-navegacion-celeste\/#breadcrumb","itemListElement":[{"@type":"ListItem","position":1,"name":"Tienda","item":"https:\/\/www.rubicon3adventure.com\/es\/tienda\/"},{"@type":"ListItem","position":2,"name":"Atraviesa el Atl\u00e1ntico utilizando la navegaci\u00f3n celeste"}]},{"@type":"WebSite","@id":"https:\/\/www.rubicon3adventure.com\/es\/#website","url":"https:\/\/www.rubicon3adventure.com\/es\/","name":"Rubicon 3 Adventure","description":"","publisher":{"@id":"https:\/\/www.rubicon3adventure.com\/es\/#organization"},"potentialAction":[{"@type":"SearchAction","target":{"@type":"EntryPoint","urlTemplate":"https:\/\/www.rubicon3adventure.com\/es\/?s={search_term_string}"},"query-input":{"@type":"PropertyValueSpecification","valueRequired":true,"valueName":"search_term_string"}}],"inLanguage":"es"},{"@type":"Organization","@id":"https:\/\/www.rubicon3adventure.com\/es\/#organization","name":"Rubicon 3 Adventures","alternateName":"Blueco Holdings Ltd","url":"https:\/\/www.rubicon3adventure.com\/es\/","logo":{"@type":"ImageObject","inLanguage":"es","@id":"https:\/\/www.rubicon3adventure.com\/es\/#\/schema\/logo\/image\/","url":"https:\/\/www.rubicon3adventure.com\/wp-content\/uploads\/2024\/03\/Rubicon_Schema-Image-scaled.jpg","contentUrl":"https:\/\/www.rubicon3adventure.com\/wp-content\/uploads\/2024\/03\/Rubicon_Schema-Image-scaled.jpg","width":2560,"height":1554,"caption":"Rubicon 3 Adventures"},"image":{"@id":"https:\/\/www.rubicon3adventure.com\/es\/#\/schema\/logo\/image\/"},"sameAs":["https:\/\/www.facebook.com\/rubicon3sailing","https:\/\/x.com\/rubicon3sailing","https:\/\/www.instagram.com\/rubicon_3_sailing\/","https:\/\/www.pinterest.co.uk\/rubicon3sailing\/","https:\/\/www.youtube.com\/channel\/UCUVTAy1Qm4lz0uZI_83Um8A","https:\/\/www.linkedin.com\/company\/rubicon-3\/"]}]}},"_links":{"self":[{"href":"https:\/\/www.rubicon3adventure.com\/es\/wp-json\/wp\/v2\/product\/5234","targetHints":{"allow":["GET"]}}],"collection":[{"href":"https:\/\/www.rubicon3adventure.com\/es\/wp-json\/wp\/v2\/product"}],"about":[{"href":"https:\/\/www.rubicon3adventure.com\/es\/wp-json\/wp\/v2\/types\/product"}],"replies":[{"embeddable":true,"href":"https:\/\/www.rubicon3adventure.com\/es\/wp-json\/wp\/v2\/comments?post=5234"}],"wp:featuredmedia":[{"embeddable":true,"href":"https:\/\/www.rubicon3adventure.com\/es\/wp-json\/wp\/v2\/media\/9633"}],"wp:attachment":[{"href":"https:\/\/www.rubicon3adventure.com\/es\/wp-json\/wp\/v2\/media?parent=5234"}],"wp:term":[{"taxonomy":"product_brand","embeddable":true,"href":"https:\/\/www.rubicon3adventure.com\/es\/wp-json\/wp\/v2\/product_brand?post=5234"},{"taxonomy":"product_cat","embeddable":true,"href":"https:\/\/www.rubicon3adventure.com\/es\/wp-json\/wp\/v2\/product_cat?post=5234"},{"taxonomy":"product_tag","embeddable":true,"href":"https:\/\/www.rubicon3adventure.com\/es\/wp-json\/wp\/v2\/product_tag?post=5234"}],"curies":[{"name":"wp","href":"https:\/\/api.w.org\/{rel}","templated":true}]}}