{"id":5253,"date":"2024-01-18T10:38:26","date_gmt":"2024-01-18T10:38:26","guid":{"rendered":"https:\/\/www.rubicon3adventure.com\/product\/5-dias-navegando-por-las-islas-occidentales-de-escocia\/"},"modified":"2024-01-18T10:38:26","modified_gmt":"2024-01-18T10:38:26","slug":"5-dias-navegando-por-las-islas-occidentales-de-escocia","status":"publish","type":"product","link":"https:\/\/www.rubicon3adventure.com\/es\/produto\/5-dias-navegando-por-las-islas-occidentales-de-escocia\/","title":{"rendered":"5 d\u00edas navegando por las islas occidentales de Escocia"},"content":{"rendered":"<p data-pm-slice=\"1 1 []\">Emb\u00e1rcate en unas impresionantes vacaciones en velero por Mull, Iona y Coll, partiendo de la pintoresca Oban. Visita Tobermory, con sus emblem\u00e1ticas casas de colores. Descubre la isla de Coll, un para\u00edso para la vida marina y las aves, y las islas Treshnish, hogar de intr\u00e9pidos frailecillos. Tambi\u00e9n est\u00e1n en el itinerario la famosa Cueva de Fingal de Staffa, las impresionantes puestas de sol de Gometra y la abundante fauna de Loch na Keal. M\u00e1s adelante, exploraremos la hist\u00f3rica abad\u00eda de Iona y disfrutaremos de id\u00edlicos fondeaderos en David Balfours Bay, Fidden Bay y Ardalanish Bay, cada uno de los cuales ofrece paisajes y tranquilidad \u00fanicos. A\u00f1ade el patrimonio de Loch Buie y la oportunidad de saborear mejillones frescos en Loch Spelve, y ver\u00e1s por qu\u00e9 este itinerario por Mull, con una mezcla de fondeaderos e instalaciones de pontones, combina una gran navegaci\u00f3n, una belleza serena, una rica historia y una fauna inolvidable.<\/p>\n<h5>\u00bfPreparado para el viaje de tu vida con los mejores marineros de aventura de Europa?<\/h5>\n<p>Las expediciones de Rubic\u00f3n 3 son aut\u00e9nticas aventuras de navegaci\u00f3n m\u00e1s que vacaciones de lujo en velero. Estar\u00e1s fuera de los caminos trillados, posiblemente en mar abierto, dependiendo de la ruta que elijas y navegando hacia y explorando lugares remotos y hermosos. Los expertos instructores de Rubic\u00f3n 3 te formar\u00e1n y se asegurar\u00e1n de que participes plenamente en todos los aspectos de la experiencia, como navegar, llevar el tim\u00f3n, trimar las velas, cocinar y cuidar del yate. Como aut\u00e9ntica aventura a vela, es mucho menos predecible (\u00a1y mucho mejor!) que una experiencia empaquetada, con itinerarios planificados d\u00eda a d\u00eda y moldeados por las circunstancias locales y el tiempo. Para participar en la aventura, la tripulaci\u00f3n debe venir con la actitud adecuada, la mente abierta y el deseo de implicarse plenamente.<\/p>\n<h5>\u00bfQuieres unirte?<\/h5>\n<p>Ve al bot\u00f3n Fechas y precios para ver las fechas en que se realiza este viaje. Tambi\u00e9n te dar\u00e1 informaci\u00f3n sobre el viaje de conexi\u00f3n, incluido d\u00f3nde volar y cu\u00e1ndo y d\u00f3nde unirte al barco.<\/p>\n<p>&nbsp;<\/p>\n","protected":false},"excerpt":{"rendered":"<p>\u00danete a esta magn\u00edfica aventura en velero de 5 d\u00edas por la encantadora Isla de Mull, en la costa oeste de Escocia. Explora costas escarpadas, castillos hist\u00f3ricos y bellos fondeaderos. Descubre la vida salvaje, abraza la naturaleza y disfruta de una navegaci\u00f3n magn\u00edfica.<\/p>\n","protected":false},"featured_media":3693,"comment_status":"closed","ping_status":"closed","template":"","meta":{"_acf_changed":false,"content-type":""},"product_brand":[],"product_cat":[242,263,236],"product_tag":[],"class_list":{"0":"post-5253","1":"product","2":"type-product","3":"status-publish","4":"has-post-thumbnail","6":"product_cat-costero","7":"product_cat-reino-unido-irlanda","8":"product_cat-vacaciones-de-aventura-en-velero","9":"trip_region-reino-unido-e-irlanda","10":"trip_type-costero","11":"trip_duration-1-10-dias","13":"first","14":"instock","15":"shipping-taxable","16":"purchasable","17":"product-type-variable"},"acf":[],"yoast_head":"<!-- This site is optimized with the Yoast SEO Premium plugin v27.3 (Yoast SEO v27.3) - https:\/\/yoast.com\/product\/yoast-seo-premium-wordpress\/ -->\n<title>Navega por la costa oeste de Escocia - Un viaje por la naturaleza y la historia<\/title>\n<meta name=\"description\" content=\"Explora la Costa Oeste de Escocia a vela: paisajes impresionantes, rica fauna y flora, hermosas islas y cultura ga\u00e9lica. Tripulaci\u00f3n en solitario \/ principiantes bienvenidos\" \/>\n<meta name=\"robots\" content=\"index, follow, max-snippet:-1, max-image-preview:large, max-video-preview:-1\" \/>\n<link rel=\"canonical\" href=\"https:\/\/www.rubicon3adventure.com\/es\/produto\/5-dias-navegando-por-las-islas-occidentales-de-escocia\/\" \/>\n<meta property=\"og:locale\" content=\"es_ES\" \/>\n<meta property=\"og:type\" content=\"article\" \/>\n<meta property=\"og:title\" content=\"Navega por la costa oeste de Escocia - Un viaje por la naturaleza y la historia\" \/>\n<meta property=\"og:description\" content=\"Explora la Costa Oeste de Escocia a vela: paisajes impresionantes, rica fauna y flora, hermosas islas y cultura ga\u00e9lica. Tripulaci\u00f3n en solitario \/ principiantes bienvenidos\" \/>\n<meta property=\"og:url\" content=\"https:\/\/www.rubicon3adventure.com\/es\/produto\/5-dias-navegando-por-las-islas-occidentales-de-escocia\/\" \/>\n<meta property=\"og:site_name\" content=\"Rubicon 3 Adventure\" \/>\n<meta property=\"article:publisher\" content=\"https:\/\/www.facebook.com\/rubicon3sailing\" \/>\n<meta property=\"og:image\" content=\"https:\/\/www.rubicon3adventure.com\/wp-content\/uploads\/2024\/01\/duart-castle-mull-2560.webp\" \/>\n\t<meta property=\"og:image:width\" content=\"2560\" \/>\n\t<meta property=\"og:image:height\" content=\"1708\" \/>\n\t<meta property=\"og:image:type\" content=\"image\/webp\" \/>\n<meta name=\"twitter:card\" content=\"summary_large_image\" \/>\n<meta name=\"twitter:site\" content=\"@rubicon3sailing\" \/>\n<meta name=\"twitter:label1\" content=\"Tiempo de lectura\" \/>\n\t<meta name=\"twitter:data1\" content=\"2 minutos\" \/>\n<script type=\"application\/ld+json\" class=\"yoast-schema-graph\">{\"@context\":\"https:\\\/\\\/schema.org\",\"@graph\":[{\"@type\":\"WebPage\",\"@id\":\"https:\\\/\\\/www.rubicon3adventure.com\\\/es\\\/produto\\\/5-dias-navegando-por-las-islas-occidentales-de-escocia\\\/\",\"url\":\"https:\\\/\\\/www.rubicon3adventure.com\\\/es\\\/produto\\\/5-dias-navegando-por-las-islas-occidentales-de-escocia\\\/\",\"name\":\"Navega por la costa oeste de Escocia - Un viaje por la naturaleza y la historia\",\"isPartOf\":{\"@id\":\"https:\\\/\\\/www.rubicon3adventure.com\\\/es\\\/#website\"},\"primaryImageOfPage\":{\"@id\":\"https:\\\/\\\/www.rubicon3adventure.com\\\/es\\\/produto\\\/5-dias-navegando-por-las-islas-occidentales-de-escocia\\\/#primaryimage\"},\"image\":{\"@id\":\"https:\\\/\\\/www.rubicon3adventure.com\\\/es\\\/produto\\\/5-dias-navegando-por-las-islas-occidentales-de-escocia\\\/#primaryimage\"},\"thumbnailUrl\":\"https:\\\/\\\/www.rubicon3adventure.com\\\/wp-content\\\/uploads\\\/2024\\\/01\\\/duart-castle-mull-2560.webp\",\"datePublished\":\"2024-01-18T10:38:26+00:00\",\"description\":\"Explora la Costa Oeste de Escocia a vela: paisajes impresionantes, rica fauna y flora, hermosas islas y cultura ga\u00e9lica. Tripulaci\u00f3n en solitario \\\/ principiantes bienvenidos\",\"breadcrumb\":{\"@id\":\"https:\\\/\\\/www.rubicon3adventure.com\\\/es\\\/produto\\\/5-dias-navegando-por-las-islas-occidentales-de-escocia\\\/#breadcrumb\"},\"inLanguage\":\"es\",\"potentialAction\":[{\"@type\":\"ReadAction\",\"target\":[\"https:\\\/\\\/www.rubicon3adventure.com\\\/es\\\/produto\\\/5-dias-navegando-por-las-islas-occidentales-de-escocia\\\/\"]}]},{\"@type\":\"ImageObject\",\"inLanguage\":\"es\",\"@id\":\"https:\\\/\\\/www.rubicon3adventure.com\\\/es\\\/produto\\\/5-dias-navegando-por-las-islas-occidentales-de-escocia\\\/#primaryimage\",\"url\":\"https:\\\/\\\/www.rubicon3adventure.com\\\/wp-content\\\/uploads\\\/2024\\\/01\\\/duart-castle-mull-2560.webp\",\"contentUrl\":\"https:\\\/\\\/www.rubicon3adventure.com\\\/wp-content\\\/uploads\\\/2024\\\/01\\\/duart-castle-mull-2560.webp\",\"width\":2560,\"height\":1708,\"caption\":\"Castillo de Duart\"},{\"@type\":\"BreadcrumbList\",\"@id\":\"https:\\\/\\\/www.rubicon3adventure.com\\\/es\\\/produto\\\/5-dias-navegando-por-las-islas-occidentales-de-escocia\\\/#breadcrumb\",\"itemListElement\":[{\"@type\":\"ListItem\",\"position\":1,\"name\":\"Tienda\",\"item\":\"https:\\\/\\\/www.rubicon3adventure.com\\\/es\\\/tienda\\\/\"},{\"@type\":\"ListItem\",\"position\":2,\"name\":\"5 d\u00edas navegando por las islas occidentales de Escocia\"}]},{\"@type\":\"WebSite\",\"@id\":\"https:\\\/\\\/www.rubicon3adventure.com\\\/es\\\/#website\",\"url\":\"https:\\\/\\\/www.rubicon3adventure.com\\\/es\\\/\",\"name\":\"Rubicon 3 Adventure\",\"description\":\"\",\"publisher\":{\"@id\":\"https:\\\/\\\/www.rubicon3adventure.com\\\/es\\\/#organization\"},\"potentialAction\":[{\"@type\":\"SearchAction\",\"target\":{\"@type\":\"EntryPoint\",\"urlTemplate\":\"https:\\\/\\\/www.rubicon3adventure.com\\\/es\\\/?s={search_term_string}\"},\"query-input\":{\"@type\":\"PropertyValueSpecification\",\"valueRequired\":true,\"valueName\":\"search_term_string\"}}],\"inLanguage\":\"es\"},{\"@type\":\"Organization\",\"@id\":\"https:\\\/\\\/www.rubicon3adventure.com\\\/es\\\/#organization\",\"name\":\"Rubicon 3 Adventures\",\"alternateName\":\"Blueco Holdings Ltd\",\"url\":\"https:\\\/\\\/www.rubicon3adventure.com\\\/es\\\/\",\"logo\":{\"@type\":\"ImageObject\",\"inLanguage\":\"es\",\"@id\":\"https:\\\/\\\/www.rubicon3adventure.com\\\/es\\\/#\\\/schema\\\/logo\\\/image\\\/\",\"url\":\"https:\\\/\\\/www.rubicon3adventure.com\\\/wp-content\\\/uploads\\\/2024\\\/03\\\/Rubicon_Schema-Image-scaled.jpg\",\"contentUrl\":\"https:\\\/\\\/www.rubicon3adventure.com\\\/wp-content\\\/uploads\\\/2024\\\/03\\\/Rubicon_Schema-Image-scaled.jpg\",\"width\":2560,\"height\":1554,\"caption\":\"Rubicon 3 Adventures\"},\"image\":{\"@id\":\"https:\\\/\\\/www.rubicon3adventure.com\\\/es\\\/#\\\/schema\\\/logo\\\/image\\\/\"},\"sameAs\":[\"https:\\\/\\\/www.facebook.com\\\/rubicon3sailing\",\"https:\\\/\\\/x.com\\\/rubicon3sailing\",\"https:\\\/\\\/www.instagram.com\\\/rubicon_3_sailing\\\/\",\"https:\\\/\\\/www.pinterest.co.uk\\\/rubicon3sailing\\\/\",\"https:\\\/\\\/www.youtube.com\\\/channel\\\/UCUVTAy1Qm4lz0uZI_83Um8A\",\"https:\\\/\\\/www.linkedin.com\\\/company\\\/rubicon-3\\\/\"]}]}<\/script>\n<!-- \/ Yoast SEO Premium plugin. -->","yoast_head_json":{"title":"Navega por la costa oeste de Escocia - Un viaje por la naturaleza y la historia","description":"Explora la Costa Oeste de Escocia a vela: paisajes impresionantes, rica fauna y flora, hermosas islas y cultura ga\u00e9lica. Tripulaci\u00f3n en solitario \/ principiantes bienvenidos","robots":{"index":"index","follow":"follow","max-snippet":"max-snippet:-1","max-image-preview":"max-image-preview:large","max-video-preview":"max-video-preview:-1"},"canonical":"https:\/\/www.rubicon3adventure.com\/es\/produto\/5-dias-navegando-por-las-islas-occidentales-de-escocia\/","og_locale":"es_ES","og_type":"article","og_title":"Navega por la costa oeste de Escocia - Un viaje por la naturaleza y la historia","og_description":"Explora la Costa Oeste de Escocia a vela: paisajes impresionantes, rica fauna y flora, hermosas islas y cultura ga\u00e9lica. Tripulaci\u00f3n en solitario \/ principiantes bienvenidos","og_url":"https:\/\/www.rubicon3adventure.com\/es\/produto\/5-dias-navegando-por-las-islas-occidentales-de-escocia\/","og_site_name":"Rubicon 3 Adventure","article_publisher":"https:\/\/www.facebook.com\/rubicon3sailing","og_image":[{"width":2560,"height":1708,"url":"https:\/\/www.rubicon3adventure.com\/wp-content\/uploads\/2024\/01\/duart-castle-mull-2560.webp","type":"image\/webp"}],"twitter_card":"summary_large_image","twitter_site":"@rubicon3sailing","twitter_misc":{"Tiempo de lectura":"2 minutos"},"schema":{"@context":"https:\/\/schema.org","@graph":[{"@type":"WebPage","@id":"https:\/\/www.rubicon3adventure.com\/es\/produto\/5-dias-navegando-por-las-islas-occidentales-de-escocia\/","url":"https:\/\/www.rubicon3adventure.com\/es\/produto\/5-dias-navegando-por-las-islas-occidentales-de-escocia\/","name":"Navega por la costa oeste de Escocia - Un viaje por la naturaleza y la historia","isPartOf":{"@id":"https:\/\/www.rubicon3adventure.com\/es\/#website"},"primaryImageOfPage":{"@id":"https:\/\/www.rubicon3adventure.com\/es\/produto\/5-dias-navegando-por-las-islas-occidentales-de-escocia\/#primaryimage"},"image":{"@id":"https:\/\/www.rubicon3adventure.com\/es\/produto\/5-dias-navegando-por-las-islas-occidentales-de-escocia\/#primaryimage"},"thumbnailUrl":"https:\/\/www.rubicon3adventure.com\/wp-content\/uploads\/2024\/01\/duart-castle-mull-2560.webp","datePublished":"2024-01-18T10:38:26+00:00","description":"Explora la Costa Oeste de Escocia a vela: paisajes impresionantes, rica fauna y flora, hermosas islas y cultura ga\u00e9lica. Tripulaci\u00f3n en solitario \/ principiantes bienvenidos","breadcrumb":{"@id":"https:\/\/www.rubicon3adventure.com\/es\/produto\/5-dias-navegando-por-las-islas-occidentales-de-escocia\/#breadcrumb"},"inLanguage":"es","potentialAction":[{"@type":"ReadAction","target":["https:\/\/www.rubicon3adventure.com\/es\/produto\/5-dias-navegando-por-las-islas-occidentales-de-escocia\/"]}]},{"@type":"ImageObject","inLanguage":"es","@id":"https:\/\/www.rubicon3adventure.com\/es\/produto\/5-dias-navegando-por-las-islas-occidentales-de-escocia\/#primaryimage","url":"https:\/\/www.rubicon3adventure.com\/wp-content\/uploads\/2024\/01\/duart-castle-mull-2560.webp","contentUrl":"https:\/\/www.rubicon3adventure.com\/wp-content\/uploads\/2024\/01\/duart-castle-mull-2560.webp","width":2560,"height":1708,"caption":"Castillo de Duart"},{"@type":"BreadcrumbList","@id":"https:\/\/www.rubicon3adventure.com\/es\/produto\/5-dias-navegando-por-las-islas-occidentales-de-escocia\/#breadcrumb","itemListElement":[{"@type":"ListItem","position":1,"name":"Tienda","item":"https:\/\/www.rubicon3adventure.com\/es\/tienda\/"},{"@type":"ListItem","position":2,"name":"5 d\u00edas navegando por las islas occidentales de Escocia"}]},{"@type":"WebSite","@id":"https:\/\/www.rubicon3adventure.com\/es\/#website","url":"https:\/\/www.rubicon3adventure.com\/es\/","name":"Rubicon 3 Adventure","description":"","publisher":{"@id":"https:\/\/www.rubicon3adventure.com\/es\/#organization"},"potentialAction":[{"@type":"SearchAction","target":{"@type":"EntryPoint","urlTemplate":"https:\/\/www.rubicon3adventure.com\/es\/?s={search_term_string}"},"query-input":{"@type":"PropertyValueSpecification","valueRequired":true,"valueName":"search_term_string"}}],"inLanguage":"es"},{"@type":"Organization","@id":"https:\/\/www.rubicon3adventure.com\/es\/#organization","name":"Rubicon 3 Adventures","alternateName":"Blueco Holdings Ltd","url":"https:\/\/www.rubicon3adventure.com\/es\/","logo":{"@type":"ImageObject","inLanguage":"es","@id":"https:\/\/www.rubicon3adventure.com\/es\/#\/schema\/logo\/image\/","url":"https:\/\/www.rubicon3adventure.com\/wp-content\/uploads\/2024\/03\/Rubicon_Schema-Image-scaled.jpg","contentUrl":"https:\/\/www.rubicon3adventure.com\/wp-content\/uploads\/2024\/03\/Rubicon_Schema-Image-scaled.jpg","width":2560,"height":1554,"caption":"Rubicon 3 Adventures"},"image":{"@id":"https:\/\/www.rubicon3adventure.com\/es\/#\/schema\/logo\/image\/"},"sameAs":["https:\/\/www.facebook.com\/rubicon3sailing","https:\/\/x.com\/rubicon3sailing","https:\/\/www.instagram.com\/rubicon_3_sailing\/","https:\/\/www.pinterest.co.uk\/rubicon3sailing\/","https:\/\/www.youtube.com\/channel\/UCUVTAy1Qm4lz0uZI_83Um8A","https:\/\/www.linkedin.com\/company\/rubicon-3\/"]}]}},"_links":{"self":[{"href":"https:\/\/www.rubicon3adventure.com\/es\/wp-json\/wp\/v2\/product\/5253","targetHints":{"allow":["GET"]}}],"collection":[{"href":"https:\/\/www.rubicon3adventure.com\/es\/wp-json\/wp\/v2\/product"}],"about":[{"href":"https:\/\/www.rubicon3adventure.com\/es\/wp-json\/wp\/v2\/types\/product"}],"replies":[{"embeddable":true,"href":"https:\/\/www.rubicon3adventure.com\/es\/wp-json\/wp\/v2\/comments?post=5253"}],"wp:featuredmedia":[{"embeddable":true,"href":"https:\/\/www.rubicon3adventure.com\/es\/wp-json\/wp\/v2\/media\/3693"}],"wp:attachment":[{"href":"https:\/\/www.rubicon3adventure.com\/es\/wp-json\/wp\/v2\/media?parent=5253"}],"wp:term":[{"taxonomy":"product_brand","embeddable":true,"href":"https:\/\/www.rubicon3adventure.com\/es\/wp-json\/wp\/v2\/product_brand?post=5253"},{"taxonomy":"product_cat","embeddable":true,"href":"https:\/\/www.rubicon3adventure.com\/es\/wp-json\/wp\/v2\/product_cat?post=5253"},{"taxonomy":"product_tag","embeddable":true,"href":"https:\/\/www.rubicon3adventure.com\/es\/wp-json\/wp\/v2\/product_tag?post=5253"}],"curies":[{"name":"wp","href":"https:\/\/api.w.org\/{rel}","templated":true}]}}