{"id":5258,"date":"2024-01-18T17:17:40","date_gmt":"2024-01-18T17:17:40","guid":{"rendered":"https:\/\/www.rubicon3adventure.com\/product\/mitos-y-leyendas-santa-kilda-y-las-islas-hebridas\/"},"modified":"2024-01-18T17:17:40","modified_gmt":"2024-01-18T17:17:40","slug":"mitos-y-leyendas-santa-kilda-y-las-islas-hebridas","status":"publish","type":"product","link":"https:\/\/www.rubicon3adventure.com\/es\/produto\/mitos-y-leyendas-santa-kilda-y-las-islas-hebridas\/","title":{"rendered":"Mitos y Leyendas: Santa Kilda y las Islas H\u00e9bridas"},"content":{"rendered":"<p><span data-preserver-spaces=\"true\">Prep\u00e1rate para navegar y explorar la m\u00e1gica belleza y el escarpado archipi\u00e9lago de la Costa Oeste de Escocia y las H\u00e9bridas Exteriores, junto con un intento en la dram\u00e1tica y esquiva St Kilda. La emblem\u00e1tica costa, m\u00e1gica  <\/span>destinos insulares<span data-preserver-spaces=\"true\">y los rec\u00f3nditos lagos marinos de las islas occidentales son el escenario perfecto para las excursiones en velero. La regi\u00f3n tiene las aguas costeras m\u00e1s profundas de las Islas Brit\u00e1nicas y su rica historia, castillos, monta\u00f1as y vida salvaje hacen de estas islas remotas una mezcla de navegaci\u00f3n m\u00e1gica, belleza natural de primera clase e intriga hist\u00f3rica. Por algo son aguas famosas en todo el mundo y el escenario perfecto para unas m\u00e1gicas vacaciones de aventura en velero.<\/span><\/p>\n<h5><span data-preserver-spaces=\"true\">\u00bfPreparado para el viaje de tu vida con los mejores navegantes de aventura de Europa?<\/span><\/h5>\n<p><span data-preserver-spaces=\"true\">Las expediciones de Rubic\u00f3n 3 son aut\u00e9nticas aventuras n\u00e1uticas m\u00e1s que vacaciones n\u00e1uticas de lujo. Dependiendo de la ruta que elijas, estar\u00e1s fuera de los caminos trillados, posiblemente en mar abierto, y navegando hacia y explorando lugares remotos y hermosos. Los expertos instructores de Rubic\u00f3n 3 te formar\u00e1n y se asegurar\u00e1n de que participes plenamente en todos los aspectos de la experiencia, incluyendo la navegaci\u00f3n, el tim\u00f3n, el ajuste de las velas, la cocina y el cuidado del yate. Como aut\u00e9ntica aventura a vela, es mucho menos predecible (\u00a1y mucho mejor!) que una experiencia empaquetada, con itinerarios planificados d\u00eda a d\u00eda y moldeados por las circunstancias locales y el tiempo. Para participar en la aventura, la tripulaci\u00f3n debe tener la actitud adecuada, la mente abierta y el deseo de implicarse plenamente.<\/span><\/p>\n<h5><span data-preserver-spaces=\"true\">\u00bfQuieres unirte?<\/span><\/h5>\n<p><span data-preserver-spaces=\"true\">Ve al bot\u00f3n Fechas y Precios para ver las fechas de este viaje. Tambi\u00e9n te dar\u00e1 informaci\u00f3n sobre el viaje de conexi\u00f3n, incluido d\u00f3nde volar y cu\u00e1ndo y d\u00f3nde unirte al barco.<\/span><\/p>\n<p>&nbsp;<\/p>\n","protected":false},"excerpt":{"rendered":"<p>\u00bfSue\u00f1as con navegar hasta la m\u00edtica St Kilda? Pasa dos semanas navegando y explorando el mundialmente famoso territorio de cruceros de las islas occidentales de Escocia, con sus castillos, su historia, sus impresionantes paisajes y su fauna y flora. Si el tiempo lo permite, haremos una navegaci\u00f3n m\u00e1gica y pasaremos la noche fondeados en St Kilda.<\/p>\n","protected":false},"featured_media":3713,"comment_status":"closed","ping_status":"closed","template":"","meta":{"_acf_changed":false,"content-type":""},"product_brand":[],"product_cat":[242,263,236],"product_tag":[],"class_list":{"0":"post-5258","1":"product","2":"type-product","3":"status-publish","4":"has-post-thumbnail","6":"product_cat-costero","7":"product_cat-reino-unido-irlanda","8":"product_cat-vacaciones-de-aventura-en-velero","9":"trip_region-reino-unido-e-irlanda","10":"trip_type-costero","11":"trip_duration-11-16-dias","13":"first","14":"instock","15":"shipping-taxable","16":"purchasable","17":"product-type-variable"},"acf":[],"yoast_head":"<!-- This site is optimized with the Yoast SEO Premium plugin v27.3 (Yoast SEO v27.3) - https:\/\/yoast.com\/product\/yoast-seo-premium-wordpress\/ -->\n<title>Aventura en velero por las H\u00e9bridas y St Kilda: Las joyas ocultas de Escocia<\/title>\n<meta name=\"description\" content=\"\u00danete a nuestra aventura de navegaci\u00f3n por las H\u00e9bridas y Santa Kilda. Una embriagadora mezcla de gran navegaci\u00f3n, belleza salvaje, cultura, historia y vida salvaje. Se aceptan tripulantes solitarios.\" \/>\n<meta name=\"robots\" content=\"index, follow, max-snippet:-1, max-image-preview:large, max-video-preview:-1\" \/>\n<link rel=\"canonical\" href=\"https:\/\/www.rubicon3adventure.com\/es\/produto\/mitos-y-leyendas-santa-kilda-y-las-islas-hebridas\/\" \/>\n<meta property=\"og:locale\" content=\"es_ES\" \/>\n<meta property=\"og:type\" content=\"article\" \/>\n<meta property=\"og:title\" content=\"Aventura en velero por las H\u00e9bridas y St Kilda: Las joyas ocultas de Escocia\" \/>\n<meta property=\"og:description\" content=\"\u00danete a nuestra aventura de navegaci\u00f3n por las H\u00e9bridas y Santa Kilda. Una embriagadora mezcla de gran navegaci\u00f3n, belleza salvaje, cultura, historia y vida salvaje. Se aceptan tripulantes solitarios.\" \/>\n<meta property=\"og:url\" content=\"https:\/\/www.rubicon3adventure.com\/es\/produto\/mitos-y-leyendas-santa-kilda-y-las-islas-hebridas\/\" \/>\n<meta property=\"og:site_name\" content=\"Rubicon 3 Adventure\" \/>\n<meta property=\"article:publisher\" content=\"https:\/\/www.facebook.com\/rubicon3sailing\" \/>\n<meta property=\"og:image\" content=\"https:\/\/www.rubicon3adventure.com\/wp-content\/uploads\/2024\/01\/st-kilda-2-2560.webp\" \/>\n\t<meta property=\"og:image:width\" content=\"2560\" \/>\n\t<meta property=\"og:image:height\" content=\"1708\" \/>\n\t<meta property=\"og:image:type\" content=\"image\/webp\" \/>\n<meta name=\"twitter:card\" content=\"summary_large_image\" \/>\n<meta name=\"twitter:site\" content=\"@rubicon3sailing\" \/>\n<meta name=\"twitter:label1\" content=\"Tiempo de lectura\" \/>\n\t<meta name=\"twitter:data1\" content=\"2 minutos\" \/>\n<script type=\"application\/ld+json\" class=\"yoast-schema-graph\">{\"@context\":\"https:\\\/\\\/schema.org\",\"@graph\":[{\"@type\":\"WebPage\",\"@id\":\"https:\\\/\\\/www.rubicon3adventure.com\\\/es\\\/produto\\\/mitos-y-leyendas-santa-kilda-y-las-islas-hebridas\\\/\",\"url\":\"https:\\\/\\\/www.rubicon3adventure.com\\\/es\\\/produto\\\/mitos-y-leyendas-santa-kilda-y-las-islas-hebridas\\\/\",\"name\":\"Aventura en velero por las H\u00e9bridas y St Kilda: Las joyas ocultas de Escocia\",\"isPartOf\":{\"@id\":\"https:\\\/\\\/www.rubicon3adventure.com\\\/es\\\/#website\"},\"primaryImageOfPage\":{\"@id\":\"https:\\\/\\\/www.rubicon3adventure.com\\\/es\\\/produto\\\/mitos-y-leyendas-santa-kilda-y-las-islas-hebridas\\\/#primaryimage\"},\"image\":{\"@id\":\"https:\\\/\\\/www.rubicon3adventure.com\\\/es\\\/produto\\\/mitos-y-leyendas-santa-kilda-y-las-islas-hebridas\\\/#primaryimage\"},\"thumbnailUrl\":\"https:\\\/\\\/www.rubicon3adventure.com\\\/wp-content\\\/uploads\\\/2024\\\/01\\\/st-kilda-2-2560.webp\",\"datePublished\":\"2024-01-18T17:17:40+00:00\",\"description\":\"\u00danete a nuestra aventura de navegaci\u00f3n por las H\u00e9bridas y Santa Kilda. Una embriagadora mezcla de gran navegaci\u00f3n, belleza salvaje, cultura, historia y vida salvaje. Se aceptan tripulantes solitarios.\",\"breadcrumb\":{\"@id\":\"https:\\\/\\\/www.rubicon3adventure.com\\\/es\\\/produto\\\/mitos-y-leyendas-santa-kilda-y-las-islas-hebridas\\\/#breadcrumb\"},\"inLanguage\":\"es\",\"potentialAction\":[{\"@type\":\"ReadAction\",\"target\":[\"https:\\\/\\\/www.rubicon3adventure.com\\\/es\\\/produto\\\/mitos-y-leyendas-santa-kilda-y-las-islas-hebridas\\\/\"]}]},{\"@type\":\"ImageObject\",\"inLanguage\":\"es\",\"@id\":\"https:\\\/\\\/www.rubicon3adventure.com\\\/es\\\/produto\\\/mitos-y-leyendas-santa-kilda-y-las-islas-hebridas\\\/#primaryimage\",\"url\":\"https:\\\/\\\/www.rubicon3adventure.com\\\/wp-content\\\/uploads\\\/2024\\\/01\\\/st-kilda-2-2560.webp\",\"contentUrl\":\"https:\\\/\\\/www.rubicon3adventure.com\\\/wp-content\\\/uploads\\\/2024\\\/01\\\/st-kilda-2-2560.webp\",\"width\":2560,\"height\":1708,\"caption\":\"st kilda\"},{\"@type\":\"BreadcrumbList\",\"@id\":\"https:\\\/\\\/www.rubicon3adventure.com\\\/es\\\/produto\\\/mitos-y-leyendas-santa-kilda-y-las-islas-hebridas\\\/#breadcrumb\",\"itemListElement\":[{\"@type\":\"ListItem\",\"position\":1,\"name\":\"Tienda\",\"item\":\"https:\\\/\\\/www.rubicon3adventure.com\\\/es\\\/tienda\\\/\"},{\"@type\":\"ListItem\",\"position\":2,\"name\":\"Mitos y Leyendas: Santa Kilda y las Islas H\u00e9bridas\"}]},{\"@type\":\"WebSite\",\"@id\":\"https:\\\/\\\/www.rubicon3adventure.com\\\/es\\\/#website\",\"url\":\"https:\\\/\\\/www.rubicon3adventure.com\\\/es\\\/\",\"name\":\"Rubicon 3 Adventure\",\"description\":\"\",\"publisher\":{\"@id\":\"https:\\\/\\\/www.rubicon3adventure.com\\\/es\\\/#organization\"},\"potentialAction\":[{\"@type\":\"SearchAction\",\"target\":{\"@type\":\"EntryPoint\",\"urlTemplate\":\"https:\\\/\\\/www.rubicon3adventure.com\\\/es\\\/?s={search_term_string}\"},\"query-input\":{\"@type\":\"PropertyValueSpecification\",\"valueRequired\":true,\"valueName\":\"search_term_string\"}}],\"inLanguage\":\"es\"},{\"@type\":\"Organization\",\"@id\":\"https:\\\/\\\/www.rubicon3adventure.com\\\/es\\\/#organization\",\"name\":\"Rubicon 3 Adventures\",\"alternateName\":\"Blueco Holdings Ltd\",\"url\":\"https:\\\/\\\/www.rubicon3adventure.com\\\/es\\\/\",\"logo\":{\"@type\":\"ImageObject\",\"inLanguage\":\"es\",\"@id\":\"https:\\\/\\\/www.rubicon3adventure.com\\\/es\\\/#\\\/schema\\\/logo\\\/image\\\/\",\"url\":\"https:\\\/\\\/www.rubicon3adventure.com\\\/wp-content\\\/uploads\\\/2024\\\/03\\\/Rubicon_Schema-Image-scaled.jpg\",\"contentUrl\":\"https:\\\/\\\/www.rubicon3adventure.com\\\/wp-content\\\/uploads\\\/2024\\\/03\\\/Rubicon_Schema-Image-scaled.jpg\",\"width\":2560,\"height\":1554,\"caption\":\"Rubicon 3 Adventures\"},\"image\":{\"@id\":\"https:\\\/\\\/www.rubicon3adventure.com\\\/es\\\/#\\\/schema\\\/logo\\\/image\\\/\"},\"sameAs\":[\"https:\\\/\\\/www.facebook.com\\\/rubicon3sailing\",\"https:\\\/\\\/x.com\\\/rubicon3sailing\",\"https:\\\/\\\/www.instagram.com\\\/rubicon_3_sailing\\\/\",\"https:\\\/\\\/www.pinterest.co.uk\\\/rubicon3sailing\\\/\",\"https:\\\/\\\/www.youtube.com\\\/channel\\\/UCUVTAy1Qm4lz0uZI_83Um8A\",\"https:\\\/\\\/www.linkedin.com\\\/company\\\/rubicon-3\\\/\"]}]}<\/script>\n<!-- \/ Yoast SEO Premium plugin. -->","yoast_head_json":{"title":"Aventura en velero por las H\u00e9bridas y St Kilda: Las joyas ocultas de Escocia","description":"\u00danete a nuestra aventura de navegaci\u00f3n por las H\u00e9bridas y Santa Kilda. Una embriagadora mezcla de gran navegaci\u00f3n, belleza salvaje, cultura, historia y vida salvaje. Se aceptan tripulantes solitarios.","robots":{"index":"index","follow":"follow","max-snippet":"max-snippet:-1","max-image-preview":"max-image-preview:large","max-video-preview":"max-video-preview:-1"},"canonical":"https:\/\/www.rubicon3adventure.com\/es\/produto\/mitos-y-leyendas-santa-kilda-y-las-islas-hebridas\/","og_locale":"es_ES","og_type":"article","og_title":"Aventura en velero por las H\u00e9bridas y St Kilda: Las joyas ocultas de Escocia","og_description":"\u00danete a nuestra aventura de navegaci\u00f3n por las H\u00e9bridas y Santa Kilda. Una embriagadora mezcla de gran navegaci\u00f3n, belleza salvaje, cultura, historia y vida salvaje. Se aceptan tripulantes solitarios.","og_url":"https:\/\/www.rubicon3adventure.com\/es\/produto\/mitos-y-leyendas-santa-kilda-y-las-islas-hebridas\/","og_site_name":"Rubicon 3 Adventure","article_publisher":"https:\/\/www.facebook.com\/rubicon3sailing","og_image":[{"width":2560,"height":1708,"url":"https:\/\/www.rubicon3adventure.com\/wp-content\/uploads\/2024\/01\/st-kilda-2-2560.webp","type":"image\/webp"}],"twitter_card":"summary_large_image","twitter_site":"@rubicon3sailing","twitter_misc":{"Tiempo de lectura":"2 minutos"},"schema":{"@context":"https:\/\/schema.org","@graph":[{"@type":"WebPage","@id":"https:\/\/www.rubicon3adventure.com\/es\/produto\/mitos-y-leyendas-santa-kilda-y-las-islas-hebridas\/","url":"https:\/\/www.rubicon3adventure.com\/es\/produto\/mitos-y-leyendas-santa-kilda-y-las-islas-hebridas\/","name":"Aventura en velero por las H\u00e9bridas y St Kilda: Las joyas ocultas de Escocia","isPartOf":{"@id":"https:\/\/www.rubicon3adventure.com\/es\/#website"},"primaryImageOfPage":{"@id":"https:\/\/www.rubicon3adventure.com\/es\/produto\/mitos-y-leyendas-santa-kilda-y-las-islas-hebridas\/#primaryimage"},"image":{"@id":"https:\/\/www.rubicon3adventure.com\/es\/produto\/mitos-y-leyendas-santa-kilda-y-las-islas-hebridas\/#primaryimage"},"thumbnailUrl":"https:\/\/www.rubicon3adventure.com\/wp-content\/uploads\/2024\/01\/st-kilda-2-2560.webp","datePublished":"2024-01-18T17:17:40+00:00","description":"\u00danete a nuestra aventura de navegaci\u00f3n por las H\u00e9bridas y Santa Kilda. Una embriagadora mezcla de gran navegaci\u00f3n, belleza salvaje, cultura, historia y vida salvaje. Se aceptan tripulantes solitarios.","breadcrumb":{"@id":"https:\/\/www.rubicon3adventure.com\/es\/produto\/mitos-y-leyendas-santa-kilda-y-las-islas-hebridas\/#breadcrumb"},"inLanguage":"es","potentialAction":[{"@type":"ReadAction","target":["https:\/\/www.rubicon3adventure.com\/es\/produto\/mitos-y-leyendas-santa-kilda-y-las-islas-hebridas\/"]}]},{"@type":"ImageObject","inLanguage":"es","@id":"https:\/\/www.rubicon3adventure.com\/es\/produto\/mitos-y-leyendas-santa-kilda-y-las-islas-hebridas\/#primaryimage","url":"https:\/\/www.rubicon3adventure.com\/wp-content\/uploads\/2024\/01\/st-kilda-2-2560.webp","contentUrl":"https:\/\/www.rubicon3adventure.com\/wp-content\/uploads\/2024\/01\/st-kilda-2-2560.webp","width":2560,"height":1708,"caption":"st kilda"},{"@type":"BreadcrumbList","@id":"https:\/\/www.rubicon3adventure.com\/es\/produto\/mitos-y-leyendas-santa-kilda-y-las-islas-hebridas\/#breadcrumb","itemListElement":[{"@type":"ListItem","position":1,"name":"Tienda","item":"https:\/\/www.rubicon3adventure.com\/es\/tienda\/"},{"@type":"ListItem","position":2,"name":"Mitos y Leyendas: Santa Kilda y las Islas H\u00e9bridas"}]},{"@type":"WebSite","@id":"https:\/\/www.rubicon3adventure.com\/es\/#website","url":"https:\/\/www.rubicon3adventure.com\/es\/","name":"Rubicon 3 Adventure","description":"","publisher":{"@id":"https:\/\/www.rubicon3adventure.com\/es\/#organization"},"potentialAction":[{"@type":"SearchAction","target":{"@type":"EntryPoint","urlTemplate":"https:\/\/www.rubicon3adventure.com\/es\/?s={search_term_string}"},"query-input":{"@type":"PropertyValueSpecification","valueRequired":true,"valueName":"search_term_string"}}],"inLanguage":"es"},{"@type":"Organization","@id":"https:\/\/www.rubicon3adventure.com\/es\/#organization","name":"Rubicon 3 Adventures","alternateName":"Blueco Holdings Ltd","url":"https:\/\/www.rubicon3adventure.com\/es\/","logo":{"@type":"ImageObject","inLanguage":"es","@id":"https:\/\/www.rubicon3adventure.com\/es\/#\/schema\/logo\/image\/","url":"https:\/\/www.rubicon3adventure.com\/wp-content\/uploads\/2024\/03\/Rubicon_Schema-Image-scaled.jpg","contentUrl":"https:\/\/www.rubicon3adventure.com\/wp-content\/uploads\/2024\/03\/Rubicon_Schema-Image-scaled.jpg","width":2560,"height":1554,"caption":"Rubicon 3 Adventures"},"image":{"@id":"https:\/\/www.rubicon3adventure.com\/es\/#\/schema\/logo\/image\/"},"sameAs":["https:\/\/www.facebook.com\/rubicon3sailing","https:\/\/x.com\/rubicon3sailing","https:\/\/www.instagram.com\/rubicon_3_sailing\/","https:\/\/www.pinterest.co.uk\/rubicon3sailing\/","https:\/\/www.youtube.com\/channel\/UCUVTAy1Qm4lz0uZI_83Um8A","https:\/\/www.linkedin.com\/company\/rubicon-3\/"]}]}},"_links":{"self":[{"href":"https:\/\/www.rubicon3adventure.com\/es\/wp-json\/wp\/v2\/product\/5258","targetHints":{"allow":["GET"]}}],"collection":[{"href":"https:\/\/www.rubicon3adventure.com\/es\/wp-json\/wp\/v2\/product"}],"about":[{"href":"https:\/\/www.rubicon3adventure.com\/es\/wp-json\/wp\/v2\/types\/product"}],"replies":[{"embeddable":true,"href":"https:\/\/www.rubicon3adventure.com\/es\/wp-json\/wp\/v2\/comments?post=5258"}],"wp:featuredmedia":[{"embeddable":true,"href":"https:\/\/www.rubicon3adventure.com\/es\/wp-json\/wp\/v2\/media\/3713"}],"wp:attachment":[{"href":"https:\/\/www.rubicon3adventure.com\/es\/wp-json\/wp\/v2\/media?parent=5258"}],"wp:term":[{"taxonomy":"product_brand","embeddable":true,"href":"https:\/\/www.rubicon3adventure.com\/es\/wp-json\/wp\/v2\/product_brand?post=5258"},{"taxonomy":"product_cat","embeddable":true,"href":"https:\/\/www.rubicon3adventure.com\/es\/wp-json\/wp\/v2\/product_cat?post=5258"},{"taxonomy":"product_tag","embeddable":true,"href":"https:\/\/www.rubicon3adventure.com\/es\/wp-json\/wp\/v2\/product_tag?post=5258"}],"curies":[{"name":"wp","href":"https:\/\/api.w.org\/{rel}","templated":true}]}}