{"id":5274,"date":"2024-01-18T13:01:45","date_gmt":"2024-01-18T13:01:45","guid":{"rendered":"https:\/\/www.rubicon3adventure.com\/product\/del-caribe-a-eeuu\/"},"modified":"2024-01-18T13:01:45","modified_gmt":"2024-01-18T13:01:45","slug":"del-caribe-a-eeuu","status":"publish","type":"product","link":"https:\/\/www.rubicon3adventure.com\/es\/produto\/del-caribe-a-eeuu\/","title":{"rendered":"Navegaci\u00f3n en alta mar de las Bahamas a Nueva York"},"content":{"rendered":"<p><span data-preserver-spaces=\"true\">\u00bfListo para cambiar las playas ba\u00f1adas por el sol por deslumbrantes rascacielos? Emb\u00e1rcate en una inolvidable aventura de navegaci\u00f3n en alta mar desde las Bahamas hasta Nueva York. Esta traves\u00eda de 950 millas n\u00e1uticas es una aventura realmente emocionante que comienza con un entrenamiento en las Bahamas. Despu\u00e9s, zarpamos hacia el norte, hacia el vasto oc\u00e9ano Atl\u00e1ntico, presenciando amaneceres impresionantes, noches estrelladas y horizontes infinitos. Navegando hacia el norte por la costa este de EEUU, pasamos por los Cayos de Florida, Cabo Ca\u00f1averal y Norfolk (Virginia), conocida por su historia mar\u00edtima y por la Marina de EEUU. Podemos explorar encantadoras ciudades costeras y las playas v\u00edrgenes de Delaware si el tiempo lo permite. Finalmente, navegamos hacia el puerto de Nueva York, saludados por la Estatua de la Libertad, con el horizonte de Manhattan marcando el final de nuestro \u00e9pico viaje en velero.<\/span><\/p>\n<h4><span data-preserver-spaces=\"true\">\u00bfPreparado para la aventura de tu vida con los expertos en navegaci\u00f3n de altura?<\/span><\/h4>\n<p><span data-preserver-spaces=\"true\">Rubicon 3 es conocida como la empresa experta en navegaci\u00f3n en alta mar, reconocida en el mundo de la navegaci\u00f3n por su amplia experiencia, su completa formaci\u00f3n y su dedicaci\u00f3n a la aventura y el descubrimiento. Nuestro equipo de expertos, con gran experiencia en traves\u00edas oce\u00e1nicas, ofrece instrucci\u00f3n pr\u00e1ctica en todos los aspectos de la navegaci\u00f3n oce\u00e1nica, atendiendo tanto a los que se inician en la navegaci\u00f3n oce\u00e1nica como a los navegantes m\u00e1s experimentados, y convirtiendo a Rubic\u00f3n 3 en la escuela de navegaci\u00f3n oce\u00e1nica m\u00e1s renombrada.<\/span><\/p>\n<p><span data-preserver-spaces=\"true\">Nuestra selecci\u00f3n de rutas \u00fanicas y menos transitadas nos distingue, garantizando una navegaci\u00f3n oce\u00e1nica y de altura estimulante y llena de descubrimientos. Nuestra \u00e9tica es un compromiso inquebrantable con la seguridad y la sostenibilidad medioambiental, garantizando que cada viaje respete a los marineros y al mar. Adem\u00e1s, estamos igual de centrados en desarrollar habilidades de navegaci\u00f3n en alta mar, por lo que todo el mundo participa plenamente en todos los aspectos de la traves\u00eda. Este enfoque hol\u00edstico ha forjado la reputaci\u00f3n de Rubicon 3 como expertos a los que acudir para cualquiera que busque el m\u00e1s alto nivel de navegaci\u00f3n en alta mar.<\/span><\/p>\n<h4><span data-preserver-spaces=\"true\">\u00bfQuieres unirte?<\/span><\/h4>\n<p><span data-preserver-spaces=\"true\">Ve al bot\u00f3n Fechas y Precios para ver las fechas de este viaje. Tambi\u00e9n te dar\u00e1 informaci\u00f3n sobre el viaje de conexi\u00f3n, incluido d\u00f3nde volar y cu\u00e1ndo y d\u00f3nde unirte al barco.<\/span><\/p>\n<p>&nbsp;<\/p>\n","protected":false},"excerpt":{"rendered":"<p>Tripulaci\u00f3n en un viaje \u00e9pico desde las Bahamas hasta Nueva York, EEUU, una aventura de 950 millas n\u00e1uticas mar adentro. S\u00e9 testigo de impresionantes amaneceres, prueba la navegaci\u00f3n celeste y sum\u00e9rgete en la emoci\u00f3n de la navegaci\u00f3n de altura.<\/p>\n","protected":false},"featured_media":3711,"comment_status":"closed","ping_status":"closed","template":"","meta":{"_acf_changed":false,"content-type":""},"product_brand":[],"product_cat":[239,257,236,281],"product_tag":[],"class_list":{"0":"post-5274","1":"product","2":"type-product","3":"status-publish","4":"has-post-thumbnail","6":"product_cat-caribe-y-las-americas","7":"product_cat-en-alta-mar","8":"product_cat-vacaciones-de-aventura-en-velero","9":"product_cat-vacaciones-de-navegacion-al-sol-de-invierno","10":"trip_region-caribe-y-las-americas","11":"trip_type-alta-mar","12":"trip_duration-17-dias","14":"first","15":"instock","16":"shipping-taxable","17":"purchasable","18":"product-type-variable"},"acf":[],"yoast_head":"<!-- This site is optimized with the Yoast SEO Premium plugin v27.3 (Yoast SEO v27.3) - https:\/\/yoast.com\/product\/yoast-seo-premium-wordpress\/ -->\n<title>Navegaci\u00f3n en alta mar. \u00a1Caribe a Nueva York! Tripulaci\u00f3n en solitario Bienvenida<\/title>\n<meta name=\"description\" content=\"Navega desde las Bahamas hasta Nueva York en una aventura de 950 millas mar adentro. Se aceptan tripulantes solitarios. Ruta ic\u00f3nica con Rubic\u00f3n 3, los expertos en navegaci\u00f3n de altura\" \/>\n<meta name=\"robots\" content=\"index, follow, max-snippet:-1, max-image-preview:large, max-video-preview:-1\" \/>\n<link rel=\"canonical\" href=\"https:\/\/www.rubicon3adventure.com\/es\/produto\/del-caribe-a-eeuu\/\" \/>\n<meta property=\"og:locale\" content=\"es_ES\" \/>\n<meta property=\"og:type\" content=\"article\" \/>\n<meta property=\"og:title\" content=\"Navegaci\u00f3n en alta mar. \u00a1Caribe a Nueva York! Tripulaci\u00f3n en solitario Bienvenida\" \/>\n<meta property=\"og:description\" content=\"Navega desde las Bahamas hasta Nueva York en una aventura de 950 millas mar adentro. Se aceptan tripulantes solitarios. Ruta ic\u00f3nica con Rubic\u00f3n 3, los expertos en navegaci\u00f3n de altura\" \/>\n<meta property=\"og:url\" content=\"https:\/\/www.rubicon3adventure.com\/es\/produto\/del-caribe-a-eeuu\/\" \/>\n<meta property=\"og:site_name\" content=\"Rubicon 3 Adventure\" \/>\n<meta property=\"article:publisher\" content=\"https:\/\/www.facebook.com\/rubicon3sailing\" \/>\n<meta property=\"og:image\" content=\"https:\/\/www.rubicon3adventure.com\/wp-content\/uploads\/2024\/01\/new-york-1000x1000-1-1.webp\" \/>\n\t<meta property=\"og:image:width\" content=\"1000\" \/>\n\t<meta property=\"og:image:height\" content=\"1000\" \/>\n\t<meta property=\"og:image:type\" content=\"image\/webp\" \/>\n<meta name=\"twitter:card\" content=\"summary_large_image\" \/>\n<meta name=\"twitter:site\" content=\"@rubicon3sailing\" \/>\n<meta name=\"twitter:label1\" content=\"Tiempo de lectura\" \/>\n\t<meta name=\"twitter:data1\" content=\"2 minutos\" \/>\n<script type=\"application\/ld+json\" class=\"yoast-schema-graph\">{\"@context\":\"https:\\\/\\\/schema.org\",\"@graph\":[{\"@type\":\"WebPage\",\"@id\":\"https:\\\/\\\/www.rubicon3adventure.com\\\/es\\\/produto\\\/del-caribe-a-eeuu\\\/\",\"url\":\"https:\\\/\\\/www.rubicon3adventure.com\\\/es\\\/produto\\\/del-caribe-a-eeuu\\\/\",\"name\":\"Navegaci\u00f3n en alta mar. \u00a1Caribe a Nueva York! Tripulaci\u00f3n en solitario Bienvenida\",\"isPartOf\":{\"@id\":\"https:\\\/\\\/www.rubicon3adventure.com\\\/es\\\/#website\"},\"primaryImageOfPage\":{\"@id\":\"https:\\\/\\\/www.rubicon3adventure.com\\\/es\\\/produto\\\/del-caribe-a-eeuu\\\/#primaryimage\"},\"image\":{\"@id\":\"https:\\\/\\\/www.rubicon3adventure.com\\\/es\\\/produto\\\/del-caribe-a-eeuu\\\/#primaryimage\"},\"thumbnailUrl\":\"https:\\\/\\\/www.rubicon3adventure.com\\\/wp-content\\\/uploads\\\/2024\\\/01\\\/new-york-1000x1000-1-1.webp\",\"datePublished\":\"2024-01-18T13:01:45+00:00\",\"description\":\"Navega desde las Bahamas hasta Nueva York en una aventura de 950 millas mar adentro. Se aceptan tripulantes solitarios. Ruta ic\u00f3nica con Rubic\u00f3n 3, los expertos en navegaci\u00f3n de altura\",\"breadcrumb\":{\"@id\":\"https:\\\/\\\/www.rubicon3adventure.com\\\/es\\\/produto\\\/del-caribe-a-eeuu\\\/#breadcrumb\"},\"inLanguage\":\"es\",\"potentialAction\":[{\"@type\":\"ReadAction\",\"target\":[\"https:\\\/\\\/www.rubicon3adventure.com\\\/es\\\/produto\\\/del-caribe-a-eeuu\\\/\"]}]},{\"@type\":\"ImageObject\",\"inLanguage\":\"es\",\"@id\":\"https:\\\/\\\/www.rubicon3adventure.com\\\/es\\\/produto\\\/del-caribe-a-eeuu\\\/#primaryimage\",\"url\":\"https:\\\/\\\/www.rubicon3adventure.com\\\/wp-content\\\/uploads\\\/2024\\\/01\\\/new-york-1000x1000-1-1.webp\",\"contentUrl\":\"https:\\\/\\\/www.rubicon3adventure.com\\\/wp-content\\\/uploads\\\/2024\\\/01\\\/new-york-1000x1000-1-1.webp\",\"width\":1000,\"height\":1000,\"caption\":\"Navegando hacia nueva york\"},{\"@type\":\"BreadcrumbList\",\"@id\":\"https:\\\/\\\/www.rubicon3adventure.com\\\/es\\\/produto\\\/del-caribe-a-eeuu\\\/#breadcrumb\",\"itemListElement\":[{\"@type\":\"ListItem\",\"position\":1,\"name\":\"Tienda\",\"item\":\"https:\\\/\\\/www.rubicon3adventure.com\\\/es\\\/tienda\\\/\"},{\"@type\":\"ListItem\",\"position\":2,\"name\":\"Navegaci\u00f3n en alta mar de las Bahamas a Nueva York\"}]},{\"@type\":\"WebSite\",\"@id\":\"https:\\\/\\\/www.rubicon3adventure.com\\\/es\\\/#website\",\"url\":\"https:\\\/\\\/www.rubicon3adventure.com\\\/es\\\/\",\"name\":\"Rubicon 3 Adventure\",\"description\":\"\",\"publisher\":{\"@id\":\"https:\\\/\\\/www.rubicon3adventure.com\\\/es\\\/#organization\"},\"potentialAction\":[{\"@type\":\"SearchAction\",\"target\":{\"@type\":\"EntryPoint\",\"urlTemplate\":\"https:\\\/\\\/www.rubicon3adventure.com\\\/es\\\/?s={search_term_string}\"},\"query-input\":{\"@type\":\"PropertyValueSpecification\",\"valueRequired\":true,\"valueName\":\"search_term_string\"}}],\"inLanguage\":\"es\"},{\"@type\":\"Organization\",\"@id\":\"https:\\\/\\\/www.rubicon3adventure.com\\\/es\\\/#organization\",\"name\":\"Rubicon 3 Adventures\",\"alternateName\":\"Blueco Holdings Ltd\",\"url\":\"https:\\\/\\\/www.rubicon3adventure.com\\\/es\\\/\",\"logo\":{\"@type\":\"ImageObject\",\"inLanguage\":\"es\",\"@id\":\"https:\\\/\\\/www.rubicon3adventure.com\\\/es\\\/#\\\/schema\\\/logo\\\/image\\\/\",\"url\":\"https:\\\/\\\/www.rubicon3adventure.com\\\/wp-content\\\/uploads\\\/2024\\\/03\\\/Rubicon_Schema-Image-scaled.jpg\",\"contentUrl\":\"https:\\\/\\\/www.rubicon3adventure.com\\\/wp-content\\\/uploads\\\/2024\\\/03\\\/Rubicon_Schema-Image-scaled.jpg\",\"width\":2560,\"height\":1554,\"caption\":\"Rubicon 3 Adventures\"},\"image\":{\"@id\":\"https:\\\/\\\/www.rubicon3adventure.com\\\/es\\\/#\\\/schema\\\/logo\\\/image\\\/\"},\"sameAs\":[\"https:\\\/\\\/www.facebook.com\\\/rubicon3sailing\",\"https:\\\/\\\/x.com\\\/rubicon3sailing\",\"https:\\\/\\\/www.instagram.com\\\/rubicon_3_sailing\\\/\",\"https:\\\/\\\/www.pinterest.co.uk\\\/rubicon3sailing\\\/\",\"https:\\\/\\\/www.youtube.com\\\/channel\\\/UCUVTAy1Qm4lz0uZI_83Um8A\",\"https:\\\/\\\/www.linkedin.com\\\/company\\\/rubicon-3\\\/\"]}]}<\/script>\n<!-- \/ Yoast SEO Premium plugin. -->","yoast_head_json":{"title":"Navegaci\u00f3n en alta mar. \u00a1Caribe a Nueva York! Tripulaci\u00f3n en solitario Bienvenida","description":"Navega desde las Bahamas hasta Nueva York en una aventura de 950 millas mar adentro. Se aceptan tripulantes solitarios. Ruta ic\u00f3nica con Rubic\u00f3n 3, los expertos en navegaci\u00f3n de altura","robots":{"index":"index","follow":"follow","max-snippet":"max-snippet:-1","max-image-preview":"max-image-preview:large","max-video-preview":"max-video-preview:-1"},"canonical":"https:\/\/www.rubicon3adventure.com\/es\/produto\/del-caribe-a-eeuu\/","og_locale":"es_ES","og_type":"article","og_title":"Navegaci\u00f3n en alta mar. \u00a1Caribe a Nueva York! Tripulaci\u00f3n en solitario Bienvenida","og_description":"Navega desde las Bahamas hasta Nueva York en una aventura de 950 millas mar adentro. Se aceptan tripulantes solitarios. Ruta ic\u00f3nica con Rubic\u00f3n 3, los expertos en navegaci\u00f3n de altura","og_url":"https:\/\/www.rubicon3adventure.com\/es\/produto\/del-caribe-a-eeuu\/","og_site_name":"Rubicon 3 Adventure","article_publisher":"https:\/\/www.facebook.com\/rubicon3sailing","og_image":[{"width":1000,"height":1000,"url":"https:\/\/www.rubicon3adventure.com\/wp-content\/uploads\/2024\/01\/new-york-1000x1000-1-1.webp","type":"image\/webp"}],"twitter_card":"summary_large_image","twitter_site":"@rubicon3sailing","twitter_misc":{"Tiempo de lectura":"2 minutos"},"schema":{"@context":"https:\/\/schema.org","@graph":[{"@type":"WebPage","@id":"https:\/\/www.rubicon3adventure.com\/es\/produto\/del-caribe-a-eeuu\/","url":"https:\/\/www.rubicon3adventure.com\/es\/produto\/del-caribe-a-eeuu\/","name":"Navegaci\u00f3n en alta mar. \u00a1Caribe a Nueva York! Tripulaci\u00f3n en solitario Bienvenida","isPartOf":{"@id":"https:\/\/www.rubicon3adventure.com\/es\/#website"},"primaryImageOfPage":{"@id":"https:\/\/www.rubicon3adventure.com\/es\/produto\/del-caribe-a-eeuu\/#primaryimage"},"image":{"@id":"https:\/\/www.rubicon3adventure.com\/es\/produto\/del-caribe-a-eeuu\/#primaryimage"},"thumbnailUrl":"https:\/\/www.rubicon3adventure.com\/wp-content\/uploads\/2024\/01\/new-york-1000x1000-1-1.webp","datePublished":"2024-01-18T13:01:45+00:00","description":"Navega desde las Bahamas hasta Nueva York en una aventura de 950 millas mar adentro. Se aceptan tripulantes solitarios. Ruta ic\u00f3nica con Rubic\u00f3n 3, los expertos en navegaci\u00f3n de altura","breadcrumb":{"@id":"https:\/\/www.rubicon3adventure.com\/es\/produto\/del-caribe-a-eeuu\/#breadcrumb"},"inLanguage":"es","potentialAction":[{"@type":"ReadAction","target":["https:\/\/www.rubicon3adventure.com\/es\/produto\/del-caribe-a-eeuu\/"]}]},{"@type":"ImageObject","inLanguage":"es","@id":"https:\/\/www.rubicon3adventure.com\/es\/produto\/del-caribe-a-eeuu\/#primaryimage","url":"https:\/\/www.rubicon3adventure.com\/wp-content\/uploads\/2024\/01\/new-york-1000x1000-1-1.webp","contentUrl":"https:\/\/www.rubicon3adventure.com\/wp-content\/uploads\/2024\/01\/new-york-1000x1000-1-1.webp","width":1000,"height":1000,"caption":"Navegando hacia nueva york"},{"@type":"BreadcrumbList","@id":"https:\/\/www.rubicon3adventure.com\/es\/produto\/del-caribe-a-eeuu\/#breadcrumb","itemListElement":[{"@type":"ListItem","position":1,"name":"Tienda","item":"https:\/\/www.rubicon3adventure.com\/es\/tienda\/"},{"@type":"ListItem","position":2,"name":"Navegaci\u00f3n en alta mar de las Bahamas a Nueva York"}]},{"@type":"WebSite","@id":"https:\/\/www.rubicon3adventure.com\/es\/#website","url":"https:\/\/www.rubicon3adventure.com\/es\/","name":"Rubicon 3 Adventure","description":"","publisher":{"@id":"https:\/\/www.rubicon3adventure.com\/es\/#organization"},"potentialAction":[{"@type":"SearchAction","target":{"@type":"EntryPoint","urlTemplate":"https:\/\/www.rubicon3adventure.com\/es\/?s={search_term_string}"},"query-input":{"@type":"PropertyValueSpecification","valueRequired":true,"valueName":"search_term_string"}}],"inLanguage":"es"},{"@type":"Organization","@id":"https:\/\/www.rubicon3adventure.com\/es\/#organization","name":"Rubicon 3 Adventures","alternateName":"Blueco Holdings Ltd","url":"https:\/\/www.rubicon3adventure.com\/es\/","logo":{"@type":"ImageObject","inLanguage":"es","@id":"https:\/\/www.rubicon3adventure.com\/es\/#\/schema\/logo\/image\/","url":"https:\/\/www.rubicon3adventure.com\/wp-content\/uploads\/2024\/03\/Rubicon_Schema-Image-scaled.jpg","contentUrl":"https:\/\/www.rubicon3adventure.com\/wp-content\/uploads\/2024\/03\/Rubicon_Schema-Image-scaled.jpg","width":2560,"height":1554,"caption":"Rubicon 3 Adventures"},"image":{"@id":"https:\/\/www.rubicon3adventure.com\/es\/#\/schema\/logo\/image\/"},"sameAs":["https:\/\/www.facebook.com\/rubicon3sailing","https:\/\/x.com\/rubicon3sailing","https:\/\/www.instagram.com\/rubicon_3_sailing\/","https:\/\/www.pinterest.co.uk\/rubicon3sailing\/","https:\/\/www.youtube.com\/channel\/UCUVTAy1Qm4lz0uZI_83Um8A","https:\/\/www.linkedin.com\/company\/rubicon-3\/"]}]}},"_links":{"self":[{"href":"https:\/\/www.rubicon3adventure.com\/es\/wp-json\/wp\/v2\/product\/5274","targetHints":{"allow":["GET"]}}],"collection":[{"href":"https:\/\/www.rubicon3adventure.com\/es\/wp-json\/wp\/v2\/product"}],"about":[{"href":"https:\/\/www.rubicon3adventure.com\/es\/wp-json\/wp\/v2\/types\/product"}],"replies":[{"embeddable":true,"href":"https:\/\/www.rubicon3adventure.com\/es\/wp-json\/wp\/v2\/comments?post=5274"}],"wp:featuredmedia":[{"embeddable":true,"href":"https:\/\/www.rubicon3adventure.com\/es\/wp-json\/wp\/v2\/media\/3711"}],"wp:attachment":[{"href":"https:\/\/www.rubicon3adventure.com\/es\/wp-json\/wp\/v2\/media?parent=5274"}],"wp:term":[{"taxonomy":"product_brand","embeddable":true,"href":"https:\/\/www.rubicon3adventure.com\/es\/wp-json\/wp\/v2\/product_brand?post=5274"},{"taxonomy":"product_cat","embeddable":true,"href":"https:\/\/www.rubicon3adventure.com\/es\/wp-json\/wp\/v2\/product_cat?post=5274"},{"taxonomy":"product_tag","embeddable":true,"href":"https:\/\/www.rubicon3adventure.com\/es\/wp-json\/wp\/v2\/product_tag?post=5274"}],"curies":[{"name":"wp","href":"https:\/\/api.w.org\/{rel}","templated":true}]}}