{"id":6444,"date":"2024-09-11T09:43:56","date_gmt":"2024-09-11T08:43:56","guid":{"rendered":"https:\/\/www.rubicon3adventure.com\/?post_type=product&#038;p=6444"},"modified":"2024-09-12T08:58:18","modified_gmt":"2024-09-12T07:58:18","slug":"islas-salvajes-de-escocia-a-noruega-copy-copy","status":"publish","type":"product","link":"https:\/\/www.rubicon3adventure.com\/es\/produto\/islas-salvajes-de-escocia-a-noruega-copy-copy\/","title":{"rendered":"Islas Salvajes de Escocia a Noruega (Copy) (Copy)"},"content":{"rendered":"<p><span data-preserver-spaces=\"true\">La aventura De las Islas Salvajes a Noruega es una cautivadora navegaci\u00f3n por los archipi\u00e9lagos m\u00e1s remotos y bellos de Escocia: las H\u00e9bridas, las Orcadas, Fair Isle y las Shetland, estas \u00faltimas islas tambi\u00e9n conocidas como las Islas del Norte. Descubrir\u00e1s la belleza agreste de estas islas salvajes y azotadas por el viento desde el punto de vista \u00fanico del mar. Tocaremos tierra en muchos lugares para explorar las Orcadas, la Isla Fair y los paisajes descarnados y dram\u00e1ticos de las Shetland. A continuaci\u00f3n, navegaremos 200 millas hasta la costa de Noruega, y terminaremos explorando el encantador y hermoso litoral. Las Islas Salvajes a Noruega es una oportunidad \u00fanica de descubrir todas estas islas en una aventura asombrosa.<\/span><\/p>\n<h5><span data-preserver-spaces=\"true\">\u00bfPreparado para el viaje de tu vida con los mejores navegantes de aventura de Europa?<\/span><\/h5>\n<p><span data-preserver-spaces=\"true\">Las expediciones de Rubic\u00f3n 3 son aut\u00e9nticas aventuras n\u00e1uticas m\u00e1s que vacaciones n\u00e1uticas de lujo. Dependiendo de la ruta que elijas, estar\u00e1s fuera de los caminos trillados, posiblemente en mar abierto, navegando y explorando lugares remotos y hermosos. Los expertos instructores de Rubic\u00f3n 3 te formar\u00e1n y se asegurar\u00e1n de que participes plenamente en todos los aspectos de la experiencia, incluyendo la navegaci\u00f3n, el tim\u00f3n, el ajuste de las velas, la cocina y el cuidado del yate. Como aut\u00e9ntica aventura a vela, es mucho menos predecible (\u00a1y mucho mejor!) que una experiencia empaquetada, con itinerarios planificados d\u00eda a d\u00eda y moldeados por las circunstancias locales y el tiempo. Para participar en la aventura, lo \u00fanico que pedimos es que la tripulaci\u00f3n tenga la actitud adecuada, ganas de aventura y voluntad de implicarse plenamente.<\/span><\/p>\n<h5><span data-preserver-spaces=\"true\">\u00bfQuieres unirte?<\/span><\/h5>\n<p><span data-preserver-spaces=\"true\">Ve al bot\u00f3n Fechas y Precios para ver las fechas de este viaje. Tambi\u00e9n te dar\u00e1 informaci\u00f3n sobre el viaje de conexi\u00f3n, incluido d\u00f3nde volar y cu\u00e1ndo y d\u00f3nde unirte al barco.<\/span><\/p>\n<p>&nbsp;<\/p>\n","protected":false},"excerpt":{"rendered":"<p>Navega y explora las Islas Salvajes de Escocia, incluidas las H\u00e9bridas Exteriores, las Orcadas, Fair Isle y las Shetland. Belleza agreste y fauna m\u00e1gica.<\/p>\n","protected":false},"featured_media":7503,"comment_status":"closed","ping_status":"closed","template":"","meta":{"_acf_changed":false,"content-type":""},"product_brand":[],"product_cat":[242,245,263,236],"product_tag":[],"class_list":{"0":"post-6444","1":"product","2":"type-product","3":"status-publish","4":"has-post-thumbnail","6":"product_cat-costero","7":"product_cat-europa-y-el-mar-baltico","8":"product_cat-reino-unido-irlanda","9":"product_cat-vacaciones-de-aventura-en-velero","10":"trip_region-europa-y-el-baltico","11":"trip_region-reino-unido-e-irlanda","12":"trip_type-costero","13":"trip_duration-1-10-dias","15":"first","16":"instock","17":"shipping-taxable","18":"purchasable","19":"product-type-variable"},"acf":[],"yoast_head":"<!-- This site is optimized with the Yoast SEO Premium plugin v27.3 (Yoast SEO v27.3) - https:\/\/yoast.com\/product\/yoast-seo-premium-wordpress\/ -->\n<title>Vacaciones de Aventura en Vela: Escocia-Noruega | El mejor valorado de Europa<\/title>\n<meta name=\"description\" content=\"12 d\u00edas de m\u00e1gica aventura a vela en una traves\u00eda de Escocia a Noruega. Mucho tiempo para explorar. Se aceptan tripulantes solitarios. Instrucci\u00f3n experta\" \/>\n<meta name=\"robots\" content=\"index, follow, max-snippet:-1, max-image-preview:large, max-video-preview:-1\" \/>\n<link rel=\"canonical\" href=\"https:\/\/www.rubicon3adventure.com\/es\/produto\/islas-salvajes-de-escocia-a-noruega-copy-copy\/\" \/>\n<meta property=\"og:locale\" content=\"es_ES\" \/>\n<meta property=\"og:type\" content=\"article\" \/>\n<meta property=\"og:title\" content=\"Vacaciones de Aventura en Vela: Escocia-Noruega | El mejor valorado de Europa\" \/>\n<meta property=\"og:description\" content=\"12 d\u00edas de m\u00e1gica aventura a vela en una traves\u00eda de Escocia a Noruega. Mucho tiempo para explorar. Se aceptan tripulantes solitarios. Instrucci\u00f3n experta\" \/>\n<meta property=\"og:url\" content=\"https:\/\/www.rubicon3adventure.com\/es\/produto\/islas-salvajes-de-escocia-a-noruega-copy-copy\/\" \/>\n<meta property=\"og:site_name\" content=\"Rubicon 3 Adventure\" \/>\n<meta property=\"article:publisher\" content=\"https:\/\/www.facebook.com\/rubicon3sailing\" \/>\n<meta property=\"article:modified_time\" content=\"2024-09-12T07:58:18+00:00\" \/>\n<meta property=\"og:image\" content=\"https:\/\/www.rubicon3adventure.com\/wp-content\/uploads\/2024\/09\/st-aubin-jersey-2560.webp\" \/>\n\t<meta property=\"og:image:width\" content=\"2560\" \/>\n\t<meta property=\"og:image:height\" content=\"1440\" \/>\n\t<meta property=\"og:image:type\" content=\"image\/webp\" \/>\n<meta name=\"twitter:card\" content=\"summary_large_image\" \/>\n<meta name=\"twitter:site\" content=\"@rubicon3sailing\" \/>\n<meta name=\"twitter:label1\" content=\"Tiempo de lectura\" \/>\n\t<meta name=\"twitter:data1\" content=\"10 minutos\" \/>\n<script type=\"application\/ld+json\" class=\"yoast-schema-graph\">{\"@context\":\"https:\\\/\\\/schema.org\",\"@graph\":[{\"@type\":\"WebPage\",\"@id\":\"https:\\\/\\\/www.rubicon3adventure.com\\\/es\\\/produto\\\/islas-salvajes-de-escocia-a-noruega-copy-copy\\\/\",\"url\":\"https:\\\/\\\/www.rubicon3adventure.com\\\/es\\\/produto\\\/islas-salvajes-de-escocia-a-noruega-copy-copy\\\/\",\"name\":\"Vacaciones de Aventura en Vela: Escocia-Noruega | El mejor valorado de Europa\",\"isPartOf\":{\"@id\":\"https:\\\/\\\/www.rubicon3adventure.com\\\/es\\\/#website\"},\"primaryImageOfPage\":{\"@id\":\"https:\\\/\\\/www.rubicon3adventure.com\\\/es\\\/produto\\\/islas-salvajes-de-escocia-a-noruega-copy-copy\\\/#primaryimage\"},\"image\":{\"@id\":\"https:\\\/\\\/www.rubicon3adventure.com\\\/es\\\/produto\\\/islas-salvajes-de-escocia-a-noruega-copy-copy\\\/#primaryimage\"},\"thumbnailUrl\":\"https:\\\/\\\/www.rubicon3adventure.com\\\/wp-content\\\/uploads\\\/2024\\\/09\\\/channel-islands-2560.webp\",\"datePublished\":\"2024-09-11T08:43:56+00:00\",\"dateModified\":\"2024-09-12T07:58:18+00:00\",\"description\":\"12 d\u00edas de m\u00e1gica aventura a vela en una traves\u00eda de Escocia a Noruega. Mucho tiempo para explorar. Se aceptan tripulantes solitarios. Instrucci\u00f3n experta\",\"breadcrumb\":{\"@id\":\"https:\\\/\\\/www.rubicon3adventure.com\\\/es\\\/produto\\\/islas-salvajes-de-escocia-a-noruega-copy-copy\\\/#breadcrumb\"},\"inLanguage\":\"es\",\"potentialAction\":[{\"@type\":\"ReadAction\",\"target\":[\"https:\\\/\\\/www.rubicon3adventure.com\\\/es\\\/produto\\\/islas-salvajes-de-escocia-a-noruega-copy-copy\\\/\"]}]},{\"@type\":\"ImageObject\",\"inLanguage\":\"es\",\"@id\":\"https:\\\/\\\/www.rubicon3adventure.com\\\/es\\\/produto\\\/islas-salvajes-de-escocia-a-noruega-copy-copy\\\/#primaryimage\",\"url\":\"https:\\\/\\\/www.rubicon3adventure.com\\\/wp-content\\\/uploads\\\/2024\\\/09\\\/channel-islands-2560.webp\",\"contentUrl\":\"https:\\\/\\\/www.rubicon3adventure.com\\\/wp-content\\\/uploads\\\/2024\\\/09\\\/channel-islands-2560.webp\",\"width\":2560,\"height\":1440,\"caption\":\"Channel islands\"},{\"@type\":\"BreadcrumbList\",\"@id\":\"https:\\\/\\\/www.rubicon3adventure.com\\\/es\\\/produto\\\/islas-salvajes-de-escocia-a-noruega-copy-copy\\\/#breadcrumb\",\"itemListElement\":[{\"@type\":\"ListItem\",\"position\":1,\"name\":\"Tienda\",\"item\":\"https:\\\/\\\/www.rubicon3adventure.com\\\/es\\\/tienda\\\/\"},{\"@type\":\"ListItem\",\"position\":2,\"name\":\"Islas Salvajes de Escocia a Noruega (Copy) (Copy)\"}]},{\"@type\":\"WebSite\",\"@id\":\"https:\\\/\\\/www.rubicon3adventure.com\\\/es\\\/#website\",\"url\":\"https:\\\/\\\/www.rubicon3adventure.com\\\/es\\\/\",\"name\":\"Rubicon 3 Adventure\",\"description\":\"\",\"publisher\":{\"@id\":\"https:\\\/\\\/www.rubicon3adventure.com\\\/es\\\/#organization\"},\"potentialAction\":[{\"@type\":\"SearchAction\",\"target\":{\"@type\":\"EntryPoint\",\"urlTemplate\":\"https:\\\/\\\/www.rubicon3adventure.com\\\/es\\\/?s={search_term_string}\"},\"query-input\":{\"@type\":\"PropertyValueSpecification\",\"valueRequired\":true,\"valueName\":\"search_term_string\"}}],\"inLanguage\":\"es\"},{\"@type\":\"Organization\",\"@id\":\"https:\\\/\\\/www.rubicon3adventure.com\\\/es\\\/#organization\",\"name\":\"Rubicon 3 Adventures\",\"alternateName\":\"Blueco Holdings Ltd\",\"url\":\"https:\\\/\\\/www.rubicon3adventure.com\\\/es\\\/\",\"logo\":{\"@type\":\"ImageObject\",\"inLanguage\":\"es\",\"@id\":\"https:\\\/\\\/www.rubicon3adventure.com\\\/es\\\/#\\\/schema\\\/logo\\\/image\\\/\",\"url\":\"https:\\\/\\\/www.rubicon3adventure.com\\\/wp-content\\\/uploads\\\/2024\\\/03\\\/Rubicon_Schema-Image-scaled.jpg\",\"contentUrl\":\"https:\\\/\\\/www.rubicon3adventure.com\\\/wp-content\\\/uploads\\\/2024\\\/03\\\/Rubicon_Schema-Image-scaled.jpg\",\"width\":2560,\"height\":1554,\"caption\":\"Rubicon 3 Adventures\"},\"image\":{\"@id\":\"https:\\\/\\\/www.rubicon3adventure.com\\\/es\\\/#\\\/schema\\\/logo\\\/image\\\/\"},\"sameAs\":[\"https:\\\/\\\/www.facebook.com\\\/rubicon3sailing\",\"https:\\\/\\\/x.com\\\/rubicon3sailing\",\"https:\\\/\\\/www.instagram.com\\\/rubicon_3_sailing\\\/\",\"https:\\\/\\\/www.pinterest.co.uk\\\/rubicon3sailing\\\/\",\"https:\\\/\\\/www.youtube.com\\\/channel\\\/UCUVTAy1Qm4lz0uZI_83Um8A\",\"https:\\\/\\\/www.linkedin.com\\\/company\\\/rubicon-3\\\/\"]}]}<\/script>\n<!-- \/ Yoast SEO Premium plugin. -->","yoast_head_json":{"title":"Vacaciones de Aventura en Vela: Escocia-Noruega | El mejor valorado de Europa","description":"12 d\u00edas de m\u00e1gica aventura a vela en una traves\u00eda de Escocia a Noruega. Mucho tiempo para explorar. Se aceptan tripulantes solitarios. Instrucci\u00f3n experta","robots":{"index":"index","follow":"follow","max-snippet":"max-snippet:-1","max-image-preview":"max-image-preview:large","max-video-preview":"max-video-preview:-1"},"canonical":"https:\/\/www.rubicon3adventure.com\/es\/produto\/islas-salvajes-de-escocia-a-noruega-copy-copy\/","og_locale":"es_ES","og_type":"article","og_title":"Vacaciones de Aventura en Vela: Escocia-Noruega | El mejor valorado de Europa","og_description":"12 d\u00edas de m\u00e1gica aventura a vela en una traves\u00eda de Escocia a Noruega. Mucho tiempo para explorar. Se aceptan tripulantes solitarios. Instrucci\u00f3n experta","og_url":"https:\/\/www.rubicon3adventure.com\/es\/produto\/islas-salvajes-de-escocia-a-noruega-copy-copy\/","og_site_name":"Rubicon 3 Adventure","article_publisher":"https:\/\/www.facebook.com\/rubicon3sailing","article_modified_time":"2024-09-12T07:58:18+00:00","og_image":[{"width":2560,"height":1440,"url":"https:\/\/www.rubicon3adventure.com\/wp-content\/uploads\/2024\/09\/st-aubin-jersey-2560.webp","type":"image\/webp"}],"twitter_card":"summary_large_image","twitter_site":"@rubicon3sailing","twitter_misc":{"Tiempo de lectura":"10 minutos"},"schema":{"@context":"https:\/\/schema.org","@graph":[{"@type":"WebPage","@id":"https:\/\/www.rubicon3adventure.com\/es\/produto\/islas-salvajes-de-escocia-a-noruega-copy-copy\/","url":"https:\/\/www.rubicon3adventure.com\/es\/produto\/islas-salvajes-de-escocia-a-noruega-copy-copy\/","name":"Vacaciones de Aventura en Vela: Escocia-Noruega | El mejor valorado de Europa","isPartOf":{"@id":"https:\/\/www.rubicon3adventure.com\/es\/#website"},"primaryImageOfPage":{"@id":"https:\/\/www.rubicon3adventure.com\/es\/produto\/islas-salvajes-de-escocia-a-noruega-copy-copy\/#primaryimage"},"image":{"@id":"https:\/\/www.rubicon3adventure.com\/es\/produto\/islas-salvajes-de-escocia-a-noruega-copy-copy\/#primaryimage"},"thumbnailUrl":"https:\/\/www.rubicon3adventure.com\/wp-content\/uploads\/2024\/09\/channel-islands-2560.webp","datePublished":"2024-09-11T08:43:56+00:00","dateModified":"2024-09-12T07:58:18+00:00","description":"12 d\u00edas de m\u00e1gica aventura a vela en una traves\u00eda de Escocia a Noruega. Mucho tiempo para explorar. Se aceptan tripulantes solitarios. Instrucci\u00f3n experta","breadcrumb":{"@id":"https:\/\/www.rubicon3adventure.com\/es\/produto\/islas-salvajes-de-escocia-a-noruega-copy-copy\/#breadcrumb"},"inLanguage":"es","potentialAction":[{"@type":"ReadAction","target":["https:\/\/www.rubicon3adventure.com\/es\/produto\/islas-salvajes-de-escocia-a-noruega-copy-copy\/"]}]},{"@type":"ImageObject","inLanguage":"es","@id":"https:\/\/www.rubicon3adventure.com\/es\/produto\/islas-salvajes-de-escocia-a-noruega-copy-copy\/#primaryimage","url":"https:\/\/www.rubicon3adventure.com\/wp-content\/uploads\/2024\/09\/channel-islands-2560.webp","contentUrl":"https:\/\/www.rubicon3adventure.com\/wp-content\/uploads\/2024\/09\/channel-islands-2560.webp","width":2560,"height":1440,"caption":"Channel islands"},{"@type":"BreadcrumbList","@id":"https:\/\/www.rubicon3adventure.com\/es\/produto\/islas-salvajes-de-escocia-a-noruega-copy-copy\/#breadcrumb","itemListElement":[{"@type":"ListItem","position":1,"name":"Tienda","item":"https:\/\/www.rubicon3adventure.com\/es\/tienda\/"},{"@type":"ListItem","position":2,"name":"Islas Salvajes de Escocia a Noruega (Copy) (Copy)"}]},{"@type":"WebSite","@id":"https:\/\/www.rubicon3adventure.com\/es\/#website","url":"https:\/\/www.rubicon3adventure.com\/es\/","name":"Rubicon 3 Adventure","description":"","publisher":{"@id":"https:\/\/www.rubicon3adventure.com\/es\/#organization"},"potentialAction":[{"@type":"SearchAction","target":{"@type":"EntryPoint","urlTemplate":"https:\/\/www.rubicon3adventure.com\/es\/?s={search_term_string}"},"query-input":{"@type":"PropertyValueSpecification","valueRequired":true,"valueName":"search_term_string"}}],"inLanguage":"es"},{"@type":"Organization","@id":"https:\/\/www.rubicon3adventure.com\/es\/#organization","name":"Rubicon 3 Adventures","alternateName":"Blueco Holdings Ltd","url":"https:\/\/www.rubicon3adventure.com\/es\/","logo":{"@type":"ImageObject","inLanguage":"es","@id":"https:\/\/www.rubicon3adventure.com\/es\/#\/schema\/logo\/image\/","url":"https:\/\/www.rubicon3adventure.com\/wp-content\/uploads\/2024\/03\/Rubicon_Schema-Image-scaled.jpg","contentUrl":"https:\/\/www.rubicon3adventure.com\/wp-content\/uploads\/2024\/03\/Rubicon_Schema-Image-scaled.jpg","width":2560,"height":1554,"caption":"Rubicon 3 Adventures"},"image":{"@id":"https:\/\/www.rubicon3adventure.com\/es\/#\/schema\/logo\/image\/"},"sameAs":["https:\/\/www.facebook.com\/rubicon3sailing","https:\/\/x.com\/rubicon3sailing","https:\/\/www.instagram.com\/rubicon_3_sailing\/","https:\/\/www.pinterest.co.uk\/rubicon3sailing\/","https:\/\/www.youtube.com\/channel\/UCUVTAy1Qm4lz0uZI_83Um8A","https:\/\/www.linkedin.com\/company\/rubicon-3\/"]}]}},"_links":{"self":[{"href":"https:\/\/www.rubicon3adventure.com\/es\/wp-json\/wp\/v2\/product\/6444","targetHints":{"allow":["GET"]}}],"collection":[{"href":"https:\/\/www.rubicon3adventure.com\/es\/wp-json\/wp\/v2\/product"}],"about":[{"href":"https:\/\/www.rubicon3adventure.com\/es\/wp-json\/wp\/v2\/types\/product"}],"replies":[{"embeddable":true,"href":"https:\/\/www.rubicon3adventure.com\/es\/wp-json\/wp\/v2\/comments?post=6444"}],"wp:featuredmedia":[{"embeddable":true,"href":"https:\/\/www.rubicon3adventure.com\/es\/wp-json\/wp\/v2\/media\/7503"}],"wp:attachment":[{"href":"https:\/\/www.rubicon3adventure.com\/es\/wp-json\/wp\/v2\/media?parent=6444"}],"wp:term":[{"taxonomy":"product_brand","embeddable":true,"href":"https:\/\/www.rubicon3adventure.com\/es\/wp-json\/wp\/v2\/product_brand?post=6444"},{"taxonomy":"product_cat","embeddable":true,"href":"https:\/\/www.rubicon3adventure.com\/es\/wp-json\/wp\/v2\/product_cat?post=6444"},{"taxonomy":"product_tag","embeddable":true,"href":"https:\/\/www.rubicon3adventure.com\/es\/wp-json\/wp\/v2\/product_tag?post=6444"}],"curies":[{"name":"wp","href":"https:\/\/api.w.org\/{rel}","templated":true}]}}