{"id":6585,"date":"2024-09-25T10:00:31","date_gmt":"2024-09-25T09:00:31","guid":{"rendered":"https:\/\/www.rubicon3adventure.com\/?post_type=product&#038;p=6585"},"modified":"2024-09-26T05:38:37","modified_gmt":"2024-09-26T04:38:37","slug":"al-sur-de-los-alisios-viaje-de-navegacion-celeste-a-canarias-copy","status":"publish","type":"product","link":"https:\/\/www.rubicon3adventure.com\/es\/produto\/al-sur-de-los-alisios-viaje-de-navegacion-celeste-a-canarias-copy\/","title":{"rendered":"Al sur de los alisios: viaje de navegaci\u00f3n celeste a Canarias (Copy)"},"content":{"rendered":"<p>Zarpa en un viaje \u00fanico en velero de alta mar desde la costa atl\u00e1ntica espa\u00f1ola hasta las Islas Canarias, utilizando \u00fanicamente la navegaci\u00f3n celeste para encontrar tu camino. Comenzando con un curso de dos d\u00edas sobre este antiguo arte (por lo que no se necesitan conocimientos celestes previos), te adentrar\u00e1s en el Oc\u00e9ano Atl\u00e1ntico y utilizar\u00e1s el sol, la luna, las estrellas y los planetas para navegar 1.000 millas hacia el suroeste, hasta Gran Canaria. \u00c9sta es la oportunidad perfecta no s\u00f3lo para aprender navegaci\u00f3n celeste, sino tambi\u00e9n para utilizarla de verdad, todo ello mientras navegas mar adentro en un potente yate de 60&#8242;, con un tiempo cada d\u00eda m\u00e1s c\u00e1lido a medida que te diriges al sur, hacia los vientos alisios.<\/p>\n<p><span data-preserver-spaces=\"true\">Se trata de un <\/span><a class=\"editor-rtfLink\" href=\"https:\/\/www.rubicon3adventure.com\/articles\/seamanship-sailing-skills\/yachtmaster-ocean-qualifying-passage\/\" target=\"_blank\" rel=\"noopener\"><br \/>\n  <span data-preserver-spaces=\"true\">pasaje de calificaci\u00f3n RYA Yachtmaster Ocean<\/span><br \/>\n<\/a><span data-preserver-spaces=\"true\"> para quienes se inscriban como jefe de guardia.<\/span><\/p>\n<h5><span data-preserver-spaces=\"true\">\u00bfPreparado para la aventura de tu vida con los expertos en navegaci\u00f3n de altura?<\/span><\/h5>\n<p><span data-preserver-spaces=\"true\">En Rubicon 3 somos expertos en navegaci\u00f3n en alta mar, reconocidos en el mundo de la navegaci\u00f3n por nuestra amplia experiencia, formaci\u00f3n exhaustiva, dedicaci\u00f3n al descubrimiento y fant\u00e1sticas aventuras de navegaci\u00f3n. Nuestro equipo de expertos, navegantes con gran experiencia en traves\u00edas oce\u00e1nicas, el \u00c1rtico, el Mar del Norte y el Mar de Noruega, ofrece instrucci\u00f3n pr\u00e1ctica en todos los aspectos de la navegaci\u00f3n oce\u00e1nica, dirigida tanto a los que se inician en la navegaci\u00f3n oce\u00e1nica como a los navegantes m\u00e1s experimentados.<\/span><\/p>\n<p><span data-preserver-spaces=\"true\">Nuestra selecci\u00f3n de rutas \u00fanicas y menos transitadas nos distingue, garantizando una navegaci\u00f3n en alta mar estimulante y llena de descubrimientos. Nuestra \u00e9tica es un compromiso inquebrantable con la seguridad y la sostenibilidad medioambiental, garantizando que cada viaje respete a los marineros y al mar. Adem\u00e1s, nos centramos en el desarrollo de habilidades individuales tanto como una escuela de vela, de modo que todos participen plenamente en cada aspecto de la traves\u00eda. Este enfoque hol\u00edstico ha forjado la reputaci\u00f3n de Rubicon 3 como expertos a los que acudir para cualquiera que busque el m\u00e1s alto nivel de navegaci\u00f3n en alta mar.<\/span><\/p>\n<h5><span data-preserver-spaces=\"true\">\u00bfQuieres unirte?<\/span><\/h5>\n<p><span data-preserver-spaces=\"true\">Ve al bot\u00f3n Fechas y Precios para ver las fechas de este viaje. Tambi\u00e9n te dar\u00e1 informaci\u00f3n sobre el viaje de conexi\u00f3n, incluido d\u00f3nde volar y cu\u00e1ndo y d\u00f3nde unirte al barco.<\/span><\/p>\n<p>&nbsp;<\/p>\n","protected":false},"excerpt":{"rendered":"<p>Aprende a utilizar la navegaci\u00f3n celeste en una espectacular traves\u00eda en alta mar desde la costa atl\u00e1ntica espa\u00f1ola hasta Canarias. Empezando con un curso te\u00f3rico de un d\u00eda, \u00a1navegar\u00e1s 1000 millas hacia el sur sin usar el GPS!<\/p>\n","protected":false},"featured_media":6633,"comment_status":"closed","ping_status":"closed","template":"","meta":{"_acf_changed":false,"content-type":""},"product_brand":[],"product_cat":[245,257,236,281],"product_tag":[],"class_list":{"0":"post-6585","1":"product","2":"type-product","3":"status-publish","4":"has-post-thumbnail","6":"product_cat-europa-y-el-mar-baltico","7":"product_cat-en-alta-mar","8":"product_cat-vacaciones-de-aventura-en-velero","9":"product_cat-vacaciones-de-navegacion-al-sol-de-invierno","10":"trip_region-europa-y-el-baltico","11":"trip_type-alta-mar","12":"trip_duration-11-16-dias","14":"first","15":"instock","16":"shipping-taxable","17":"purchasable","18":"product-type-variable"},"acf":[],"yoast_head":"<!-- This site is optimized with the Yoast SEO Premium plugin v27.3 (Yoast SEO v27.5) - https:\/\/yoast.com\/product\/yoast-seo-premium-wordpress\/ -->\n<title>Navega de Espa\u00f1a a Canarias - utilizando la navegaci\u00f3n celeste.<\/title>\n<meta name=\"description\" content=\"Aprende a navegar utilizando s\u00f3lo el Sol y las estrellas y \u00fanete a la tripulaci\u00f3n mientras navegamos desde la costa atl\u00e1ntica espa\u00f1ola hasta las Islas Canarias sin utilizar GPS.\" \/>\n<meta name=\"robots\" content=\"index, follow, max-snippet:-1, max-image-preview:large, max-video-preview:-1\" \/>\n<link rel=\"canonical\" href=\"https:\/\/www.rubicon3adventure.com\/es\/produto\/al-sur-de-los-alisios-viaje-de-navegacion-celeste-a-canarias-copy\/\" \/>\n<meta property=\"og:locale\" content=\"es_ES\" \/>\n<meta property=\"og:type\" content=\"article\" \/>\n<meta property=\"og:title\" content=\"Navega de Espa\u00f1a a Canarias - utilizando la navegaci\u00f3n celeste.\" \/>\n<meta property=\"og:description\" content=\"Aprende a navegar utilizando s\u00f3lo el Sol y las estrellas y \u00fanete a la tripulaci\u00f3n mientras navegamos desde la costa atl\u00e1ntica espa\u00f1ola hasta las Islas Canarias sin utilizar GPS.\" \/>\n<meta property=\"og:url\" content=\"https:\/\/www.rubicon3adventure.com\/es\/produto\/al-sur-de-los-alisios-viaje-de-navegacion-celeste-a-canarias-copy\/\" \/>\n<meta property=\"og:site_name\" content=\"Rubicon 3 Adventure\" \/>\n<meta property=\"article:publisher\" content=\"https:\/\/www.facebook.com\/rubicon3sailing\" \/>\n<meta property=\"article:modified_time\" content=\"2024-09-26T04:38:37+00:00\" \/>\n<meta property=\"og:image\" content=\"https:\/\/www.rubicon3adventure.com\/wp-content\/uploads\/2024\/03\/crew_onboard_using-sextant-2560.webp\" \/>\n\t<meta property=\"og:image:width\" content=\"2560\" \/>\n\t<meta property=\"og:image:height\" content=\"1441\" \/>\n\t<meta property=\"og:image:type\" content=\"image\/webp\" \/>\n<meta name=\"twitter:card\" content=\"summary_large_image\" \/>\n<meta name=\"twitter:site\" content=\"@rubicon3sailing\" \/>\n<meta name=\"twitter:label1\" content=\"Tiempo de lectura\" \/>\n\t<meta name=\"twitter:data1\" content=\"8 minutos\" \/>\n<script type=\"application\/ld+json\" class=\"yoast-schema-graph\">{\"@context\":\"https:\\\/\\\/schema.org\",\"@graph\":[{\"@type\":\"WebPage\",\"@id\":\"https:\\\/\\\/www.rubicon3adventure.com\\\/es\\\/produto\\\/al-sur-de-los-alisios-viaje-de-navegacion-celeste-a-canarias-copy\\\/\",\"url\":\"https:\\\/\\\/www.rubicon3adventure.com\\\/es\\\/produto\\\/al-sur-de-los-alisios-viaje-de-navegacion-celeste-a-canarias-copy\\\/\",\"name\":\"Navega de Espa\u00f1a a Canarias - utilizando la navegaci\u00f3n celeste.\",\"isPartOf\":{\"@id\":\"https:\\\/\\\/www.rubicon3adventure.com\\\/es\\\/#website\"},\"primaryImageOfPage\":{\"@id\":\"https:\\\/\\\/www.rubicon3adventure.com\\\/es\\\/produto\\\/al-sur-de-los-alisios-viaje-de-navegacion-celeste-a-canarias-copy\\\/#primaryimage\"},\"image\":{\"@id\":\"https:\\\/\\\/www.rubicon3adventure.com\\\/es\\\/produto\\\/al-sur-de-los-alisios-viaje-de-navegacion-celeste-a-canarias-copy\\\/#primaryimage\"},\"thumbnailUrl\":\"https:\\\/\\\/www.rubicon3adventure.com\\\/wp-content\\\/uploads\\\/2024\\\/09\\\/Starling-2560-ocean.webp\",\"datePublished\":\"2024-09-25T09:00:31+00:00\",\"dateModified\":\"2024-09-26T04:38:37+00:00\",\"description\":\"Aprende a navegar utilizando s\u00f3lo el Sol y las estrellas y \u00fanete a la tripulaci\u00f3n mientras navegamos desde la costa atl\u00e1ntica espa\u00f1ola hasta las Islas Canarias sin utilizar GPS.\",\"breadcrumb\":{\"@id\":\"https:\\\/\\\/www.rubicon3adventure.com\\\/es\\\/produto\\\/al-sur-de-los-alisios-viaje-de-navegacion-celeste-a-canarias-copy\\\/#breadcrumb\"},\"inLanguage\":\"es\",\"potentialAction\":[{\"@type\":\"ReadAction\",\"target\":[\"https:\\\/\\\/www.rubicon3adventure.com\\\/es\\\/produto\\\/al-sur-de-los-alisios-viaje-de-navegacion-celeste-a-canarias-copy\\\/\"]}]},{\"@type\":\"ImageObject\",\"inLanguage\":\"es\",\"@id\":\"https:\\\/\\\/www.rubicon3adventure.com\\\/es\\\/produto\\\/al-sur-de-los-alisios-viaje-de-navegacion-celeste-a-canarias-copy\\\/#primaryimage\",\"url\":\"https:\\\/\\\/www.rubicon3adventure.com\\\/wp-content\\\/uploads\\\/2024\\\/09\\\/Starling-2560-ocean.webp\",\"contentUrl\":\"https:\\\/\\\/www.rubicon3adventure.com\\\/wp-content\\\/uploads\\\/2024\\\/09\\\/Starling-2560-ocean.webp\",\"width\":2560,\"height\":1439,\"caption\":\"Starling at sea mid ocean\"},{\"@type\":\"BreadcrumbList\",\"@id\":\"https:\\\/\\\/www.rubicon3adventure.com\\\/es\\\/produto\\\/al-sur-de-los-alisios-viaje-de-navegacion-celeste-a-canarias-copy\\\/#breadcrumb\",\"itemListElement\":[{\"@type\":\"ListItem\",\"position\":1,\"name\":\"Tienda\",\"item\":\"https:\\\/\\\/www.rubicon3adventure.com\\\/es\\\/tienda\\\/\"},{\"@type\":\"ListItem\",\"position\":2,\"name\":\"Al sur de los alisios: viaje de navegaci\u00f3n celeste a Canarias (Copy)\"}]},{\"@type\":\"WebSite\",\"@id\":\"https:\\\/\\\/www.rubicon3adventure.com\\\/es\\\/#website\",\"url\":\"https:\\\/\\\/www.rubicon3adventure.com\\\/es\\\/\",\"name\":\"Rubicon 3 Adventure\",\"description\":\"\",\"publisher\":{\"@id\":\"https:\\\/\\\/www.rubicon3adventure.com\\\/es\\\/#organization\"},\"potentialAction\":[{\"@type\":\"SearchAction\",\"target\":{\"@type\":\"EntryPoint\",\"urlTemplate\":\"https:\\\/\\\/www.rubicon3adventure.com\\\/es\\\/?s={search_term_string}\"},\"query-input\":{\"@type\":\"PropertyValueSpecification\",\"valueRequired\":true,\"valueName\":\"search_term_string\"}}],\"inLanguage\":\"es\"},{\"@type\":\"Organization\",\"@id\":\"https:\\\/\\\/www.rubicon3adventure.com\\\/es\\\/#organization\",\"name\":\"Rubicon 3 Adventures\",\"alternateName\":\"Blueco Holdings Ltd\",\"url\":\"https:\\\/\\\/www.rubicon3adventure.com\\\/es\\\/\",\"logo\":{\"@type\":\"ImageObject\",\"inLanguage\":\"es\",\"@id\":\"https:\\\/\\\/www.rubicon3adventure.com\\\/es\\\/#\\\/schema\\\/logo\\\/image\\\/\",\"url\":\"https:\\\/\\\/www.rubicon3adventure.com\\\/wp-content\\\/uploads\\\/2024\\\/03\\\/Rubicon_Schema-Image-scaled.jpg\",\"contentUrl\":\"https:\\\/\\\/www.rubicon3adventure.com\\\/wp-content\\\/uploads\\\/2024\\\/03\\\/Rubicon_Schema-Image-scaled.jpg\",\"width\":2560,\"height\":1554,\"caption\":\"Rubicon 3 Adventures\"},\"image\":{\"@id\":\"https:\\\/\\\/www.rubicon3adventure.com\\\/es\\\/#\\\/schema\\\/logo\\\/image\\\/\"},\"sameAs\":[\"https:\\\/\\\/www.facebook.com\\\/rubicon3sailing\",\"https:\\\/\\\/x.com\\\/rubicon3sailing\",\"https:\\\/\\\/www.instagram.com\\\/rubicon_3_sailing\\\/\",\"https:\\\/\\\/www.pinterest.co.uk\\\/rubicon3sailing\\\/\",\"https:\\\/\\\/www.youtube.com\\\/channel\\\/UCUVTAy1Qm4lz0uZI_83Um8A\",\"https:\\\/\\\/www.linkedin.com\\\/company\\\/rubicon-3\\\/\"]}]}<\/script>\n<!-- \/ Yoast SEO Premium plugin. -->","yoast_head_json":{"title":"Navega de Espa\u00f1a a Canarias - utilizando la navegaci\u00f3n celeste.","description":"Aprende a navegar utilizando s\u00f3lo el Sol y las estrellas y \u00fanete a la tripulaci\u00f3n mientras navegamos desde la costa atl\u00e1ntica espa\u00f1ola hasta las Islas Canarias sin utilizar GPS.","robots":{"index":"index","follow":"follow","max-snippet":"max-snippet:-1","max-image-preview":"max-image-preview:large","max-video-preview":"max-video-preview:-1"},"canonical":"https:\/\/www.rubicon3adventure.com\/es\/produto\/al-sur-de-los-alisios-viaje-de-navegacion-celeste-a-canarias-copy\/","og_locale":"es_ES","og_type":"article","og_title":"Navega de Espa\u00f1a a Canarias - utilizando la navegaci\u00f3n celeste.","og_description":"Aprende a navegar utilizando s\u00f3lo el Sol y las estrellas y \u00fanete a la tripulaci\u00f3n mientras navegamos desde la costa atl\u00e1ntica espa\u00f1ola hasta las Islas Canarias sin utilizar GPS.","og_url":"https:\/\/www.rubicon3adventure.com\/es\/produto\/al-sur-de-los-alisios-viaje-de-navegacion-celeste-a-canarias-copy\/","og_site_name":"Rubicon 3 Adventure","article_publisher":"https:\/\/www.facebook.com\/rubicon3sailing","article_modified_time":"2024-09-26T04:38:37+00:00","og_image":[{"width":2560,"height":1441,"url":"https:\/\/www.rubicon3adventure.com\/wp-content\/uploads\/2024\/03\/crew_onboard_using-sextant-2560.webp","type":"image\/webp"}],"twitter_card":"summary_large_image","twitter_site":"@rubicon3sailing","twitter_misc":{"Tiempo de lectura":"8 minutos"},"schema":{"@context":"https:\/\/schema.org","@graph":[{"@type":"WebPage","@id":"https:\/\/www.rubicon3adventure.com\/es\/produto\/al-sur-de-los-alisios-viaje-de-navegacion-celeste-a-canarias-copy\/","url":"https:\/\/www.rubicon3adventure.com\/es\/produto\/al-sur-de-los-alisios-viaje-de-navegacion-celeste-a-canarias-copy\/","name":"Navega de Espa\u00f1a a Canarias - utilizando la navegaci\u00f3n celeste.","isPartOf":{"@id":"https:\/\/www.rubicon3adventure.com\/es\/#website"},"primaryImageOfPage":{"@id":"https:\/\/www.rubicon3adventure.com\/es\/produto\/al-sur-de-los-alisios-viaje-de-navegacion-celeste-a-canarias-copy\/#primaryimage"},"image":{"@id":"https:\/\/www.rubicon3adventure.com\/es\/produto\/al-sur-de-los-alisios-viaje-de-navegacion-celeste-a-canarias-copy\/#primaryimage"},"thumbnailUrl":"https:\/\/www.rubicon3adventure.com\/wp-content\/uploads\/2024\/09\/Starling-2560-ocean.webp","datePublished":"2024-09-25T09:00:31+00:00","dateModified":"2024-09-26T04:38:37+00:00","description":"Aprende a navegar utilizando s\u00f3lo el Sol y las estrellas y \u00fanete a la tripulaci\u00f3n mientras navegamos desde la costa atl\u00e1ntica espa\u00f1ola hasta las Islas Canarias sin utilizar GPS.","breadcrumb":{"@id":"https:\/\/www.rubicon3adventure.com\/es\/produto\/al-sur-de-los-alisios-viaje-de-navegacion-celeste-a-canarias-copy\/#breadcrumb"},"inLanguage":"es","potentialAction":[{"@type":"ReadAction","target":["https:\/\/www.rubicon3adventure.com\/es\/produto\/al-sur-de-los-alisios-viaje-de-navegacion-celeste-a-canarias-copy\/"]}]},{"@type":"ImageObject","inLanguage":"es","@id":"https:\/\/www.rubicon3adventure.com\/es\/produto\/al-sur-de-los-alisios-viaje-de-navegacion-celeste-a-canarias-copy\/#primaryimage","url":"https:\/\/www.rubicon3adventure.com\/wp-content\/uploads\/2024\/09\/Starling-2560-ocean.webp","contentUrl":"https:\/\/www.rubicon3adventure.com\/wp-content\/uploads\/2024\/09\/Starling-2560-ocean.webp","width":2560,"height":1439,"caption":"Starling at sea mid ocean"},{"@type":"BreadcrumbList","@id":"https:\/\/www.rubicon3adventure.com\/es\/produto\/al-sur-de-los-alisios-viaje-de-navegacion-celeste-a-canarias-copy\/#breadcrumb","itemListElement":[{"@type":"ListItem","position":1,"name":"Tienda","item":"https:\/\/www.rubicon3adventure.com\/es\/tienda\/"},{"@type":"ListItem","position":2,"name":"Al sur de los alisios: viaje de navegaci\u00f3n celeste a Canarias (Copy)"}]},{"@type":"WebSite","@id":"https:\/\/www.rubicon3adventure.com\/es\/#website","url":"https:\/\/www.rubicon3adventure.com\/es\/","name":"Rubicon 3 Adventure","description":"","publisher":{"@id":"https:\/\/www.rubicon3adventure.com\/es\/#organization"},"potentialAction":[{"@type":"SearchAction","target":{"@type":"EntryPoint","urlTemplate":"https:\/\/www.rubicon3adventure.com\/es\/?s={search_term_string}"},"query-input":{"@type":"PropertyValueSpecification","valueRequired":true,"valueName":"search_term_string"}}],"inLanguage":"es"},{"@type":"Organization","@id":"https:\/\/www.rubicon3adventure.com\/es\/#organization","name":"Rubicon 3 Adventures","alternateName":"Blueco Holdings Ltd","url":"https:\/\/www.rubicon3adventure.com\/es\/","logo":{"@type":"ImageObject","inLanguage":"es","@id":"https:\/\/www.rubicon3adventure.com\/es\/#\/schema\/logo\/image\/","url":"https:\/\/www.rubicon3adventure.com\/wp-content\/uploads\/2024\/03\/Rubicon_Schema-Image-scaled.jpg","contentUrl":"https:\/\/www.rubicon3adventure.com\/wp-content\/uploads\/2024\/03\/Rubicon_Schema-Image-scaled.jpg","width":2560,"height":1554,"caption":"Rubicon 3 Adventures"},"image":{"@id":"https:\/\/www.rubicon3adventure.com\/es\/#\/schema\/logo\/image\/"},"sameAs":["https:\/\/www.facebook.com\/rubicon3sailing","https:\/\/x.com\/rubicon3sailing","https:\/\/www.instagram.com\/rubicon_3_sailing\/","https:\/\/www.pinterest.co.uk\/rubicon3sailing\/","https:\/\/www.youtube.com\/channel\/UCUVTAy1Qm4lz0uZI_83Um8A","https:\/\/www.linkedin.com\/company\/rubicon-3\/"]}]}},"_links":{"self":[{"href":"https:\/\/www.rubicon3adventure.com\/es\/wp-json\/wp\/v2\/product\/6585","targetHints":{"allow":["GET"]}}],"collection":[{"href":"https:\/\/www.rubicon3adventure.com\/es\/wp-json\/wp\/v2\/product"}],"about":[{"href":"https:\/\/www.rubicon3adventure.com\/es\/wp-json\/wp\/v2\/types\/product"}],"replies":[{"embeddable":true,"href":"https:\/\/www.rubicon3adventure.com\/es\/wp-json\/wp\/v2\/comments?post=6585"}],"wp:featuredmedia":[{"embeddable":true,"href":"https:\/\/www.rubicon3adventure.com\/es\/wp-json\/wp\/v2\/media\/6633"}],"wp:attachment":[{"href":"https:\/\/www.rubicon3adventure.com\/es\/wp-json\/wp\/v2\/media?parent=6585"}],"wp:term":[{"taxonomy":"product_brand","embeddable":true,"href":"https:\/\/www.rubicon3adventure.com\/es\/wp-json\/wp\/v2\/product_brand?post=6585"},{"taxonomy":"product_cat","embeddable":true,"href":"https:\/\/www.rubicon3adventure.com\/es\/wp-json\/wp\/v2\/product_cat?post=6585"},{"taxonomy":"product_tag","embeddable":true,"href":"https:\/\/www.rubicon3adventure.com\/es\/wp-json\/wp\/v2\/product_tag?post=6585"}],"curies":[{"name":"wp","href":"https:\/\/api.w.org\/{rel}","templated":true}]}}