{"id":6770,"date":"2024-11-15T08:54:43","date_gmt":"2024-11-15T08:54:43","guid":{"rendered":"https:\/\/www.rubicon3adventure.com\/?post_type=product&#038;p=6770"},"modified":"2024-11-15T13:49:43","modified_gmt":"2024-11-15T13:49:43","slug":"antigua-explorador-de-5-dias-copy","status":"publish","type":"product","link":"https:\/\/www.rubicon3adventure.com\/es\/produto\/antigua-explorador-de-5-dias-copy\/","title":{"rendered":"Antigua Explorador de 5 d\u00edas (Copy)"},"content":{"rendered":"<p>Estas vacaciones de 5 d\u00edas en velero por el Caribe exploran lo mejor de la paradis\u00edaca isla de Antigua, ofreciendo una mezcla perfecta de navegaci\u00f3n, exploraci\u00f3n y relajaci\u00f3n.<br \/>\nAntigua es uno de los destinos m\u00e1s famosos <a href=\"https:\/\/www.rubicon3adventure.com\/product-category\/adventure-sailing-holidays\/caribbean-the-americas\/\">del Caribe para navegar<\/a>, y el lugar perfecto para pasar una semana en el agua.<br \/>\nCon distancias cortas pero vientos alisios que garantizan una gran navegaci\u00f3n todos los d\u00edas, no hay presi\u00f3n para llegar &#8220;a ninguna parte&#8221;, excepto a alg\u00fan lugar nuevo y divertido cada d\u00eda.<br \/>\nTienes el hist\u00f3rico Nelson&#8217;s Dockyard, Green Island, un refugio aislado perfecto para bucear con tubo y pasear por la playa, las playas v\u00edrgenes de arena rosa de Barbuda y el famoso Santuario de Aves Fragata, hogar de miles de aves.<br \/>\nTienes Great Bird Island, donde puedes hacer snorkel en espectaculares arrecifes y caminar hasta miradores panor\u00e1micos y, por supuesto, Jolly Harbour, con sus impresionantes playas y su gran ambiente social.<br \/>\nLa excursi\u00f3n es perfecta para principiantes o para los que ya tienen experiencia.       <\/p>\n<h5>\u00bfPreparado para el viaje de tu vida con los mejores marineros de aventura de Europa?<\/h5>\n<p>  Las expediciones de Rubic\u00f3n 3 son aut\u00e9nticas aventuras de navegaci\u00f3n y no unas vacaciones de navegaci\u00f3n empaquetadas. Estar\u00e1s fuera de los caminos trillados, posiblemente en mar abierto, dependiendo de la ruta que elijas y navegando hacia y explorando lugares remotos y hermosos. Los expertos instructores de Rubic\u00f3n 3 te formar\u00e1n y se asegurar\u00e1n de que participes plenamente en todos los aspectos de la experiencia, como navegar, llevar el tim\u00f3n, trimar las velas, cocinar y cuidar del yate. Como aut\u00e9ntica aventura a vela, es mucho menos predecible (\u00a1y mucho mejor!) que una experiencia empaquetada, con itinerarios planificados d\u00eda a d\u00eda y moldeados por las circunstancias locales y el tiempo. Para participar en la aventura, la tripulaci\u00f3n debe venir con una gran actitud, una mente abierta y el deseo de implicarse plenamente.  <\/p>\n<h5>\u00bfQuieres unirte?<\/h5>\n<p>  Ve al bot\u00f3n Fechas y precios para ver las fechas en que se realiza este viaje. Tambi\u00e9n te dar\u00e1 informaci\u00f3n sobre el viaje de conexi\u00f3n, incluido d\u00f3nde volar y cu\u00e1ndo y d\u00f3nde unirte al barco. &nbsp;<\/p>\n","protected":false},"excerpt":{"rendered":"<p>Vive el para\u00edso con una aventura de 5 d\u00edas en velero por Antigua.<br \/>\nNavega por aguas cristalinas, pasea por playas ba\u00f1adas por el sol, bucea en arrecifes de coral y descubre esta isla paradis\u00edaca.<br \/>\n5 d\u00edas de dicha tropical y navegaci\u00f3n inolvidable.  <\/p>\n","protected":false},"featured_media":6811,"comment_status":"closed","ping_status":"closed","template":"","meta":{"_acf_changed":false,"content-type":""},"product_brand":[],"product_cat":[239,242,236,281],"product_tag":[],"class_list":{"0":"post-6770","1":"product","2":"type-product","3":"status-publish","4":"has-post-thumbnail","6":"product_cat-caribe-y-las-americas","7":"product_cat-costero","8":"product_cat-vacaciones-de-aventura-en-velero","9":"product_cat-vacaciones-de-navegacion-al-sol-de-invierno","10":"trip_region-caribe-y-las-americas","11":"trip_type-costero","12":"trip_duration-11-16-dias","14":"first","15":"instock","16":"shipping-taxable","17":"purchasable","18":"product-type-variable"},"acf":[],"yoast_head":"<!-- This site is optimized with the Yoast SEO Premium plugin v27.3 (Yoast SEO v27.5) - https:\/\/yoast.com\/product\/yoast-seo-premium-wordpress\/ -->\n<title>Aventura en velero por Antigua - 5 d\u00edas de para\u00edso en velero<\/title>\n<meta name=\"description\" content=\"\u00a1\u00danete a Rubic\u00f3n 3 en nuestro apreciado viaje en velero de 5 d\u00edas a Antigua! Se aceptan tripulantes solitarios. Descubre playas impresionantes, aguas turquesas y esta isla paradis\u00edaca\" \/>\n<meta name=\"robots\" content=\"index, follow, max-snippet:-1, max-image-preview:large, max-video-preview:-1\" \/>\n<link rel=\"canonical\" href=\"https:\/\/www.rubicon3adventure.com\/es\/produto\/antigua-explorador-de-5-dias-copy\/\" \/>\n<meta property=\"og:locale\" content=\"es_ES\" \/>\n<meta property=\"og:type\" content=\"article\" \/>\n<meta property=\"og:title\" content=\"Aventura en velero por Antigua - 5 d\u00edas de para\u00edso en velero\" \/>\n<meta property=\"og:description\" content=\"\u00a1\u00danete a Rubic\u00f3n 3 en nuestro apreciado viaje en velero de 5 d\u00edas a Antigua! Se aceptan tripulantes solitarios. Descubre playas impresionantes, aguas turquesas y esta isla paradis\u00edaca\" \/>\n<meta property=\"og:url\" content=\"https:\/\/www.rubicon3adventure.com\/es\/produto\/antigua-explorador-de-5-dias-copy\/\" \/>\n<meta property=\"og:site_name\" content=\"Rubicon 3 Adventure\" \/>\n<meta property=\"article:publisher\" content=\"https:\/\/www.facebook.com\/rubicon3sailing\" \/>\n<meta property=\"article:modified_time\" content=\"2024-11-15T13:49:43+00:00\" \/>\n<meta property=\"og:image\" content=\"https:\/\/www.rubicon3adventure.com\/wp-content\/uploads\/2024\/11\/Montserrat-2560.webp\" \/>\n\t<meta property=\"og:image:width\" content=\"2560\" \/>\n\t<meta property=\"og:image:height\" content=\"1708\" \/>\n\t<meta property=\"og:image:type\" content=\"image\/webp\" \/>\n<meta name=\"twitter:card\" content=\"summary_large_image\" \/>\n<meta name=\"twitter:site\" content=\"@rubicon3sailing\" \/>\n<meta name=\"twitter:label1\" content=\"Tiempo de lectura\" \/>\n\t<meta name=\"twitter:data1\" content=\"2 minutos\" \/>\n<script type=\"application\/ld+json\" class=\"yoast-schema-graph\">{\"@context\":\"https:\\\/\\\/schema.org\",\"@graph\":[{\"@type\":\"WebPage\",\"@id\":\"https:\\\/\\\/www.rubicon3adventure.com\\\/es\\\/produto\\\/antigua-explorador-de-5-dias-copy\\\/\",\"url\":\"https:\\\/\\\/www.rubicon3adventure.com\\\/es\\\/produto\\\/antigua-explorador-de-5-dias-copy\\\/\",\"name\":\"Aventura en velero por Antigua - 5 d\u00edas de para\u00edso en velero\",\"isPartOf\":{\"@id\":\"https:\\\/\\\/www.rubicon3adventure.com\\\/es\\\/#website\"},\"primaryImageOfPage\":{\"@id\":\"https:\\\/\\\/www.rubicon3adventure.com\\\/es\\\/produto\\\/antigua-explorador-de-5-dias-copy\\\/#primaryimage\"},\"image\":{\"@id\":\"https:\\\/\\\/www.rubicon3adventure.com\\\/es\\\/produto\\\/antigua-explorador-de-5-dias-copy\\\/#primaryimage\"},\"thumbnailUrl\":\"https:\\\/\\\/www.rubicon3adventure.com\\\/wp-content\\\/uploads\\\/2024\\\/11\\\/Montserrat-2560.webp\",\"datePublished\":\"2024-11-15T08:54:43+00:00\",\"dateModified\":\"2024-11-15T13:49:43+00:00\",\"description\":\"\u00a1\u00danete a Rubic\u00f3n 3 en nuestro apreciado viaje en velero de 5 d\u00edas a Antigua! Se aceptan tripulantes solitarios. Descubre playas impresionantes, aguas turquesas y esta isla paradis\u00edaca\",\"breadcrumb\":{\"@id\":\"https:\\\/\\\/www.rubicon3adventure.com\\\/es\\\/produto\\\/antigua-explorador-de-5-dias-copy\\\/#breadcrumb\"},\"inLanguage\":\"es\",\"potentialAction\":[{\"@type\":\"ReadAction\",\"target\":[\"https:\\\/\\\/www.rubicon3adventure.com\\\/es\\\/produto\\\/antigua-explorador-de-5-dias-copy\\\/\"]}]},{\"@type\":\"ImageObject\",\"inLanguage\":\"es\",\"@id\":\"https:\\\/\\\/www.rubicon3adventure.com\\\/es\\\/produto\\\/antigua-explorador-de-5-dias-copy\\\/#primaryimage\",\"url\":\"https:\\\/\\\/www.rubicon3adventure.com\\\/wp-content\\\/uploads\\\/2024\\\/11\\\/Montserrat-2560.webp\",\"contentUrl\":\"https:\\\/\\\/www.rubicon3adventure.com\\\/wp-content\\\/uploads\\\/2024\\\/11\\\/Montserrat-2560.webp\",\"width\":2560,\"height\":1708,\"caption\":\"Montserrat\"},{\"@type\":\"BreadcrumbList\",\"@id\":\"https:\\\/\\\/www.rubicon3adventure.com\\\/es\\\/produto\\\/antigua-explorador-de-5-dias-copy\\\/#breadcrumb\",\"itemListElement\":[{\"@type\":\"ListItem\",\"position\":1,\"name\":\"Tienda\",\"item\":\"https:\\\/\\\/www.rubicon3adventure.com\\\/es\\\/tienda\\\/\"},{\"@type\":\"ListItem\",\"position\":2,\"name\":\"Antigua Explorador de 5 d\u00edas (Copy)\"}]},{\"@type\":\"WebSite\",\"@id\":\"https:\\\/\\\/www.rubicon3adventure.com\\\/es\\\/#website\",\"url\":\"https:\\\/\\\/www.rubicon3adventure.com\\\/es\\\/\",\"name\":\"Rubicon 3 Adventure\",\"description\":\"\",\"publisher\":{\"@id\":\"https:\\\/\\\/www.rubicon3adventure.com\\\/es\\\/#organization\"},\"potentialAction\":[{\"@type\":\"SearchAction\",\"target\":{\"@type\":\"EntryPoint\",\"urlTemplate\":\"https:\\\/\\\/www.rubicon3adventure.com\\\/es\\\/?s={search_term_string}\"},\"query-input\":{\"@type\":\"PropertyValueSpecification\",\"valueRequired\":true,\"valueName\":\"search_term_string\"}}],\"inLanguage\":\"es\"},{\"@type\":\"Organization\",\"@id\":\"https:\\\/\\\/www.rubicon3adventure.com\\\/es\\\/#organization\",\"name\":\"Rubicon 3 Adventures\",\"alternateName\":\"Blueco Holdings Ltd\",\"url\":\"https:\\\/\\\/www.rubicon3adventure.com\\\/es\\\/\",\"logo\":{\"@type\":\"ImageObject\",\"inLanguage\":\"es\",\"@id\":\"https:\\\/\\\/www.rubicon3adventure.com\\\/es\\\/#\\\/schema\\\/logo\\\/image\\\/\",\"url\":\"https:\\\/\\\/www.rubicon3adventure.com\\\/wp-content\\\/uploads\\\/2024\\\/03\\\/Rubicon_Schema-Image-scaled.jpg\",\"contentUrl\":\"https:\\\/\\\/www.rubicon3adventure.com\\\/wp-content\\\/uploads\\\/2024\\\/03\\\/Rubicon_Schema-Image-scaled.jpg\",\"width\":2560,\"height\":1554,\"caption\":\"Rubicon 3 Adventures\"},\"image\":{\"@id\":\"https:\\\/\\\/www.rubicon3adventure.com\\\/es\\\/#\\\/schema\\\/logo\\\/image\\\/\"},\"sameAs\":[\"https:\\\/\\\/www.facebook.com\\\/rubicon3sailing\",\"https:\\\/\\\/x.com\\\/rubicon3sailing\",\"https:\\\/\\\/www.instagram.com\\\/rubicon_3_sailing\\\/\",\"https:\\\/\\\/www.pinterest.co.uk\\\/rubicon3sailing\\\/\",\"https:\\\/\\\/www.youtube.com\\\/channel\\\/UCUVTAy1Qm4lz0uZI_83Um8A\",\"https:\\\/\\\/www.linkedin.com\\\/company\\\/rubicon-3\\\/\"]}]}<\/script>\n<!-- \/ Yoast SEO Premium plugin. -->","yoast_head_json":{"title":"Aventura en velero por Antigua - 5 d\u00edas de para\u00edso en velero","description":"\u00a1\u00danete a Rubic\u00f3n 3 en nuestro apreciado viaje en velero de 5 d\u00edas a Antigua! Se aceptan tripulantes solitarios. Descubre playas impresionantes, aguas turquesas y esta isla paradis\u00edaca","robots":{"index":"index","follow":"follow","max-snippet":"max-snippet:-1","max-image-preview":"max-image-preview:large","max-video-preview":"max-video-preview:-1"},"canonical":"https:\/\/www.rubicon3adventure.com\/es\/produto\/antigua-explorador-de-5-dias-copy\/","og_locale":"es_ES","og_type":"article","og_title":"Aventura en velero por Antigua - 5 d\u00edas de para\u00edso en velero","og_description":"\u00a1\u00danete a Rubic\u00f3n 3 en nuestro apreciado viaje en velero de 5 d\u00edas a Antigua! Se aceptan tripulantes solitarios. Descubre playas impresionantes, aguas turquesas y esta isla paradis\u00edaca","og_url":"https:\/\/www.rubicon3adventure.com\/es\/produto\/antigua-explorador-de-5-dias-copy\/","og_site_name":"Rubicon 3 Adventure","article_publisher":"https:\/\/www.facebook.com\/rubicon3sailing","article_modified_time":"2024-11-15T13:49:43+00:00","og_image":[{"width":2560,"height":1708,"url":"https:\/\/www.rubicon3adventure.com\/wp-content\/uploads\/2024\/11\/Montserrat-2560.webp","type":"image\/webp"}],"twitter_card":"summary_large_image","twitter_site":"@rubicon3sailing","twitter_misc":{"Tiempo de lectura":"2 minutos"},"schema":{"@context":"https:\/\/schema.org","@graph":[{"@type":"WebPage","@id":"https:\/\/www.rubicon3adventure.com\/es\/produto\/antigua-explorador-de-5-dias-copy\/","url":"https:\/\/www.rubicon3adventure.com\/es\/produto\/antigua-explorador-de-5-dias-copy\/","name":"Aventura en velero por Antigua - 5 d\u00edas de para\u00edso en velero","isPartOf":{"@id":"https:\/\/www.rubicon3adventure.com\/es\/#website"},"primaryImageOfPage":{"@id":"https:\/\/www.rubicon3adventure.com\/es\/produto\/antigua-explorador-de-5-dias-copy\/#primaryimage"},"image":{"@id":"https:\/\/www.rubicon3adventure.com\/es\/produto\/antigua-explorador-de-5-dias-copy\/#primaryimage"},"thumbnailUrl":"https:\/\/www.rubicon3adventure.com\/wp-content\/uploads\/2024\/11\/Montserrat-2560.webp","datePublished":"2024-11-15T08:54:43+00:00","dateModified":"2024-11-15T13:49:43+00:00","description":"\u00a1\u00danete a Rubic\u00f3n 3 en nuestro apreciado viaje en velero de 5 d\u00edas a Antigua! Se aceptan tripulantes solitarios. Descubre playas impresionantes, aguas turquesas y esta isla paradis\u00edaca","breadcrumb":{"@id":"https:\/\/www.rubicon3adventure.com\/es\/produto\/antigua-explorador-de-5-dias-copy\/#breadcrumb"},"inLanguage":"es","potentialAction":[{"@type":"ReadAction","target":["https:\/\/www.rubicon3adventure.com\/es\/produto\/antigua-explorador-de-5-dias-copy\/"]}]},{"@type":"ImageObject","inLanguage":"es","@id":"https:\/\/www.rubicon3adventure.com\/es\/produto\/antigua-explorador-de-5-dias-copy\/#primaryimage","url":"https:\/\/www.rubicon3adventure.com\/wp-content\/uploads\/2024\/11\/Montserrat-2560.webp","contentUrl":"https:\/\/www.rubicon3adventure.com\/wp-content\/uploads\/2024\/11\/Montserrat-2560.webp","width":2560,"height":1708,"caption":"Montserrat"},{"@type":"BreadcrumbList","@id":"https:\/\/www.rubicon3adventure.com\/es\/produto\/antigua-explorador-de-5-dias-copy\/#breadcrumb","itemListElement":[{"@type":"ListItem","position":1,"name":"Tienda","item":"https:\/\/www.rubicon3adventure.com\/es\/tienda\/"},{"@type":"ListItem","position":2,"name":"Antigua Explorador de 5 d\u00edas (Copy)"}]},{"@type":"WebSite","@id":"https:\/\/www.rubicon3adventure.com\/es\/#website","url":"https:\/\/www.rubicon3adventure.com\/es\/","name":"Rubicon 3 Adventure","description":"","publisher":{"@id":"https:\/\/www.rubicon3adventure.com\/es\/#organization"},"potentialAction":[{"@type":"SearchAction","target":{"@type":"EntryPoint","urlTemplate":"https:\/\/www.rubicon3adventure.com\/es\/?s={search_term_string}"},"query-input":{"@type":"PropertyValueSpecification","valueRequired":true,"valueName":"search_term_string"}}],"inLanguage":"es"},{"@type":"Organization","@id":"https:\/\/www.rubicon3adventure.com\/es\/#organization","name":"Rubicon 3 Adventures","alternateName":"Blueco Holdings Ltd","url":"https:\/\/www.rubicon3adventure.com\/es\/","logo":{"@type":"ImageObject","inLanguage":"es","@id":"https:\/\/www.rubicon3adventure.com\/es\/#\/schema\/logo\/image\/","url":"https:\/\/www.rubicon3adventure.com\/wp-content\/uploads\/2024\/03\/Rubicon_Schema-Image-scaled.jpg","contentUrl":"https:\/\/www.rubicon3adventure.com\/wp-content\/uploads\/2024\/03\/Rubicon_Schema-Image-scaled.jpg","width":2560,"height":1554,"caption":"Rubicon 3 Adventures"},"image":{"@id":"https:\/\/www.rubicon3adventure.com\/es\/#\/schema\/logo\/image\/"},"sameAs":["https:\/\/www.facebook.com\/rubicon3sailing","https:\/\/x.com\/rubicon3sailing","https:\/\/www.instagram.com\/rubicon_3_sailing\/","https:\/\/www.pinterest.co.uk\/rubicon3sailing\/","https:\/\/www.youtube.com\/channel\/UCUVTAy1Qm4lz0uZI_83Um8A","https:\/\/www.linkedin.com\/company\/rubicon-3\/"]}]}},"_links":{"self":[{"href":"https:\/\/www.rubicon3adventure.com\/es\/wp-json\/wp\/v2\/product\/6770","targetHints":{"allow":["GET"]}}],"collection":[{"href":"https:\/\/www.rubicon3adventure.com\/es\/wp-json\/wp\/v2\/product"}],"about":[{"href":"https:\/\/www.rubicon3adventure.com\/es\/wp-json\/wp\/v2\/types\/product"}],"replies":[{"embeddable":true,"href":"https:\/\/www.rubicon3adventure.com\/es\/wp-json\/wp\/v2\/comments?post=6770"}],"wp:featuredmedia":[{"embeddable":true,"href":"https:\/\/www.rubicon3adventure.com\/es\/wp-json\/wp\/v2\/media\/6811"}],"wp:attachment":[{"href":"https:\/\/www.rubicon3adventure.com\/es\/wp-json\/wp\/v2\/media?parent=6770"}],"wp:term":[{"taxonomy":"product_brand","embeddable":true,"href":"https:\/\/www.rubicon3adventure.com\/es\/wp-json\/wp\/v2\/product_brand?post=6770"},{"taxonomy":"product_cat","embeddable":true,"href":"https:\/\/www.rubicon3adventure.com\/es\/wp-json\/wp\/v2\/product_cat?post=6770"},{"taxonomy":"product_tag","embeddable":true,"href":"https:\/\/www.rubicon3adventure.com\/es\/wp-json\/wp\/v2\/product_tag?post=6770"}],"curies":[{"name":"wp","href":"https:\/\/api.w.org\/{rel}","templated":true}]}}