{"id":6970,"date":"2024-12-01T12:35:14","date_gmt":"2024-12-01T12:35:14","guid":{"rendered":"https:\/\/www.rubicon3adventure.com\/?post_type=product&#038;p=6970"},"modified":"2024-12-01T14:36:52","modified_gmt":"2024-12-01T14:36:52","slug":"caribe-offshore-1000-de-antigua-a-jamaica-copy","status":"publish","type":"product","link":"https:\/\/www.rubicon3adventure.com\/es\/produto\/caribe-offshore-1000-de-antigua-a-jamaica-copy\/","title":{"rendered":"Caribe Offshore 1000: De Antigua a Jamaica (Copy)"},"content":{"rendered":"<p data-pm-slice=\"1 1 []\">\u00danete a la tripulaci\u00f3n en una de las grandes traves\u00edas a vela en alta mar mientras navegamos 1000 millas a sotavento de los c\u00e1lidos y poderosos vientos alisios desde Antigua a Jamaica. Comenzando con navegaci\u00f3n costera y entrenamiento alrededor de Antigua y Nieves y San Crist\u00f3bal, esta emblem\u00e1tica ruta se adentrar\u00e1 despu\u00e9s en el Mar Caribe por una de las grandes rutas de vientos alisios a favor del viento. Dejamos las Islas V\u00edrgenes al norte, junto con Puerto Rico, y luego navegamos por la costa sur de la Rep\u00fablica Dominicana y Hait\u00ed antes de tocar tierra en Jamaica. Para los amantes de la navegaci\u00f3n oce\u00e1nica c\u00e1lida, r\u00e1pida y estimulante, con algo de exploraci\u00f3n tambi\u00e9n, \u00a1esto es sencillamente inmejorable!<\/p>\n<h5>\u00bfPreparado para la aventura de tu vida con los expertos en navegaci\u00f3n de altura?<\/h5>\n<p data-pm-slice=\"1 1 []\">Rubicon 3 es conocida como la empresa experta en navegaci\u00f3n en alta mar, reconocida en el mundo de la navegaci\u00f3n por su amplia experiencia, su completa formaci\u00f3n y su dedicaci\u00f3n a la aventura y el descubrimiento. Nuestro equipo de expertos, con gran experiencia en traves\u00edas oce\u00e1nicas, ofrece instrucci\u00f3n pr\u00e1ctica en todos los aspectos de la navegaci\u00f3n oce\u00e1nica, dirigida tanto a los que se inician en la navegaci\u00f3n oce\u00e1nica como a los navegantes m\u00e1s experimentados.<\/p>\n<p>Lo que nos diferencia de los dem\u00e1s es nuestra selecci\u00f3n de rutas \u00fanicas y menos transitadas, que garantizan una navegaci\u00f3n oce\u00e1nica y de altura estimulante y llena de descubrimientos. En el centro de nuestra \u00e9tica est\u00e1 un compromiso inquebrantable con la seguridad y la sostenibilidad medioambiental, garantizando que cada viaje respete tanto a los marineros como al mar. Adem\u00e1s, nos centramos tanto en el desarrollo de habilidades individuales como en una escuela de vela, para que todos participen plenamente en todos los aspectos de la traves\u00eda. Este enfoque hol\u00edstico ha forjado la reputaci\u00f3n de Rubicon 3 como expertos a los que acudir si buscas el m\u00e1ximo nivel de navegaci\u00f3n en alta mar&#8230;<\/p>\n<h5>\u00bfQuieres unirte?<\/h5>\n<p>Ve al bot\u00f3n Fechas y precios para ver las fechas en que se realiza este viaje. Tambi\u00e9n te dar\u00e1 informaci\u00f3n sobre el viaje de conexi\u00f3n, incluido d\u00f3nde volar y cu\u00e1ndo y d\u00f3nde unirte al barco.<\/p>\n","protected":false},"excerpt":{"rendered":"<p>Emb\u00e1rcate en una emocionante traves\u00eda en velero por el Caribe, con 1.000 millas de aventura navegando por el Mar Caribe desde Antigua hasta Jamaica.<\/p>\n","protected":false},"featured_media":3637,"comment_status":"closed","ping_status":"closed","template":"","meta":{"_acf_changed":false,"content-type":""},"product_brand":[],"product_cat":[239,257,281],"product_tag":[],"class_list":{"0":"post-6970","1":"product","2":"type-product","3":"status-publish","4":"has-post-thumbnail","6":"product_cat-caribe-y-las-americas","7":"product_cat-en-alta-mar","8":"product_cat-vacaciones-de-navegacion-al-sol-de-invierno","9":"trip_region-caribe-y-las-americas","10":"trip_type-alta-mar","11":"trip_duration-11-16-dias","13":"first","14":"instock","15":"shipping-taxable","16":"purchasable","17":"product-type-variable"},"acf":[],"yoast_head":"<!-- This site is optimized with the Yoast SEO Premium plugin v27.5 (Yoast SEO v27.5) - https:\/\/yoast.com\/product\/yoast-seo-premium-wordpress\/ -->\n<title>Aventura de navegaci\u00f3n en alta mar. Navega de Antigua a Jamaica. \u00a1\u00danete!<\/title>\n<meta name=\"description\" content=\"\u00danete a una \u00e9pica aventura de navegaci\u00f3n en alta mar desde Antigua a Jamaica. Navegaci\u00f3n con vientos alisios y m\u00e1xima aventura. Islas m\u00e1gicas en ruta. Tripulaci\u00f3n en solitario bienvenida\" \/>\n<meta name=\"robots\" content=\"index, follow, max-snippet:-1, max-image-preview:large, max-video-preview:-1\" \/>\n<link rel=\"canonical\" href=\"https:\/\/www.rubicon3adventure.com\/es\/produto\/caribe-offshore-1000-de-antigua-a-jamaica-copy\/\" \/>\n<meta property=\"og:locale\" content=\"es_ES\" \/>\n<meta property=\"og:type\" content=\"article\" \/>\n<meta property=\"og:title\" content=\"Aventura de navegaci\u00f3n en alta mar. Navega de Antigua a Jamaica. \u00a1\u00danete!\" \/>\n<meta property=\"og:description\" content=\"\u00danete a una \u00e9pica aventura de navegaci\u00f3n en alta mar desde Antigua a Jamaica. Navegaci\u00f3n con vientos alisios y m\u00e1xima aventura. Islas m\u00e1gicas en ruta. Tripulaci\u00f3n en solitario bienvenida\" \/>\n<meta property=\"og:url\" content=\"https:\/\/www.rubicon3adventure.com\/es\/produto\/caribe-offshore-1000-de-antigua-a-jamaica-copy\/\" \/>\n<meta property=\"og:site_name\" content=\"Rubicon 3 Adventure\" \/>\n<meta property=\"article:publisher\" content=\"https:\/\/www.facebook.com\/rubicon3sailing\" \/>\n<meta property=\"article:modified_time\" content=\"2024-12-01T14:36:52+00:00\" \/>\n<meta property=\"og:image\" content=\"https:\/\/www.rubicon3adventure.com\/wp-content\/uploads\/2024\/01\/drone-shot-of-yacht-2560x1708-1.webp\" \/>\n\t<meta property=\"og:image:width\" content=\"2560\" \/>\n\t<meta property=\"og:image:height\" content=\"1708\" \/>\n\t<meta property=\"og:image:type\" content=\"image\/webp\" \/>\n<meta name=\"twitter:card\" content=\"summary_large_image\" \/>\n<meta name=\"twitter:site\" content=\"@rubicon3sailing\" \/>\n<meta name=\"twitter:label1\" content=\"Tiempo de lectura\" \/>\n\t<meta name=\"twitter:data1\" content=\"2 minutos\" \/>\n<script type=\"application\/ld+json\" class=\"yoast-schema-graph\">{\"@context\":\"https:\\\/\\\/schema.org\",\"@graph\":[{\"@type\":\"WebPage\",\"@id\":\"https:\\\/\\\/www.rubicon3adventure.com\\\/es\\\/produto\\\/caribe-offshore-1000-de-antigua-a-jamaica-copy\\\/\",\"url\":\"https:\\\/\\\/www.rubicon3adventure.com\\\/es\\\/produto\\\/caribe-offshore-1000-de-antigua-a-jamaica-copy\\\/\",\"name\":\"Aventura de navegaci\u00f3n en alta mar. Navega de Antigua a Jamaica. \u00a1\u00danete!\",\"isPartOf\":{\"@id\":\"https:\\\/\\\/www.rubicon3adventure.com\\\/es\\\/#website\"},\"primaryImageOfPage\":{\"@id\":\"https:\\\/\\\/www.rubicon3adventure.com\\\/es\\\/produto\\\/caribe-offshore-1000-de-antigua-a-jamaica-copy\\\/#primaryimage\"},\"image\":{\"@id\":\"https:\\\/\\\/www.rubicon3adventure.com\\\/es\\\/produto\\\/caribe-offshore-1000-de-antigua-a-jamaica-copy\\\/#primaryimage\"},\"thumbnailUrl\":\"https:\\\/\\\/www.rubicon3adventure.com\\\/wp-content\\\/uploads\\\/2024\\\/01\\\/drone-shot-of-yacht-2560x1708-1.webp\",\"datePublished\":\"2024-12-01T12:35:14+00:00\",\"dateModified\":\"2024-12-01T14:36:52+00:00\",\"description\":\"\u00danete a una \u00e9pica aventura de navegaci\u00f3n en alta mar desde Antigua a Jamaica. Navegaci\u00f3n con vientos alisios y m\u00e1xima aventura. Islas m\u00e1gicas en ruta. Tripulaci\u00f3n en solitario bienvenida\",\"breadcrumb\":{\"@id\":\"https:\\\/\\\/www.rubicon3adventure.com\\\/es\\\/produto\\\/caribe-offshore-1000-de-antigua-a-jamaica-copy\\\/#breadcrumb\"},\"inLanguage\":\"es\",\"potentialAction\":[{\"@type\":\"ReadAction\",\"target\":[\"https:\\\/\\\/www.rubicon3adventure.com\\\/es\\\/produto\\\/caribe-offshore-1000-de-antigua-a-jamaica-copy\\\/\"]}]},{\"@type\":\"ImageObject\",\"inLanguage\":\"es\",\"@id\":\"https:\\\/\\\/www.rubicon3adventure.com\\\/es\\\/produto\\\/caribe-offshore-1000-de-antigua-a-jamaica-copy\\\/#primaryimage\",\"url\":\"https:\\\/\\\/www.rubicon3adventure.com\\\/wp-content\\\/uploads\\\/2024\\\/01\\\/drone-shot-of-yacht-2560x1708-1.webp\",\"contentUrl\":\"https:\\\/\\\/www.rubicon3adventure.com\\\/wp-content\\\/uploads\\\/2024\\\/01\\\/drone-shot-of-yacht-2560x1708-1.webp\",\"width\":2560,\"height\":1708,\"caption\":\"Drone shot of yacht\"},{\"@type\":\"BreadcrumbList\",\"@id\":\"https:\\\/\\\/www.rubicon3adventure.com\\\/es\\\/produto\\\/caribe-offshore-1000-de-antigua-a-jamaica-copy\\\/#breadcrumb\",\"itemListElement\":[{\"@type\":\"ListItem\",\"position\":1,\"name\":\"Tienda\",\"item\":\"https:\\\/\\\/www.rubicon3adventure.com\\\/es\\\/tienda\\\/\"},{\"@type\":\"ListItem\",\"position\":2,\"name\":\"Caribe Offshore 1000: De Antigua a Jamaica (Copy)\"}]},{\"@type\":\"WebSite\",\"@id\":\"https:\\\/\\\/www.rubicon3adventure.com\\\/es\\\/#website\",\"url\":\"https:\\\/\\\/www.rubicon3adventure.com\\\/es\\\/\",\"name\":\"Rubicon 3 Adventure\",\"description\":\"\",\"publisher\":{\"@id\":\"https:\\\/\\\/www.rubicon3adventure.com\\\/es\\\/#organization\"},\"potentialAction\":[{\"@type\":\"SearchAction\",\"target\":{\"@type\":\"EntryPoint\",\"urlTemplate\":\"https:\\\/\\\/www.rubicon3adventure.com\\\/es\\\/?s={search_term_string}\"},\"query-input\":{\"@type\":\"PropertyValueSpecification\",\"valueRequired\":true,\"valueName\":\"search_term_string\"}}],\"inLanguage\":\"es\"},{\"@type\":\"Organization\",\"@id\":\"https:\\\/\\\/www.rubicon3adventure.com\\\/es\\\/#organization\",\"name\":\"Rubicon 3 Adventures\",\"alternateName\":\"Blueco Holdings Ltd\",\"url\":\"https:\\\/\\\/www.rubicon3adventure.com\\\/es\\\/\",\"logo\":{\"@type\":\"ImageObject\",\"inLanguage\":\"es\",\"@id\":\"https:\\\/\\\/www.rubicon3adventure.com\\\/es\\\/#\\\/schema\\\/logo\\\/image\\\/\",\"url\":\"https:\\\/\\\/www.rubicon3adventure.com\\\/wp-content\\\/uploads\\\/2024\\\/03\\\/Rubicon_Schema-Image-scaled.jpg\",\"contentUrl\":\"https:\\\/\\\/www.rubicon3adventure.com\\\/wp-content\\\/uploads\\\/2024\\\/03\\\/Rubicon_Schema-Image-scaled.jpg\",\"width\":2560,\"height\":1554,\"caption\":\"Rubicon 3 Adventures\"},\"image\":{\"@id\":\"https:\\\/\\\/www.rubicon3adventure.com\\\/es\\\/#\\\/schema\\\/logo\\\/image\\\/\"},\"sameAs\":[\"https:\\\/\\\/www.facebook.com\\\/rubicon3sailing\",\"https:\\\/\\\/x.com\\\/rubicon3sailing\",\"https:\\\/\\\/www.instagram.com\\\/rubicon_3_sailing\\\/\",\"https:\\\/\\\/www.pinterest.co.uk\\\/rubicon3sailing\\\/\",\"https:\\\/\\\/www.youtube.com\\\/channel\\\/UCUVTAy1Qm4lz0uZI_83Um8A\",\"https:\\\/\\\/www.linkedin.com\\\/company\\\/rubicon-3\\\/\"]}]}<\/script>\n<!-- \/ Yoast SEO Premium plugin. -->","yoast_head_json":{"title":"Aventura de navegaci\u00f3n en alta mar. Navega de Antigua a Jamaica. \u00a1\u00danete!","description":"\u00danete a una \u00e9pica aventura de navegaci\u00f3n en alta mar desde Antigua a Jamaica. Navegaci\u00f3n con vientos alisios y m\u00e1xima aventura. Islas m\u00e1gicas en ruta. Tripulaci\u00f3n en solitario bienvenida","robots":{"index":"index","follow":"follow","max-snippet":"max-snippet:-1","max-image-preview":"max-image-preview:large","max-video-preview":"max-video-preview:-1"},"canonical":"https:\/\/www.rubicon3adventure.com\/es\/produto\/caribe-offshore-1000-de-antigua-a-jamaica-copy\/","og_locale":"es_ES","og_type":"article","og_title":"Aventura de navegaci\u00f3n en alta mar. Navega de Antigua a Jamaica. \u00a1\u00danete!","og_description":"\u00danete a una \u00e9pica aventura de navegaci\u00f3n en alta mar desde Antigua a Jamaica. Navegaci\u00f3n con vientos alisios y m\u00e1xima aventura. Islas m\u00e1gicas en ruta. Tripulaci\u00f3n en solitario bienvenida","og_url":"https:\/\/www.rubicon3adventure.com\/es\/produto\/caribe-offshore-1000-de-antigua-a-jamaica-copy\/","og_site_name":"Rubicon 3 Adventure","article_publisher":"https:\/\/www.facebook.com\/rubicon3sailing","article_modified_time":"2024-12-01T14:36:52+00:00","og_image":[{"width":2560,"height":1708,"url":"https:\/\/www.rubicon3adventure.com\/wp-content\/uploads\/2024\/01\/drone-shot-of-yacht-2560x1708-1.webp","type":"image\/webp"}],"twitter_card":"summary_large_image","twitter_site":"@rubicon3sailing","twitter_misc":{"Tiempo de lectura":"2 minutos"},"schema":{"@context":"https:\/\/schema.org","@graph":[{"@type":"WebPage","@id":"https:\/\/www.rubicon3adventure.com\/es\/produto\/caribe-offshore-1000-de-antigua-a-jamaica-copy\/","url":"https:\/\/www.rubicon3adventure.com\/es\/produto\/caribe-offshore-1000-de-antigua-a-jamaica-copy\/","name":"Aventura de navegaci\u00f3n en alta mar. Navega de Antigua a Jamaica. \u00a1\u00danete!","isPartOf":{"@id":"https:\/\/www.rubicon3adventure.com\/es\/#website"},"primaryImageOfPage":{"@id":"https:\/\/www.rubicon3adventure.com\/es\/produto\/caribe-offshore-1000-de-antigua-a-jamaica-copy\/#primaryimage"},"image":{"@id":"https:\/\/www.rubicon3adventure.com\/es\/produto\/caribe-offshore-1000-de-antigua-a-jamaica-copy\/#primaryimage"},"thumbnailUrl":"https:\/\/www.rubicon3adventure.com\/wp-content\/uploads\/2024\/01\/drone-shot-of-yacht-2560x1708-1.webp","datePublished":"2024-12-01T12:35:14+00:00","dateModified":"2024-12-01T14:36:52+00:00","description":"\u00danete a una \u00e9pica aventura de navegaci\u00f3n en alta mar desde Antigua a Jamaica. Navegaci\u00f3n con vientos alisios y m\u00e1xima aventura. Islas m\u00e1gicas en ruta. Tripulaci\u00f3n en solitario bienvenida","breadcrumb":{"@id":"https:\/\/www.rubicon3adventure.com\/es\/produto\/caribe-offshore-1000-de-antigua-a-jamaica-copy\/#breadcrumb"},"inLanguage":"es","potentialAction":[{"@type":"ReadAction","target":["https:\/\/www.rubicon3adventure.com\/es\/produto\/caribe-offshore-1000-de-antigua-a-jamaica-copy\/"]}]},{"@type":"ImageObject","inLanguage":"es","@id":"https:\/\/www.rubicon3adventure.com\/es\/produto\/caribe-offshore-1000-de-antigua-a-jamaica-copy\/#primaryimage","url":"https:\/\/www.rubicon3adventure.com\/wp-content\/uploads\/2024\/01\/drone-shot-of-yacht-2560x1708-1.webp","contentUrl":"https:\/\/www.rubicon3adventure.com\/wp-content\/uploads\/2024\/01\/drone-shot-of-yacht-2560x1708-1.webp","width":2560,"height":1708,"caption":"Drone shot of yacht"},{"@type":"BreadcrumbList","@id":"https:\/\/www.rubicon3adventure.com\/es\/produto\/caribe-offshore-1000-de-antigua-a-jamaica-copy\/#breadcrumb","itemListElement":[{"@type":"ListItem","position":1,"name":"Tienda","item":"https:\/\/www.rubicon3adventure.com\/es\/tienda\/"},{"@type":"ListItem","position":2,"name":"Caribe Offshore 1000: De Antigua a Jamaica (Copy)"}]},{"@type":"WebSite","@id":"https:\/\/www.rubicon3adventure.com\/es\/#website","url":"https:\/\/www.rubicon3adventure.com\/es\/","name":"Rubicon 3 Adventure","description":"","publisher":{"@id":"https:\/\/www.rubicon3adventure.com\/es\/#organization"},"potentialAction":[{"@type":"SearchAction","target":{"@type":"EntryPoint","urlTemplate":"https:\/\/www.rubicon3adventure.com\/es\/?s={search_term_string}"},"query-input":{"@type":"PropertyValueSpecification","valueRequired":true,"valueName":"search_term_string"}}],"inLanguage":"es"},{"@type":"Organization","@id":"https:\/\/www.rubicon3adventure.com\/es\/#organization","name":"Rubicon 3 Adventures","alternateName":"Blueco Holdings Ltd","url":"https:\/\/www.rubicon3adventure.com\/es\/","logo":{"@type":"ImageObject","inLanguage":"es","@id":"https:\/\/www.rubicon3adventure.com\/es\/#\/schema\/logo\/image\/","url":"https:\/\/www.rubicon3adventure.com\/wp-content\/uploads\/2024\/03\/Rubicon_Schema-Image-scaled.jpg","contentUrl":"https:\/\/www.rubicon3adventure.com\/wp-content\/uploads\/2024\/03\/Rubicon_Schema-Image-scaled.jpg","width":2560,"height":1554,"caption":"Rubicon 3 Adventures"},"image":{"@id":"https:\/\/www.rubicon3adventure.com\/es\/#\/schema\/logo\/image\/"},"sameAs":["https:\/\/www.facebook.com\/rubicon3sailing","https:\/\/x.com\/rubicon3sailing","https:\/\/www.instagram.com\/rubicon_3_sailing\/","https:\/\/www.pinterest.co.uk\/rubicon3sailing\/","https:\/\/www.youtube.com\/channel\/UCUVTAy1Qm4lz0uZI_83Um8A","https:\/\/www.linkedin.com\/company\/rubicon-3\/"]}]}},"_links":{"self":[{"href":"https:\/\/www.rubicon3adventure.com\/es\/wp-json\/wp\/v2\/product\/6970","targetHints":{"allow":["GET"]}}],"collection":[{"href":"https:\/\/www.rubicon3adventure.com\/es\/wp-json\/wp\/v2\/product"}],"about":[{"href":"https:\/\/www.rubicon3adventure.com\/es\/wp-json\/wp\/v2\/types\/product"}],"replies":[{"embeddable":true,"href":"https:\/\/www.rubicon3adventure.com\/es\/wp-json\/wp\/v2\/comments?post=6970"}],"wp:featuredmedia":[{"embeddable":true,"href":"https:\/\/www.rubicon3adventure.com\/es\/wp-json\/wp\/v2\/media\/3637"}],"wp:attachment":[{"href":"https:\/\/www.rubicon3adventure.com\/es\/wp-json\/wp\/v2\/media?parent=6970"}],"wp:term":[{"taxonomy":"product_brand","embeddable":true,"href":"https:\/\/www.rubicon3adventure.com\/es\/wp-json\/wp\/v2\/product_brand?post=6970"},{"taxonomy":"product_cat","embeddable":true,"href":"https:\/\/www.rubicon3adventure.com\/es\/wp-json\/wp\/v2\/product_cat?post=6970"},{"taxonomy":"product_tag","embeddable":true,"href":"https:\/\/www.rubicon3adventure.com\/es\/wp-json\/wp\/v2\/product_tag?post=6970"}],"curies":[{"name":"wp","href":"https:\/\/api.w.org\/{rel}","templated":true}]}}