{"id":7110,"date":"2024-12-03T14:10:35","date_gmt":"2024-12-03T14:10:35","guid":{"rendered":"https:\/\/www.rubicon3adventure.com\/?post_type=product&#038;p=7110"},"modified":"2024-12-03T15:56:22","modified_gmt":"2024-12-03T15:56:22","slug":"navega-por-el-atlantico-nueva-york-terranova-reino-unido-copy-copy-copy","status":"publish","type":"product","link":"https:\/\/www.rubicon3adventure.com\/es\/produto\/navega-por-el-atlantico-nueva-york-terranova-reino-unido-copy-copy-copy\/","title":{"rendered":"Navega por el Atl\u00e1ntico: Nueva York &#8211; Terranova &#8211; Reino Unido (Copy) (Copy) (Copy)"},"content":{"rendered":"<p><span data-preserver-spaces=\"true\">Embarcando desde la emblem\u00e1tica Estatua de la Libertad de Nueva York, \u00e9sta es la ruta definitiva para navegar a trav\u00e9s del Oc\u00e9ano Atl\u00e1ntico y es un camino de aventuras y descubrimientos. El viaje comienza navegando por el pintoresco estrecho de Long Island, un tramo rico en historia mar\u00edtima, donde las aguas est\u00e1n salpicadas de peque\u00f1as islas y bulliciosas ciudades costeras. Al continuar hacia el norte, el paisaje se transforma en las escarpadas costas de Nueva Escocia, una tierra de pintorescos pueblos pesqueros y folclore ancestral. El viaje contin\u00faa m\u00e1s al norte, hacia Terranova, una frontera remota y salvaje y la regi\u00f3n de los icebergs, las ballenas y las famosas nieblas espesas. Desde Terranova, el viaje gira hacia el este, zarpando a trav\u00e9s del Atl\u00e1ntico, navegando 2000 millas hacia la hermosa costa oeste de Escocia. Es una de las rutas transatl\u00e1nticas y aventuras de navegaci\u00f3n m\u00e1s incre\u00edbles.<\/span><\/p>\n<h5><span data-preserver-spaces=\"true\">\u00bfPreparado para la aventura de tu vida con los expertos en navegaci\u00f3n de altura?<\/span><\/h5>\n<p><span data-preserver-spaces=\"true\">Rubicon 3 es conocida como la empresa experta en navegaci\u00f3n en alta mar, reconocida en el mundo de la navegaci\u00f3n por su amplia experiencia, su completa formaci\u00f3n y su dedicaci\u00f3n a la aventura y el descubrimiento. Nuestro equipo de expertos, con gran experiencia en la navegaci\u00f3n oce\u00e1nica de traves\u00eda, ofrece instrucci\u00f3n pr\u00e1ctica en todos los aspectos de la navegaci\u00f3n oce\u00e1nica, dirigida tanto a los que se inician en la navegaci\u00f3n oce\u00e1nica como a los navegantes m\u00e1s experimentados.<\/span><\/p>\n<p><span data-preserver-spaces=\"true\">Nuestra selecci\u00f3n de aventuras \u00fanicas y rutas menos transitadas nos distingue, garantizando una navegaci\u00f3n en alta mar y oce\u00e1nica estimulante y llena de descubrimientos, navegando en el barco adecuado con los m\u00e1s altos niveles de seguridad y con todo el equipo de seguridad necesario. Nuestra \u00e9tica es un compromiso inquebrantable con la seguridad y la sostenibilidad medioambiental, garantizando que cada viaje respete a los marineros y al mar. Adem\u00e1s, nos centramos en el desarrollo de habilidades individuales tanto como una escuela de vela, de modo que todos participen plenamente en cada aspecto de la traves\u00eda. Este enfoque hol\u00edstico ha forjado la reputaci\u00f3n de Rubicon 3 como expertos a los que acudir para cualquiera que busque el m\u00e1s alto nivel de navegaci\u00f3n en alta mar.<\/span><\/p>\n<h5><span data-preserver-spaces=\"true\">\u00bfQuieres unirte?<\/span><\/h5>\n<p><span data-preserver-spaces=\"true\">Ve al bot\u00f3n Fechas y Precios para ver las fechas de este viaje. Tambi\u00e9n te dar\u00e1 informaci\u00f3n sobre el viaje de conexi\u00f3n, incluido d\u00f3nde volar y cu\u00e1ndo y d\u00f3nde unirte al barco.<\/span><\/p>\n","protected":false},"excerpt":{"rendered":"<p>La aventura definitiva de navegaci\u00f3n por el Atl\u00e1ntico, con salida en Nueva York y navegaci\u00f3n hacia el norte de Nueva Escocia y Terranova, antes de cruzar el oc\u00e9ano Atl\u00e1ntico y llegar a la hermosa costa oeste de Escocia.<\/p>\n","protected":false},"featured_media":9506,"comment_status":"closed","ping_status":"closed","template":"","meta":{"_acf_changed":false,"content-type":""},"product_brand":[],"product_cat":[242,254,236],"product_tag":[],"class_list":{"0":"post-7110","1":"product","2":"type-product","3":"status-publish","4":"has-post-thumbnail","6":"product_cat-costero","7":"product_cat-noruega-islandia-y-el-artico","8":"product_cat-vacaciones-de-aventura-en-velero","9":"trip_region-noruega-islandia-y-el-artico","10":"trip_type-costero","11":"trip_duration-11-16-dias","13":"first","14":"outofstock","15":"shipping-taxable","16":"purchasable","17":"product-type-variable"},"acf":[],"yoast_head":"<!-- This site is optimized with the Yoast SEO Premium plugin v27.3 (Yoast SEO v27.3) - https:\/\/yoast.com\/product\/yoast-seo-premium-wordpress\/ -->\n<title>La Aventura Definitiva de Navegar por el Atl\u00e1ntico: Nueva York - Terranova - Reino Unido<\/title>\n<meta name=\"description\" content=\"Navega por el Atl\u00e1ntico de Nueva York a Escocia pasando por Nueva Escocia y Terranova. La ruta definitiva, dirigida por los mejores navegantes de aventura. Se aceptan tripulantes solitarios.\" \/>\n<meta name=\"robots\" content=\"index, follow, max-snippet:-1, max-image-preview:large, max-video-preview:-1\" \/>\n<link rel=\"canonical\" href=\"https:\/\/www.rubicon3adventure.com\/es\/produto\/navega-por-el-atlantico-nueva-york-terranova-reino-unido-copy-copy-copy\/\" \/>\n<meta property=\"og:locale\" content=\"es_ES\" \/>\n<meta property=\"og:type\" content=\"article\" \/>\n<meta property=\"og:title\" content=\"La Aventura Definitiva de Navegar por el Atl\u00e1ntico: Nueva York - Terranova - Reino Unido\" \/>\n<meta property=\"og:description\" content=\"Navega por el Atl\u00e1ntico de Nueva York a Escocia pasando por Nueva Escocia y Terranova. La ruta definitiva, dirigida por los mejores navegantes de aventura. Se aceptan tripulantes solitarios.\" \/>\n<meta property=\"og:url\" content=\"https:\/\/www.rubicon3adventure.com\/es\/produto\/navega-por-el-atlantico-nueva-york-terranova-reino-unido-copy-copy-copy\/\" \/>\n<meta property=\"og:site_name\" content=\"Rubicon 3 Adventure\" \/>\n<meta property=\"article:publisher\" content=\"https:\/\/www.facebook.com\/rubicon3sailing\" \/>\n<meta property=\"article:modified_time\" content=\"2024-12-03T15:56:22+00:00\" \/>\n<meta property=\"og:image\" content=\"https:\/\/www.rubicon3adventure.com\/wp-content\/uploads\/2024\/12\/greenland-Kulusuk-2560.webp\" \/>\n\t<meta property=\"og:image:width\" content=\"2560\" \/>\n\t<meta property=\"og:image:height\" content=\"1440\" \/>\n\t<meta property=\"og:image:type\" content=\"image\/webp\" \/>\n<meta name=\"twitter:card\" content=\"summary_large_image\" \/>\n<meta name=\"twitter:site\" content=\"@rubicon3sailing\" \/>\n<meta name=\"twitter:label1\" content=\"Tiempo de lectura\" \/>\n\t<meta name=\"twitter:data1\" content=\"2 minutos\" \/>\n<script type=\"application\/ld+json\" class=\"yoast-schema-graph\">{\"@context\":\"https:\\\/\\\/schema.org\",\"@graph\":[{\"@type\":\"WebPage\",\"@id\":\"https:\\\/\\\/www.rubicon3adventure.com\\\/es\\\/produto\\\/navega-por-el-atlantico-nueva-york-terranova-reino-unido-copy-copy-copy\\\/\",\"url\":\"https:\\\/\\\/www.rubicon3adventure.com\\\/es\\\/produto\\\/navega-por-el-atlantico-nueva-york-terranova-reino-unido-copy-copy-copy\\\/\",\"name\":\"La Aventura Definitiva de Navegar por el Atl\u00e1ntico: Nueva York - Terranova - Reino Unido\",\"isPartOf\":{\"@id\":\"https:\\\/\\\/www.rubicon3adventure.com\\\/es\\\/#website\"},\"primaryImageOfPage\":{\"@id\":\"https:\\\/\\\/www.rubicon3adventure.com\\\/es\\\/produto\\\/navega-por-el-atlantico-nueva-york-terranova-reino-unido-copy-copy-copy\\\/#primaryimage\"},\"image\":{\"@id\":\"https:\\\/\\\/www.rubicon3adventure.com\\\/es\\\/produto\\\/navega-por-el-atlantico-nueva-york-terranova-reino-unido-copy-copy-copy\\\/#primaryimage\"},\"thumbnailUrl\":\"https:\\\/\\\/www.rubicon3adventure.com\\\/wp-content\\\/uploads\\\/2024\\\/12\\\/disko-greenland-2560.webp\",\"datePublished\":\"2024-12-03T14:10:35+00:00\",\"dateModified\":\"2024-12-03T15:56:22+00:00\",\"description\":\"Navega por el Atl\u00e1ntico de Nueva York a Escocia pasando por Nueva Escocia y Terranova. La ruta definitiva, dirigida por los mejores navegantes de aventura. Se aceptan tripulantes solitarios.\",\"breadcrumb\":{\"@id\":\"https:\\\/\\\/www.rubicon3adventure.com\\\/es\\\/produto\\\/navega-por-el-atlantico-nueva-york-terranova-reino-unido-copy-copy-copy\\\/#breadcrumb\"},\"inLanguage\":\"es\",\"potentialAction\":[{\"@type\":\"ReadAction\",\"target\":[\"https:\\\/\\\/www.rubicon3adventure.com\\\/es\\\/produto\\\/navega-por-el-atlantico-nueva-york-terranova-reino-unido-copy-copy-copy\\\/\"]}]},{\"@type\":\"ImageObject\",\"inLanguage\":\"es\",\"@id\":\"https:\\\/\\\/www.rubicon3adventure.com\\\/es\\\/produto\\\/navega-por-el-atlantico-nueva-york-terranova-reino-unido-copy-copy-copy\\\/#primaryimage\",\"url\":\"https:\\\/\\\/www.rubicon3adventure.com\\\/wp-content\\\/uploads\\\/2024\\\/12\\\/disko-greenland-2560.webp\",\"contentUrl\":\"https:\\\/\\\/www.rubicon3adventure.com\\\/wp-content\\\/uploads\\\/2024\\\/12\\\/disko-greenland-2560.webp\",\"width\":2560,\"height\":1441,\"caption\":\"Disko bay\"},{\"@type\":\"BreadcrumbList\",\"@id\":\"https:\\\/\\\/www.rubicon3adventure.com\\\/es\\\/produto\\\/navega-por-el-atlantico-nueva-york-terranova-reino-unido-copy-copy-copy\\\/#breadcrumb\",\"itemListElement\":[{\"@type\":\"ListItem\",\"position\":1,\"name\":\"Tienda\",\"item\":\"https:\\\/\\\/www.rubicon3adventure.com\\\/es\\\/tienda\\\/\"},{\"@type\":\"ListItem\",\"position\":2,\"name\":\"Navega por el Atl\u00e1ntico: Nueva York &#8211; Terranova &#8211; Reino Unido (Copy) (Copy) (Copy)\"}]},{\"@type\":\"WebSite\",\"@id\":\"https:\\\/\\\/www.rubicon3adventure.com\\\/es\\\/#website\",\"url\":\"https:\\\/\\\/www.rubicon3adventure.com\\\/es\\\/\",\"name\":\"Rubicon 3 Adventure\",\"description\":\"\",\"publisher\":{\"@id\":\"https:\\\/\\\/www.rubicon3adventure.com\\\/es\\\/#organization\"},\"potentialAction\":[{\"@type\":\"SearchAction\",\"target\":{\"@type\":\"EntryPoint\",\"urlTemplate\":\"https:\\\/\\\/www.rubicon3adventure.com\\\/es\\\/?s={search_term_string}\"},\"query-input\":{\"@type\":\"PropertyValueSpecification\",\"valueRequired\":true,\"valueName\":\"search_term_string\"}}],\"inLanguage\":\"es\"},{\"@type\":\"Organization\",\"@id\":\"https:\\\/\\\/www.rubicon3adventure.com\\\/es\\\/#organization\",\"name\":\"Rubicon 3 Adventures\",\"alternateName\":\"Blueco Holdings Ltd\",\"url\":\"https:\\\/\\\/www.rubicon3adventure.com\\\/es\\\/\",\"logo\":{\"@type\":\"ImageObject\",\"inLanguage\":\"es\",\"@id\":\"https:\\\/\\\/www.rubicon3adventure.com\\\/es\\\/#\\\/schema\\\/logo\\\/image\\\/\",\"url\":\"https:\\\/\\\/www.rubicon3adventure.com\\\/wp-content\\\/uploads\\\/2024\\\/03\\\/Rubicon_Schema-Image-scaled.jpg\",\"contentUrl\":\"https:\\\/\\\/www.rubicon3adventure.com\\\/wp-content\\\/uploads\\\/2024\\\/03\\\/Rubicon_Schema-Image-scaled.jpg\",\"width\":2560,\"height\":1554,\"caption\":\"Rubicon 3 Adventures\"},\"image\":{\"@id\":\"https:\\\/\\\/www.rubicon3adventure.com\\\/es\\\/#\\\/schema\\\/logo\\\/image\\\/\"},\"sameAs\":[\"https:\\\/\\\/www.facebook.com\\\/rubicon3sailing\",\"https:\\\/\\\/x.com\\\/rubicon3sailing\",\"https:\\\/\\\/www.instagram.com\\\/rubicon_3_sailing\\\/\",\"https:\\\/\\\/www.pinterest.co.uk\\\/rubicon3sailing\\\/\",\"https:\\\/\\\/www.youtube.com\\\/channel\\\/UCUVTAy1Qm4lz0uZI_83Um8A\",\"https:\\\/\\\/www.linkedin.com\\\/company\\\/rubicon-3\\\/\"]}]}<\/script>\n<!-- \/ Yoast SEO Premium plugin. -->","yoast_head_json":{"title":"La Aventura Definitiva de Navegar por el Atl\u00e1ntico: Nueva York - Terranova - Reino Unido","description":"Navega por el Atl\u00e1ntico de Nueva York a Escocia pasando por Nueva Escocia y Terranova. La ruta definitiva, dirigida por los mejores navegantes de aventura. Se aceptan tripulantes solitarios.","robots":{"index":"index","follow":"follow","max-snippet":"max-snippet:-1","max-image-preview":"max-image-preview:large","max-video-preview":"max-video-preview:-1"},"canonical":"https:\/\/www.rubicon3adventure.com\/es\/produto\/navega-por-el-atlantico-nueva-york-terranova-reino-unido-copy-copy-copy\/","og_locale":"es_ES","og_type":"article","og_title":"La Aventura Definitiva de Navegar por el Atl\u00e1ntico: Nueva York - Terranova - Reino Unido","og_description":"Navega por el Atl\u00e1ntico de Nueva York a Escocia pasando por Nueva Escocia y Terranova. La ruta definitiva, dirigida por los mejores navegantes de aventura. Se aceptan tripulantes solitarios.","og_url":"https:\/\/www.rubicon3adventure.com\/es\/produto\/navega-por-el-atlantico-nueva-york-terranova-reino-unido-copy-copy-copy\/","og_site_name":"Rubicon 3 Adventure","article_publisher":"https:\/\/www.facebook.com\/rubicon3sailing","article_modified_time":"2024-12-03T15:56:22+00:00","og_image":[{"width":2560,"height":1440,"url":"https:\/\/www.rubicon3adventure.com\/wp-content\/uploads\/2024\/12\/greenland-Kulusuk-2560.webp","type":"image\/webp"}],"twitter_card":"summary_large_image","twitter_site":"@rubicon3sailing","twitter_misc":{"Tiempo de lectura":"2 minutos"},"schema":{"@context":"https:\/\/schema.org","@graph":[{"@type":"WebPage","@id":"https:\/\/www.rubicon3adventure.com\/es\/produto\/navega-por-el-atlantico-nueva-york-terranova-reino-unido-copy-copy-copy\/","url":"https:\/\/www.rubicon3adventure.com\/es\/produto\/navega-por-el-atlantico-nueva-york-terranova-reino-unido-copy-copy-copy\/","name":"La Aventura Definitiva de Navegar por el Atl\u00e1ntico: Nueva York - Terranova - Reino Unido","isPartOf":{"@id":"https:\/\/www.rubicon3adventure.com\/es\/#website"},"primaryImageOfPage":{"@id":"https:\/\/www.rubicon3adventure.com\/es\/produto\/navega-por-el-atlantico-nueva-york-terranova-reino-unido-copy-copy-copy\/#primaryimage"},"image":{"@id":"https:\/\/www.rubicon3adventure.com\/es\/produto\/navega-por-el-atlantico-nueva-york-terranova-reino-unido-copy-copy-copy\/#primaryimage"},"thumbnailUrl":"https:\/\/www.rubicon3adventure.com\/wp-content\/uploads\/2024\/12\/disko-greenland-2560.webp","datePublished":"2024-12-03T14:10:35+00:00","dateModified":"2024-12-03T15:56:22+00:00","description":"Navega por el Atl\u00e1ntico de Nueva York a Escocia pasando por Nueva Escocia y Terranova. La ruta definitiva, dirigida por los mejores navegantes de aventura. Se aceptan tripulantes solitarios.","breadcrumb":{"@id":"https:\/\/www.rubicon3adventure.com\/es\/produto\/navega-por-el-atlantico-nueva-york-terranova-reino-unido-copy-copy-copy\/#breadcrumb"},"inLanguage":"es","potentialAction":[{"@type":"ReadAction","target":["https:\/\/www.rubicon3adventure.com\/es\/produto\/navega-por-el-atlantico-nueva-york-terranova-reino-unido-copy-copy-copy\/"]}]},{"@type":"ImageObject","inLanguage":"es","@id":"https:\/\/www.rubicon3adventure.com\/es\/produto\/navega-por-el-atlantico-nueva-york-terranova-reino-unido-copy-copy-copy\/#primaryimage","url":"https:\/\/www.rubicon3adventure.com\/wp-content\/uploads\/2024\/12\/disko-greenland-2560.webp","contentUrl":"https:\/\/www.rubicon3adventure.com\/wp-content\/uploads\/2024\/12\/disko-greenland-2560.webp","width":2560,"height":1441,"caption":"Disko bay"},{"@type":"BreadcrumbList","@id":"https:\/\/www.rubicon3adventure.com\/es\/produto\/navega-por-el-atlantico-nueva-york-terranova-reino-unido-copy-copy-copy\/#breadcrumb","itemListElement":[{"@type":"ListItem","position":1,"name":"Tienda","item":"https:\/\/www.rubicon3adventure.com\/es\/tienda\/"},{"@type":"ListItem","position":2,"name":"Navega por el Atl\u00e1ntico: Nueva York &#8211; Terranova &#8211; Reino Unido (Copy) (Copy) (Copy)"}]},{"@type":"WebSite","@id":"https:\/\/www.rubicon3adventure.com\/es\/#website","url":"https:\/\/www.rubicon3adventure.com\/es\/","name":"Rubicon 3 Adventure","description":"","publisher":{"@id":"https:\/\/www.rubicon3adventure.com\/es\/#organization"},"potentialAction":[{"@type":"SearchAction","target":{"@type":"EntryPoint","urlTemplate":"https:\/\/www.rubicon3adventure.com\/es\/?s={search_term_string}"},"query-input":{"@type":"PropertyValueSpecification","valueRequired":true,"valueName":"search_term_string"}}],"inLanguage":"es"},{"@type":"Organization","@id":"https:\/\/www.rubicon3adventure.com\/es\/#organization","name":"Rubicon 3 Adventures","alternateName":"Blueco Holdings Ltd","url":"https:\/\/www.rubicon3adventure.com\/es\/","logo":{"@type":"ImageObject","inLanguage":"es","@id":"https:\/\/www.rubicon3adventure.com\/es\/#\/schema\/logo\/image\/","url":"https:\/\/www.rubicon3adventure.com\/wp-content\/uploads\/2024\/03\/Rubicon_Schema-Image-scaled.jpg","contentUrl":"https:\/\/www.rubicon3adventure.com\/wp-content\/uploads\/2024\/03\/Rubicon_Schema-Image-scaled.jpg","width":2560,"height":1554,"caption":"Rubicon 3 Adventures"},"image":{"@id":"https:\/\/www.rubicon3adventure.com\/es\/#\/schema\/logo\/image\/"},"sameAs":["https:\/\/www.facebook.com\/rubicon3sailing","https:\/\/x.com\/rubicon3sailing","https:\/\/www.instagram.com\/rubicon_3_sailing\/","https:\/\/www.pinterest.co.uk\/rubicon3sailing\/","https:\/\/www.youtube.com\/channel\/UCUVTAy1Qm4lz0uZI_83Um8A","https:\/\/www.linkedin.com\/company\/rubicon-3\/"]}]}},"_links":{"self":[{"href":"https:\/\/www.rubicon3adventure.com\/es\/wp-json\/wp\/v2\/product\/7110","targetHints":{"allow":["GET"]}}],"collection":[{"href":"https:\/\/www.rubicon3adventure.com\/es\/wp-json\/wp\/v2\/product"}],"about":[{"href":"https:\/\/www.rubicon3adventure.com\/es\/wp-json\/wp\/v2\/types\/product"}],"replies":[{"embeddable":true,"href":"https:\/\/www.rubicon3adventure.com\/es\/wp-json\/wp\/v2\/comments?post=7110"}],"wp:featuredmedia":[{"embeddable":true,"href":"https:\/\/www.rubicon3adventure.com\/es\/wp-json\/wp\/v2\/media\/9506"}],"wp:attachment":[{"href":"https:\/\/www.rubicon3adventure.com\/es\/wp-json\/wp\/v2\/media?parent=7110"}],"wp:term":[{"taxonomy":"product_brand","embeddable":true,"href":"https:\/\/www.rubicon3adventure.com\/es\/wp-json\/wp\/v2\/product_brand?post=7110"},{"taxonomy":"product_cat","embeddable":true,"href":"https:\/\/www.rubicon3adventure.com\/es\/wp-json\/wp\/v2\/product_cat?post=7110"},{"taxonomy":"product_tag","embeddable":true,"href":"https:\/\/www.rubicon3adventure.com\/es\/wp-json\/wp\/v2\/product_tag?post=7110"}],"curies":[{"name":"wp","href":"https:\/\/api.w.org\/{rel}","templated":true}]}}