{"id":8814,"date":"2025-08-28T15:53:59","date_gmt":"2025-08-28T14:53:59","guid":{"rendered":"https:\/\/www.rubicon3adventure.com\/?post_type=product&#038;p=8814"},"modified":"2025-08-29T13:07:44","modified_gmt":"2025-08-29T12:07:44","slug":"habilidades-de-navegacion-y-construccion-de-millas-escocia-inglaterra-copy","status":"publish","type":"product","link":"https:\/\/www.rubicon3adventure.com\/es\/produto\/habilidades-de-navegacion-y-construccion-de-millas-escocia-inglaterra-copy\/","title":{"rendered":"Habilidades de navegaci\u00f3n y construcci\u00f3n de millas: Escocia &#8211; Inglaterra (Copy)"},"content":{"rendered":"<p>Emb\u00e1rcate en un magn\u00edfico constructor de millas a vela en una traves\u00eda desde la hermosa costa oeste de Escocia hasta la hist\u00f3rica ciudad naval de Portsmouth. Este constructor de millas es perfecto para los navegantes que buscan adquirir experiencia pr\u00e1ctica, aprender nuevas habilidades y perfeccionar sus capacidades de crucero costero. Dirigido por nuestros expertos patrones, tendr\u00e1s la oportunidad de probar la navegaci\u00f3n nocturna, dominar las t\u00e9cnicas de trimado de velas y probar a planificar traves\u00edas. Gana confianza, mejora tu destreza marinera y admira el impresionante paisaje mientras te diriges al sur. Uno de los mejores constructores de millas al que puedes apuntarte.<\/p>\n<h5><span data-preserver-spaces=\"true\">\u00bfPreparado para aprender con los mejores navegantes de aventura de Europa?<\/span><\/h5>\n<p>Embarcarse en un constructor de millas a vela con patrones de expedici\u00f3n experimentados es una forma excepcional de aprender t\u00e9cnicas de navegaci\u00f3n m\u00e1s all\u00e1 de los l\u00edmites de las t\u00edpicas escuelas de vela. Nuestros experimentados patrones han navegado por algunas de las aguas m\u00e1s desafiantes y remotas de todo el mundo, por lo que aportan una gran cantidad de aventuras de navegaci\u00f3n en el mundo real. No s\u00f3lo ense\u00f1an t\u00e9cnicas avanzadas de navegaci\u00f3n, sino que tambi\u00e9n comparten su valiosa sabidur\u00eda sobre patrones meteorol\u00f3gicos, situaciones de emergencia y desaf\u00edos singulares de navegaci\u00f3n. Este enfoque pr\u00e1ctico, combinado con sus experimentados conocimientos, proporciona un entorno de aprendizaje m\u00e1s atractivo y enriquecedor en comparaci\u00f3n con los cursos est\u00e1ndar dirigidos por instructores menos experimentados.<\/p>\n<h5><span data-preserver-spaces=\"true\">\u00bfQuieres unirte?<\/span><\/h5>\n<p><span data-preserver-spaces=\"true\">Ve al bot\u00f3n Fechas y Precios para ver las fechas de este viaje. Tambi\u00e9n te dar\u00e1 informaci\u00f3n sobre el viaje de conexi\u00f3n, incluido d\u00f3nde volar y cu\u00e1ndo y d\u00f3nde unirte al barco.<\/span><\/p>\n<p>&nbsp;<\/p>\n","protected":false},"excerpt":{"rendered":"<p>Navega Mile Builder entre la costa oeste de Escocia e Inglaterra. Maravillosa navegaci\u00f3n y la oportunidad de aprender trimado de velas, navegaci\u00f3n y mariner\u00eda de la mano de los expertos patrones del Rubic\u00f3n 3<\/p>\n","protected":false},"featured_media":9602,"comment_status":"closed","ping_status":"closed","template":"","meta":{"_acf_changed":false,"content-type":""},"product_brand":[],"product_cat":[242,251,263,236],"product_tag":[],"class_list":{"0":"post-8814","1":"product","2":"type-product","3":"status-publish","4":"has-post-thumbnail","6":"product_cat-costero","7":"product_cat-milebuilder-es","8":"product_cat-reino-unido-irlanda","9":"product_cat-vacaciones-de-aventura-en-velero","10":"trip_region-reino-unido-e-irlanda","11":"trip_type-alta-mar","12":"trip_type-costero","13":"trip_duration-1-10-dias","15":"first","16":"instock","17":"shipping-taxable","18":"purchasable","19":"product-type-variable"},"acf":[],"yoast_head":"<!-- This site is optimized with the Yoast SEO Premium plugin v27.3 (Yoast SEO v27.4) - https:\/\/yoast.com\/product\/yoast-seo-premium-wordpress\/ -->\n<title>Constructor de Millas a Vela: De Escocia a Inglaterra<\/title>\n<meta name=\"description\" content=\"Mejora tus habilidades de navegaci\u00f3n en nuestro constructor de millas de Escocia a Inglaterra. Aprende de nuestros patrones de expedici\u00f3n, recorre millas marinas y mejora tu destreza marinera.\" \/>\n<meta name=\"robots\" content=\"index, follow, max-snippet:-1, max-image-preview:large, max-video-preview:-1\" \/>\n<link rel=\"canonical\" href=\"https:\/\/www.rubicon3adventure.com\/es\/produto\/habilidades-de-navegacion-y-construccion-de-millas-escocia-inglaterra-copy\/\" \/>\n<meta property=\"og:locale\" content=\"es_ES\" \/>\n<meta property=\"og:type\" content=\"article\" \/>\n<meta property=\"og:title\" content=\"Constructor de Millas a Vela: De Escocia a Inglaterra\" \/>\n<meta property=\"og:description\" content=\"Mejora tus habilidades de navegaci\u00f3n en nuestro constructor de millas de Escocia a Inglaterra. Aprende de nuestros patrones de expedici\u00f3n, recorre millas marinas y mejora tu destreza marinera.\" \/>\n<meta property=\"og:url\" content=\"https:\/\/www.rubicon3adventure.com\/es\/produto\/habilidades-de-navegacion-y-construccion-de-millas-escocia-inglaterra-copy\/\" \/>\n<meta property=\"og:site_name\" content=\"Rubicon 3 Adventure\" \/>\n<meta property=\"article:publisher\" content=\"https:\/\/www.facebook.com\/rubicon3sailing\" \/>\n<meta property=\"article:modified_time\" content=\"2025-08-29T12:07:44+00:00\" \/>\n<meta property=\"og:image\" content=\"https:\/\/www.rubicon3adventure.com\/wp-content\/uploads\/2024\/02\/yacht_starling_2560x1440.webp\" \/>\n\t<meta property=\"og:image:width\" content=\"2560\" \/>\n\t<meta property=\"og:image:height\" content=\"1440\" \/>\n\t<meta property=\"og:image:type\" content=\"image\/webp\" \/>\n<meta name=\"twitter:card\" content=\"summary_large_image\" \/>\n<meta name=\"twitter:site\" content=\"@rubicon3sailing\" \/>\n<meta name=\"twitter:label1\" content=\"Tiempo de lectura\" \/>\n\t<meta name=\"twitter:data1\" content=\"2 minutos\" \/>\n<script type=\"application\/ld+json\" class=\"yoast-schema-graph\">{\"@context\":\"https:\\\/\\\/schema.org\",\"@graph\":[{\"@type\":\"WebPage\",\"@id\":\"https:\\\/\\\/www.rubicon3adventure.com\\\/es\\\/produto\\\/habilidades-de-navegacion-y-construccion-de-millas-escocia-inglaterra-copy\\\/\",\"url\":\"https:\\\/\\\/www.rubicon3adventure.com\\\/es\\\/produto\\\/habilidades-de-navegacion-y-construccion-de-millas-escocia-inglaterra-copy\\\/\",\"name\":\"Constructor de Millas a Vela: De Escocia a Inglaterra\",\"isPartOf\":{\"@id\":\"https:\\\/\\\/www.rubicon3adventure.com\\\/es\\\/#website\"},\"primaryImageOfPage\":{\"@id\":\"https:\\\/\\\/www.rubicon3adventure.com\\\/es\\\/produto\\\/habilidades-de-navegacion-y-construccion-de-millas-escocia-inglaterra-copy\\\/#primaryimage\"},\"image\":{\"@id\":\"https:\\\/\\\/www.rubicon3adventure.com\\\/es\\\/produto\\\/habilidades-de-navegacion-y-construccion-de-millas-escocia-inglaterra-copy\\\/#primaryimage\"},\"thumbnailUrl\":\"https:\\\/\\\/www.rubicon3adventure.com\\\/wp-content\\\/uploads\\\/2025\\\/08\\\/crew-helming-amazing-sunset-2560.webp\",\"datePublished\":\"2025-08-28T14:53:59+00:00\",\"dateModified\":\"2025-08-29T12:07:44+00:00\",\"description\":\"Mejora tus habilidades de navegaci\u00f3n en nuestro constructor de millas de Escocia a Inglaterra. Aprende de nuestros patrones de expedici\u00f3n, recorre millas marinas y mejora tu destreza marinera.\",\"breadcrumb\":{\"@id\":\"https:\\\/\\\/www.rubicon3adventure.com\\\/es\\\/produto\\\/habilidades-de-navegacion-y-construccion-de-millas-escocia-inglaterra-copy\\\/#breadcrumb\"},\"inLanguage\":\"es\",\"potentialAction\":[{\"@type\":\"ReadAction\",\"target\":[\"https:\\\/\\\/www.rubicon3adventure.com\\\/es\\\/produto\\\/habilidades-de-navegacion-y-construccion-de-millas-escocia-inglaterra-copy\\\/\"]}]},{\"@type\":\"ImageObject\",\"inLanguage\":\"es\",\"@id\":\"https:\\\/\\\/www.rubicon3adventure.com\\\/es\\\/produto\\\/habilidades-de-navegacion-y-construccion-de-millas-escocia-inglaterra-copy\\\/#primaryimage\",\"url\":\"https:\\\/\\\/www.rubicon3adventure.com\\\/wp-content\\\/uploads\\\/2025\\\/08\\\/crew-helming-amazing-sunset-2560.webp\",\"contentUrl\":\"https:\\\/\\\/www.rubicon3adventure.com\\\/wp-content\\\/uploads\\\/2025\\\/08\\\/crew-helming-amazing-sunset-2560.webp\",\"width\":2560,\"height\":1440,\"caption\":\"Sailing offshore at dawn\"},{\"@type\":\"BreadcrumbList\",\"@id\":\"https:\\\/\\\/www.rubicon3adventure.com\\\/es\\\/produto\\\/habilidades-de-navegacion-y-construccion-de-millas-escocia-inglaterra-copy\\\/#breadcrumb\",\"itemListElement\":[{\"@type\":\"ListItem\",\"position\":1,\"name\":\"Tienda\",\"item\":\"https:\\\/\\\/www.rubicon3adventure.com\\\/es\\\/tienda\\\/\"},{\"@type\":\"ListItem\",\"position\":2,\"name\":\"Habilidades de navegaci\u00f3n y construcci\u00f3n de millas: Escocia &#8211; Inglaterra (Copy)\"}]},{\"@type\":\"WebSite\",\"@id\":\"https:\\\/\\\/www.rubicon3adventure.com\\\/es\\\/#website\",\"url\":\"https:\\\/\\\/www.rubicon3adventure.com\\\/es\\\/\",\"name\":\"Rubicon 3 Adventure\",\"description\":\"\",\"publisher\":{\"@id\":\"https:\\\/\\\/www.rubicon3adventure.com\\\/es\\\/#organization\"},\"potentialAction\":[{\"@type\":\"SearchAction\",\"target\":{\"@type\":\"EntryPoint\",\"urlTemplate\":\"https:\\\/\\\/www.rubicon3adventure.com\\\/es\\\/?s={search_term_string}\"},\"query-input\":{\"@type\":\"PropertyValueSpecification\",\"valueRequired\":true,\"valueName\":\"search_term_string\"}}],\"inLanguage\":\"es\"},{\"@type\":\"Organization\",\"@id\":\"https:\\\/\\\/www.rubicon3adventure.com\\\/es\\\/#organization\",\"name\":\"Rubicon 3 Adventures\",\"alternateName\":\"Blueco Holdings Ltd\",\"url\":\"https:\\\/\\\/www.rubicon3adventure.com\\\/es\\\/\",\"logo\":{\"@type\":\"ImageObject\",\"inLanguage\":\"es\",\"@id\":\"https:\\\/\\\/www.rubicon3adventure.com\\\/es\\\/#\\\/schema\\\/logo\\\/image\\\/\",\"url\":\"https:\\\/\\\/www.rubicon3adventure.com\\\/wp-content\\\/uploads\\\/2024\\\/03\\\/Rubicon_Schema-Image-scaled.jpg\",\"contentUrl\":\"https:\\\/\\\/www.rubicon3adventure.com\\\/wp-content\\\/uploads\\\/2024\\\/03\\\/Rubicon_Schema-Image-scaled.jpg\",\"width\":2560,\"height\":1554,\"caption\":\"Rubicon 3 Adventures\"},\"image\":{\"@id\":\"https:\\\/\\\/www.rubicon3adventure.com\\\/es\\\/#\\\/schema\\\/logo\\\/image\\\/\"},\"sameAs\":[\"https:\\\/\\\/www.facebook.com\\\/rubicon3sailing\",\"https:\\\/\\\/x.com\\\/rubicon3sailing\",\"https:\\\/\\\/www.instagram.com\\\/rubicon_3_sailing\\\/\",\"https:\\\/\\\/www.pinterest.co.uk\\\/rubicon3sailing\\\/\",\"https:\\\/\\\/www.youtube.com\\\/channel\\\/UCUVTAy1Qm4lz0uZI_83Um8A\",\"https:\\\/\\\/www.linkedin.com\\\/company\\\/rubicon-3\\\/\"]}]}<\/script>\n<!-- \/ Yoast SEO Premium plugin. -->","yoast_head_json":{"title":"Constructor de Millas a Vela: De Escocia a Inglaterra","description":"Mejora tus habilidades de navegaci\u00f3n en nuestro constructor de millas de Escocia a Inglaterra. Aprende de nuestros patrones de expedici\u00f3n, recorre millas marinas y mejora tu destreza marinera.","robots":{"index":"index","follow":"follow","max-snippet":"max-snippet:-1","max-image-preview":"max-image-preview:large","max-video-preview":"max-video-preview:-1"},"canonical":"https:\/\/www.rubicon3adventure.com\/es\/produto\/habilidades-de-navegacion-y-construccion-de-millas-escocia-inglaterra-copy\/","og_locale":"es_ES","og_type":"article","og_title":"Constructor de Millas a Vela: De Escocia a Inglaterra","og_description":"Mejora tus habilidades de navegaci\u00f3n en nuestro constructor de millas de Escocia a Inglaterra. Aprende de nuestros patrones de expedici\u00f3n, recorre millas marinas y mejora tu destreza marinera.","og_url":"https:\/\/www.rubicon3adventure.com\/es\/produto\/habilidades-de-navegacion-y-construccion-de-millas-escocia-inglaterra-copy\/","og_site_name":"Rubicon 3 Adventure","article_publisher":"https:\/\/www.facebook.com\/rubicon3sailing","article_modified_time":"2025-08-29T12:07:44+00:00","og_image":[{"width":2560,"height":1440,"url":"https:\/\/www.rubicon3adventure.com\/wp-content\/uploads\/2024\/02\/yacht_starling_2560x1440.webp","type":"image\/webp"}],"twitter_card":"summary_large_image","twitter_site":"@rubicon3sailing","twitter_misc":{"Tiempo de lectura":"2 minutos"},"schema":{"@context":"https:\/\/schema.org","@graph":[{"@type":"WebPage","@id":"https:\/\/www.rubicon3adventure.com\/es\/produto\/habilidades-de-navegacion-y-construccion-de-millas-escocia-inglaterra-copy\/","url":"https:\/\/www.rubicon3adventure.com\/es\/produto\/habilidades-de-navegacion-y-construccion-de-millas-escocia-inglaterra-copy\/","name":"Constructor de Millas a Vela: De Escocia a Inglaterra","isPartOf":{"@id":"https:\/\/www.rubicon3adventure.com\/es\/#website"},"primaryImageOfPage":{"@id":"https:\/\/www.rubicon3adventure.com\/es\/produto\/habilidades-de-navegacion-y-construccion-de-millas-escocia-inglaterra-copy\/#primaryimage"},"image":{"@id":"https:\/\/www.rubicon3adventure.com\/es\/produto\/habilidades-de-navegacion-y-construccion-de-millas-escocia-inglaterra-copy\/#primaryimage"},"thumbnailUrl":"https:\/\/www.rubicon3adventure.com\/wp-content\/uploads\/2025\/08\/crew-helming-amazing-sunset-2560.webp","datePublished":"2025-08-28T14:53:59+00:00","dateModified":"2025-08-29T12:07:44+00:00","description":"Mejora tus habilidades de navegaci\u00f3n en nuestro constructor de millas de Escocia a Inglaterra. Aprende de nuestros patrones de expedici\u00f3n, recorre millas marinas y mejora tu destreza marinera.","breadcrumb":{"@id":"https:\/\/www.rubicon3adventure.com\/es\/produto\/habilidades-de-navegacion-y-construccion-de-millas-escocia-inglaterra-copy\/#breadcrumb"},"inLanguage":"es","potentialAction":[{"@type":"ReadAction","target":["https:\/\/www.rubicon3adventure.com\/es\/produto\/habilidades-de-navegacion-y-construccion-de-millas-escocia-inglaterra-copy\/"]}]},{"@type":"ImageObject","inLanguage":"es","@id":"https:\/\/www.rubicon3adventure.com\/es\/produto\/habilidades-de-navegacion-y-construccion-de-millas-escocia-inglaterra-copy\/#primaryimage","url":"https:\/\/www.rubicon3adventure.com\/wp-content\/uploads\/2025\/08\/crew-helming-amazing-sunset-2560.webp","contentUrl":"https:\/\/www.rubicon3adventure.com\/wp-content\/uploads\/2025\/08\/crew-helming-amazing-sunset-2560.webp","width":2560,"height":1440,"caption":"Sailing offshore at dawn"},{"@type":"BreadcrumbList","@id":"https:\/\/www.rubicon3adventure.com\/es\/produto\/habilidades-de-navegacion-y-construccion-de-millas-escocia-inglaterra-copy\/#breadcrumb","itemListElement":[{"@type":"ListItem","position":1,"name":"Tienda","item":"https:\/\/www.rubicon3adventure.com\/es\/tienda\/"},{"@type":"ListItem","position":2,"name":"Habilidades de navegaci\u00f3n y construcci\u00f3n de millas: Escocia &#8211; Inglaterra (Copy)"}]},{"@type":"WebSite","@id":"https:\/\/www.rubicon3adventure.com\/es\/#website","url":"https:\/\/www.rubicon3adventure.com\/es\/","name":"Rubicon 3 Adventure","description":"","publisher":{"@id":"https:\/\/www.rubicon3adventure.com\/es\/#organization"},"potentialAction":[{"@type":"SearchAction","target":{"@type":"EntryPoint","urlTemplate":"https:\/\/www.rubicon3adventure.com\/es\/?s={search_term_string}"},"query-input":{"@type":"PropertyValueSpecification","valueRequired":true,"valueName":"search_term_string"}}],"inLanguage":"es"},{"@type":"Organization","@id":"https:\/\/www.rubicon3adventure.com\/es\/#organization","name":"Rubicon 3 Adventures","alternateName":"Blueco Holdings Ltd","url":"https:\/\/www.rubicon3adventure.com\/es\/","logo":{"@type":"ImageObject","inLanguage":"es","@id":"https:\/\/www.rubicon3adventure.com\/es\/#\/schema\/logo\/image\/","url":"https:\/\/www.rubicon3adventure.com\/wp-content\/uploads\/2024\/03\/Rubicon_Schema-Image-scaled.jpg","contentUrl":"https:\/\/www.rubicon3adventure.com\/wp-content\/uploads\/2024\/03\/Rubicon_Schema-Image-scaled.jpg","width":2560,"height":1554,"caption":"Rubicon 3 Adventures"},"image":{"@id":"https:\/\/www.rubicon3adventure.com\/es\/#\/schema\/logo\/image\/"},"sameAs":["https:\/\/www.facebook.com\/rubicon3sailing","https:\/\/x.com\/rubicon3sailing","https:\/\/www.instagram.com\/rubicon_3_sailing\/","https:\/\/www.pinterest.co.uk\/rubicon3sailing\/","https:\/\/www.youtube.com\/channel\/UCUVTAy1Qm4lz0uZI_83Um8A","https:\/\/www.linkedin.com\/company\/rubicon-3\/"]}]}},"_links":{"self":[{"href":"https:\/\/www.rubicon3adventure.com\/es\/wp-json\/wp\/v2\/product\/8814","targetHints":{"allow":["GET"]}}],"collection":[{"href":"https:\/\/www.rubicon3adventure.com\/es\/wp-json\/wp\/v2\/product"}],"about":[{"href":"https:\/\/www.rubicon3adventure.com\/es\/wp-json\/wp\/v2\/types\/product"}],"replies":[{"embeddable":true,"href":"https:\/\/www.rubicon3adventure.com\/es\/wp-json\/wp\/v2\/comments?post=8814"}],"wp:featuredmedia":[{"embeddable":true,"href":"https:\/\/www.rubicon3adventure.com\/es\/wp-json\/wp\/v2\/media\/9602"}],"wp:attachment":[{"href":"https:\/\/www.rubicon3adventure.com\/es\/wp-json\/wp\/v2\/media?parent=8814"}],"wp:term":[{"taxonomy":"product_brand","embeddable":true,"href":"https:\/\/www.rubicon3adventure.com\/es\/wp-json\/wp\/v2\/product_brand?post=8814"},{"taxonomy":"product_cat","embeddable":true,"href":"https:\/\/www.rubicon3adventure.com\/es\/wp-json\/wp\/v2\/product_cat?post=8814"},{"taxonomy":"product_tag","embeddable":true,"href":"https:\/\/www.rubicon3adventure.com\/es\/wp-json\/wp\/v2\/product_tag?post=8814"}],"curies":[{"name":"wp","href":"https:\/\/api.w.org\/{rel}","templated":true}]}}