{"id":9212,"date":"2025-09-29T10:45:02","date_gmt":"2025-09-29T09:45:02","guid":{"rendered":"https:\/\/www.rubicon3adventure.com\/?post_type=product&#038;p=9212"},"modified":"2025-09-29T10:51:03","modified_gmt":"2025-09-29T09:51:03","slug":"las-islas-windwards-explorando-las-granadinas-copy-copy","status":"publish","type":"product","link":"https:\/\/www.rubicon3adventure.com\/es\/produto\/las-islas-windwards-explorando-las-granadinas-copy-copy\/","title":{"rendered":"Las Islas Windwards: Explorando las Granadinas (Copy) (Copy)"},"content":{"rendered":"<p>Emb\u00e1rcate en unas inolvidables vacaciones de aventura en velero por las Islas de Barlovento, donde cada isla ofrece su para\u00edso \u00fanico. Las Granadinas son un mundo de fragantes plantaciones de nuez moscada, exuberantes selvas tropicales y cascadas, que ofrecen la mezcla perfecta de belleza natural, riqueza cultural y gran navegaci\u00f3n. Navega hasta la encantadora San Vicente, tierra de escarpados paisajes volc\u00e1nicos y puerta de entrada a las id\u00edlicas Granadinas, ideales para ir de isla en isla y explorar calas escondidas. Descubre Bequia, la mayor isla de las Granadinas, conocida por su historia mar\u00edtima, su patrimonio de caza de ballenas y sus bellos puertos. Nada en los mundialmente famosos Cayos Tobago, donde podr\u00e1s bucear en aguas cristalinas entre asombrosos arrecifes de coral rebosantes de vida marina y tortugas. Otras islas de esta ruta son Isla Uni\u00f3n, con su espectacular silueta volc\u00e1nica, Santa Luc\u00eda y Mustique. \u00danete a nosotros en estas m\u00e1gicas vacaciones a vela, llenas de aventuras, descubrimientos y aprendizaje.<\/p>\n<h5>\u00bfPreparado para el viaje de tu vida con los mejores marineros de aventura de Europa?<\/h5>\n<p>Las expediciones de Rubic\u00f3n 3 son aut\u00e9nticas aventuras de navegaci\u00f3n m\u00e1s que vacaciones de lujo en velero. Estar\u00e1s fuera de los caminos trillados, posiblemente en mar abierto, dependiendo de la ruta que elijas y navegando hacia y explorando lugares remotos y hermosos. Los expertos instructores de Rubic\u00f3n 3 te formar\u00e1n y se asegurar\u00e1n de que participes plenamente en todos los aspectos de la experiencia, como navegar, llevar el tim\u00f3n, trimar las velas, cocinar y cuidar del yate. Como aut\u00e9ntica aventura a vela, es mucho menos predecible (\u00a1y mucho mejor!) que una experiencia empaquetada, con itinerarios planificados d\u00eda a d\u00eda y moldeados por las circunstancias locales y el tiempo. Para participar en la aventura, la tripulaci\u00f3n debe venir con la actitud adecuada, la mente abierta y el deseo de implicarse plenamente.<\/p>\n<h5>\u00bfQuieres unirte?<\/h5>\n<p>Ve al bot\u00f3n Fechas y precios para ver las fechas en que se realiza este viaje. Tambi\u00e9n te dar\u00e1 informaci\u00f3n sobre el viaje de conexi\u00f3n, incluido d\u00f3nde volar y cu\u00e1ndo y d\u00f3nde unirte al barco.<\/p>\n<p>&nbsp;<\/p>\n","protected":false},"excerpt":{"rendered":"<p>Emb\u00e1rcate en unas inolvidables vacaciones de aventura en velero por las Islas de Barlovento, donde cada isla ofrece su para\u00edso \u00fanico.<\/p>\n","protected":false},"featured_media":9221,"comment_status":"closed","ping_status":"closed","template":"","meta":{"_acf_changed":false,"content-type":""},"product_brand":[],"product_cat":[245,251,236],"product_tag":[],"class_list":{"0":"post-9212","1":"product","2":"type-product","3":"status-publish","4":"has-post-thumbnail","6":"product_cat-europa-y-el-mar-baltico","7":"product_cat-milebuilder-es","8":"product_cat-vacaciones-de-aventura-en-velero","10":"first","11":"instock","12":"shipping-taxable","13":"purchasable","14":"product-type-variable"},"acf":[],"yoast_head":"<!-- This site is optimized with the Yoast SEO Premium plugin v27.3 (Yoast SEO v27.4) - https:\/\/yoast.com\/product\/yoast-seo-premium-wordpress\/ -->\n<title>Vacaciones en velero de 12 d\u00edas en las Granadinas: Tripulaci\u00f3n en solitario, \u00a1bienvenida!<\/title>\n<meta name=\"description\" content=\"\u00danete a estas vacaciones de 12 d\u00edas de aventura en velero por el Caribe. Descubre Santa Luc\u00eda, Mustique, Tobago Cays y mucho m\u00e1s. Se aceptan tripulantes solitarios. No se necesita experiencia.\" \/>\n<meta name=\"robots\" content=\"index, follow, max-snippet:-1, max-image-preview:large, max-video-preview:-1\" \/>\n<link rel=\"canonical\" href=\"https:\/\/www.rubicon3adventure.com\/es\/produto\/las-islas-windwards-explorando-las-granadinas-copy-copy\/\" \/>\n<meta property=\"og:locale\" content=\"es_ES\" \/>\n<meta property=\"og:type\" content=\"article\" \/>\n<meta property=\"og:title\" content=\"Vacaciones en velero de 12 d\u00edas en las Granadinas: Tripulaci\u00f3n en solitario, \u00a1bienvenida!\" \/>\n<meta property=\"og:description\" content=\"\u00danete a estas vacaciones de 12 d\u00edas de aventura en velero por el Caribe. Descubre Santa Luc\u00eda, Mustique, Tobago Cays y mucho m\u00e1s. Se aceptan tripulantes solitarios. No se necesita experiencia.\" \/>\n<meta property=\"og:url\" content=\"https:\/\/www.rubicon3adventure.com\/es\/produto\/las-islas-windwards-explorando-las-granadinas-copy-copy\/\" \/>\n<meta property=\"og:site_name\" content=\"Rubicon 3 Adventure\" \/>\n<meta property=\"article:publisher\" content=\"https:\/\/www.facebook.com\/rubicon3sailing\" \/>\n<meta property=\"article:modified_time\" content=\"2025-09-29T09:51:03+00:00\" \/>\n<meta property=\"og:image\" content=\"https:\/\/www.rubicon3adventure.com\/wp-content\/uploads\/2025\/09\/Screenshot-2025-09-29-at-10.49.38.png\" \/>\n\t<meta property=\"og:image:width\" content=\"1934\" \/>\n\t<meta property=\"og:image:height\" content=\"780\" \/>\n\t<meta property=\"og:image:type\" content=\"image\/png\" \/>\n<meta name=\"twitter:card\" content=\"summary_large_image\" \/>\n<meta name=\"twitter:site\" content=\"@rubicon3sailing\" \/>\n<meta name=\"twitter:label1\" content=\"Tiempo de lectura\" \/>\n\t<meta name=\"twitter:data1\" content=\"2 minutos\" \/>\n<script type=\"application\/ld+json\" class=\"yoast-schema-graph\">{\"@context\":\"https:\\\/\\\/schema.org\",\"@graph\":[{\"@type\":\"WebPage\",\"@id\":\"https:\\\/\\\/www.rubicon3adventure.com\\\/es\\\/produto\\\/las-islas-windwards-explorando-las-granadinas-copy-copy\\\/\",\"url\":\"https:\\\/\\\/www.rubicon3adventure.com\\\/es\\\/produto\\\/las-islas-windwards-explorando-las-granadinas-copy-copy\\\/\",\"name\":\"Vacaciones en velero de 12 d\u00edas en las Granadinas: Tripulaci\u00f3n en solitario, \u00a1bienvenida!\",\"isPartOf\":{\"@id\":\"https:\\\/\\\/www.rubicon3adventure.com\\\/es\\\/#website\"},\"primaryImageOfPage\":{\"@id\":\"https:\\\/\\\/www.rubicon3adventure.com\\\/es\\\/produto\\\/las-islas-windwards-explorando-las-granadinas-copy-copy\\\/#primaryimage\"},\"image\":{\"@id\":\"https:\\\/\\\/www.rubicon3adventure.com\\\/es\\\/produto\\\/las-islas-windwards-explorando-las-granadinas-copy-copy\\\/#primaryimage\"},\"thumbnailUrl\":\"https:\\\/\\\/www.rubicon3adventure.com\\\/wp-content\\\/uploads\\\/2025\\\/09\\\/Screenshot-2025-09-29-at-10.49.38.png\",\"datePublished\":\"2025-09-29T09:45:02+00:00\",\"dateModified\":\"2025-09-29T09:51:03+00:00\",\"description\":\"\u00danete a estas vacaciones de 12 d\u00edas de aventura en velero por el Caribe. Descubre Santa Luc\u00eda, Mustique, Tobago Cays y mucho m\u00e1s. Se aceptan tripulantes solitarios. No se necesita experiencia.\",\"breadcrumb\":{\"@id\":\"https:\\\/\\\/www.rubicon3adventure.com\\\/es\\\/produto\\\/las-islas-windwards-explorando-las-granadinas-copy-copy\\\/#breadcrumb\"},\"inLanguage\":\"es\",\"potentialAction\":[{\"@type\":\"ReadAction\",\"target\":[\"https:\\\/\\\/www.rubicon3adventure.com\\\/es\\\/produto\\\/las-islas-windwards-explorando-las-granadinas-copy-copy\\\/\"]}]},{\"@type\":\"ImageObject\",\"inLanguage\":\"es\",\"@id\":\"https:\\\/\\\/www.rubicon3adventure.com\\\/es\\\/produto\\\/las-islas-windwards-explorando-las-granadinas-copy-copy\\\/#primaryimage\",\"url\":\"https:\\\/\\\/www.rubicon3adventure.com\\\/wp-content\\\/uploads\\\/2025\\\/09\\\/Screenshot-2025-09-29-at-10.49.38.png\",\"contentUrl\":\"https:\\\/\\\/www.rubicon3adventure.com\\\/wp-content\\\/uploads\\\/2025\\\/09\\\/Screenshot-2025-09-29-at-10.49.38.png\",\"width\":1934,\"height\":780},{\"@type\":\"BreadcrumbList\",\"@id\":\"https:\\\/\\\/www.rubicon3adventure.com\\\/es\\\/produto\\\/las-islas-windwards-explorando-las-granadinas-copy-copy\\\/#breadcrumb\",\"itemListElement\":[{\"@type\":\"ListItem\",\"position\":1,\"name\":\"Tienda\",\"item\":\"https:\\\/\\\/www.rubicon3adventure.com\\\/es\\\/tienda\\\/\"},{\"@type\":\"ListItem\",\"position\":2,\"name\":\"Las Islas Windwards: Explorando las Granadinas (Copy) (Copy)\"}]},{\"@type\":\"WebSite\",\"@id\":\"https:\\\/\\\/www.rubicon3adventure.com\\\/es\\\/#website\",\"url\":\"https:\\\/\\\/www.rubicon3adventure.com\\\/es\\\/\",\"name\":\"Rubicon 3 Adventure\",\"description\":\"\",\"publisher\":{\"@id\":\"https:\\\/\\\/www.rubicon3adventure.com\\\/es\\\/#organization\"},\"potentialAction\":[{\"@type\":\"SearchAction\",\"target\":{\"@type\":\"EntryPoint\",\"urlTemplate\":\"https:\\\/\\\/www.rubicon3adventure.com\\\/es\\\/?s={search_term_string}\"},\"query-input\":{\"@type\":\"PropertyValueSpecification\",\"valueRequired\":true,\"valueName\":\"search_term_string\"}}],\"inLanguage\":\"es\"},{\"@type\":\"Organization\",\"@id\":\"https:\\\/\\\/www.rubicon3adventure.com\\\/es\\\/#organization\",\"name\":\"Rubicon 3 Adventures\",\"alternateName\":\"Blueco Holdings Ltd\",\"url\":\"https:\\\/\\\/www.rubicon3adventure.com\\\/es\\\/\",\"logo\":{\"@type\":\"ImageObject\",\"inLanguage\":\"es\",\"@id\":\"https:\\\/\\\/www.rubicon3adventure.com\\\/es\\\/#\\\/schema\\\/logo\\\/image\\\/\",\"url\":\"https:\\\/\\\/www.rubicon3adventure.com\\\/wp-content\\\/uploads\\\/2024\\\/03\\\/Rubicon_Schema-Image-scaled.jpg\",\"contentUrl\":\"https:\\\/\\\/www.rubicon3adventure.com\\\/wp-content\\\/uploads\\\/2024\\\/03\\\/Rubicon_Schema-Image-scaled.jpg\",\"width\":2560,\"height\":1554,\"caption\":\"Rubicon 3 Adventures\"},\"image\":{\"@id\":\"https:\\\/\\\/www.rubicon3adventure.com\\\/es\\\/#\\\/schema\\\/logo\\\/image\\\/\"},\"sameAs\":[\"https:\\\/\\\/www.facebook.com\\\/rubicon3sailing\",\"https:\\\/\\\/x.com\\\/rubicon3sailing\",\"https:\\\/\\\/www.instagram.com\\\/rubicon_3_sailing\\\/\",\"https:\\\/\\\/www.pinterest.co.uk\\\/rubicon3sailing\\\/\",\"https:\\\/\\\/www.youtube.com\\\/channel\\\/UCUVTAy1Qm4lz0uZI_83Um8A\",\"https:\\\/\\\/www.linkedin.com\\\/company\\\/rubicon-3\\\/\"]}]}<\/script>\n<!-- \/ Yoast SEO Premium plugin. -->","yoast_head_json":{"title":"Vacaciones en velero de 12 d\u00edas en las Granadinas: Tripulaci\u00f3n en solitario, \u00a1bienvenida!","description":"\u00danete a estas vacaciones de 12 d\u00edas de aventura en velero por el Caribe. Descubre Santa Luc\u00eda, Mustique, Tobago Cays y mucho m\u00e1s. Se aceptan tripulantes solitarios. No se necesita experiencia.","robots":{"index":"index","follow":"follow","max-snippet":"max-snippet:-1","max-image-preview":"max-image-preview:large","max-video-preview":"max-video-preview:-1"},"canonical":"https:\/\/www.rubicon3adventure.com\/es\/produto\/las-islas-windwards-explorando-las-granadinas-copy-copy\/","og_locale":"es_ES","og_type":"article","og_title":"Vacaciones en velero de 12 d\u00edas en las Granadinas: Tripulaci\u00f3n en solitario, \u00a1bienvenida!","og_description":"\u00danete a estas vacaciones de 12 d\u00edas de aventura en velero por el Caribe. Descubre Santa Luc\u00eda, Mustique, Tobago Cays y mucho m\u00e1s. Se aceptan tripulantes solitarios. No se necesita experiencia.","og_url":"https:\/\/www.rubicon3adventure.com\/es\/produto\/las-islas-windwards-explorando-las-granadinas-copy-copy\/","og_site_name":"Rubicon 3 Adventure","article_publisher":"https:\/\/www.facebook.com\/rubicon3sailing","article_modified_time":"2025-09-29T09:51:03+00:00","og_image":[{"width":1934,"height":780,"url":"https:\/\/www.rubicon3adventure.com\/wp-content\/uploads\/2025\/09\/Screenshot-2025-09-29-at-10.49.38.png","type":"image\/png"}],"twitter_card":"summary_large_image","twitter_site":"@rubicon3sailing","twitter_misc":{"Tiempo de lectura":"2 minutos"},"schema":{"@context":"https:\/\/schema.org","@graph":[{"@type":"WebPage","@id":"https:\/\/www.rubicon3adventure.com\/es\/produto\/las-islas-windwards-explorando-las-granadinas-copy-copy\/","url":"https:\/\/www.rubicon3adventure.com\/es\/produto\/las-islas-windwards-explorando-las-granadinas-copy-copy\/","name":"Vacaciones en velero de 12 d\u00edas en las Granadinas: Tripulaci\u00f3n en solitario, \u00a1bienvenida!","isPartOf":{"@id":"https:\/\/www.rubicon3adventure.com\/es\/#website"},"primaryImageOfPage":{"@id":"https:\/\/www.rubicon3adventure.com\/es\/produto\/las-islas-windwards-explorando-las-granadinas-copy-copy\/#primaryimage"},"image":{"@id":"https:\/\/www.rubicon3adventure.com\/es\/produto\/las-islas-windwards-explorando-las-granadinas-copy-copy\/#primaryimage"},"thumbnailUrl":"https:\/\/www.rubicon3adventure.com\/wp-content\/uploads\/2025\/09\/Screenshot-2025-09-29-at-10.49.38.png","datePublished":"2025-09-29T09:45:02+00:00","dateModified":"2025-09-29T09:51:03+00:00","description":"\u00danete a estas vacaciones de 12 d\u00edas de aventura en velero por el Caribe. Descubre Santa Luc\u00eda, Mustique, Tobago Cays y mucho m\u00e1s. Se aceptan tripulantes solitarios. No se necesita experiencia.","breadcrumb":{"@id":"https:\/\/www.rubicon3adventure.com\/es\/produto\/las-islas-windwards-explorando-las-granadinas-copy-copy\/#breadcrumb"},"inLanguage":"es","potentialAction":[{"@type":"ReadAction","target":["https:\/\/www.rubicon3adventure.com\/es\/produto\/las-islas-windwards-explorando-las-granadinas-copy-copy\/"]}]},{"@type":"ImageObject","inLanguage":"es","@id":"https:\/\/www.rubicon3adventure.com\/es\/produto\/las-islas-windwards-explorando-las-granadinas-copy-copy\/#primaryimage","url":"https:\/\/www.rubicon3adventure.com\/wp-content\/uploads\/2025\/09\/Screenshot-2025-09-29-at-10.49.38.png","contentUrl":"https:\/\/www.rubicon3adventure.com\/wp-content\/uploads\/2025\/09\/Screenshot-2025-09-29-at-10.49.38.png","width":1934,"height":780},{"@type":"BreadcrumbList","@id":"https:\/\/www.rubicon3adventure.com\/es\/produto\/las-islas-windwards-explorando-las-granadinas-copy-copy\/#breadcrumb","itemListElement":[{"@type":"ListItem","position":1,"name":"Tienda","item":"https:\/\/www.rubicon3adventure.com\/es\/tienda\/"},{"@type":"ListItem","position":2,"name":"Las Islas Windwards: Explorando las Granadinas (Copy) (Copy)"}]},{"@type":"WebSite","@id":"https:\/\/www.rubicon3adventure.com\/es\/#website","url":"https:\/\/www.rubicon3adventure.com\/es\/","name":"Rubicon 3 Adventure","description":"","publisher":{"@id":"https:\/\/www.rubicon3adventure.com\/es\/#organization"},"potentialAction":[{"@type":"SearchAction","target":{"@type":"EntryPoint","urlTemplate":"https:\/\/www.rubicon3adventure.com\/es\/?s={search_term_string}"},"query-input":{"@type":"PropertyValueSpecification","valueRequired":true,"valueName":"search_term_string"}}],"inLanguage":"es"},{"@type":"Organization","@id":"https:\/\/www.rubicon3adventure.com\/es\/#organization","name":"Rubicon 3 Adventures","alternateName":"Blueco Holdings Ltd","url":"https:\/\/www.rubicon3adventure.com\/es\/","logo":{"@type":"ImageObject","inLanguage":"es","@id":"https:\/\/www.rubicon3adventure.com\/es\/#\/schema\/logo\/image\/","url":"https:\/\/www.rubicon3adventure.com\/wp-content\/uploads\/2024\/03\/Rubicon_Schema-Image-scaled.jpg","contentUrl":"https:\/\/www.rubicon3adventure.com\/wp-content\/uploads\/2024\/03\/Rubicon_Schema-Image-scaled.jpg","width":2560,"height":1554,"caption":"Rubicon 3 Adventures"},"image":{"@id":"https:\/\/www.rubicon3adventure.com\/es\/#\/schema\/logo\/image\/"},"sameAs":["https:\/\/www.facebook.com\/rubicon3sailing","https:\/\/x.com\/rubicon3sailing","https:\/\/www.instagram.com\/rubicon_3_sailing\/","https:\/\/www.pinterest.co.uk\/rubicon3sailing\/","https:\/\/www.youtube.com\/channel\/UCUVTAy1Qm4lz0uZI_83Um8A","https:\/\/www.linkedin.com\/company\/rubicon-3\/"]}]}},"_links":{"self":[{"href":"https:\/\/www.rubicon3adventure.com\/es\/wp-json\/wp\/v2\/product\/9212","targetHints":{"allow":["GET"]}}],"collection":[{"href":"https:\/\/www.rubicon3adventure.com\/es\/wp-json\/wp\/v2\/product"}],"about":[{"href":"https:\/\/www.rubicon3adventure.com\/es\/wp-json\/wp\/v2\/types\/product"}],"replies":[{"embeddable":true,"href":"https:\/\/www.rubicon3adventure.com\/es\/wp-json\/wp\/v2\/comments?post=9212"}],"wp:featuredmedia":[{"embeddable":true,"href":"https:\/\/www.rubicon3adventure.com\/es\/wp-json\/wp\/v2\/media\/9221"}],"wp:attachment":[{"href":"https:\/\/www.rubicon3adventure.com\/es\/wp-json\/wp\/v2\/media?parent=9212"}],"wp:term":[{"taxonomy":"product_brand","embeddable":true,"href":"https:\/\/www.rubicon3adventure.com\/es\/wp-json\/wp\/v2\/product_brand?post=9212"},{"taxonomy":"product_cat","embeddable":true,"href":"https:\/\/www.rubicon3adventure.com\/es\/wp-json\/wp\/v2\/product_cat?post=9212"},{"taxonomy":"product_tag","embeddable":true,"href":"https:\/\/www.rubicon3adventure.com\/es\/wp-json\/wp\/v2\/product_tag?post=9212"}],"curies":[{"name":"wp","href":"https:\/\/api.w.org\/{rel}","templated":true}]}}