{"id":5353,"date":"2024-04-11T19:40:41","date_gmt":"2024-04-11T18:40:41","guid":{"rendered":"https:\/\/www.rubicon3adventure.com\/liste-des-bagages-pour-un-voyage-a-la-voile-itineraires-en-arctique-islande-et-norvege\/"},"modified":"2024-06-28T14:29:39","modified_gmt":"2024-06-28T13:29:39","slug":"liste-des-bagages-pour-un-voyage-a-la-voile-itineraires-en-arctique-islande-et-norvege","status":"publish","type":"page","link":"https:\/\/www.rubicon3adventure.com\/fr\/liste-des-bagages-pour-un-voyage-a-la-voile-itineraires-en-arctique-islande-et-norvege\/","title":{"rendered":"Liste des bagages pour un voyage \u00e0 la voile : Itin\u00e9raires en Arctique, Islande et Norv\u00e8ge"},"content":{"rendered":"<p><span data-preserver-spaces=\"true\">Lorsque vous naviguez avec Rubicon 3, il est important d&#8217;\u00eatre bien \u00e9quip\u00e9 pour votre aventure. Que vous vous pr\u00e9pariez \u00e0 un cours intensif tel qu&#8217;un <a href=\"https:\/\/www.rubicon3adventure.com\/fr\/coursdemaitrisepourlacreationdepassages-quest-ce-que-cest-pour-qui-cest-pour\/\">cours de ma\u00eetre sur la cr\u00e9ation de passages<\/a>, \u00e0 un grand <a href=\"https:\/\/www.rubicon3adventure.com\/product-category\/adventure-sailing-holidays\/offshore\/\">passage au large<\/a> ou \u00e0 une <a href=\"https:\/\/www.rubicon3adventure.com\/product-category\/adventure-sailing-holidays\/coastal\/\">navigation c\u00f4ti\u00e8re<\/a>, il est essentiel d&#8217;avoir le bon \u00e9quipement pour garantir votre s\u00e9curit\u00e9 et votre confort.<\/span><\/p>\n<p><span data-preserver-spaces=\"true\">Notre liste compl\u00e8te de bagages pour les aventures en mer dans notre <a href=\"https:\/\/www.rubicon3adventure.com\/product-category\/adventure-sailing-holidays\/norway-iceland-the-arctic\/\">cat\u00e9gorie Norv\u00e8ge, Islande et Arctique<\/a> est con\u00e7ue pour couvrir tous vos besoins, du pont jusqu&#8217;au sommet, afin que vous soyez pr\u00eat \u00e0 affronter toutes les conditions qui se pr\u00e9senteront \u00e0 vous. Des v\u00eatements essentiels aux articles de soins personnels, cette liste couvre tout ce dont vous aurez besoin pour vivre une aventure spectaculaire.  <\/span><\/p>\n<h4><strong><span data-preserver-spaces=\"true\">Les \u00e9l\u00e9ments essentiels :<\/span><\/strong><\/h4>\n<ul>\n<li><strong><span data-preserver-spaces=\"true\">Sac :<\/span><\/strong><span data-preserver-spaces=\"true\">  L&#8217;id\u00e9al est de disposer d&#8217;environ 90 litres. Il doit \u00eatre souple (pas une valise) et imperm\u00e9able, ce qui est pr\u00e9f\u00e9rable mais pas indispensable. L&#8217;id\u00e9al est d&#8217;avoir un sac enti\u00e8rement enroulable, mais il est pr\u00e9f\u00e9rable qu&#8217;il soit dot\u00e9 d&#8217;un plancher solide et de roues. Un <a href=\"https:\/\/www.sailingchandlery.com\/products\/gill-voyager-duffel-bag-90l-black?utm_campaign=PMAX-NoAssets&amp;utm_source=google&amp;utm_medium=PMAX&amp;gad_source=1&amp;gclid=Cj0KCQjwlN6wBhCcARIsAKZvD5halQsi76JasDxMEorpn8oHw_SJCfRfHP11OW_SU_JfLHeY7DuAxmMaAjOsEALw_wcB\">sac<\/a> comme le <a href=\"https:\/\/www.sailingchandlery.com\/products\/gill-voyager-duffel-bag-90l-black?utm_campaign=PMAX-NoAssets&amp;utm_source=google&amp;utm_medium=PMAX&amp;gad_source=1&amp;gclid=Cj0KCQjwlN6wBhCcARIsAKZvD5halQsi76JasDxMEorpn8oHw_SJCfRfHP11OW_SU_JfLHeY7DuAxmMaAjOsEALw_wcB\">Voyager Duffel Bag 90L de Gill<\/a> est parfait.<\/span><\/li>\n<li><strong><span data-preserver-spaces=\"true\">Sac de toilette :<\/span><\/strong><span data-preserver-spaces=\"true\">  Id\u00e9alement, il devrait \u00eatre muni d&#8217;un crochet pour \u00eatre suspendu dans les douches. L&#8217;<a href=\"https:\/\/www.osprey.com\/ultralight-zip-organizer-ulziporgs23-489#color=Waterfront%2520Blue\">organisateur Ultralight d&#8217;Osprey<\/a> est une excellente option. Pr\u00e9voyez une brosse \u00e0 dents, du dentifrice, un coupe-ongles, un gel douche, un shampoing\/conditionneur, du talc et un d\u00e9odorant.<\/span><\/li>\n<li><strong>Lunettes\/lentilles de contact<\/strong><\/li>\n<li><strong><br \/>\n  <span data-preserver-spaces=\"true\">Serviette :<\/span><br \/>\n<\/strong><span data-preserver-spaces=\"true\"> Une serviette de bain\/douche ordinaire convient parfaitement.<\/span><\/li>\n<li><strong><span data-preserver-spaces=\"true\">Sac de couchage :<\/span><\/strong><span data-preserver-spaces=\"true\">  Un sac de couchage de mi-saison, quel qu&#8217;il soit, convient parfaitement. Les bateaux sont chauds \u00e0 l&#8217;int\u00e9rieur, alors ne d\u00e9pensez pas d&#8217;argent.<\/span><\/li>\n<li><strong><br \/>\n  <span data-preserver-spaces=\"true\">Taie d&#8217;oreiller :<\/span><br \/>\n<\/strong><span data-preserver-spaces=\"true\"> Apportez-en 2<\/span><\/li>\n<li><span data-preserver-spaces=\"true\"><strong>Un drap de lit simple :<\/strong> Apportez-en 2<\/span><\/li>\n<li><strong><br \/>\n  <span data-preserver-spaces=\"true\">Chapeaux :<\/span><br \/>\n<\/strong><span data-preserver-spaces=\"true\"> Chapeau en laine ou bonnet en Polartec.<\/span><\/li>\n<li><strong><br \/>\n  <span data-preserver-spaces=\"true\">Protection solaire :<\/span><br \/>\n<\/strong><span data-preserver-spaces=\"true\"> Cr\u00e8me solaire facteur 50+ et pommade pour les l\u00e8vres avec protection UV.<\/span><\/li>\n<li><span data-preserver-spaces=\"true\"><strong>Lunettes de soleil :<\/strong> Elles doivent \u00eatre polaris\u00e9es et munies d&#8217;un collier de serrage. <a href=\"https:\/\/www.rubicon3adventure.com\/the-best-polarized-sunglasses-for-sailing\/\">Consultez notre guide ici<\/a>.<\/span><\/li>\n<li><strong><span data-preserver-spaces=\"true\">V\u00eatements :<\/span><\/strong>\n<ul>\n<li class=\"ql-indent-1\"><span data-preserver-spaces=\"true\">4 paires de sous-v\u00eatements<\/span><\/li>\n<li class=\"ql-indent-1\"><span data-preserver-spaces=\"true\">4 paires de chaussettes (certaines fines, d&#8217;autres \u00e9paisses)<\/span><\/li>\n<li class=\"ql-indent-1\"><span data-preserver-spaces=\"true\">6 x T-Shirts\/Tops de base<\/span><\/li>\n<li class=\"ql-indent-1\"><span data-preserver-spaces=\"true\">1-2 x paires de pantalons de voile<\/span><\/li>\n<li class=\"ql-indent-1\"><span data-preserver-spaces=\"true\">1 x paire de shorts.<\/span><\/li>\n<li class=\"ql-indent-1\"><span data-preserver-spaces=\"true\">2 x hauts\/chaussettes en polaire (un poids l\u00e9ger, un poids lourd).<\/span><\/li>\n<li class=\"ql-indent-1\"><span data-preserver-spaces=\"true\">1 x veste de pont \u00e0 couche moyenne.<\/span><\/li>\n<li class=\"ql-indent-1\"><span data-preserver-spaces=\"true\">1 x chemise et pantalon d\u00e9contract\u00e9s pour les journ\u00e9es \u00e0 terre.<\/span><\/li>\n<\/ul>\n<\/li>\n<li><strong><span data-preserver-spaces=\"true\">Chaussures :<\/span><\/strong>\n<ul>\n<li class=\"ql-indent-1\"><span data-preserver-spaces=\"true\">1 x paire de <a href=\"https:\/\/www.rubicon3adventure.com\/best-boat-shoes\/\">bottes de voile imperm\u00e9ables<\/a><\/span><\/li>\n<li class=\"ql-indent-1\"><span data-preserver-spaces=\"true\">1 x paire de <a href=\"https:\/\/www.rubicon3adventure.com\/best-boat-shoes\/\">chaussures de sport<\/a> ou de baskets<\/span><\/li>\n<\/ul>\n<\/li>\n<li><strong><span data-preserver-spaces=\"true\">Gants :<\/span><\/strong><span data-preserver-spaces=\"true\"> <a href=\"https:\/\/www.rubicon3adventure.com\/the-best-sailing-gloves\/\">Gants de voile<\/a> pour la protection si vous le souhaitez. Des moufles chaudes pour les journ\u00e9es et les nuits froides sont indispensables.<\/span><\/li>\n<li><strong><br \/>\n  <span data-preserver-spaces=\"true\">Protection du cou :<\/span><br \/>\n<\/strong><span data-preserver-spaces=\"true\"> Snood\/Buff\/Scarf pour l&#8217;isolation et la pr\u00e9vention des infiltrations d&#8217;eau.<\/span><\/li>\n<li><strong><span data-preserver-spaces=\"true\">Divers :<\/span><\/strong>\n<ul>\n<li class=\"ql-indent-1\"><span data-preserver-spaces=\"true\">M\u00e9dicaments contre le mal de mer<\/span><\/li>\n<li class=\"ql-indent-1\"><span data-preserver-spaces=\"true\">1 x <a href=\"https:\/\/www.rubicon3adventure.com\/best-headlamp-for-sailing-our-top-5-picks\/\">lampe frontale<\/a> avec lentille rouge<\/span><\/li>\n<li class=\"ql-indent-1\"><span data-preserver-spaces=\"true\">Passeport.<\/span><\/li>\n<li class=\"ql-indent-1\"><span data-preserver-spaces=\"true\">D\u00e9tails de l&#8217;assurance<\/span><\/li>\n<li class=\"ql-indent-1\"><span data-preserver-spaces=\"true\">Tout m\u00e9dicament personnel<\/span><\/li>\n<\/ul>\n<\/li>\n<\/ul>\n<h4><strong><span data-preserver-spaces=\"true\">Articles suppl\u00e9mentaires utiles mais non essentiels :<\/span><\/strong><\/h4>\n<ul>\n<li><strong><br \/>\n  <span data-preserver-spaces=\"true\">Genouill\u00e8res :<\/span><br \/>\n<\/strong><span data-preserver-spaces=\"true\"> Utiles pour le travail sur le pont avant par gros temps.<\/span><\/li>\n<li><strong><span data-preserver-spaces=\"true\">\u00c9quipement de s\u00e9curit\u00e9 :<\/span><\/strong>\n<ul>\n<li class=\"ql-indent-1\"><span data-preserver-spaces=\"true\">1 x <a href=\"https:\/\/www.rubicon3adventure.com\/best-boat-knife\/\">couteau \u00e0 voile<\/a>.<\/span><\/li>\n<li class=\"ql-indent-1\"><span data-preserver-spaces=\"true\">1 x multi-outil (Gerber ou Leatherman Wave recommand\u00e9).<\/span><\/li>\n<\/ul>\n<\/li>\n<li><strong><br \/>\n  <span data-preserver-spaces=\"true\">Bouchons d&#8217;oreille :<\/span><br \/>\n<\/strong><span data-preserver-spaces=\"true\"> Pour r\u00e9duire le bruit.<\/span><\/li>\n<li><strong><br \/>\n  <span data-preserver-spaces=\"true\">Prise de notes :<\/span><br \/>\n<\/strong><span data-preserver-spaces=\"true\"> 1 x carnet et stylo, 1 x RYA Sailing Logbook &amp; Syllabus pour enregistrer les miles et les qualifications.<\/span><\/li>\n<li><span data-preserver-spaces=\"true\"><strong>Chargeurs de t\u00e9l\u00e9phone et d&#8217;ordinateur :<\/strong> Nous disposons de prises USB et de prises britanniques \u00e0 3 broches.<\/span><\/li>\n<li><strong><br \/>\n  <span data-preserver-spaces=\"true\">Bouteille d&#8217;eau :<\/span><br \/>\n<\/strong><span data-preserver-spaces=\"true\"> L&#8217;hydratation est cruciale et il est bon d&#8217;avoir une bouteille d&#8217;eau personnelle et rechargeable.<\/span><\/li>\n<li><span data-preserver-spaces=\"true\"><strong>Sacs \u00e0 provisions en plastique :<\/strong> tr\u00e8s utiles pour diviser vos v\u00eatements et les garder au sec. Apportez 5-6<\/span><\/li>\n<li><strong>Un petit sac \u00e0 dos d&#8217;une journ\u00e9e et des chaussures de randonn\u00e9e :<\/strong> il y a de tr\u00e8s belles randonn\u00e9es \u00e0 faire !<\/li>\n<\/ul>\n","protected":false},"excerpt":{"rendered":"<p>Lorsque vous naviguez avec Rubicon 3, il est important d&#8217;\u00eatre bien \u00e9quip\u00e9 pour votre aventure.&hellip;<\/p>\n","protected":false},"author":5,"featured_media":4564,"parent":0,"menu_order":0,"comment_status":"closed","ping_status":"closed","template":"","meta":{"_acf_changed":false,"content-type":"","footnotes":""},"class_list":["post-5353","page","type-page","status-publish","has-post-thumbnail","hentry"],"acf":[],"yoast_head":"<!-- This site is optimized with the Yoast SEO Premium plugin v27.3 (Yoast SEO v27.4) - https:\/\/yoast.com\/product\/yoast-seo-premium-wordpress\/ -->\n<title>Liste des bagages pour un voyage \u00e0 la voile : Itin\u00e9raires en Arctique, Islande et Norv\u00e8ge | Rubicon 3 Adventure<\/title>\n<meta name=\"description\" content=\"Lisez notre liste compl\u00e8te de ce qu&#039;il faut emporter pour une aventure de voile Rubicon 3 en Norv\u00e8ge, en Islande et dans les r\u00e9gions arctiques.\" \/>\n<meta name=\"robots\" content=\"index, follow, max-snippet:-1, max-image-preview:large, max-video-preview:-1\" \/>\n<link rel=\"canonical\" href=\"https:\/\/www.rubicon3adventure.com\/fr\/liste-des-bagages-pour-un-voyage-a-la-voile-itineraires-en-arctique-islande-et-norvege\/\" \/>\n<meta property=\"og:locale\" content=\"fr_FR\" \/>\n<meta property=\"og:type\" content=\"article\" \/>\n<meta property=\"og:title\" content=\"Liste des bagages pour un voyage \u00e0 la voile : Itin\u00e9raires en Arctique, Islande et Norv\u00e8ge | Rubicon 3 Adventure\" \/>\n<meta property=\"og:description\" content=\"Lisez notre liste compl\u00e8te de ce qu&#039;il faut emporter pour une aventure de voile Rubicon 3 en Norv\u00e8ge, en Islande et dans les r\u00e9gions arctiques.\" \/>\n<meta property=\"og:url\" content=\"https:\/\/www.rubicon3adventure.com\/fr\/liste-des-bagages-pour-un-voyage-a-la-voile-itineraires-en-arctique-islande-et-norvege\/\" \/>\n<meta property=\"og:site_name\" content=\"Rubicon 3 Adventure\" \/>\n<meta property=\"article:publisher\" content=\"https:\/\/www.facebook.com\/rubicon3sailing\" \/>\n<meta property=\"article:modified_time\" content=\"2024-06-28T13:29:39+00:00\" \/>\n<meta property=\"og:image\" content=\"https:\/\/www.rubicon3adventure.com\/wp-content\/uploads\/2024\/04\/gill-kit-bag-420.webp\" \/>\n\t<meta property=\"og:image:width\" content=\"420\" \/>\n\t<meta property=\"og:image:height\" content=\"220\" \/>\n\t<meta property=\"og:image:type\" content=\"image\/webp\" \/>\n<meta name=\"twitter:card\" content=\"summary_large_image\" \/>\n<meta name=\"twitter:site\" content=\"@rubicon3sailing\" \/>\n<meta name=\"twitter:label1\" content=\"Dur\u00e9e de lecture estim\u00e9e\" \/>\n\t<meta name=\"twitter:data1\" content=\"3 minutes\" \/>\n<script type=\"application\/ld+json\" class=\"yoast-schema-graph\">{\"@context\":\"https:\\\/\\\/schema.org\",\"@graph\":[{\"@type\":\"WebPage\",\"@id\":\"https:\\\/\\\/www.rubicon3adventure.com\\\/fr\\\/liste-des-bagages-pour-un-voyage-a-la-voile-itineraires-en-arctique-islande-et-norvege\\\/\",\"url\":\"https:\\\/\\\/www.rubicon3adventure.com\\\/fr\\\/liste-des-bagages-pour-un-voyage-a-la-voile-itineraires-en-arctique-islande-et-norvege\\\/\",\"name\":\"Liste des bagages pour un voyage \u00e0 la voile : Itin\u00e9raires en Arctique, Islande et Norv\u00e8ge | Rubicon 3 Adventure\",\"isPartOf\":{\"@id\":\"https:\\\/\\\/www.rubicon3adventure.com\\\/fr\\\/#website\"},\"primaryImageOfPage\":{\"@id\":\"https:\\\/\\\/www.rubicon3adventure.com\\\/fr\\\/liste-des-bagages-pour-un-voyage-a-la-voile-itineraires-en-arctique-islande-et-norvege\\\/#primaryimage\"},\"image\":{\"@id\":\"https:\\\/\\\/www.rubicon3adventure.com\\\/fr\\\/liste-des-bagages-pour-un-voyage-a-la-voile-itineraires-en-arctique-islande-et-norvege\\\/#primaryimage\"},\"thumbnailUrl\":\"https:\\\/\\\/www.rubicon3adventure.com\\\/wp-content\\\/uploads\\\/2024\\\/04\\\/gill-kit-bag-420.webp\",\"datePublished\":\"2024-04-11T18:40:41+00:00\",\"dateModified\":\"2024-06-28T13:29:39+00:00\",\"description\":\"Lisez notre liste compl\u00e8te de ce qu'il faut emporter pour une aventure de voile Rubicon 3 en Norv\u00e8ge, en Islande et dans les r\u00e9gions arctiques.\",\"inLanguage\":\"fr-FR\",\"potentialAction\":[{\"@type\":\"ReadAction\",\"target\":[\"https:\\\/\\\/www.rubicon3adventure.com\\\/fr\\\/liste-des-bagages-pour-un-voyage-a-la-voile-itineraires-en-arctique-islande-et-norvege\\\/\"]}]},{\"@type\":\"ImageObject\",\"inLanguage\":\"fr-FR\",\"@id\":\"https:\\\/\\\/www.rubicon3adventure.com\\\/fr\\\/liste-des-bagages-pour-un-voyage-a-la-voile-itineraires-en-arctique-islande-et-norvege\\\/#primaryimage\",\"url\":\"https:\\\/\\\/www.rubicon3adventure.com\\\/wp-content\\\/uploads\\\/2024\\\/04\\\/gill-kit-bag-420.webp\",\"contentUrl\":\"https:\\\/\\\/www.rubicon3adventure.com\\\/wp-content\\\/uploads\\\/2024\\\/04\\\/gill-kit-bag-420.webp\",\"width\":420,\"height\":220,\"caption\":\"Sac \u00e0 voile Gill 90l\"},{\"@type\":\"WebSite\",\"@id\":\"https:\\\/\\\/www.rubicon3adventure.com\\\/fr\\\/#website\",\"url\":\"https:\\\/\\\/www.rubicon3adventure.com\\\/fr\\\/\",\"name\":\"Rubicon 3 Adventure\",\"description\":\"\",\"publisher\":{\"@id\":\"https:\\\/\\\/www.rubicon3adventure.com\\\/fr\\\/#organization\"},\"potentialAction\":[{\"@type\":\"SearchAction\",\"target\":{\"@type\":\"EntryPoint\",\"urlTemplate\":\"https:\\\/\\\/www.rubicon3adventure.com\\\/fr\\\/?s={search_term_string}\"},\"query-input\":{\"@type\":\"PropertyValueSpecification\",\"valueRequired\":true,\"valueName\":\"search_term_string\"}}],\"inLanguage\":\"fr-FR\"},{\"@type\":\"Organization\",\"@id\":\"https:\\\/\\\/www.rubicon3adventure.com\\\/fr\\\/#organization\",\"name\":\"Rubicon 3 Adventures\",\"alternateName\":\"Blueco Holdings Ltd\",\"url\":\"https:\\\/\\\/www.rubicon3adventure.com\\\/fr\\\/\",\"logo\":{\"@type\":\"ImageObject\",\"inLanguage\":\"fr-FR\",\"@id\":\"https:\\\/\\\/www.rubicon3adventure.com\\\/fr\\\/#\\\/schema\\\/logo\\\/image\\\/\",\"url\":\"https:\\\/\\\/www.rubicon3adventure.com\\\/wp-content\\\/uploads\\\/2024\\\/03\\\/Rubicon_Schema-Image-scaled.jpg\",\"contentUrl\":\"https:\\\/\\\/www.rubicon3adventure.com\\\/wp-content\\\/uploads\\\/2024\\\/03\\\/Rubicon_Schema-Image-scaled.jpg\",\"width\":2560,\"height\":1554,\"caption\":\"Rubicon 3 Adventures\"},\"image\":{\"@id\":\"https:\\\/\\\/www.rubicon3adventure.com\\\/fr\\\/#\\\/schema\\\/logo\\\/image\\\/\"},\"sameAs\":[\"https:\\\/\\\/www.facebook.com\\\/rubicon3sailing\",\"https:\\\/\\\/x.com\\\/rubicon3sailing\",\"https:\\\/\\\/www.instagram.com\\\/rubicon_3_sailing\\\/\",\"https:\\\/\\\/www.pinterest.co.uk\\\/rubicon3sailing\\\/\",\"https:\\\/\\\/www.youtube.com\\\/channel\\\/UCUVTAy1Qm4lz0uZI_83Um8A\",\"https:\\\/\\\/www.linkedin.com\\\/company\\\/rubicon-3\\\/\"]}]}<\/script>\n<!-- \/ Yoast SEO Premium plugin. -->","yoast_head_json":{"title":"Liste des bagages pour un voyage \u00e0 la voile : Itin\u00e9raires en Arctique, Islande et Norv\u00e8ge | Rubicon 3 Adventure","description":"Lisez notre liste compl\u00e8te de ce qu'il faut emporter pour une aventure de voile Rubicon 3 en Norv\u00e8ge, en Islande et dans les r\u00e9gions arctiques.","robots":{"index":"index","follow":"follow","max-snippet":"max-snippet:-1","max-image-preview":"max-image-preview:large","max-video-preview":"max-video-preview:-1"},"canonical":"https:\/\/www.rubicon3adventure.com\/fr\/liste-des-bagages-pour-un-voyage-a-la-voile-itineraires-en-arctique-islande-et-norvege\/","og_locale":"fr_FR","og_type":"article","og_title":"Liste des bagages pour un voyage \u00e0 la voile : Itin\u00e9raires en Arctique, Islande et Norv\u00e8ge | Rubicon 3 Adventure","og_description":"Lisez notre liste compl\u00e8te de ce qu'il faut emporter pour une aventure de voile Rubicon 3 en Norv\u00e8ge, en Islande et dans les r\u00e9gions arctiques.","og_url":"https:\/\/www.rubicon3adventure.com\/fr\/liste-des-bagages-pour-un-voyage-a-la-voile-itineraires-en-arctique-islande-et-norvege\/","og_site_name":"Rubicon 3 Adventure","article_publisher":"https:\/\/www.facebook.com\/rubicon3sailing","article_modified_time":"2024-06-28T13:29:39+00:00","og_image":[{"width":420,"height":220,"url":"https:\/\/www.rubicon3adventure.com\/wp-content\/uploads\/2024\/04\/gill-kit-bag-420.webp","type":"image\/webp"}],"twitter_card":"summary_large_image","twitter_site":"@rubicon3sailing","twitter_misc":{"Dur\u00e9e de lecture estim\u00e9e":"3 minutes"},"schema":{"@context":"https:\/\/schema.org","@graph":[{"@type":"WebPage","@id":"https:\/\/www.rubicon3adventure.com\/fr\/liste-des-bagages-pour-un-voyage-a-la-voile-itineraires-en-arctique-islande-et-norvege\/","url":"https:\/\/www.rubicon3adventure.com\/fr\/liste-des-bagages-pour-un-voyage-a-la-voile-itineraires-en-arctique-islande-et-norvege\/","name":"Liste des bagages pour un voyage \u00e0 la voile : Itin\u00e9raires en Arctique, Islande et Norv\u00e8ge | Rubicon 3 Adventure","isPartOf":{"@id":"https:\/\/www.rubicon3adventure.com\/fr\/#website"},"primaryImageOfPage":{"@id":"https:\/\/www.rubicon3adventure.com\/fr\/liste-des-bagages-pour-un-voyage-a-la-voile-itineraires-en-arctique-islande-et-norvege\/#primaryimage"},"image":{"@id":"https:\/\/www.rubicon3adventure.com\/fr\/liste-des-bagages-pour-un-voyage-a-la-voile-itineraires-en-arctique-islande-et-norvege\/#primaryimage"},"thumbnailUrl":"https:\/\/www.rubicon3adventure.com\/wp-content\/uploads\/2024\/04\/gill-kit-bag-420.webp","datePublished":"2024-04-11T18:40:41+00:00","dateModified":"2024-06-28T13:29:39+00:00","description":"Lisez notre liste compl\u00e8te de ce qu'il faut emporter pour une aventure de voile Rubicon 3 en Norv\u00e8ge, en Islande et dans les r\u00e9gions arctiques.","inLanguage":"fr-FR","potentialAction":[{"@type":"ReadAction","target":["https:\/\/www.rubicon3adventure.com\/fr\/liste-des-bagages-pour-un-voyage-a-la-voile-itineraires-en-arctique-islande-et-norvege\/"]}]},{"@type":"ImageObject","inLanguage":"fr-FR","@id":"https:\/\/www.rubicon3adventure.com\/fr\/liste-des-bagages-pour-un-voyage-a-la-voile-itineraires-en-arctique-islande-et-norvege\/#primaryimage","url":"https:\/\/www.rubicon3adventure.com\/wp-content\/uploads\/2024\/04\/gill-kit-bag-420.webp","contentUrl":"https:\/\/www.rubicon3adventure.com\/wp-content\/uploads\/2024\/04\/gill-kit-bag-420.webp","width":420,"height":220,"caption":"Sac \u00e0 voile Gill 90l"},{"@type":"WebSite","@id":"https:\/\/www.rubicon3adventure.com\/fr\/#website","url":"https:\/\/www.rubicon3adventure.com\/fr\/","name":"Rubicon 3 Adventure","description":"","publisher":{"@id":"https:\/\/www.rubicon3adventure.com\/fr\/#organization"},"potentialAction":[{"@type":"SearchAction","target":{"@type":"EntryPoint","urlTemplate":"https:\/\/www.rubicon3adventure.com\/fr\/?s={search_term_string}"},"query-input":{"@type":"PropertyValueSpecification","valueRequired":true,"valueName":"search_term_string"}}],"inLanguage":"fr-FR"},{"@type":"Organization","@id":"https:\/\/www.rubicon3adventure.com\/fr\/#organization","name":"Rubicon 3 Adventures","alternateName":"Blueco Holdings Ltd","url":"https:\/\/www.rubicon3adventure.com\/fr\/","logo":{"@type":"ImageObject","inLanguage":"fr-FR","@id":"https:\/\/www.rubicon3adventure.com\/fr\/#\/schema\/logo\/image\/","url":"https:\/\/www.rubicon3adventure.com\/wp-content\/uploads\/2024\/03\/Rubicon_Schema-Image-scaled.jpg","contentUrl":"https:\/\/www.rubicon3adventure.com\/wp-content\/uploads\/2024\/03\/Rubicon_Schema-Image-scaled.jpg","width":2560,"height":1554,"caption":"Rubicon 3 Adventures"},"image":{"@id":"https:\/\/www.rubicon3adventure.com\/fr\/#\/schema\/logo\/image\/"},"sameAs":["https:\/\/www.facebook.com\/rubicon3sailing","https:\/\/x.com\/rubicon3sailing","https:\/\/www.instagram.com\/rubicon_3_sailing\/","https:\/\/www.pinterest.co.uk\/rubicon3sailing\/","https:\/\/www.youtube.com\/channel\/UCUVTAy1Qm4lz0uZI_83Um8A","https:\/\/www.linkedin.com\/company\/rubicon-3\/"]}]}},"_links":{"self":[{"href":"https:\/\/www.rubicon3adventure.com\/fr\/wp-json\/wp\/v2\/pages\/5353","targetHints":{"allow":["GET"]}}],"collection":[{"href":"https:\/\/www.rubicon3adventure.com\/fr\/wp-json\/wp\/v2\/pages"}],"about":[{"href":"https:\/\/www.rubicon3adventure.com\/fr\/wp-json\/wp\/v2\/types\/page"}],"author":[{"embeddable":true,"href":"https:\/\/www.rubicon3adventure.com\/fr\/wp-json\/wp\/v2\/users\/5"}],"replies":[{"embeddable":true,"href":"https:\/\/www.rubicon3adventure.com\/fr\/wp-json\/wp\/v2\/comments?post=5353"}],"version-history":[{"count":0,"href":"https:\/\/www.rubicon3adventure.com\/fr\/wp-json\/wp\/v2\/pages\/5353\/revisions"}],"wp:featuredmedia":[{"embeddable":true,"href":"https:\/\/www.rubicon3adventure.com\/fr\/wp-json\/wp\/v2\/media\/4564"}],"wp:attachment":[{"href":"https:\/\/www.rubicon3adventure.com\/fr\/wp-json\/wp\/v2\/media?parent=5353"}],"curies":[{"name":"wp","href":"https:\/\/api.w.org\/{rel}","templated":true}]}}