{"id":5377,"date":"2024-03-08T15:32:01","date_gmt":"2024-03-08T15:32:01","guid":{"rendered":"https:\/\/www.rubicon3adventure.com\/programme-de-reservation-rapide\/"},"modified":"2024-06-28T13:00:49","modified_gmt":"2024-06-28T12:00:49","slug":"programme-de-reservation-rapide","status":"publish","type":"page","link":"https:\/\/www.rubicon3adventure.com\/fr\/programme-de-reservation-rapide\/","title":{"rendered":"Programme de rebooking rapide"},"content":{"rendered":"<p>L&#8217;aventure et l&#8217;amiti\u00e9 cr\u00e9ent une d\u00e9pendance. Cependant, nous comprenons que le rythme de la vie quotidienne peut facilement \u00e9clipser le plaisir de l&#8217;exploration, et que les grands projets d&#8217;escapades peuvent \u00eatre mis de c\u00f4t\u00e9 au fur et \u00e0 mesure que le temps s&#8217;\u00e9coule.<\/p>\n<p>Pour vous inciter \u00e0 conserver ce sentiment d&#8217;\u00e9merveillement et d&#8217;\u00e9lan, nous vous offrons une incitation exclusive par le biais de notre programme Rapid Rebooker. R\u00e9servez votre prochaine aventure dans les quatorze jours suivant votre dernier voyage avec nous, et b\u00e9n\u00e9ficiez d&#8217;une r\u00e9duction de 100 \u00a3 sur votre prochain voyage.<\/p>\n<p>C&#8217;est notre fa\u00e7on de vous encourager \u00e0 continuer \u00e0 explorer, \u00e0 entretenir l&#8217;esprit d&#8217;aventure et \u00e0 faire en sorte que l&#8217;extraordinaire fasse partie de votre quotidien. Saisissez le moment, et faisons en sorte que chaque voyage compte !<\/p>\n<h4>Conditions g\u00e9n\u00e9rales d&#8217;utilisation<\/h4>\n<ol>\n<li><strong>Conditions d&#8217;\u00e9ligibilit\u00e9<\/strong>: Cette offre est disponible pour tous les clients qui ont effectu\u00e9 un voyage avec Rubicon 3.<\/li>\n<li><strong>Offre de r\u00e9duction<\/strong>: Une r\u00e9duction de 100 livres sterling est offerte pour les r\u00e9servations d&#8217;un voyage ult\u00e9rieur effectu\u00e9es dans les quatorze jours suivant le retour d&#8217;un voyage pr\u00e9c\u00e9dent.<\/li>\n<li><strong>Fen\u00eatre de r\u00e9servation<\/strong>: Pour b\u00e9n\u00e9ficier de la r\u00e9duction, le client doit r\u00e9server son prochain voyage dans les quatorze jours suivant la date de retour enregistr\u00e9e par Rubicon 3.<\/li>\n<li><strong>Application de la r\u00e9duction<\/strong>: La r\u00e9duction s&#8217;applique uniquement au prix de base du voyage et ne peut \u00eatre combin\u00e9e avec d&#8217;autres offres ou r\u00e9ductions, sauf indication contraire de Rubicon 3.<\/li>\n<li><strong>Notification<\/strong>: Les clients \u00e9ligibles \u00e0 la r\u00e9duction Rapid Rebooker seront notifi\u00e9s par e-mail \u00e0 la fin de leur voyage avec les d\u00e9tails n\u00e9cessaires pour profiter de l&#8217;offre.<\/li>\n<li><strong>Utilisation de la r\u00e9duction<\/strong>: La r\u00e9duction de 100 \u00a3 doit \u00eatre appliqu\u00e9e au moment de la r\u00e9servation. Les r\u00e9ductions ne peuvent pas \u00eatre appliqu\u00e9es r\u00e9troactivement ou transf\u00e9r\u00e9es \u00e0 une autre r\u00e9servation en dehors de la fen\u00eatre de quatorze jours.<\/li>\n<li><strong>Admissibilit\u00e9 du voyage<\/strong>: La r\u00e9duction est valable pour tout voyage propos\u00e9 par Rubicon 3 d&#8217;une dur\u00e9e de cinq jours ou plus et sous r\u00e9serve de disponibilit\u00e9.<\/li>\n<li><strong>Validit\u00e9<\/strong>: Cette offre est valable pour les r\u00e9servations effectu\u00e9es directement aupr\u00e8s de Rubicon 3 par t\u00e9l\u00e9phone, par e-mail ou par le biais du site web officiel de Rubicon 3.<\/li>\n<li><strong>Politique d&#8217;annulation<\/strong>: Si un voyage r\u00e9serv\u00e9 \u00e0 l&#8217;aide de la r\u00e9duction Rapid Rebooker est annul\u00e9, les politiques d&#8217;annulation standard s&#8217;appliquent. La r\u00e9duction sera perdue et ne pourra pas \u00eatre appliqu\u00e9e \u00e0 des r\u00e9servations ult\u00e9rieures.<\/li>\n<li><strong>Limitations<\/strong>: La r\u00e9duction Rapid Rebooker n&#8217;est pas transf\u00e9rable et ne peut \u00eatre \u00e9chang\u00e9e contre de l&#8217;argent ou un autre cr\u00e9dit.<\/li>\n<li><strong>Modification ou cessation du programme<\/strong>: Rubicon 3 se r\u00e9serve le droit de modifier, de suspendre ou de mettre fin au programme Rapid Rebooker \u00e0 tout moment. Toute r\u00e9servation effectu\u00e9e avant ces changements sera honor\u00e9e selon les conditions en vigueur au moment de la r\u00e9servation.<\/li>\n<li><strong>Acceptation<\/strong>: En utilisant la r\u00e9duction Rapid Rebooker, les clients acceptent les conditions g\u00e9n\u00e9rales d\u00e9crites dans le pr\u00e9sent document.<\/li>\n<\/ol>\n","protected":false},"excerpt":{"rendered":"<p>L&#8217;aventure et l&#8217;amiti\u00e9 cr\u00e9ent une d\u00e9pendance. Cependant, nous comprenons que le rythme de la vie&hellip;<\/p>\n","protected":false},"author":5,"featured_media":0,"parent":0,"menu_order":0,"comment_status":"closed","ping_status":"closed","template":"","meta":{"_acf_changed":false,"content-type":"","footnotes":""},"class_list":["post-5377","page","type-page","status-publish","hentry"],"acf":[],"yoast_head":"<!-- This site is optimized with the Yoast SEO Premium plugin v27.3 (Yoast SEO v27.4) - https:\/\/yoast.com\/product\/yoast-seo-premium-wordpress\/ -->\n<title>Rapid Rebooker Scheme | Rubicon 3 Adventure : Poursuivre l&#039;exploration<\/title>\n<meta name=\"description\" content=\"Replongez dans l&#039;aventure gr\u00e2ce \u00e0 notre programme de rebooking rapide. R\u00e9servez dans les 14 jours suivant votre retour et \u00e9conomisez 100 \u00a3 sur votre prochain voyage. Continuez \u00e0 explorer !\" \/>\n<meta name=\"robots\" content=\"index, follow, max-snippet:-1, max-image-preview:large, max-video-preview:-1\" \/>\n<link rel=\"canonical\" href=\"https:\/\/www.rubicon3adventure.com\/fr\/programme-de-reservation-rapide\/\" \/>\n<meta property=\"og:locale\" content=\"fr_FR\" \/>\n<meta property=\"og:type\" content=\"article\" \/>\n<meta property=\"og:title\" content=\"Rapid Rebooker Scheme | Rubicon 3 Adventure : Poursuivre l&#039;exploration\" \/>\n<meta property=\"og:description\" content=\"Replongez dans l&#039;aventure gr\u00e2ce \u00e0 notre programme de rebooking rapide. R\u00e9servez dans les 14 jours suivant votre retour et \u00e9conomisez 100 \u00a3 sur votre prochain voyage. Continuez \u00e0 explorer !\" \/>\n<meta property=\"og:url\" content=\"https:\/\/www.rubicon3adventure.com\/fr\/programme-de-reservation-rapide\/\" \/>\n<meta property=\"og:site_name\" content=\"Rubicon 3 Adventure\" \/>\n<meta property=\"article:publisher\" content=\"https:\/\/www.facebook.com\/rubicon3sailing\" \/>\n<meta property=\"article:modified_time\" content=\"2024-06-28T12:00:49+00:00\" \/>\n<meta property=\"og:image\" content=\"https:\/\/www.rubicon3adventure.com\/wp-content\/uploads\/2024\/03\/Rubicon_Schema-Image-scaled.jpg\" \/>\n\t<meta property=\"og:image:width\" content=\"2560\" \/>\n\t<meta property=\"og:image:height\" content=\"1554\" \/>\n\t<meta property=\"og:image:type\" content=\"image\/jpeg\" \/>\n<meta name=\"twitter:card\" content=\"summary_large_image\" \/>\n<meta name=\"twitter:site\" content=\"@rubicon3sailing\" \/>\n<meta name=\"twitter:label1\" content=\"Dur\u00e9e de lecture estim\u00e9e\" \/>\n\t<meta name=\"twitter:data1\" content=\"3 minutes\" \/>\n<script type=\"application\/ld+json\" class=\"yoast-schema-graph\">{\"@context\":\"https:\\\/\\\/schema.org\",\"@graph\":[{\"@type\":\"WebPage\",\"@id\":\"https:\\\/\\\/www.rubicon3adventure.com\\\/fr\\\/programme-de-reservation-rapide\\\/\",\"url\":\"https:\\\/\\\/www.rubicon3adventure.com\\\/fr\\\/programme-de-reservation-rapide\\\/\",\"name\":\"Rapid Rebooker Scheme | Rubicon 3 Adventure : Poursuivre l'exploration\",\"isPartOf\":{\"@id\":\"https:\\\/\\\/www.rubicon3adventure.com\\\/fr\\\/#website\"},\"datePublished\":\"2024-03-08T15:32:01+00:00\",\"dateModified\":\"2024-06-28T12:00:49+00:00\",\"description\":\"Replongez dans l'aventure gr\u00e2ce \u00e0 notre programme de rebooking rapide. R\u00e9servez dans les 14 jours suivant votre retour et \u00e9conomisez 100 \u00a3 sur votre prochain voyage. Continuez \u00e0 explorer !\",\"inLanguage\":\"fr-FR\",\"potentialAction\":[{\"@type\":\"ReadAction\",\"target\":[\"https:\\\/\\\/www.rubicon3adventure.com\\\/fr\\\/programme-de-reservation-rapide\\\/\"]}]},{\"@type\":\"WebSite\",\"@id\":\"https:\\\/\\\/www.rubicon3adventure.com\\\/fr\\\/#website\",\"url\":\"https:\\\/\\\/www.rubicon3adventure.com\\\/fr\\\/\",\"name\":\"Rubicon 3 Adventure\",\"description\":\"\",\"publisher\":{\"@id\":\"https:\\\/\\\/www.rubicon3adventure.com\\\/fr\\\/#organization\"},\"potentialAction\":[{\"@type\":\"SearchAction\",\"target\":{\"@type\":\"EntryPoint\",\"urlTemplate\":\"https:\\\/\\\/www.rubicon3adventure.com\\\/fr\\\/?s={search_term_string}\"},\"query-input\":{\"@type\":\"PropertyValueSpecification\",\"valueRequired\":true,\"valueName\":\"search_term_string\"}}],\"inLanguage\":\"fr-FR\"},{\"@type\":\"Organization\",\"@id\":\"https:\\\/\\\/www.rubicon3adventure.com\\\/fr\\\/#organization\",\"name\":\"Rubicon 3 Adventures\",\"alternateName\":\"Blueco Holdings Ltd\",\"url\":\"https:\\\/\\\/www.rubicon3adventure.com\\\/fr\\\/\",\"logo\":{\"@type\":\"ImageObject\",\"inLanguage\":\"fr-FR\",\"@id\":\"https:\\\/\\\/www.rubicon3adventure.com\\\/fr\\\/#\\\/schema\\\/logo\\\/image\\\/\",\"url\":\"https:\\\/\\\/www.rubicon3adventure.com\\\/wp-content\\\/uploads\\\/2024\\\/03\\\/Rubicon_Schema-Image-scaled.jpg\",\"contentUrl\":\"https:\\\/\\\/www.rubicon3adventure.com\\\/wp-content\\\/uploads\\\/2024\\\/03\\\/Rubicon_Schema-Image-scaled.jpg\",\"width\":2560,\"height\":1554,\"caption\":\"Rubicon 3 Adventures\"},\"image\":{\"@id\":\"https:\\\/\\\/www.rubicon3adventure.com\\\/fr\\\/#\\\/schema\\\/logo\\\/image\\\/\"},\"sameAs\":[\"https:\\\/\\\/www.facebook.com\\\/rubicon3sailing\",\"https:\\\/\\\/x.com\\\/rubicon3sailing\",\"https:\\\/\\\/www.instagram.com\\\/rubicon_3_sailing\\\/\",\"https:\\\/\\\/www.pinterest.co.uk\\\/rubicon3sailing\\\/\",\"https:\\\/\\\/www.youtube.com\\\/channel\\\/UCUVTAy1Qm4lz0uZI_83Um8A\",\"https:\\\/\\\/www.linkedin.com\\\/company\\\/rubicon-3\\\/\"]}]}<\/script>\n<!-- \/ Yoast SEO Premium plugin. -->","yoast_head_json":{"title":"Rapid Rebooker Scheme | Rubicon 3 Adventure : Poursuivre l'exploration","description":"Replongez dans l'aventure gr\u00e2ce \u00e0 notre programme de rebooking rapide. R\u00e9servez dans les 14 jours suivant votre retour et \u00e9conomisez 100 \u00a3 sur votre prochain voyage. Continuez \u00e0 explorer !","robots":{"index":"index","follow":"follow","max-snippet":"max-snippet:-1","max-image-preview":"max-image-preview:large","max-video-preview":"max-video-preview:-1"},"canonical":"https:\/\/www.rubicon3adventure.com\/fr\/programme-de-reservation-rapide\/","og_locale":"fr_FR","og_type":"article","og_title":"Rapid Rebooker Scheme | Rubicon 3 Adventure : Poursuivre l'exploration","og_description":"Replongez dans l'aventure gr\u00e2ce \u00e0 notre programme de rebooking rapide. R\u00e9servez dans les 14 jours suivant votre retour et \u00e9conomisez 100 \u00a3 sur votre prochain voyage. Continuez \u00e0 explorer !","og_url":"https:\/\/www.rubicon3adventure.com\/fr\/programme-de-reservation-rapide\/","og_site_name":"Rubicon 3 Adventure","article_publisher":"https:\/\/www.facebook.com\/rubicon3sailing","article_modified_time":"2024-06-28T12:00:49+00:00","og_image":[{"width":2560,"height":1554,"url":"https:\/\/www.rubicon3adventure.com\/wp-content\/uploads\/2024\/03\/Rubicon_Schema-Image-scaled.jpg","type":"image\/jpeg"}],"twitter_card":"summary_large_image","twitter_site":"@rubicon3sailing","twitter_misc":{"Dur\u00e9e de lecture estim\u00e9e":"3 minutes"},"schema":{"@context":"https:\/\/schema.org","@graph":[{"@type":"WebPage","@id":"https:\/\/www.rubicon3adventure.com\/fr\/programme-de-reservation-rapide\/","url":"https:\/\/www.rubicon3adventure.com\/fr\/programme-de-reservation-rapide\/","name":"Rapid Rebooker Scheme | Rubicon 3 Adventure : Poursuivre l'exploration","isPartOf":{"@id":"https:\/\/www.rubicon3adventure.com\/fr\/#website"},"datePublished":"2024-03-08T15:32:01+00:00","dateModified":"2024-06-28T12:00:49+00:00","description":"Replongez dans l'aventure gr\u00e2ce \u00e0 notre programme de rebooking rapide. R\u00e9servez dans les 14 jours suivant votre retour et \u00e9conomisez 100 \u00a3 sur votre prochain voyage. Continuez \u00e0 explorer !","inLanguage":"fr-FR","potentialAction":[{"@type":"ReadAction","target":["https:\/\/www.rubicon3adventure.com\/fr\/programme-de-reservation-rapide\/"]}]},{"@type":"WebSite","@id":"https:\/\/www.rubicon3adventure.com\/fr\/#website","url":"https:\/\/www.rubicon3adventure.com\/fr\/","name":"Rubicon 3 Adventure","description":"","publisher":{"@id":"https:\/\/www.rubicon3adventure.com\/fr\/#organization"},"potentialAction":[{"@type":"SearchAction","target":{"@type":"EntryPoint","urlTemplate":"https:\/\/www.rubicon3adventure.com\/fr\/?s={search_term_string}"},"query-input":{"@type":"PropertyValueSpecification","valueRequired":true,"valueName":"search_term_string"}}],"inLanguage":"fr-FR"},{"@type":"Organization","@id":"https:\/\/www.rubicon3adventure.com\/fr\/#organization","name":"Rubicon 3 Adventures","alternateName":"Blueco Holdings Ltd","url":"https:\/\/www.rubicon3adventure.com\/fr\/","logo":{"@type":"ImageObject","inLanguage":"fr-FR","@id":"https:\/\/www.rubicon3adventure.com\/fr\/#\/schema\/logo\/image\/","url":"https:\/\/www.rubicon3adventure.com\/wp-content\/uploads\/2024\/03\/Rubicon_Schema-Image-scaled.jpg","contentUrl":"https:\/\/www.rubicon3adventure.com\/wp-content\/uploads\/2024\/03\/Rubicon_Schema-Image-scaled.jpg","width":2560,"height":1554,"caption":"Rubicon 3 Adventures"},"image":{"@id":"https:\/\/www.rubicon3adventure.com\/fr\/#\/schema\/logo\/image\/"},"sameAs":["https:\/\/www.facebook.com\/rubicon3sailing","https:\/\/x.com\/rubicon3sailing","https:\/\/www.instagram.com\/rubicon_3_sailing\/","https:\/\/www.pinterest.co.uk\/rubicon3sailing\/","https:\/\/www.youtube.com\/channel\/UCUVTAy1Qm4lz0uZI_83Um8A","https:\/\/www.linkedin.com\/company\/rubicon-3\/"]}]}},"_links":{"self":[{"href":"https:\/\/www.rubicon3adventure.com\/fr\/wp-json\/wp\/v2\/pages\/5377","targetHints":{"allow":["GET"]}}],"collection":[{"href":"https:\/\/www.rubicon3adventure.com\/fr\/wp-json\/wp\/v2\/pages"}],"about":[{"href":"https:\/\/www.rubicon3adventure.com\/fr\/wp-json\/wp\/v2\/types\/page"}],"author":[{"embeddable":true,"href":"https:\/\/www.rubicon3adventure.com\/fr\/wp-json\/wp\/v2\/users\/5"}],"replies":[{"embeddable":true,"href":"https:\/\/www.rubicon3adventure.com\/fr\/wp-json\/wp\/v2\/comments?post=5377"}],"version-history":[{"count":0,"href":"https:\/\/www.rubicon3adventure.com\/fr\/wp-json\/wp\/v2\/pages\/5377\/revisions"}],"wp:attachment":[{"href":"https:\/\/www.rubicon3adventure.com\/fr\/wp-json\/wp\/v2\/media?parent=5377"}],"curies":[{"name":"wp","href":"https:\/\/api.w.org\/{rel}","templated":true}]}}